{"id":172058,"date":"2024-04-06T16:46:04","date_gmt":"2024-04-06T14:46:04","guid":{"rendered":"https:\/\/miomiorun.com\/prodotto\/reusable-race-day-cup\/"},"modified":"2025-02-26T15:52:45","modified_gmt":"2025-02-26T14:52:45","slug":"reusable-race-day-cup","status":"publish","type":"product","link":"https:\/\/www.miomiorun.com\/de\/produkt\/reusable-race-day-cup\/","title":{"rendered":"Reusable race day cup"},"content":{"rendered":"<h2>WARUM SIE ES LIEBEN WERDEN<\/h2>\n<p>Diese flexiblen Becher sind perfekt f\u00fcr den Renntag geeignet, da sie zusammenklappbar sind und sich leicht in Ihrem G\u00fcrtel oder Ihrer Tasche verstauen lassen. Sie erf\u00fcllen die Anforderungen vieler Rennveranstaltungen im Jahr 2022.<\/p>\n<h3>FEATURES<\/h3>\n<ul>\n<li>Zwei zusammenklappbare Gl\u00e4ser, die sich zur schnellen Aufbewahrung zusammenfalten lassen<\/li>\n<li>Gerippter Rand f\u00fcr einfaches Trinken<\/li>\n<li>Aufsteckbarer Ring<\/li>\n<li>200 ml \/ 6,7 fl\u00fcssige Unzen<\/li>\n<li>Abmessungen 6 x 2 x 2 Zoll<\/li>\n<li>0,0025 lbs &#8211; 1,133 g<\/li>\n<li>100% TPU<\/li>\n<\/ul>\n<p>Eigenschaften und Technologie<\/p>\n<p>\u00d6KOLOGISCH<\/p>\n<p>Packung mit zwei flexiblen, zusammenklappbaren Bechern, die schnell verwendet, leicht aufbewahrt und bei Bedarf wiederverwendet werden k\u00f6nnen.<\/p>\n<p>EINFACH ZU BENUTZEN<\/p>\n<p>Der gerippte Rand erm\u00f6glicht ein schnelles Schl\u00fcrfen und einfaches Trinken.<\/p>\n","protected":false},"excerpt":{"rendered":"<p>WARUM SIE ES LIEBEN WERDEN Diese flexiblen Becher sind perfekt f\u00fcr den Renntag geeignet, da sie zusammenklappbar sind und sich leicht in Ihrem G\u00fcrtel oder Ihrer Tasche verstauen lassen. Sie erf\u00fcllen die Anforderungen vieler Rennveranstaltungen im Jahr 2022. FEATURES Zwei zusammenklappbare Gl\u00e4ser, die sich zur schnellen Aufbewahrung zusammenfalten lassen Gerippter Rand f\u00fcr einfaches Trinken Aufsteckbarer &hellip; <a href=\"https:\/\/www.miomiorun.com\/de\/produkt\/reusable-race-day-cup\/\">Continued<\/a><\/p>\n","protected":false},"featured_media":164404,"template":"","meta":{"_acf_changed":false,"inline_featured_image":false},"product_brand":[],"product_cat":[6342,6361,6363],"product_tag":[3383],"class_list":{"0":"post-172058","1":"product","2":"type-product","3":"status-publish","4":"has-post-thumbnail","6":"product_cat-zubehoer","7":"product_cat-hydratation-de","8":"product_cat-flaschen-de","9":"product_tag-nathan-de","10":"pa_attivita-gehen","11":"pa_attivita-outdoor-de","12":"pa_attivita-trail-de","13":"pa_marca-nathan-de","14":"pa_sesso-damen","15":"pa_sesso-herren","17":"first","18":"instock","19":"sale","20":"taxable","21":"shipping-taxable","22":"purchasable","23":"product-type-simple"},"acf":[],"yoast_head":"<!-- This site is optimized with the Yoast SEO plugin v26.8 - https:\/\/yoast.com\/product\/yoast-seo-wordpress\/ -->\n<title>Reusable race day cup - Cup running - MioMioRun<\/title>\n<meta name=\"description\" content=\"Retten Sie die Umwelt und genie\u00dfen Sie Ihren Lauf mit diesem wiederverwendbaren Becher f\u00fcr den Renntag. Leicht und strapazierf\u00e4hig, perfekt f\u00fcr jeden Athleten.\" \/>\n<meta name=\"robots\" content=\"index, follow, max-snippet:-1, max-image-preview:large, max-video-preview:-1\" \/>\n<link rel=\"canonical\" href=\"https:\/\/www.miomiorun.com\/de\/produkt\/reusable-race-day-cup\/\" \/>\n<meta property=\"og:locale\" content=\"de_DE\" \/>\n<meta property=\"og:type\" content=\"article\" \/>\n<meta property=\"og:title\" content=\"Reusable race day cup - Cup running - MioMioRun\" \/>\n<meta property=\"og:description\" content=\"Retten Sie die Umwelt und genie\u00dfen Sie Ihren Lauf mit diesem wiederverwendbaren Becher f\u00fcr den Renntag. Leicht und strapazierf\u00e4hig, perfekt f\u00fcr jeden Athleten.\" \/>\n<meta property=\"og:url\" content=\"https:\/\/www.miomiorun.com\/de\/produkt\/reusable-race-day-cup\/\" \/>\n<meta property=\"og:site_name\" content=\"MioMioRun\" \/>\n<meta property=\"article:publisher\" content=\"https:\/\/www.facebook.com\/miomiorun\/\" \/>\n<meta property=\"article:modified_time\" content=\"2025-02-26T14:52:45+00:00\" \/>\n<meta property=\"og:image\" content=\"https:\/\/www.miomiorun.com\/app\/uploads\/2024\/04\/nathan-Reusable-race-day-cup-40320.webp\" \/>\n\t<meta property=\"og:image:width\" content=\"600\" \/>\n\t<meta property=\"og:image:height\" content=\"600\" \/>\n\t<meta property=\"og:image:type\" content=\"image\/webp\" \/>\n<meta name=\"twitter:card\" content=\"summary_large_image\" \/>\n<meta name=\"twitter:label1\" content=\"Est. reading time\" \/>\n\t<meta name=\"twitter:data1\" content=\"1 minute\" \/>\n<script type=\"application\/ld+json\" class=\"yoast-schema-graph\">{\"@context\":\"https:\/\/schema.org\",\"@graph\":[{\"@type\":\"WebPage\",\"@id\":\"https:\/\/www.miomiorun.com\/de\/produkt\/reusable-race-day-cup\/\",\"url\":\"https:\/\/www.miomiorun.com\/de\/produkt\/reusable-race-day-cup\/\",\"name\":\"Reusable race day cup - Cup running - MioMioRun\",\"isPartOf\":{\"@id\":\"https:\/\/www.miomiorun.com\/de\/#website\"},\"primaryImageOfPage\":{\"@id\":\"https:\/\/www.miomiorun.com\/de\/produkt\/reusable-race-day-cup\/#primaryimage\"},\"image\":{\"@id\":\"https:\/\/www.miomiorun.com\/de\/produkt\/reusable-race-day-cup\/#primaryimage\"},\"thumbnailUrl\":\"https:\/\/www.miomiorun.com\/app\/uploads\/2024\/04\/nathan-Reusable-race-day-cup-40320.webp\",\"datePublished\":\"2024-04-06T14:46:04+00:00\",\"dateModified\":\"2025-02-26T14:52:45+00:00\",\"description\":\"Retten Sie die Umwelt und genie\u00dfen Sie Ihren Lauf mit diesem wiederverwendbaren Becher f\u00fcr den Renntag. Leicht und strapazierf\u00e4hig, perfekt f\u00fcr jeden Athleten.\",\"breadcrumb\":{\"@id\":\"https:\/\/www.miomiorun.com\/de\/produkt\/reusable-race-day-cup\/#breadcrumb\"},\"inLanguage\":\"de-DE\",\"potentialAction\":[{\"@type\":\"ReadAction\",\"target\":[\"https:\/\/www.miomiorun.com\/de\/produkt\/reusable-race-day-cup\/\"]}]},{\"@type\":\"ImageObject\",\"inLanguage\":\"de-DE\",\"@id\":\"https:\/\/www.miomiorun.com\/de\/produkt\/reusable-race-day-cup\/#primaryimage\",\"url\":\"https:\/\/www.miomiorun.com\/app\/uploads\/2024\/04\/nathan-Reusable-race-day-cup-40320.webp\",\"contentUrl\":\"https:\/\/www.miomiorun.com\/app\/uploads\/2024\/04\/nathan-Reusable-race-day-cup-40320.webp\",\"width\":600,\"height\":600,\"caption\":\"nathan Reusable race day cup 40320\"},{\"@type\":\"BreadcrumbList\",\"@id\":\"https:\/\/www.miomiorun.com\/de\/produkt\/reusable-race-day-cup\/#breadcrumb\",\"itemListElement\":[{\"@type\":\"ListItem\",\"position\":1,\"name\":\"Home\",\"item\":\"https:\/\/www.miomiorun.com\/de\/\"},{\"@type\":\"ListItem\",\"position\":2,\"name\":\"Shop\",\"item\":\"https:\/\/www.miomiorun.com\/shop\/\"},{\"@type\":\"ListItem\",\"position\":3,\"name\":\"Reusable race day cup\"}]},{\"@type\":\"WebSite\",\"@id\":\"https:\/\/www.miomiorun.com\/de\/#website\",\"url\":\"https:\/\/www.miomiorun.com\/de\/\",\"name\":\"MioMioRun\",\"description\":\"100% Lauf- und Trailshop\",\"publisher\":{\"@id\":\"https:\/\/www.miomiorun.com\/de\/#organization\"},\"potentialAction\":[{\"@type\":\"SearchAction\",\"target\":{\"@type\":\"EntryPoint\",\"urlTemplate\":\"https:\/\/www.miomiorun.com\/de\/?s={search_term_string}\"},\"query-input\":{\"@type\":\"PropertyValueSpecification\",\"valueRequired\":true,\"valueName\":\"search_term_string\"}}],\"inLanguage\":\"de-DE\"},{\"@type\":\"Organization\",\"@id\":\"https:\/\/www.miomiorun.com\/de\/#organization\",\"name\":\"MioMio Run\",\"url\":\"https:\/\/www.miomiorun.com\/de\/\",\"logo\":{\"@type\":\"ImageObject\",\"inLanguage\":\"de-DE\",\"@id\":\"https:\/\/www.miomiorun.com\/de\/#\/schema\/logo\/image\/\",\"url\":\"https:\/\/www.miomiorun.com\/app\/uploads\/2019\/12\/logomio.png\",\"contentUrl\":\"https:\/\/www.miomiorun.com\/app\/uploads\/2019\/12\/logomio.png\",\"width\":115,\"height\":82,\"caption\":\"MioMio Run\"},\"image\":{\"@id\":\"https:\/\/www.miomiorun.com\/de\/#\/schema\/logo\/image\/\"},\"sameAs\":[\"https:\/\/www.facebook.com\/miomiorun\/\",\"https:\/\/www.instagram.com\/miomiorun\/\"]}]}<\/script>\n<!-- \/ Yoast SEO plugin. -->","yoast_head_json":{"title":"Reusable race day cup - Cup running - MioMioRun","description":"Retten Sie die Umwelt und genie\u00dfen Sie Ihren Lauf mit diesem wiederverwendbaren Becher f\u00fcr den Renntag. Leicht und strapazierf\u00e4hig, perfekt f\u00fcr jeden Athleten.","robots":{"index":"index","follow":"follow","max-snippet":"max-snippet:-1","max-image-preview":"max-image-preview:large","max-video-preview":"max-video-preview:-1"},"canonical":"https:\/\/www.miomiorun.com\/de\/produkt\/reusable-race-day-cup\/","og_locale":"de_DE","og_type":"article","og_title":"Reusable race day cup - Cup running - MioMioRun","og_description":"Retten Sie die Umwelt und genie\u00dfen Sie Ihren Lauf mit diesem wiederverwendbaren Becher f\u00fcr den Renntag. Leicht und strapazierf\u00e4hig, perfekt f\u00fcr jeden Athleten.","og_url":"https:\/\/www.miomiorun.com\/de\/produkt\/reusable-race-day-cup\/","og_site_name":"MioMioRun","article_publisher":"https:\/\/www.facebook.com\/miomiorun\/","article_modified_time":"2025-02-26T14:52:45+00:00","og_image":[{"width":600,"height":600,"url":"https:\/\/www.miomiorun.com\/app\/uploads\/2024\/04\/nathan-Reusable-race-day-cup-40320.webp","type":"image\/webp"}],"twitter_card":"summary_large_image","twitter_misc":{"Est. reading time":"1 minute"},"schema":{"@context":"https:\/\/schema.org","@graph":[{"@type":"WebPage","@id":"https:\/\/www.miomiorun.com\/de\/produkt\/reusable-race-day-cup\/","url":"https:\/\/www.miomiorun.com\/de\/produkt\/reusable-race-day-cup\/","name":"Reusable race day cup - Cup running - MioMioRun","isPartOf":{"@id":"https:\/\/www.miomiorun.com\/de\/#website"},"primaryImageOfPage":{"@id":"https:\/\/www.miomiorun.com\/de\/produkt\/reusable-race-day-cup\/#primaryimage"},"image":{"@id":"https:\/\/www.miomiorun.com\/de\/produkt\/reusable-race-day-cup\/#primaryimage"},"thumbnailUrl":"https:\/\/www.miomiorun.com\/app\/uploads\/2024\/04\/nathan-Reusable-race-day-cup-40320.webp","datePublished":"2024-04-06T14:46:04+00:00","dateModified":"2025-02-26T14:52:45+00:00","description":"Retten Sie die Umwelt und genie\u00dfen Sie Ihren Lauf mit diesem wiederverwendbaren Becher f\u00fcr den Renntag. Leicht und strapazierf\u00e4hig, perfekt f\u00fcr jeden Athleten.","breadcrumb":{"@id":"https:\/\/www.miomiorun.com\/de\/produkt\/reusable-race-day-cup\/#breadcrumb"},"inLanguage":"de-DE","potentialAction":[{"@type":"ReadAction","target":["https:\/\/www.miomiorun.com\/de\/produkt\/reusable-race-day-cup\/"]}]},{"@type":"ImageObject","inLanguage":"de-DE","@id":"https:\/\/www.miomiorun.com\/de\/produkt\/reusable-race-day-cup\/#primaryimage","url":"https:\/\/www.miomiorun.com\/app\/uploads\/2024\/04\/nathan-Reusable-race-day-cup-40320.webp","contentUrl":"https:\/\/www.miomiorun.com\/app\/uploads\/2024\/04\/nathan-Reusable-race-day-cup-40320.webp","width":600,"height":600,"caption":"nathan Reusable race day cup 40320"},{"@type":"BreadcrumbList","@id":"https:\/\/www.miomiorun.com\/de\/produkt\/reusable-race-day-cup\/#breadcrumb","itemListElement":[{"@type":"ListItem","position":1,"name":"Home","item":"https:\/\/www.miomiorun.com\/de\/"},{"@type":"ListItem","position":2,"name":"Shop","item":"https:\/\/www.miomiorun.com\/shop\/"},{"@type":"ListItem","position":3,"name":"Reusable race day cup"}]},{"@type":"WebSite","@id":"https:\/\/www.miomiorun.com\/de\/#website","url":"https:\/\/www.miomiorun.com\/de\/","name":"MioMioRun","description":"100% Lauf- und Trailshop","publisher":{"@id":"https:\/\/www.miomiorun.com\/de\/#organization"},"potentialAction":[{"@type":"SearchAction","target":{"@type":"EntryPoint","urlTemplate":"https:\/\/www.miomiorun.com\/de\/?s={search_term_string}"},"query-input":{"@type":"PropertyValueSpecification","valueRequired":true,"valueName":"search_term_string"}}],"inLanguage":"de-DE"},{"@type":"Organization","@id":"https:\/\/www.miomiorun.com\/de\/#organization","name":"MioMio Run","url":"https:\/\/www.miomiorun.com\/de\/","logo":{"@type":"ImageObject","inLanguage":"de-DE","@id":"https:\/\/www.miomiorun.com\/de\/#\/schema\/logo\/image\/","url":"https:\/\/www.miomiorun.com\/app\/uploads\/2019\/12\/logomio.png","contentUrl":"https:\/\/www.miomiorun.com\/app\/uploads\/2019\/12\/logomio.png","width":115,"height":82,"caption":"MioMio Run"},"image":{"@id":"https:\/\/www.miomiorun.com\/de\/#\/schema\/logo\/image\/"},"sameAs":["https:\/\/www.facebook.com\/miomiorun\/","https:\/\/www.instagram.com\/miomiorun\/"]}]}},"_links":{"self":[{"href":"https:\/\/www.miomiorun.com\/de\/wp-json\/wp\/v2\/product\/172058","targetHints":{"allow":["GET"]}}],"collection":[{"href":"https:\/\/www.miomiorun.com\/de\/wp-json\/wp\/v2\/product"}],"about":[{"href":"https:\/\/www.miomiorun.com\/de\/wp-json\/wp\/v2\/types\/product"}],"wp:featuredmedia":[{"embeddable":true,"href":"https:\/\/www.miomiorun.com\/de\/wp-json\/wp\/v2\/media\/164404"}],"wp:attachment":[{"href":"https:\/\/www.miomiorun.com\/de\/wp-json\/wp\/v2\/media?parent=172058"}],"wp:term":[{"taxonomy":"product_brand","embeddable":true,"href":"https:\/\/www.miomiorun.com\/de\/wp-json\/wp\/v2\/product_brand?post=172058"},{"taxonomy":"product_cat","embeddable":true,"href":"https:\/\/www.miomiorun.com\/de\/wp-json\/wp\/v2\/product_cat?post=172058"},{"taxonomy":"product_tag","embeddable":true,"href":"https:\/\/www.miomiorun.com\/de\/wp-json\/wp\/v2\/product_tag?post=172058"}],"curies":[{"name":"wp","href":"https:\/\/api.w.org\/{rel}","templated":true}]}}