{"id":172052,"date":"2024-04-23T15:16:56","date_gmt":"2024-04-23T13:16:56","guid":{"rendered":"https:\/\/miomiorun.com\/prodotto\/quick-squeeze-355-ml\/"},"modified":"2025-02-26T16:03:27","modified_gmt":"2025-02-26T15:03:27","slug":"quick-squeeze-355-ml","status":"publish","type":"product","link":"https:\/\/www.miomiorun.com\/de\/produkt\/quick-squeeze-355-ml\/","title":{"rendered":"Quick Squeeze (355 ml)"},"content":{"rendered":"<p>Die <strong>355-ml-Quick Squeeze<\/strong> ist eine ergonomisch geformte Trinkflasche, die in die Hand eines jeden L\u00e4ufers passt und sich leicht zusammendr\u00fccken l\u00e4sst. Sie ist aus festem Material gefertigt und l\u00e4sst sich f\u00fcr eine schnelle Fl\u00fcssigkeitszufuhr leicht zusammendr\u00fccken. Au\u00dferdem hat sie einen flachen Boden, um eine solide Oberfl\u00e4che zum Bef\u00fcllen zu bieten. Dieser unglaubliche Flachmann ist so konzipiert, dass er leicht und griffig ist.<\/p>\n<p><strong>Merkmale:<\/strong><\/p>\n<ul>\n<li><span class=\"metafield-multi_line_text_field\">Ergonomische 355-ml-Flasche, die sich leichter zusammendr\u00fccken l\u00e4sst.<\/span><\/li>\n<li><span class=\"metafield-multi_line_text_field\">Vollst\u00e4ndig verstellbares Handgelenkband mit scheuerfreiem Daumengriff erm\u00f6glicht eine griffige Fahrt.<\/span><\/li>\n<li><span class=\"metafield-multi_line_text_field\">Schwei\u00dfableitender, rutschfester Griffeinsatz f\u00fcr leichteres Tragen.<\/span><\/li>\n<li><span class=\"metafield-multi_line_text_field\">Die aktualisierte Push-Pull Blast Valve\u2122-Kappe mit hohem Durchfluss hat einen schnelleren R\u00fccksto\u00df, damit du auch unterwegs hydriert bleibst.<\/span><\/li>\n<\/ul>\n<p>&nbsp;<\/p>\n","protected":false},"excerpt":{"rendered":"<ul>\n<li>Starre Wasserflasche, ideal f\u00fcr den Einsatz bei extremen sportlichen Aktivit\u00e4ten.<\/li>\n<li>Ausgestattet mit einer kleinen Tasche f\u00fcr die Speicherung von Schl\u00fcsseln.<\/li>\n<\/ul>\n","protected":false},"featured_media":169722,"template":"","meta":{"_acf_changed":false,"inline_featured_image":false},"product_brand":[],"product_cat":[6342,6361,6363],"product_tag":[3383],"class_list":{"0":"post-172052","1":"product","2":"type-product","3":"status-publish","4":"has-post-thumbnail","6":"product_cat-zubehoer","7":"product_cat-hydratation-de","8":"product_cat-flaschen-de","9":"product_tag-nathan-de","10":"pa_attivita-gehen","11":"pa_attivita-outdoor-de","12":"pa_attivita-running-de","13":"pa_attivita-trail-de","14":"pa_marca-nathan-de","15":"pa_sesso-damen","16":"pa_sesso-herren","18":"first","19":"instock","20":"sale","21":"taxable","22":"shipping-taxable","23":"purchasable","24":"product-type-simple"},"acf":[],"yoast_head":"<!-- This site is optimized with the Yoast SEO plugin v26.8 - https:\/\/yoast.com\/product\/yoast-seo-wordpress\/ -->\n<title>NathanQuick Squeeze (355 ml) -Betriebskantine - MioMioRun.com<\/title>\n<meta name=\"description\" content=\"Die 355 ml Quick Squeeze ist eine ergonomisch geformte Trinkflasche, die in die Hand eines jeden L\u00e4ufers passt und sich leicht auspressen l\u00e4sst.\" \/>\n<meta name=\"robots\" content=\"index, follow, max-snippet:-1, max-image-preview:large, max-video-preview:-1\" \/>\n<link rel=\"canonical\" href=\"https:\/\/www.miomiorun.com\/de\/produkt\/quick-squeeze-355-ml\/\" \/>\n<meta property=\"og:locale\" content=\"de_DE\" \/>\n<meta property=\"og:type\" content=\"article\" \/>\n<meta property=\"og:title\" content=\"NathanQuick Squeeze (355 ml) -Betriebskantine - MioMioRun.com\" \/>\n<meta property=\"og:description\" content=\"Die 355 ml Quick Squeeze ist eine ergonomisch geformte Trinkflasche, die in die Hand eines jeden L\u00e4ufers passt und sich leicht auspressen l\u00e4sst.\" \/>\n<meta property=\"og:url\" content=\"https:\/\/www.miomiorun.com\/de\/produkt\/quick-squeeze-355-ml\/\" \/>\n<meta property=\"og:site_name\" content=\"MioMioRun\" \/>\n<meta property=\"article:publisher\" content=\"https:\/\/www.facebook.com\/miomiorun\/\" \/>\n<meta property=\"article:modified_time\" content=\"2025-02-26T15:03:27+00:00\" \/>\n<meta property=\"og:image\" content=\"https:\/\/www.miomiorun.com\/app\/uploads\/2024\/04\/nathan-Quick-squeeze-70280.webp\" \/>\n\t<meta property=\"og:image:width\" content=\"600\" \/>\n\t<meta property=\"og:image:height\" content=\"600\" \/>\n\t<meta property=\"og:image:type\" content=\"image\/webp\" \/>\n<meta name=\"twitter:card\" content=\"summary_large_image\" \/>\n<meta name=\"twitter:label1\" content=\"Est. reading time\" \/>\n\t<meta name=\"twitter:data1\" content=\"1 minute\" \/>\n<script type=\"application\/ld+json\" class=\"yoast-schema-graph\">{\"@context\":\"https:\/\/schema.org\",\"@graph\":[{\"@type\":\"WebPage\",\"@id\":\"https:\/\/www.miomiorun.com\/de\/produkt\/quick-squeeze-355-ml\/\",\"url\":\"https:\/\/www.miomiorun.com\/de\/produkt\/quick-squeeze-355-ml\/\",\"name\":\"NathanQuick Squeeze (355 ml) -Betriebskantine - MioMioRun.com\",\"isPartOf\":{\"@id\":\"https:\/\/www.miomiorun.com\/de\/#website\"},\"primaryImageOfPage\":{\"@id\":\"https:\/\/www.miomiorun.com\/de\/produkt\/quick-squeeze-355-ml\/#primaryimage\"},\"image\":{\"@id\":\"https:\/\/www.miomiorun.com\/de\/produkt\/quick-squeeze-355-ml\/#primaryimage\"},\"thumbnailUrl\":\"https:\/\/www.miomiorun.com\/app\/uploads\/2024\/04\/nathan-Quick-squeeze-70280.webp\",\"datePublished\":\"2024-04-23T13:16:56+00:00\",\"dateModified\":\"2025-02-26T15:03:27+00:00\",\"description\":\"Die 355 ml Quick Squeeze ist eine ergonomisch geformte Trinkflasche, die in die Hand eines jeden L\u00e4ufers passt und sich leicht auspressen l\u00e4sst.\",\"breadcrumb\":{\"@id\":\"https:\/\/www.miomiorun.com\/de\/produkt\/quick-squeeze-355-ml\/#breadcrumb\"},\"inLanguage\":\"de-DE\",\"potentialAction\":[{\"@type\":\"ReadAction\",\"target\":[\"https:\/\/www.miomiorun.com\/de\/produkt\/quick-squeeze-355-ml\/\"]}]},{\"@type\":\"ImageObject\",\"inLanguage\":\"de-DE\",\"@id\":\"https:\/\/www.miomiorun.com\/de\/produkt\/quick-squeeze-355-ml\/#primaryimage\",\"url\":\"https:\/\/www.miomiorun.com\/app\/uploads\/2024\/04\/nathan-Quick-squeeze-70280.webp\",\"contentUrl\":\"https:\/\/www.miomiorun.com\/app\/uploads\/2024\/04\/nathan-Quick-squeeze-70280.webp\",\"width\":600,\"height\":600,\"caption\":\"nathan Quick squeeze 70280\"},{\"@type\":\"BreadcrumbList\",\"@id\":\"https:\/\/www.miomiorun.com\/de\/produkt\/quick-squeeze-355-ml\/#breadcrumb\",\"itemListElement\":[{\"@type\":\"ListItem\",\"position\":1,\"name\":\"Home\",\"item\":\"https:\/\/www.miomiorun.com\/de\/\"},{\"@type\":\"ListItem\",\"position\":2,\"name\":\"Shop\",\"item\":\"https:\/\/www.miomiorun.com\/shop\/\"},{\"@type\":\"ListItem\",\"position\":3,\"name\":\"Quick Squeeze (355 ml)\"}]},{\"@type\":\"WebSite\",\"@id\":\"https:\/\/www.miomiorun.com\/de\/#website\",\"url\":\"https:\/\/www.miomiorun.com\/de\/\",\"name\":\"MioMioRun\",\"description\":\"100% Lauf- und Trailshop\",\"publisher\":{\"@id\":\"https:\/\/www.miomiorun.com\/de\/#organization\"},\"potentialAction\":[{\"@type\":\"SearchAction\",\"target\":{\"@type\":\"EntryPoint\",\"urlTemplate\":\"https:\/\/www.miomiorun.com\/de\/?s={search_term_string}\"},\"query-input\":{\"@type\":\"PropertyValueSpecification\",\"valueRequired\":true,\"valueName\":\"search_term_string\"}}],\"inLanguage\":\"de-DE\"},{\"@type\":\"Organization\",\"@id\":\"https:\/\/www.miomiorun.com\/de\/#organization\",\"name\":\"MioMio Run\",\"url\":\"https:\/\/www.miomiorun.com\/de\/\",\"logo\":{\"@type\":\"ImageObject\",\"inLanguage\":\"de-DE\",\"@id\":\"https:\/\/www.miomiorun.com\/de\/#\/schema\/logo\/image\/\",\"url\":\"https:\/\/www.miomiorun.com\/app\/uploads\/2019\/12\/logomio.png\",\"contentUrl\":\"https:\/\/www.miomiorun.com\/app\/uploads\/2019\/12\/logomio.png\",\"width\":115,\"height\":82,\"caption\":\"MioMio Run\"},\"image\":{\"@id\":\"https:\/\/www.miomiorun.com\/de\/#\/schema\/logo\/image\/\"},\"sameAs\":[\"https:\/\/www.facebook.com\/miomiorun\/\",\"https:\/\/www.instagram.com\/miomiorun\/\"]}]}<\/script>\n<!-- \/ Yoast SEO plugin. -->","yoast_head_json":{"title":"NathanQuick Squeeze (355 ml) -Betriebskantine - MioMioRun.com","description":"Die 355 ml Quick Squeeze ist eine ergonomisch geformte Trinkflasche, die in die Hand eines jeden L\u00e4ufers passt und sich leicht auspressen l\u00e4sst.","robots":{"index":"index","follow":"follow","max-snippet":"max-snippet:-1","max-image-preview":"max-image-preview:large","max-video-preview":"max-video-preview:-1"},"canonical":"https:\/\/www.miomiorun.com\/de\/produkt\/quick-squeeze-355-ml\/","og_locale":"de_DE","og_type":"article","og_title":"NathanQuick Squeeze (355 ml) -Betriebskantine - MioMioRun.com","og_description":"Die 355 ml Quick Squeeze ist eine ergonomisch geformte Trinkflasche, die in die Hand eines jeden L\u00e4ufers passt und sich leicht auspressen l\u00e4sst.","og_url":"https:\/\/www.miomiorun.com\/de\/produkt\/quick-squeeze-355-ml\/","og_site_name":"MioMioRun","article_publisher":"https:\/\/www.facebook.com\/miomiorun\/","article_modified_time":"2025-02-26T15:03:27+00:00","og_image":[{"width":600,"height":600,"url":"https:\/\/www.miomiorun.com\/app\/uploads\/2024\/04\/nathan-Quick-squeeze-70280.webp","type":"image\/webp"}],"twitter_card":"summary_large_image","twitter_misc":{"Est. reading time":"1 minute"},"schema":{"@context":"https:\/\/schema.org","@graph":[{"@type":"WebPage","@id":"https:\/\/www.miomiorun.com\/de\/produkt\/quick-squeeze-355-ml\/","url":"https:\/\/www.miomiorun.com\/de\/produkt\/quick-squeeze-355-ml\/","name":"NathanQuick Squeeze (355 ml) -Betriebskantine - MioMioRun.com","isPartOf":{"@id":"https:\/\/www.miomiorun.com\/de\/#website"},"primaryImageOfPage":{"@id":"https:\/\/www.miomiorun.com\/de\/produkt\/quick-squeeze-355-ml\/#primaryimage"},"image":{"@id":"https:\/\/www.miomiorun.com\/de\/produkt\/quick-squeeze-355-ml\/#primaryimage"},"thumbnailUrl":"https:\/\/www.miomiorun.com\/app\/uploads\/2024\/04\/nathan-Quick-squeeze-70280.webp","datePublished":"2024-04-23T13:16:56+00:00","dateModified":"2025-02-26T15:03:27+00:00","description":"Die 355 ml Quick Squeeze ist eine ergonomisch geformte Trinkflasche, die in die Hand eines jeden L\u00e4ufers passt und sich leicht auspressen l\u00e4sst.","breadcrumb":{"@id":"https:\/\/www.miomiorun.com\/de\/produkt\/quick-squeeze-355-ml\/#breadcrumb"},"inLanguage":"de-DE","potentialAction":[{"@type":"ReadAction","target":["https:\/\/www.miomiorun.com\/de\/produkt\/quick-squeeze-355-ml\/"]}]},{"@type":"ImageObject","inLanguage":"de-DE","@id":"https:\/\/www.miomiorun.com\/de\/produkt\/quick-squeeze-355-ml\/#primaryimage","url":"https:\/\/www.miomiorun.com\/app\/uploads\/2024\/04\/nathan-Quick-squeeze-70280.webp","contentUrl":"https:\/\/www.miomiorun.com\/app\/uploads\/2024\/04\/nathan-Quick-squeeze-70280.webp","width":600,"height":600,"caption":"nathan Quick squeeze 70280"},{"@type":"BreadcrumbList","@id":"https:\/\/www.miomiorun.com\/de\/produkt\/quick-squeeze-355-ml\/#breadcrumb","itemListElement":[{"@type":"ListItem","position":1,"name":"Home","item":"https:\/\/www.miomiorun.com\/de\/"},{"@type":"ListItem","position":2,"name":"Shop","item":"https:\/\/www.miomiorun.com\/shop\/"},{"@type":"ListItem","position":3,"name":"Quick Squeeze (355 ml)"}]},{"@type":"WebSite","@id":"https:\/\/www.miomiorun.com\/de\/#website","url":"https:\/\/www.miomiorun.com\/de\/","name":"MioMioRun","description":"100% Lauf- und Trailshop","publisher":{"@id":"https:\/\/www.miomiorun.com\/de\/#organization"},"potentialAction":[{"@type":"SearchAction","target":{"@type":"EntryPoint","urlTemplate":"https:\/\/www.miomiorun.com\/de\/?s={search_term_string}"},"query-input":{"@type":"PropertyValueSpecification","valueRequired":true,"valueName":"search_term_string"}}],"inLanguage":"de-DE"},{"@type":"Organization","@id":"https:\/\/www.miomiorun.com\/de\/#organization","name":"MioMio Run","url":"https:\/\/www.miomiorun.com\/de\/","logo":{"@type":"ImageObject","inLanguage":"de-DE","@id":"https:\/\/www.miomiorun.com\/de\/#\/schema\/logo\/image\/","url":"https:\/\/www.miomiorun.com\/app\/uploads\/2019\/12\/logomio.png","contentUrl":"https:\/\/www.miomiorun.com\/app\/uploads\/2019\/12\/logomio.png","width":115,"height":82,"caption":"MioMio Run"},"image":{"@id":"https:\/\/www.miomiorun.com\/de\/#\/schema\/logo\/image\/"},"sameAs":["https:\/\/www.facebook.com\/miomiorun\/","https:\/\/www.instagram.com\/miomiorun\/"]}]}},"_links":{"self":[{"href":"https:\/\/www.miomiorun.com\/de\/wp-json\/wp\/v2\/product\/172052","targetHints":{"allow":["GET"]}}],"collection":[{"href":"https:\/\/www.miomiorun.com\/de\/wp-json\/wp\/v2\/product"}],"about":[{"href":"https:\/\/www.miomiorun.com\/de\/wp-json\/wp\/v2\/types\/product"}],"wp:featuredmedia":[{"embeddable":true,"href":"https:\/\/www.miomiorun.com\/de\/wp-json\/wp\/v2\/media\/169722"}],"wp:attachment":[{"href":"https:\/\/www.miomiorun.com\/de\/wp-json\/wp\/v2\/media?parent=172052"}],"wp:term":[{"taxonomy":"product_brand","embeddable":true,"href":"https:\/\/www.miomiorun.com\/de\/wp-json\/wp\/v2\/product_brand?post=172052"},{"taxonomy":"product_cat","embeddable":true,"href":"https:\/\/www.miomiorun.com\/de\/wp-json\/wp\/v2\/product_cat?post=172052"},{"taxonomy":"product_tag","embeddable":true,"href":"https:\/\/www.miomiorun.com\/de\/wp-json\/wp\/v2\/product_tag?post=172052"}],"curies":[{"name":"wp","href":"https:\/\/api.w.org\/{rel}","templated":true}]}}