{"id":171897,"date":"2021-10-26T11:32:43","date_gmt":"2021-10-26T09:32:43","guid":{"rendered":"https:\/\/miomiorun.com\/prodotto\/falke-ru-long-sleeve-shirt-uomo\/"},"modified":"2026-05-08T21:12:44","modified_gmt":"2026-05-08T19:12:44","slug":"ru-long-sleeve-shirt-herren","status":"publish","type":"product","link":"https:\/\/www.miomiorun.com\/de\/produkt\/ru-long-sleeve-shirt-herren\/","title":{"rendered":"Ru Long Sleeve Shirt herren"},"content":{"rendered":"<p><div class=\"vc-row container\"><div class=\"vc-column\"><div class=\"vc-column-text\"><\/p>\n<p id=\"tw-target-text\" class=\"tw-data-text tw-text-large XcVN5d tw-ta\" dir=\"ltr\" data-placeholder=\"Traduzione\"><span class=\"Y2IQFc\" lang=\"it\">Dieses lang\u00e4rmelige Trikot f\u00fcr M\u00e4nner liegt eng an und h\u00e4lt Sie bei hochintensiven Aktivit\u00e4ten unter milden bis kalten Bedingungen warm und trocken. Die Kombination aus hochwertigen w\u00e4rmenden Materialien garantiert einen besseren Feuchtigkeitstransport und W\u00e4rmehaushalt. Au\u00dferdem sorgt die perfekte Passform f\u00fcr maximale Bewegungsfreiheit dank flexibler Zonen an den Schultern und Ellbogen.<\/span><\/p>\n<p dir=\"ltr\" data-placeholder=\"Traduzione\"><strong>Merkmale:<\/strong><\/p>\n<ul>\n<li dir=\"ltr\" data-placeholder=\"Traduzione\">Sch\u00fctzt Sie sowohl vor milden als auch vor kalten Temperaturen.<\/li>\n<li dir=\"ltr\" data-placeholder=\"Traduzione\">H\u00e4lt den K\u00f6rper bei h\u00f6herer Aktivit\u00e4t warm und trocken.<\/li>\n<li dir=\"ltr\" data-placeholder=\"Traduzione\">Perfekte Feuchtigkeits- und Temperaturregulierung durch doppellagige Konstruktion.<\/li>\n<li dir=\"ltr\" data-placeholder=\"Traduzione\">Kombination aus hochwertigen w\u00e4rmenden Materialien.<\/li>\n<li dir=\"ltr\" data-placeholder=\"Traduzione\">Lang\u00e4rmeliges Trikot mit eng anliegender Passform.<\/li>\n<li dir=\"ltr\" data-placeholder=\"Traduzione\">Perfekte Passform und maximale Bewegungsfreiheit durch flexible Zonen an Schultern und Ellenbogen.<\/li>\n<\/ul>\n<p><\/div><\/div><\/div><div class=\"vc-row container\"><div class=\"vc-column\"><div class=\"vc-column-text\"><\/p>\n<div class=\"product-functional-symbols__image-container\"><img decoding=\"async\" class=\"product-functional-symbols__image aligncenter\" src=\"https:\/\/www.falke.com\/it_it\/9dd393d722265eb755772abd698b837041098075\/assets\/base\/staticImages\/functionalsymbols\/icon_feuchtigkeitsregulierend.svg\" \/><\/div>\n<div class=\"product-functional-symbols__name\" style=\"text-align: center;\">Reguliert die Luftfeuchtigkeit<\/div>\n<p><\/div><\/div><div class=\"vc-column\"><div class=\"vc-column-text\"><\/p>\n<div class=\"product-functional-symbols__image-container\"><img decoding=\"async\" class=\"product-functional-symbols__image aligncenter\" src=\"https:\/\/www.falke.com\/it_it\/9dd393d722265eb755772abd698b837041098075\/assets\/base\/staticImages\/functionalsymbols\/icon_schnellste_ruecktrocknung.svg\" \/><\/div>\n<div class=\"product-functional-symbols__name\" style=\"text-align: center;\">Schnelleres Trocknen<\/div>\n<p><\/div><\/div><\/div><div class=\"vc-row container\"><div class=\"vc-column\"><div class=\"vc-column-text\"><strong>Material :<\/strong> 69% Polyamid, 26% Polyester, 5% Elasthan<\/p>\n<p><strong>Ausschnitt :<\/strong> U-Ausschnitt.<\/p>\n<p><strong>Komfort :<\/strong> Bewegungsfreiheit.<\/p>\n<p><strong>Passform :<\/strong> Eng anliegend.<\/p>\n<p><strong>\u00c4rmell\u00e4nge :<\/strong> Langarm.<\/p>\n<p><strong>Aussehen :<\/strong> Sportlich.<\/p>\n<p><strong>Verwendung:<\/strong> Als Unterw\u00e4sche.<\/div><\/div><\/div><\/p>\n","protected":false},"excerpt":{"rendered":"","protected":false},"featured_media":59426,"template":"","meta":{"_acf_changed":false,"inline_featured_image":false},"product_brand":[],"product_cat":[6492,6529,6523],"product_tag":[6245,6231],"class_list":{"0":"post-171897","1":"product","2":"type-product","3":"status-publish","4":"has-post-thumbnail","6":"product_cat-sale-de","7":"product_cat-herren-sale-de","8":"product_cat-sale-langarmshirt-herren-de","9":"product_tag-falke-de","10":"product_tag-falke-herren-de","11":"pa_attivita-gehen","12":"pa_attivita-running-de","13":"pa_marca-falke-de","14":"pa_sesso-herren","15":"pa_size-small-de","17":"first","18":"instock","19":"sale","20":"taxable","21":"shipping-taxable","22":"purchasable","23":"product-type-variable","24":"wvs-archive-product-wrapper"},"acf":[],"yoast_head":"<!-- This site is optimized with the Yoast SEO plugin v26.8 - https:\/\/yoast.com\/product\/yoast-seo-wordpress\/ -->\n<title>FalkeRu Long Sleeve Shirt herren - Laufendes Trikot - MioMioRun.com<\/title>\n<meta name=\"description\" content=\"Dieses lang\u00e4rmelige Trikot f\u00fcr M\u00e4nner ist eng anliegend und h\u00e4lt Sie bei hochintensiven Aktivit\u00e4ten warm und trocken.\" \/>\n<meta name=\"robots\" content=\"index, follow, max-snippet:-1, max-image-preview:large, max-video-preview:-1\" \/>\n<link rel=\"canonical\" href=\"https:\/\/www.miomiorun.com\/de\/produkt\/ru-long-sleeve-shirt-herren\/\" \/>\n<meta property=\"og:locale\" content=\"de_DE\" \/>\n<meta property=\"og:type\" content=\"article\" \/>\n<meta property=\"og:title\" content=\"FalkeRu Long Sleeve Shirt herren - Laufendes Trikot - MioMioRun.com\" \/>\n<meta property=\"og:description\" content=\"Dieses lang\u00e4rmelige Trikot f\u00fcr M\u00e4nner ist eng anliegend und h\u00e4lt Sie bei hochintensiven Aktivit\u00e4ten warm und trocken.\" \/>\n<meta property=\"og:url\" content=\"https:\/\/www.miomiorun.com\/de\/produkt\/ru-long-sleeve-shirt-herren\/\" \/>\n<meta property=\"og:site_name\" content=\"MioMioRun\" \/>\n<meta property=\"article:publisher\" content=\"https:\/\/www.facebook.com\/miomiorun\/\" \/>\n<meta property=\"article:modified_time\" content=\"2026-05-08T19:12:44+00:00\" \/>\n<meta property=\"og:image\" content=\"https:\/\/www.miomiorun.com\/app\/uploads\/2021\/10\/falke-RU-LS-Shirt-38568-6451.jpg\" \/>\n\t<meta property=\"og:image:width\" content=\"600\" \/>\n\t<meta property=\"og:image:height\" content=\"600\" \/>\n\t<meta property=\"og:image:type\" content=\"image\/jpeg\" \/>\n<meta name=\"twitter:card\" content=\"summary_large_image\" \/>\n<meta name=\"twitter:label1\" content=\"Est. reading time\" \/>\n\t<meta name=\"twitter:data1\" content=\"1 minute\" \/>\n<script type=\"application\/ld+json\" class=\"yoast-schema-graph\">{\"@context\":\"https:\/\/schema.org\",\"@graph\":[{\"@type\":\"WebPage\",\"@id\":\"https:\/\/www.miomiorun.com\/de\/produkt\/ru-long-sleeve-shirt-herren\/\",\"url\":\"https:\/\/www.miomiorun.com\/de\/produkt\/ru-long-sleeve-shirt-herren\/\",\"name\":\"FalkeRu Long Sleeve Shirt herren - Laufendes Trikot - MioMioRun.com\",\"isPartOf\":{\"@id\":\"https:\/\/www.miomiorun.com\/de\/#website\"},\"primaryImageOfPage\":{\"@id\":\"https:\/\/www.miomiorun.com\/de\/produkt\/ru-long-sleeve-shirt-herren\/#primaryimage\"},\"image\":{\"@id\":\"https:\/\/www.miomiorun.com\/de\/produkt\/ru-long-sleeve-shirt-herren\/#primaryimage\"},\"thumbnailUrl\":\"https:\/\/www.miomiorun.com\/app\/uploads\/2021\/10\/falke-RU-LS-Shirt-38568-6451.jpg\",\"datePublished\":\"2021-10-26T09:32:43+00:00\",\"dateModified\":\"2026-05-08T19:12:44+00:00\",\"description\":\"Dieses lang\u00e4rmelige Trikot f\u00fcr M\u00e4nner ist eng anliegend und h\u00e4lt Sie bei hochintensiven Aktivit\u00e4ten warm und trocken.\",\"breadcrumb\":{\"@id\":\"https:\/\/www.miomiorun.com\/de\/produkt\/ru-long-sleeve-shirt-herren\/#breadcrumb\"},\"inLanguage\":\"de-DE\",\"potentialAction\":[{\"@type\":\"ReadAction\",\"target\":[\"https:\/\/www.miomiorun.com\/de\/produkt\/ru-long-sleeve-shirt-herren\/\"]}]},{\"@type\":\"ImageObject\",\"inLanguage\":\"de-DE\",\"@id\":\"https:\/\/www.miomiorun.com\/de\/produkt\/ru-long-sleeve-shirt-herren\/#primaryimage\",\"url\":\"https:\/\/www.miomiorun.com\/app\/uploads\/2021\/10\/falke-RU-LS-Shirt-38568-6451.jpg\",\"contentUrl\":\"https:\/\/www.miomiorun.com\/app\/uploads\/2021\/10\/falke-RU-LS-Shirt-38568-6451.jpg\",\"width\":600,\"height\":600,\"caption\":\"falke ru long sleeve shirt\"},{\"@type\":\"BreadcrumbList\",\"@id\":\"https:\/\/www.miomiorun.com\/de\/produkt\/ru-long-sleeve-shirt-herren\/#breadcrumb\",\"itemListElement\":[{\"@type\":\"ListItem\",\"position\":1,\"name\":\"Home\",\"item\":\"https:\/\/www.miomiorun.com\/de\/\"},{\"@type\":\"ListItem\",\"position\":2,\"name\":\"Shop\",\"item\":\"https:\/\/www.miomiorun.com\/shop\/\"},{\"@type\":\"ListItem\",\"position\":3,\"name\":\"Ru Long Sleeve Shirt herren\"}]},{\"@type\":\"WebSite\",\"@id\":\"https:\/\/www.miomiorun.com\/de\/#website\",\"url\":\"https:\/\/www.miomiorun.com\/de\/\",\"name\":\"MioMioRun\",\"description\":\"100% Lauf- und Trailshop\",\"publisher\":{\"@id\":\"https:\/\/www.miomiorun.com\/de\/#organization\"},\"potentialAction\":[{\"@type\":\"SearchAction\",\"target\":{\"@type\":\"EntryPoint\",\"urlTemplate\":\"https:\/\/www.miomiorun.com\/de\/?s={search_term_string}\"},\"query-input\":{\"@type\":\"PropertyValueSpecification\",\"valueRequired\":true,\"valueName\":\"search_term_string\"}}],\"inLanguage\":\"de-DE\"},{\"@type\":\"Organization\",\"@id\":\"https:\/\/www.miomiorun.com\/de\/#organization\",\"name\":\"MioMio Run\",\"url\":\"https:\/\/www.miomiorun.com\/de\/\",\"logo\":{\"@type\":\"ImageObject\",\"inLanguage\":\"de-DE\",\"@id\":\"https:\/\/www.miomiorun.com\/de\/#\/schema\/logo\/image\/\",\"url\":\"https:\/\/www.miomiorun.com\/app\/uploads\/2019\/12\/logomio.png\",\"contentUrl\":\"https:\/\/www.miomiorun.com\/app\/uploads\/2019\/12\/logomio.png\",\"width\":115,\"height\":82,\"caption\":\"MioMio Run\"},\"image\":{\"@id\":\"https:\/\/www.miomiorun.com\/de\/#\/schema\/logo\/image\/\"},\"sameAs\":[\"https:\/\/www.facebook.com\/miomiorun\/\",\"https:\/\/www.instagram.com\/miomiorun\/\"]}]}<\/script>\n<!-- \/ Yoast SEO plugin. -->","yoast_head_json":{"title":"FalkeRu Long Sleeve Shirt herren - Laufendes Trikot - MioMioRun.com","description":"Dieses lang\u00e4rmelige Trikot f\u00fcr M\u00e4nner ist eng anliegend und h\u00e4lt Sie bei hochintensiven Aktivit\u00e4ten warm und trocken.","robots":{"index":"index","follow":"follow","max-snippet":"max-snippet:-1","max-image-preview":"max-image-preview:large","max-video-preview":"max-video-preview:-1"},"canonical":"https:\/\/www.miomiorun.com\/de\/produkt\/ru-long-sleeve-shirt-herren\/","og_locale":"de_DE","og_type":"article","og_title":"FalkeRu Long Sleeve Shirt herren - Laufendes Trikot - MioMioRun.com","og_description":"Dieses lang\u00e4rmelige Trikot f\u00fcr M\u00e4nner ist eng anliegend und h\u00e4lt Sie bei hochintensiven Aktivit\u00e4ten warm und trocken.","og_url":"https:\/\/www.miomiorun.com\/de\/produkt\/ru-long-sleeve-shirt-herren\/","og_site_name":"MioMioRun","article_publisher":"https:\/\/www.facebook.com\/miomiorun\/","article_modified_time":"2026-05-08T19:12:44+00:00","og_image":[{"width":600,"height":600,"url":"https:\/\/www.miomiorun.com\/app\/uploads\/2021\/10\/falke-RU-LS-Shirt-38568-6451.jpg","type":"image\/jpeg"}],"twitter_card":"summary_large_image","twitter_misc":{"Est. reading time":"1 minute"},"schema":{"@context":"https:\/\/schema.org","@graph":[{"@type":"WebPage","@id":"https:\/\/www.miomiorun.com\/de\/produkt\/ru-long-sleeve-shirt-herren\/","url":"https:\/\/www.miomiorun.com\/de\/produkt\/ru-long-sleeve-shirt-herren\/","name":"FalkeRu Long Sleeve Shirt herren - Laufendes Trikot - MioMioRun.com","isPartOf":{"@id":"https:\/\/www.miomiorun.com\/de\/#website"},"primaryImageOfPage":{"@id":"https:\/\/www.miomiorun.com\/de\/produkt\/ru-long-sleeve-shirt-herren\/#primaryimage"},"image":{"@id":"https:\/\/www.miomiorun.com\/de\/produkt\/ru-long-sleeve-shirt-herren\/#primaryimage"},"thumbnailUrl":"https:\/\/www.miomiorun.com\/app\/uploads\/2021\/10\/falke-RU-LS-Shirt-38568-6451.jpg","datePublished":"2021-10-26T09:32:43+00:00","dateModified":"2026-05-08T19:12:44+00:00","description":"Dieses lang\u00e4rmelige Trikot f\u00fcr M\u00e4nner ist eng anliegend und h\u00e4lt Sie bei hochintensiven Aktivit\u00e4ten warm und trocken.","breadcrumb":{"@id":"https:\/\/www.miomiorun.com\/de\/produkt\/ru-long-sleeve-shirt-herren\/#breadcrumb"},"inLanguage":"de-DE","potentialAction":[{"@type":"ReadAction","target":["https:\/\/www.miomiorun.com\/de\/produkt\/ru-long-sleeve-shirt-herren\/"]}]},{"@type":"ImageObject","inLanguage":"de-DE","@id":"https:\/\/www.miomiorun.com\/de\/produkt\/ru-long-sleeve-shirt-herren\/#primaryimage","url":"https:\/\/www.miomiorun.com\/app\/uploads\/2021\/10\/falke-RU-LS-Shirt-38568-6451.jpg","contentUrl":"https:\/\/www.miomiorun.com\/app\/uploads\/2021\/10\/falke-RU-LS-Shirt-38568-6451.jpg","width":600,"height":600,"caption":"falke ru long sleeve shirt"},{"@type":"BreadcrumbList","@id":"https:\/\/www.miomiorun.com\/de\/produkt\/ru-long-sleeve-shirt-herren\/#breadcrumb","itemListElement":[{"@type":"ListItem","position":1,"name":"Home","item":"https:\/\/www.miomiorun.com\/de\/"},{"@type":"ListItem","position":2,"name":"Shop","item":"https:\/\/www.miomiorun.com\/shop\/"},{"@type":"ListItem","position":3,"name":"Ru Long Sleeve Shirt herren"}]},{"@type":"WebSite","@id":"https:\/\/www.miomiorun.com\/de\/#website","url":"https:\/\/www.miomiorun.com\/de\/","name":"MioMioRun","description":"100% Lauf- und Trailshop","publisher":{"@id":"https:\/\/www.miomiorun.com\/de\/#organization"},"potentialAction":[{"@type":"SearchAction","target":{"@type":"EntryPoint","urlTemplate":"https:\/\/www.miomiorun.com\/de\/?s={search_term_string}"},"query-input":{"@type":"PropertyValueSpecification","valueRequired":true,"valueName":"search_term_string"}}],"inLanguage":"de-DE"},{"@type":"Organization","@id":"https:\/\/www.miomiorun.com\/de\/#organization","name":"MioMio Run","url":"https:\/\/www.miomiorun.com\/de\/","logo":{"@type":"ImageObject","inLanguage":"de-DE","@id":"https:\/\/www.miomiorun.com\/de\/#\/schema\/logo\/image\/","url":"https:\/\/www.miomiorun.com\/app\/uploads\/2019\/12\/logomio.png","contentUrl":"https:\/\/www.miomiorun.com\/app\/uploads\/2019\/12\/logomio.png","width":115,"height":82,"caption":"MioMio Run"},"image":{"@id":"https:\/\/www.miomiorun.com\/de\/#\/schema\/logo\/image\/"},"sameAs":["https:\/\/www.facebook.com\/miomiorun\/","https:\/\/www.instagram.com\/miomiorun\/"]}]}},"_links":{"self":[{"href":"https:\/\/www.miomiorun.com\/de\/wp-json\/wp\/v2\/product\/171897","targetHints":{"allow":["GET"]}}],"collection":[{"href":"https:\/\/www.miomiorun.com\/de\/wp-json\/wp\/v2\/product"}],"about":[{"href":"https:\/\/www.miomiorun.com\/de\/wp-json\/wp\/v2\/types\/product"}],"wp:featuredmedia":[{"embeddable":true,"href":"https:\/\/www.miomiorun.com\/de\/wp-json\/wp\/v2\/media\/59426"}],"wp:attachment":[{"href":"https:\/\/www.miomiorun.com\/de\/wp-json\/wp\/v2\/media?parent=171897"}],"wp:term":[{"taxonomy":"product_brand","embeddable":true,"href":"https:\/\/www.miomiorun.com\/de\/wp-json\/wp\/v2\/product_brand?post=171897"},{"taxonomy":"product_cat","embeddable":true,"href":"https:\/\/www.miomiorun.com\/de\/wp-json\/wp\/v2\/product_cat?post=171897"},{"taxonomy":"product_tag","embeddable":true,"href":"https:\/\/www.miomiorun.com\/de\/wp-json\/wp\/v2\/product_tag?post=171897"}],"curies":[{"name":"wp","href":"https:\/\/api.w.org\/{rel}","templated":true}]}}