{"id":171848,"date":"2020-03-24T09:42:34","date_gmt":"2020-03-24T08:42:34","guid":{"rendered":"https:\/\/miomiorun.com\/prodotto\/newline-imotion-warm-tight-uomo\/"},"modified":"2026-03-18T17:39:15","modified_gmt":"2026-03-18T16:39:15","slug":"imotion-warm-tight-herren","status":"publish","type":"product","link":"https:\/\/www.miomiorun.com\/de\/produkt\/imotion-warm-tight-herren\/","title":{"rendered":"Imotion Warm Tight herren"},"content":{"rendered":"<p><span id=\"Anthem_ctl00_ContentRegion_ctl04_descriptionLabel__\"><span id=\"ctl00_ContentRegion_ctl04_descriptionLabel\" class=\"text\">Die Newline Imotion Warm Tight ist eine eng anliegende lange Hose aus Thermostoff mit einer Fleeceschicht auf der Innenseite. Sie hat einen Kordelzug in der Taille, ein Kn\u00f6chelb\u00fcndchen, eine Ges\u00e4\u00dftasche mit Rei\u00dfverschluss und Flachn\u00e4hte f\u00fcr maximale Funktionalit\u00e4t und Komfort. Sie ist eine Hose f\u00fcr den Winter und kalte Temperaturen.<\/span><\/span><\/p>\n<p>Materiale : 49% Polyamid \/ 38% Polyester \/ 13% Elastan<\/p>\n<p><strong>Eigenschaften:<\/strong><\/p>\n<ul>\n<li>Fleece-Futter<\/li>\n<li>Thermisches Gewebe<\/li>\n<li>Flatlock-N\u00e4hte<\/li>\n<li>Ges\u00e4\u00dftasche mit Rei\u00dfverschluss<\/li>\n<li>Erh\u00f6hter Saum<\/li>\n<li>Kordelzug in der Taille<\/li>\n<\/ul>\n<p>&nbsp;<\/p>\n","protected":false},"excerpt":{"rendered":"<p>Die Newline Imotion Warm Tight ist eine eng anliegende lange Hose aus Thermostoff mit einer Fleeceschicht auf der Innenseite. Sie hat einen Kordelzug in der Taille, ein Kn\u00f6chelb\u00fcndchen, eine Ges\u00e4\u00dftasche mit Rei\u00dfverschluss und Flachn\u00e4hte f\u00fcr maximale Funktionalit\u00e4t und Komfort. Sie ist eine Hose f\u00fcr den Winter und kalte Temperaturen. Materiale : 49% Polyamid \/ 38% &hellip; <a href=\"https:\/\/www.miomiorun.com\/de\/produkt\/imotion-warm-tight-herren\/\">Continued<\/a><\/p>\n","protected":false},"featured_media":51412,"template":"","meta":{"_acf_changed":false,"inline_featured_image":false},"product_brand":[],"product_cat":[6529,6528,6521],"product_tag":[3385,6257],"class_list":{"0":"post-171848","1":"product","2":"type-product","3":"status-publish","4":"has-post-thumbnail","6":"product_cat-herren-sale-de","7":"product_cat-sale-bekleidung-herren-de","8":"product_cat-sale-hosen-herren-de","9":"product_tag-newline-de","10":"product_tag-newline-herren-de","11":"pa_attivita-gehen","12":"pa_attivita-running-de","13":"pa_colore-imotion-warm-tight-71227-361-de","14":"pa_marca-newline-de","15":"pa_sesso-herren","16":"pa_size-small-de","18":"first","19":"instock","20":"sale","21":"taxable","22":"shipping-taxable","23":"purchasable","24":"product-type-variable","25":"wvs-archive-product-wrapper"},"acf":[],"yoast_head":"<!-- This site is optimized with the Yoast SEO plugin v26.8 - https:\/\/yoast.com\/product\/yoast-seo-wordpress\/ -->\n<title>newlineImotion Warm Tight herren - Lange Hosen - MioMioRun<\/title>\n<meta name=\"description\" content=\"Die Newline Imotion Warm Tight ist eine eng anliegende Tight aus Thermostoff mit einer Fleece-Schicht auf der Innenseite, einem Kordelzug in der Taille und einem nicht zu hohen Saum.\" \/>\n<meta name=\"robots\" content=\"index, follow, max-snippet:-1, max-image-preview:large, max-video-preview:-1\" \/>\n<link rel=\"canonical\" href=\"https:\/\/www.miomiorun.com\/de\/produkt\/imotion-warm-tight-herren\/\" \/>\n<meta property=\"og:locale\" content=\"de_DE\" \/>\n<meta property=\"og:type\" content=\"article\" \/>\n<meta property=\"og:title\" content=\"newlineImotion Warm Tight herren - Lange Hosen - MioMioRun\" \/>\n<meta property=\"og:description\" content=\"Die Newline Imotion Warm Tight ist eine eng anliegende Tight aus Thermostoff mit einer Fleece-Schicht auf der Innenseite, einem Kordelzug in der Taille und einem nicht zu hohen Saum.\" \/>\n<meta property=\"og:url\" content=\"https:\/\/www.miomiorun.com\/de\/produkt\/imotion-warm-tight-herren\/\" \/>\n<meta property=\"og:site_name\" content=\"MioMioRun\" \/>\n<meta property=\"article:publisher\" content=\"https:\/\/www.facebook.com\/miomiorun\/\" \/>\n<meta property=\"article:modified_time\" content=\"2026-03-18T16:39:15+00:00\" \/>\n<meta property=\"og:image\" content=\"https:\/\/www.miomiorun.com\/app\/uploads\/2020\/03\/Newline-Imotion-Warm-Tight-71124-060.jpg\" \/>\n\t<meta property=\"og:image:width\" content=\"595\" \/>\n\t<meta property=\"og:image:height\" content=\"595\" \/>\n\t<meta property=\"og:image:type\" content=\"image\/jpeg\" \/>\n<meta name=\"twitter:card\" content=\"summary_large_image\" \/>\n<script type=\"application\/ld+json\" class=\"yoast-schema-graph\">{\"@context\":\"https:\/\/schema.org\",\"@graph\":[{\"@type\":\"WebPage\",\"@id\":\"https:\/\/www.miomiorun.com\/de\/produkt\/imotion-warm-tight-herren\/\",\"url\":\"https:\/\/www.miomiorun.com\/de\/produkt\/imotion-warm-tight-herren\/\",\"name\":\"newlineImotion Warm Tight herren - Lange Hosen - MioMioRun\",\"isPartOf\":{\"@id\":\"https:\/\/www.miomiorun.com\/de\/#website\"},\"primaryImageOfPage\":{\"@id\":\"https:\/\/www.miomiorun.com\/de\/produkt\/imotion-warm-tight-herren\/#primaryimage\"},\"image\":{\"@id\":\"https:\/\/www.miomiorun.com\/de\/produkt\/imotion-warm-tight-herren\/#primaryimage\"},\"thumbnailUrl\":\"https:\/\/www.miomiorun.com\/app\/uploads\/2020\/03\/Newline-Imotion-Warm-Tight-71124-060.jpg\",\"datePublished\":\"2020-03-24T08:42:34+00:00\",\"dateModified\":\"2026-03-18T16:39:15+00:00\",\"description\":\"Die Newline Imotion Warm Tight ist eine eng anliegende Tight aus Thermostoff mit einer Fleece-Schicht auf der Innenseite, einem Kordelzug in der Taille und einem nicht zu hohen Saum.\",\"breadcrumb\":{\"@id\":\"https:\/\/www.miomiorun.com\/de\/produkt\/imotion-warm-tight-herren\/#breadcrumb\"},\"inLanguage\":\"de-DE\",\"potentialAction\":[{\"@type\":\"ReadAction\",\"target\":[\"https:\/\/www.miomiorun.com\/de\/produkt\/imotion-warm-tight-herren\/\"]}]},{\"@type\":\"ImageObject\",\"inLanguage\":\"de-DE\",\"@id\":\"https:\/\/www.miomiorun.com\/de\/produkt\/imotion-warm-tight-herren\/#primaryimage\",\"url\":\"https:\/\/www.miomiorun.com\/app\/uploads\/2020\/03\/Newline-Imotion-Warm-Tight-71124-060.jpg\",\"contentUrl\":\"https:\/\/www.miomiorun.com\/app\/uploads\/2020\/03\/Newline-Imotion-Warm-Tight-71124-060.jpg\",\"width\":595,\"height\":595,\"caption\":\"Newline-Imotion-Warm-Tight-71124-060\"},{\"@type\":\"BreadcrumbList\",\"@id\":\"https:\/\/www.miomiorun.com\/de\/produkt\/imotion-warm-tight-herren\/#breadcrumb\",\"itemListElement\":[{\"@type\":\"ListItem\",\"position\":1,\"name\":\"Home\",\"item\":\"https:\/\/www.miomiorun.com\/de\/\"},{\"@type\":\"ListItem\",\"position\":2,\"name\":\"Shop\",\"item\":\"https:\/\/www.miomiorun.com\/shop\/\"},{\"@type\":\"ListItem\",\"position\":3,\"name\":\"Imotion Warm Tight herren\"}]},{\"@type\":\"WebSite\",\"@id\":\"https:\/\/www.miomiorun.com\/de\/#website\",\"url\":\"https:\/\/www.miomiorun.com\/de\/\",\"name\":\"MioMioRun\",\"description\":\"100% Lauf- und Trailshop\",\"publisher\":{\"@id\":\"https:\/\/www.miomiorun.com\/de\/#organization\"},\"potentialAction\":[{\"@type\":\"SearchAction\",\"target\":{\"@type\":\"EntryPoint\",\"urlTemplate\":\"https:\/\/www.miomiorun.com\/de\/?s={search_term_string}\"},\"query-input\":{\"@type\":\"PropertyValueSpecification\",\"valueRequired\":true,\"valueName\":\"search_term_string\"}}],\"inLanguage\":\"de-DE\"},{\"@type\":\"Organization\",\"@id\":\"https:\/\/www.miomiorun.com\/de\/#organization\",\"name\":\"MioMio Run\",\"url\":\"https:\/\/www.miomiorun.com\/de\/\",\"logo\":{\"@type\":\"ImageObject\",\"inLanguage\":\"de-DE\",\"@id\":\"https:\/\/www.miomiorun.com\/de\/#\/schema\/logo\/image\/\",\"url\":\"https:\/\/www.miomiorun.com\/app\/uploads\/2019\/12\/logomio.png\",\"contentUrl\":\"https:\/\/www.miomiorun.com\/app\/uploads\/2019\/12\/logomio.png\",\"width\":115,\"height\":82,\"caption\":\"MioMio Run\"},\"image\":{\"@id\":\"https:\/\/www.miomiorun.com\/de\/#\/schema\/logo\/image\/\"},\"sameAs\":[\"https:\/\/www.facebook.com\/miomiorun\/\",\"https:\/\/www.instagram.com\/miomiorun\/\"]}]}<\/script>\n<!-- \/ Yoast SEO plugin. -->","yoast_head_json":{"title":"newlineImotion Warm Tight herren - Lange Hosen - MioMioRun","description":"Die Newline Imotion Warm Tight ist eine eng anliegende Tight aus Thermostoff mit einer Fleece-Schicht auf der Innenseite, einem Kordelzug in der Taille und einem nicht zu hohen Saum.","robots":{"index":"index","follow":"follow","max-snippet":"max-snippet:-1","max-image-preview":"max-image-preview:large","max-video-preview":"max-video-preview:-1"},"canonical":"https:\/\/www.miomiorun.com\/de\/produkt\/imotion-warm-tight-herren\/","og_locale":"de_DE","og_type":"article","og_title":"newlineImotion Warm Tight herren - Lange Hosen - MioMioRun","og_description":"Die Newline Imotion Warm Tight ist eine eng anliegende Tight aus Thermostoff mit einer Fleece-Schicht auf der Innenseite, einem Kordelzug in der Taille und einem nicht zu hohen Saum.","og_url":"https:\/\/www.miomiorun.com\/de\/produkt\/imotion-warm-tight-herren\/","og_site_name":"MioMioRun","article_publisher":"https:\/\/www.facebook.com\/miomiorun\/","article_modified_time":"2026-03-18T16:39:15+00:00","og_image":[{"width":595,"height":595,"url":"https:\/\/www.miomiorun.com\/app\/uploads\/2020\/03\/Newline-Imotion-Warm-Tight-71124-060.jpg","type":"image\/jpeg"}],"twitter_card":"summary_large_image","schema":{"@context":"https:\/\/schema.org","@graph":[{"@type":"WebPage","@id":"https:\/\/www.miomiorun.com\/de\/produkt\/imotion-warm-tight-herren\/","url":"https:\/\/www.miomiorun.com\/de\/produkt\/imotion-warm-tight-herren\/","name":"newlineImotion Warm Tight herren - Lange Hosen - MioMioRun","isPartOf":{"@id":"https:\/\/www.miomiorun.com\/de\/#website"},"primaryImageOfPage":{"@id":"https:\/\/www.miomiorun.com\/de\/produkt\/imotion-warm-tight-herren\/#primaryimage"},"image":{"@id":"https:\/\/www.miomiorun.com\/de\/produkt\/imotion-warm-tight-herren\/#primaryimage"},"thumbnailUrl":"https:\/\/www.miomiorun.com\/app\/uploads\/2020\/03\/Newline-Imotion-Warm-Tight-71124-060.jpg","datePublished":"2020-03-24T08:42:34+00:00","dateModified":"2026-03-18T16:39:15+00:00","description":"Die Newline Imotion Warm Tight ist eine eng anliegende Tight aus Thermostoff mit einer Fleece-Schicht auf der Innenseite, einem Kordelzug in der Taille und einem nicht zu hohen Saum.","breadcrumb":{"@id":"https:\/\/www.miomiorun.com\/de\/produkt\/imotion-warm-tight-herren\/#breadcrumb"},"inLanguage":"de-DE","potentialAction":[{"@type":"ReadAction","target":["https:\/\/www.miomiorun.com\/de\/produkt\/imotion-warm-tight-herren\/"]}]},{"@type":"ImageObject","inLanguage":"de-DE","@id":"https:\/\/www.miomiorun.com\/de\/produkt\/imotion-warm-tight-herren\/#primaryimage","url":"https:\/\/www.miomiorun.com\/app\/uploads\/2020\/03\/Newline-Imotion-Warm-Tight-71124-060.jpg","contentUrl":"https:\/\/www.miomiorun.com\/app\/uploads\/2020\/03\/Newline-Imotion-Warm-Tight-71124-060.jpg","width":595,"height":595,"caption":"Newline-Imotion-Warm-Tight-71124-060"},{"@type":"BreadcrumbList","@id":"https:\/\/www.miomiorun.com\/de\/produkt\/imotion-warm-tight-herren\/#breadcrumb","itemListElement":[{"@type":"ListItem","position":1,"name":"Home","item":"https:\/\/www.miomiorun.com\/de\/"},{"@type":"ListItem","position":2,"name":"Shop","item":"https:\/\/www.miomiorun.com\/shop\/"},{"@type":"ListItem","position":3,"name":"Imotion Warm Tight herren"}]},{"@type":"WebSite","@id":"https:\/\/www.miomiorun.com\/de\/#website","url":"https:\/\/www.miomiorun.com\/de\/","name":"MioMioRun","description":"100% Lauf- und Trailshop","publisher":{"@id":"https:\/\/www.miomiorun.com\/de\/#organization"},"potentialAction":[{"@type":"SearchAction","target":{"@type":"EntryPoint","urlTemplate":"https:\/\/www.miomiorun.com\/de\/?s={search_term_string}"},"query-input":{"@type":"PropertyValueSpecification","valueRequired":true,"valueName":"search_term_string"}}],"inLanguage":"de-DE"},{"@type":"Organization","@id":"https:\/\/www.miomiorun.com\/de\/#organization","name":"MioMio Run","url":"https:\/\/www.miomiorun.com\/de\/","logo":{"@type":"ImageObject","inLanguage":"de-DE","@id":"https:\/\/www.miomiorun.com\/de\/#\/schema\/logo\/image\/","url":"https:\/\/www.miomiorun.com\/app\/uploads\/2019\/12\/logomio.png","contentUrl":"https:\/\/www.miomiorun.com\/app\/uploads\/2019\/12\/logomio.png","width":115,"height":82,"caption":"MioMio Run"},"image":{"@id":"https:\/\/www.miomiorun.com\/de\/#\/schema\/logo\/image\/"},"sameAs":["https:\/\/www.facebook.com\/miomiorun\/","https:\/\/www.instagram.com\/miomiorun\/"]}]}},"_links":{"self":[{"href":"https:\/\/www.miomiorun.com\/de\/wp-json\/wp\/v2\/product\/171848","targetHints":{"allow":["GET"]}}],"collection":[{"href":"https:\/\/www.miomiorun.com\/de\/wp-json\/wp\/v2\/product"}],"about":[{"href":"https:\/\/www.miomiorun.com\/de\/wp-json\/wp\/v2\/types\/product"}],"wp:featuredmedia":[{"embeddable":true,"href":"https:\/\/www.miomiorun.com\/de\/wp-json\/wp\/v2\/media\/51412"}],"wp:attachment":[{"href":"https:\/\/www.miomiorun.com\/de\/wp-json\/wp\/v2\/media?parent=171848"}],"wp:term":[{"taxonomy":"product_brand","embeddable":true,"href":"https:\/\/www.miomiorun.com\/de\/wp-json\/wp\/v2\/product_brand?post=171848"},{"taxonomy":"product_cat","embeddable":true,"href":"https:\/\/www.miomiorun.com\/de\/wp-json\/wp\/v2\/product_cat?post=171848"},{"taxonomy":"product_tag","embeddable":true,"href":"https:\/\/www.miomiorun.com\/de\/wp-json\/wp\/v2\/product_tag?post=171848"}],"curies":[{"name":"wp","href":"https:\/\/api.w.org\/{rel}","templated":true}]}}