{"id":171842,"date":"2020-03-24T09:42:34","date_gmt":"2020-03-24T08:42:34","guid":{"rendered":"https:\/\/miomiorun.com\/prodotto\/newline-iconic-protect-tight-uomo\/"},"modified":"2026-03-18T17:39:13","modified_gmt":"2026-03-18T16:39:13","slug":"iconic-protect-tight-herren","status":"publish","type":"product","link":"https:\/\/www.miomiorun.com\/de\/produkt\/iconic-protect-tight-herren\/","title":{"rendered":"Iconic Protect Tight herren"},"content":{"rendered":"<p>Die Newline Iconic Protect Tight lange Hose f\u00fcr Herren ist eine eng anliegende Hose mit 3 Schutzschichten. Sie hat ein Fleece-Innenfutter, einen Kn\u00f6chelsaum mit Rei\u00dfverschluss und drei Ges\u00e4\u00dftaschen. Sie hat einen vorgeformten Kniebereich mit Mesh-Einsatz und einen elastischen Bund f\u00fcr optimale Funktionalit\u00e4t und Komfort. Sie ist eine ideale Winterhose.<\/p>\n<p>Material: 90% Polyester \/ 10% Elastan<\/p>\n<p><strong>Eigenschaften:<\/strong><\/p>\n<ul>\n<li>3 Schutzschichten<\/li>\n<li>Fleece-Futter<\/li>\n<li>Geformter Kniebereich<\/li>\n<li>Saum mit Rei\u00dfverschluss an den Kn\u00f6cheln<\/li>\n<li>3 Ges\u00e4\u00dftaschen<\/li>\n<li>Elastischer Bund<\/li>\n<\/ul>\n","protected":false},"excerpt":{"rendered":"<p>Die Newline Iconic Protect Tight lange Hose f\u00fcr Herren ist eine eng anliegende Hose mit 3 Schutzschichten. Sie hat ein Fleece-Innenfutter, einen Kn\u00f6chelsaum mit Rei\u00dfverschluss und drei Ges\u00e4\u00dftaschen. Sie hat einen vorgeformten Kniebereich mit Mesh-Einsatz und einen elastischen Bund f\u00fcr optimale Funktionalit\u00e4t und Komfort. Sie ist eine ideale Winterhose. Material: 90% Polyester \/ 10% Elastan &hellip; <a href=\"https:\/\/www.miomiorun.com\/de\/produkt\/iconic-protect-tight-herren\/\">Continued<\/a><\/p>\n","protected":false},"featured_media":51378,"template":"","meta":{"_acf_changed":false,"inline_featured_image":false},"product_brand":[],"product_cat":[6529,6528,6521],"product_tag":[3385,6257],"class_list":{"0":"post-171842","1":"product","2":"type-product","3":"status-publish","4":"has-post-thumbnail","6":"product_cat-herren-sale-de","7":"product_cat-sale-bekleidung-herren-de","8":"product_cat-sale-hosen-herren-de","9":"product_tag-newline-de","10":"product_tag-newline-herren-de","11":"pa_attivita-gehen","12":"pa_attivita-running-de","13":"pa_colore-newline-iconic-protect-tight-73142356-de","14":"pa_marca-newline-de","15":"pa_sesso-herren","16":"pa_size-small-de","18":"first","19":"instock","20":"sale","21":"taxable","22":"shipping-taxable","23":"purchasable","24":"product-type-variable","25":"wvs-archive-product-wrapper"},"acf":[],"yoast_head":"<!-- This site is optimized with the Yoast SEO plugin v26.8 - https:\/\/yoast.com\/product\/yoast-seo-wordpress\/ -->\n<title>Iconic Protect Tight herren - Lange Hosen - MioMioRun<\/title>\n<meta name=\"description\" content=\"Die Newline Iconic Protect Tight Herrenhose ist mit 3 Schutzschichten, Fleecefutter, Rei\u00dfverschluss am Kn\u00f6chelsaum und 3 Taschen ausgestattet.\" \/>\n<meta name=\"robots\" content=\"index, follow, max-snippet:-1, max-image-preview:large, max-video-preview:-1\" \/>\n<link rel=\"canonical\" href=\"https:\/\/www.miomiorun.com\/de\/produkt\/iconic-protect-tight-herren\/\" \/>\n<meta property=\"og:locale\" content=\"de_DE\" \/>\n<meta property=\"og:type\" content=\"article\" \/>\n<meta property=\"og:title\" content=\"Iconic Protect Tight herren - Lange Hosen - MioMioRun\" \/>\n<meta property=\"og:description\" content=\"Die Newline Iconic Protect Tight Herrenhose ist mit 3 Schutzschichten, Fleecefutter, Rei\u00dfverschluss am Kn\u00f6chelsaum und 3 Taschen ausgestattet.\" \/>\n<meta property=\"og:url\" content=\"https:\/\/www.miomiorun.com\/de\/produkt\/iconic-protect-tight-herren\/\" \/>\n<meta property=\"og:site_name\" content=\"MioMioRun\" \/>\n<meta property=\"article:publisher\" content=\"https:\/\/www.facebook.com\/miomiorun\/\" \/>\n<meta property=\"article:modified_time\" content=\"2026-03-18T16:39:13+00:00\" \/>\n<meta property=\"og:image\" content=\"https:\/\/www.miomiorun.com\/app\/uploads\/2020\/03\/Newline-Iconic-Protect-Tight-73142_356.jpg\" \/>\n\t<meta property=\"og:image:width\" content=\"595\" \/>\n\t<meta property=\"og:image:height\" content=\"595\" \/>\n\t<meta property=\"og:image:type\" content=\"image\/jpeg\" \/>\n<meta name=\"twitter:card\" content=\"summary_large_image\" \/>\n<script type=\"application\/ld+json\" class=\"yoast-schema-graph\">{\"@context\":\"https:\/\/schema.org\",\"@graph\":[{\"@type\":\"WebPage\",\"@id\":\"https:\/\/www.miomiorun.com\/de\/produkt\/iconic-protect-tight-herren\/\",\"url\":\"https:\/\/www.miomiorun.com\/de\/produkt\/iconic-protect-tight-herren\/\",\"name\":\"Iconic Protect Tight herren - Lange Hosen - MioMioRun\",\"isPartOf\":{\"@id\":\"https:\/\/www.miomiorun.com\/de\/#website\"},\"primaryImageOfPage\":{\"@id\":\"https:\/\/www.miomiorun.com\/de\/produkt\/iconic-protect-tight-herren\/#primaryimage\"},\"image\":{\"@id\":\"https:\/\/www.miomiorun.com\/de\/produkt\/iconic-protect-tight-herren\/#primaryimage\"},\"thumbnailUrl\":\"https:\/\/www.miomiorun.com\/app\/uploads\/2020\/03\/Newline-Iconic-Protect-Tight-73142_356.jpg\",\"datePublished\":\"2020-03-24T08:42:34+00:00\",\"dateModified\":\"2026-03-18T16:39:13+00:00\",\"description\":\"Die Newline Iconic Protect Tight Herrenhose ist mit 3 Schutzschichten, Fleecefutter, Rei\u00dfverschluss am Kn\u00f6chelsaum und 3 Taschen ausgestattet.\",\"breadcrumb\":{\"@id\":\"https:\/\/www.miomiorun.com\/de\/produkt\/iconic-protect-tight-herren\/#breadcrumb\"},\"inLanguage\":\"de-DE\",\"potentialAction\":[{\"@type\":\"ReadAction\",\"target\":[\"https:\/\/www.miomiorun.com\/de\/produkt\/iconic-protect-tight-herren\/\"]}]},{\"@type\":\"ImageObject\",\"inLanguage\":\"de-DE\",\"@id\":\"https:\/\/www.miomiorun.com\/de\/produkt\/iconic-protect-tight-herren\/#primaryimage\",\"url\":\"https:\/\/www.miomiorun.com\/app\/uploads\/2020\/03\/Newline-Iconic-Protect-Tight-73142_356.jpg\",\"contentUrl\":\"https:\/\/www.miomiorun.com\/app\/uploads\/2020\/03\/Newline-Iconic-Protect-Tight-73142_356.jpg\",\"width\":595,\"height\":595,\"caption\":\"Newline-Iconic-Protect-Tight-73142_356\"},{\"@type\":\"BreadcrumbList\",\"@id\":\"https:\/\/www.miomiorun.com\/de\/produkt\/iconic-protect-tight-herren\/#breadcrumb\",\"itemListElement\":[{\"@type\":\"ListItem\",\"position\":1,\"name\":\"Home\",\"item\":\"https:\/\/www.miomiorun.com\/de\/\"},{\"@type\":\"ListItem\",\"position\":2,\"name\":\"Shop\",\"item\":\"https:\/\/www.miomiorun.com\/shop\/\"},{\"@type\":\"ListItem\",\"position\":3,\"name\":\"Iconic Protect Tight herren\"}]},{\"@type\":\"WebSite\",\"@id\":\"https:\/\/www.miomiorun.com\/de\/#website\",\"url\":\"https:\/\/www.miomiorun.com\/de\/\",\"name\":\"MioMioRun\",\"description\":\"100% Lauf- und Trailshop\",\"publisher\":{\"@id\":\"https:\/\/www.miomiorun.com\/de\/#organization\"},\"potentialAction\":[{\"@type\":\"SearchAction\",\"target\":{\"@type\":\"EntryPoint\",\"urlTemplate\":\"https:\/\/www.miomiorun.com\/de\/?s={search_term_string}\"},\"query-input\":{\"@type\":\"PropertyValueSpecification\",\"valueRequired\":true,\"valueName\":\"search_term_string\"}}],\"inLanguage\":\"de-DE\"},{\"@type\":\"Organization\",\"@id\":\"https:\/\/www.miomiorun.com\/de\/#organization\",\"name\":\"MioMio Run\",\"url\":\"https:\/\/www.miomiorun.com\/de\/\",\"logo\":{\"@type\":\"ImageObject\",\"inLanguage\":\"de-DE\",\"@id\":\"https:\/\/www.miomiorun.com\/de\/#\/schema\/logo\/image\/\",\"url\":\"https:\/\/www.miomiorun.com\/app\/uploads\/2019\/12\/logomio.png\",\"contentUrl\":\"https:\/\/www.miomiorun.com\/app\/uploads\/2019\/12\/logomio.png\",\"width\":115,\"height\":82,\"caption\":\"MioMio Run\"},\"image\":{\"@id\":\"https:\/\/www.miomiorun.com\/de\/#\/schema\/logo\/image\/\"},\"sameAs\":[\"https:\/\/www.facebook.com\/miomiorun\/\",\"https:\/\/www.instagram.com\/miomiorun\/\"]}]}<\/script>\n<!-- \/ Yoast SEO plugin. -->","yoast_head_json":{"title":"Iconic Protect Tight herren - Lange Hosen - MioMioRun","description":"Die Newline Iconic Protect Tight Herrenhose ist mit 3 Schutzschichten, Fleecefutter, Rei\u00dfverschluss am Kn\u00f6chelsaum und 3 Taschen ausgestattet.","robots":{"index":"index","follow":"follow","max-snippet":"max-snippet:-1","max-image-preview":"max-image-preview:large","max-video-preview":"max-video-preview:-1"},"canonical":"https:\/\/www.miomiorun.com\/de\/produkt\/iconic-protect-tight-herren\/","og_locale":"de_DE","og_type":"article","og_title":"Iconic Protect Tight herren - Lange Hosen - MioMioRun","og_description":"Die Newline Iconic Protect Tight Herrenhose ist mit 3 Schutzschichten, Fleecefutter, Rei\u00dfverschluss am Kn\u00f6chelsaum und 3 Taschen ausgestattet.","og_url":"https:\/\/www.miomiorun.com\/de\/produkt\/iconic-protect-tight-herren\/","og_site_name":"MioMioRun","article_publisher":"https:\/\/www.facebook.com\/miomiorun\/","article_modified_time":"2026-03-18T16:39:13+00:00","og_image":[{"width":595,"height":595,"url":"https:\/\/www.miomiorun.com\/app\/uploads\/2020\/03\/Newline-Iconic-Protect-Tight-73142_356.jpg","type":"image\/jpeg"}],"twitter_card":"summary_large_image","schema":{"@context":"https:\/\/schema.org","@graph":[{"@type":"WebPage","@id":"https:\/\/www.miomiorun.com\/de\/produkt\/iconic-protect-tight-herren\/","url":"https:\/\/www.miomiorun.com\/de\/produkt\/iconic-protect-tight-herren\/","name":"Iconic Protect Tight herren - Lange Hosen - MioMioRun","isPartOf":{"@id":"https:\/\/www.miomiorun.com\/de\/#website"},"primaryImageOfPage":{"@id":"https:\/\/www.miomiorun.com\/de\/produkt\/iconic-protect-tight-herren\/#primaryimage"},"image":{"@id":"https:\/\/www.miomiorun.com\/de\/produkt\/iconic-protect-tight-herren\/#primaryimage"},"thumbnailUrl":"https:\/\/www.miomiorun.com\/app\/uploads\/2020\/03\/Newline-Iconic-Protect-Tight-73142_356.jpg","datePublished":"2020-03-24T08:42:34+00:00","dateModified":"2026-03-18T16:39:13+00:00","description":"Die Newline Iconic Protect Tight Herrenhose ist mit 3 Schutzschichten, Fleecefutter, Rei\u00dfverschluss am Kn\u00f6chelsaum und 3 Taschen ausgestattet.","breadcrumb":{"@id":"https:\/\/www.miomiorun.com\/de\/produkt\/iconic-protect-tight-herren\/#breadcrumb"},"inLanguage":"de-DE","potentialAction":[{"@type":"ReadAction","target":["https:\/\/www.miomiorun.com\/de\/produkt\/iconic-protect-tight-herren\/"]}]},{"@type":"ImageObject","inLanguage":"de-DE","@id":"https:\/\/www.miomiorun.com\/de\/produkt\/iconic-protect-tight-herren\/#primaryimage","url":"https:\/\/www.miomiorun.com\/app\/uploads\/2020\/03\/Newline-Iconic-Protect-Tight-73142_356.jpg","contentUrl":"https:\/\/www.miomiorun.com\/app\/uploads\/2020\/03\/Newline-Iconic-Protect-Tight-73142_356.jpg","width":595,"height":595,"caption":"Newline-Iconic-Protect-Tight-73142_356"},{"@type":"BreadcrumbList","@id":"https:\/\/www.miomiorun.com\/de\/produkt\/iconic-protect-tight-herren\/#breadcrumb","itemListElement":[{"@type":"ListItem","position":1,"name":"Home","item":"https:\/\/www.miomiorun.com\/de\/"},{"@type":"ListItem","position":2,"name":"Shop","item":"https:\/\/www.miomiorun.com\/shop\/"},{"@type":"ListItem","position":3,"name":"Iconic Protect Tight herren"}]},{"@type":"WebSite","@id":"https:\/\/www.miomiorun.com\/de\/#website","url":"https:\/\/www.miomiorun.com\/de\/","name":"MioMioRun","description":"100% Lauf- und Trailshop","publisher":{"@id":"https:\/\/www.miomiorun.com\/de\/#organization"},"potentialAction":[{"@type":"SearchAction","target":{"@type":"EntryPoint","urlTemplate":"https:\/\/www.miomiorun.com\/de\/?s={search_term_string}"},"query-input":{"@type":"PropertyValueSpecification","valueRequired":true,"valueName":"search_term_string"}}],"inLanguage":"de-DE"},{"@type":"Organization","@id":"https:\/\/www.miomiorun.com\/de\/#organization","name":"MioMio Run","url":"https:\/\/www.miomiorun.com\/de\/","logo":{"@type":"ImageObject","inLanguage":"de-DE","@id":"https:\/\/www.miomiorun.com\/de\/#\/schema\/logo\/image\/","url":"https:\/\/www.miomiorun.com\/app\/uploads\/2019\/12\/logomio.png","contentUrl":"https:\/\/www.miomiorun.com\/app\/uploads\/2019\/12\/logomio.png","width":115,"height":82,"caption":"MioMio Run"},"image":{"@id":"https:\/\/www.miomiorun.com\/de\/#\/schema\/logo\/image\/"},"sameAs":["https:\/\/www.facebook.com\/miomiorun\/","https:\/\/www.instagram.com\/miomiorun\/"]}]}},"_links":{"self":[{"href":"https:\/\/www.miomiorun.com\/de\/wp-json\/wp\/v2\/product\/171842","targetHints":{"allow":["GET"]}}],"collection":[{"href":"https:\/\/www.miomiorun.com\/de\/wp-json\/wp\/v2\/product"}],"about":[{"href":"https:\/\/www.miomiorun.com\/de\/wp-json\/wp\/v2\/types\/product"}],"wp:featuredmedia":[{"embeddable":true,"href":"https:\/\/www.miomiorun.com\/de\/wp-json\/wp\/v2\/media\/51378"}],"wp:attachment":[{"href":"https:\/\/www.miomiorun.com\/de\/wp-json\/wp\/v2\/media?parent=171842"}],"wp:term":[{"taxonomy":"product_brand","embeddable":true,"href":"https:\/\/www.miomiorun.com\/de\/wp-json\/wp\/v2\/product_brand?post=171842"},{"taxonomy":"product_cat","embeddable":true,"href":"https:\/\/www.miomiorun.com\/de\/wp-json\/wp\/v2\/product_cat?post=171842"},{"taxonomy":"product_tag","embeddable":true,"href":"https:\/\/www.miomiorun.com\/de\/wp-json\/wp\/v2\/product_tag?post=171842"}],"curies":[{"name":"wp","href":"https:\/\/api.w.org\/{rel}","templated":true}]}}