{"id":171837,"date":"2020-04-10T16:38:53","date_gmt":"2020-04-10T14:38:53","guid":{"rendered":"https:\/\/miomiorun.com\/prodotto\/newline-core-warm-tights-uomo\/"},"modified":"2024-05-28T14:25:54","modified_gmt":"2024-05-28T12:25:54","slug":"core-warm-tights-herren","status":"publish","type":"product","link":"https:\/\/www.miomiorun.com\/de\/produkt\/core-warm-tights-herren\/","title":{"rendered":"Core Warm Tights herren"},"content":{"rendered":"<p>Die Core Warm Tights sind aus einem bequemen Stretchmaterial gefertigt, das f\u00fcr ein gutes Feuchtigkeitsmanagement sorgt. Die Hose hat eine Ges\u00e4\u00dftasche mit Rei\u00dfverschluss, einen elastischen Bund mit Kordelzug und Beinrei\u00dfverschl\u00fcsse. Die Hose hat eine flache Nahtkonstruktion f\u00fcr optimalen Komfort.<\/p>\n<p>Stoff: 90% poliestere \/ 10% elastan<\/p>\n","protected":false},"excerpt":{"rendered":"<p>Die Core Warm Tights sind aus einem bequemen Stretchmaterial gefertigt, das f\u00fcr ein gutes Feuchtigkeitsmanagement sorgt. Die Hose hat eine Ges\u00e4\u00dftasche mit Rei\u00dfverschluss, einen elastischen Bund mit Kordelzug und Beinrei\u00dfverschl\u00fcsse. Die Hose hat eine flache Nahtkonstruktion f\u00fcr optimalen Komfort. Stoff: 90% poliestere \/ 10% elastan<\/p>\n","protected":false},"featured_media":51786,"template":"","meta":{"_acf_changed":false,"inline_featured_image":false},"product_brand":[],"product_cat":[6529,6528,6521],"product_tag":[3385,6257],"class_list":{"0":"post-171837","1":"product","2":"type-product","3":"status-publish","4":"has-post-thumbnail","6":"product_cat-herren-sale-de","7":"product_cat-sale-bekleidung-herren-de","8":"product_cat-sale-hosen-herren-de","9":"product_tag-newline-de","10":"product_tag-newline-herren-de","11":"pa_attivita-gehen","12":"pa_attivita-running-de","13":"pa_marca-newline-de","14":"pa_sesso-herren","15":"pa_size-small-de","17":"first","18":"instock","19":"sale","20":"taxable","21":"shipping-taxable","22":"purchasable","23":"product-type-variable","24":"wvs-archive-product-wrapper"},"acf":[],"yoast_head":"<!-- This site is optimized with the Yoast SEO plugin v26.8 - https:\/\/yoast.com\/product\/yoast-seo-wordpress\/ -->\n<title>NewlineCore Warm Tights herren - Lange Hosen - MioMioRun<\/title>\n<meta name=\"description\" content=\"Die Core Warm Tights sind aus einem bequemen Stretchmaterial gefertigt, das f\u00fcr ein gutes Feuchtigkeitsmanagement sorgt.\" \/>\n<meta name=\"robots\" content=\"index, follow, max-snippet:-1, max-image-preview:large, max-video-preview:-1\" \/>\n<link rel=\"canonical\" href=\"https:\/\/www.miomiorun.com\/de\/produkt\/core-warm-tights-herren\/\" \/>\n<meta property=\"og:locale\" content=\"de_DE\" \/>\n<meta property=\"og:type\" content=\"article\" \/>\n<meta property=\"og:title\" content=\"NewlineCore Warm Tights herren - Lange Hosen - MioMioRun\" \/>\n<meta property=\"og:description\" content=\"Die Core Warm Tights sind aus einem bequemen Stretchmaterial gefertigt, das f\u00fcr ein gutes Feuchtigkeitsmanagement sorgt.\" \/>\n<meta property=\"og:url\" content=\"https:\/\/www.miomiorun.com\/de\/produkt\/core-warm-tights-herren\/\" \/>\n<meta property=\"og:site_name\" content=\"MioMioRun\" \/>\n<meta property=\"article:publisher\" content=\"https:\/\/www.facebook.com\/miomiorun\/\" \/>\n<meta property=\"article:modified_time\" content=\"2024-05-28T12:25:54+00:00\" \/>\n<meta property=\"og:image\" content=\"https:\/\/www.miomiorun.com\/app\/uploads\/2020\/04\/Core-warm-tights.jpg\" \/>\n\t<meta property=\"og:image:width\" content=\"600\" \/>\n\t<meta property=\"og:image:height\" content=\"600\" \/>\n\t<meta property=\"og:image:type\" content=\"image\/jpeg\" \/>\n<meta name=\"twitter:card\" content=\"summary_large_image\" \/>\n<script type=\"application\/ld+json\" class=\"yoast-schema-graph\">{\"@context\":\"https:\/\/schema.org\",\"@graph\":[{\"@type\":\"WebPage\",\"@id\":\"https:\/\/www.miomiorun.com\/de\/produkt\/core-warm-tights-herren\/\",\"url\":\"https:\/\/www.miomiorun.com\/de\/produkt\/core-warm-tights-herren\/\",\"name\":\"NewlineCore Warm Tights herren - Lange Hosen - MioMioRun\",\"isPartOf\":{\"@id\":\"https:\/\/www.miomiorun.com\/de\/#website\"},\"primaryImageOfPage\":{\"@id\":\"https:\/\/www.miomiorun.com\/de\/produkt\/core-warm-tights-herren\/#primaryimage\"},\"image\":{\"@id\":\"https:\/\/www.miomiorun.com\/de\/produkt\/core-warm-tights-herren\/#primaryimage\"},\"thumbnailUrl\":\"https:\/\/www.miomiorun.com\/app\/uploads\/2020\/04\/Core-warm-tights.jpg\",\"datePublished\":\"2020-04-10T14:38:53+00:00\",\"dateModified\":\"2024-05-28T12:25:54+00:00\",\"description\":\"Die Core Warm Tights sind aus einem bequemen Stretchmaterial gefertigt, das f\u00fcr ein gutes Feuchtigkeitsmanagement sorgt.\",\"breadcrumb\":{\"@id\":\"https:\/\/www.miomiorun.com\/de\/produkt\/core-warm-tights-herren\/#breadcrumb\"},\"inLanguage\":\"de-DE\",\"potentialAction\":[{\"@type\":\"ReadAction\",\"target\":[\"https:\/\/www.miomiorun.com\/de\/produkt\/core-warm-tights-herren\/\"]}]},{\"@type\":\"ImageObject\",\"inLanguage\":\"de-DE\",\"@id\":\"https:\/\/www.miomiorun.com\/de\/produkt\/core-warm-tights-herren\/#primaryimage\",\"url\":\"https:\/\/www.miomiorun.com\/app\/uploads\/2020\/04\/Core-warm-tights.jpg\",\"contentUrl\":\"https:\/\/www.miomiorun.com\/app\/uploads\/2020\/04\/Core-warm-tights.jpg\",\"width\":600,\"height\":600,\"caption\":\"Core-warm-tights\"},{\"@type\":\"BreadcrumbList\",\"@id\":\"https:\/\/www.miomiorun.com\/de\/produkt\/core-warm-tights-herren\/#breadcrumb\",\"itemListElement\":[{\"@type\":\"ListItem\",\"position\":1,\"name\":\"Home\",\"item\":\"https:\/\/www.miomiorun.com\/de\/\"},{\"@type\":\"ListItem\",\"position\":2,\"name\":\"Shop\",\"item\":\"https:\/\/www.miomiorun.com\/shop\/\"},{\"@type\":\"ListItem\",\"position\":3,\"name\":\"Core Warm Tights herren\"}]},{\"@type\":\"WebSite\",\"@id\":\"https:\/\/www.miomiorun.com\/de\/#website\",\"url\":\"https:\/\/www.miomiorun.com\/de\/\",\"name\":\"MioMioRun\",\"description\":\"100% Lauf- und Trailshop\",\"publisher\":{\"@id\":\"https:\/\/www.miomiorun.com\/de\/#organization\"},\"potentialAction\":[{\"@type\":\"SearchAction\",\"target\":{\"@type\":\"EntryPoint\",\"urlTemplate\":\"https:\/\/www.miomiorun.com\/de\/?s={search_term_string}\"},\"query-input\":{\"@type\":\"PropertyValueSpecification\",\"valueRequired\":true,\"valueName\":\"search_term_string\"}}],\"inLanguage\":\"de-DE\"},{\"@type\":\"Organization\",\"@id\":\"https:\/\/www.miomiorun.com\/de\/#organization\",\"name\":\"MioMio Run\",\"url\":\"https:\/\/www.miomiorun.com\/de\/\",\"logo\":{\"@type\":\"ImageObject\",\"inLanguage\":\"de-DE\",\"@id\":\"https:\/\/www.miomiorun.com\/de\/#\/schema\/logo\/image\/\",\"url\":\"https:\/\/www.miomiorun.com\/app\/uploads\/2019\/12\/logomio.png\",\"contentUrl\":\"https:\/\/www.miomiorun.com\/app\/uploads\/2019\/12\/logomio.png\",\"width\":115,\"height\":82,\"caption\":\"MioMio Run\"},\"image\":{\"@id\":\"https:\/\/www.miomiorun.com\/de\/#\/schema\/logo\/image\/\"},\"sameAs\":[\"https:\/\/www.facebook.com\/miomiorun\/\",\"https:\/\/www.instagram.com\/miomiorun\/\"]}]}<\/script>\n<!-- \/ Yoast SEO plugin. -->","yoast_head_json":{"title":"NewlineCore Warm Tights herren - Lange Hosen - MioMioRun","description":"Die Core Warm Tights sind aus einem bequemen Stretchmaterial gefertigt, das f\u00fcr ein gutes Feuchtigkeitsmanagement sorgt.","robots":{"index":"index","follow":"follow","max-snippet":"max-snippet:-1","max-image-preview":"max-image-preview:large","max-video-preview":"max-video-preview:-1"},"canonical":"https:\/\/www.miomiorun.com\/de\/produkt\/core-warm-tights-herren\/","og_locale":"de_DE","og_type":"article","og_title":"NewlineCore Warm Tights herren - Lange Hosen - MioMioRun","og_description":"Die Core Warm Tights sind aus einem bequemen Stretchmaterial gefertigt, das f\u00fcr ein gutes Feuchtigkeitsmanagement sorgt.","og_url":"https:\/\/www.miomiorun.com\/de\/produkt\/core-warm-tights-herren\/","og_site_name":"MioMioRun","article_publisher":"https:\/\/www.facebook.com\/miomiorun\/","article_modified_time":"2024-05-28T12:25:54+00:00","og_image":[{"width":600,"height":600,"url":"https:\/\/www.miomiorun.com\/app\/uploads\/2020\/04\/Core-warm-tights.jpg","type":"image\/jpeg"}],"twitter_card":"summary_large_image","schema":{"@context":"https:\/\/schema.org","@graph":[{"@type":"WebPage","@id":"https:\/\/www.miomiorun.com\/de\/produkt\/core-warm-tights-herren\/","url":"https:\/\/www.miomiorun.com\/de\/produkt\/core-warm-tights-herren\/","name":"NewlineCore Warm Tights herren - Lange Hosen - MioMioRun","isPartOf":{"@id":"https:\/\/www.miomiorun.com\/de\/#website"},"primaryImageOfPage":{"@id":"https:\/\/www.miomiorun.com\/de\/produkt\/core-warm-tights-herren\/#primaryimage"},"image":{"@id":"https:\/\/www.miomiorun.com\/de\/produkt\/core-warm-tights-herren\/#primaryimage"},"thumbnailUrl":"https:\/\/www.miomiorun.com\/app\/uploads\/2020\/04\/Core-warm-tights.jpg","datePublished":"2020-04-10T14:38:53+00:00","dateModified":"2024-05-28T12:25:54+00:00","description":"Die Core Warm Tights sind aus einem bequemen Stretchmaterial gefertigt, das f\u00fcr ein gutes Feuchtigkeitsmanagement sorgt.","breadcrumb":{"@id":"https:\/\/www.miomiorun.com\/de\/produkt\/core-warm-tights-herren\/#breadcrumb"},"inLanguage":"de-DE","potentialAction":[{"@type":"ReadAction","target":["https:\/\/www.miomiorun.com\/de\/produkt\/core-warm-tights-herren\/"]}]},{"@type":"ImageObject","inLanguage":"de-DE","@id":"https:\/\/www.miomiorun.com\/de\/produkt\/core-warm-tights-herren\/#primaryimage","url":"https:\/\/www.miomiorun.com\/app\/uploads\/2020\/04\/Core-warm-tights.jpg","contentUrl":"https:\/\/www.miomiorun.com\/app\/uploads\/2020\/04\/Core-warm-tights.jpg","width":600,"height":600,"caption":"Core-warm-tights"},{"@type":"BreadcrumbList","@id":"https:\/\/www.miomiorun.com\/de\/produkt\/core-warm-tights-herren\/#breadcrumb","itemListElement":[{"@type":"ListItem","position":1,"name":"Home","item":"https:\/\/www.miomiorun.com\/de\/"},{"@type":"ListItem","position":2,"name":"Shop","item":"https:\/\/www.miomiorun.com\/shop\/"},{"@type":"ListItem","position":3,"name":"Core Warm Tights herren"}]},{"@type":"WebSite","@id":"https:\/\/www.miomiorun.com\/de\/#website","url":"https:\/\/www.miomiorun.com\/de\/","name":"MioMioRun","description":"100% Lauf- und Trailshop","publisher":{"@id":"https:\/\/www.miomiorun.com\/de\/#organization"},"potentialAction":[{"@type":"SearchAction","target":{"@type":"EntryPoint","urlTemplate":"https:\/\/www.miomiorun.com\/de\/?s={search_term_string}"},"query-input":{"@type":"PropertyValueSpecification","valueRequired":true,"valueName":"search_term_string"}}],"inLanguage":"de-DE"},{"@type":"Organization","@id":"https:\/\/www.miomiorun.com\/de\/#organization","name":"MioMio Run","url":"https:\/\/www.miomiorun.com\/de\/","logo":{"@type":"ImageObject","inLanguage":"de-DE","@id":"https:\/\/www.miomiorun.com\/de\/#\/schema\/logo\/image\/","url":"https:\/\/www.miomiorun.com\/app\/uploads\/2019\/12\/logomio.png","contentUrl":"https:\/\/www.miomiorun.com\/app\/uploads\/2019\/12\/logomio.png","width":115,"height":82,"caption":"MioMio Run"},"image":{"@id":"https:\/\/www.miomiorun.com\/de\/#\/schema\/logo\/image\/"},"sameAs":["https:\/\/www.facebook.com\/miomiorun\/","https:\/\/www.instagram.com\/miomiorun\/"]}]}},"_links":{"self":[{"href":"https:\/\/www.miomiorun.com\/de\/wp-json\/wp\/v2\/product\/171837","targetHints":{"allow":["GET"]}}],"collection":[{"href":"https:\/\/www.miomiorun.com\/de\/wp-json\/wp\/v2\/product"}],"about":[{"href":"https:\/\/www.miomiorun.com\/de\/wp-json\/wp\/v2\/types\/product"}],"wp:featuredmedia":[{"embeddable":true,"href":"https:\/\/www.miomiorun.com\/de\/wp-json\/wp\/v2\/media\/51786"}],"wp:attachment":[{"href":"https:\/\/www.miomiorun.com\/de\/wp-json\/wp\/v2\/media?parent=171837"}],"wp:term":[{"taxonomy":"product_brand","embeddable":true,"href":"https:\/\/www.miomiorun.com\/de\/wp-json\/wp\/v2\/product_brand?post=171837"},{"taxonomy":"product_cat","embeddable":true,"href":"https:\/\/www.miomiorun.com\/de\/wp-json\/wp\/v2\/product_cat?post=171837"},{"taxonomy":"product_tag","embeddable":true,"href":"https:\/\/www.miomiorun.com\/de\/wp-json\/wp\/v2\/product_tag?post=171837"}],"curies":[{"name":"wp","href":"https:\/\/api.w.org\/{rel}","templated":true}]}}