{"id":171774,"date":"2023-07-13T15:10:10","date_gmt":"2023-07-13T13:10:10","guid":{"rendered":"https:\/\/miomiorun.com\/prodotto\/marathon-ow-pants-short-uomo\/"},"modified":"2024-05-28T15:13:29","modified_gmt":"2024-05-28T13:13:29","slug":"marathon-ow-pants-short-herren","status":"publish","type":"product","link":"https:\/\/www.miomiorun.com\/de\/produkt\/marathon-ow-pants-short-herren\/","title":{"rendered":"Marathon OW Pants Short herren"},"content":{"rendered":"<p>Men&#8217;s <strong>Marathon<\/strong> ist die ultraleichte (weniger als 70 Gramm) Laufshort mit dem exklusiven Zero-Friction-System, das Scheuerstellen zwischen Haut und Stoff eliminiert. Die nahtlose Konstruktion im Beinbereich, nur eine in der Mitte der Shorts, verhindert Abrieb und erh\u00f6ht den Komfort \u00fcber lange Strecken. Der ergonomische, elastische Bund sorgt daf\u00fcr, dass die Shorts immer in der richtigen Position bleiben, und die 3D-Verarbeitung des Gewebes gew\u00e4hrleistet eine perfekte Passform.<\/p>\n<p>Material: 100% POLYAMID<\/p>\n<p>&nbsp;<\/p>\n<h3>NULL-REIBUNGS-SYSTEM<\/h3>\n<p>Konstruiert f\u00fcr null Ablenkung und absolute Bewegungsfreiheit. Durch den Verzicht auf N\u00e4hte an der Innen- und Au\u00dfenseite des Beins wird die Haut vor Reibung gesch\u00fctzt. Wenn Sie es einmal ausprobiert haben, werden Sie das Zero-Friction-System nicht mehr missen wollen.<\/p>\n<h3>\n3D-BEWEGUNGSLINIEN<\/h3>\n<p>F\u00fcr mehr Bewegungsfreiheit werden dreidimensionale Linien in die Struktur des Materials eingearbeitet. Diese spezielle Produktionstechnologie erh\u00f6ht die Elastizit\u00e4t und garantiert eine perfekte Passform.<\/p>\n<h3>\nERGONOMISCH ELASTISCH<\/h3>\n<p>Der ergonomische, elastische Bund ist so optimiert, dass er einen festen Halt bietet, ohne zu dr\u00fccken, und macht das Schn\u00fcren \u00fcberfl\u00fcssig. Die Hose l\u00e4sst sich leicht anziehen und ist sofort einsatzbereit f\u00fcr einen Lauf.<\/p>\n<p>&nbsp;<\/p>\n<div class=\"tab-custom-inner-max content-wysiwyg\">\n<div class=\"product-line\">\n<div id=\"tab-technology\" class=\"tab-pane active\" role=\"tabpanel\">\n<div class=\"tab-custom\">\n<div class=\"tab-items\">\n<div class=\"row\">\n<div class=\"col-xs-12 col-sm-4\">\n<div class=\"tab-item\">\n<div class=\"media media-md\">\n<div class=\"media-left\"><\/div>\n<\/div>\n<\/div>\n<\/div>\n<\/div>\n<\/div>\n<\/div>\n<\/div>\n<\/div>\n<\/div>\n","protected":false},"excerpt":{"rendered":"<ul>\n<li>Anti-Kratz-Shorts<\/li>\n<li>Weich und dehnbar<\/li>\n<li>Schnell trocknend<\/li>\n<\/ul>\n","protected":false},"featured_media":133769,"template":"","meta":{"_acf_changed":false,"inline_featured_image":false},"product_brand":[],"product_cat":[6528,6522],"product_tag":[6315,6296],"class_list":{"0":"post-171774","1":"product","2":"type-product","3":"status-publish","4":"has-post-thumbnail","6":"product_cat-sale-bekleidung-herren-de","7":"product_cat-sale-shorts-herren-de","8":"product_tag-uyn-de","9":"product_tag-uyn-herren-de","10":"pa_attivita-running-de","11":"pa_marca-uyn-de","12":"pa_sesso-herren","13":"pa_size-large-de","15":"first","16":"instock","17":"sale","18":"taxable","19":"shipping-taxable","20":"purchasable","21":"product-type-variable","22":"wvs-archive-product-wrapper"},"acf":[],"yoast_head":"<!-- This site is optimized with the Yoast SEO plugin v26.8 - https:\/\/yoast.com\/product\/yoast-seo-wordpress\/ -->\n<title>UynMarathon OW Pants Short herren - Herren kurz - MioMioRun<\/title>\n<meta name=\"description\" content=\"Men&#039;s Marathon ist die ultraleichte Laufshort (mit einem Gewicht von weniger als 70 Gramm), die mit dem exklusiven Zero-Friction-System hergestellt wird.\" \/>\n<meta name=\"robots\" content=\"index, follow, max-snippet:-1, max-image-preview:large, max-video-preview:-1\" \/>\n<link rel=\"canonical\" href=\"https:\/\/www.miomiorun.com\/de\/produkt\/marathon-ow-pants-short-herren\/\" \/>\n<meta property=\"og:locale\" content=\"de_DE\" \/>\n<meta property=\"og:type\" content=\"article\" \/>\n<meta property=\"og:title\" content=\"UynMarathon OW Pants Short herren - Herren kurz - MioMioRun\" \/>\n<meta property=\"og:description\" content=\"Men&#039;s Marathon ist die ultraleichte Laufshort (mit einem Gewicht von weniger als 70 Gramm), die mit dem exklusiven Zero-Friction-System hergestellt wird.\" \/>\n<meta property=\"og:url\" content=\"https:\/\/www.miomiorun.com\/de\/produkt\/marathon-ow-pants-short-herren\/\" \/>\n<meta property=\"og:site_name\" content=\"MioMioRun\" \/>\n<meta property=\"article:publisher\" content=\"https:\/\/www.facebook.com\/miomiorun\/\" \/>\n<meta property=\"article:modified_time\" content=\"2024-05-28T13:13:29+00:00\" \/>\n<meta property=\"og:image\" content=\"https:\/\/www.miomiorun.com\/app\/uploads\/2023\/07\/Uyn-Marathon-OW-pants-M-O101659.jpg\" \/>\n\t<meta property=\"og:image:width\" content=\"600\" \/>\n\t<meta property=\"og:image:height\" content=\"600\" \/>\n\t<meta property=\"og:image:type\" content=\"image\/jpeg\" \/>\n<meta name=\"twitter:card\" content=\"summary_large_image\" \/>\n<meta name=\"twitter:label1\" content=\"Est. reading time\" \/>\n\t<meta name=\"twitter:data1\" content=\"1 minute\" \/>\n<script type=\"application\/ld+json\" class=\"yoast-schema-graph\">{\"@context\":\"https:\/\/schema.org\",\"@graph\":[{\"@type\":\"WebPage\",\"@id\":\"https:\/\/www.miomiorun.com\/de\/produkt\/marathon-ow-pants-short-herren\/\",\"url\":\"https:\/\/www.miomiorun.com\/de\/produkt\/marathon-ow-pants-short-herren\/\",\"name\":\"UynMarathon OW Pants Short herren - Herren kurz - MioMioRun\",\"isPartOf\":{\"@id\":\"https:\/\/www.miomiorun.com\/de\/#website\"},\"primaryImageOfPage\":{\"@id\":\"https:\/\/www.miomiorun.com\/de\/produkt\/marathon-ow-pants-short-herren\/#primaryimage\"},\"image\":{\"@id\":\"https:\/\/www.miomiorun.com\/de\/produkt\/marathon-ow-pants-short-herren\/#primaryimage\"},\"thumbnailUrl\":\"https:\/\/www.miomiorun.com\/app\/uploads\/2023\/07\/Uyn-Marathon-OW-pants-M-O101659.jpg\",\"datePublished\":\"2023-07-13T13:10:10+00:00\",\"dateModified\":\"2024-05-28T13:13:29+00:00\",\"description\":\"Men's Marathon ist die ultraleichte Laufshort (mit einem Gewicht von weniger als 70 Gramm), die mit dem exklusiven Zero-Friction-System hergestellt wird.\",\"breadcrumb\":{\"@id\":\"https:\/\/www.miomiorun.com\/de\/produkt\/marathon-ow-pants-short-herren\/#breadcrumb\"},\"inLanguage\":\"de-DE\",\"potentialAction\":[{\"@type\":\"ReadAction\",\"target\":[\"https:\/\/www.miomiorun.com\/de\/produkt\/marathon-ow-pants-short-herren\/\"]}]},{\"@type\":\"ImageObject\",\"inLanguage\":\"de-DE\",\"@id\":\"https:\/\/www.miomiorun.com\/de\/produkt\/marathon-ow-pants-short-herren\/#primaryimage\",\"url\":\"https:\/\/www.miomiorun.com\/app\/uploads\/2023\/07\/Uyn-Marathon-OW-pants-M-O101659.jpg\",\"contentUrl\":\"https:\/\/www.miomiorun.com\/app\/uploads\/2023\/07\/Uyn-Marathon-OW-pants-M-O101659.jpg\",\"width\":600,\"height\":600,\"caption\":\"Uyn-Marathon-OW-pants-M-O101659\"},{\"@type\":\"BreadcrumbList\",\"@id\":\"https:\/\/www.miomiorun.com\/de\/produkt\/marathon-ow-pants-short-herren\/#breadcrumb\",\"itemListElement\":[{\"@type\":\"ListItem\",\"position\":1,\"name\":\"Home\",\"item\":\"https:\/\/www.miomiorun.com\/de\/\"},{\"@type\":\"ListItem\",\"position\":2,\"name\":\"Shop\",\"item\":\"https:\/\/www.miomiorun.com\/shop\/\"},{\"@type\":\"ListItem\",\"position\":3,\"name\":\"Marathon OW Pants Short herren\"}]},{\"@type\":\"WebSite\",\"@id\":\"https:\/\/www.miomiorun.com\/de\/#website\",\"url\":\"https:\/\/www.miomiorun.com\/de\/\",\"name\":\"MioMioRun\",\"description\":\"100% Lauf- und Trailshop\",\"publisher\":{\"@id\":\"https:\/\/www.miomiorun.com\/de\/#organization\"},\"potentialAction\":[{\"@type\":\"SearchAction\",\"target\":{\"@type\":\"EntryPoint\",\"urlTemplate\":\"https:\/\/www.miomiorun.com\/de\/?s={search_term_string}\"},\"query-input\":{\"@type\":\"PropertyValueSpecification\",\"valueRequired\":true,\"valueName\":\"search_term_string\"}}],\"inLanguage\":\"de-DE\"},{\"@type\":\"Organization\",\"@id\":\"https:\/\/www.miomiorun.com\/de\/#organization\",\"name\":\"MioMio Run\",\"url\":\"https:\/\/www.miomiorun.com\/de\/\",\"logo\":{\"@type\":\"ImageObject\",\"inLanguage\":\"de-DE\",\"@id\":\"https:\/\/www.miomiorun.com\/de\/#\/schema\/logo\/image\/\",\"url\":\"https:\/\/www.miomiorun.com\/app\/uploads\/2019\/12\/logomio.png\",\"contentUrl\":\"https:\/\/www.miomiorun.com\/app\/uploads\/2019\/12\/logomio.png\",\"width\":115,\"height\":82,\"caption\":\"MioMio Run\"},\"image\":{\"@id\":\"https:\/\/www.miomiorun.com\/de\/#\/schema\/logo\/image\/\"},\"sameAs\":[\"https:\/\/www.facebook.com\/miomiorun\/\",\"https:\/\/www.instagram.com\/miomiorun\/\"]}]}<\/script>\n<!-- \/ Yoast SEO plugin. -->","yoast_head_json":{"title":"UynMarathon OW Pants Short herren - Herren kurz - MioMioRun","description":"Men's Marathon ist die ultraleichte Laufshort (mit einem Gewicht von weniger als 70 Gramm), die mit dem exklusiven Zero-Friction-System hergestellt wird.","robots":{"index":"index","follow":"follow","max-snippet":"max-snippet:-1","max-image-preview":"max-image-preview:large","max-video-preview":"max-video-preview:-1"},"canonical":"https:\/\/www.miomiorun.com\/de\/produkt\/marathon-ow-pants-short-herren\/","og_locale":"de_DE","og_type":"article","og_title":"UynMarathon OW Pants Short herren - Herren kurz - MioMioRun","og_description":"Men's Marathon ist die ultraleichte Laufshort (mit einem Gewicht von weniger als 70 Gramm), die mit dem exklusiven Zero-Friction-System hergestellt wird.","og_url":"https:\/\/www.miomiorun.com\/de\/produkt\/marathon-ow-pants-short-herren\/","og_site_name":"MioMioRun","article_publisher":"https:\/\/www.facebook.com\/miomiorun\/","article_modified_time":"2024-05-28T13:13:29+00:00","og_image":[{"width":600,"height":600,"url":"https:\/\/www.miomiorun.com\/app\/uploads\/2023\/07\/Uyn-Marathon-OW-pants-M-O101659.jpg","type":"image\/jpeg"}],"twitter_card":"summary_large_image","twitter_misc":{"Est. reading time":"1 minute"},"schema":{"@context":"https:\/\/schema.org","@graph":[{"@type":"WebPage","@id":"https:\/\/www.miomiorun.com\/de\/produkt\/marathon-ow-pants-short-herren\/","url":"https:\/\/www.miomiorun.com\/de\/produkt\/marathon-ow-pants-short-herren\/","name":"UynMarathon OW Pants Short herren - Herren kurz - MioMioRun","isPartOf":{"@id":"https:\/\/www.miomiorun.com\/de\/#website"},"primaryImageOfPage":{"@id":"https:\/\/www.miomiorun.com\/de\/produkt\/marathon-ow-pants-short-herren\/#primaryimage"},"image":{"@id":"https:\/\/www.miomiorun.com\/de\/produkt\/marathon-ow-pants-short-herren\/#primaryimage"},"thumbnailUrl":"https:\/\/www.miomiorun.com\/app\/uploads\/2023\/07\/Uyn-Marathon-OW-pants-M-O101659.jpg","datePublished":"2023-07-13T13:10:10+00:00","dateModified":"2024-05-28T13:13:29+00:00","description":"Men's Marathon ist die ultraleichte Laufshort (mit einem Gewicht von weniger als 70 Gramm), die mit dem exklusiven Zero-Friction-System hergestellt wird.","breadcrumb":{"@id":"https:\/\/www.miomiorun.com\/de\/produkt\/marathon-ow-pants-short-herren\/#breadcrumb"},"inLanguage":"de-DE","potentialAction":[{"@type":"ReadAction","target":["https:\/\/www.miomiorun.com\/de\/produkt\/marathon-ow-pants-short-herren\/"]}]},{"@type":"ImageObject","inLanguage":"de-DE","@id":"https:\/\/www.miomiorun.com\/de\/produkt\/marathon-ow-pants-short-herren\/#primaryimage","url":"https:\/\/www.miomiorun.com\/app\/uploads\/2023\/07\/Uyn-Marathon-OW-pants-M-O101659.jpg","contentUrl":"https:\/\/www.miomiorun.com\/app\/uploads\/2023\/07\/Uyn-Marathon-OW-pants-M-O101659.jpg","width":600,"height":600,"caption":"Uyn-Marathon-OW-pants-M-O101659"},{"@type":"BreadcrumbList","@id":"https:\/\/www.miomiorun.com\/de\/produkt\/marathon-ow-pants-short-herren\/#breadcrumb","itemListElement":[{"@type":"ListItem","position":1,"name":"Home","item":"https:\/\/www.miomiorun.com\/de\/"},{"@type":"ListItem","position":2,"name":"Shop","item":"https:\/\/www.miomiorun.com\/shop\/"},{"@type":"ListItem","position":3,"name":"Marathon OW Pants Short herren"}]},{"@type":"WebSite","@id":"https:\/\/www.miomiorun.com\/de\/#website","url":"https:\/\/www.miomiorun.com\/de\/","name":"MioMioRun","description":"100% Lauf- und Trailshop","publisher":{"@id":"https:\/\/www.miomiorun.com\/de\/#organization"},"potentialAction":[{"@type":"SearchAction","target":{"@type":"EntryPoint","urlTemplate":"https:\/\/www.miomiorun.com\/de\/?s={search_term_string}"},"query-input":{"@type":"PropertyValueSpecification","valueRequired":true,"valueName":"search_term_string"}}],"inLanguage":"de-DE"},{"@type":"Organization","@id":"https:\/\/www.miomiorun.com\/de\/#organization","name":"MioMio Run","url":"https:\/\/www.miomiorun.com\/de\/","logo":{"@type":"ImageObject","inLanguage":"de-DE","@id":"https:\/\/www.miomiorun.com\/de\/#\/schema\/logo\/image\/","url":"https:\/\/www.miomiorun.com\/app\/uploads\/2019\/12\/logomio.png","contentUrl":"https:\/\/www.miomiorun.com\/app\/uploads\/2019\/12\/logomio.png","width":115,"height":82,"caption":"MioMio Run"},"image":{"@id":"https:\/\/www.miomiorun.com\/de\/#\/schema\/logo\/image\/"},"sameAs":["https:\/\/www.facebook.com\/miomiorun\/","https:\/\/www.instagram.com\/miomiorun\/"]}]}},"_links":{"self":[{"href":"https:\/\/www.miomiorun.com\/de\/wp-json\/wp\/v2\/product\/171774","targetHints":{"allow":["GET"]}}],"collection":[{"href":"https:\/\/www.miomiorun.com\/de\/wp-json\/wp\/v2\/product"}],"about":[{"href":"https:\/\/www.miomiorun.com\/de\/wp-json\/wp\/v2\/types\/product"}],"wp:featuredmedia":[{"embeddable":true,"href":"https:\/\/www.miomiorun.com\/de\/wp-json\/wp\/v2\/media\/133769"}],"wp:attachment":[{"href":"https:\/\/www.miomiorun.com\/de\/wp-json\/wp\/v2\/media?parent=171774"}],"wp:term":[{"taxonomy":"product_brand","embeddable":true,"href":"https:\/\/www.miomiorun.com\/de\/wp-json\/wp\/v2\/product_brand?post=171774"},{"taxonomy":"product_cat","embeddable":true,"href":"https:\/\/www.miomiorun.com\/de\/wp-json\/wp\/v2\/product_cat?post=171774"},{"taxonomy":"product_tag","embeddable":true,"href":"https:\/\/www.miomiorun.com\/de\/wp-json\/wp\/v2\/product_tag?post=171774"}],"curies":[{"name":"wp","href":"https:\/\/api.w.org\/{rel}","templated":true}]}}