{"id":171671,"date":"2020-06-29T16:54:12","date_gmt":"2020-06-29T14:54:12","guid":{"rendered":"https:\/\/miomiorun.com\/prodotto\/salming-abisko-rain-jkt-uomo\/"},"modified":"2026-05-08T20:45:57","modified_gmt":"2026-05-08T18:45:57","slug":"salming-abisko-rain-jkt-herren","status":"publish","type":"product","link":"https:\/\/www.miomiorun.com\/de\/produkt\/salming-abisko-rain-jkt-herren\/","title":{"rendered":"Abisko Rain Jkt herren"},"content":{"rendered":"<p>Die Abisko Regenjacke ist Salmings Laufjacke, die entwickelt wurde, um rauen und regnerischen Wetterbedingungen standzuhalten. Sie ist aus hochwertigem 3-Lagen-Gewebe der Marke Salming Aqua zero gefertigt. Dieses Kleidungsst\u00fcck hat hitzeversiegelte N\u00e4hte und wasserabweisende Rei\u00dfverschl\u00fcsse an den Vorder- und Seitentaschen. Sie ist so konzipiert, dass Sie beim Laufen trocken und komfortabel bleiben, mit Bel\u00fcftungs\u00f6ffnungen vorne, hinten und unter den Armen. Die Jacke hat viele funktionelle Details wie eine abnehmbare Kapuze, einen verstellbaren Saum und \u00c4rmelb\u00fcndchen, eine Silikongamasche am Saum, reflektierende Details und wasserabweisendes, winddichtes Material.<\/p>\n<p>Passform<br \/>\nRegular\/tight<br \/>\nMaterial<br \/>\n100% Polyester<br \/>\nTaschen<br \/>\nVerschwei\u00dfte Seitentasche mit internem Kopfh\u00f6rerausgang<\/p>\n<p>Rei\u00dfverschl\u00fcsse<br \/>\nWasserabweisende YKK-Rei\u00dfverschl\u00fcsse<\/p>\n","protected":false},"excerpt":{"rendered":"<p>Die Abisko Regenjacke ist Salmings Laufjacke, die entwickelt wurde, um rauen und regnerischen Wetterbedingungen standzuhalten. Sie ist aus hochwertigem 3-Lagen-Gewebe der Marke Salming Aqua zero gefertigt. Dieses Kleidungsst\u00fcck hat hitzeversiegelte N\u00e4hte und wasserabweisende Rei\u00dfverschl\u00fcsse an den Vorder- und Seitentaschen. Sie ist so konzipiert, dass Sie beim Laufen trocken und komfortabel bleiben, mit Bel\u00fcftungs\u00f6ffnungen vorne, hinten &hellip; <a href=\"https:\/\/www.miomiorun.com\/de\/produkt\/salming-abisko-rain-jkt-herren\/\">Continued<\/a><\/p>\n","protected":false},"featured_media":52408,"template":"","meta":{"_acf_changed":false,"inline_featured_image":false},"product_brand":[],"product_cat":[6529,6528,6525],"product_tag":[3388,6280],"class_list":{"0":"post-171671","1":"product","2":"type-product","3":"status-publish","4":"has-post-thumbnail","6":"product_cat-herren-sale-de","7":"product_cat-sale-bekleidung-herren-de","8":"product_cat-sale-jacken-herren-de","9":"product_tag-salming-de","10":"product_tag-salming-herren-de","11":"pa_attivita-gehen","12":"pa_attivita-running-de","13":"pa_marca-salming-de","14":"pa_sesso-herren","15":"pa_size-small-de","17":"first","18":"instock","19":"sale","20":"taxable","21":"shipping-taxable","22":"purchasable","23":"product-type-variable","24":"wvs-archive-product-wrapper"},"acf":[],"yoast_head":"<!-- This site is optimized with the Yoast SEO plugin v26.8 - https:\/\/yoast.com\/product\/yoast-seo-wordpress\/ -->\n<title>Abisko Rain Jkt herren - Laufjacke - MioMioRun.com<\/title>\n<meta name=\"description\" content=\"Die Abisko Regenjacke ist f\u00fcr raue und regnerische Wetterbedingungen konzipiert und besteht aus hochwertigem 3-Lagen-Gewebe.\" \/>\n<meta name=\"robots\" content=\"index, follow, max-snippet:-1, max-image-preview:large, max-video-preview:-1\" \/>\n<link rel=\"canonical\" href=\"https:\/\/www.miomiorun.com\/de\/produkt\/salming-abisko-rain-jkt-herren\/\" \/>\n<meta property=\"og:locale\" content=\"de_DE\" \/>\n<meta property=\"og:type\" content=\"article\" \/>\n<meta property=\"og:title\" content=\"Abisko Rain Jkt herren - Laufjacke - MioMioRun.com\" \/>\n<meta property=\"og:description\" content=\"Die Abisko Regenjacke ist f\u00fcr raue und regnerische Wetterbedingungen konzipiert und besteht aus hochwertigem 3-Lagen-Gewebe.\" \/>\n<meta property=\"og:url\" content=\"https:\/\/www.miomiorun.com\/de\/produkt\/salming-abisko-rain-jkt-herren\/\" \/>\n<meta property=\"og:site_name\" content=\"MioMioRun\" \/>\n<meta property=\"article:publisher\" content=\"https:\/\/www.facebook.com\/miomiorun\/\" \/>\n<meta property=\"article:modified_time\" content=\"2026-05-08T18:45:57+00:00\" \/>\n<meta property=\"og:image\" content=\"https:\/\/www.miomiorun.com\/app\/uploads\/2020\/06\/salming-Abisko-Rain-Jacket-1277647-0101.jpg\" \/>\n\t<meta property=\"og:image:width\" content=\"600\" \/>\n\t<meta property=\"og:image:height\" content=\"600\" \/>\n\t<meta property=\"og:image:type\" content=\"image\/jpeg\" \/>\n<meta name=\"twitter:card\" content=\"summary_large_image\" \/>\n<meta name=\"twitter:label1\" content=\"Est. reading time\" \/>\n\t<meta name=\"twitter:data1\" content=\"1 minute\" \/>\n<script type=\"application\/ld+json\" class=\"yoast-schema-graph\">{\"@context\":\"https:\/\/schema.org\",\"@graph\":[{\"@type\":\"WebPage\",\"@id\":\"https:\/\/www.miomiorun.com\/de\/produkt\/salming-abisko-rain-jkt-herren\/\",\"url\":\"https:\/\/www.miomiorun.com\/de\/produkt\/salming-abisko-rain-jkt-herren\/\",\"name\":\"Abisko Rain Jkt herren - Laufjacke - MioMioRun.com\",\"isPartOf\":{\"@id\":\"https:\/\/www.miomiorun.com\/de\/#website\"},\"primaryImageOfPage\":{\"@id\":\"https:\/\/www.miomiorun.com\/de\/produkt\/salming-abisko-rain-jkt-herren\/#primaryimage\"},\"image\":{\"@id\":\"https:\/\/www.miomiorun.com\/de\/produkt\/salming-abisko-rain-jkt-herren\/#primaryimage\"},\"thumbnailUrl\":\"https:\/\/www.miomiorun.com\/app\/uploads\/2020\/06\/salming-Abisko-Rain-Jacket-1277647-0101.jpg\",\"datePublished\":\"2020-06-29T14:54:12+00:00\",\"dateModified\":\"2026-05-08T18:45:57+00:00\",\"description\":\"Die Abisko Regenjacke ist f\u00fcr raue und regnerische Wetterbedingungen konzipiert und besteht aus hochwertigem 3-Lagen-Gewebe.\",\"breadcrumb\":{\"@id\":\"https:\/\/www.miomiorun.com\/de\/produkt\/salming-abisko-rain-jkt-herren\/#breadcrumb\"},\"inLanguage\":\"de-DE\",\"potentialAction\":[{\"@type\":\"ReadAction\",\"target\":[\"https:\/\/www.miomiorun.com\/de\/produkt\/salming-abisko-rain-jkt-herren\/\"]}]},{\"@type\":\"ImageObject\",\"inLanguage\":\"de-DE\",\"@id\":\"https:\/\/www.miomiorun.com\/de\/produkt\/salming-abisko-rain-jkt-herren\/#primaryimage\",\"url\":\"https:\/\/www.miomiorun.com\/app\/uploads\/2020\/06\/salming-Abisko-Rain-Jacket-1277647-0101.jpg\",\"contentUrl\":\"https:\/\/www.miomiorun.com\/app\/uploads\/2020\/06\/salming-Abisko-Rain-Jacket-1277647-0101.jpg\",\"width\":600,\"height\":600,\"caption\":\"salming-Abisko-Rain-Jacket-1277647-0101\"},{\"@type\":\"BreadcrumbList\",\"@id\":\"https:\/\/www.miomiorun.com\/de\/produkt\/salming-abisko-rain-jkt-herren\/#breadcrumb\",\"itemListElement\":[{\"@type\":\"ListItem\",\"position\":1,\"name\":\"Home\",\"item\":\"https:\/\/www.miomiorun.com\/de\/home-page\/\"},{\"@type\":\"ListItem\",\"position\":2,\"name\":\"Shop\",\"item\":\"https:\/\/www.miomiorun.com\/shop\/\"},{\"@type\":\"ListItem\",\"position\":3,\"name\":\"Abisko Rain Jkt herren\"}]},{\"@type\":\"WebSite\",\"@id\":\"https:\/\/www.miomiorun.com\/de\/#website\",\"url\":\"https:\/\/www.miomiorun.com\/de\/\",\"name\":\"MioMioRun\",\"description\":\"100% Lauf- und Trailshop\",\"publisher\":{\"@id\":\"https:\/\/www.miomiorun.com\/de\/#organization\"},\"potentialAction\":[{\"@type\":\"SearchAction\",\"target\":{\"@type\":\"EntryPoint\",\"urlTemplate\":\"https:\/\/www.miomiorun.com\/de\/?s={search_term_string}\"},\"query-input\":{\"@type\":\"PropertyValueSpecification\",\"valueRequired\":true,\"valueName\":\"search_term_string\"}}],\"inLanguage\":\"de-DE\"},{\"@type\":\"Organization\",\"@id\":\"https:\/\/www.miomiorun.com\/de\/#organization\",\"name\":\"MioMio Run\",\"url\":\"https:\/\/www.miomiorun.com\/de\/\",\"logo\":{\"@type\":\"ImageObject\",\"inLanguage\":\"de-DE\",\"@id\":\"https:\/\/www.miomiorun.com\/de\/#\/schema\/logo\/image\/\",\"url\":\"https:\/\/www.miomiorun.com\/app\/uploads\/2019\/12\/logomio.png\",\"contentUrl\":\"https:\/\/www.miomiorun.com\/app\/uploads\/2019\/12\/logomio.png\",\"width\":115,\"height\":82,\"caption\":\"MioMio Run\"},\"image\":{\"@id\":\"https:\/\/www.miomiorun.com\/de\/#\/schema\/logo\/image\/\"},\"sameAs\":[\"https:\/\/www.facebook.com\/miomiorun\/\",\"https:\/\/www.instagram.com\/miomiorun\/\"]}]}<\/script>\n<!-- \/ Yoast SEO plugin. -->","yoast_head_json":{"title":"Abisko Rain Jkt herren - Laufjacke - MioMioRun.com","description":"Die Abisko Regenjacke ist f\u00fcr raue und regnerische Wetterbedingungen konzipiert und besteht aus hochwertigem 3-Lagen-Gewebe.","robots":{"index":"index","follow":"follow","max-snippet":"max-snippet:-1","max-image-preview":"max-image-preview:large","max-video-preview":"max-video-preview:-1"},"canonical":"https:\/\/www.miomiorun.com\/de\/produkt\/salming-abisko-rain-jkt-herren\/","og_locale":"de_DE","og_type":"article","og_title":"Abisko Rain Jkt herren - Laufjacke - MioMioRun.com","og_description":"Die Abisko Regenjacke ist f\u00fcr raue und regnerische Wetterbedingungen konzipiert und besteht aus hochwertigem 3-Lagen-Gewebe.","og_url":"https:\/\/www.miomiorun.com\/de\/produkt\/salming-abisko-rain-jkt-herren\/","og_site_name":"MioMioRun","article_publisher":"https:\/\/www.facebook.com\/miomiorun\/","article_modified_time":"2026-05-08T18:45:57+00:00","og_image":[{"width":600,"height":600,"url":"https:\/\/www.miomiorun.com\/app\/uploads\/2020\/06\/salming-Abisko-Rain-Jacket-1277647-0101.jpg","type":"image\/jpeg"}],"twitter_card":"summary_large_image","twitter_misc":{"Est. reading time":"1 minute"},"schema":{"@context":"https:\/\/schema.org","@graph":[{"@type":"WebPage","@id":"https:\/\/www.miomiorun.com\/de\/produkt\/salming-abisko-rain-jkt-herren\/","url":"https:\/\/www.miomiorun.com\/de\/produkt\/salming-abisko-rain-jkt-herren\/","name":"Abisko Rain Jkt herren - Laufjacke - MioMioRun.com","isPartOf":{"@id":"https:\/\/www.miomiorun.com\/de\/#website"},"primaryImageOfPage":{"@id":"https:\/\/www.miomiorun.com\/de\/produkt\/salming-abisko-rain-jkt-herren\/#primaryimage"},"image":{"@id":"https:\/\/www.miomiorun.com\/de\/produkt\/salming-abisko-rain-jkt-herren\/#primaryimage"},"thumbnailUrl":"https:\/\/www.miomiorun.com\/app\/uploads\/2020\/06\/salming-Abisko-Rain-Jacket-1277647-0101.jpg","datePublished":"2020-06-29T14:54:12+00:00","dateModified":"2026-05-08T18:45:57+00:00","description":"Die Abisko Regenjacke ist f\u00fcr raue und regnerische Wetterbedingungen konzipiert und besteht aus hochwertigem 3-Lagen-Gewebe.","breadcrumb":{"@id":"https:\/\/www.miomiorun.com\/de\/produkt\/salming-abisko-rain-jkt-herren\/#breadcrumb"},"inLanguage":"de-DE","potentialAction":[{"@type":"ReadAction","target":["https:\/\/www.miomiorun.com\/de\/produkt\/salming-abisko-rain-jkt-herren\/"]}]},{"@type":"ImageObject","inLanguage":"de-DE","@id":"https:\/\/www.miomiorun.com\/de\/produkt\/salming-abisko-rain-jkt-herren\/#primaryimage","url":"https:\/\/www.miomiorun.com\/app\/uploads\/2020\/06\/salming-Abisko-Rain-Jacket-1277647-0101.jpg","contentUrl":"https:\/\/www.miomiorun.com\/app\/uploads\/2020\/06\/salming-Abisko-Rain-Jacket-1277647-0101.jpg","width":600,"height":600,"caption":"salming-Abisko-Rain-Jacket-1277647-0101"},{"@type":"BreadcrumbList","@id":"https:\/\/www.miomiorun.com\/de\/produkt\/salming-abisko-rain-jkt-herren\/#breadcrumb","itemListElement":[{"@type":"ListItem","position":1,"name":"Home","item":"https:\/\/www.miomiorun.com\/de\/home-page\/"},{"@type":"ListItem","position":2,"name":"Shop","item":"https:\/\/www.miomiorun.com\/shop\/"},{"@type":"ListItem","position":3,"name":"Abisko Rain Jkt herren"}]},{"@type":"WebSite","@id":"https:\/\/www.miomiorun.com\/de\/#website","url":"https:\/\/www.miomiorun.com\/de\/","name":"MioMioRun","description":"100% Lauf- und Trailshop","publisher":{"@id":"https:\/\/www.miomiorun.com\/de\/#organization"},"potentialAction":[{"@type":"SearchAction","target":{"@type":"EntryPoint","urlTemplate":"https:\/\/www.miomiorun.com\/de\/?s={search_term_string}"},"query-input":{"@type":"PropertyValueSpecification","valueRequired":true,"valueName":"search_term_string"}}],"inLanguage":"de-DE"},{"@type":"Organization","@id":"https:\/\/www.miomiorun.com\/de\/#organization","name":"MioMio Run","url":"https:\/\/www.miomiorun.com\/de\/","logo":{"@type":"ImageObject","inLanguage":"de-DE","@id":"https:\/\/www.miomiorun.com\/de\/#\/schema\/logo\/image\/","url":"https:\/\/www.miomiorun.com\/app\/uploads\/2019\/12\/logomio.png","contentUrl":"https:\/\/www.miomiorun.com\/app\/uploads\/2019\/12\/logomio.png","width":115,"height":82,"caption":"MioMio Run"},"image":{"@id":"https:\/\/www.miomiorun.com\/de\/#\/schema\/logo\/image\/"},"sameAs":["https:\/\/www.facebook.com\/miomiorun\/","https:\/\/www.instagram.com\/miomiorun\/"]}]}},"_links":{"self":[{"href":"https:\/\/www.miomiorun.com\/de\/wp-json\/wp\/v2\/product\/171671","targetHints":{"allow":["GET"]}}],"collection":[{"href":"https:\/\/www.miomiorun.com\/de\/wp-json\/wp\/v2\/product"}],"about":[{"href":"https:\/\/www.miomiorun.com\/de\/wp-json\/wp\/v2\/types\/product"}],"wp:featuredmedia":[{"embeddable":true,"href":"https:\/\/www.miomiorun.com\/de\/wp-json\/wp\/v2\/media\/52408"}],"wp:attachment":[{"href":"https:\/\/www.miomiorun.com\/de\/wp-json\/wp\/v2\/media?parent=171671"}],"wp:term":[{"taxonomy":"product_brand","embeddable":true,"href":"https:\/\/www.miomiorun.com\/de\/wp-json\/wp\/v2\/product_brand?post=171671"},{"taxonomy":"product_cat","embeddable":true,"href":"https:\/\/www.miomiorun.com\/de\/wp-json\/wp\/v2\/product_cat?post=171671"},{"taxonomy":"product_tag","embeddable":true,"href":"https:\/\/www.miomiorun.com\/de\/wp-json\/wp\/v2\/product_tag?post=171671"}],"curies":[{"name":"wp","href":"https:\/\/api.w.org\/{rel}","templated":true}]}}