{"id":171543,"date":"2021-06-24T10:32:19","date_gmt":"2021-06-24T08:32:19","guid":{"rendered":"https:\/\/miomiorun.com\/prodotto\/karhu-ikoni-ortix-2021-donna\/"},"modified":"2026-04-24T18:10:00","modified_gmt":"2026-04-24T16:10:00","slug":"karhu-ikoni-ortix-2021-damen","status":"publish","type":"product","link":"https:\/\/www.miomiorun.com\/de\/produkt\/karhu-ikoni-ortix-2021-damen\/","title":{"rendered":"Ikoni Ortix damen"},"content":{"rendered":"<div class=\"vc-row container\"><div class=\"vc-column\"><div class=\"vc-column-text\">[port_content_box border_top_colour=&#8221;black&#8221; border_radius=&#8221;20&#8243; border_top_width=&#8221;3&#8243; align=&#8221;centre&#8221;]<\/p>\n<h4>Technische Daten<\/h4>\n<p>Kategorie: Mittlere D\u00e4mpfung<br \/>\nVersatz: 8 mm<br \/>\nGewicht: 252 g<br \/>\nIdeal f\u00fcr: L\u00e4ufer, die einen Schuh mit guter D\u00e4mpfung und weichem \u00dcbergang f\u00fcr mittellange L\u00e4ufe suchen.<br \/>\nAthletengewicht: 65-75 kg<br \/>\nLauftempo: mittelschnell (4.30-5.30 min\/km)<br \/>\n<a href=\"https:\/\/miomiorun.com\/de\/leitfaden-fuer-technische-spezifikationen\/\">Spezifikationsf\u00fchrer<\/a><\/p>\n<p>[\/port_content_box]<\/div><\/div><div class=\"vc-column\"><div class=\"vc-column-text\">Der Karhu <strong>IKONI Ortix 2021<\/strong> Women&#8217;s Edition ist ein vielseitiger, stark d\u00e4mpfender Laufschuh, ideal f\u00fcr leichte und neutrale \u00dcberpronierer. In dieser Neuauflage wurde der Schuh komplett \u00fcberarbeitet: leichter, besser ged\u00e4mpft und mit einem weicheren Laufgef\u00fchl als sein Vorg\u00e4nger.<\/p>\n<p>Die datengesteuerte <strong>DNA<\/strong> des IKONI sorgt f\u00fcr ein ausgewogenes, federleichtes Laufgef\u00fchl mit einem weichen, gef\u00fchrten \u00dcbergang.<\/p>\n<p>Bei Karhu wissen wir, dass jeder L\u00e4ufer einzigartige F\u00fc\u00dfe hat, und es sind diese Daten, die zur Entwicklung des neuen IKONI gef\u00fchrt haben. Der IKONI basiert auf einer wachsenden Datenbank mit \u00fcber 2 Millionen 3D-Scans von L\u00e4uferf\u00fc\u00dfen. Der Karhu IKONI wird buchst\u00e4blich vom L\u00e4ufer f\u00fcr den L\u00e4ufer entwickelt.<\/p>\n<p>Er nutzt die <strong>Fulcrum-Technologie<\/strong>:<\/p>\n<p><img loading=\"lazy\" decoding=\"async\" class=\"\" src=\"https:\/\/cdn.shopify.com\/s\/files\/1\/0519\/4570\/1549\/files\/fulcrum_800x.png?v=1612961012\" width=\"122\" height=\"54\" \/><\/p>\n<p>Die KARHU Fulcrum-Technologie wurde entwickelt, um alle Kr\u00e4fte nach vorne zu verlagern, Bremskr\u00e4fte zu reduzieren und die nat\u00fcrliche Energie Ihres K\u00f6rpers zu nutzen, um ein<strong> sanfteres<\/strong> Laufgef\u00fchl zu erzeugen. Die Fulcrum-Technologie bietet: ausgewogene D\u00e4mpfung, mehr Unterst\u00fctzung, mehr Energie. Der Ikoni hat einen halblangen Fulcrum f\u00fcr einen flexiblen Vorfu\u00df.<\/p>\n<h3>Merkmale:<\/h3>\n<ul>\n<li><strong>Anatomisches Schn\u00fcrsystem<\/strong> f\u00fcr besseren Komfort.<\/li>\n<li>Halblange <strong>Fulcrum<\/strong> + Antriebseinheit f\u00fcr schnellen Umsatz.<\/li>\n<li>Stark gepolsterte <strong>AeroFoam-Zwischensohle<\/strong>.<\/li>\n<li>Mesh-Konstruktion f\u00fcr Atmungsaktivit\u00e4t und Unterst\u00fctzung.<\/li>\n<li>Nahtloses Obermaterial.<\/li>\n<\/ul>\n<p>Gewicht: 272g<\/p>\n<p>Fallh\u00f6he: 8 mm<\/div><\/div><\/div>\n","protected":false},"excerpt":{"rendered":"","protected":false},"featured_media":56345,"template":"","meta":{"_acf_changed":false,"inline_featured_image":false},"product_brand":[],"product_cat":[6501,6538],"product_tag":[3377,6224],"class_list":{"0":"post-171543","1":"product","2":"type-product","3":"status-publish","4":"has-post-thumbnail","6":"product_cat-sale-damen-schuhe-de","7":"product_cat-neutral-damen-sale-de","8":"product_tag-karhu-de","9":"product_tag-karhu-damen-de","10":"pa_attivita-fitness-de","11":"pa_attivita-gehen","12":"pa_attivita-running-de","13":"pa_colore-ikoni-ortix-w-bright-white-neon-magenta-de","14":"pa_colore-ikoni-ortix-w-estate-blue-blue-radiance-de","15":"pa_marca-karhu-de","16":"pa_sesso-herren","17":"pa_size-38-de","18":"pa_size-39-5-de","20":"first","21":"instock","22":"sale","23":"taxable","24":"shipping-taxable","25":"purchasable","26":"product-type-variable","27":"wvs-archive-product-wrapper"},"acf":[],"yoast_head":"<!-- This site is optimized with the Yoast SEO plugin v26.8 - https:\/\/yoast.com\/product\/yoast-seo-wordpress\/ -->\n<title>Karhu Ikoni Ortix damen - Laufschuhe MioMioRun<\/title>\n<meta name=\"description\" content=\"Der Karhu IKONI Ortix 2021 Women&#039;s Edition ist ein vielseitiger, gut d\u00e4mpfender Laufschuh, ideal f\u00fcr leichte \u00dcberpronierer\" \/>\n<meta name=\"robots\" content=\"index, follow, max-snippet:-1, max-image-preview:large, max-video-preview:-1\" \/>\n<link rel=\"canonical\" href=\"https:\/\/www.miomiorun.com\/de\/produkt\/karhu-ikoni-ortix-2021-damen\/\" \/>\n<meta property=\"og:locale\" content=\"de_DE\" \/>\n<meta property=\"og:type\" content=\"article\" \/>\n<meta property=\"og:title\" content=\"Karhu Ikoni Ortix damen - Laufschuhe MioMioRun\" \/>\n<meta property=\"og:description\" content=\"Der Karhu IKONI Ortix 2021 Women&#039;s Edition ist ein vielseitiger, gut d\u00e4mpfender Laufschuh, ideal f\u00fcr leichte \u00dcberpronierer\" \/>\n<meta property=\"og:url\" content=\"https:\/\/www.miomiorun.com\/de\/produkt\/karhu-ikoni-ortix-2021-damen\/\" \/>\n<meta property=\"og:site_name\" content=\"MioMioRun\" \/>\n<meta property=\"article:publisher\" content=\"https:\/\/www.facebook.com\/miomiorun\/\" \/>\n<meta property=\"article:modified_time\" content=\"2026-04-24T16:10:00+00:00\" \/>\n<meta property=\"og:image\" content=\"https:\/\/www.miomiorun.com\/app\/uploads\/2021\/06\/karhu-Ikoni-ortix-W-sun-run-F200321.jpg\" \/>\n\t<meta property=\"og:image:width\" content=\"600\" \/>\n\t<meta property=\"og:image:height\" content=\"600\" \/>\n\t<meta property=\"og:image:type\" content=\"image\/jpeg\" \/>\n<meta name=\"twitter:card\" content=\"summary_large_image\" \/>\n<meta name=\"twitter:label1\" content=\"Est. reading time\" \/>\n\t<meta name=\"twitter:data1\" content=\"1 minute\" \/>\n<script type=\"application\/ld+json\" class=\"yoast-schema-graph\">{\"@context\":\"https:\/\/schema.org\",\"@graph\":[{\"@type\":\"WebPage\",\"@id\":\"https:\/\/www.miomiorun.com\/de\/produkt\/karhu-ikoni-ortix-2021-damen\/\",\"url\":\"https:\/\/www.miomiorun.com\/de\/produkt\/karhu-ikoni-ortix-2021-damen\/\",\"name\":\"Karhu Ikoni Ortix damen - Laufschuhe MioMioRun\",\"isPartOf\":{\"@id\":\"https:\/\/www.miomiorun.com\/de\/#website\"},\"primaryImageOfPage\":{\"@id\":\"https:\/\/www.miomiorun.com\/de\/produkt\/karhu-ikoni-ortix-2021-damen\/#primaryimage\"},\"image\":{\"@id\":\"https:\/\/www.miomiorun.com\/de\/produkt\/karhu-ikoni-ortix-2021-damen\/#primaryimage\"},\"thumbnailUrl\":\"https:\/\/www.miomiorun.com\/app\/uploads\/2021\/06\/karhu-Ikoni-ortix-W-sun-run-F200321.jpg\",\"datePublished\":\"2021-06-24T08:32:19+00:00\",\"dateModified\":\"2026-04-24T16:10:00+00:00\",\"description\":\"Der Karhu IKONI Ortix 2021 Women's Edition ist ein vielseitiger, gut d\u00e4mpfender Laufschuh, ideal f\u00fcr leichte \u00dcberpronierer\",\"breadcrumb\":{\"@id\":\"https:\/\/www.miomiorun.com\/de\/produkt\/karhu-ikoni-ortix-2021-damen\/#breadcrumb\"},\"inLanguage\":\"de-DE\",\"potentialAction\":[{\"@type\":\"ReadAction\",\"target\":[\"https:\/\/www.miomiorun.com\/de\/produkt\/karhu-ikoni-ortix-2021-damen\/\"]}]},{\"@type\":\"ImageObject\",\"inLanguage\":\"de-DE\",\"@id\":\"https:\/\/www.miomiorun.com\/de\/produkt\/karhu-ikoni-ortix-2021-damen\/#primaryimage\",\"url\":\"https:\/\/www.miomiorun.com\/app\/uploads\/2021\/06\/karhu-Ikoni-ortix-W-sun-run-F200321.jpg\",\"contentUrl\":\"https:\/\/www.miomiorun.com\/app\/uploads\/2021\/06\/karhu-Ikoni-ortix-W-sun-run-F200321.jpg\",\"width\":600,\"height\":600,\"caption\":\"karhu ikoni ortix donna sun run\"},{\"@type\":\"BreadcrumbList\",\"@id\":\"https:\/\/www.miomiorun.com\/de\/produkt\/karhu-ikoni-ortix-2021-damen\/#breadcrumb\",\"itemListElement\":[{\"@type\":\"ListItem\",\"position\":1,\"name\":\"Home\",\"item\":\"https:\/\/www.miomiorun.com\/de\/\"},{\"@type\":\"ListItem\",\"position\":2,\"name\":\"Shop\",\"item\":\"https:\/\/www.miomiorun.com\/shop\/\"},{\"@type\":\"ListItem\",\"position\":3,\"name\":\"Ikoni Ortix damen\"}]},{\"@type\":\"WebSite\",\"@id\":\"https:\/\/www.miomiorun.com\/de\/#website\",\"url\":\"https:\/\/www.miomiorun.com\/de\/\",\"name\":\"MioMioRun\",\"description\":\"100% Lauf- und Trailshop\",\"publisher\":{\"@id\":\"https:\/\/www.miomiorun.com\/de\/#organization\"},\"potentialAction\":[{\"@type\":\"SearchAction\",\"target\":{\"@type\":\"EntryPoint\",\"urlTemplate\":\"https:\/\/www.miomiorun.com\/de\/?s={search_term_string}\"},\"query-input\":{\"@type\":\"PropertyValueSpecification\",\"valueRequired\":true,\"valueName\":\"search_term_string\"}}],\"inLanguage\":\"de-DE\"},{\"@type\":\"Organization\",\"@id\":\"https:\/\/www.miomiorun.com\/de\/#organization\",\"name\":\"MioMio Run\",\"url\":\"https:\/\/www.miomiorun.com\/de\/\",\"logo\":{\"@type\":\"ImageObject\",\"inLanguage\":\"de-DE\",\"@id\":\"https:\/\/www.miomiorun.com\/de\/#\/schema\/logo\/image\/\",\"url\":\"https:\/\/www.miomiorun.com\/app\/uploads\/2019\/12\/logomio.png\",\"contentUrl\":\"https:\/\/www.miomiorun.com\/app\/uploads\/2019\/12\/logomio.png\",\"width\":115,\"height\":82,\"caption\":\"MioMio Run\"},\"image\":{\"@id\":\"https:\/\/www.miomiorun.com\/de\/#\/schema\/logo\/image\/\"},\"sameAs\":[\"https:\/\/www.facebook.com\/miomiorun\/\",\"https:\/\/www.instagram.com\/miomiorun\/\"]}]}<\/script>\n<!-- \/ Yoast SEO plugin. -->","yoast_head_json":{"title":"Karhu Ikoni Ortix damen - Laufschuhe MioMioRun","description":"Der Karhu IKONI Ortix 2021 Women's Edition ist ein vielseitiger, gut d\u00e4mpfender Laufschuh, ideal f\u00fcr leichte \u00dcberpronierer","robots":{"index":"index","follow":"follow","max-snippet":"max-snippet:-1","max-image-preview":"max-image-preview:large","max-video-preview":"max-video-preview:-1"},"canonical":"https:\/\/www.miomiorun.com\/de\/produkt\/karhu-ikoni-ortix-2021-damen\/","og_locale":"de_DE","og_type":"article","og_title":"Karhu Ikoni Ortix damen - Laufschuhe MioMioRun","og_description":"Der Karhu IKONI Ortix 2021 Women's Edition ist ein vielseitiger, gut d\u00e4mpfender Laufschuh, ideal f\u00fcr leichte \u00dcberpronierer","og_url":"https:\/\/www.miomiorun.com\/de\/produkt\/karhu-ikoni-ortix-2021-damen\/","og_site_name":"MioMioRun","article_publisher":"https:\/\/www.facebook.com\/miomiorun\/","article_modified_time":"2026-04-24T16:10:00+00:00","og_image":[{"width":600,"height":600,"url":"https:\/\/www.miomiorun.com\/app\/uploads\/2021\/06\/karhu-Ikoni-ortix-W-sun-run-F200321.jpg","type":"image\/jpeg"}],"twitter_card":"summary_large_image","twitter_misc":{"Est. reading time":"1 minute"},"schema":{"@context":"https:\/\/schema.org","@graph":[{"@type":"WebPage","@id":"https:\/\/www.miomiorun.com\/de\/produkt\/karhu-ikoni-ortix-2021-damen\/","url":"https:\/\/www.miomiorun.com\/de\/produkt\/karhu-ikoni-ortix-2021-damen\/","name":"Karhu Ikoni Ortix damen - Laufschuhe MioMioRun","isPartOf":{"@id":"https:\/\/www.miomiorun.com\/de\/#website"},"primaryImageOfPage":{"@id":"https:\/\/www.miomiorun.com\/de\/produkt\/karhu-ikoni-ortix-2021-damen\/#primaryimage"},"image":{"@id":"https:\/\/www.miomiorun.com\/de\/produkt\/karhu-ikoni-ortix-2021-damen\/#primaryimage"},"thumbnailUrl":"https:\/\/www.miomiorun.com\/app\/uploads\/2021\/06\/karhu-Ikoni-ortix-W-sun-run-F200321.jpg","datePublished":"2021-06-24T08:32:19+00:00","dateModified":"2026-04-24T16:10:00+00:00","description":"Der Karhu IKONI Ortix 2021 Women's Edition ist ein vielseitiger, gut d\u00e4mpfender Laufschuh, ideal f\u00fcr leichte \u00dcberpronierer","breadcrumb":{"@id":"https:\/\/www.miomiorun.com\/de\/produkt\/karhu-ikoni-ortix-2021-damen\/#breadcrumb"},"inLanguage":"de-DE","potentialAction":[{"@type":"ReadAction","target":["https:\/\/www.miomiorun.com\/de\/produkt\/karhu-ikoni-ortix-2021-damen\/"]}]},{"@type":"ImageObject","inLanguage":"de-DE","@id":"https:\/\/www.miomiorun.com\/de\/produkt\/karhu-ikoni-ortix-2021-damen\/#primaryimage","url":"https:\/\/www.miomiorun.com\/app\/uploads\/2021\/06\/karhu-Ikoni-ortix-W-sun-run-F200321.jpg","contentUrl":"https:\/\/www.miomiorun.com\/app\/uploads\/2021\/06\/karhu-Ikoni-ortix-W-sun-run-F200321.jpg","width":600,"height":600,"caption":"karhu ikoni ortix donna sun run"},{"@type":"BreadcrumbList","@id":"https:\/\/www.miomiorun.com\/de\/produkt\/karhu-ikoni-ortix-2021-damen\/#breadcrumb","itemListElement":[{"@type":"ListItem","position":1,"name":"Home","item":"https:\/\/www.miomiorun.com\/de\/"},{"@type":"ListItem","position":2,"name":"Shop","item":"https:\/\/www.miomiorun.com\/shop\/"},{"@type":"ListItem","position":3,"name":"Ikoni Ortix damen"}]},{"@type":"WebSite","@id":"https:\/\/www.miomiorun.com\/de\/#website","url":"https:\/\/www.miomiorun.com\/de\/","name":"MioMioRun","description":"100% Lauf- und Trailshop","publisher":{"@id":"https:\/\/www.miomiorun.com\/de\/#organization"},"potentialAction":[{"@type":"SearchAction","target":{"@type":"EntryPoint","urlTemplate":"https:\/\/www.miomiorun.com\/de\/?s={search_term_string}"},"query-input":{"@type":"PropertyValueSpecification","valueRequired":true,"valueName":"search_term_string"}}],"inLanguage":"de-DE"},{"@type":"Organization","@id":"https:\/\/www.miomiorun.com\/de\/#organization","name":"MioMio Run","url":"https:\/\/www.miomiorun.com\/de\/","logo":{"@type":"ImageObject","inLanguage":"de-DE","@id":"https:\/\/www.miomiorun.com\/de\/#\/schema\/logo\/image\/","url":"https:\/\/www.miomiorun.com\/app\/uploads\/2019\/12\/logomio.png","contentUrl":"https:\/\/www.miomiorun.com\/app\/uploads\/2019\/12\/logomio.png","width":115,"height":82,"caption":"MioMio Run"},"image":{"@id":"https:\/\/www.miomiorun.com\/de\/#\/schema\/logo\/image\/"},"sameAs":["https:\/\/www.facebook.com\/miomiorun\/","https:\/\/www.instagram.com\/miomiorun\/"]}]}},"_links":{"self":[{"href":"https:\/\/www.miomiorun.com\/de\/wp-json\/wp\/v2\/product\/171543","targetHints":{"allow":["GET"]}}],"collection":[{"href":"https:\/\/www.miomiorun.com\/de\/wp-json\/wp\/v2\/product"}],"about":[{"href":"https:\/\/www.miomiorun.com\/de\/wp-json\/wp\/v2\/types\/product"}],"wp:featuredmedia":[{"embeddable":true,"href":"https:\/\/www.miomiorun.com\/de\/wp-json\/wp\/v2\/media\/56345"}],"wp:attachment":[{"href":"https:\/\/www.miomiorun.com\/de\/wp-json\/wp\/v2\/media?parent=171543"}],"wp:term":[{"taxonomy":"product_brand","embeddable":true,"href":"https:\/\/www.miomiorun.com\/de\/wp-json\/wp\/v2\/product_brand?post=171543"},{"taxonomy":"product_cat","embeddable":true,"href":"https:\/\/www.miomiorun.com\/de\/wp-json\/wp\/v2\/product_cat?post=171543"},{"taxonomy":"product_tag","embeddable":true,"href":"https:\/\/www.miomiorun.com\/de\/wp-json\/wp\/v2\/product_tag?post=171543"}],"curies":[{"name":"wp","href":"https:\/\/api.w.org\/{rel}","templated":true}]}}