{"id":171462,"date":"2021-04-23T18:37:18","date_gmt":"2021-04-23T16:37:18","guid":{"rendered":"https:\/\/miomiorun.com\/prodotto\/karhu-ikoni-2020-donna\/"},"modified":"2026-04-25T16:51:26","modified_gmt":"2026-04-25T14:51:26","slug":"karhu-ikoni-2020-damen","status":"publish","type":"product","link":"https:\/\/www.miomiorun.com\/de\/produkt\/karhu-ikoni-2020-damen\/","title":{"rendered":"Ikoni damen"},"content":{"rendered":"<div class=\"vc-row container\"><div class=\"vc-column\"><div class=\"vc-column-text\">[port_content_box border_top_colour=&#8221;black&#8221; border_radius=&#8221;20&#8243; border_top_width=&#8221;3&#8243; align=&#8221;centre&#8221;]<\/p>\n<h4>Technische Daten<\/h4>\n<p>Kategorie: Mittlere D\u00e4mpfung<br \/>\nVersatz: 8 mm<br \/>\nGewicht: 252 g<br \/>\nIdeal f\u00fcr: L\u00e4ufer, die einen Schuh mit guter D\u00e4mpfung und weichem \u00dcbergang f\u00fcr mittellange L\u00e4ufe suchen.<br \/>\nAthletengewicht: 65-75 kg<br \/>\nLauftempo: mittelschnell (4.30-5.30 min\/km)<br \/>\n<a href=\"https:\/\/miomiorun.com\/de\/leitfaden-fuer-technische-spezifikationen\/\">Spezifikationsf\u00fchrer<\/a><\/p>\n<p>[\/port_content_box]<\/div><\/div><div class=\"vc-column\"><div class=\"vc-column-text\">Der Karhu Ikoni 2021 ist ein Laufmodell mit moderater D\u00e4mpfung, ideal f\u00fcr Neutrall\u00e4ufer oder \u00dcberpronierer im fr\u00fchen bis mittleren Stadium. Dieser Schuh bietet Ihnen die charakteristische &#8220;Rolling Ride&#8221; oder Abrollen mit einem extrem ausgewogenen \u00dcbergang von der Ferse bis zu den Zehen.<\/p>\n<p>Der Ikoni Ortix ist eine echte &#8220;Ikone&#8221; des Komforts. Die anatomische Schn\u00fcrung bietet eine bessere Gesamtpassform, indem die Unterschiede in Form und Volumen zwischen dem linken und rechten Fu\u00df ber\u00fccksichtigt werden. Die <strong>M-Lock-Schn\u00fcrung <\/strong>sch\u00fctzt den Mittelfu\u00df und bietet Halt, ohne den Vorw\u00e4rtsdrang einzuschr\u00e4nken. Au\u00dferdem hat er eine bequeme Passform im Vorfu\u00dfbereich und bietet gro\u00dfz\u00fcgig Platz, um die Zehen zu spreizen.<\/p>\n<p><strong>Eigenschaften:<\/strong><\/p>\n<ul>\n<li><strong>Anatomisches<\/strong> Schn\u00fcrsystem f\u00fcr mehr Komfort.<\/li>\n<li>Halblanger <strong>Drehpunkt<\/strong> f\u00fcr flexiblen Vorfu\u00df.<\/li>\n<li>Gepolsterte <strong>AeroFoam Nova-Mittelsohle<\/strong>.<\/li>\n<li>Engineered <strong>Knit<\/strong> Mesh-Obermaterial f\u00fcr Atmungsaktivit\u00e4t und Unterst\u00fctzung.<\/li>\n<li>Offenzellige <strong>Schaumstoff-Einlegesohle <\/strong>f\u00fcr ein weiches Gef\u00fchl.<\/li>\n<\/ul>\n<p>&nbsp;<\/p>\n<p><img loading=\"lazy\" decoding=\"async\" class=\"\" src=\"https:\/\/cdn.shopify.com\/s\/files\/1\/0519\/4570\/1549\/files\/fulcrum_800x.png?v=1612961012\" width=\"205\" height=\"91\" \/><\/p>\n<p>Die <strong>Karhu Fulcrum-Technologie <\/strong>bietet nicht nur mehr Stabilit\u00e4t, sondern erzeugt auch einen &#8220;Rolling Effect&#8221; auf unsere Leistung, weil es die nat\u00fcrliche Energie, die von unserem K\u00f6rper produziert wird, um eine glattere Fahrt zu schaffen.<\/p>\n<p>Diese Technologie bietet:<\/p>\n<p>&#8211; ausgewogene D\u00e4mpfung<\/p>\n<p>&#8211; mehr Unterst\u00fctzung<\/p>\n<p>&#8211; mehr Energie<\/div><\/div><\/div>\n","protected":false},"excerpt":{"rendered":"","protected":false},"featured_media":53280,"template":"","meta":{"_acf_changed":false,"inline_featured_image":false},"product_brand":[],"product_cat":[6495,6501,6538],"product_tag":[3377,6224],"class_list":{"0":"post-171462","1":"product","2":"type-product","3":"status-publish","4":"has-post-thumbnail","6":"product_cat-sale-damen-de","7":"product_cat-sale-damen-schuhe-de","8":"product_cat-neutral-damen-sale-de","9":"product_tag-karhu-de","10":"product_tag-karhu-damen-de","11":"pa_attivita-fitness-de","12":"pa_attivita-gehen","13":"pa_attivita-running-de","14":"pa_colore-ikoni-2020-w-hivo-jetblack-folkstone-grey-de","15":"pa_marca-karhu-de","16":"pa_sesso-damen","17":"pa_size-42-de","19":"first","20":"outofstock","21":"taxable","22":"shipping-taxable","23":"product-type-variable","24":"wvs-archive-product-wrapper"},"acf":[],"yoast_head":"<!-- This site is optimized with the Yoast SEO plugin v26.8 - https:\/\/yoast.com\/product\/yoast-seo-wordpress\/ -->\n<title>Karhu Ikoni damen - Laufschuhe - MioMioRun<\/title>\n<meta name=\"description\" content=\"Der Karhu Ikoni 2020 ist ein Laufmodell mit moderater D\u00e4mpfung, ideal f\u00fcr Neutrall\u00e4ufer oder \u00dcberpronierer im fr\u00fchen bis mittleren Stadium.\" \/>\n<meta name=\"robots\" content=\"index, follow, max-snippet:-1, max-image-preview:large, max-video-preview:-1\" \/>\n<link rel=\"canonical\" href=\"https:\/\/www.miomiorun.com\/de\/produkt\/karhu-ikoni-2020-damen\/\" \/>\n<meta property=\"og:locale\" content=\"de_DE\" \/>\n<meta property=\"og:type\" content=\"article\" \/>\n<meta property=\"og:title\" content=\"Karhu Ikoni damen - Laufschuhe - MioMioRun\" \/>\n<meta property=\"og:description\" content=\"Der Karhu Ikoni 2020 ist ein Laufmodell mit moderater D\u00e4mpfung, ideal f\u00fcr Neutrall\u00e4ufer oder \u00dcberpronierer im fr\u00fchen bis mittleren Stadium.\" \/>\n<meta property=\"og:url\" content=\"https:\/\/www.miomiorun.com\/de\/produkt\/karhu-ikoni-2020-damen\/\" \/>\n<meta property=\"og:site_name\" content=\"MioMioRun\" \/>\n<meta property=\"article:publisher\" content=\"https:\/\/www.facebook.com\/miomiorun\/\" \/>\n<meta property=\"article:modified_time\" content=\"2026-04-25T14:51:26+00:00\" \/>\n<meta property=\"og:image\" content=\"https:\/\/www.miomiorun.com\/app\/uploads\/2020\/10\/ikoni-2020-W-HiVo-JetBlack-Folkstone-Grey.jpg\" \/>\n\t<meta property=\"og:image:width\" content=\"600\" \/>\n\t<meta property=\"og:image:height\" content=\"600\" \/>\n\t<meta property=\"og:image:type\" content=\"image\/jpeg\" \/>\n<meta name=\"twitter:card\" content=\"summary_large_image\" \/>\n<meta name=\"twitter:label1\" content=\"Est. reading time\" \/>\n\t<meta name=\"twitter:data1\" content=\"1 minute\" \/>\n<script type=\"application\/ld+json\" class=\"yoast-schema-graph\">{\"@context\":\"https:\/\/schema.org\",\"@graph\":[{\"@type\":\"WebPage\",\"@id\":\"https:\/\/www.miomiorun.com\/de\/produkt\/karhu-ikoni-2020-damen\/\",\"url\":\"https:\/\/www.miomiorun.com\/de\/produkt\/karhu-ikoni-2020-damen\/\",\"name\":\"Karhu Ikoni damen - Laufschuhe - MioMioRun\",\"isPartOf\":{\"@id\":\"https:\/\/www.miomiorun.com\/de\/#website\"},\"primaryImageOfPage\":{\"@id\":\"https:\/\/www.miomiorun.com\/de\/produkt\/karhu-ikoni-2020-damen\/#primaryimage\"},\"image\":{\"@id\":\"https:\/\/www.miomiorun.com\/de\/produkt\/karhu-ikoni-2020-damen\/#primaryimage\"},\"thumbnailUrl\":\"https:\/\/www.miomiorun.com\/app\/uploads\/2020\/10\/ikoni-2020-W-HiVo-JetBlack-Folkstone-Grey.jpg\",\"datePublished\":\"2021-04-23T16:37:18+00:00\",\"dateModified\":\"2026-04-25T14:51:26+00:00\",\"description\":\"Der Karhu Ikoni 2020 ist ein Laufmodell mit moderater D\u00e4mpfung, ideal f\u00fcr Neutrall\u00e4ufer oder \u00dcberpronierer im fr\u00fchen bis mittleren Stadium.\",\"breadcrumb\":{\"@id\":\"https:\/\/www.miomiorun.com\/de\/produkt\/karhu-ikoni-2020-damen\/#breadcrumb\"},\"inLanguage\":\"de-DE\",\"potentialAction\":[{\"@type\":\"ReadAction\",\"target\":[\"https:\/\/www.miomiorun.com\/de\/produkt\/karhu-ikoni-2020-damen\/\"]}]},{\"@type\":\"ImageObject\",\"inLanguage\":\"de-DE\",\"@id\":\"https:\/\/www.miomiorun.com\/de\/produkt\/karhu-ikoni-2020-damen\/#primaryimage\",\"url\":\"https:\/\/www.miomiorun.com\/app\/uploads\/2020\/10\/ikoni-2020-W-HiVo-JetBlack-Folkstone-Grey.jpg\",\"contentUrl\":\"https:\/\/www.miomiorun.com\/app\/uploads\/2020\/10\/ikoni-2020-W-HiVo-JetBlack-Folkstone-Grey.jpg\",\"width\":600,\"height\":600,\"caption\":\"ikoni-2020-W-HiVo-JetBlack-Folkstone-Grey\"},{\"@type\":\"BreadcrumbList\",\"@id\":\"https:\/\/www.miomiorun.com\/de\/produkt\/karhu-ikoni-2020-damen\/#breadcrumb\",\"itemListElement\":[{\"@type\":\"ListItem\",\"position\":1,\"name\":\"Home\",\"item\":\"https:\/\/www.miomiorun.com\/de\/\"},{\"@type\":\"ListItem\",\"position\":2,\"name\":\"Shop\",\"item\":\"https:\/\/www.miomiorun.com\/shop\/\"},{\"@type\":\"ListItem\",\"position\":3,\"name\":\"Ikoni damen\"}]},{\"@type\":\"WebSite\",\"@id\":\"https:\/\/www.miomiorun.com\/de\/#website\",\"url\":\"https:\/\/www.miomiorun.com\/de\/\",\"name\":\"MioMioRun\",\"description\":\"100% Lauf- und Trailshop\",\"publisher\":{\"@id\":\"https:\/\/www.miomiorun.com\/de\/#organization\"},\"potentialAction\":[{\"@type\":\"SearchAction\",\"target\":{\"@type\":\"EntryPoint\",\"urlTemplate\":\"https:\/\/www.miomiorun.com\/de\/?s={search_term_string}\"},\"query-input\":{\"@type\":\"PropertyValueSpecification\",\"valueRequired\":true,\"valueName\":\"search_term_string\"}}],\"inLanguage\":\"de-DE\"},{\"@type\":\"Organization\",\"@id\":\"https:\/\/www.miomiorun.com\/de\/#organization\",\"name\":\"MioMio Run\",\"url\":\"https:\/\/www.miomiorun.com\/de\/\",\"logo\":{\"@type\":\"ImageObject\",\"inLanguage\":\"de-DE\",\"@id\":\"https:\/\/www.miomiorun.com\/de\/#\/schema\/logo\/image\/\",\"url\":\"https:\/\/www.miomiorun.com\/app\/uploads\/2019\/12\/logomio.png\",\"contentUrl\":\"https:\/\/www.miomiorun.com\/app\/uploads\/2019\/12\/logomio.png\",\"width\":115,\"height\":82,\"caption\":\"MioMio Run\"},\"image\":{\"@id\":\"https:\/\/www.miomiorun.com\/de\/#\/schema\/logo\/image\/\"},\"sameAs\":[\"https:\/\/www.facebook.com\/miomiorun\/\",\"https:\/\/www.instagram.com\/miomiorun\/\"]}]}<\/script>\n<!-- \/ Yoast SEO plugin. -->","yoast_head_json":{"title":"Karhu Ikoni damen - Laufschuhe - MioMioRun","description":"Der Karhu Ikoni 2020 ist ein Laufmodell mit moderater D\u00e4mpfung, ideal f\u00fcr Neutrall\u00e4ufer oder \u00dcberpronierer im fr\u00fchen bis mittleren Stadium.","robots":{"index":"index","follow":"follow","max-snippet":"max-snippet:-1","max-image-preview":"max-image-preview:large","max-video-preview":"max-video-preview:-1"},"canonical":"https:\/\/www.miomiorun.com\/de\/produkt\/karhu-ikoni-2020-damen\/","og_locale":"de_DE","og_type":"article","og_title":"Karhu Ikoni damen - Laufschuhe - MioMioRun","og_description":"Der Karhu Ikoni 2020 ist ein Laufmodell mit moderater D\u00e4mpfung, ideal f\u00fcr Neutrall\u00e4ufer oder \u00dcberpronierer im fr\u00fchen bis mittleren Stadium.","og_url":"https:\/\/www.miomiorun.com\/de\/produkt\/karhu-ikoni-2020-damen\/","og_site_name":"MioMioRun","article_publisher":"https:\/\/www.facebook.com\/miomiorun\/","article_modified_time":"2026-04-25T14:51:26+00:00","og_image":[{"width":600,"height":600,"url":"https:\/\/www.miomiorun.com\/app\/uploads\/2020\/10\/ikoni-2020-W-HiVo-JetBlack-Folkstone-Grey.jpg","type":"image\/jpeg"}],"twitter_card":"summary_large_image","twitter_misc":{"Est. reading time":"1 minute"},"schema":{"@context":"https:\/\/schema.org","@graph":[{"@type":"WebPage","@id":"https:\/\/www.miomiorun.com\/de\/produkt\/karhu-ikoni-2020-damen\/","url":"https:\/\/www.miomiorun.com\/de\/produkt\/karhu-ikoni-2020-damen\/","name":"Karhu Ikoni damen - Laufschuhe - MioMioRun","isPartOf":{"@id":"https:\/\/www.miomiorun.com\/de\/#website"},"primaryImageOfPage":{"@id":"https:\/\/www.miomiorun.com\/de\/produkt\/karhu-ikoni-2020-damen\/#primaryimage"},"image":{"@id":"https:\/\/www.miomiorun.com\/de\/produkt\/karhu-ikoni-2020-damen\/#primaryimage"},"thumbnailUrl":"https:\/\/www.miomiorun.com\/app\/uploads\/2020\/10\/ikoni-2020-W-HiVo-JetBlack-Folkstone-Grey.jpg","datePublished":"2021-04-23T16:37:18+00:00","dateModified":"2026-04-25T14:51:26+00:00","description":"Der Karhu Ikoni 2020 ist ein Laufmodell mit moderater D\u00e4mpfung, ideal f\u00fcr Neutrall\u00e4ufer oder \u00dcberpronierer im fr\u00fchen bis mittleren Stadium.","breadcrumb":{"@id":"https:\/\/www.miomiorun.com\/de\/produkt\/karhu-ikoni-2020-damen\/#breadcrumb"},"inLanguage":"de-DE","potentialAction":[{"@type":"ReadAction","target":["https:\/\/www.miomiorun.com\/de\/produkt\/karhu-ikoni-2020-damen\/"]}]},{"@type":"ImageObject","inLanguage":"de-DE","@id":"https:\/\/www.miomiorun.com\/de\/produkt\/karhu-ikoni-2020-damen\/#primaryimage","url":"https:\/\/www.miomiorun.com\/app\/uploads\/2020\/10\/ikoni-2020-W-HiVo-JetBlack-Folkstone-Grey.jpg","contentUrl":"https:\/\/www.miomiorun.com\/app\/uploads\/2020\/10\/ikoni-2020-W-HiVo-JetBlack-Folkstone-Grey.jpg","width":600,"height":600,"caption":"ikoni-2020-W-HiVo-JetBlack-Folkstone-Grey"},{"@type":"BreadcrumbList","@id":"https:\/\/www.miomiorun.com\/de\/produkt\/karhu-ikoni-2020-damen\/#breadcrumb","itemListElement":[{"@type":"ListItem","position":1,"name":"Home","item":"https:\/\/www.miomiorun.com\/de\/"},{"@type":"ListItem","position":2,"name":"Shop","item":"https:\/\/www.miomiorun.com\/shop\/"},{"@type":"ListItem","position":3,"name":"Ikoni damen"}]},{"@type":"WebSite","@id":"https:\/\/www.miomiorun.com\/de\/#website","url":"https:\/\/www.miomiorun.com\/de\/","name":"MioMioRun","description":"100% Lauf- und Trailshop","publisher":{"@id":"https:\/\/www.miomiorun.com\/de\/#organization"},"potentialAction":[{"@type":"SearchAction","target":{"@type":"EntryPoint","urlTemplate":"https:\/\/www.miomiorun.com\/de\/?s={search_term_string}"},"query-input":{"@type":"PropertyValueSpecification","valueRequired":true,"valueName":"search_term_string"}}],"inLanguage":"de-DE"},{"@type":"Organization","@id":"https:\/\/www.miomiorun.com\/de\/#organization","name":"MioMio Run","url":"https:\/\/www.miomiorun.com\/de\/","logo":{"@type":"ImageObject","inLanguage":"de-DE","@id":"https:\/\/www.miomiorun.com\/de\/#\/schema\/logo\/image\/","url":"https:\/\/www.miomiorun.com\/app\/uploads\/2019\/12\/logomio.png","contentUrl":"https:\/\/www.miomiorun.com\/app\/uploads\/2019\/12\/logomio.png","width":115,"height":82,"caption":"MioMio Run"},"image":{"@id":"https:\/\/www.miomiorun.com\/de\/#\/schema\/logo\/image\/"},"sameAs":["https:\/\/www.facebook.com\/miomiorun\/","https:\/\/www.instagram.com\/miomiorun\/"]}]}},"_links":{"self":[{"href":"https:\/\/www.miomiorun.com\/de\/wp-json\/wp\/v2\/product\/171462","targetHints":{"allow":["GET"]}}],"collection":[{"href":"https:\/\/www.miomiorun.com\/de\/wp-json\/wp\/v2\/product"}],"about":[{"href":"https:\/\/www.miomiorun.com\/de\/wp-json\/wp\/v2\/types\/product"}],"wp:featuredmedia":[{"embeddable":true,"href":"https:\/\/www.miomiorun.com\/de\/wp-json\/wp\/v2\/media\/53280"}],"wp:attachment":[{"href":"https:\/\/www.miomiorun.com\/de\/wp-json\/wp\/v2\/media?parent=171462"}],"wp:term":[{"taxonomy":"product_brand","embeddable":true,"href":"https:\/\/www.miomiorun.com\/de\/wp-json\/wp\/v2\/product_brand?post=171462"},{"taxonomy":"product_cat","embeddable":true,"href":"https:\/\/www.miomiorun.com\/de\/wp-json\/wp\/v2\/product_cat?post=171462"},{"taxonomy":"product_tag","embeddable":true,"href":"https:\/\/www.miomiorun.com\/de\/wp-json\/wp\/v2\/product_tag?post=171462"}],"curies":[{"name":"wp","href":"https:\/\/api.w.org\/{rel}","templated":true}]}}