{"id":171347,"date":"2021-07-22T11:07:29","date_gmt":"2021-07-22T09:07:29","guid":{"rendered":"https:\/\/miomiorun.com\/prodotto\/newline-black-warm-zip-shirt-donna\/"},"modified":"2026-05-08T20:59:11","modified_gmt":"2026-05-08T18:59:11","slug":"newline-black-warm-zip-shirt-damen","status":"publish","type":"product","link":"https:\/\/www.miomiorun.com\/de\/produkt\/newline-black-warm-zip-shirt-damen\/","title":{"rendered":"Black Warm Zip Shirt damen"},"content":{"rendered":"<p><strong>Black Warm Zip<\/strong> f\u00fcr Damen ist ein ideales Trikot f\u00fcr die kalten Monate. Dank seiner Weichheit und thermischen Eigenschaften h\u00e4lt es den K\u00f6rper warm.<\/p>\n<p>Konstruiert mit verschiedenen Materialien, um mehr Atmungsaktivit\u00e4t und Flexibilit\u00e4t an strategischen Punkten zu geben.<\/p>\n<p>Ausgestattet mit einem langen Rei\u00dfverschluss am Hals, um Ihnen mehr Bel\u00fcftung beim Laufen zu bieten. Au\u00dferdem hat es Flachn\u00e4hte, um Scheuerstellen und Irritationen zu minimieren.<\/p>\n<h3>Eigenschaften<\/h3>\n<ul>\n<li>Thermotrikot f\u00fcr die kalten Monate.<\/li>\n<li>Atmungsaktiv und flexibel.<\/li>\n<li>Flatlock-N\u00e4hte.<\/li>\n<\/ul>\n<p>&nbsp;<\/p>\n","protected":false},"excerpt":{"rendered":"<p>Black Warm Zip f\u00fcr Damen ist ein ideales Trikot f\u00fcr die kalten Monate. Dank seiner Weichheit und thermischen Eigenschaften h\u00e4lt es den K\u00f6rper warm. Konstruiert mit verschiedenen Materialien, um mehr Atmungsaktivit\u00e4t und Flexibilit\u00e4t an strategischen Punkten zu geben. Ausgestattet mit einem langen Rei\u00dfverschluss am Hals, um Ihnen mehr Bel\u00fcftung beim Laufen zu bieten. Au\u00dferdem hat &hellip; <a href=\"https:\/\/www.miomiorun.com\/de\/produkt\/newline-black-warm-zip-shirt-damen\/\">Continued<\/a><\/p>\n","protected":false},"featured_media":56799,"template":"","meta":{"_acf_changed":false,"inline_featured_image":false},"product_brand":[],"product_cat":[6495,6494,6496],"product_tag":[3385,6268],"class_list":{"0":"post-171347","1":"product","2":"type-product","3":"status-publish","4":"has-post-thumbnail","6":"product_cat-sale-damen-de","7":"product_cat-sale-damen-bekleidung-de","8":"product_cat-sale-langarmshirt-damen-de","9":"product_tag-newline-de","10":"product_tag-newline-damen-de","11":"pa_colore-black-warm-zip-shirt-wildberry-de","12":"pa_marca-newline-de","13":"pa_sesso-damen","14":"pa_size-medium-de","15":"pa_size-large-de","17":"first","18":"instock","19":"sale","20":"taxable","21":"shipping-taxable","22":"purchasable","23":"product-type-variable","24":"wvs-archive-product-wrapper"},"acf":[],"yoast_head":"<!-- This site is optimized with the Yoast SEO plugin v26.8 - https:\/\/yoast.com\/product\/yoast-seo-wordpress\/ -->\n<title>Black Warm Zip Shirt damen - Laufendes Trikot - MioMioRun<\/title>\n<meta name=\"description\" content=\"Black Warm Zip f\u00fcr Damen ist ein ideales Trikot f\u00fcr die kalten Monate. Dank seiner Weichheit und der W\u00e4rme, die es vermittelt.\" \/>\n<meta name=\"robots\" content=\"index, follow, max-snippet:-1, max-image-preview:large, max-video-preview:-1\" \/>\n<link rel=\"canonical\" href=\"https:\/\/www.miomiorun.com\/de\/produkt\/newline-black-warm-zip-shirt-damen\/\" \/>\n<meta property=\"og:locale\" content=\"de_DE\" \/>\n<meta property=\"og:type\" content=\"article\" \/>\n<meta property=\"og:title\" content=\"Black Warm Zip Shirt damen - Laufendes Trikot - MioMioRun\" \/>\n<meta property=\"og:description\" content=\"Black Warm Zip f\u00fcr Damen ist ein ideales Trikot f\u00fcr die kalten Monate. Dank seiner Weichheit und der W\u00e4rme, die es vermittelt.\" \/>\n<meta property=\"og:url\" content=\"https:\/\/www.miomiorun.com\/de\/produkt\/newline-black-warm-zip-shirt-damen\/\" \/>\n<meta property=\"og:site_name\" content=\"MioMioRun\" \/>\n<meta property=\"article:publisher\" content=\"https:\/\/www.facebook.com\/miomiorun\/\" \/>\n<meta property=\"article:modified_time\" content=\"2026-05-08T18:59:11+00:00\" \/>\n<meta property=\"og:image\" content=\"https:\/\/www.miomiorun.com\/app\/uploads\/2021\/07\/newline-Black-warm-zip-shirt-70375-440.jpg\" \/>\n\t<meta property=\"og:image:width\" content=\"600\" \/>\n\t<meta property=\"og:image:height\" content=\"600\" \/>\n\t<meta property=\"og:image:type\" content=\"image\/jpeg\" \/>\n<meta name=\"twitter:card\" content=\"summary_large_image\" \/>\n<script type=\"application\/ld+json\" class=\"yoast-schema-graph\">{\"@context\":\"https:\/\/schema.org\",\"@graph\":[{\"@type\":\"WebPage\",\"@id\":\"https:\/\/www.miomiorun.com\/de\/produkt\/newline-black-warm-zip-shirt-damen\/\",\"url\":\"https:\/\/www.miomiorun.com\/de\/produkt\/newline-black-warm-zip-shirt-damen\/\",\"name\":\"Black Warm Zip Shirt damen - Laufendes Trikot - MioMioRun\",\"isPartOf\":{\"@id\":\"https:\/\/www.miomiorun.com\/de\/#website\"},\"primaryImageOfPage\":{\"@id\":\"https:\/\/www.miomiorun.com\/de\/produkt\/newline-black-warm-zip-shirt-damen\/#primaryimage\"},\"image\":{\"@id\":\"https:\/\/www.miomiorun.com\/de\/produkt\/newline-black-warm-zip-shirt-damen\/#primaryimage\"},\"thumbnailUrl\":\"https:\/\/www.miomiorun.com\/app\/uploads\/2021\/07\/newline-Black-warm-zip-shirt-70375-440.jpg\",\"datePublished\":\"2021-07-22T09:07:29+00:00\",\"dateModified\":\"2026-05-08T18:59:11+00:00\",\"description\":\"Black Warm Zip f\u00fcr Damen ist ein ideales Trikot f\u00fcr die kalten Monate. Dank seiner Weichheit und der W\u00e4rme, die es vermittelt.\",\"breadcrumb\":{\"@id\":\"https:\/\/www.miomiorun.com\/de\/produkt\/newline-black-warm-zip-shirt-damen\/#breadcrumb\"},\"inLanguage\":\"de-DE\",\"potentialAction\":[{\"@type\":\"ReadAction\",\"target\":[\"https:\/\/www.miomiorun.com\/de\/produkt\/newline-black-warm-zip-shirt-damen\/\"]}]},{\"@type\":\"ImageObject\",\"inLanguage\":\"de-DE\",\"@id\":\"https:\/\/www.miomiorun.com\/de\/produkt\/newline-black-warm-zip-shirt-damen\/#primaryimage\",\"url\":\"https:\/\/www.miomiorun.com\/app\/uploads\/2021\/07\/newline-Black-warm-zip-shirt-70375-440.jpg\",\"contentUrl\":\"https:\/\/www.miomiorun.com\/app\/uploads\/2021\/07\/newline-Black-warm-zip-shirt-70375-440.jpg\",\"width\":600,\"height\":600,\"caption\":\"newline black warm zip shirt\"},{\"@type\":\"BreadcrumbList\",\"@id\":\"https:\/\/www.miomiorun.com\/de\/produkt\/newline-black-warm-zip-shirt-damen\/#breadcrumb\",\"itemListElement\":[{\"@type\":\"ListItem\",\"position\":1,\"name\":\"Home\",\"item\":\"https:\/\/www.miomiorun.com\/de\/\"},{\"@type\":\"ListItem\",\"position\":2,\"name\":\"Shop\",\"item\":\"https:\/\/www.miomiorun.com\/shop\/\"},{\"@type\":\"ListItem\",\"position\":3,\"name\":\"Black Warm Zip Shirt damen\"}]},{\"@type\":\"WebSite\",\"@id\":\"https:\/\/www.miomiorun.com\/de\/#website\",\"url\":\"https:\/\/www.miomiorun.com\/de\/\",\"name\":\"MioMioRun\",\"description\":\"100% Lauf- und Trailshop\",\"publisher\":{\"@id\":\"https:\/\/www.miomiorun.com\/de\/#organization\"},\"potentialAction\":[{\"@type\":\"SearchAction\",\"target\":{\"@type\":\"EntryPoint\",\"urlTemplate\":\"https:\/\/www.miomiorun.com\/de\/?s={search_term_string}\"},\"query-input\":{\"@type\":\"PropertyValueSpecification\",\"valueRequired\":true,\"valueName\":\"search_term_string\"}}],\"inLanguage\":\"de-DE\"},{\"@type\":\"Organization\",\"@id\":\"https:\/\/www.miomiorun.com\/de\/#organization\",\"name\":\"MioMio Run\",\"url\":\"https:\/\/www.miomiorun.com\/de\/\",\"logo\":{\"@type\":\"ImageObject\",\"inLanguage\":\"de-DE\",\"@id\":\"https:\/\/www.miomiorun.com\/de\/#\/schema\/logo\/image\/\",\"url\":\"https:\/\/www.miomiorun.com\/app\/uploads\/2019\/12\/logomio.png\",\"contentUrl\":\"https:\/\/www.miomiorun.com\/app\/uploads\/2019\/12\/logomio.png\",\"width\":115,\"height\":82,\"caption\":\"MioMio Run\"},\"image\":{\"@id\":\"https:\/\/www.miomiorun.com\/de\/#\/schema\/logo\/image\/\"},\"sameAs\":[\"https:\/\/www.facebook.com\/miomiorun\/\",\"https:\/\/www.instagram.com\/miomiorun\/\"]}]}<\/script>\n<!-- \/ Yoast SEO plugin. -->","yoast_head_json":{"title":"Black Warm Zip Shirt damen - Laufendes Trikot - MioMioRun","description":"Black Warm Zip f\u00fcr Damen ist ein ideales Trikot f\u00fcr die kalten Monate. Dank seiner Weichheit und der W\u00e4rme, die es vermittelt.","robots":{"index":"index","follow":"follow","max-snippet":"max-snippet:-1","max-image-preview":"max-image-preview:large","max-video-preview":"max-video-preview:-1"},"canonical":"https:\/\/www.miomiorun.com\/de\/produkt\/newline-black-warm-zip-shirt-damen\/","og_locale":"de_DE","og_type":"article","og_title":"Black Warm Zip Shirt damen - Laufendes Trikot - MioMioRun","og_description":"Black Warm Zip f\u00fcr Damen ist ein ideales Trikot f\u00fcr die kalten Monate. Dank seiner Weichheit und der W\u00e4rme, die es vermittelt.","og_url":"https:\/\/www.miomiorun.com\/de\/produkt\/newline-black-warm-zip-shirt-damen\/","og_site_name":"MioMioRun","article_publisher":"https:\/\/www.facebook.com\/miomiorun\/","article_modified_time":"2026-05-08T18:59:11+00:00","og_image":[{"width":600,"height":600,"url":"https:\/\/www.miomiorun.com\/app\/uploads\/2021\/07\/newline-Black-warm-zip-shirt-70375-440.jpg","type":"image\/jpeg"}],"twitter_card":"summary_large_image","schema":{"@context":"https:\/\/schema.org","@graph":[{"@type":"WebPage","@id":"https:\/\/www.miomiorun.com\/de\/produkt\/newline-black-warm-zip-shirt-damen\/","url":"https:\/\/www.miomiorun.com\/de\/produkt\/newline-black-warm-zip-shirt-damen\/","name":"Black Warm Zip Shirt damen - Laufendes Trikot - MioMioRun","isPartOf":{"@id":"https:\/\/www.miomiorun.com\/de\/#website"},"primaryImageOfPage":{"@id":"https:\/\/www.miomiorun.com\/de\/produkt\/newline-black-warm-zip-shirt-damen\/#primaryimage"},"image":{"@id":"https:\/\/www.miomiorun.com\/de\/produkt\/newline-black-warm-zip-shirt-damen\/#primaryimage"},"thumbnailUrl":"https:\/\/www.miomiorun.com\/app\/uploads\/2021\/07\/newline-Black-warm-zip-shirt-70375-440.jpg","datePublished":"2021-07-22T09:07:29+00:00","dateModified":"2026-05-08T18:59:11+00:00","description":"Black Warm Zip f\u00fcr Damen ist ein ideales Trikot f\u00fcr die kalten Monate. Dank seiner Weichheit und der W\u00e4rme, die es vermittelt.","breadcrumb":{"@id":"https:\/\/www.miomiorun.com\/de\/produkt\/newline-black-warm-zip-shirt-damen\/#breadcrumb"},"inLanguage":"de-DE","potentialAction":[{"@type":"ReadAction","target":["https:\/\/www.miomiorun.com\/de\/produkt\/newline-black-warm-zip-shirt-damen\/"]}]},{"@type":"ImageObject","inLanguage":"de-DE","@id":"https:\/\/www.miomiorun.com\/de\/produkt\/newline-black-warm-zip-shirt-damen\/#primaryimage","url":"https:\/\/www.miomiorun.com\/app\/uploads\/2021\/07\/newline-Black-warm-zip-shirt-70375-440.jpg","contentUrl":"https:\/\/www.miomiorun.com\/app\/uploads\/2021\/07\/newline-Black-warm-zip-shirt-70375-440.jpg","width":600,"height":600,"caption":"newline black warm zip shirt"},{"@type":"BreadcrumbList","@id":"https:\/\/www.miomiorun.com\/de\/produkt\/newline-black-warm-zip-shirt-damen\/#breadcrumb","itemListElement":[{"@type":"ListItem","position":1,"name":"Home","item":"https:\/\/www.miomiorun.com\/de\/"},{"@type":"ListItem","position":2,"name":"Shop","item":"https:\/\/www.miomiorun.com\/shop\/"},{"@type":"ListItem","position":3,"name":"Black Warm Zip Shirt damen"}]},{"@type":"WebSite","@id":"https:\/\/www.miomiorun.com\/de\/#website","url":"https:\/\/www.miomiorun.com\/de\/","name":"MioMioRun","description":"100% Lauf- und Trailshop","publisher":{"@id":"https:\/\/www.miomiorun.com\/de\/#organization"},"potentialAction":[{"@type":"SearchAction","target":{"@type":"EntryPoint","urlTemplate":"https:\/\/www.miomiorun.com\/de\/?s={search_term_string}"},"query-input":{"@type":"PropertyValueSpecification","valueRequired":true,"valueName":"search_term_string"}}],"inLanguage":"de-DE"},{"@type":"Organization","@id":"https:\/\/www.miomiorun.com\/de\/#organization","name":"MioMio Run","url":"https:\/\/www.miomiorun.com\/de\/","logo":{"@type":"ImageObject","inLanguage":"de-DE","@id":"https:\/\/www.miomiorun.com\/de\/#\/schema\/logo\/image\/","url":"https:\/\/www.miomiorun.com\/app\/uploads\/2019\/12\/logomio.png","contentUrl":"https:\/\/www.miomiorun.com\/app\/uploads\/2019\/12\/logomio.png","width":115,"height":82,"caption":"MioMio Run"},"image":{"@id":"https:\/\/www.miomiorun.com\/de\/#\/schema\/logo\/image\/"},"sameAs":["https:\/\/www.facebook.com\/miomiorun\/","https:\/\/www.instagram.com\/miomiorun\/"]}]}},"_links":{"self":[{"href":"https:\/\/www.miomiorun.com\/de\/wp-json\/wp\/v2\/product\/171347","targetHints":{"allow":["GET"]}}],"collection":[{"href":"https:\/\/www.miomiorun.com\/de\/wp-json\/wp\/v2\/product"}],"about":[{"href":"https:\/\/www.miomiorun.com\/de\/wp-json\/wp\/v2\/types\/product"}],"wp:featuredmedia":[{"embeddable":true,"href":"https:\/\/www.miomiorun.com\/de\/wp-json\/wp\/v2\/media\/56799"}],"wp:attachment":[{"href":"https:\/\/www.miomiorun.com\/de\/wp-json\/wp\/v2\/media?parent=171347"}],"wp:term":[{"taxonomy":"product_brand","embeddable":true,"href":"https:\/\/www.miomiorun.com\/de\/wp-json\/wp\/v2\/product_brand?post=171347"},{"taxonomy":"product_cat","embeddable":true,"href":"https:\/\/www.miomiorun.com\/de\/wp-json\/wp\/v2\/product_cat?post=171347"},{"taxonomy":"product_tag","embeddable":true,"href":"https:\/\/www.miomiorun.com\/de\/wp-json\/wp\/v2\/product_tag?post=171347"}],"curies":[{"name":"wp","href":"https:\/\/api.w.org\/{rel}","templated":true}]}}