{"id":171332,"date":"2020-12-09T16:25:05","date_gmt":"2020-12-09T15:25:05","guid":{"rendered":"https:\/\/miomiorun.com\/prodotto\/zoot-ocean-side-hoodie-donna\/"},"modified":"2025-02-19T17:14:15","modified_gmt":"2025-02-19T16:14:15","slug":"zoot-ocean-side-hoodie-damen","status":"publish","type":"product","link":"https:\/\/www.miomiorun.com\/de\/produkt\/zoot-ocean-side-hoodie-damen\/","title":{"rendered":"Ocean Side Hoodie damen"},"content":{"rendered":"<p>Der Ocean Side Hoodie f\u00fcr Frauen ist ein vielseitiges Laufshirt, das mit Stil und Leistung punktet. Die leicht geb\u00fcrstete Innenseite h\u00e4lt dich warm, w\u00e4hrend die Au\u00dfenseite den Schwei\u00df ableitet und dich trocken h\u00e4lt. In der Rei\u00dfverschlusstasche auf der R\u00fcckseite kannst du deine N\u00e4hrstoffe f\u00fcr die Langstrecke aufbewahren. Der Ocean Side Hoodie bietet leichte W\u00e4rme f\u00fcr die k\u00e4ltesten Trainingstage.<br \/>\nMaterial:<\/p>\n<p>Mattes Mesh auf der R\u00fcckseite f\u00fcr \u00fcberragenden Komfort und Feuchtigkeitsmanagement<br \/>\nPassgenaue Kapuze mit \u00fcberkreuztem Ausschnitt f\u00fcr zus\u00e4tzlichen Komfort und einfaches An- und Ausziehen<br \/>\nHintere Rei\u00dfverschlusstasche<br \/>\nReflektierende Details f\u00fcr bessere Sichtbarkeit<br \/>\nUPF 50+ Sonnenschutz<\/p>\n","protected":false},"excerpt":{"rendered":"<p>Der Ocean Side Hoodie f\u00fcr Frauen ist ein vielseitiges Laufshirt, das mit Stil und Leistung punktet. Die leicht geb\u00fcrstete Innenseite h\u00e4lt dich warm, w\u00e4hrend die Au\u00dfenseite den Schwei\u00df ableitet und dich trocken h\u00e4lt. In der Rei\u00dfverschlusstasche auf der R\u00fcckseite kannst du deine N\u00e4hrstoffe f\u00fcr die Langstrecke aufbewahren. Der Ocean Side Hoodie bietet leichte W\u00e4rme f\u00fcr &hellip; <a href=\"https:\/\/www.miomiorun.com\/de\/produkt\/zoot-ocean-side-hoodie-damen\/\">Continued<\/a><\/p>\n","protected":false},"featured_media":53884,"template":"","meta":{"_acf_changed":false,"inline_featured_image":false},"product_brand":[],"product_cat":[6495,6494,6496],"product_tag":[3401,6317],"class_list":{"0":"post-171332","1":"product","2":"type-product","3":"status-publish","4":"has-post-thumbnail","6":"product_cat-sale-damen-de","7":"product_cat-sale-damen-bekleidung-de","8":"product_cat-sale-langarmshirt-damen-de","9":"product_tag-zoot-de","10":"product_tag-zoot-damen-de","11":"pa_attivita-gehen","12":"pa_attivita-running-de","13":"pa_marca-zoot-de","14":"pa_sesso-damen","15":"pa_size-medium-de","17":"first","18":"instock","19":"sale","20":"taxable","21":"shipping-taxable","22":"purchasable","23":"product-type-variable","24":"wvs-archive-product-wrapper"},"acf":[],"yoast_head":"<!-- This site is optimized with the Yoast SEO plugin v26.8 - https:\/\/yoast.com\/product\/yoast-seo-wordpress\/ -->\n<title>Ocean Side Hoodie damen - Lauf-Shirt- MioMioRun<\/title>\n<meta name=\"description\" content=\"Der Ocean Side Kapuzenpullover f\u00fcr Frauen ist ein vielseitiges Laufshirt, das leicht w\u00e4rmt und die Leistung steigert. Entdecken Sie es auf unserer Website\" \/>\n<meta name=\"robots\" content=\"index, follow, max-snippet:-1, max-image-preview:large, max-video-preview:-1\" \/>\n<link rel=\"canonical\" href=\"https:\/\/www.miomiorun.com\/de\/produkt\/zoot-ocean-side-hoodie-damen\/\" \/>\n<meta property=\"og:locale\" content=\"de_DE\" \/>\n<meta property=\"og:type\" content=\"article\" \/>\n<meta property=\"og:title\" content=\"Ocean Side Hoodie damen - Lauf-Shirt- MioMioRun\" \/>\n<meta property=\"og:description\" content=\"Der Ocean Side Kapuzenpullover f\u00fcr Frauen ist ein vielseitiges Laufshirt, das leicht w\u00e4rmt und die Leistung steigert. Entdecken Sie es auf unserer Website\" \/>\n<meta property=\"og:url\" content=\"https:\/\/www.miomiorun.com\/de\/produkt\/zoot-ocean-side-hoodie-damen\/\" \/>\n<meta property=\"og:site_name\" content=\"MioMioRun\" \/>\n<meta property=\"article:publisher\" content=\"https:\/\/www.facebook.com\/miomiorun\/\" \/>\n<meta property=\"article:modified_time\" content=\"2025-02-19T16:14:15+00:00\" \/>\n<meta property=\"og:image\" content=\"https:\/\/www.miomiorun.com\/app\/uploads\/2020\/12\/zoot-Ocean-side-hoodie-2654226.1.4.jpg\" \/>\n\t<meta property=\"og:image:width\" content=\"600\" \/>\n\t<meta property=\"og:image:height\" content=\"600\" \/>\n\t<meta property=\"og:image:type\" content=\"image\/jpeg\" \/>\n<meta name=\"twitter:card\" content=\"summary_large_image\" \/>\n<meta name=\"twitter:label1\" content=\"Est. reading time\" \/>\n\t<meta name=\"twitter:data1\" content=\"1 minute\" \/>\n<script type=\"application\/ld+json\" class=\"yoast-schema-graph\">{\"@context\":\"https:\/\/schema.org\",\"@graph\":[{\"@type\":\"WebPage\",\"@id\":\"https:\/\/www.miomiorun.com\/de\/produkt\/zoot-ocean-side-hoodie-damen\/\",\"url\":\"https:\/\/www.miomiorun.com\/de\/produkt\/zoot-ocean-side-hoodie-damen\/\",\"name\":\"Ocean Side Hoodie damen - Lauf-Shirt- MioMioRun\",\"isPartOf\":{\"@id\":\"https:\/\/www.miomiorun.com\/de\/#website\"},\"primaryImageOfPage\":{\"@id\":\"https:\/\/www.miomiorun.com\/de\/produkt\/zoot-ocean-side-hoodie-damen\/#primaryimage\"},\"image\":{\"@id\":\"https:\/\/www.miomiorun.com\/de\/produkt\/zoot-ocean-side-hoodie-damen\/#primaryimage\"},\"thumbnailUrl\":\"https:\/\/www.miomiorun.com\/app\/uploads\/2020\/12\/zoot-Ocean-side-hoodie-2654226.1.4.jpg\",\"datePublished\":\"2020-12-09T15:25:05+00:00\",\"dateModified\":\"2025-02-19T16:14:15+00:00\",\"description\":\"Der Ocean Side Kapuzenpullover f\u00fcr Frauen ist ein vielseitiges Laufshirt, das leicht w\u00e4rmt und die Leistung steigert. Entdecken Sie es auf unserer Website\",\"breadcrumb\":{\"@id\":\"https:\/\/www.miomiorun.com\/de\/produkt\/zoot-ocean-side-hoodie-damen\/#breadcrumb\"},\"inLanguage\":\"de-DE\",\"potentialAction\":[{\"@type\":\"ReadAction\",\"target\":[\"https:\/\/www.miomiorun.com\/de\/produkt\/zoot-ocean-side-hoodie-damen\/\"]}]},{\"@type\":\"ImageObject\",\"inLanguage\":\"de-DE\",\"@id\":\"https:\/\/www.miomiorun.com\/de\/produkt\/zoot-ocean-side-hoodie-damen\/#primaryimage\",\"url\":\"https:\/\/www.miomiorun.com\/app\/uploads\/2020\/12\/zoot-Ocean-side-hoodie-2654226.1.4.jpg\",\"contentUrl\":\"https:\/\/www.miomiorun.com\/app\/uploads\/2020\/12\/zoot-Ocean-side-hoodie-2654226.1.4.jpg\",\"width\":600,\"height\":600,\"caption\":\"zoot ocean side hoodie\"},{\"@type\":\"BreadcrumbList\",\"@id\":\"https:\/\/www.miomiorun.com\/de\/produkt\/zoot-ocean-side-hoodie-damen\/#breadcrumb\",\"itemListElement\":[{\"@type\":\"ListItem\",\"position\":1,\"name\":\"Home\",\"item\":\"https:\/\/www.miomiorun.com\/de\/\"},{\"@type\":\"ListItem\",\"position\":2,\"name\":\"Shop\",\"item\":\"https:\/\/www.miomiorun.com\/shop\/\"},{\"@type\":\"ListItem\",\"position\":3,\"name\":\"Ocean Side Hoodie damen\"}]},{\"@type\":\"WebSite\",\"@id\":\"https:\/\/www.miomiorun.com\/de\/#website\",\"url\":\"https:\/\/www.miomiorun.com\/de\/\",\"name\":\"MioMioRun\",\"description\":\"100% Lauf- und Trailshop\",\"publisher\":{\"@id\":\"https:\/\/www.miomiorun.com\/de\/#organization\"},\"potentialAction\":[{\"@type\":\"SearchAction\",\"target\":{\"@type\":\"EntryPoint\",\"urlTemplate\":\"https:\/\/www.miomiorun.com\/de\/?s={search_term_string}\"},\"query-input\":{\"@type\":\"PropertyValueSpecification\",\"valueRequired\":true,\"valueName\":\"search_term_string\"}}],\"inLanguage\":\"de-DE\"},{\"@type\":\"Organization\",\"@id\":\"https:\/\/www.miomiorun.com\/de\/#organization\",\"name\":\"MioMio Run\",\"url\":\"https:\/\/www.miomiorun.com\/de\/\",\"logo\":{\"@type\":\"ImageObject\",\"inLanguage\":\"de-DE\",\"@id\":\"https:\/\/www.miomiorun.com\/de\/#\/schema\/logo\/image\/\",\"url\":\"https:\/\/www.miomiorun.com\/app\/uploads\/2019\/12\/logomio.png\",\"contentUrl\":\"https:\/\/www.miomiorun.com\/app\/uploads\/2019\/12\/logomio.png\",\"width\":115,\"height\":82,\"caption\":\"MioMio Run\"},\"image\":{\"@id\":\"https:\/\/www.miomiorun.com\/de\/#\/schema\/logo\/image\/\"},\"sameAs\":[\"https:\/\/www.facebook.com\/miomiorun\/\",\"https:\/\/www.instagram.com\/miomiorun\/\"]}]}<\/script>\n<!-- \/ Yoast SEO plugin. -->","yoast_head_json":{"title":"Ocean Side Hoodie damen - Lauf-Shirt- MioMioRun","description":"Der Ocean Side Kapuzenpullover f\u00fcr Frauen ist ein vielseitiges Laufshirt, das leicht w\u00e4rmt und die Leistung steigert. Entdecken Sie es auf unserer Website","robots":{"index":"index","follow":"follow","max-snippet":"max-snippet:-1","max-image-preview":"max-image-preview:large","max-video-preview":"max-video-preview:-1"},"canonical":"https:\/\/www.miomiorun.com\/de\/produkt\/zoot-ocean-side-hoodie-damen\/","og_locale":"de_DE","og_type":"article","og_title":"Ocean Side Hoodie damen - Lauf-Shirt- MioMioRun","og_description":"Der Ocean Side Kapuzenpullover f\u00fcr Frauen ist ein vielseitiges Laufshirt, das leicht w\u00e4rmt und die Leistung steigert. Entdecken Sie es auf unserer Website","og_url":"https:\/\/www.miomiorun.com\/de\/produkt\/zoot-ocean-side-hoodie-damen\/","og_site_name":"MioMioRun","article_publisher":"https:\/\/www.facebook.com\/miomiorun\/","article_modified_time":"2025-02-19T16:14:15+00:00","og_image":[{"width":600,"height":600,"url":"https:\/\/www.miomiorun.com\/app\/uploads\/2020\/12\/zoot-Ocean-side-hoodie-2654226.1.4.jpg","type":"image\/jpeg"}],"twitter_card":"summary_large_image","twitter_misc":{"Est. reading time":"1 minute"},"schema":{"@context":"https:\/\/schema.org","@graph":[{"@type":"WebPage","@id":"https:\/\/www.miomiorun.com\/de\/produkt\/zoot-ocean-side-hoodie-damen\/","url":"https:\/\/www.miomiorun.com\/de\/produkt\/zoot-ocean-side-hoodie-damen\/","name":"Ocean Side Hoodie damen - Lauf-Shirt- MioMioRun","isPartOf":{"@id":"https:\/\/www.miomiorun.com\/de\/#website"},"primaryImageOfPage":{"@id":"https:\/\/www.miomiorun.com\/de\/produkt\/zoot-ocean-side-hoodie-damen\/#primaryimage"},"image":{"@id":"https:\/\/www.miomiorun.com\/de\/produkt\/zoot-ocean-side-hoodie-damen\/#primaryimage"},"thumbnailUrl":"https:\/\/www.miomiorun.com\/app\/uploads\/2020\/12\/zoot-Ocean-side-hoodie-2654226.1.4.jpg","datePublished":"2020-12-09T15:25:05+00:00","dateModified":"2025-02-19T16:14:15+00:00","description":"Der Ocean Side Kapuzenpullover f\u00fcr Frauen ist ein vielseitiges Laufshirt, das leicht w\u00e4rmt und die Leistung steigert. Entdecken Sie es auf unserer Website","breadcrumb":{"@id":"https:\/\/www.miomiorun.com\/de\/produkt\/zoot-ocean-side-hoodie-damen\/#breadcrumb"},"inLanguage":"de-DE","potentialAction":[{"@type":"ReadAction","target":["https:\/\/www.miomiorun.com\/de\/produkt\/zoot-ocean-side-hoodie-damen\/"]}]},{"@type":"ImageObject","inLanguage":"de-DE","@id":"https:\/\/www.miomiorun.com\/de\/produkt\/zoot-ocean-side-hoodie-damen\/#primaryimage","url":"https:\/\/www.miomiorun.com\/app\/uploads\/2020\/12\/zoot-Ocean-side-hoodie-2654226.1.4.jpg","contentUrl":"https:\/\/www.miomiorun.com\/app\/uploads\/2020\/12\/zoot-Ocean-side-hoodie-2654226.1.4.jpg","width":600,"height":600,"caption":"zoot ocean side hoodie"},{"@type":"BreadcrumbList","@id":"https:\/\/www.miomiorun.com\/de\/produkt\/zoot-ocean-side-hoodie-damen\/#breadcrumb","itemListElement":[{"@type":"ListItem","position":1,"name":"Home","item":"https:\/\/www.miomiorun.com\/de\/"},{"@type":"ListItem","position":2,"name":"Shop","item":"https:\/\/www.miomiorun.com\/shop\/"},{"@type":"ListItem","position":3,"name":"Ocean Side Hoodie damen"}]},{"@type":"WebSite","@id":"https:\/\/www.miomiorun.com\/de\/#website","url":"https:\/\/www.miomiorun.com\/de\/","name":"MioMioRun","description":"100% Lauf- und Trailshop","publisher":{"@id":"https:\/\/www.miomiorun.com\/de\/#organization"},"potentialAction":[{"@type":"SearchAction","target":{"@type":"EntryPoint","urlTemplate":"https:\/\/www.miomiorun.com\/de\/?s={search_term_string}"},"query-input":{"@type":"PropertyValueSpecification","valueRequired":true,"valueName":"search_term_string"}}],"inLanguage":"de-DE"},{"@type":"Organization","@id":"https:\/\/www.miomiorun.com\/de\/#organization","name":"MioMio Run","url":"https:\/\/www.miomiorun.com\/de\/","logo":{"@type":"ImageObject","inLanguage":"de-DE","@id":"https:\/\/www.miomiorun.com\/de\/#\/schema\/logo\/image\/","url":"https:\/\/www.miomiorun.com\/app\/uploads\/2019\/12\/logomio.png","contentUrl":"https:\/\/www.miomiorun.com\/app\/uploads\/2019\/12\/logomio.png","width":115,"height":82,"caption":"MioMio Run"},"image":{"@id":"https:\/\/www.miomiorun.com\/de\/#\/schema\/logo\/image\/"},"sameAs":["https:\/\/www.facebook.com\/miomiorun\/","https:\/\/www.instagram.com\/miomiorun\/"]}]}},"_links":{"self":[{"href":"https:\/\/www.miomiorun.com\/de\/wp-json\/wp\/v2\/product\/171332","targetHints":{"allow":["GET"]}}],"collection":[{"href":"https:\/\/www.miomiorun.com\/de\/wp-json\/wp\/v2\/product"}],"about":[{"href":"https:\/\/www.miomiorun.com\/de\/wp-json\/wp\/v2\/types\/product"}],"wp:featuredmedia":[{"embeddable":true,"href":"https:\/\/www.miomiorun.com\/de\/wp-json\/wp\/v2\/media\/53884"}],"wp:attachment":[{"href":"https:\/\/www.miomiorun.com\/de\/wp-json\/wp\/v2\/media?parent=171332"}],"wp:term":[{"taxonomy":"product_brand","embeddable":true,"href":"https:\/\/www.miomiorun.com\/de\/wp-json\/wp\/v2\/product_brand?post=171332"},{"taxonomy":"product_cat","embeddable":true,"href":"https:\/\/www.miomiorun.com\/de\/wp-json\/wp\/v2\/product_cat?post=171332"},{"taxonomy":"product_tag","embeddable":true,"href":"https:\/\/www.miomiorun.com\/de\/wp-json\/wp\/v2\/product_tag?post=171332"}],"curies":[{"name":"wp","href":"https:\/\/api.w.org\/{rel}","templated":true}]}}