{"id":171326,"date":"2021-02-01T16:35:55","date_gmt":"2021-02-01T15:35:55","guid":{"rendered":"https:\/\/miomiorun.com\/prodotto\/brooks-distance-long-sleeve-nightlife-donna\/"},"modified":"2025-02-19T17:15:12","modified_gmt":"2025-02-19T16:15:12","slug":"brooks-distance-long-sleeve-nightlife-damen","status":"publish","type":"product","link":"https:\/\/www.miomiorun.com\/de\/produkt\/brooks-distance-long-sleeve-nightlife-damen\/","title":{"rendered":"Distance Long Sleeve Nightlife damen"},"content":{"rendered":"<div class=\"single-product-description\">\n<p>Ideal f\u00fcr t\u00e4gliche L\u00e4ufe. Das Distance Longsleeve von Brooks besteht aus DriLayer Burst Material, das bei l\u00e4ngeren L\u00e4ufen geruchshemmend wirkt. Das Longsleeve wurde f\u00fcr ein komfortables Training entworfen und hergestellt. Das atmungsaktive Material trocknet schnell, damit du dich wohl f\u00fchlst und trocken bleibst.<\/p>\n<p><b>FEATURES<\/b><\/p>\n<p>&#8211; Geruchshemmend<br \/>\n&#8211; Komfortables Design<br \/>\n&#8211; Schnell trocknend<br \/>\n&#8211; Unterarmeins\u00e4tze f\u00fcr mehr Komfort und Bewegungsfreiheit<br \/>\n&#8211; Semi-fitted<\/p>\n<p>Material: DriLayer Burst 85% Polyester \/ 15% Baumwolle<\/p>\n<p>&nbsp;<\/p>\n<\/div>\n","protected":false},"excerpt":{"rendered":"<p>Ideal f\u00fcr t\u00e4gliche L\u00e4ufe. Das Distance Longsleeve von Brooks besteht aus DriLayer Burst Material, das bei l\u00e4ngeren L\u00e4ufen geruchshemmend wirkt. Das Longsleeve wurde f\u00fcr ein komfortables Training entworfen und hergestellt. Das atmungsaktive Material trocknet schnell, damit du dich wohl f\u00fchlst und trocken bleibst. FEATURES &#8211; Geruchshemmend &#8211; Komfortables Design &#8211; Schnell trocknend &#8211; Unterarmeins\u00e4tze f\u00fcr &hellip; <a href=\"https:\/\/www.miomiorun.com\/de\/produkt\/brooks-distance-long-sleeve-nightlife-damen\/\">Continued<\/a><\/p>\n","protected":false},"featured_media":54194,"template":"","meta":{"_acf_changed":false,"inline_featured_image":false},"product_brand":[],"product_cat":[6495,6494,6496],"product_tag":[3362,6205],"class_list":{"0":"post-171326","1":"product","2":"type-product","3":"status-publish","4":"has-post-thumbnail","6":"product_cat-sale-damen-de","7":"product_cat-sale-damen-bekleidung-de","8":"product_cat-sale-langarmshirt-damen-de","9":"product_tag-brooks-de","10":"product_tag-brooks-damen-de","11":"pa_attivita-gehen","12":"pa_attivita-running-de","13":"pa_marca-brooks-de","14":"pa_sesso-damen","15":"pa_size-extra-small-de","17":"first","18":"outofstock","19":"taxable","20":"shipping-taxable","21":"purchasable","22":"product-type-variable","23":"wvs-archive-product-wrapper"},"acf":[],"yoast_head":"<!-- This site is optimized with the Yoast SEO plugin v26.8 - https:\/\/yoast.com\/product\/yoast-seo-wordpress\/ -->\n<title>Distance Long Sleeve Nightlife damen - Laufendes Trikot - MioMioRun<\/title>\n<meta name=\"description\" content=\"Ideal f\u00fcr den t\u00e4glichen Laufsport. Das lang\u00e4rmelige Trikot ist f\u00fcr ein komfortables, bequemes und trockenes Training konzipiert und hergestellt.\" \/>\n<meta name=\"robots\" content=\"index, follow, max-snippet:-1, max-image-preview:large, max-video-preview:-1\" \/>\n<link rel=\"canonical\" href=\"https:\/\/www.miomiorun.com\/de\/produkt\/brooks-distance-long-sleeve-nightlife-damen\/\" \/>\n<meta property=\"og:locale\" content=\"de_DE\" \/>\n<meta property=\"og:type\" content=\"article\" \/>\n<meta property=\"og:title\" content=\"Distance Long Sleeve Nightlife damen - Laufendes Trikot - MioMioRun\" \/>\n<meta property=\"og:description\" content=\"Ideal f\u00fcr den t\u00e4glichen Laufsport. Das lang\u00e4rmelige Trikot ist f\u00fcr ein komfortables, bequemes und trockenes Training konzipiert und hergestellt.\" \/>\n<meta property=\"og:url\" content=\"https:\/\/www.miomiorun.com\/de\/produkt\/brooks-distance-long-sleeve-nightlife-damen\/\" \/>\n<meta property=\"og:site_name\" content=\"MioMioRun\" \/>\n<meta property=\"article:publisher\" content=\"https:\/\/www.facebook.com\/miomiorun\/\" \/>\n<meta property=\"article:modified_time\" content=\"2025-02-19T16:15:12+00:00\" \/>\n<meta property=\"og:image\" content=\"https:\/\/www.miomiorun.com\/app\/uploads\/2021\/02\/brooks-Distance-long-sleeve-nightlife-221307-305.jpg\" \/>\n\t<meta property=\"og:image:width\" content=\"600\" \/>\n\t<meta property=\"og:image:height\" content=\"600\" \/>\n\t<meta property=\"og:image:type\" content=\"image\/jpeg\" \/>\n<meta name=\"twitter:card\" content=\"summary_large_image\" \/>\n<script type=\"application\/ld+json\" class=\"yoast-schema-graph\">{\"@context\":\"https:\/\/schema.org\",\"@graph\":[{\"@type\":\"WebPage\",\"@id\":\"https:\/\/www.miomiorun.com\/de\/produkt\/brooks-distance-long-sleeve-nightlife-damen\/\",\"url\":\"https:\/\/www.miomiorun.com\/de\/produkt\/brooks-distance-long-sleeve-nightlife-damen\/\",\"name\":\"Distance Long Sleeve Nightlife damen - Laufendes Trikot - MioMioRun\",\"isPartOf\":{\"@id\":\"https:\/\/www.miomiorun.com\/de\/#website\"},\"primaryImageOfPage\":{\"@id\":\"https:\/\/www.miomiorun.com\/de\/produkt\/brooks-distance-long-sleeve-nightlife-damen\/#primaryimage\"},\"image\":{\"@id\":\"https:\/\/www.miomiorun.com\/de\/produkt\/brooks-distance-long-sleeve-nightlife-damen\/#primaryimage\"},\"thumbnailUrl\":\"https:\/\/www.miomiorun.com\/app\/uploads\/2021\/02\/brooks-Distance-long-sleeve-nightlife-221307-305.jpg\",\"datePublished\":\"2021-02-01T15:35:55+00:00\",\"dateModified\":\"2025-02-19T16:15:12+00:00\",\"description\":\"Ideal f\u00fcr den t\u00e4glichen Laufsport. Das lang\u00e4rmelige Trikot ist f\u00fcr ein komfortables, bequemes und trockenes Training konzipiert und hergestellt.\",\"breadcrumb\":{\"@id\":\"https:\/\/www.miomiorun.com\/de\/produkt\/brooks-distance-long-sleeve-nightlife-damen\/#breadcrumb\"},\"inLanguage\":\"de-DE\",\"potentialAction\":[{\"@type\":\"ReadAction\",\"target\":[\"https:\/\/www.miomiorun.com\/de\/produkt\/brooks-distance-long-sleeve-nightlife-damen\/\"]}]},{\"@type\":\"ImageObject\",\"inLanguage\":\"de-DE\",\"@id\":\"https:\/\/www.miomiorun.com\/de\/produkt\/brooks-distance-long-sleeve-nightlife-damen\/#primaryimage\",\"url\":\"https:\/\/www.miomiorun.com\/app\/uploads\/2021\/02\/brooks-Distance-long-sleeve-nightlife-221307-305.jpg\",\"contentUrl\":\"https:\/\/www.miomiorun.com\/app\/uploads\/2021\/02\/brooks-Distance-long-sleeve-nightlife-221307-305.jpg\",\"width\":600,\"height\":600,\"caption\":\"brooks distance long\"},{\"@type\":\"BreadcrumbList\",\"@id\":\"https:\/\/www.miomiorun.com\/de\/produkt\/brooks-distance-long-sleeve-nightlife-damen\/#breadcrumb\",\"itemListElement\":[{\"@type\":\"ListItem\",\"position\":1,\"name\":\"Home\",\"item\":\"https:\/\/www.miomiorun.com\/de\/\"},{\"@type\":\"ListItem\",\"position\":2,\"name\":\"Shop\",\"item\":\"https:\/\/www.miomiorun.com\/shop\/\"},{\"@type\":\"ListItem\",\"position\":3,\"name\":\"Distance Long Sleeve Nightlife damen\"}]},{\"@type\":\"WebSite\",\"@id\":\"https:\/\/www.miomiorun.com\/de\/#website\",\"url\":\"https:\/\/www.miomiorun.com\/de\/\",\"name\":\"MioMioRun\",\"description\":\"100% Lauf- und Trailshop\",\"publisher\":{\"@id\":\"https:\/\/www.miomiorun.com\/de\/#organization\"},\"potentialAction\":[{\"@type\":\"SearchAction\",\"target\":{\"@type\":\"EntryPoint\",\"urlTemplate\":\"https:\/\/www.miomiorun.com\/de\/?s={search_term_string}\"},\"query-input\":{\"@type\":\"PropertyValueSpecification\",\"valueRequired\":true,\"valueName\":\"search_term_string\"}}],\"inLanguage\":\"de-DE\"},{\"@type\":\"Organization\",\"@id\":\"https:\/\/www.miomiorun.com\/de\/#organization\",\"name\":\"MioMio Run\",\"url\":\"https:\/\/www.miomiorun.com\/de\/\",\"logo\":{\"@type\":\"ImageObject\",\"inLanguage\":\"de-DE\",\"@id\":\"https:\/\/www.miomiorun.com\/de\/#\/schema\/logo\/image\/\",\"url\":\"https:\/\/www.miomiorun.com\/app\/uploads\/2019\/12\/logomio.png\",\"contentUrl\":\"https:\/\/www.miomiorun.com\/app\/uploads\/2019\/12\/logomio.png\",\"width\":115,\"height\":82,\"caption\":\"MioMio Run\"},\"image\":{\"@id\":\"https:\/\/www.miomiorun.com\/de\/#\/schema\/logo\/image\/\"},\"sameAs\":[\"https:\/\/www.facebook.com\/miomiorun\/\",\"https:\/\/www.instagram.com\/miomiorun\/\"]}]}<\/script>\n<!-- \/ Yoast SEO plugin. -->","yoast_head_json":{"title":"Distance Long Sleeve Nightlife damen - Laufendes Trikot - MioMioRun","description":"Ideal f\u00fcr den t\u00e4glichen Laufsport. Das lang\u00e4rmelige Trikot ist f\u00fcr ein komfortables, bequemes und trockenes Training konzipiert und hergestellt.","robots":{"index":"index","follow":"follow","max-snippet":"max-snippet:-1","max-image-preview":"max-image-preview:large","max-video-preview":"max-video-preview:-1"},"canonical":"https:\/\/www.miomiorun.com\/de\/produkt\/brooks-distance-long-sleeve-nightlife-damen\/","og_locale":"de_DE","og_type":"article","og_title":"Distance Long Sleeve Nightlife damen - Laufendes Trikot - MioMioRun","og_description":"Ideal f\u00fcr den t\u00e4glichen Laufsport. Das lang\u00e4rmelige Trikot ist f\u00fcr ein komfortables, bequemes und trockenes Training konzipiert und hergestellt.","og_url":"https:\/\/www.miomiorun.com\/de\/produkt\/brooks-distance-long-sleeve-nightlife-damen\/","og_site_name":"MioMioRun","article_publisher":"https:\/\/www.facebook.com\/miomiorun\/","article_modified_time":"2025-02-19T16:15:12+00:00","og_image":[{"width":600,"height":600,"url":"https:\/\/www.miomiorun.com\/app\/uploads\/2021\/02\/brooks-Distance-long-sleeve-nightlife-221307-305.jpg","type":"image\/jpeg"}],"twitter_card":"summary_large_image","schema":{"@context":"https:\/\/schema.org","@graph":[{"@type":"WebPage","@id":"https:\/\/www.miomiorun.com\/de\/produkt\/brooks-distance-long-sleeve-nightlife-damen\/","url":"https:\/\/www.miomiorun.com\/de\/produkt\/brooks-distance-long-sleeve-nightlife-damen\/","name":"Distance Long Sleeve Nightlife damen - Laufendes Trikot - MioMioRun","isPartOf":{"@id":"https:\/\/www.miomiorun.com\/de\/#website"},"primaryImageOfPage":{"@id":"https:\/\/www.miomiorun.com\/de\/produkt\/brooks-distance-long-sleeve-nightlife-damen\/#primaryimage"},"image":{"@id":"https:\/\/www.miomiorun.com\/de\/produkt\/brooks-distance-long-sleeve-nightlife-damen\/#primaryimage"},"thumbnailUrl":"https:\/\/www.miomiorun.com\/app\/uploads\/2021\/02\/brooks-Distance-long-sleeve-nightlife-221307-305.jpg","datePublished":"2021-02-01T15:35:55+00:00","dateModified":"2025-02-19T16:15:12+00:00","description":"Ideal f\u00fcr den t\u00e4glichen Laufsport. Das lang\u00e4rmelige Trikot ist f\u00fcr ein komfortables, bequemes und trockenes Training konzipiert und hergestellt.","breadcrumb":{"@id":"https:\/\/www.miomiorun.com\/de\/produkt\/brooks-distance-long-sleeve-nightlife-damen\/#breadcrumb"},"inLanguage":"de-DE","potentialAction":[{"@type":"ReadAction","target":["https:\/\/www.miomiorun.com\/de\/produkt\/brooks-distance-long-sleeve-nightlife-damen\/"]}]},{"@type":"ImageObject","inLanguage":"de-DE","@id":"https:\/\/www.miomiorun.com\/de\/produkt\/brooks-distance-long-sleeve-nightlife-damen\/#primaryimage","url":"https:\/\/www.miomiorun.com\/app\/uploads\/2021\/02\/brooks-Distance-long-sleeve-nightlife-221307-305.jpg","contentUrl":"https:\/\/www.miomiorun.com\/app\/uploads\/2021\/02\/brooks-Distance-long-sleeve-nightlife-221307-305.jpg","width":600,"height":600,"caption":"brooks distance long"},{"@type":"BreadcrumbList","@id":"https:\/\/www.miomiorun.com\/de\/produkt\/brooks-distance-long-sleeve-nightlife-damen\/#breadcrumb","itemListElement":[{"@type":"ListItem","position":1,"name":"Home","item":"https:\/\/www.miomiorun.com\/de\/"},{"@type":"ListItem","position":2,"name":"Shop","item":"https:\/\/www.miomiorun.com\/shop\/"},{"@type":"ListItem","position":3,"name":"Distance Long Sleeve Nightlife damen"}]},{"@type":"WebSite","@id":"https:\/\/www.miomiorun.com\/de\/#website","url":"https:\/\/www.miomiorun.com\/de\/","name":"MioMioRun","description":"100% Lauf- und Trailshop","publisher":{"@id":"https:\/\/www.miomiorun.com\/de\/#organization"},"potentialAction":[{"@type":"SearchAction","target":{"@type":"EntryPoint","urlTemplate":"https:\/\/www.miomiorun.com\/de\/?s={search_term_string}"},"query-input":{"@type":"PropertyValueSpecification","valueRequired":true,"valueName":"search_term_string"}}],"inLanguage":"de-DE"},{"@type":"Organization","@id":"https:\/\/www.miomiorun.com\/de\/#organization","name":"MioMio Run","url":"https:\/\/www.miomiorun.com\/de\/","logo":{"@type":"ImageObject","inLanguage":"de-DE","@id":"https:\/\/www.miomiorun.com\/de\/#\/schema\/logo\/image\/","url":"https:\/\/www.miomiorun.com\/app\/uploads\/2019\/12\/logomio.png","contentUrl":"https:\/\/www.miomiorun.com\/app\/uploads\/2019\/12\/logomio.png","width":115,"height":82,"caption":"MioMio Run"},"image":{"@id":"https:\/\/www.miomiorun.com\/de\/#\/schema\/logo\/image\/"},"sameAs":["https:\/\/www.facebook.com\/miomiorun\/","https:\/\/www.instagram.com\/miomiorun\/"]}]}},"_links":{"self":[{"href":"https:\/\/www.miomiorun.com\/de\/wp-json\/wp\/v2\/product\/171326","targetHints":{"allow":["GET"]}}],"collection":[{"href":"https:\/\/www.miomiorun.com\/de\/wp-json\/wp\/v2\/product"}],"about":[{"href":"https:\/\/www.miomiorun.com\/de\/wp-json\/wp\/v2\/types\/product"}],"wp:featuredmedia":[{"embeddable":true,"href":"https:\/\/www.miomiorun.com\/de\/wp-json\/wp\/v2\/media\/54194"}],"wp:attachment":[{"href":"https:\/\/www.miomiorun.com\/de\/wp-json\/wp\/v2\/media?parent=171326"}],"wp:term":[{"taxonomy":"product_brand","embeddable":true,"href":"https:\/\/www.miomiorun.com\/de\/wp-json\/wp\/v2\/product_brand?post=171326"},{"taxonomy":"product_cat","embeddable":true,"href":"https:\/\/www.miomiorun.com\/de\/wp-json\/wp\/v2\/product_cat?post=171326"},{"taxonomy":"product_tag","embeddable":true,"href":"https:\/\/www.miomiorun.com\/de\/wp-json\/wp\/v2\/product_tag?post=171326"}],"curies":[{"name":"wp","href":"https:\/\/api.w.org\/{rel}","templated":true}]}}