{"id":171210,"date":"2021-07-31T11:45:48","date_gmt":"2021-07-31T09:45:48","guid":{"rendered":"https:\/\/miomiorun.com\/prodotto\/newline-iconic-protect-tights-donna\/"},"modified":"2025-02-19T19:13:51","modified_gmt":"2025-02-19T18:13:51","slug":"newline-iconic-protect-tights-damen","status":"publish","type":"product","link":"https:\/\/www.miomiorun.com\/de\/produkt\/newline-iconic-protect-tights-damen\/","title":{"rendered":"Iconic Protect Tights damen"},"content":{"rendered":"<p>Die <strong>Iconic Protect Tights<\/strong> f\u00fcr Frauen sind ideal f\u00fcr Outdoor-L\u00e4ufe im Herbst und Winter, da sie einen thermischen Effekt haben, um die K\u00f6rpertemperatur auch bei k\u00e4lterem Wetter zu halten.<\/p>\n<p>Das Material dieser Laufhose ist hoch atmungsaktiv, um den Feuchtigkeitsaustausch nach au\u00dfen zu erleichtern, die N\u00e4hte sind flach, um Scheuerstellen und Irritationen zu vermeiden.<\/p>\n<h3>Eigenschaften:<\/h3>\n<ul>\n<li><span>Geb\u00fcrstete Innenseite f\u00fcr thermischen Effekt<\/span><\/li>\n<li>Flachnaht-Konstruktion<\/li>\n<li>Atmungsaktiv<\/li>\n<\/ul>\n<p><span>Material: 90% Polyester \/ 10% Elastan<\/span><\/p>\n","protected":false},"excerpt":{"rendered":"<p>Die Iconic Protect Tights f\u00fcr Frauen sind ideal f\u00fcr Outdoor-L\u00e4ufe im Herbst und Winter, da sie einen thermischen Effekt haben, um die K\u00f6rpertemperatur auch bei k\u00e4lterem Wetter zu halten. Das Material dieser Laufhose ist hoch atmungsaktiv, um den Feuchtigkeitsaustausch nach au\u00dfen zu erleichtern, die N\u00e4hte sind flach, um Scheuerstellen und Irritationen zu vermeiden. Eigenschaften: Geb\u00fcrstete &hellip; <a href=\"https:\/\/www.miomiorun.com\/de\/produkt\/newline-iconic-protect-tights-damen\/\">Continued<\/a><\/p>\n","protected":false},"featured_media":57303,"template":"","meta":{"_acf_changed":false,"inline_featured_image":false},"product_brand":[],"product_cat":[6492,6495,6503],"product_tag":[3385,6268],"class_list":{"0":"post-171210","1":"product","2":"type-product","3":"status-publish","4":"has-post-thumbnail","6":"product_cat-sale-de","7":"product_cat-sale-damen-de","8":"product_cat-sale-damen-hosen-de","9":"product_tag-newline-de","10":"product_tag-newline-damen-de","11":"pa_attivita-gehen","12":"pa_attivita-running-de","13":"pa_marca-newline-de","14":"pa_sesso-damen","15":"pa_size-small-de","17":"first","18":"instock","19":"sale","20":"taxable","21":"shipping-taxable","22":"purchasable","23":"product-type-variable","24":"wvs-archive-product-wrapper"},"acf":[],"yoast_head":"<!-- This site is optimized with the Yoast SEO plugin v26.8 - https:\/\/yoast.com\/product\/yoast-seo-wordpress\/ -->\n<title>Newline Iconic Protect Tights damen - Lange Hosen - MioMioRun<\/title>\n<meta name=\"description\" content=\"Die Iconic Protect Tights f\u00fcr Frauen sind ideal f\u00fcr Outdoor-Rennen im Herbst und Winter. Entdecken Sie sie auf der Website\" \/>\n<meta name=\"robots\" content=\"index, follow, max-snippet:-1, max-image-preview:large, max-video-preview:-1\" \/>\n<link rel=\"canonical\" href=\"https:\/\/www.miomiorun.com\/de\/produkt\/newline-iconic-protect-tights-damen\/\" \/>\n<meta property=\"og:locale\" content=\"de_DE\" \/>\n<meta property=\"og:type\" content=\"article\" \/>\n<meta property=\"og:title\" content=\"Newline Iconic Protect Tights damen - Lange Hosen - MioMioRun\" \/>\n<meta property=\"og:description\" content=\"Die Iconic Protect Tights f\u00fcr Frauen sind ideal f\u00fcr Outdoor-Rennen im Herbst und Winter. Entdecken Sie sie auf der Website\" \/>\n<meta property=\"og:url\" content=\"https:\/\/www.miomiorun.com\/de\/produkt\/newline-iconic-protect-tights-damen\/\" \/>\n<meta property=\"og:site_name\" content=\"MioMioRun\" \/>\n<meta property=\"article:publisher\" content=\"https:\/\/www.facebook.com\/miomiorun\/\" \/>\n<meta property=\"article:modified_time\" content=\"2025-02-19T18:13:51+00:00\" \/>\n<meta property=\"og:image\" content=\"https:\/\/www.miomiorun.com\/app\/uploads\/2021\/07\/newline-Iconic-Protect-Tights-72142-356.jpg\" \/>\n\t<meta property=\"og:image:width\" content=\"600\" \/>\n\t<meta property=\"og:image:height\" content=\"600\" \/>\n\t<meta property=\"og:image:type\" content=\"image\/jpeg\" \/>\n<meta name=\"twitter:card\" content=\"summary_large_image\" \/>\n<script type=\"application\/ld+json\" class=\"yoast-schema-graph\">{\"@context\":\"https:\/\/schema.org\",\"@graph\":[{\"@type\":\"WebPage\",\"@id\":\"https:\/\/www.miomiorun.com\/de\/produkt\/newline-iconic-protect-tights-damen\/\",\"url\":\"https:\/\/www.miomiorun.com\/de\/produkt\/newline-iconic-protect-tights-damen\/\",\"name\":\"Newline Iconic Protect Tights damen - Lange Hosen - MioMioRun\",\"isPartOf\":{\"@id\":\"https:\/\/www.miomiorun.com\/de\/#website\"},\"primaryImageOfPage\":{\"@id\":\"https:\/\/www.miomiorun.com\/de\/produkt\/newline-iconic-protect-tights-damen\/#primaryimage\"},\"image\":{\"@id\":\"https:\/\/www.miomiorun.com\/de\/produkt\/newline-iconic-protect-tights-damen\/#primaryimage\"},\"thumbnailUrl\":\"https:\/\/www.miomiorun.com\/app\/uploads\/2021\/07\/newline-Iconic-Protect-Tights-72142-356.jpg\",\"datePublished\":\"2021-07-31T09:45:48+00:00\",\"dateModified\":\"2025-02-19T18:13:51+00:00\",\"description\":\"Die Iconic Protect Tights f\u00fcr Frauen sind ideal f\u00fcr Outdoor-Rennen im Herbst und Winter. Entdecken Sie sie auf der Website\",\"breadcrumb\":{\"@id\":\"https:\/\/www.miomiorun.com\/de\/produkt\/newline-iconic-protect-tights-damen\/#breadcrumb\"},\"inLanguage\":\"de-DE\",\"potentialAction\":[{\"@type\":\"ReadAction\",\"target\":[\"https:\/\/www.miomiorun.com\/de\/produkt\/newline-iconic-protect-tights-damen\/\"]}]},{\"@type\":\"ImageObject\",\"inLanguage\":\"de-DE\",\"@id\":\"https:\/\/www.miomiorun.com\/de\/produkt\/newline-iconic-protect-tights-damen\/#primaryimage\",\"url\":\"https:\/\/www.miomiorun.com\/app\/uploads\/2021\/07\/newline-Iconic-Protect-Tights-72142-356.jpg\",\"contentUrl\":\"https:\/\/www.miomiorun.com\/app\/uploads\/2021\/07\/newline-Iconic-Protect-Tights-72142-356.jpg\",\"width\":600,\"height\":600,\"caption\":\"newline iconic protect tights\"},{\"@type\":\"BreadcrumbList\",\"@id\":\"https:\/\/www.miomiorun.com\/de\/produkt\/newline-iconic-protect-tights-damen\/#breadcrumb\",\"itemListElement\":[{\"@type\":\"ListItem\",\"position\":1,\"name\":\"Home\",\"item\":\"https:\/\/www.miomiorun.com\/de\/\"},{\"@type\":\"ListItem\",\"position\":2,\"name\":\"Shop\",\"item\":\"https:\/\/www.miomiorun.com\/shop\/\"},{\"@type\":\"ListItem\",\"position\":3,\"name\":\"Iconic Protect Tights damen\"}]},{\"@type\":\"WebSite\",\"@id\":\"https:\/\/www.miomiorun.com\/de\/#website\",\"url\":\"https:\/\/www.miomiorun.com\/de\/\",\"name\":\"MioMioRun\",\"description\":\"100% Lauf- und Trailshop\",\"publisher\":{\"@id\":\"https:\/\/www.miomiorun.com\/de\/#organization\"},\"potentialAction\":[{\"@type\":\"SearchAction\",\"target\":{\"@type\":\"EntryPoint\",\"urlTemplate\":\"https:\/\/www.miomiorun.com\/de\/?s={search_term_string}\"},\"query-input\":{\"@type\":\"PropertyValueSpecification\",\"valueRequired\":true,\"valueName\":\"search_term_string\"}}],\"inLanguage\":\"de-DE\"},{\"@type\":\"Organization\",\"@id\":\"https:\/\/www.miomiorun.com\/de\/#organization\",\"name\":\"MioMio Run\",\"url\":\"https:\/\/www.miomiorun.com\/de\/\",\"logo\":{\"@type\":\"ImageObject\",\"inLanguage\":\"de-DE\",\"@id\":\"https:\/\/www.miomiorun.com\/de\/#\/schema\/logo\/image\/\",\"url\":\"https:\/\/www.miomiorun.com\/app\/uploads\/2019\/12\/logomio.png\",\"contentUrl\":\"https:\/\/www.miomiorun.com\/app\/uploads\/2019\/12\/logomio.png\",\"width\":115,\"height\":82,\"caption\":\"MioMio Run\"},\"image\":{\"@id\":\"https:\/\/www.miomiorun.com\/de\/#\/schema\/logo\/image\/\"},\"sameAs\":[\"https:\/\/www.facebook.com\/miomiorun\/\",\"https:\/\/www.instagram.com\/miomiorun\/\"]}]}<\/script>\n<!-- \/ Yoast SEO plugin. -->","yoast_head_json":{"title":"Newline Iconic Protect Tights damen - Lange Hosen - MioMioRun","description":"Die Iconic Protect Tights f\u00fcr Frauen sind ideal f\u00fcr Outdoor-Rennen im Herbst und Winter. Entdecken Sie sie auf der Website","robots":{"index":"index","follow":"follow","max-snippet":"max-snippet:-1","max-image-preview":"max-image-preview:large","max-video-preview":"max-video-preview:-1"},"canonical":"https:\/\/www.miomiorun.com\/de\/produkt\/newline-iconic-protect-tights-damen\/","og_locale":"de_DE","og_type":"article","og_title":"Newline Iconic Protect Tights damen - Lange Hosen - MioMioRun","og_description":"Die Iconic Protect Tights f\u00fcr Frauen sind ideal f\u00fcr Outdoor-Rennen im Herbst und Winter. Entdecken Sie sie auf der Website","og_url":"https:\/\/www.miomiorun.com\/de\/produkt\/newline-iconic-protect-tights-damen\/","og_site_name":"MioMioRun","article_publisher":"https:\/\/www.facebook.com\/miomiorun\/","article_modified_time":"2025-02-19T18:13:51+00:00","og_image":[{"width":600,"height":600,"url":"https:\/\/www.miomiorun.com\/app\/uploads\/2021\/07\/newline-Iconic-Protect-Tights-72142-356.jpg","type":"image\/jpeg"}],"twitter_card":"summary_large_image","schema":{"@context":"https:\/\/schema.org","@graph":[{"@type":"WebPage","@id":"https:\/\/www.miomiorun.com\/de\/produkt\/newline-iconic-protect-tights-damen\/","url":"https:\/\/www.miomiorun.com\/de\/produkt\/newline-iconic-protect-tights-damen\/","name":"Newline Iconic Protect Tights damen - Lange Hosen - MioMioRun","isPartOf":{"@id":"https:\/\/www.miomiorun.com\/de\/#website"},"primaryImageOfPage":{"@id":"https:\/\/www.miomiorun.com\/de\/produkt\/newline-iconic-protect-tights-damen\/#primaryimage"},"image":{"@id":"https:\/\/www.miomiorun.com\/de\/produkt\/newline-iconic-protect-tights-damen\/#primaryimage"},"thumbnailUrl":"https:\/\/www.miomiorun.com\/app\/uploads\/2021\/07\/newline-Iconic-Protect-Tights-72142-356.jpg","datePublished":"2021-07-31T09:45:48+00:00","dateModified":"2025-02-19T18:13:51+00:00","description":"Die Iconic Protect Tights f\u00fcr Frauen sind ideal f\u00fcr Outdoor-Rennen im Herbst und Winter. Entdecken Sie sie auf der Website","breadcrumb":{"@id":"https:\/\/www.miomiorun.com\/de\/produkt\/newline-iconic-protect-tights-damen\/#breadcrumb"},"inLanguage":"de-DE","potentialAction":[{"@type":"ReadAction","target":["https:\/\/www.miomiorun.com\/de\/produkt\/newline-iconic-protect-tights-damen\/"]}]},{"@type":"ImageObject","inLanguage":"de-DE","@id":"https:\/\/www.miomiorun.com\/de\/produkt\/newline-iconic-protect-tights-damen\/#primaryimage","url":"https:\/\/www.miomiorun.com\/app\/uploads\/2021\/07\/newline-Iconic-Protect-Tights-72142-356.jpg","contentUrl":"https:\/\/www.miomiorun.com\/app\/uploads\/2021\/07\/newline-Iconic-Protect-Tights-72142-356.jpg","width":600,"height":600,"caption":"newline iconic protect tights"},{"@type":"BreadcrumbList","@id":"https:\/\/www.miomiorun.com\/de\/produkt\/newline-iconic-protect-tights-damen\/#breadcrumb","itemListElement":[{"@type":"ListItem","position":1,"name":"Home","item":"https:\/\/www.miomiorun.com\/de\/"},{"@type":"ListItem","position":2,"name":"Shop","item":"https:\/\/www.miomiorun.com\/shop\/"},{"@type":"ListItem","position":3,"name":"Iconic Protect Tights damen"}]},{"@type":"WebSite","@id":"https:\/\/www.miomiorun.com\/de\/#website","url":"https:\/\/www.miomiorun.com\/de\/","name":"MioMioRun","description":"100% Lauf- und Trailshop","publisher":{"@id":"https:\/\/www.miomiorun.com\/de\/#organization"},"potentialAction":[{"@type":"SearchAction","target":{"@type":"EntryPoint","urlTemplate":"https:\/\/www.miomiorun.com\/de\/?s={search_term_string}"},"query-input":{"@type":"PropertyValueSpecification","valueRequired":true,"valueName":"search_term_string"}}],"inLanguage":"de-DE"},{"@type":"Organization","@id":"https:\/\/www.miomiorun.com\/de\/#organization","name":"MioMio Run","url":"https:\/\/www.miomiorun.com\/de\/","logo":{"@type":"ImageObject","inLanguage":"de-DE","@id":"https:\/\/www.miomiorun.com\/de\/#\/schema\/logo\/image\/","url":"https:\/\/www.miomiorun.com\/app\/uploads\/2019\/12\/logomio.png","contentUrl":"https:\/\/www.miomiorun.com\/app\/uploads\/2019\/12\/logomio.png","width":115,"height":82,"caption":"MioMio Run"},"image":{"@id":"https:\/\/www.miomiorun.com\/de\/#\/schema\/logo\/image\/"},"sameAs":["https:\/\/www.facebook.com\/miomiorun\/","https:\/\/www.instagram.com\/miomiorun\/"]}]}},"_links":{"self":[{"href":"https:\/\/www.miomiorun.com\/de\/wp-json\/wp\/v2\/product\/171210","targetHints":{"allow":["GET"]}}],"collection":[{"href":"https:\/\/www.miomiorun.com\/de\/wp-json\/wp\/v2\/product"}],"about":[{"href":"https:\/\/www.miomiorun.com\/de\/wp-json\/wp\/v2\/types\/product"}],"wp:featuredmedia":[{"embeddable":true,"href":"https:\/\/www.miomiorun.com\/de\/wp-json\/wp\/v2\/media\/57303"}],"wp:attachment":[{"href":"https:\/\/www.miomiorun.com\/de\/wp-json\/wp\/v2\/media?parent=171210"}],"wp:term":[{"taxonomy":"product_brand","embeddable":true,"href":"https:\/\/www.miomiorun.com\/de\/wp-json\/wp\/v2\/product_brand?post=171210"},{"taxonomy":"product_cat","embeddable":true,"href":"https:\/\/www.miomiorun.com\/de\/wp-json\/wp\/v2\/product_cat?post=171210"},{"taxonomy":"product_tag","embeddable":true,"href":"https:\/\/www.miomiorun.com\/de\/wp-json\/wp\/v2\/product_tag?post=171210"}],"curies":[{"name":"wp","href":"https:\/\/api.w.org\/{rel}","templated":true}]}}