{"id":171124,"date":"2020-03-24T09:44:07","date_gmt":"2020-03-24T08:44:07","guid":{"rendered":"https:\/\/miomiorun.com\/prodotto\/zoot-3-inch-short-donna\/"},"modified":"2025-02-20T11:44:21","modified_gmt":"2025-02-20T10:44:21","slug":"zoot-3-inch-short-damen","status":"publish","type":"product","link":"https:\/\/www.miomiorun.com\/de\/produkt\/zoot-3-inch-short-damen\/","title":{"rendered":"3 Inch Short damen"},"content":{"rendered":"<p>Die Zoot 3 Inch Short ist aus einem au\u00dfergew\u00f6hnlich leichten und atmungsaktiven Stoff gefertigt. Au\u00dferdem ist sie mit der Icefil- und Xylitol-Technologie ausgestattet, die dich k\u00fchl und komfortabel h\u00e4lt.<\/p>\n<p>Kurzum, eine kurze Hose f\u00fcr die hei\u00dfesten Sommertage. Au\u00dferdem bietet sie eine hervorragende Atmungsaktivit\u00e4t.<\/p>\n<p>Technische Eigenschaften:<\/p>\n<p>&#8211; Leichtes Gewebe f\u00fcr ausgezeichnete Bewegungsfreiheit und Komfort<\/p>\n<p>&#8211; Perforierte Eins\u00e4tze f\u00fcr hervorragende Bel\u00fcftung und Frische<\/p>\n<p>&#8211; Icefil- und Xylitol-Technologie, die Sie k\u00fchl und komfortabel h\u00e4lt<\/p>\n<p>&#8211; 360\u00b0 elastisches Band f\u00fcr optimalen Sitz<\/p>\n<p>&#8211; Vordertasche mit Rei\u00dfverschluss f\u00fcr sicheren Verschluss<\/p>\n<p>&#8211; Beininnenl\u00e4nge: 7,6 cm (3&#8243;)<\/p>\n<p>&#8211; UPF 50+<\/p>\n","protected":false},"excerpt":{"rendered":"<p>Die Zoot 3 Inch Short ist aus einem au\u00dfergew\u00f6hnlich leichten und atmungsaktiven Stoff gefertigt. Au\u00dferdem ist sie mit der Icefil- und Xylitol-Technologie ausgestattet, die dich k\u00fchl und komfortabel h\u00e4lt. Kurzum, eine kurze Hose f\u00fcr die hei\u00dfesten Sommertage. Au\u00dferdem bietet sie eine hervorragende Atmungsaktivit\u00e4t. Technische Eigenschaften: &#8211; Leichtes Gewebe f\u00fcr ausgezeichnete Bewegungsfreiheit und Komfort &#8211; Perforierte &hellip; <a href=\"https:\/\/www.miomiorun.com\/de\/produkt\/zoot-3-inch-short-damen\/\">Continued<\/a><\/p>\n","protected":false},"featured_media":51432,"template":"","meta":{"_acf_changed":false,"inline_featured_image":false},"product_brand":[],"product_cat":[6495,6494,6539],"product_tag":[3401,6317],"class_list":{"0":"post-171124","1":"product","2":"type-product","3":"status-publish","4":"has-post-thumbnail","6":"product_cat-sale-damen-de","7":"product_cat-sale-damen-bekleidung-de","8":"product_cat-sale-damen-shorts-de","9":"product_tag-zoot-de","10":"product_tag-zoot-damen-de","11":"pa_attivita-running-de","12":"pa_colore-inch-short-slice-26a2051-1-3-de-2","13":"pa_marca-zoot-de","14":"pa_sesso-damen","15":"pa_size-medium-de","17":"first","18":"instock","19":"sale","20":"taxable","21":"shipping-taxable","22":"purchasable","23":"product-type-variable","24":"wvs-archive-product-wrapper"},"acf":[],"yoast_head":"<!-- This site is optimized with the Yoast SEO plugin v26.8 - https:\/\/yoast.com\/product\/yoast-seo-wordpress\/ -->\n<title>3 Inch Short damen - Shorts f\u00fcr Damen - MioMioRun<\/title>\n<meta name=\"description\" content=\"Die Zoot 3 Inch Short ist aus einem au\u00dfergew\u00f6hnlich leichten und atmungsaktiven Material gefertigt. Sie ist mit Icefil und Xylitol Technologie ausgestattet.\" \/>\n<meta name=\"robots\" content=\"index, follow, max-snippet:-1, max-image-preview:large, max-video-preview:-1\" \/>\n<link rel=\"canonical\" href=\"https:\/\/www.miomiorun.com\/de\/produkt\/zoot-3-inch-short-damen\/\" \/>\n<meta property=\"og:locale\" content=\"de_DE\" \/>\n<meta property=\"og:type\" content=\"article\" \/>\n<meta property=\"og:title\" content=\"3 Inch Short damen - Shorts f\u00fcr Damen - MioMioRun\" \/>\n<meta property=\"og:description\" content=\"Die Zoot 3 Inch Short ist aus einem au\u00dfergew\u00f6hnlich leichten und atmungsaktiven Material gefertigt. Sie ist mit Icefil und Xylitol Technologie ausgestattet.\" \/>\n<meta property=\"og:url\" content=\"https:\/\/www.miomiorun.com\/de\/produkt\/zoot-3-inch-short-damen\/\" \/>\n<meta property=\"og:site_name\" content=\"MioMioRun\" \/>\n<meta property=\"article:publisher\" content=\"https:\/\/www.facebook.com\/miomiorun\/\" \/>\n<meta property=\"article:modified_time\" content=\"2025-02-20T10:44:21+00:00\" \/>\n<meta property=\"og:image\" content=\"https:\/\/www.miomiorun.com\/app\/uploads\/2020\/03\/Zoot-Inch-Short-Slice-26a2051.1.3.jpg\" \/>\n\t<meta property=\"og:image:width\" content=\"595\" \/>\n\t<meta property=\"og:image:height\" content=\"595\" \/>\n\t<meta property=\"og:image:type\" content=\"image\/jpeg\" \/>\n<meta name=\"twitter:card\" content=\"summary_large_image\" \/>\n<meta name=\"twitter:label1\" content=\"Est. reading time\" \/>\n\t<meta name=\"twitter:data1\" content=\"1 minute\" \/>\n<script type=\"application\/ld+json\" class=\"yoast-schema-graph\">{\"@context\":\"https:\/\/schema.org\",\"@graph\":[{\"@type\":\"WebPage\",\"@id\":\"https:\/\/www.miomiorun.com\/de\/produkt\/zoot-3-inch-short-damen\/\",\"url\":\"https:\/\/www.miomiorun.com\/de\/produkt\/zoot-3-inch-short-damen\/\",\"name\":\"3 Inch Short damen - Shorts f\u00fcr Damen - MioMioRun\",\"isPartOf\":{\"@id\":\"https:\/\/www.miomiorun.com\/de\/#website\"},\"primaryImageOfPage\":{\"@id\":\"https:\/\/www.miomiorun.com\/de\/produkt\/zoot-3-inch-short-damen\/#primaryimage\"},\"image\":{\"@id\":\"https:\/\/www.miomiorun.com\/de\/produkt\/zoot-3-inch-short-damen\/#primaryimage\"},\"thumbnailUrl\":\"https:\/\/www.miomiorun.com\/app\/uploads\/2020\/03\/Zoot-Inch-Short-Slice-26a2051.1.3.jpg\",\"datePublished\":\"2020-03-24T08:44:07+00:00\",\"dateModified\":\"2025-02-20T10:44:21+00:00\",\"description\":\"Die Zoot 3 Inch Short ist aus einem au\u00dfergew\u00f6hnlich leichten und atmungsaktiven Material gefertigt. Sie ist mit Icefil und Xylitol Technologie ausgestattet.\",\"breadcrumb\":{\"@id\":\"https:\/\/www.miomiorun.com\/de\/produkt\/zoot-3-inch-short-damen\/#breadcrumb\"},\"inLanguage\":\"de-DE\",\"potentialAction\":[{\"@type\":\"ReadAction\",\"target\":[\"https:\/\/www.miomiorun.com\/de\/produkt\/zoot-3-inch-short-damen\/\"]}]},{\"@type\":\"ImageObject\",\"inLanguage\":\"de-DE\",\"@id\":\"https:\/\/www.miomiorun.com\/de\/produkt\/zoot-3-inch-short-damen\/#primaryimage\",\"url\":\"https:\/\/www.miomiorun.com\/app\/uploads\/2020\/03\/Zoot-Inch-Short-Slice-26a2051.1.3.jpg\",\"contentUrl\":\"https:\/\/www.miomiorun.com\/app\/uploads\/2020\/03\/Zoot-Inch-Short-Slice-26a2051.1.3.jpg\",\"width\":595,\"height\":595,\"caption\":\"Zoot-Inch-Short-Slice-26a2051.1.3\"},{\"@type\":\"BreadcrumbList\",\"@id\":\"https:\/\/www.miomiorun.com\/de\/produkt\/zoot-3-inch-short-damen\/#breadcrumb\",\"itemListElement\":[{\"@type\":\"ListItem\",\"position\":1,\"name\":\"Home\",\"item\":\"https:\/\/www.miomiorun.com\/de\/\"},{\"@type\":\"ListItem\",\"position\":2,\"name\":\"Shop\",\"item\":\"https:\/\/www.miomiorun.com\/shop\/\"},{\"@type\":\"ListItem\",\"position\":3,\"name\":\"3 Inch Short damen\"}]},{\"@type\":\"WebSite\",\"@id\":\"https:\/\/www.miomiorun.com\/de\/#website\",\"url\":\"https:\/\/www.miomiorun.com\/de\/\",\"name\":\"MioMioRun\",\"description\":\"100% Lauf- und Trailshop\",\"publisher\":{\"@id\":\"https:\/\/www.miomiorun.com\/de\/#organization\"},\"potentialAction\":[{\"@type\":\"SearchAction\",\"target\":{\"@type\":\"EntryPoint\",\"urlTemplate\":\"https:\/\/www.miomiorun.com\/de\/?s={search_term_string}\"},\"query-input\":{\"@type\":\"PropertyValueSpecification\",\"valueRequired\":true,\"valueName\":\"search_term_string\"}}],\"inLanguage\":\"de-DE\"},{\"@type\":\"Organization\",\"@id\":\"https:\/\/www.miomiorun.com\/de\/#organization\",\"name\":\"MioMio Run\",\"url\":\"https:\/\/www.miomiorun.com\/de\/\",\"logo\":{\"@type\":\"ImageObject\",\"inLanguage\":\"de-DE\",\"@id\":\"https:\/\/www.miomiorun.com\/de\/#\/schema\/logo\/image\/\",\"url\":\"https:\/\/www.miomiorun.com\/app\/uploads\/2019\/12\/logomio.png\",\"contentUrl\":\"https:\/\/www.miomiorun.com\/app\/uploads\/2019\/12\/logomio.png\",\"width\":115,\"height\":82,\"caption\":\"MioMio Run\"},\"image\":{\"@id\":\"https:\/\/www.miomiorun.com\/de\/#\/schema\/logo\/image\/\"},\"sameAs\":[\"https:\/\/www.facebook.com\/miomiorun\/\",\"https:\/\/www.instagram.com\/miomiorun\/\"]}]}<\/script>\n<!-- \/ Yoast SEO plugin. -->","yoast_head_json":{"title":"3 Inch Short damen - Shorts f\u00fcr Damen - MioMioRun","description":"Die Zoot 3 Inch Short ist aus einem au\u00dfergew\u00f6hnlich leichten und atmungsaktiven Material gefertigt. Sie ist mit Icefil und Xylitol Technologie ausgestattet.","robots":{"index":"index","follow":"follow","max-snippet":"max-snippet:-1","max-image-preview":"max-image-preview:large","max-video-preview":"max-video-preview:-1"},"canonical":"https:\/\/www.miomiorun.com\/de\/produkt\/zoot-3-inch-short-damen\/","og_locale":"de_DE","og_type":"article","og_title":"3 Inch Short damen - Shorts f\u00fcr Damen - MioMioRun","og_description":"Die Zoot 3 Inch Short ist aus einem au\u00dfergew\u00f6hnlich leichten und atmungsaktiven Material gefertigt. Sie ist mit Icefil und Xylitol Technologie ausgestattet.","og_url":"https:\/\/www.miomiorun.com\/de\/produkt\/zoot-3-inch-short-damen\/","og_site_name":"MioMioRun","article_publisher":"https:\/\/www.facebook.com\/miomiorun\/","article_modified_time":"2025-02-20T10:44:21+00:00","og_image":[{"width":595,"height":595,"url":"https:\/\/www.miomiorun.com\/app\/uploads\/2020\/03\/Zoot-Inch-Short-Slice-26a2051.1.3.jpg","type":"image\/jpeg"}],"twitter_card":"summary_large_image","twitter_misc":{"Est. reading time":"1 minute"},"schema":{"@context":"https:\/\/schema.org","@graph":[{"@type":"WebPage","@id":"https:\/\/www.miomiorun.com\/de\/produkt\/zoot-3-inch-short-damen\/","url":"https:\/\/www.miomiorun.com\/de\/produkt\/zoot-3-inch-short-damen\/","name":"3 Inch Short damen - Shorts f\u00fcr Damen - MioMioRun","isPartOf":{"@id":"https:\/\/www.miomiorun.com\/de\/#website"},"primaryImageOfPage":{"@id":"https:\/\/www.miomiorun.com\/de\/produkt\/zoot-3-inch-short-damen\/#primaryimage"},"image":{"@id":"https:\/\/www.miomiorun.com\/de\/produkt\/zoot-3-inch-short-damen\/#primaryimage"},"thumbnailUrl":"https:\/\/www.miomiorun.com\/app\/uploads\/2020\/03\/Zoot-Inch-Short-Slice-26a2051.1.3.jpg","datePublished":"2020-03-24T08:44:07+00:00","dateModified":"2025-02-20T10:44:21+00:00","description":"Die Zoot 3 Inch Short ist aus einem au\u00dfergew\u00f6hnlich leichten und atmungsaktiven Material gefertigt. Sie ist mit Icefil und Xylitol Technologie ausgestattet.","breadcrumb":{"@id":"https:\/\/www.miomiorun.com\/de\/produkt\/zoot-3-inch-short-damen\/#breadcrumb"},"inLanguage":"de-DE","potentialAction":[{"@type":"ReadAction","target":["https:\/\/www.miomiorun.com\/de\/produkt\/zoot-3-inch-short-damen\/"]}]},{"@type":"ImageObject","inLanguage":"de-DE","@id":"https:\/\/www.miomiorun.com\/de\/produkt\/zoot-3-inch-short-damen\/#primaryimage","url":"https:\/\/www.miomiorun.com\/app\/uploads\/2020\/03\/Zoot-Inch-Short-Slice-26a2051.1.3.jpg","contentUrl":"https:\/\/www.miomiorun.com\/app\/uploads\/2020\/03\/Zoot-Inch-Short-Slice-26a2051.1.3.jpg","width":595,"height":595,"caption":"Zoot-Inch-Short-Slice-26a2051.1.3"},{"@type":"BreadcrumbList","@id":"https:\/\/www.miomiorun.com\/de\/produkt\/zoot-3-inch-short-damen\/#breadcrumb","itemListElement":[{"@type":"ListItem","position":1,"name":"Home","item":"https:\/\/www.miomiorun.com\/de\/"},{"@type":"ListItem","position":2,"name":"Shop","item":"https:\/\/www.miomiorun.com\/shop\/"},{"@type":"ListItem","position":3,"name":"3 Inch Short damen"}]},{"@type":"WebSite","@id":"https:\/\/www.miomiorun.com\/de\/#website","url":"https:\/\/www.miomiorun.com\/de\/","name":"MioMioRun","description":"100% Lauf- und Trailshop","publisher":{"@id":"https:\/\/www.miomiorun.com\/de\/#organization"},"potentialAction":[{"@type":"SearchAction","target":{"@type":"EntryPoint","urlTemplate":"https:\/\/www.miomiorun.com\/de\/?s={search_term_string}"},"query-input":{"@type":"PropertyValueSpecification","valueRequired":true,"valueName":"search_term_string"}}],"inLanguage":"de-DE"},{"@type":"Organization","@id":"https:\/\/www.miomiorun.com\/de\/#organization","name":"MioMio Run","url":"https:\/\/www.miomiorun.com\/de\/","logo":{"@type":"ImageObject","inLanguage":"de-DE","@id":"https:\/\/www.miomiorun.com\/de\/#\/schema\/logo\/image\/","url":"https:\/\/www.miomiorun.com\/app\/uploads\/2019\/12\/logomio.png","contentUrl":"https:\/\/www.miomiorun.com\/app\/uploads\/2019\/12\/logomio.png","width":115,"height":82,"caption":"MioMio Run"},"image":{"@id":"https:\/\/www.miomiorun.com\/de\/#\/schema\/logo\/image\/"},"sameAs":["https:\/\/www.facebook.com\/miomiorun\/","https:\/\/www.instagram.com\/miomiorun\/"]}]}},"_links":{"self":[{"href":"https:\/\/www.miomiorun.com\/de\/wp-json\/wp\/v2\/product\/171124","targetHints":{"allow":["GET"]}}],"collection":[{"href":"https:\/\/www.miomiorun.com\/de\/wp-json\/wp\/v2\/product"}],"about":[{"href":"https:\/\/www.miomiorun.com\/de\/wp-json\/wp\/v2\/types\/product"}],"wp:featuredmedia":[{"embeddable":true,"href":"https:\/\/www.miomiorun.com\/de\/wp-json\/wp\/v2\/media\/51432"}],"wp:attachment":[{"href":"https:\/\/www.miomiorun.com\/de\/wp-json\/wp\/v2\/media?parent=171124"}],"wp:term":[{"taxonomy":"product_brand","embeddable":true,"href":"https:\/\/www.miomiorun.com\/de\/wp-json\/wp\/v2\/product_brand?post=171124"},{"taxonomy":"product_cat","embeddable":true,"href":"https:\/\/www.miomiorun.com\/de\/wp-json\/wp\/v2\/product_cat?post=171124"},{"taxonomy":"product_tag","embeddable":true,"href":"https:\/\/www.miomiorun.com\/de\/wp-json\/wp\/v2\/product_tag?post=171124"}],"curies":[{"name":"wp","href":"https:\/\/api.w.org\/{rel}","templated":true}]}}