{"id":171112,"date":"2020-03-24T09:44:07","date_gmt":"2020-03-24T08:44:07","guid":{"rendered":"https:\/\/miomiorun.com\/prodotto\/zoot-2-inch-short-donna\/"},"modified":"2025-02-20T11:45:04","modified_gmt":"2025-02-20T10:45:04","slug":"zoot-2-inch-short-damen","status":"publish","type":"product","link":"https:\/\/www.miomiorun.com\/de\/produkt\/zoot-2-inch-short-damen\/","title":{"rendered":"2 Inch Short damen"},"content":{"rendered":"<p>Die Zoot 2 Inch Short f\u00fcr Damen verf\u00fcgt \u00fcber zwei funktionelle Taschen und ist leicht f\u00fcr maximale Frische und Komfort. Au\u00dferdem ist sie mit einem VentFlex-Einsatz an der H\u00fcfte ausgestattet, der f\u00fcr maximale Bewegungsfreiheit sorgt. Und schlie\u00dflich hat sie einen weichen, elastischen Bund mit einem \u00e4u\u00dferen Kordelzug. Kurzum, die ideale Short f\u00fcr hei\u00dfe Sommertage. K\u00fchl, leicht und mit einem Stoff, der sich sehr angenehm anf\u00fchlt. Chromatisch, es gibt sie in rosa, fuchsia, gelb und schwarz. Eigenschaften: &#8211; UPF 50+ &#8211; Reflektierende Details &#8211; Handtaschen<\/p>\n","protected":false},"excerpt":{"rendered":"<p>Die Zoot 2 Inch Short f\u00fcr Damen verf\u00fcgt \u00fcber zwei funktionelle Taschen und ist leicht f\u00fcr maximale Frische und Komfort. Au\u00dferdem ist sie mit einem VentFlex-Einsatz an der H\u00fcfte ausgestattet, der f\u00fcr maximale Bewegungsfreiheit sorgt. Und schlie\u00dflich hat sie einen weichen, elastischen Bund mit einem \u00e4u\u00dferen Kordelzug. Kurzum, die ideale Short f\u00fcr hei\u00dfe Sommertage. K\u00fchl, &hellip; <a href=\"https:\/\/www.miomiorun.com\/de\/produkt\/zoot-2-inch-short-damen\/\">Continued<\/a><\/p>\n","protected":false},"featured_media":51428,"template":"","meta":{"_acf_changed":false,"inline_featured_image":false},"product_brand":[],"product_cat":[6495,6494,6539],"product_tag":[3401,6317],"class_list":{"0":"post-171112","1":"product","2":"type-product","3":"status-publish","4":"has-post-thumbnail","6":"product_cat-sale-damen-de","7":"product_cat-sale-damen-bekleidung-de","8":"product_cat-sale-damen-shorts-de","9":"product_tag-zoot-de","10":"product_tag-zoot-damen-de","11":"pa_attivita-running-de","12":"pa_colore-inch-short-26b2070-1-1-de","13":"pa_marca-zoot-de","14":"pa_sesso-damen","15":"pa_size-medium-de","17":"first","18":"instock","19":"sale","20":"taxable","21":"shipping-taxable","22":"purchasable","23":"product-type-variable","24":"wvs-archive-product-wrapper"},"acf":[],"yoast_head":"<!-- This site is optimized with the Yoast SEO plugin v26.8 - https:\/\/yoast.com\/product\/yoast-seo-wordpress\/ -->\n<title>2 Inch Short damen - Shorts f\u00fcr Damen- MioMioRun<\/title>\n<meta name=\"description\" content=\"Die rosafarbene Zoot Women&#039;s 2 Inch Short verf\u00fcgt \u00fcber zwei funktionelle Eingrifftaschen und ist leicht f\u00fcr maximale Frische und Komfort.\" \/>\n<meta name=\"robots\" content=\"index, follow, max-snippet:-1, max-image-preview:large, max-video-preview:-1\" \/>\n<link rel=\"canonical\" href=\"https:\/\/www.miomiorun.com\/de\/produkt\/zoot-2-inch-short-damen\/\" \/>\n<meta property=\"og:locale\" content=\"de_DE\" \/>\n<meta property=\"og:type\" content=\"article\" \/>\n<meta property=\"og:title\" content=\"2 Inch Short damen - Shorts f\u00fcr Damen- MioMioRun\" \/>\n<meta property=\"og:description\" content=\"Die rosafarbene Zoot Women&#039;s 2 Inch Short verf\u00fcgt \u00fcber zwei funktionelle Eingrifftaschen und ist leicht f\u00fcr maximale Frische und Komfort.\" \/>\n<meta property=\"og:url\" content=\"https:\/\/www.miomiorun.com\/de\/produkt\/zoot-2-inch-short-damen\/\" \/>\n<meta property=\"og:site_name\" content=\"MioMioRun\" \/>\n<meta property=\"article:publisher\" content=\"https:\/\/www.facebook.com\/miomiorun\/\" \/>\n<meta property=\"article:modified_time\" content=\"2025-02-20T10:45:04+00:00\" \/>\n<meta property=\"og:image\" content=\"https:\/\/www.miomiorun.com\/app\/uploads\/2020\/03\/Zoot-Inch-Short-26B2070.1.1.jpg\" \/>\n\t<meta property=\"og:image:width\" content=\"595\" \/>\n\t<meta property=\"og:image:height\" content=\"595\" \/>\n\t<meta property=\"og:image:type\" content=\"image\/jpeg\" \/>\n<meta name=\"twitter:card\" content=\"summary_large_image\" \/>\n<script type=\"application\/ld+json\" class=\"yoast-schema-graph\">{\"@context\":\"https:\/\/schema.org\",\"@graph\":[{\"@type\":\"WebPage\",\"@id\":\"https:\/\/www.miomiorun.com\/de\/produkt\/zoot-2-inch-short-damen\/\",\"url\":\"https:\/\/www.miomiorun.com\/de\/produkt\/zoot-2-inch-short-damen\/\",\"name\":\"2 Inch Short damen - Shorts f\u00fcr Damen- MioMioRun\",\"isPartOf\":{\"@id\":\"https:\/\/www.miomiorun.com\/de\/#website\"},\"primaryImageOfPage\":{\"@id\":\"https:\/\/www.miomiorun.com\/de\/produkt\/zoot-2-inch-short-damen\/#primaryimage\"},\"image\":{\"@id\":\"https:\/\/www.miomiorun.com\/de\/produkt\/zoot-2-inch-short-damen\/#primaryimage\"},\"thumbnailUrl\":\"https:\/\/www.miomiorun.com\/app\/uploads\/2020\/03\/Zoot-Inch-Short-26B2070.1.1.jpg\",\"datePublished\":\"2020-03-24T08:44:07+00:00\",\"dateModified\":\"2025-02-20T10:45:04+00:00\",\"description\":\"Die rosafarbene Zoot Women's 2 Inch Short verf\u00fcgt \u00fcber zwei funktionelle Eingrifftaschen und ist leicht f\u00fcr maximale Frische und Komfort.\",\"breadcrumb\":{\"@id\":\"https:\/\/www.miomiorun.com\/de\/produkt\/zoot-2-inch-short-damen\/#breadcrumb\"},\"inLanguage\":\"de-DE\",\"potentialAction\":[{\"@type\":\"ReadAction\",\"target\":[\"https:\/\/www.miomiorun.com\/de\/produkt\/zoot-2-inch-short-damen\/\"]}]},{\"@type\":\"ImageObject\",\"inLanguage\":\"de-DE\",\"@id\":\"https:\/\/www.miomiorun.com\/de\/produkt\/zoot-2-inch-short-damen\/#primaryimage\",\"url\":\"https:\/\/www.miomiorun.com\/app\/uploads\/2020\/03\/Zoot-Inch-Short-26B2070.1.1.jpg\",\"contentUrl\":\"https:\/\/www.miomiorun.com\/app\/uploads\/2020\/03\/Zoot-Inch-Short-26B2070.1.1.jpg\",\"width\":595,\"height\":595,\"caption\":\"Zoot-Inch-Short-26B2070.1.1\"},{\"@type\":\"BreadcrumbList\",\"@id\":\"https:\/\/www.miomiorun.com\/de\/produkt\/zoot-2-inch-short-damen\/#breadcrumb\",\"itemListElement\":[{\"@type\":\"ListItem\",\"position\":1,\"name\":\"Home\",\"item\":\"https:\/\/www.miomiorun.com\/de\/\"},{\"@type\":\"ListItem\",\"position\":2,\"name\":\"Shop\",\"item\":\"https:\/\/www.miomiorun.com\/shop\/\"},{\"@type\":\"ListItem\",\"position\":3,\"name\":\"2 Inch Short damen\"}]},{\"@type\":\"WebSite\",\"@id\":\"https:\/\/www.miomiorun.com\/de\/#website\",\"url\":\"https:\/\/www.miomiorun.com\/de\/\",\"name\":\"MioMioRun\",\"description\":\"100% Lauf- und Trailshop\",\"publisher\":{\"@id\":\"https:\/\/www.miomiorun.com\/de\/#organization\"},\"potentialAction\":[{\"@type\":\"SearchAction\",\"target\":{\"@type\":\"EntryPoint\",\"urlTemplate\":\"https:\/\/www.miomiorun.com\/de\/?s={search_term_string}\"},\"query-input\":{\"@type\":\"PropertyValueSpecification\",\"valueRequired\":true,\"valueName\":\"search_term_string\"}}],\"inLanguage\":\"de-DE\"},{\"@type\":\"Organization\",\"@id\":\"https:\/\/www.miomiorun.com\/de\/#organization\",\"name\":\"MioMio Run\",\"url\":\"https:\/\/www.miomiorun.com\/de\/\",\"logo\":{\"@type\":\"ImageObject\",\"inLanguage\":\"de-DE\",\"@id\":\"https:\/\/www.miomiorun.com\/de\/#\/schema\/logo\/image\/\",\"url\":\"https:\/\/www.miomiorun.com\/app\/uploads\/2019\/12\/logomio.png\",\"contentUrl\":\"https:\/\/www.miomiorun.com\/app\/uploads\/2019\/12\/logomio.png\",\"width\":115,\"height\":82,\"caption\":\"MioMio Run\"},\"image\":{\"@id\":\"https:\/\/www.miomiorun.com\/de\/#\/schema\/logo\/image\/\"},\"sameAs\":[\"https:\/\/www.facebook.com\/miomiorun\/\",\"https:\/\/www.instagram.com\/miomiorun\/\"]}]}<\/script>\n<!-- \/ Yoast SEO plugin. -->","yoast_head_json":{"title":"2 Inch Short damen - Shorts f\u00fcr Damen- MioMioRun","description":"Die rosafarbene Zoot Women's 2 Inch Short verf\u00fcgt \u00fcber zwei funktionelle Eingrifftaschen und ist leicht f\u00fcr maximale Frische und Komfort.","robots":{"index":"index","follow":"follow","max-snippet":"max-snippet:-1","max-image-preview":"max-image-preview:large","max-video-preview":"max-video-preview:-1"},"canonical":"https:\/\/www.miomiorun.com\/de\/produkt\/zoot-2-inch-short-damen\/","og_locale":"de_DE","og_type":"article","og_title":"2 Inch Short damen - Shorts f\u00fcr Damen- MioMioRun","og_description":"Die rosafarbene Zoot Women's 2 Inch Short verf\u00fcgt \u00fcber zwei funktionelle Eingrifftaschen und ist leicht f\u00fcr maximale Frische und Komfort.","og_url":"https:\/\/www.miomiorun.com\/de\/produkt\/zoot-2-inch-short-damen\/","og_site_name":"MioMioRun","article_publisher":"https:\/\/www.facebook.com\/miomiorun\/","article_modified_time":"2025-02-20T10:45:04+00:00","og_image":[{"width":595,"height":595,"url":"https:\/\/www.miomiorun.com\/app\/uploads\/2020\/03\/Zoot-Inch-Short-26B2070.1.1.jpg","type":"image\/jpeg"}],"twitter_card":"summary_large_image","schema":{"@context":"https:\/\/schema.org","@graph":[{"@type":"WebPage","@id":"https:\/\/www.miomiorun.com\/de\/produkt\/zoot-2-inch-short-damen\/","url":"https:\/\/www.miomiorun.com\/de\/produkt\/zoot-2-inch-short-damen\/","name":"2 Inch Short damen - Shorts f\u00fcr Damen- MioMioRun","isPartOf":{"@id":"https:\/\/www.miomiorun.com\/de\/#website"},"primaryImageOfPage":{"@id":"https:\/\/www.miomiorun.com\/de\/produkt\/zoot-2-inch-short-damen\/#primaryimage"},"image":{"@id":"https:\/\/www.miomiorun.com\/de\/produkt\/zoot-2-inch-short-damen\/#primaryimage"},"thumbnailUrl":"https:\/\/www.miomiorun.com\/app\/uploads\/2020\/03\/Zoot-Inch-Short-26B2070.1.1.jpg","datePublished":"2020-03-24T08:44:07+00:00","dateModified":"2025-02-20T10:45:04+00:00","description":"Die rosafarbene Zoot Women's 2 Inch Short verf\u00fcgt \u00fcber zwei funktionelle Eingrifftaschen und ist leicht f\u00fcr maximale Frische und Komfort.","breadcrumb":{"@id":"https:\/\/www.miomiorun.com\/de\/produkt\/zoot-2-inch-short-damen\/#breadcrumb"},"inLanguage":"de-DE","potentialAction":[{"@type":"ReadAction","target":["https:\/\/www.miomiorun.com\/de\/produkt\/zoot-2-inch-short-damen\/"]}]},{"@type":"ImageObject","inLanguage":"de-DE","@id":"https:\/\/www.miomiorun.com\/de\/produkt\/zoot-2-inch-short-damen\/#primaryimage","url":"https:\/\/www.miomiorun.com\/app\/uploads\/2020\/03\/Zoot-Inch-Short-26B2070.1.1.jpg","contentUrl":"https:\/\/www.miomiorun.com\/app\/uploads\/2020\/03\/Zoot-Inch-Short-26B2070.1.1.jpg","width":595,"height":595,"caption":"Zoot-Inch-Short-26B2070.1.1"},{"@type":"BreadcrumbList","@id":"https:\/\/www.miomiorun.com\/de\/produkt\/zoot-2-inch-short-damen\/#breadcrumb","itemListElement":[{"@type":"ListItem","position":1,"name":"Home","item":"https:\/\/www.miomiorun.com\/de\/"},{"@type":"ListItem","position":2,"name":"Shop","item":"https:\/\/www.miomiorun.com\/shop\/"},{"@type":"ListItem","position":3,"name":"2 Inch Short damen"}]},{"@type":"WebSite","@id":"https:\/\/www.miomiorun.com\/de\/#website","url":"https:\/\/www.miomiorun.com\/de\/","name":"MioMioRun","description":"100% Lauf- und Trailshop","publisher":{"@id":"https:\/\/www.miomiorun.com\/de\/#organization"},"potentialAction":[{"@type":"SearchAction","target":{"@type":"EntryPoint","urlTemplate":"https:\/\/www.miomiorun.com\/de\/?s={search_term_string}"},"query-input":{"@type":"PropertyValueSpecification","valueRequired":true,"valueName":"search_term_string"}}],"inLanguage":"de-DE"},{"@type":"Organization","@id":"https:\/\/www.miomiorun.com\/de\/#organization","name":"MioMio Run","url":"https:\/\/www.miomiorun.com\/de\/","logo":{"@type":"ImageObject","inLanguage":"de-DE","@id":"https:\/\/www.miomiorun.com\/de\/#\/schema\/logo\/image\/","url":"https:\/\/www.miomiorun.com\/app\/uploads\/2019\/12\/logomio.png","contentUrl":"https:\/\/www.miomiorun.com\/app\/uploads\/2019\/12\/logomio.png","width":115,"height":82,"caption":"MioMio Run"},"image":{"@id":"https:\/\/www.miomiorun.com\/de\/#\/schema\/logo\/image\/"},"sameAs":["https:\/\/www.facebook.com\/miomiorun\/","https:\/\/www.instagram.com\/miomiorun\/"]}]}},"_links":{"self":[{"href":"https:\/\/www.miomiorun.com\/de\/wp-json\/wp\/v2\/product\/171112","targetHints":{"allow":["GET"]}}],"collection":[{"href":"https:\/\/www.miomiorun.com\/de\/wp-json\/wp\/v2\/product"}],"about":[{"href":"https:\/\/www.miomiorun.com\/de\/wp-json\/wp\/v2\/types\/product"}],"wp:featuredmedia":[{"embeddable":true,"href":"https:\/\/www.miomiorun.com\/de\/wp-json\/wp\/v2\/media\/51428"}],"wp:attachment":[{"href":"https:\/\/www.miomiorun.com\/de\/wp-json\/wp\/v2\/media?parent=171112"}],"wp:term":[{"taxonomy":"product_brand","embeddable":true,"href":"https:\/\/www.miomiorun.com\/de\/wp-json\/wp\/v2\/product_brand?post=171112"},{"taxonomy":"product_cat","embeddable":true,"href":"https:\/\/www.miomiorun.com\/de\/wp-json\/wp\/v2\/product_cat?post=171112"},{"taxonomy":"product_tag","embeddable":true,"href":"https:\/\/www.miomiorun.com\/de\/wp-json\/wp\/v2\/product_tag?post=171112"}],"curies":[{"name":"wp","href":"https:\/\/api.w.org\/{rel}","templated":true}]}}