{"id":171102,"date":"2020-03-24T09:44:08","date_gmt":"2020-03-24T08:44:08","guid":{"rendered":"https:\/\/miomiorun.com\/prodotto\/asics-short-running-protection-donna-2\/"},"modified":"2025-02-20T17:29:46","modified_gmt":"2025-02-20T16:29:46","slug":"asics-short-running-protection-damen","status":"publish","type":"product","link":"https:\/\/www.miomiorun.com\/de\/produkt\/asics-short-running-protection-damen\/","title":{"rendered":"Short Running Protection damen"},"content":{"rendered":"<p>Die pinkfarbene Asics Short Running Protection f\u00fcr Frauen ist die perfekte Kombination aus Unterst\u00fctzung und Bewegungsfreiheit. Sie besteht n\u00e4mlich aus einer dehnbaren, atmungsaktiven Innenhose und einer leichten, locker sitzenden Au\u00dfenshort. So kann sie maximale Flexibilit\u00e4t bei der Bewegung gew\u00e4hrleisten.<\/p>\n<p>Alles in allem eine Short, die in allen Situationen maximalen Komfort bietet.<\/p>\n<p>Details:<\/p>\n<p>Motiondry-Technologie, trocknet Schwei\u00df schnell<\/p>\n<p>Elastischer Bund<\/p>\n<p>Elastische Innenhose mit Mesh-Eins\u00e4tzen f\u00fcr bessere Luftzirkulation<\/p>\n<p>Reflektierende Eins\u00e4tze auf Vorder- und R\u00fcckseite<\/p>\n<p>Seitliche Schlitze<\/p>\n<p>L\u00e4nge im Schritt ca. 9 cm<\/p>\n<p>Kleine Innentasche<\/p>\n<p>Au\u00dfenmaterial: 100% Polyester<\/p>\n<p>Innenmaterial: 90% Polyester 10% Elastan<\/p>\n","protected":false},"excerpt":{"rendered":"<p>Die pinkfarbene Asics Short Running Protection f\u00fcr Frauen ist die perfekte Kombination aus Unterst\u00fctzung und Bewegungsfreiheit. Sie besteht n\u00e4mlich aus einer dehnbaren, atmungsaktiven Innenhose und einer leichten, locker sitzenden Au\u00dfenshort. So kann sie maximale Flexibilit\u00e4t bei der Bewegung gew\u00e4hrleisten. Alles in allem eine Short, die in allen Situationen maximalen Komfort bietet. Details: Motiondry-Technologie, trocknet Schwei\u00df &hellip; <a href=\"https:\/\/www.miomiorun.com\/de\/produkt\/asics-short-running-protection-damen\/\">Continued<\/a><\/p>\n","protected":false},"featured_media":51220,"template":"","meta":{"_acf_changed":false,"inline_featured_image":false},"product_brand":[],"product_cat":[6495,6494,6539],"product_tag":[3404,6201],"class_list":{"0":"post-171102","1":"product","2":"type-product","3":"status-publish","4":"has-post-thumbnail","6":"product_cat-sale-damen-de","7":"product_cat-sale-damen-bekleidung-de","8":"product_cat-sale-damen-shorts-de","9":"product_tag-asics-de","10":"product_tag-asics-damen-de","11":"pa_attivita-running-de","12":"pa_colore-short-running-protection-129950-6018-de","13":"pa_colore-short-running-protection-129950-8091-de","14":"pa_marca-asics-de","15":"pa_sesso-damen","16":"pa_size-medium-de","18":"first","19":"instock","20":"sale","21":"taxable","22":"shipping-taxable","23":"purchasable","24":"product-type-variable","25":"wvs-archive-product-wrapper"},"acf":[],"yoast_head":"<!-- This site is optimized with the Yoast SEO plugin v26.8 - https:\/\/yoast.com\/product\/yoast-seo-wordpress\/ -->\n<title>Asics Short Running Protection damen -Shorts f\u00fcr Damen - MioMioRun<\/title>\n<meta name=\"description\" content=\"Die pinkfarbene Asics Short Running Protection Hose f\u00fcr Damen ist die perfekte Kombination aus Unterst\u00fctzung und Bewegungsfreiheit.\" \/>\n<meta name=\"robots\" content=\"index, follow, max-snippet:-1, max-image-preview:large, max-video-preview:-1\" \/>\n<link rel=\"canonical\" href=\"https:\/\/www.miomiorun.com\/de\/produkt\/asics-short-running-protection-damen\/\" \/>\n<meta property=\"og:locale\" content=\"de_DE\" \/>\n<meta property=\"og:type\" content=\"article\" \/>\n<meta property=\"og:title\" content=\"Asics Short Running Protection damen -Shorts f\u00fcr Damen - MioMioRun\" \/>\n<meta property=\"og:description\" content=\"Die pinkfarbene Asics Short Running Protection Hose f\u00fcr Damen ist die perfekte Kombination aus Unterst\u00fctzung und Bewegungsfreiheit.\" \/>\n<meta property=\"og:url\" content=\"https:\/\/www.miomiorun.com\/de\/produkt\/asics-short-running-protection-damen\/\" \/>\n<meta property=\"og:site_name\" content=\"MioMioRun\" \/>\n<meta property=\"article:publisher\" content=\"https:\/\/www.facebook.com\/miomiorun\/\" \/>\n<meta property=\"article:modified_time\" content=\"2025-02-20T16:29:46+00:00\" \/>\n<meta property=\"og:image\" content=\"https:\/\/www.miomiorun.com\/app\/uploads\/2020\/03\/Asics-Short-Running-Protection-129950-6018.jpg\" \/>\n\t<meta property=\"og:image:width\" content=\"595\" \/>\n\t<meta property=\"og:image:height\" content=\"595\" \/>\n\t<meta property=\"og:image:type\" content=\"image\/jpeg\" \/>\n<meta name=\"twitter:card\" content=\"summary_large_image\" \/>\n<script type=\"application\/ld+json\" class=\"yoast-schema-graph\">{\"@context\":\"https:\/\/schema.org\",\"@graph\":[{\"@type\":\"WebPage\",\"@id\":\"https:\/\/www.miomiorun.com\/de\/produkt\/asics-short-running-protection-damen\/\",\"url\":\"https:\/\/www.miomiorun.com\/de\/produkt\/asics-short-running-protection-damen\/\",\"name\":\"Asics Short Running Protection damen -Shorts f\u00fcr Damen - MioMioRun\",\"isPartOf\":{\"@id\":\"https:\/\/www.miomiorun.com\/de\/#website\"},\"primaryImageOfPage\":{\"@id\":\"https:\/\/www.miomiorun.com\/de\/produkt\/asics-short-running-protection-damen\/#primaryimage\"},\"image\":{\"@id\":\"https:\/\/www.miomiorun.com\/de\/produkt\/asics-short-running-protection-damen\/#primaryimage\"},\"thumbnailUrl\":\"https:\/\/www.miomiorun.com\/app\/uploads\/2020\/03\/Asics-Short-Running-Protection-129950-6018.jpg\",\"datePublished\":\"2020-03-24T08:44:08+00:00\",\"dateModified\":\"2025-02-20T16:29:46+00:00\",\"description\":\"Die pinkfarbene Asics Short Running Protection Hose f\u00fcr Damen ist die perfekte Kombination aus Unterst\u00fctzung und Bewegungsfreiheit.\",\"breadcrumb\":{\"@id\":\"https:\/\/www.miomiorun.com\/de\/produkt\/asics-short-running-protection-damen\/#breadcrumb\"},\"inLanguage\":\"de-DE\",\"potentialAction\":[{\"@type\":\"ReadAction\",\"target\":[\"https:\/\/www.miomiorun.com\/de\/produkt\/asics-short-running-protection-damen\/\"]}]},{\"@type\":\"ImageObject\",\"inLanguage\":\"de-DE\",\"@id\":\"https:\/\/www.miomiorun.com\/de\/produkt\/asics-short-running-protection-damen\/#primaryimage\",\"url\":\"https:\/\/www.miomiorun.com\/app\/uploads\/2020\/03\/Asics-Short-Running-Protection-129950-6018.jpg\",\"contentUrl\":\"https:\/\/www.miomiorun.com\/app\/uploads\/2020\/03\/Asics-Short-Running-Protection-129950-6018.jpg\",\"width\":595,\"height\":595,\"caption\":\"Asics-Short-Running-Protection-129950-6018\"},{\"@type\":\"BreadcrumbList\",\"@id\":\"https:\/\/www.miomiorun.com\/de\/produkt\/asics-short-running-protection-damen\/#breadcrumb\",\"itemListElement\":[{\"@type\":\"ListItem\",\"position\":1,\"name\":\"Home\",\"item\":\"https:\/\/www.miomiorun.com\/de\/\"},{\"@type\":\"ListItem\",\"position\":2,\"name\":\"Shop\",\"item\":\"https:\/\/www.miomiorun.com\/shop\/\"},{\"@type\":\"ListItem\",\"position\":3,\"name\":\"Short Running Protection damen\"}]},{\"@type\":\"WebSite\",\"@id\":\"https:\/\/www.miomiorun.com\/de\/#website\",\"url\":\"https:\/\/www.miomiorun.com\/de\/\",\"name\":\"MioMioRun\",\"description\":\"100% Lauf- und Trailshop\",\"publisher\":{\"@id\":\"https:\/\/www.miomiorun.com\/de\/#organization\"},\"potentialAction\":[{\"@type\":\"SearchAction\",\"target\":{\"@type\":\"EntryPoint\",\"urlTemplate\":\"https:\/\/www.miomiorun.com\/de\/?s={search_term_string}\"},\"query-input\":{\"@type\":\"PropertyValueSpecification\",\"valueRequired\":true,\"valueName\":\"search_term_string\"}}],\"inLanguage\":\"de-DE\"},{\"@type\":\"Organization\",\"@id\":\"https:\/\/www.miomiorun.com\/de\/#organization\",\"name\":\"MioMio Run\",\"url\":\"https:\/\/www.miomiorun.com\/de\/\",\"logo\":{\"@type\":\"ImageObject\",\"inLanguage\":\"de-DE\",\"@id\":\"https:\/\/www.miomiorun.com\/de\/#\/schema\/logo\/image\/\",\"url\":\"https:\/\/www.miomiorun.com\/app\/uploads\/2019\/12\/logomio.png\",\"contentUrl\":\"https:\/\/www.miomiorun.com\/app\/uploads\/2019\/12\/logomio.png\",\"width\":115,\"height\":82,\"caption\":\"MioMio Run\"},\"image\":{\"@id\":\"https:\/\/www.miomiorun.com\/de\/#\/schema\/logo\/image\/\"},\"sameAs\":[\"https:\/\/www.facebook.com\/miomiorun\/\",\"https:\/\/www.instagram.com\/miomiorun\/\"]}]}<\/script>\n<!-- \/ Yoast SEO plugin. -->","yoast_head_json":{"title":"Asics Short Running Protection damen -Shorts f\u00fcr Damen - MioMioRun","description":"Die pinkfarbene Asics Short Running Protection Hose f\u00fcr Damen ist die perfekte Kombination aus Unterst\u00fctzung und Bewegungsfreiheit.","robots":{"index":"index","follow":"follow","max-snippet":"max-snippet:-1","max-image-preview":"max-image-preview:large","max-video-preview":"max-video-preview:-1"},"canonical":"https:\/\/www.miomiorun.com\/de\/produkt\/asics-short-running-protection-damen\/","og_locale":"de_DE","og_type":"article","og_title":"Asics Short Running Protection damen -Shorts f\u00fcr Damen - MioMioRun","og_description":"Die pinkfarbene Asics Short Running Protection Hose f\u00fcr Damen ist die perfekte Kombination aus Unterst\u00fctzung und Bewegungsfreiheit.","og_url":"https:\/\/www.miomiorun.com\/de\/produkt\/asics-short-running-protection-damen\/","og_site_name":"MioMioRun","article_publisher":"https:\/\/www.facebook.com\/miomiorun\/","article_modified_time":"2025-02-20T16:29:46+00:00","og_image":[{"width":595,"height":595,"url":"https:\/\/www.miomiorun.com\/app\/uploads\/2020\/03\/Asics-Short-Running-Protection-129950-6018.jpg","type":"image\/jpeg"}],"twitter_card":"summary_large_image","schema":{"@context":"https:\/\/schema.org","@graph":[{"@type":"WebPage","@id":"https:\/\/www.miomiorun.com\/de\/produkt\/asics-short-running-protection-damen\/","url":"https:\/\/www.miomiorun.com\/de\/produkt\/asics-short-running-protection-damen\/","name":"Asics Short Running Protection damen -Shorts f\u00fcr Damen - MioMioRun","isPartOf":{"@id":"https:\/\/www.miomiorun.com\/de\/#website"},"primaryImageOfPage":{"@id":"https:\/\/www.miomiorun.com\/de\/produkt\/asics-short-running-protection-damen\/#primaryimage"},"image":{"@id":"https:\/\/www.miomiorun.com\/de\/produkt\/asics-short-running-protection-damen\/#primaryimage"},"thumbnailUrl":"https:\/\/www.miomiorun.com\/app\/uploads\/2020\/03\/Asics-Short-Running-Protection-129950-6018.jpg","datePublished":"2020-03-24T08:44:08+00:00","dateModified":"2025-02-20T16:29:46+00:00","description":"Die pinkfarbene Asics Short Running Protection Hose f\u00fcr Damen ist die perfekte Kombination aus Unterst\u00fctzung und Bewegungsfreiheit.","breadcrumb":{"@id":"https:\/\/www.miomiorun.com\/de\/produkt\/asics-short-running-protection-damen\/#breadcrumb"},"inLanguage":"de-DE","potentialAction":[{"@type":"ReadAction","target":["https:\/\/www.miomiorun.com\/de\/produkt\/asics-short-running-protection-damen\/"]}]},{"@type":"ImageObject","inLanguage":"de-DE","@id":"https:\/\/www.miomiorun.com\/de\/produkt\/asics-short-running-protection-damen\/#primaryimage","url":"https:\/\/www.miomiorun.com\/app\/uploads\/2020\/03\/Asics-Short-Running-Protection-129950-6018.jpg","contentUrl":"https:\/\/www.miomiorun.com\/app\/uploads\/2020\/03\/Asics-Short-Running-Protection-129950-6018.jpg","width":595,"height":595,"caption":"Asics-Short-Running-Protection-129950-6018"},{"@type":"BreadcrumbList","@id":"https:\/\/www.miomiorun.com\/de\/produkt\/asics-short-running-protection-damen\/#breadcrumb","itemListElement":[{"@type":"ListItem","position":1,"name":"Home","item":"https:\/\/www.miomiorun.com\/de\/"},{"@type":"ListItem","position":2,"name":"Shop","item":"https:\/\/www.miomiorun.com\/shop\/"},{"@type":"ListItem","position":3,"name":"Short Running Protection damen"}]},{"@type":"WebSite","@id":"https:\/\/www.miomiorun.com\/de\/#website","url":"https:\/\/www.miomiorun.com\/de\/","name":"MioMioRun","description":"100% Lauf- und Trailshop","publisher":{"@id":"https:\/\/www.miomiorun.com\/de\/#organization"},"potentialAction":[{"@type":"SearchAction","target":{"@type":"EntryPoint","urlTemplate":"https:\/\/www.miomiorun.com\/de\/?s={search_term_string}"},"query-input":{"@type":"PropertyValueSpecification","valueRequired":true,"valueName":"search_term_string"}}],"inLanguage":"de-DE"},{"@type":"Organization","@id":"https:\/\/www.miomiorun.com\/de\/#organization","name":"MioMio Run","url":"https:\/\/www.miomiorun.com\/de\/","logo":{"@type":"ImageObject","inLanguage":"de-DE","@id":"https:\/\/www.miomiorun.com\/de\/#\/schema\/logo\/image\/","url":"https:\/\/www.miomiorun.com\/app\/uploads\/2019\/12\/logomio.png","contentUrl":"https:\/\/www.miomiorun.com\/app\/uploads\/2019\/12\/logomio.png","width":115,"height":82,"caption":"MioMio Run"},"image":{"@id":"https:\/\/www.miomiorun.com\/de\/#\/schema\/logo\/image\/"},"sameAs":["https:\/\/www.facebook.com\/miomiorun\/","https:\/\/www.instagram.com\/miomiorun\/"]}]}},"_links":{"self":[{"href":"https:\/\/www.miomiorun.com\/de\/wp-json\/wp\/v2\/product\/171102","targetHints":{"allow":["GET"]}}],"collection":[{"href":"https:\/\/www.miomiorun.com\/de\/wp-json\/wp\/v2\/product"}],"about":[{"href":"https:\/\/www.miomiorun.com\/de\/wp-json\/wp\/v2\/types\/product"}],"wp:featuredmedia":[{"embeddable":true,"href":"https:\/\/www.miomiorun.com\/de\/wp-json\/wp\/v2\/media\/51220"}],"wp:attachment":[{"href":"https:\/\/www.miomiorun.com\/de\/wp-json\/wp\/v2\/media?parent=171102"}],"wp:term":[{"taxonomy":"product_brand","embeddable":true,"href":"https:\/\/www.miomiorun.com\/de\/wp-json\/wp\/v2\/product_brand?post=171102"},{"taxonomy":"product_cat","embeddable":true,"href":"https:\/\/www.miomiorun.com\/de\/wp-json\/wp\/v2\/product_cat?post=171102"},{"taxonomy":"product_tag","embeddable":true,"href":"https:\/\/www.miomiorun.com\/de\/wp-json\/wp\/v2\/product_tag?post=171102"}],"curies":[{"name":"wp","href":"https:\/\/api.w.org\/{rel}","templated":true}]}}