{"id":171072,"date":"2020-10-20T17:17:09","date_gmt":"2020-10-20T15:17:09","guid":{"rendered":"https:\/\/miomiorun.com\/prodotto\/la-sportiva-comet-skirt-donna\/"},"modified":"2025-02-20T17:31:22","modified_gmt":"2025-02-20T16:31:22","slug":"la-sportiva-comet-skirt-damen","status":"publish","type":"product","link":"https:\/\/www.miomiorun.com\/de\/produkt\/la-sportiva-comet-skirt-damen\/","title":{"rendered":"Comet Skirt damen"},"content":{"rendered":"<p>Der Trailrunning-Rock ist perfekt, um Ihre Weiblichkeit auch bei k\u00f6rperlicher Aktivit\u00e4t zum Ausdruck zu bringen: leicht und schnelltrocknend, erm\u00f6glicht er maximale Bewegungsfreiheit.<\/p>\n<div class=\"data item content\" role=\"tabpanel\" aria-hidden=\"false\" data-role=\"content\" aria-labelledby=\"tab-label-techinfo\">\n<div class=\"techinfo-container\">\n<div class=\"techinfo-icons\">\n<div class=\"techinfo-icon\"><a> <img decoding=\"async\" src=\"https:\/\/www.lasportiva.com\/media\/techinfo_icons\/elasticita.png\" alt=\"La Sportiva\" \/><\/a><\/div>\n<div><strong>Elastizit\u00e4t: <\/strong>komfortable und reaktionsschnelle Kleidungsst\u00fccke, die maximale Bewegungsfreiheit garantieren.<\/div>\n<div class=\"techinfo-icon\"><a> <img decoding=\"async\" src=\"https:\/\/www.lasportiva.com\/media\/techinfo_icons\/L2.png\" alt=\"La Sportiva\" \/><\/a><\/div>\n<div><strong>L2 &#8211; MID LAYER &amp; THERMAL LAYER : <\/strong>Bietet zus\u00e4tzliche W\u00e4rmeisolierung und unterst\u00fctzt dank hoher Atmungsaktivit\u00e4t die Schwei\u00dfableitung.<\/div>\n<div class=\"techinfo-icon\"><a> <img decoding=\"async\" src=\"https:\/\/www.lasportiva.com\/media\/techinfo_icons\/regular-fit.png\" alt=\"La Sportiva\" \/><\/a><\/div>\n<div><strong>Regular Fit : <\/strong>Technischer und bequemer Schnitt.<\/div>\n<div class=\"techinfo-icon\"><a> <img decoding=\"async\" src=\"https:\/\/www.lasportiva.com\/media\/techinfo_icons\/leggerezza.png\" alt=\"La Sportiva\" \/><\/a><\/div>\n<div><strong>Leichtigkeit <\/strong>: Produkte, die das Gewicht auf ein Minimum reduzieren<\/div>\n<div class=\"techinfo-icon\"><a> <img decoding=\"async\" src=\"https:\/\/www.lasportiva.com\/media\/techinfo_icons\/traspirabilita.png\" alt=\"La Sportiva\" \/><\/a><\/div>\n<div><strong>Atmungsaktivit\u00e4t <\/strong>: Hoch atmungsaktive Produkte f\u00fcr optimalen Klimakomfort.<\/div>\n<div class=\"techinfo-icon\"><a> <img decoding=\"async\" src=\"https:\/\/www.lasportiva.com\/media\/techinfo_icons\/Bluesign.png\" alt=\"La Sportiva\" \/><\/a><\/div>\n<div>WAS IST DAS BLUESIGN\u00ae-SYSTEM? &#8211; Das bluesign\u00ae-System zertifiziert die Nachhaltigkeit der gesamten textilen Produktionskette. Es eliminiert Substanzen, die f\u00fcr Mensch und Umwelt gef\u00e4hrlich sind, von Beginn des Produktionsprozesses an, indem es die sozialen und umweltfreundlichen Standards aller beteiligten Produktionsprozesse entlang der Wertsch\u00f6pfungskette festlegt und kontrolliert, um dem Verbraucher den Kauf nachhaltiger Produkte zu garantieren. La Sportiva ist seit 2012 offizielles bluesign\u00ae-Mitglied: Dies bescheinigt, dass die gesamte textile Produktionskette die von bluesign\u00ae gef\u00f6rderten sozial-\u00f6kologischen Kriterien respektiert. Seit 2014\/15 produziert La Sportiva auch vollst\u00e4ndig bluesign\u00ae-zertifizierte Produkte, auf denen das offizielle bluesign\u00ae-Produktlabel angebracht ist. WAS BEDEUTET EIN BLUESIGN\u00ae-ZERTIFIZIERTES PRODUKT? &#8211; Ein bluesign\u00ae-zertifiziertes Produkt garantiert ein H\u00f6chstmass an Konsumentensicherheit in Bezug auf soziale und \u00f6kologische Aspekte und bescheinigt, dass das Produkt mit den geringstm\u00f6glichen Auswirkungen auf den Planeten und die Menschen hergestellt wurde, indem die von bluesign\u00ae genehmigten Qualit\u00e4tsstandards eingehalten und nachhaltige Ressourcen in der gesamten Produktionskette verwendet wurden. Ein bluesign\u00ae-Produkt ist der Beweis f\u00fcr das Engagement eines Unternehmens f\u00fcr die Nachhaltigkeit unseres Planeten.<\/div>\n<\/div>\n<div class=\"techinfo-description\"><b>Material <\/b>: Hauptteil: (PW07) 86% PES, 14% EL Innenslip: (PN13) 92% PES, 8% Elastan<br \/>\n<b>Gewicht : <\/b>123 g (M)<\/div>\n<\/div>\n<\/div>\n","protected":false},"excerpt":{"rendered":"<p>Der Trailrunning-Rock ist perfekt, um Ihre Weiblichkeit auch bei k\u00f6rperlicher Aktivit\u00e4t zum Ausdruck zu bringen: leicht und schnelltrocknend, erm\u00f6glicht er maximale Bewegungsfreiheit. Elastizit\u00e4t: komfortable und reaktionsschnelle Kleidungsst\u00fccke, die maximale Bewegungsfreiheit garantieren. L2 &#8211; MID LAYER &amp; THERMAL LAYER : Bietet zus\u00e4tzliche W\u00e4rmeisolierung und unterst\u00fctzt dank hoher Atmungsaktivit\u00e4t die Schwei\u00dfableitung. Regular Fit : Technischer und bequemer &hellip; <a href=\"https:\/\/www.miomiorun.com\/de\/produkt\/la-sportiva-comet-skirt-damen\/\">Continued<\/a><\/p>\n","protected":false},"featured_media":53322,"template":"","meta":{"_acf_changed":false,"inline_featured_image":false},"product_brand":[],"product_cat":[6494,6539],"product_tag":[6248,6220],"class_list":{"0":"post-171072","1":"product","2":"type-product","3":"status-publish","4":"has-post-thumbnail","6":"product_cat-sale-damen-bekleidung-de","7":"product_cat-sale-damen-shorts-de","8":"product_tag-la-sportiva-de","9":"product_tag-la-sportiva-damen-de","10":"pa_attivita-trail-de","11":"pa_colore-comet-skirt-w-hibiscus-flamingo-de","12":"pa_colore-comet-skirt-w-pacific-blue-neptune-de","13":"pa_marca-la-sportiva-de","14":"pa_sesso-damen","15":"pa_size-extra-small-de","16":"pa_size-small-de","17":"pa_size-medium-de","18":"pa_size-large-de","20":"first","21":"instock","22":"sale","23":"taxable","24":"shipping-taxable","25":"purchasable","26":"product-type-variable","27":"wvs-archive-product-wrapper"},"acf":[],"yoast_head":"<!-- This site is optimized with the Yoast SEO plugin v26.8 - https:\/\/yoast.com\/product\/yoast-seo-wordpress\/ -->\n<title>La Sportiva Comet Skirt damen - Laufende R\u00f6cke - MioMioRun<\/title>\n<meta name=\"description\" content=\"Trailrunning-Rock f\u00fcr den Ausdruck von Weiblichkeit bei k\u00f6rperlicher Aktivit\u00e4t: leicht, schnell trocknend, maximale Bewegungsfreiheit\" \/>\n<meta name=\"robots\" content=\"index, follow, max-snippet:-1, max-image-preview:large, max-video-preview:-1\" \/>\n<link rel=\"canonical\" href=\"https:\/\/www.miomiorun.com\/de\/produkt\/la-sportiva-comet-skirt-damen\/\" \/>\n<meta property=\"og:locale\" content=\"de_DE\" \/>\n<meta property=\"og:type\" content=\"article\" \/>\n<meta property=\"og:title\" content=\"La Sportiva Comet Skirt damen - Laufende R\u00f6cke - MioMioRun\" \/>\n<meta property=\"og:description\" content=\"Trailrunning-Rock f\u00fcr den Ausdruck von Weiblichkeit bei k\u00f6rperlicher Aktivit\u00e4t: leicht, schnell trocknend, maximale Bewegungsfreiheit\" \/>\n<meta property=\"og:url\" content=\"https:\/\/www.miomiorun.com\/de\/produkt\/la-sportiva-comet-skirt-damen\/\" \/>\n<meta property=\"og:site_name\" content=\"MioMioRun\" \/>\n<meta property=\"article:publisher\" content=\"https:\/\/www.facebook.com\/miomiorun\/\" \/>\n<meta property=\"article:modified_time\" content=\"2025-02-20T16:31:22+00:00\" \/>\n<meta property=\"og:image\" content=\"https:\/\/www.miomiorun.com\/app\/uploads\/2020\/10\/la-sportiva-Comet-skirt-K52402403.jpg\" \/>\n\t<meta property=\"og:image:width\" content=\"600\" \/>\n\t<meta property=\"og:image:height\" content=\"600\" \/>\n\t<meta property=\"og:image:type\" content=\"image\/jpeg\" \/>\n<meta name=\"twitter:card\" content=\"summary_large_image\" \/>\n<meta name=\"twitter:label1\" content=\"Est. reading time\" \/>\n\t<meta name=\"twitter:data1\" content=\"1 minute\" \/>\n<script type=\"application\/ld+json\" class=\"yoast-schema-graph\">{\"@context\":\"https:\/\/schema.org\",\"@graph\":[{\"@type\":\"WebPage\",\"@id\":\"https:\/\/www.miomiorun.com\/de\/produkt\/la-sportiva-comet-skirt-damen\/\",\"url\":\"https:\/\/www.miomiorun.com\/de\/produkt\/la-sportiva-comet-skirt-damen\/\",\"name\":\"La Sportiva Comet Skirt damen - Laufende R\u00f6cke - MioMioRun\",\"isPartOf\":{\"@id\":\"https:\/\/www.miomiorun.com\/de\/#website\"},\"primaryImageOfPage\":{\"@id\":\"https:\/\/www.miomiorun.com\/de\/produkt\/la-sportiva-comet-skirt-damen\/#primaryimage\"},\"image\":{\"@id\":\"https:\/\/www.miomiorun.com\/de\/produkt\/la-sportiva-comet-skirt-damen\/#primaryimage\"},\"thumbnailUrl\":\"https:\/\/www.miomiorun.com\/app\/uploads\/2020\/10\/la-sportiva-Comet-skirt-K52402403.jpg\",\"datePublished\":\"2020-10-20T15:17:09+00:00\",\"dateModified\":\"2025-02-20T16:31:22+00:00\",\"description\":\"Trailrunning-Rock f\u00fcr den Ausdruck von Weiblichkeit bei k\u00f6rperlicher Aktivit\u00e4t: leicht, schnell trocknend, maximale Bewegungsfreiheit\",\"breadcrumb\":{\"@id\":\"https:\/\/www.miomiorun.com\/de\/produkt\/la-sportiva-comet-skirt-damen\/#breadcrumb\"},\"inLanguage\":\"de-DE\",\"potentialAction\":[{\"@type\":\"ReadAction\",\"target\":[\"https:\/\/www.miomiorun.com\/de\/produkt\/la-sportiva-comet-skirt-damen\/\"]}]},{\"@type\":\"ImageObject\",\"inLanguage\":\"de-DE\",\"@id\":\"https:\/\/www.miomiorun.com\/de\/produkt\/la-sportiva-comet-skirt-damen\/#primaryimage\",\"url\":\"https:\/\/www.miomiorun.com\/app\/uploads\/2020\/10\/la-sportiva-Comet-skirt-K52402403.jpg\",\"contentUrl\":\"https:\/\/www.miomiorun.com\/app\/uploads\/2020\/10\/la-sportiva-Comet-skirt-K52402403.jpg\",\"width\":600,\"height\":600,\"caption\":\"la-sportiva-Comet-skirt-K52402403\"},{\"@type\":\"BreadcrumbList\",\"@id\":\"https:\/\/www.miomiorun.com\/de\/produkt\/la-sportiva-comet-skirt-damen\/#breadcrumb\",\"itemListElement\":[{\"@type\":\"ListItem\",\"position\":1,\"name\":\"Home\",\"item\":\"https:\/\/www.miomiorun.com\/de\/\"},{\"@type\":\"ListItem\",\"position\":2,\"name\":\"Shop\",\"item\":\"https:\/\/www.miomiorun.com\/shop\/\"},{\"@type\":\"ListItem\",\"position\":3,\"name\":\"Comet Skirt damen\"}]},{\"@type\":\"WebSite\",\"@id\":\"https:\/\/www.miomiorun.com\/de\/#website\",\"url\":\"https:\/\/www.miomiorun.com\/de\/\",\"name\":\"MioMioRun\",\"description\":\"100% Lauf- und Trailshop\",\"publisher\":{\"@id\":\"https:\/\/www.miomiorun.com\/de\/#organization\"},\"potentialAction\":[{\"@type\":\"SearchAction\",\"target\":{\"@type\":\"EntryPoint\",\"urlTemplate\":\"https:\/\/www.miomiorun.com\/de\/?s={search_term_string}\"},\"query-input\":{\"@type\":\"PropertyValueSpecification\",\"valueRequired\":true,\"valueName\":\"search_term_string\"}}],\"inLanguage\":\"de-DE\"},{\"@type\":\"Organization\",\"@id\":\"https:\/\/www.miomiorun.com\/de\/#organization\",\"name\":\"MioMio Run\",\"url\":\"https:\/\/www.miomiorun.com\/de\/\",\"logo\":{\"@type\":\"ImageObject\",\"inLanguage\":\"de-DE\",\"@id\":\"https:\/\/www.miomiorun.com\/de\/#\/schema\/logo\/image\/\",\"url\":\"https:\/\/www.miomiorun.com\/app\/uploads\/2019\/12\/logomio.png\",\"contentUrl\":\"https:\/\/www.miomiorun.com\/app\/uploads\/2019\/12\/logomio.png\",\"width\":115,\"height\":82,\"caption\":\"MioMio Run\"},\"image\":{\"@id\":\"https:\/\/www.miomiorun.com\/de\/#\/schema\/logo\/image\/\"},\"sameAs\":[\"https:\/\/www.facebook.com\/miomiorun\/\",\"https:\/\/www.instagram.com\/miomiorun\/\"]}]}<\/script>\n<!-- \/ Yoast SEO plugin. -->","yoast_head_json":{"title":"La Sportiva Comet Skirt damen - Laufende R\u00f6cke - MioMioRun","description":"Trailrunning-Rock f\u00fcr den Ausdruck von Weiblichkeit bei k\u00f6rperlicher Aktivit\u00e4t: leicht, schnell trocknend, maximale Bewegungsfreiheit","robots":{"index":"index","follow":"follow","max-snippet":"max-snippet:-1","max-image-preview":"max-image-preview:large","max-video-preview":"max-video-preview:-1"},"canonical":"https:\/\/www.miomiorun.com\/de\/produkt\/la-sportiva-comet-skirt-damen\/","og_locale":"de_DE","og_type":"article","og_title":"La Sportiva Comet Skirt damen - Laufende R\u00f6cke - MioMioRun","og_description":"Trailrunning-Rock f\u00fcr den Ausdruck von Weiblichkeit bei k\u00f6rperlicher Aktivit\u00e4t: leicht, schnell trocknend, maximale Bewegungsfreiheit","og_url":"https:\/\/www.miomiorun.com\/de\/produkt\/la-sportiva-comet-skirt-damen\/","og_site_name":"MioMioRun","article_publisher":"https:\/\/www.facebook.com\/miomiorun\/","article_modified_time":"2025-02-20T16:31:22+00:00","og_image":[{"width":600,"height":600,"url":"https:\/\/www.miomiorun.com\/app\/uploads\/2020\/10\/la-sportiva-Comet-skirt-K52402403.jpg","type":"image\/jpeg"}],"twitter_card":"summary_large_image","twitter_misc":{"Est. reading time":"1 minute"},"schema":{"@context":"https:\/\/schema.org","@graph":[{"@type":"WebPage","@id":"https:\/\/www.miomiorun.com\/de\/produkt\/la-sportiva-comet-skirt-damen\/","url":"https:\/\/www.miomiorun.com\/de\/produkt\/la-sportiva-comet-skirt-damen\/","name":"La Sportiva Comet Skirt damen - Laufende R\u00f6cke - MioMioRun","isPartOf":{"@id":"https:\/\/www.miomiorun.com\/de\/#website"},"primaryImageOfPage":{"@id":"https:\/\/www.miomiorun.com\/de\/produkt\/la-sportiva-comet-skirt-damen\/#primaryimage"},"image":{"@id":"https:\/\/www.miomiorun.com\/de\/produkt\/la-sportiva-comet-skirt-damen\/#primaryimage"},"thumbnailUrl":"https:\/\/www.miomiorun.com\/app\/uploads\/2020\/10\/la-sportiva-Comet-skirt-K52402403.jpg","datePublished":"2020-10-20T15:17:09+00:00","dateModified":"2025-02-20T16:31:22+00:00","description":"Trailrunning-Rock f\u00fcr den Ausdruck von Weiblichkeit bei k\u00f6rperlicher Aktivit\u00e4t: leicht, schnell trocknend, maximale Bewegungsfreiheit","breadcrumb":{"@id":"https:\/\/www.miomiorun.com\/de\/produkt\/la-sportiva-comet-skirt-damen\/#breadcrumb"},"inLanguage":"de-DE","potentialAction":[{"@type":"ReadAction","target":["https:\/\/www.miomiorun.com\/de\/produkt\/la-sportiva-comet-skirt-damen\/"]}]},{"@type":"ImageObject","inLanguage":"de-DE","@id":"https:\/\/www.miomiorun.com\/de\/produkt\/la-sportiva-comet-skirt-damen\/#primaryimage","url":"https:\/\/www.miomiorun.com\/app\/uploads\/2020\/10\/la-sportiva-Comet-skirt-K52402403.jpg","contentUrl":"https:\/\/www.miomiorun.com\/app\/uploads\/2020\/10\/la-sportiva-Comet-skirt-K52402403.jpg","width":600,"height":600,"caption":"la-sportiva-Comet-skirt-K52402403"},{"@type":"BreadcrumbList","@id":"https:\/\/www.miomiorun.com\/de\/produkt\/la-sportiva-comet-skirt-damen\/#breadcrumb","itemListElement":[{"@type":"ListItem","position":1,"name":"Home","item":"https:\/\/www.miomiorun.com\/de\/"},{"@type":"ListItem","position":2,"name":"Shop","item":"https:\/\/www.miomiorun.com\/shop\/"},{"@type":"ListItem","position":3,"name":"Comet Skirt damen"}]},{"@type":"WebSite","@id":"https:\/\/www.miomiorun.com\/de\/#website","url":"https:\/\/www.miomiorun.com\/de\/","name":"MioMioRun","description":"100% Lauf- und Trailshop","publisher":{"@id":"https:\/\/www.miomiorun.com\/de\/#organization"},"potentialAction":[{"@type":"SearchAction","target":{"@type":"EntryPoint","urlTemplate":"https:\/\/www.miomiorun.com\/de\/?s={search_term_string}"},"query-input":{"@type":"PropertyValueSpecification","valueRequired":true,"valueName":"search_term_string"}}],"inLanguage":"de-DE"},{"@type":"Organization","@id":"https:\/\/www.miomiorun.com\/de\/#organization","name":"MioMio Run","url":"https:\/\/www.miomiorun.com\/de\/","logo":{"@type":"ImageObject","inLanguage":"de-DE","@id":"https:\/\/www.miomiorun.com\/de\/#\/schema\/logo\/image\/","url":"https:\/\/www.miomiorun.com\/app\/uploads\/2019\/12\/logomio.png","contentUrl":"https:\/\/www.miomiorun.com\/app\/uploads\/2019\/12\/logomio.png","width":115,"height":82,"caption":"MioMio Run"},"image":{"@id":"https:\/\/www.miomiorun.com\/de\/#\/schema\/logo\/image\/"},"sameAs":["https:\/\/www.facebook.com\/miomiorun\/","https:\/\/www.instagram.com\/miomiorun\/"]}]}},"_links":{"self":[{"href":"https:\/\/www.miomiorun.com\/de\/wp-json\/wp\/v2\/product\/171072","targetHints":{"allow":["GET"]}}],"collection":[{"href":"https:\/\/www.miomiorun.com\/de\/wp-json\/wp\/v2\/product"}],"about":[{"href":"https:\/\/www.miomiorun.com\/de\/wp-json\/wp\/v2\/types\/product"}],"wp:featuredmedia":[{"embeddable":true,"href":"https:\/\/www.miomiorun.com\/de\/wp-json\/wp\/v2\/media\/53322"}],"wp:attachment":[{"href":"https:\/\/www.miomiorun.com\/de\/wp-json\/wp\/v2\/media?parent=171072"}],"wp:term":[{"taxonomy":"product_brand","embeddable":true,"href":"https:\/\/www.miomiorun.com\/de\/wp-json\/wp\/v2\/product_brand?post=171072"},{"taxonomy":"product_cat","embeddable":true,"href":"https:\/\/www.miomiorun.com\/de\/wp-json\/wp\/v2\/product_cat?post=171072"},{"taxonomy":"product_tag","embeddable":true,"href":"https:\/\/www.miomiorun.com\/de\/wp-json\/wp\/v2\/product_tag?post=171072"}],"curies":[{"name":"wp","href":"https:\/\/api.w.org\/{rel}","templated":true}]}}