{"id":171061,"date":"2020-12-01T19:16:40","date_gmt":"2020-12-01T18:16:40","guid":{"rendered":"https:\/\/miomiorun.com\/prodotto\/zoot-moonlight-knicker-donna\/"},"modified":"2026-05-08T20:51:16","modified_gmt":"2026-05-08T18:51:16","slug":"zoot-moonlight-knicker-damen","status":"publish","type":"product","link":"https:\/\/www.miomiorun.com\/de\/produkt\/zoot-moonlight-knicker-damen\/","title":{"rendered":"Moonlight Knicker damen"},"content":{"rendered":"<p>Neu in der Moonlight-Kollektion ist die Moonlight Knicker mit dickem Rundstrick und einer sicheren Rei\u00dfverschlusstasche auf der R\u00fcckseite zum Verstauen von Laufutensilien. Mit dem bequemen breiten Bund und dem endlosen elastischen Kordelzug bleiben Ihre Schritte leicht und schnell.<br \/>\nMaterial:<\/p>\n<p>Hochwertiger Rundstrick sorgt f\u00fcr eine leichte, atmungsaktive und stromlinienf\u00f6rmige Passform<br \/>\nRei\u00dfverschlusstasche auf der R\u00fcckseite f\u00fcr sicheren Stauraum<br \/>\nBreiter Strick-Komfortbund mit endlosem Gummizug f\u00fcr eine geschmeidige Passform<br \/>\nReflektierende Details f\u00fcr Sichtbarkeit bei schlechten Lichtverh\u00e4ltnissen<br \/>\nUPF 50+ Sonnenschutz<br \/>\n17 &#8220;(43,1 cm) Innennaht<\/p>\n","protected":false},"excerpt":{"rendered":"<p>Neu in der Moonlight-Kollektion ist die Moonlight Knicker mit dickem Rundstrick und einer sicheren Rei\u00dfverschlusstasche auf der R\u00fcckseite zum Verstauen von Laufutensilien. Mit dem bequemen breiten Bund und dem endlosen elastischen Kordelzug bleiben Ihre Schritte leicht und schnell. Material: Hochwertiger Rundstrick sorgt f\u00fcr eine leichte, atmungsaktive und stromlinienf\u00f6rmige Passform Rei\u00dfverschlusstasche auf der R\u00fcckseite f\u00fcr sicheren &hellip; <a href=\"https:\/\/www.miomiorun.com\/de\/produkt\/zoot-moonlight-knicker-damen\/\">Continued<\/a><\/p>\n","protected":false},"featured_media":53828,"template":"","meta":{"_acf_changed":false,"inline_featured_image":false},"product_brand":[],"product_cat":[6495,6494,6539],"product_tag":[3401,6317],"class_list":{"0":"post-171061","1":"product","2":"type-product","3":"status-publish","4":"has-post-thumbnail","6":"product_cat-sale-damen-de","7":"product_cat-sale-damen-bekleidung-de","8":"product_cat-sale-damen-shorts-de","9":"product_tag-zoot-de","10":"product_tag-zoot-damen-de","11":"pa_attivita-fitness-de","12":"pa_attivita-gehen","13":"pa_attivita-running-de","14":"pa_marca-zoot-de","15":"pa_sesso-damen","16":"pa_size-medium-de","18":"first","19":"instock","20":"sale","21":"taxable","22":"shipping-taxable","23":"purchasable","24":"product-type-variable","25":"wvs-archive-product-wrapper"},"acf":[],"yoast_head":"<!-- This site is optimized with the Yoast SEO plugin v26.8 - https:\/\/yoast.com\/product\/yoast-seo-wordpress\/ -->\n<title>Zoot Moonlight Knicker damen -Shorts f\u00fcr Damen - MioMioRun<\/title>\n<meta name=\"description\" content=\"Die Moonlight Knicker hat einen dicken Rundstrick und eine Ges\u00e4\u00dftasche mit sicherem Rei\u00dfverschluss f\u00fcr die Aufbewahrung von Laufutensilien.\" \/>\n<meta name=\"robots\" content=\"index, follow, max-snippet:-1, max-image-preview:large, max-video-preview:-1\" \/>\n<link rel=\"canonical\" href=\"https:\/\/www.miomiorun.com\/de\/produkt\/zoot-moonlight-knicker-damen\/\" \/>\n<meta property=\"og:locale\" content=\"de_DE\" \/>\n<meta property=\"og:type\" content=\"article\" \/>\n<meta property=\"og:title\" content=\"Zoot Moonlight Knicker damen -Shorts f\u00fcr Damen - MioMioRun\" \/>\n<meta property=\"og:description\" content=\"Die Moonlight Knicker hat einen dicken Rundstrick und eine Ges\u00e4\u00dftasche mit sicherem Rei\u00dfverschluss f\u00fcr die Aufbewahrung von Laufutensilien.\" \/>\n<meta property=\"og:url\" content=\"https:\/\/www.miomiorun.com\/de\/produkt\/zoot-moonlight-knicker-damen\/\" \/>\n<meta property=\"og:site_name\" content=\"MioMioRun\" \/>\n<meta property=\"article:publisher\" content=\"https:\/\/www.facebook.com\/miomiorun\/\" \/>\n<meta property=\"article:modified_time\" content=\"2026-05-08T18:51:16+00:00\" \/>\n<meta property=\"og:image\" content=\"https:\/\/www.miomiorun.com\/app\/uploads\/2020\/12\/zoot-W-Moonlight-Knicker-26B2075.1.4.jpg\" \/>\n\t<meta property=\"og:image:width\" content=\"600\" \/>\n\t<meta property=\"og:image:height\" content=\"600\" \/>\n\t<meta property=\"og:image:type\" content=\"image\/jpeg\" \/>\n<meta name=\"twitter:card\" content=\"summary_large_image\" \/>\n<script type=\"application\/ld+json\" class=\"yoast-schema-graph\">{\"@context\":\"https:\/\/schema.org\",\"@graph\":[{\"@type\":\"WebPage\",\"@id\":\"https:\/\/www.miomiorun.com\/de\/produkt\/zoot-moonlight-knicker-damen\/\",\"url\":\"https:\/\/www.miomiorun.com\/de\/produkt\/zoot-moonlight-knicker-damen\/\",\"name\":\"Zoot Moonlight Knicker damen -Shorts f\u00fcr Damen - MioMioRun\",\"isPartOf\":{\"@id\":\"https:\/\/www.miomiorun.com\/de\/#website\"},\"primaryImageOfPage\":{\"@id\":\"https:\/\/www.miomiorun.com\/de\/produkt\/zoot-moonlight-knicker-damen\/#primaryimage\"},\"image\":{\"@id\":\"https:\/\/www.miomiorun.com\/de\/produkt\/zoot-moonlight-knicker-damen\/#primaryimage\"},\"thumbnailUrl\":\"https:\/\/www.miomiorun.com\/app\/uploads\/2020\/12\/zoot-W-Moonlight-Knicker-26B2075.1.4.jpg\",\"datePublished\":\"2020-12-01T18:16:40+00:00\",\"dateModified\":\"2026-05-08T18:51:16+00:00\",\"description\":\"Die Moonlight Knicker hat einen dicken Rundstrick und eine Ges\u00e4\u00dftasche mit sicherem Rei\u00dfverschluss f\u00fcr die Aufbewahrung von Laufutensilien.\",\"breadcrumb\":{\"@id\":\"https:\/\/www.miomiorun.com\/de\/produkt\/zoot-moonlight-knicker-damen\/#breadcrumb\"},\"inLanguage\":\"de-DE\",\"potentialAction\":[{\"@type\":\"ReadAction\",\"target\":[\"https:\/\/www.miomiorun.com\/de\/produkt\/zoot-moonlight-knicker-damen\/\"]}]},{\"@type\":\"ImageObject\",\"inLanguage\":\"de-DE\",\"@id\":\"https:\/\/www.miomiorun.com\/de\/produkt\/zoot-moonlight-knicker-damen\/#primaryimage\",\"url\":\"https:\/\/www.miomiorun.com\/app\/uploads\/2020\/12\/zoot-W-Moonlight-Knicker-26B2075.1.4.jpg\",\"contentUrl\":\"https:\/\/www.miomiorun.com\/app\/uploads\/2020\/12\/zoot-W-Moonlight-Knicker-26B2075.1.4.jpg\",\"width\":600,\"height\":600,\"caption\":\"zoot moonlight knicker\"},{\"@type\":\"BreadcrumbList\",\"@id\":\"https:\/\/www.miomiorun.com\/de\/produkt\/zoot-moonlight-knicker-damen\/#breadcrumb\",\"itemListElement\":[{\"@type\":\"ListItem\",\"position\":1,\"name\":\"Home\",\"item\":\"https:\/\/www.miomiorun.com\/de\/\"},{\"@type\":\"ListItem\",\"position\":2,\"name\":\"Shop\",\"item\":\"https:\/\/www.miomiorun.com\/shop\/\"},{\"@type\":\"ListItem\",\"position\":3,\"name\":\"Moonlight Knicker damen\"}]},{\"@type\":\"WebSite\",\"@id\":\"https:\/\/www.miomiorun.com\/de\/#website\",\"url\":\"https:\/\/www.miomiorun.com\/de\/\",\"name\":\"MioMioRun\",\"description\":\"100% Lauf- und Trailshop\",\"publisher\":{\"@id\":\"https:\/\/www.miomiorun.com\/de\/#organization\"},\"potentialAction\":[{\"@type\":\"SearchAction\",\"target\":{\"@type\":\"EntryPoint\",\"urlTemplate\":\"https:\/\/www.miomiorun.com\/de\/?s={search_term_string}\"},\"query-input\":{\"@type\":\"PropertyValueSpecification\",\"valueRequired\":true,\"valueName\":\"search_term_string\"}}],\"inLanguage\":\"de-DE\"},{\"@type\":\"Organization\",\"@id\":\"https:\/\/www.miomiorun.com\/de\/#organization\",\"name\":\"MioMio Run\",\"url\":\"https:\/\/www.miomiorun.com\/de\/\",\"logo\":{\"@type\":\"ImageObject\",\"inLanguage\":\"de-DE\",\"@id\":\"https:\/\/www.miomiorun.com\/de\/#\/schema\/logo\/image\/\",\"url\":\"https:\/\/www.miomiorun.com\/app\/uploads\/2019\/12\/logomio.png\",\"contentUrl\":\"https:\/\/www.miomiorun.com\/app\/uploads\/2019\/12\/logomio.png\",\"width\":115,\"height\":82,\"caption\":\"MioMio Run\"},\"image\":{\"@id\":\"https:\/\/www.miomiorun.com\/de\/#\/schema\/logo\/image\/\"},\"sameAs\":[\"https:\/\/www.facebook.com\/miomiorun\/\",\"https:\/\/www.instagram.com\/miomiorun\/\"]}]}<\/script>\n<!-- \/ Yoast SEO plugin. -->","yoast_head_json":{"title":"Zoot Moonlight Knicker damen -Shorts f\u00fcr Damen - MioMioRun","description":"Die Moonlight Knicker hat einen dicken Rundstrick und eine Ges\u00e4\u00dftasche mit sicherem Rei\u00dfverschluss f\u00fcr die Aufbewahrung von Laufutensilien.","robots":{"index":"index","follow":"follow","max-snippet":"max-snippet:-1","max-image-preview":"max-image-preview:large","max-video-preview":"max-video-preview:-1"},"canonical":"https:\/\/www.miomiorun.com\/de\/produkt\/zoot-moonlight-knicker-damen\/","og_locale":"de_DE","og_type":"article","og_title":"Zoot Moonlight Knicker damen -Shorts f\u00fcr Damen - MioMioRun","og_description":"Die Moonlight Knicker hat einen dicken Rundstrick und eine Ges\u00e4\u00dftasche mit sicherem Rei\u00dfverschluss f\u00fcr die Aufbewahrung von Laufutensilien.","og_url":"https:\/\/www.miomiorun.com\/de\/produkt\/zoot-moonlight-knicker-damen\/","og_site_name":"MioMioRun","article_publisher":"https:\/\/www.facebook.com\/miomiorun\/","article_modified_time":"2026-05-08T18:51:16+00:00","og_image":[{"width":600,"height":600,"url":"https:\/\/www.miomiorun.com\/app\/uploads\/2020\/12\/zoot-W-Moonlight-Knicker-26B2075.1.4.jpg","type":"image\/jpeg"}],"twitter_card":"summary_large_image","schema":{"@context":"https:\/\/schema.org","@graph":[{"@type":"WebPage","@id":"https:\/\/www.miomiorun.com\/de\/produkt\/zoot-moonlight-knicker-damen\/","url":"https:\/\/www.miomiorun.com\/de\/produkt\/zoot-moonlight-knicker-damen\/","name":"Zoot Moonlight Knicker damen -Shorts f\u00fcr Damen - MioMioRun","isPartOf":{"@id":"https:\/\/www.miomiorun.com\/de\/#website"},"primaryImageOfPage":{"@id":"https:\/\/www.miomiorun.com\/de\/produkt\/zoot-moonlight-knicker-damen\/#primaryimage"},"image":{"@id":"https:\/\/www.miomiorun.com\/de\/produkt\/zoot-moonlight-knicker-damen\/#primaryimage"},"thumbnailUrl":"https:\/\/www.miomiorun.com\/app\/uploads\/2020\/12\/zoot-W-Moonlight-Knicker-26B2075.1.4.jpg","datePublished":"2020-12-01T18:16:40+00:00","dateModified":"2026-05-08T18:51:16+00:00","description":"Die Moonlight Knicker hat einen dicken Rundstrick und eine Ges\u00e4\u00dftasche mit sicherem Rei\u00dfverschluss f\u00fcr die Aufbewahrung von Laufutensilien.","breadcrumb":{"@id":"https:\/\/www.miomiorun.com\/de\/produkt\/zoot-moonlight-knicker-damen\/#breadcrumb"},"inLanguage":"de-DE","potentialAction":[{"@type":"ReadAction","target":["https:\/\/www.miomiorun.com\/de\/produkt\/zoot-moonlight-knicker-damen\/"]}]},{"@type":"ImageObject","inLanguage":"de-DE","@id":"https:\/\/www.miomiorun.com\/de\/produkt\/zoot-moonlight-knicker-damen\/#primaryimage","url":"https:\/\/www.miomiorun.com\/app\/uploads\/2020\/12\/zoot-W-Moonlight-Knicker-26B2075.1.4.jpg","contentUrl":"https:\/\/www.miomiorun.com\/app\/uploads\/2020\/12\/zoot-W-Moonlight-Knicker-26B2075.1.4.jpg","width":600,"height":600,"caption":"zoot moonlight knicker"},{"@type":"BreadcrumbList","@id":"https:\/\/www.miomiorun.com\/de\/produkt\/zoot-moonlight-knicker-damen\/#breadcrumb","itemListElement":[{"@type":"ListItem","position":1,"name":"Home","item":"https:\/\/www.miomiorun.com\/de\/"},{"@type":"ListItem","position":2,"name":"Shop","item":"https:\/\/www.miomiorun.com\/shop\/"},{"@type":"ListItem","position":3,"name":"Moonlight Knicker damen"}]},{"@type":"WebSite","@id":"https:\/\/www.miomiorun.com\/de\/#website","url":"https:\/\/www.miomiorun.com\/de\/","name":"MioMioRun","description":"100% Lauf- und Trailshop","publisher":{"@id":"https:\/\/www.miomiorun.com\/de\/#organization"},"potentialAction":[{"@type":"SearchAction","target":{"@type":"EntryPoint","urlTemplate":"https:\/\/www.miomiorun.com\/de\/?s={search_term_string}"},"query-input":{"@type":"PropertyValueSpecification","valueRequired":true,"valueName":"search_term_string"}}],"inLanguage":"de-DE"},{"@type":"Organization","@id":"https:\/\/www.miomiorun.com\/de\/#organization","name":"MioMio Run","url":"https:\/\/www.miomiorun.com\/de\/","logo":{"@type":"ImageObject","inLanguage":"de-DE","@id":"https:\/\/www.miomiorun.com\/de\/#\/schema\/logo\/image\/","url":"https:\/\/www.miomiorun.com\/app\/uploads\/2019\/12\/logomio.png","contentUrl":"https:\/\/www.miomiorun.com\/app\/uploads\/2019\/12\/logomio.png","width":115,"height":82,"caption":"MioMio Run"},"image":{"@id":"https:\/\/www.miomiorun.com\/de\/#\/schema\/logo\/image\/"},"sameAs":["https:\/\/www.facebook.com\/miomiorun\/","https:\/\/www.instagram.com\/miomiorun\/"]}]}},"_links":{"self":[{"href":"https:\/\/www.miomiorun.com\/de\/wp-json\/wp\/v2\/product\/171061","targetHints":{"allow":["GET"]}}],"collection":[{"href":"https:\/\/www.miomiorun.com\/de\/wp-json\/wp\/v2\/product"}],"about":[{"href":"https:\/\/www.miomiorun.com\/de\/wp-json\/wp\/v2\/types\/product"}],"wp:featuredmedia":[{"embeddable":true,"href":"https:\/\/www.miomiorun.com\/de\/wp-json\/wp\/v2\/media\/53828"}],"wp:attachment":[{"href":"https:\/\/www.miomiorun.com\/de\/wp-json\/wp\/v2\/media?parent=171061"}],"wp:term":[{"taxonomy":"product_brand","embeddable":true,"href":"https:\/\/www.miomiorun.com\/de\/wp-json\/wp\/v2\/product_brand?post=171061"},{"taxonomy":"product_cat","embeddable":true,"href":"https:\/\/www.miomiorun.com\/de\/wp-json\/wp\/v2\/product_cat?post=171061"},{"taxonomy":"product_tag","embeddable":true,"href":"https:\/\/www.miomiorun.com\/de\/wp-json\/wp\/v2\/product_tag?post=171061"}],"curies":[{"name":"wp","href":"https:\/\/api.w.org\/{rel}","templated":true}]}}