{"id":171056,"date":"2020-12-09T12:12:50","date_gmt":"2020-12-09T11:12:50","guid":{"rendered":"https:\/\/miomiorun.com\/prodotto\/zoot-6-inch-moonlight-donna\/"},"modified":"2025-02-21T10:07:35","modified_gmt":"2025-02-21T09:07:35","slug":"zoot-6-inch-moonlight-damen","status":"publish","type":"product","link":"https:\/\/www.miomiorun.com\/de\/produkt\/zoot-6-inch-moonlight-damen\/","title":{"rendered":"6 Inch Moonlight damen"},"content":{"rendered":"<p>Die kurze Damenhose 6 Inch Moonlight von Zoot ist leicht, bequem und verhindert \u00fcberm\u00e4\u00dfiges Schwitzen. Sie verf\u00fcgt \u00fcber eine Ges\u00e4\u00dftasche mit Rei\u00dfverschluss und einen hohen, bequemen Gummibund mit verstellbarem Kordelzug. Dar\u00fcber hinaus wird das hervorragende Profil durch reflektierende Details und einen Sonnenschutz von UPF50+ abgerundet.<\/p>\n<p>Alles in allem eine Hose, die hervorragenden Komfort und Funktionalit\u00e4t f\u00fcr eine Hose bietet, die f\u00fcr den \u00fcberwiegenden Einsatz im Sommer und bei milden Temperaturen geeignet ist.<\/p>\n<p>&nbsp;<\/p>\n","protected":false},"excerpt":{"rendered":"<p>Die kurze Damenhose 6 Inch Moonlight von Zoot ist leicht, bequem und verhindert \u00fcberm\u00e4\u00dfiges Schwitzen. Sie verf\u00fcgt \u00fcber eine Ges\u00e4\u00dftasche mit Rei\u00dfverschluss und einen hohen, bequemen Gummibund mit verstellbarem Kordelzug. Dar\u00fcber hinaus wird das hervorragende Profil durch reflektierende Details und einen Sonnenschutz von UPF50+ abgerundet. Alles in allem eine Hose, die hervorragenden Komfort und Funktionalit\u00e4t &hellip; <a href=\"https:\/\/www.miomiorun.com\/de\/produkt\/zoot-6-inch-moonlight-damen\/\">Continued<\/a><\/p>\n","protected":false},"featured_media":53878,"template":"","meta":{"_acf_changed":false,"inline_featured_image":false},"product_brand":[],"product_cat":[6495,6494,6539],"product_tag":[3401,6317],"class_list":{"0":"post-171056","1":"product","2":"type-product","3":"status-publish","4":"has-post-thumbnail","6":"product_cat-sale-damen-de","7":"product_cat-sale-damen-bekleidung-de","8":"product_cat-sale-damen-shorts-de","9":"product_tag-zoot-de","10":"product_tag-zoot-damen-de","11":"pa_attivita-gehen","12":"pa_attivita-running-de","13":"pa_colore-w-moonlight-6-inch-short-slice-de","14":"pa_marca-zoot-de","15":"pa_sesso-damen","16":"pa_size-small-de","18":"first","19":"instock","20":"sale","21":"taxable","22":"shipping-taxable","23":"purchasable","24":"product-type-variable","25":"wvs-archive-product-wrapper"},"acf":[],"yoast_head":"<!-- This site is optimized with the Yoast SEO plugin v26.8 - https:\/\/yoast.com\/product\/yoast-seo-wordpress\/ -->\n<title>Zoot 6 Inch Moonlight damen -Shorts f\u00fcr Damen- MioMioRun<\/title>\n<meta name=\"description\" content=\"Die kurze Damenhose 6 Inch Moonlight von Zoot ist leicht, bequem und verhindert \u00fcberm\u00e4\u00dfiges Schwitzen. Sie verf\u00fcgt \u00fcber eine Ges\u00e4\u00dftasche mit Rei\u00dfverschluss.\" \/>\n<meta name=\"robots\" content=\"index, follow, max-snippet:-1, max-image-preview:large, max-video-preview:-1\" \/>\n<link rel=\"canonical\" href=\"https:\/\/www.miomiorun.com\/de\/produkt\/zoot-6-inch-moonlight-damen\/\" \/>\n<meta property=\"og:locale\" content=\"de_DE\" \/>\n<meta property=\"og:type\" content=\"article\" \/>\n<meta property=\"og:title\" content=\"Zoot 6 Inch Moonlight damen -Shorts f\u00fcr Damen- MioMioRun\" \/>\n<meta property=\"og:description\" content=\"Die kurze Damenhose 6 Inch Moonlight von Zoot ist leicht, bequem und verhindert \u00fcberm\u00e4\u00dfiges Schwitzen. Sie verf\u00fcgt \u00fcber eine Ges\u00e4\u00dftasche mit Rei\u00dfverschluss.\" \/>\n<meta property=\"og:url\" content=\"https:\/\/www.miomiorun.com\/de\/produkt\/zoot-6-inch-moonlight-damen\/\" \/>\n<meta property=\"og:site_name\" content=\"MioMioRun\" \/>\n<meta property=\"article:publisher\" content=\"https:\/\/www.facebook.com\/miomiorun\/\" \/>\n<meta property=\"article:modified_time\" content=\"2025-02-21T09:07:35+00:00\" \/>\n<meta property=\"og:image\" content=\"https:\/\/www.miomiorun.com\/app\/uploads\/2020\/12\/zoot-W-Moonlight-6-inch-short-26A2057.1.3.jpg\" \/>\n\t<meta property=\"og:image:width\" content=\"600\" \/>\n\t<meta property=\"og:image:height\" content=\"600\" \/>\n\t<meta property=\"og:image:type\" content=\"image\/jpeg\" \/>\n<meta name=\"twitter:card\" content=\"summary_large_image\" \/>\n<script type=\"application\/ld+json\" class=\"yoast-schema-graph\">{\"@context\":\"https:\/\/schema.org\",\"@graph\":[{\"@type\":\"WebPage\",\"@id\":\"https:\/\/www.miomiorun.com\/de\/produkt\/zoot-6-inch-moonlight-damen\/\",\"url\":\"https:\/\/www.miomiorun.com\/de\/produkt\/zoot-6-inch-moonlight-damen\/\",\"name\":\"Zoot 6 Inch Moonlight damen -Shorts f\u00fcr Damen- MioMioRun\",\"isPartOf\":{\"@id\":\"https:\/\/www.miomiorun.com\/de\/#website\"},\"primaryImageOfPage\":{\"@id\":\"https:\/\/www.miomiorun.com\/de\/produkt\/zoot-6-inch-moonlight-damen\/#primaryimage\"},\"image\":{\"@id\":\"https:\/\/www.miomiorun.com\/de\/produkt\/zoot-6-inch-moonlight-damen\/#primaryimage\"},\"thumbnailUrl\":\"https:\/\/www.miomiorun.com\/app\/uploads\/2020\/12\/zoot-W-Moonlight-6-inch-short-26A2057.1.3.jpg\",\"datePublished\":\"2020-12-09T11:12:50+00:00\",\"dateModified\":\"2025-02-21T09:07:35+00:00\",\"description\":\"Die kurze Damenhose 6 Inch Moonlight von Zoot ist leicht, bequem und verhindert \u00fcberm\u00e4\u00dfiges Schwitzen. Sie verf\u00fcgt \u00fcber eine Ges\u00e4\u00dftasche mit Rei\u00dfverschluss.\",\"breadcrumb\":{\"@id\":\"https:\/\/www.miomiorun.com\/de\/produkt\/zoot-6-inch-moonlight-damen\/#breadcrumb\"},\"inLanguage\":\"de-DE\",\"potentialAction\":[{\"@type\":\"ReadAction\",\"target\":[\"https:\/\/www.miomiorun.com\/de\/produkt\/zoot-6-inch-moonlight-damen\/\"]}]},{\"@type\":\"ImageObject\",\"inLanguage\":\"de-DE\",\"@id\":\"https:\/\/www.miomiorun.com\/de\/produkt\/zoot-6-inch-moonlight-damen\/#primaryimage\",\"url\":\"https:\/\/www.miomiorun.com\/app\/uploads\/2020\/12\/zoot-W-Moonlight-6-inch-short-26A2057.1.3.jpg\",\"contentUrl\":\"https:\/\/www.miomiorun.com\/app\/uploads\/2020\/12\/zoot-W-Moonlight-6-inch-short-26A2057.1.3.jpg\",\"width\":600,\"height\":600,\"caption\":\"zoot moonlight 6 inch short\"},{\"@type\":\"BreadcrumbList\",\"@id\":\"https:\/\/www.miomiorun.com\/de\/produkt\/zoot-6-inch-moonlight-damen\/#breadcrumb\",\"itemListElement\":[{\"@type\":\"ListItem\",\"position\":1,\"name\":\"Home\",\"item\":\"https:\/\/www.miomiorun.com\/de\/\"},{\"@type\":\"ListItem\",\"position\":2,\"name\":\"Shop\",\"item\":\"https:\/\/www.miomiorun.com\/shop\/\"},{\"@type\":\"ListItem\",\"position\":3,\"name\":\"6 Inch Moonlight damen\"}]},{\"@type\":\"WebSite\",\"@id\":\"https:\/\/www.miomiorun.com\/de\/#website\",\"url\":\"https:\/\/www.miomiorun.com\/de\/\",\"name\":\"MioMioRun\",\"description\":\"100% Lauf- und Trailshop\",\"publisher\":{\"@id\":\"https:\/\/www.miomiorun.com\/de\/#organization\"},\"potentialAction\":[{\"@type\":\"SearchAction\",\"target\":{\"@type\":\"EntryPoint\",\"urlTemplate\":\"https:\/\/www.miomiorun.com\/de\/?s={search_term_string}\"},\"query-input\":{\"@type\":\"PropertyValueSpecification\",\"valueRequired\":true,\"valueName\":\"search_term_string\"}}],\"inLanguage\":\"de-DE\"},{\"@type\":\"Organization\",\"@id\":\"https:\/\/www.miomiorun.com\/de\/#organization\",\"name\":\"MioMio Run\",\"url\":\"https:\/\/www.miomiorun.com\/de\/\",\"logo\":{\"@type\":\"ImageObject\",\"inLanguage\":\"de-DE\",\"@id\":\"https:\/\/www.miomiorun.com\/de\/#\/schema\/logo\/image\/\",\"url\":\"https:\/\/www.miomiorun.com\/app\/uploads\/2019\/12\/logomio.png\",\"contentUrl\":\"https:\/\/www.miomiorun.com\/app\/uploads\/2019\/12\/logomio.png\",\"width\":115,\"height\":82,\"caption\":\"MioMio Run\"},\"image\":{\"@id\":\"https:\/\/www.miomiorun.com\/de\/#\/schema\/logo\/image\/\"},\"sameAs\":[\"https:\/\/www.facebook.com\/miomiorun\/\",\"https:\/\/www.instagram.com\/miomiorun\/\"]}]}<\/script>\n<!-- \/ Yoast SEO plugin. -->","yoast_head_json":{"title":"Zoot 6 Inch Moonlight damen -Shorts f\u00fcr Damen- MioMioRun","description":"Die kurze Damenhose 6 Inch Moonlight von Zoot ist leicht, bequem und verhindert \u00fcberm\u00e4\u00dfiges Schwitzen. Sie verf\u00fcgt \u00fcber eine Ges\u00e4\u00dftasche mit Rei\u00dfverschluss.","robots":{"index":"index","follow":"follow","max-snippet":"max-snippet:-1","max-image-preview":"max-image-preview:large","max-video-preview":"max-video-preview:-1"},"canonical":"https:\/\/www.miomiorun.com\/de\/produkt\/zoot-6-inch-moonlight-damen\/","og_locale":"de_DE","og_type":"article","og_title":"Zoot 6 Inch Moonlight damen -Shorts f\u00fcr Damen- MioMioRun","og_description":"Die kurze Damenhose 6 Inch Moonlight von Zoot ist leicht, bequem und verhindert \u00fcberm\u00e4\u00dfiges Schwitzen. Sie verf\u00fcgt \u00fcber eine Ges\u00e4\u00dftasche mit Rei\u00dfverschluss.","og_url":"https:\/\/www.miomiorun.com\/de\/produkt\/zoot-6-inch-moonlight-damen\/","og_site_name":"MioMioRun","article_publisher":"https:\/\/www.facebook.com\/miomiorun\/","article_modified_time":"2025-02-21T09:07:35+00:00","og_image":[{"width":600,"height":600,"url":"https:\/\/www.miomiorun.com\/app\/uploads\/2020\/12\/zoot-W-Moonlight-6-inch-short-26A2057.1.3.jpg","type":"image\/jpeg"}],"twitter_card":"summary_large_image","schema":{"@context":"https:\/\/schema.org","@graph":[{"@type":"WebPage","@id":"https:\/\/www.miomiorun.com\/de\/produkt\/zoot-6-inch-moonlight-damen\/","url":"https:\/\/www.miomiorun.com\/de\/produkt\/zoot-6-inch-moonlight-damen\/","name":"Zoot 6 Inch Moonlight damen -Shorts f\u00fcr Damen- MioMioRun","isPartOf":{"@id":"https:\/\/www.miomiorun.com\/de\/#website"},"primaryImageOfPage":{"@id":"https:\/\/www.miomiorun.com\/de\/produkt\/zoot-6-inch-moonlight-damen\/#primaryimage"},"image":{"@id":"https:\/\/www.miomiorun.com\/de\/produkt\/zoot-6-inch-moonlight-damen\/#primaryimage"},"thumbnailUrl":"https:\/\/www.miomiorun.com\/app\/uploads\/2020\/12\/zoot-W-Moonlight-6-inch-short-26A2057.1.3.jpg","datePublished":"2020-12-09T11:12:50+00:00","dateModified":"2025-02-21T09:07:35+00:00","description":"Die kurze Damenhose 6 Inch Moonlight von Zoot ist leicht, bequem und verhindert \u00fcberm\u00e4\u00dfiges Schwitzen. Sie verf\u00fcgt \u00fcber eine Ges\u00e4\u00dftasche mit Rei\u00dfverschluss.","breadcrumb":{"@id":"https:\/\/www.miomiorun.com\/de\/produkt\/zoot-6-inch-moonlight-damen\/#breadcrumb"},"inLanguage":"de-DE","potentialAction":[{"@type":"ReadAction","target":["https:\/\/www.miomiorun.com\/de\/produkt\/zoot-6-inch-moonlight-damen\/"]}]},{"@type":"ImageObject","inLanguage":"de-DE","@id":"https:\/\/www.miomiorun.com\/de\/produkt\/zoot-6-inch-moonlight-damen\/#primaryimage","url":"https:\/\/www.miomiorun.com\/app\/uploads\/2020\/12\/zoot-W-Moonlight-6-inch-short-26A2057.1.3.jpg","contentUrl":"https:\/\/www.miomiorun.com\/app\/uploads\/2020\/12\/zoot-W-Moonlight-6-inch-short-26A2057.1.3.jpg","width":600,"height":600,"caption":"zoot moonlight 6 inch short"},{"@type":"BreadcrumbList","@id":"https:\/\/www.miomiorun.com\/de\/produkt\/zoot-6-inch-moonlight-damen\/#breadcrumb","itemListElement":[{"@type":"ListItem","position":1,"name":"Home","item":"https:\/\/www.miomiorun.com\/de\/"},{"@type":"ListItem","position":2,"name":"Shop","item":"https:\/\/www.miomiorun.com\/shop\/"},{"@type":"ListItem","position":3,"name":"6 Inch Moonlight damen"}]},{"@type":"WebSite","@id":"https:\/\/www.miomiorun.com\/de\/#website","url":"https:\/\/www.miomiorun.com\/de\/","name":"MioMioRun","description":"100% Lauf- und Trailshop","publisher":{"@id":"https:\/\/www.miomiorun.com\/de\/#organization"},"potentialAction":[{"@type":"SearchAction","target":{"@type":"EntryPoint","urlTemplate":"https:\/\/www.miomiorun.com\/de\/?s={search_term_string}"},"query-input":{"@type":"PropertyValueSpecification","valueRequired":true,"valueName":"search_term_string"}}],"inLanguage":"de-DE"},{"@type":"Organization","@id":"https:\/\/www.miomiorun.com\/de\/#organization","name":"MioMio Run","url":"https:\/\/www.miomiorun.com\/de\/","logo":{"@type":"ImageObject","inLanguage":"de-DE","@id":"https:\/\/www.miomiorun.com\/de\/#\/schema\/logo\/image\/","url":"https:\/\/www.miomiorun.com\/app\/uploads\/2019\/12\/logomio.png","contentUrl":"https:\/\/www.miomiorun.com\/app\/uploads\/2019\/12\/logomio.png","width":115,"height":82,"caption":"MioMio Run"},"image":{"@id":"https:\/\/www.miomiorun.com\/de\/#\/schema\/logo\/image\/"},"sameAs":["https:\/\/www.facebook.com\/miomiorun\/","https:\/\/www.instagram.com\/miomiorun\/"]}]}},"_links":{"self":[{"href":"https:\/\/www.miomiorun.com\/de\/wp-json\/wp\/v2\/product\/171056","targetHints":{"allow":["GET"]}}],"collection":[{"href":"https:\/\/www.miomiorun.com\/de\/wp-json\/wp\/v2\/product"}],"about":[{"href":"https:\/\/www.miomiorun.com\/de\/wp-json\/wp\/v2\/types\/product"}],"wp:featuredmedia":[{"embeddable":true,"href":"https:\/\/www.miomiorun.com\/de\/wp-json\/wp\/v2\/media\/53878"}],"wp:attachment":[{"href":"https:\/\/www.miomiorun.com\/de\/wp-json\/wp\/v2\/media?parent=171056"}],"wp:term":[{"taxonomy":"product_brand","embeddable":true,"href":"https:\/\/www.miomiorun.com\/de\/wp-json\/wp\/v2\/product_brand?post=171056"},{"taxonomy":"product_cat","embeddable":true,"href":"https:\/\/www.miomiorun.com\/de\/wp-json\/wp\/v2\/product_cat?post=171056"},{"taxonomy":"product_tag","embeddable":true,"href":"https:\/\/www.miomiorun.com\/de\/wp-json\/wp\/v2\/product_tag?post=171056"}],"curies":[{"name":"wp","href":"https:\/\/api.w.org\/{rel}","templated":true}]}}