{"id":171048,"date":"2020-12-19T10:09:13","date_gmt":"2020-12-19T09:09:13","guid":{"rendered":"https:\/\/miomiorun.com\/prodotto\/asics-tight-leg-balance-3-4-donna\/"},"modified":"2025-02-21T10:14:37","modified_gmt":"2025-02-21T09:14:37","slug":"asics-tight-leg-balance-3-4-damen","status":"publish","type":"product","link":"https:\/\/www.miomiorun.com\/de\/produkt\/asics-tight-leg-balance-3-4-damen\/","title":{"rendered":"Tight Leg Balance 3\/4 damen"},"content":{"rendered":"<p>Speziell f\u00fcr die Bed\u00fcrfnisse von professionellen L\u00e4ufern entwickelt, bietet die Asics Laufhose Komfort und die richtige Muskelunterst\u00fctzung. Die spezielle Struktur des Motion Muscle Support-Core tr\u00e4gt zur Verbesserung der K\u00f6rperhaltung bei, st\u00e4rkt und st\u00fctzt den Rumpf und stabilisiert die Oberschenkel und hilft so, das Risiko von Verletzungen und Muskelsch\u00e4den zu verringern. Das Kleidungsst\u00fcck ist aus weichem und strapazierf\u00e4higem MotionDry-Gewebe gefertigt, das Feuchtigkeit und \u00fcbersch\u00fcssigen Schwei\u00df absorbiert und die Haut lange k\u00fchl und trocken h\u00e4lt. Die Asics Hose hat einen Ultra Silm am Knie f\u00fcr volle Bewegungsfreiheit, einen bequemen elastischen Bund mit Kordelzug zur Anpassung und einen grafischen Logoprint auf Oberschenkelh\u00f6he.<\/p>\n<p>Perfekt f\u00fcr dein Training, die Asics Skinny Hose ist die richtige Wahl f\u00fcr die perfekte L\u00e4uferin!<\/p>\n","protected":false},"excerpt":{"rendered":"<p>Speziell f\u00fcr die Bed\u00fcrfnisse von professionellen L\u00e4ufern entwickelt, bietet die Asics Laufhose Komfort und die richtige Muskelunterst\u00fctzung. Die spezielle Struktur des Motion Muscle Support-Core tr\u00e4gt zur Verbesserung der K\u00f6rperhaltung bei, st\u00e4rkt und st\u00fctzt den Rumpf und stabilisiert die Oberschenkel und hilft so, das Risiko von Verletzungen und Muskelsch\u00e4den zu verringern. Das Kleidungsst\u00fcck ist aus weichem &hellip; <a href=\"https:\/\/www.miomiorun.com\/de\/produkt\/asics-tight-leg-balance-3-4-damen\/\">Continued<\/a><\/p>\n","protected":false},"featured_media":163871,"template":"","meta":{"_acf_changed":false,"inline_featured_image":false},"product_brand":[],"product_cat":[6495,6494,6539],"product_tag":[3404,6201],"class_list":{"0":"post-171048","1":"product","2":"type-product","3":"status-publish","4":"has-post-thumbnail","6":"product_cat-sale-damen-de","7":"product_cat-sale-damen-bekleidung-de","8":"product_cat-sale-damen-shorts-de","9":"product_tag-asics-de","10":"product_tag-asics-damen-de","11":"pa_attivita-fitness-de","12":"pa_attivita-gehen","13":"pa_attivita-running-de","14":"pa_marca-asics-de","15":"pa_sesso-damen","16":"pa_size-small-de","18":"first","19":"instock","20":"sale","21":"taxable","22":"shipping-taxable","23":"purchasable","24":"product-type-variable","25":"wvs-archive-product-wrapper"},"acf":[],"yoast_head":"<!-- This site is optimized with the Yoast SEO plugin v26.8 - https:\/\/yoast.com\/product\/yoast-seo-wordpress\/ -->\n<title>Asics Tight Leg Balance 3\/4 damen -Shorts f\u00fcr Damen- MioMioRun<\/title>\n<meta name=\"description\" content=\"Die Laufhosen von Asics wurden speziell f\u00fcr die Bed\u00fcrfnisse von professionellen L\u00e4ufern entwickelt und bieten Komfort und die richtige Muskelunterst\u00fctzung.\" \/>\n<meta name=\"robots\" content=\"index, follow, max-snippet:-1, max-image-preview:large, max-video-preview:-1\" \/>\n<link rel=\"canonical\" href=\"https:\/\/www.miomiorun.com\/de\/produkt\/asics-tight-leg-balance-3-4-damen\/\" \/>\n<meta property=\"og:locale\" content=\"de_DE\" \/>\n<meta property=\"og:type\" content=\"article\" \/>\n<meta property=\"og:title\" content=\"Asics Tight Leg Balance 3\/4 damen -Shorts f\u00fcr Damen- MioMioRun\" \/>\n<meta property=\"og:description\" content=\"Die Laufhosen von Asics wurden speziell f\u00fcr die Bed\u00fcrfnisse von professionellen L\u00e4ufern entwickelt und bieten Komfort und die richtige Muskelunterst\u00fctzung.\" \/>\n<meta property=\"og:url\" content=\"https:\/\/www.miomiorun.com\/de\/produkt\/asics-tight-leg-balance-3-4-damen\/\" \/>\n<meta property=\"og:site_name\" content=\"MioMioRun\" \/>\n<meta property=\"article:publisher\" content=\"https:\/\/www.facebook.com\/miomiorun\/\" \/>\n<meta property=\"article:modified_time\" content=\"2025-02-21T09:14:37+00:00\" \/>\n<meta property=\"og:image\" content=\"https:\/\/www.miomiorun.com\/app\/uploads\/2020\/12\/asics-Tight-Leg-Balance-3-4-114521-0830.jpg\" \/>\n\t<meta property=\"og:image:width\" content=\"600\" \/>\n\t<meta property=\"og:image:height\" content=\"600\" \/>\n\t<meta property=\"og:image:type\" content=\"image\/jpeg\" \/>\n<meta name=\"twitter:card\" content=\"summary_large_image\" \/>\n<meta name=\"twitter:label1\" content=\"Est. reading time\" \/>\n\t<meta name=\"twitter:data1\" content=\"1 minute\" \/>\n<script type=\"application\/ld+json\" class=\"yoast-schema-graph\">{\"@context\":\"https:\/\/schema.org\",\"@graph\":[{\"@type\":\"WebPage\",\"@id\":\"https:\/\/www.miomiorun.com\/de\/produkt\/asics-tight-leg-balance-3-4-damen\/\",\"url\":\"https:\/\/www.miomiorun.com\/de\/produkt\/asics-tight-leg-balance-3-4-damen\/\",\"name\":\"Asics Tight Leg Balance 3\/4 damen -Shorts f\u00fcr Damen- MioMioRun\",\"isPartOf\":{\"@id\":\"https:\/\/www.miomiorun.com\/de\/#website\"},\"primaryImageOfPage\":{\"@id\":\"https:\/\/www.miomiorun.com\/de\/produkt\/asics-tight-leg-balance-3-4-damen\/#primaryimage\"},\"image\":{\"@id\":\"https:\/\/www.miomiorun.com\/de\/produkt\/asics-tight-leg-balance-3-4-damen\/#primaryimage\"},\"thumbnailUrl\":\"https:\/\/www.miomiorun.com\/app\/uploads\/2020\/12\/asics-Tight-Leg-Balance-3-4-114521-0830.jpg\",\"datePublished\":\"2020-12-19T09:09:13+00:00\",\"dateModified\":\"2025-02-21T09:14:37+00:00\",\"description\":\"Die Laufhosen von Asics wurden speziell f\u00fcr die Bed\u00fcrfnisse von professionellen L\u00e4ufern entwickelt und bieten Komfort und die richtige Muskelunterst\u00fctzung.\",\"breadcrumb\":{\"@id\":\"https:\/\/www.miomiorun.com\/de\/produkt\/asics-tight-leg-balance-3-4-damen\/#breadcrumb\"},\"inLanguage\":\"de-DE\",\"potentialAction\":[{\"@type\":\"ReadAction\",\"target\":[\"https:\/\/www.miomiorun.com\/de\/produkt\/asics-tight-leg-balance-3-4-damen\/\"]}]},{\"@type\":\"ImageObject\",\"inLanguage\":\"de-DE\",\"@id\":\"https:\/\/www.miomiorun.com\/de\/produkt\/asics-tight-leg-balance-3-4-damen\/#primaryimage\",\"url\":\"https:\/\/www.miomiorun.com\/app\/uploads\/2020\/12\/asics-Tight-Leg-Balance-3-4-114521-0830.jpg\",\"contentUrl\":\"https:\/\/www.miomiorun.com\/app\/uploads\/2020\/12\/asics-Tight-Leg-Balance-3-4-114521-0830.jpg\",\"width\":600,\"height\":600,\"caption\":\"asics-Tight-Leg-Balance-3-4-114521-0830\"},{\"@type\":\"BreadcrumbList\",\"@id\":\"https:\/\/www.miomiorun.com\/de\/produkt\/asics-tight-leg-balance-3-4-damen\/#breadcrumb\",\"itemListElement\":[{\"@type\":\"ListItem\",\"position\":1,\"name\":\"Home\",\"item\":\"https:\/\/www.miomiorun.com\/de\/\"},{\"@type\":\"ListItem\",\"position\":2,\"name\":\"Shop\",\"item\":\"https:\/\/www.miomiorun.com\/shop\/\"},{\"@type\":\"ListItem\",\"position\":3,\"name\":\"Tight Leg Balance 3\/4 damen\"}]},{\"@type\":\"WebSite\",\"@id\":\"https:\/\/www.miomiorun.com\/de\/#website\",\"url\":\"https:\/\/www.miomiorun.com\/de\/\",\"name\":\"MioMioRun\",\"description\":\"100% Lauf- und Trailshop\",\"publisher\":{\"@id\":\"https:\/\/www.miomiorun.com\/de\/#organization\"},\"potentialAction\":[{\"@type\":\"SearchAction\",\"target\":{\"@type\":\"EntryPoint\",\"urlTemplate\":\"https:\/\/www.miomiorun.com\/de\/?s={search_term_string}\"},\"query-input\":{\"@type\":\"PropertyValueSpecification\",\"valueRequired\":true,\"valueName\":\"search_term_string\"}}],\"inLanguage\":\"de-DE\"},{\"@type\":\"Organization\",\"@id\":\"https:\/\/www.miomiorun.com\/de\/#organization\",\"name\":\"MioMio Run\",\"url\":\"https:\/\/www.miomiorun.com\/de\/\",\"logo\":{\"@type\":\"ImageObject\",\"inLanguage\":\"de-DE\",\"@id\":\"https:\/\/www.miomiorun.com\/de\/#\/schema\/logo\/image\/\",\"url\":\"https:\/\/www.miomiorun.com\/app\/uploads\/2019\/12\/logomio.png\",\"contentUrl\":\"https:\/\/www.miomiorun.com\/app\/uploads\/2019\/12\/logomio.png\",\"width\":115,\"height\":82,\"caption\":\"MioMio Run\"},\"image\":{\"@id\":\"https:\/\/www.miomiorun.com\/de\/#\/schema\/logo\/image\/\"},\"sameAs\":[\"https:\/\/www.facebook.com\/miomiorun\/\",\"https:\/\/www.instagram.com\/miomiorun\/\"]}]}<\/script>\n<!-- \/ Yoast SEO plugin. -->","yoast_head_json":{"title":"Asics Tight Leg Balance 3\/4 damen -Shorts f\u00fcr Damen- MioMioRun","description":"Die Laufhosen von Asics wurden speziell f\u00fcr die Bed\u00fcrfnisse von professionellen L\u00e4ufern entwickelt und bieten Komfort und die richtige Muskelunterst\u00fctzung.","robots":{"index":"index","follow":"follow","max-snippet":"max-snippet:-1","max-image-preview":"max-image-preview:large","max-video-preview":"max-video-preview:-1"},"canonical":"https:\/\/www.miomiorun.com\/de\/produkt\/asics-tight-leg-balance-3-4-damen\/","og_locale":"de_DE","og_type":"article","og_title":"Asics Tight Leg Balance 3\/4 damen -Shorts f\u00fcr Damen- MioMioRun","og_description":"Die Laufhosen von Asics wurden speziell f\u00fcr die Bed\u00fcrfnisse von professionellen L\u00e4ufern entwickelt und bieten Komfort und die richtige Muskelunterst\u00fctzung.","og_url":"https:\/\/www.miomiorun.com\/de\/produkt\/asics-tight-leg-balance-3-4-damen\/","og_site_name":"MioMioRun","article_publisher":"https:\/\/www.facebook.com\/miomiorun\/","article_modified_time":"2025-02-21T09:14:37+00:00","og_image":[{"width":600,"height":600,"url":"https:\/\/www.miomiorun.com\/app\/uploads\/2020\/12\/asics-Tight-Leg-Balance-3-4-114521-0830.jpg","type":"image\/jpeg"}],"twitter_card":"summary_large_image","twitter_misc":{"Est. reading time":"1 minute"},"schema":{"@context":"https:\/\/schema.org","@graph":[{"@type":"WebPage","@id":"https:\/\/www.miomiorun.com\/de\/produkt\/asics-tight-leg-balance-3-4-damen\/","url":"https:\/\/www.miomiorun.com\/de\/produkt\/asics-tight-leg-balance-3-4-damen\/","name":"Asics Tight Leg Balance 3\/4 damen -Shorts f\u00fcr Damen- MioMioRun","isPartOf":{"@id":"https:\/\/www.miomiorun.com\/de\/#website"},"primaryImageOfPage":{"@id":"https:\/\/www.miomiorun.com\/de\/produkt\/asics-tight-leg-balance-3-4-damen\/#primaryimage"},"image":{"@id":"https:\/\/www.miomiorun.com\/de\/produkt\/asics-tight-leg-balance-3-4-damen\/#primaryimage"},"thumbnailUrl":"https:\/\/www.miomiorun.com\/app\/uploads\/2020\/12\/asics-Tight-Leg-Balance-3-4-114521-0830.jpg","datePublished":"2020-12-19T09:09:13+00:00","dateModified":"2025-02-21T09:14:37+00:00","description":"Die Laufhosen von Asics wurden speziell f\u00fcr die Bed\u00fcrfnisse von professionellen L\u00e4ufern entwickelt und bieten Komfort und die richtige Muskelunterst\u00fctzung.","breadcrumb":{"@id":"https:\/\/www.miomiorun.com\/de\/produkt\/asics-tight-leg-balance-3-4-damen\/#breadcrumb"},"inLanguage":"de-DE","potentialAction":[{"@type":"ReadAction","target":["https:\/\/www.miomiorun.com\/de\/produkt\/asics-tight-leg-balance-3-4-damen\/"]}]},{"@type":"ImageObject","inLanguage":"de-DE","@id":"https:\/\/www.miomiorun.com\/de\/produkt\/asics-tight-leg-balance-3-4-damen\/#primaryimage","url":"https:\/\/www.miomiorun.com\/app\/uploads\/2020\/12\/asics-Tight-Leg-Balance-3-4-114521-0830.jpg","contentUrl":"https:\/\/www.miomiorun.com\/app\/uploads\/2020\/12\/asics-Tight-Leg-Balance-3-4-114521-0830.jpg","width":600,"height":600,"caption":"asics-Tight-Leg-Balance-3-4-114521-0830"},{"@type":"BreadcrumbList","@id":"https:\/\/www.miomiorun.com\/de\/produkt\/asics-tight-leg-balance-3-4-damen\/#breadcrumb","itemListElement":[{"@type":"ListItem","position":1,"name":"Home","item":"https:\/\/www.miomiorun.com\/de\/"},{"@type":"ListItem","position":2,"name":"Shop","item":"https:\/\/www.miomiorun.com\/shop\/"},{"@type":"ListItem","position":3,"name":"Tight Leg Balance 3\/4 damen"}]},{"@type":"WebSite","@id":"https:\/\/www.miomiorun.com\/de\/#website","url":"https:\/\/www.miomiorun.com\/de\/","name":"MioMioRun","description":"100% Lauf- und Trailshop","publisher":{"@id":"https:\/\/www.miomiorun.com\/de\/#organization"},"potentialAction":[{"@type":"SearchAction","target":{"@type":"EntryPoint","urlTemplate":"https:\/\/www.miomiorun.com\/de\/?s={search_term_string}"},"query-input":{"@type":"PropertyValueSpecification","valueRequired":true,"valueName":"search_term_string"}}],"inLanguage":"de-DE"},{"@type":"Organization","@id":"https:\/\/www.miomiorun.com\/de\/#organization","name":"MioMio Run","url":"https:\/\/www.miomiorun.com\/de\/","logo":{"@type":"ImageObject","inLanguage":"de-DE","@id":"https:\/\/www.miomiorun.com\/de\/#\/schema\/logo\/image\/","url":"https:\/\/www.miomiorun.com\/app\/uploads\/2019\/12\/logomio.png","contentUrl":"https:\/\/www.miomiorun.com\/app\/uploads\/2019\/12\/logomio.png","width":115,"height":82,"caption":"MioMio Run"},"image":{"@id":"https:\/\/www.miomiorun.com\/de\/#\/schema\/logo\/image\/"},"sameAs":["https:\/\/www.facebook.com\/miomiorun\/","https:\/\/www.instagram.com\/miomiorun\/"]}]}},"_links":{"self":[{"href":"https:\/\/www.miomiorun.com\/de\/wp-json\/wp\/v2\/product\/171048","targetHints":{"allow":["GET"]}}],"collection":[{"href":"https:\/\/www.miomiorun.com\/de\/wp-json\/wp\/v2\/product"}],"about":[{"href":"https:\/\/www.miomiorun.com\/de\/wp-json\/wp\/v2\/types\/product"}],"wp:featuredmedia":[{"embeddable":true,"href":"https:\/\/www.miomiorun.com\/de\/wp-json\/wp\/v2\/media\/163871"}],"wp:attachment":[{"href":"https:\/\/www.miomiorun.com\/de\/wp-json\/wp\/v2\/media?parent=171048"}],"wp:term":[{"taxonomy":"product_brand","embeddable":true,"href":"https:\/\/www.miomiorun.com\/de\/wp-json\/wp\/v2\/product_brand?post=171048"},{"taxonomy":"product_cat","embeddable":true,"href":"https:\/\/www.miomiorun.com\/de\/wp-json\/wp\/v2\/product_cat?post=171048"},{"taxonomy":"product_tag","embeddable":true,"href":"https:\/\/www.miomiorun.com\/de\/wp-json\/wp\/v2\/product_tag?post=171048"}],"curies":[{"name":"wp","href":"https:\/\/api.w.org\/{rel}","templated":true}]}}