{"id":171043,"date":"2021-06-04T12:21:11","date_gmt":"2021-06-04T10:21:11","guid":{"rendered":"https:\/\/miomiorun.com\/prodotto\/compressport-trail-under-control-short-donna\/"},"modified":"2025-02-21T10:18:55","modified_gmt":"2025-02-21T09:18:55","slug":"compressport-trail-under-control-short-damen","status":"publish","type":"product","link":"https:\/\/www.miomiorun.com\/de\/produkt\/compressport-trail-under-control-short-damen\/","title":{"rendered":"Trail Under Control Short damen"},"content":{"rendered":"<p>Nicht nur Triathleten brauchen multifunktionale Sportbekleidung. <strong>Die Under Control Herren-Trailrunning-Kompressionsshorts<\/strong> wurden speziell f\u00fcr<strong> Traill\u00e4ufer<\/strong> entwickelt, um optimalen Komfort und Bequemlichkeit in einer leichten, leistungsstarken Kombination zu bieten.<\/p>\n<p>Gezielte Kompressionseins\u00e4tze bieten maximale Unterst\u00fctzung f\u00fcr die Oberschenkel und absorbieren bis zu 30% der Muskelvibrationen. Durch die erh\u00f6hte Durchblutung werden die Muskeln schneller mit Sauerstoff versorgt, um die Leistung zu verbessern und die Erm\u00fcdung zu verz\u00f6gern. Direkt in die Mikrofaser eingearbeitete Bel\u00fcftungsb\u00e4nder sorgen f\u00fcr eine Rundum-Bel\u00fcftung und leiten Schwei\u00df und Feuchtigkeit schnell ab &#8211; f\u00fcr ein angenehmes, scheuerfreies Fahrgef\u00fchl.<\/p>\n<p>Silikongriffe an der Au\u00dfenseite der Oberschenkel verhindern ein Abrutschen der H\u00e4nde, wenn Sie auf steilen Bergaufpassagen zus\u00e4tzliche Kraft ben\u00f6tigen. Ein ergonomischer Taillenschnitt f\u00fcr zus\u00e4tzliche Unterst\u00fctzung des Oberk\u00f6rpers auf unebenem Terrain wird durch eine Netztasche auf dem R\u00fccken f\u00fcr Lebensmittel und kleine pers\u00f6nliche Gegenst\u00e4nde erg\u00e4nzt. Eine perfekte L\u00f6sung f\u00fcr kurze Touren, bei denen ein voller Rucksack nicht erforderlich ist.<\/p>\n<p>&nbsp;<\/p>\n<div id=\"materials\" class=\"data item content\" role=\"tabpanel\" aria-hidden=\"false\" aria-labelledby=\"tab-label-materials\" data-role=\"content\">\n<div class=\"product-materials-content\">\n<div class=\"texture-content primary-texture\">\n<section class=\"product-additional-info pt-4 pb-4\">\n<div class=\"d-flex mt-5 pt-4 pb-md-4 pb-3 text-center box-additional-info align-items-center flex-wrap\">\n<div class=\"col-lg-3 col-md-6 col-12 data-sheet\">\n<h2>Nettogewicht des Produkts<\/h2>\n<p>81.00 g<\/p>\n<h2>Zusammensetzungen<\/h2>\n<p>62% Multifilament-Polyamid; 31%PA; 7%EA<\/p>\n<h2>Wasch- und Pflegeanleitung<\/h2>\n<p><img decoding=\"async\" src=\"https:\/\/www.compressport.com\/img\/cms\/icons\/picto_wash.png\" \/><\/p>\n<p>&nbsp;<\/p>\n<div class=\"col-lg-3 col-md-6 col-12 data-sheet data-sheet-developed\"><img decoding=\"async\" class=\"img-fluid\" src=\"https:\/\/www.compressport.com\/img\/cms\/icons\/developed_swiss.png\" \/><\/div>\n<\/div>\n<\/div>\n<\/section>\n<\/div>\n<\/div>\n<\/div>\n","protected":false},"excerpt":{"rendered":"<p>Nicht nur Triathleten brauchen multifunktionale Sportbekleidung. Die Under Control Herren-Trailrunning-Kompressionsshorts wurden speziell f\u00fcr Traill\u00e4ufer entwickelt, um optimalen Komfort und Bequemlichkeit in einer leichten, leistungsstarken Kombination zu bieten. Gezielte Kompressionseins\u00e4tze bieten maximale Unterst\u00fctzung f\u00fcr die Oberschenkel und absorbieren bis zu 30% der Muskelvibrationen. Durch die erh\u00f6hte Durchblutung werden die Muskeln schneller mit Sauerstoff versorgt, um die &hellip; <a href=\"https:\/\/www.miomiorun.com\/de\/produkt\/compressport-trail-under-control-short-damen\/\">Continued<\/a><\/p>\n","protected":false},"featured_media":55953,"template":"","meta":{"_acf_changed":false,"inline_featured_image":false},"product_brand":[],"product_cat":[6494,6539],"product_tag":[3367,6215],"class_list":{"0":"post-171043","1":"product","2":"type-product","3":"status-publish","4":"has-post-thumbnail","6":"product_cat-sale-damen-bekleidung-de","7":"product_cat-sale-damen-shorts-de","8":"product_tag-compressport-de","9":"product_tag-compressport-damen-de","10":"pa_attivita-trail-de","11":"pa_circonferenza-coscia-49-54-de","12":"pa_marca-compressport-de","13":"pa_sesso-damen","15":"first","16":"instock","17":"sale","18":"taxable","19":"shipping-taxable","20":"purchasable","21":"product-type-variable","22":"wvs-archive-product-wrapper"},"acf":[],"yoast_head":"<!-- This site is optimized with the Yoast SEO plugin v26.8 - https:\/\/yoast.com\/product\/yoast-seo-wordpress\/ -->\n<title>Compressport Trail Under Control Short damen - Shorts f\u00fcr Damen - MioMioRun<\/title>\n<meta name=\"description\" content=\"Nicht nur Triathleten brauchen multifunktionale Sportbekleidung: Gezielte Kompressionseins\u00e4tze unterst\u00fctzen die Oberschenkel.\" \/>\n<meta name=\"robots\" content=\"index, follow, max-snippet:-1, max-image-preview:large, max-video-preview:-1\" \/>\n<link rel=\"canonical\" href=\"https:\/\/www.miomiorun.com\/de\/produkt\/compressport-trail-under-control-short-damen\/\" \/>\n<meta property=\"og:locale\" content=\"de_DE\" \/>\n<meta property=\"og:type\" content=\"article\" \/>\n<meta property=\"og:title\" content=\"Compressport Trail Under Control Short damen - Shorts f\u00fcr Damen - MioMioRun\" \/>\n<meta property=\"og:description\" content=\"Nicht nur Triathleten brauchen multifunktionale Sportbekleidung: Gezielte Kompressionseins\u00e4tze unterst\u00fctzen die Oberschenkel.\" \/>\n<meta property=\"og:url\" content=\"https:\/\/www.miomiorun.com\/de\/produkt\/compressport-trail-under-control-short-damen\/\" \/>\n<meta property=\"og:site_name\" content=\"MioMioRun\" \/>\n<meta property=\"article:publisher\" content=\"https:\/\/www.facebook.com\/miomiorun\/\" \/>\n<meta property=\"article:modified_time\" content=\"2025-02-21T09:18:55+00:00\" \/>\n<meta property=\"og:image\" content=\"https:\/\/www.miomiorun.com\/app\/uploads\/2021\/06\/compressport-trail-Under-Control-AW00003B-Black.jpg\" \/>\n\t<meta property=\"og:image:width\" content=\"600\" \/>\n\t<meta property=\"og:image:height\" content=\"600\" \/>\n\t<meta property=\"og:image:type\" content=\"image\/jpeg\" \/>\n<meta name=\"twitter:card\" content=\"summary_large_image\" \/>\n<meta name=\"twitter:label1\" content=\"Est. reading time\" \/>\n\t<meta name=\"twitter:data1\" content=\"1 minute\" \/>\n<script type=\"application\/ld+json\" class=\"yoast-schema-graph\">{\"@context\":\"https:\/\/schema.org\",\"@graph\":[{\"@type\":\"WebPage\",\"@id\":\"https:\/\/www.miomiorun.com\/de\/produkt\/compressport-trail-under-control-short-damen\/\",\"url\":\"https:\/\/www.miomiorun.com\/de\/produkt\/compressport-trail-under-control-short-damen\/\",\"name\":\"Compressport Trail Under Control Short damen - Shorts f\u00fcr Damen - MioMioRun\",\"isPartOf\":{\"@id\":\"https:\/\/www.miomiorun.com\/de\/#website\"},\"primaryImageOfPage\":{\"@id\":\"https:\/\/www.miomiorun.com\/de\/produkt\/compressport-trail-under-control-short-damen\/#primaryimage\"},\"image\":{\"@id\":\"https:\/\/www.miomiorun.com\/de\/produkt\/compressport-trail-under-control-short-damen\/#primaryimage\"},\"thumbnailUrl\":\"https:\/\/www.miomiorun.com\/app\/uploads\/2021\/06\/compressport-trail-Under-Control-AW00003B-Black.jpg\",\"datePublished\":\"2021-06-04T10:21:11+00:00\",\"dateModified\":\"2025-02-21T09:18:55+00:00\",\"description\":\"Nicht nur Triathleten brauchen multifunktionale Sportbekleidung: Gezielte Kompressionseins\u00e4tze unterst\u00fctzen die Oberschenkel.\",\"breadcrumb\":{\"@id\":\"https:\/\/www.miomiorun.com\/de\/produkt\/compressport-trail-under-control-short-damen\/#breadcrumb\"},\"inLanguage\":\"de-DE\",\"potentialAction\":[{\"@type\":\"ReadAction\",\"target\":[\"https:\/\/www.miomiorun.com\/de\/produkt\/compressport-trail-under-control-short-damen\/\"]}]},{\"@type\":\"ImageObject\",\"inLanguage\":\"de-DE\",\"@id\":\"https:\/\/www.miomiorun.com\/de\/produkt\/compressport-trail-under-control-short-damen\/#primaryimage\",\"url\":\"https:\/\/www.miomiorun.com\/app\/uploads\/2021\/06\/compressport-trail-Under-Control-AW00003B-Black.jpg\",\"contentUrl\":\"https:\/\/www.miomiorun.com\/app\/uploads\/2021\/06\/compressport-trail-Under-Control-AW00003B-Black.jpg\",\"width\":600,\"height\":600,\"caption\":\"compressport trail under control short\"},{\"@type\":\"BreadcrumbList\",\"@id\":\"https:\/\/www.miomiorun.com\/de\/produkt\/compressport-trail-under-control-short-damen\/#breadcrumb\",\"itemListElement\":[{\"@type\":\"ListItem\",\"position\":1,\"name\":\"Home\",\"item\":\"https:\/\/www.miomiorun.com\/de\/\"},{\"@type\":\"ListItem\",\"position\":2,\"name\":\"Shop\",\"item\":\"https:\/\/www.miomiorun.com\/shop\/\"},{\"@type\":\"ListItem\",\"position\":3,\"name\":\"Trail Under Control Short damen\"}]},{\"@type\":\"WebSite\",\"@id\":\"https:\/\/www.miomiorun.com\/de\/#website\",\"url\":\"https:\/\/www.miomiorun.com\/de\/\",\"name\":\"MioMioRun\",\"description\":\"100% Lauf- und Trailshop\",\"publisher\":{\"@id\":\"https:\/\/www.miomiorun.com\/de\/#organization\"},\"potentialAction\":[{\"@type\":\"SearchAction\",\"target\":{\"@type\":\"EntryPoint\",\"urlTemplate\":\"https:\/\/www.miomiorun.com\/de\/?s={search_term_string}\"},\"query-input\":{\"@type\":\"PropertyValueSpecification\",\"valueRequired\":true,\"valueName\":\"search_term_string\"}}],\"inLanguage\":\"de-DE\"},{\"@type\":\"Organization\",\"@id\":\"https:\/\/www.miomiorun.com\/de\/#organization\",\"name\":\"MioMio Run\",\"url\":\"https:\/\/www.miomiorun.com\/de\/\",\"logo\":{\"@type\":\"ImageObject\",\"inLanguage\":\"de-DE\",\"@id\":\"https:\/\/www.miomiorun.com\/de\/#\/schema\/logo\/image\/\",\"url\":\"https:\/\/www.miomiorun.com\/app\/uploads\/2019\/12\/logomio.png\",\"contentUrl\":\"https:\/\/www.miomiorun.com\/app\/uploads\/2019\/12\/logomio.png\",\"width\":115,\"height\":82,\"caption\":\"MioMio Run\"},\"image\":{\"@id\":\"https:\/\/www.miomiorun.com\/de\/#\/schema\/logo\/image\/\"},\"sameAs\":[\"https:\/\/www.facebook.com\/miomiorun\/\",\"https:\/\/www.instagram.com\/miomiorun\/\"]}]}<\/script>\n<!-- \/ Yoast SEO plugin. -->","yoast_head_json":{"title":"Compressport Trail Under Control Short damen - Shorts f\u00fcr Damen - MioMioRun","description":"Nicht nur Triathleten brauchen multifunktionale Sportbekleidung: Gezielte Kompressionseins\u00e4tze unterst\u00fctzen die Oberschenkel.","robots":{"index":"index","follow":"follow","max-snippet":"max-snippet:-1","max-image-preview":"max-image-preview:large","max-video-preview":"max-video-preview:-1"},"canonical":"https:\/\/www.miomiorun.com\/de\/produkt\/compressport-trail-under-control-short-damen\/","og_locale":"de_DE","og_type":"article","og_title":"Compressport Trail Under Control Short damen - Shorts f\u00fcr Damen - MioMioRun","og_description":"Nicht nur Triathleten brauchen multifunktionale Sportbekleidung: Gezielte Kompressionseins\u00e4tze unterst\u00fctzen die Oberschenkel.","og_url":"https:\/\/www.miomiorun.com\/de\/produkt\/compressport-trail-under-control-short-damen\/","og_site_name":"MioMioRun","article_publisher":"https:\/\/www.facebook.com\/miomiorun\/","article_modified_time":"2025-02-21T09:18:55+00:00","og_image":[{"width":600,"height":600,"url":"https:\/\/www.miomiorun.com\/app\/uploads\/2021\/06\/compressport-trail-Under-Control-AW00003B-Black.jpg","type":"image\/jpeg"}],"twitter_card":"summary_large_image","twitter_misc":{"Est. reading time":"1 minute"},"schema":{"@context":"https:\/\/schema.org","@graph":[{"@type":"WebPage","@id":"https:\/\/www.miomiorun.com\/de\/produkt\/compressport-trail-under-control-short-damen\/","url":"https:\/\/www.miomiorun.com\/de\/produkt\/compressport-trail-under-control-short-damen\/","name":"Compressport Trail Under Control Short damen - Shorts f\u00fcr Damen - MioMioRun","isPartOf":{"@id":"https:\/\/www.miomiorun.com\/de\/#website"},"primaryImageOfPage":{"@id":"https:\/\/www.miomiorun.com\/de\/produkt\/compressport-trail-under-control-short-damen\/#primaryimage"},"image":{"@id":"https:\/\/www.miomiorun.com\/de\/produkt\/compressport-trail-under-control-short-damen\/#primaryimage"},"thumbnailUrl":"https:\/\/www.miomiorun.com\/app\/uploads\/2021\/06\/compressport-trail-Under-Control-AW00003B-Black.jpg","datePublished":"2021-06-04T10:21:11+00:00","dateModified":"2025-02-21T09:18:55+00:00","description":"Nicht nur Triathleten brauchen multifunktionale Sportbekleidung: Gezielte Kompressionseins\u00e4tze unterst\u00fctzen die Oberschenkel.","breadcrumb":{"@id":"https:\/\/www.miomiorun.com\/de\/produkt\/compressport-trail-under-control-short-damen\/#breadcrumb"},"inLanguage":"de-DE","potentialAction":[{"@type":"ReadAction","target":["https:\/\/www.miomiorun.com\/de\/produkt\/compressport-trail-under-control-short-damen\/"]}]},{"@type":"ImageObject","inLanguage":"de-DE","@id":"https:\/\/www.miomiorun.com\/de\/produkt\/compressport-trail-under-control-short-damen\/#primaryimage","url":"https:\/\/www.miomiorun.com\/app\/uploads\/2021\/06\/compressport-trail-Under-Control-AW00003B-Black.jpg","contentUrl":"https:\/\/www.miomiorun.com\/app\/uploads\/2021\/06\/compressport-trail-Under-Control-AW00003B-Black.jpg","width":600,"height":600,"caption":"compressport trail under control short"},{"@type":"BreadcrumbList","@id":"https:\/\/www.miomiorun.com\/de\/produkt\/compressport-trail-under-control-short-damen\/#breadcrumb","itemListElement":[{"@type":"ListItem","position":1,"name":"Home","item":"https:\/\/www.miomiorun.com\/de\/"},{"@type":"ListItem","position":2,"name":"Shop","item":"https:\/\/www.miomiorun.com\/shop\/"},{"@type":"ListItem","position":3,"name":"Trail Under Control Short damen"}]},{"@type":"WebSite","@id":"https:\/\/www.miomiorun.com\/de\/#website","url":"https:\/\/www.miomiorun.com\/de\/","name":"MioMioRun","description":"100% Lauf- und Trailshop","publisher":{"@id":"https:\/\/www.miomiorun.com\/de\/#organization"},"potentialAction":[{"@type":"SearchAction","target":{"@type":"EntryPoint","urlTemplate":"https:\/\/www.miomiorun.com\/de\/?s={search_term_string}"},"query-input":{"@type":"PropertyValueSpecification","valueRequired":true,"valueName":"search_term_string"}}],"inLanguage":"de-DE"},{"@type":"Organization","@id":"https:\/\/www.miomiorun.com\/de\/#organization","name":"MioMio Run","url":"https:\/\/www.miomiorun.com\/de\/","logo":{"@type":"ImageObject","inLanguage":"de-DE","@id":"https:\/\/www.miomiorun.com\/de\/#\/schema\/logo\/image\/","url":"https:\/\/www.miomiorun.com\/app\/uploads\/2019\/12\/logomio.png","contentUrl":"https:\/\/www.miomiorun.com\/app\/uploads\/2019\/12\/logomio.png","width":115,"height":82,"caption":"MioMio Run"},"image":{"@id":"https:\/\/www.miomiorun.com\/de\/#\/schema\/logo\/image\/"},"sameAs":["https:\/\/www.facebook.com\/miomiorun\/","https:\/\/www.instagram.com\/miomiorun\/"]}]}},"_links":{"self":[{"href":"https:\/\/www.miomiorun.com\/de\/wp-json\/wp\/v2\/product\/171043","targetHints":{"allow":["GET"]}}],"collection":[{"href":"https:\/\/www.miomiorun.com\/de\/wp-json\/wp\/v2\/product"}],"about":[{"href":"https:\/\/www.miomiorun.com\/de\/wp-json\/wp\/v2\/types\/product"}],"wp:featuredmedia":[{"embeddable":true,"href":"https:\/\/www.miomiorun.com\/de\/wp-json\/wp\/v2\/media\/55953"}],"wp:attachment":[{"href":"https:\/\/www.miomiorun.com\/de\/wp-json\/wp\/v2\/media?parent=171043"}],"wp:term":[{"taxonomy":"product_brand","embeddable":true,"href":"https:\/\/www.miomiorun.com\/de\/wp-json\/wp\/v2\/product_brand?post=171043"},{"taxonomy":"product_cat","embeddable":true,"href":"https:\/\/www.miomiorun.com\/de\/wp-json\/wp\/v2\/product_cat?post=171043"},{"taxonomy":"product_tag","embeddable":true,"href":"https:\/\/www.miomiorun.com\/de\/wp-json\/wp\/v2\/product_tag?post=171043"}],"curies":[{"name":"wp","href":"https:\/\/api.w.org\/{rel}","templated":true}]}}