{"id":171031,"date":"2021-07-22T11:44:58","date_gmt":"2021-07-22T09:44:58","guid":{"rendered":"https:\/\/miomiorun.com\/prodotto\/newline-imotion-printed-knee-tights-donna\/"},"modified":"2026-05-08T20:59:08","modified_gmt":"2026-05-08T18:59:08","slug":"newline-imotion-printed-knee-tights-damen","status":"publish","type":"product","link":"https:\/\/www.miomiorun.com\/de\/produkt\/newline-imotion-printed-knee-tights-damen\/","title":{"rendered":"Imotion Printed Knee Tights damen"},"content":{"rendered":"<div id=\"tw-target-text-container\" class=\"tw-ta-container F0azHf tw-nfl\" tabindex=\"0\">\n<div id=\"tw-target-text-container\" class=\"tw-ta-container F0azHf tw-nfl\" tabindex=\"0\">\n<p id=\"tw-target-text\" class=\"tw-data-text tw-text-large XcVN5d tw-ta\" dir=\"ltr\" data-placeholder=\"Traduzione\"><span class=\"Y2IQFc\" lang=\"it\">Die <strong>Imotion <\/strong>Women&#8217;s <strong>Printed <\/strong>Knee Tights sind atmungsaktive, knielange Strumpfhosen mit einem grafischen Design im Sublimationsdruck. <\/span><\/p>\n<p class=\"tw-data-text tw-text-large XcVN5d tw-ta\" dir=\"ltr\" data-placeholder=\"Traduzione\"><span class=\"Y2IQFc\" lang=\"it\">Sie garantieren ein gutes Feuchtigkeitsmanagement und sind aus einem weichen Stretchmaterial gefertigt. Die Flachn\u00e4hte sorgen f\u00fcr zus\u00e4tzlichen Komfort und vermeiden Scheuerstellen, w\u00e4hrend der elastische Bund und die Ges\u00e4\u00dftasche zus\u00e4tzliche Funktionalit\u00e4t bieten.<\/span><\/p>\n<h3 dir=\"ltr\" data-placeholder=\"Traduzione\">Merkmale<\/h3>\n<ul>\n<li id=\"tw-target-text\" class=\"tw-data-text tw-text-large XcVN5d tw-ta\" dir=\"ltr\" data-placeholder=\"Traduzione\"><span class=\"Y2IQFc\" lang=\"it\">Im Sublimationsdruck hergestellte Grafiken.<\/span><\/li>\n<li class=\"tw-data-text tw-text-large XcVN5d tw-ta\" dir=\"ltr\" data-placeholder=\"Traduzione\"><span class=\"Y2IQFc\" lang=\"it\">Feuchtigkeitsregulierung.<\/span><\/li>\n<li class=\"tw-data-text tw-text-large XcVN5d tw-ta\" dir=\"ltr\" data-placeholder=\"Traduzione\"><span class=\"Y2IQFc\" lang=\"it\">Weiches Stretch-Material.<\/span><\/li>\n<li class=\"tw-data-text tw-text-large XcVN5d tw-ta\" dir=\"ltr\" data-placeholder=\"Traduzione\"><span class=\"Y2IQFc\" lang=\"it\">Konstruktion mit flachen N\u00e4hten.<\/span><\/li>\n<li class=\"tw-data-text tw-text-large XcVN5d tw-ta\" dir=\"ltr\" data-placeholder=\"Traduzione\"><span class=\"Y2IQFc\" lang=\"it\">Elastischer G\u00fcrtel mit Logo.<\/span><\/li>\n<li class=\"tw-data-text tw-text-large XcVN5d tw-ta\" dir=\"ltr\" data-placeholder=\"Traduzione\"><span class=\"Y2IQFc\" lang=\"it\">Ges\u00e4\u00dftasche<\/span><\/li>\n<li dir=\"ltr\" data-placeholder=\"Traduzione\"><span class=\"Y2IQFc\" lang=\"it\">Material: 90% Polyester \/ 10% Elastan<\/span><\/li>\n<\/ul>\n<\/div>\n<div id=\"tw-target-rmn-container\" class=\"tw-target-rmn tw-ta-container F0azHf tw-nfl\">\n<pre id=\"tw-target-rmn\" class=\"tw-data-placeholder tw-text-small tw-ta\" dir=\"ltr\" data-placeholder=\"\"><\/pre>\n<\/div>\n<\/div>\n","protected":false},"excerpt":{"rendered":"<p>Die Imotion Women&#8217;s Printed Knee Tights sind atmungsaktive, knielange Strumpfhosen mit einem grafischen Design im Sublimationsdruck. Sie garantieren ein gutes Feuchtigkeitsmanagement und sind aus einem weichen Stretchmaterial gefertigt. Die Flachn\u00e4hte sorgen f\u00fcr zus\u00e4tzlichen Komfort und vermeiden Scheuerstellen, w\u00e4hrend der elastische Bund und die Ges\u00e4\u00dftasche zus\u00e4tzliche Funktionalit\u00e4t bieten. Merkmale Im Sublimationsdruck hergestellte Grafiken. Feuchtigkeitsregulierung. Weiches Stretch-Material. &hellip; <a href=\"https:\/\/www.miomiorun.com\/de\/produkt\/newline-imotion-printed-knee-tights-damen\/\">Continued<\/a><\/p>\n","protected":false},"featured_media":56815,"template":"","meta":{"_acf_changed":false,"inline_featured_image":false},"product_brand":[],"product_cat":[6495,6494,6539],"product_tag":[3385,6268],"class_list":{"0":"post-171031","1":"product","2":"type-product","3":"status-publish","4":"has-post-thumbnail","6":"product_cat-sale-damen-de","7":"product_cat-sale-damen-bekleidung-de","8":"product_cat-sale-damen-shorts-de","9":"product_tag-newline-de","10":"product_tag-newline-damen-de","11":"pa_attivita-fitness-de","12":"pa_attivita-gehen","13":"pa_attivita-running-de","14":"pa_marca-newline-de","15":"pa_sesso-damen","16":"pa_size-extra-small-de","18":"first","19":"instock","20":"sale","21":"taxable","22":"shipping-taxable","23":"purchasable","24":"product-type-variable","25":"wvs-archive-product-wrapper"},"acf":[],"yoast_head":"<!-- This site is optimized with the Yoast SEO plugin v26.8 - https:\/\/yoast.com\/product\/yoast-seo-wordpress\/ -->\n<title>Imotion Printed Knee Tights damen - Lange Hosen - MioMioRun<\/title>\n<meta name=\"description\" content=\"Die Imotion Printed Knee Tights f\u00fcr Damen sind atmungsaktive Kniestr\u00fcmpfe mit einem grafischen Sublimationsdruck. Entdecken Sie sie auf unserer Website\" \/>\n<meta name=\"robots\" content=\"index, follow, max-snippet:-1, max-image-preview:large, max-video-preview:-1\" \/>\n<link rel=\"canonical\" href=\"https:\/\/www.miomiorun.com\/de\/produkt\/newline-imotion-printed-knee-tights-damen\/\" \/>\n<meta property=\"og:locale\" content=\"de_DE\" \/>\n<meta property=\"og:type\" content=\"article\" \/>\n<meta property=\"og:title\" content=\"Imotion Printed Knee Tights damen - Lange Hosen - MioMioRun\" \/>\n<meta property=\"og:description\" content=\"Die Imotion Printed Knee Tights f\u00fcr Damen sind atmungsaktive Kniestr\u00fcmpfe mit einem grafischen Sublimationsdruck. Entdecken Sie sie auf unserer Website\" \/>\n<meta property=\"og:url\" content=\"https:\/\/www.miomiorun.com\/de\/produkt\/newline-imotion-printed-knee-tights-damen\/\" \/>\n<meta property=\"og:site_name\" content=\"MioMioRun\" \/>\n<meta property=\"article:publisher\" content=\"https:\/\/www.facebook.com\/miomiorun\/\" \/>\n<meta property=\"article:modified_time\" content=\"2026-05-08T18:59:08+00:00\" \/>\n<meta property=\"og:image\" content=\"https:\/\/www.miomiorun.com\/app\/uploads\/2021\/07\/newline-1-Imotion-printed-knee-tights-70283-435.jpg\" \/>\n\t<meta property=\"og:image:width\" content=\"600\" \/>\n\t<meta property=\"og:image:height\" content=\"600\" \/>\n\t<meta property=\"og:image:type\" content=\"image\/jpeg\" \/>\n<meta name=\"twitter:card\" content=\"summary_large_image\" \/>\n<script type=\"application\/ld+json\" class=\"yoast-schema-graph\">{\"@context\":\"https:\/\/schema.org\",\"@graph\":[{\"@type\":\"WebPage\",\"@id\":\"https:\/\/www.miomiorun.com\/de\/produkt\/newline-imotion-printed-knee-tights-damen\/\",\"url\":\"https:\/\/www.miomiorun.com\/de\/produkt\/newline-imotion-printed-knee-tights-damen\/\",\"name\":\"Imotion Printed Knee Tights damen - Lange Hosen - MioMioRun\",\"isPartOf\":{\"@id\":\"https:\/\/www.miomiorun.com\/de\/#website\"},\"primaryImageOfPage\":{\"@id\":\"https:\/\/www.miomiorun.com\/de\/produkt\/newline-imotion-printed-knee-tights-damen\/#primaryimage\"},\"image\":{\"@id\":\"https:\/\/www.miomiorun.com\/de\/produkt\/newline-imotion-printed-knee-tights-damen\/#primaryimage\"},\"thumbnailUrl\":\"https:\/\/www.miomiorun.com\/app\/uploads\/2021\/07\/newline-1-Imotion-printed-knee-tights-70283-435.jpg\",\"datePublished\":\"2021-07-22T09:44:58+00:00\",\"dateModified\":\"2026-05-08T18:59:08+00:00\",\"description\":\"Die Imotion Printed Knee Tights f\u00fcr Damen sind atmungsaktive Kniestr\u00fcmpfe mit einem grafischen Sublimationsdruck. Entdecken Sie sie auf unserer Website\",\"breadcrumb\":{\"@id\":\"https:\/\/www.miomiorun.com\/de\/produkt\/newline-imotion-printed-knee-tights-damen\/#breadcrumb\"},\"inLanguage\":\"de-DE\",\"potentialAction\":[{\"@type\":\"ReadAction\",\"target\":[\"https:\/\/www.miomiorun.com\/de\/produkt\/newline-imotion-printed-knee-tights-damen\/\"]}]},{\"@type\":\"ImageObject\",\"inLanguage\":\"de-DE\",\"@id\":\"https:\/\/www.miomiorun.com\/de\/produkt\/newline-imotion-printed-knee-tights-damen\/#primaryimage\",\"url\":\"https:\/\/www.miomiorun.com\/app\/uploads\/2021\/07\/newline-1-Imotion-printed-knee-tights-70283-435.jpg\",\"contentUrl\":\"https:\/\/www.miomiorun.com\/app\/uploads\/2021\/07\/newline-1-Imotion-printed-knee-tights-70283-435.jpg\",\"width\":600,\"height\":600,\"caption\":\"newline imotion printed knee tights\"},{\"@type\":\"BreadcrumbList\",\"@id\":\"https:\/\/www.miomiorun.com\/de\/produkt\/newline-imotion-printed-knee-tights-damen\/#breadcrumb\",\"itemListElement\":[{\"@type\":\"ListItem\",\"position\":1,\"name\":\"Home\",\"item\":\"https:\/\/www.miomiorun.com\/de\/\"},{\"@type\":\"ListItem\",\"position\":2,\"name\":\"Shop\",\"item\":\"https:\/\/www.miomiorun.com\/shop\/\"},{\"@type\":\"ListItem\",\"position\":3,\"name\":\"Imotion Printed Knee Tights damen\"}]},{\"@type\":\"WebSite\",\"@id\":\"https:\/\/www.miomiorun.com\/de\/#website\",\"url\":\"https:\/\/www.miomiorun.com\/de\/\",\"name\":\"MioMioRun\",\"description\":\"100% Lauf- und Trailshop\",\"publisher\":{\"@id\":\"https:\/\/www.miomiorun.com\/de\/#organization\"},\"potentialAction\":[{\"@type\":\"SearchAction\",\"target\":{\"@type\":\"EntryPoint\",\"urlTemplate\":\"https:\/\/www.miomiorun.com\/de\/?s={search_term_string}\"},\"query-input\":{\"@type\":\"PropertyValueSpecification\",\"valueRequired\":true,\"valueName\":\"search_term_string\"}}],\"inLanguage\":\"de-DE\"},{\"@type\":\"Organization\",\"@id\":\"https:\/\/www.miomiorun.com\/de\/#organization\",\"name\":\"MioMio Run\",\"url\":\"https:\/\/www.miomiorun.com\/de\/\",\"logo\":{\"@type\":\"ImageObject\",\"inLanguage\":\"de-DE\",\"@id\":\"https:\/\/www.miomiorun.com\/de\/#\/schema\/logo\/image\/\",\"url\":\"https:\/\/www.miomiorun.com\/app\/uploads\/2019\/12\/logomio.png\",\"contentUrl\":\"https:\/\/www.miomiorun.com\/app\/uploads\/2019\/12\/logomio.png\",\"width\":115,\"height\":82,\"caption\":\"MioMio Run\"},\"image\":{\"@id\":\"https:\/\/www.miomiorun.com\/de\/#\/schema\/logo\/image\/\"},\"sameAs\":[\"https:\/\/www.facebook.com\/miomiorun\/\",\"https:\/\/www.instagram.com\/miomiorun\/\"]}]}<\/script>\n<!-- \/ Yoast SEO plugin. -->","yoast_head_json":{"title":"Imotion Printed Knee Tights damen - Lange Hosen - MioMioRun","description":"Die Imotion Printed Knee Tights f\u00fcr Damen sind atmungsaktive Kniestr\u00fcmpfe mit einem grafischen Sublimationsdruck. Entdecken Sie sie auf unserer Website","robots":{"index":"index","follow":"follow","max-snippet":"max-snippet:-1","max-image-preview":"max-image-preview:large","max-video-preview":"max-video-preview:-1"},"canonical":"https:\/\/www.miomiorun.com\/de\/produkt\/newline-imotion-printed-knee-tights-damen\/","og_locale":"de_DE","og_type":"article","og_title":"Imotion Printed Knee Tights damen - Lange Hosen - MioMioRun","og_description":"Die Imotion Printed Knee Tights f\u00fcr Damen sind atmungsaktive Kniestr\u00fcmpfe mit einem grafischen Sublimationsdruck. Entdecken Sie sie auf unserer Website","og_url":"https:\/\/www.miomiorun.com\/de\/produkt\/newline-imotion-printed-knee-tights-damen\/","og_site_name":"MioMioRun","article_publisher":"https:\/\/www.facebook.com\/miomiorun\/","article_modified_time":"2026-05-08T18:59:08+00:00","og_image":[{"width":600,"height":600,"url":"https:\/\/www.miomiorun.com\/app\/uploads\/2021\/07\/newline-1-Imotion-printed-knee-tights-70283-435.jpg","type":"image\/jpeg"}],"twitter_card":"summary_large_image","schema":{"@context":"https:\/\/schema.org","@graph":[{"@type":"WebPage","@id":"https:\/\/www.miomiorun.com\/de\/produkt\/newline-imotion-printed-knee-tights-damen\/","url":"https:\/\/www.miomiorun.com\/de\/produkt\/newline-imotion-printed-knee-tights-damen\/","name":"Imotion Printed Knee Tights damen - Lange Hosen - MioMioRun","isPartOf":{"@id":"https:\/\/www.miomiorun.com\/de\/#website"},"primaryImageOfPage":{"@id":"https:\/\/www.miomiorun.com\/de\/produkt\/newline-imotion-printed-knee-tights-damen\/#primaryimage"},"image":{"@id":"https:\/\/www.miomiorun.com\/de\/produkt\/newline-imotion-printed-knee-tights-damen\/#primaryimage"},"thumbnailUrl":"https:\/\/www.miomiorun.com\/app\/uploads\/2021\/07\/newline-1-Imotion-printed-knee-tights-70283-435.jpg","datePublished":"2021-07-22T09:44:58+00:00","dateModified":"2026-05-08T18:59:08+00:00","description":"Die Imotion Printed Knee Tights f\u00fcr Damen sind atmungsaktive Kniestr\u00fcmpfe mit einem grafischen Sublimationsdruck. Entdecken Sie sie auf unserer Website","breadcrumb":{"@id":"https:\/\/www.miomiorun.com\/de\/produkt\/newline-imotion-printed-knee-tights-damen\/#breadcrumb"},"inLanguage":"de-DE","potentialAction":[{"@type":"ReadAction","target":["https:\/\/www.miomiorun.com\/de\/produkt\/newline-imotion-printed-knee-tights-damen\/"]}]},{"@type":"ImageObject","inLanguage":"de-DE","@id":"https:\/\/www.miomiorun.com\/de\/produkt\/newline-imotion-printed-knee-tights-damen\/#primaryimage","url":"https:\/\/www.miomiorun.com\/app\/uploads\/2021\/07\/newline-1-Imotion-printed-knee-tights-70283-435.jpg","contentUrl":"https:\/\/www.miomiorun.com\/app\/uploads\/2021\/07\/newline-1-Imotion-printed-knee-tights-70283-435.jpg","width":600,"height":600,"caption":"newline imotion printed knee tights"},{"@type":"BreadcrumbList","@id":"https:\/\/www.miomiorun.com\/de\/produkt\/newline-imotion-printed-knee-tights-damen\/#breadcrumb","itemListElement":[{"@type":"ListItem","position":1,"name":"Home","item":"https:\/\/www.miomiorun.com\/de\/"},{"@type":"ListItem","position":2,"name":"Shop","item":"https:\/\/www.miomiorun.com\/shop\/"},{"@type":"ListItem","position":3,"name":"Imotion Printed Knee Tights damen"}]},{"@type":"WebSite","@id":"https:\/\/www.miomiorun.com\/de\/#website","url":"https:\/\/www.miomiorun.com\/de\/","name":"MioMioRun","description":"100% Lauf- und Trailshop","publisher":{"@id":"https:\/\/www.miomiorun.com\/de\/#organization"},"potentialAction":[{"@type":"SearchAction","target":{"@type":"EntryPoint","urlTemplate":"https:\/\/www.miomiorun.com\/de\/?s={search_term_string}"},"query-input":{"@type":"PropertyValueSpecification","valueRequired":true,"valueName":"search_term_string"}}],"inLanguage":"de-DE"},{"@type":"Organization","@id":"https:\/\/www.miomiorun.com\/de\/#organization","name":"MioMio Run","url":"https:\/\/www.miomiorun.com\/de\/","logo":{"@type":"ImageObject","inLanguage":"de-DE","@id":"https:\/\/www.miomiorun.com\/de\/#\/schema\/logo\/image\/","url":"https:\/\/www.miomiorun.com\/app\/uploads\/2019\/12\/logomio.png","contentUrl":"https:\/\/www.miomiorun.com\/app\/uploads\/2019\/12\/logomio.png","width":115,"height":82,"caption":"MioMio Run"},"image":{"@id":"https:\/\/www.miomiorun.com\/de\/#\/schema\/logo\/image\/"},"sameAs":["https:\/\/www.facebook.com\/miomiorun\/","https:\/\/www.instagram.com\/miomiorun\/"]}]}},"_links":{"self":[{"href":"https:\/\/www.miomiorun.com\/de\/wp-json\/wp\/v2\/product\/171031","targetHints":{"allow":["GET"]}}],"collection":[{"href":"https:\/\/www.miomiorun.com\/de\/wp-json\/wp\/v2\/product"}],"about":[{"href":"https:\/\/www.miomiorun.com\/de\/wp-json\/wp\/v2\/types\/product"}],"wp:featuredmedia":[{"embeddable":true,"href":"https:\/\/www.miomiorun.com\/de\/wp-json\/wp\/v2\/media\/56815"}],"wp:attachment":[{"href":"https:\/\/www.miomiorun.com\/de\/wp-json\/wp\/v2\/media?parent=171031"}],"wp:term":[{"taxonomy":"product_brand","embeddable":true,"href":"https:\/\/www.miomiorun.com\/de\/wp-json\/wp\/v2\/product_brand?post=171031"},{"taxonomy":"product_cat","embeddable":true,"href":"https:\/\/www.miomiorun.com\/de\/wp-json\/wp\/v2\/product_cat?post=171031"},{"taxonomy":"product_tag","embeddable":true,"href":"https:\/\/www.miomiorun.com\/de\/wp-json\/wp\/v2\/product_tag?post=171031"}],"curies":[{"name":"wp","href":"https:\/\/api.w.org\/{rel}","templated":true}]}}