{"id":171026,"date":"2021-07-24T11:43:03","date_gmt":"2021-07-24T09:43:03","guid":{"rendered":"https:\/\/miomiorun.com\/prodotto\/newline-imotion-soft-shorts-donna\/"},"modified":"2026-05-08T21:04:15","modified_gmt":"2026-05-08T19:04:15","slug":"newline-imotion-soft-shorts-damen","status":"publish","type":"product","link":"https:\/\/www.miomiorun.com\/de\/produkt\/newline-imotion-soft-shorts-damen\/","title":{"rendered":"Imotion Soft Shorts damen"},"content":{"rendered":"<p><span id=\"Anthem_ctl00_ContentRegion_ctl04_descriptionLabel__\"><span id=\"ctl00_ContentRegion_ctl04_descriptionLabel\" class=\"text\">Die Newline Imotion Soft Shorts f\u00fcr Damen ist eine sehr leichte Shorts. <\/span><\/span><\/p>\n<p><span id=\"Anthem_ctl00_ContentRegion_ctl04_descriptionLabel__\"><span id=\"ctl00_ContentRegion_ctl04_descriptionLabel\" class=\"text\">Eine<\/span><\/span><span id=\"Anthem_ctl00_ContentRegion_ctl04_descriptionLabel__\"><span id=\"ctl00_ContentRegion_ctl04_descriptionLabel\" class=\"text\">Jute sorgt f\u00fcr die richtige Mischung aus Frische und Atmungsaktivit\u00e4t und verhindert \u00fcberm\u00e4\u00dfiges Schwitzen. Elastischer Bund mit Kordelzug. Die Shorts sind f\u00fcr den Sommer und mildere Temperaturen konzipiert.<\/span><\/span><\/p>\n<p>Au\u00dfenmaterial der Shorts 100% Polyester<\/p>\n<h3>Eigenschaften<\/h3>\n<ul>\n<li>Federleicht.<\/li>\n<li>Atmungsaktiver Stoff.<\/li>\n<li>Elastischer Taillengummi.<\/li>\n<li>Anti-Scheuerschutz.<\/li>\n<\/ul>\n","protected":false},"excerpt":{"rendered":"<p>Die Newline Imotion Soft Shorts f\u00fcr Damen ist eine sehr leichte Shorts. EineJute sorgt f\u00fcr die richtige Mischung aus Frische und Atmungsaktivit\u00e4t und verhindert \u00fcberm\u00e4\u00dfiges Schwitzen. Elastischer Bund mit Kordelzug. Die Shorts sind f\u00fcr den Sommer und mildere Temperaturen konzipiert. Au\u00dfenmaterial der Shorts 100% Polyester Eigenschaften Federleicht. Atmungsaktiver Stoff. Elastischer Taillengummi. Anti-Scheuerschutz.<\/p>\n","protected":false},"featured_media":56859,"template":"","meta":{"_acf_changed":false,"inline_featured_image":false},"product_brand":[],"product_cat":[6495,6494,6539],"product_tag":[3385,6268],"class_list":{"0":"post-171026","1":"product","2":"type-product","3":"status-publish","4":"has-post-thumbnail","6":"product_cat-sale-damen-de","7":"product_cat-sale-damen-bekleidung-de","8":"product_cat-sale-damen-shorts-de","9":"product_tag-newline-de","10":"product_tag-newline-damen-de","11":"pa_attivita-running-de","12":"pa_marca-newline-de","13":"pa_sesso-damen","14":"pa_size-extra-small-de","15":"pa_size-medium-de","17":"first","18":"instock","19":"sale","20":"taxable","21":"shipping-taxable","22":"purchasable","23":"product-type-variable","24":"wvs-archive-product-wrapper"},"acf":[],"yoast_head":"<!-- This site is optimized with the Yoast SEO plugin v26.8 - https:\/\/yoast.com\/product\/yoast-seo-wordpress\/ -->\n<title>Imotion Soft Shorts damen - Shorts f\u00fcr Damen - MioMioRun<\/title>\n<meta name=\"description\" content=\"Die Newline Imotion Soft Shorts f\u00fcr Damen ist eine sehr leichte Shorts. Kommen Sie und entdecken Sie sie im Gesch\u00e4ft oder auf unserer Website\" \/>\n<meta name=\"robots\" content=\"index, follow, max-snippet:-1, max-image-preview:large, max-video-preview:-1\" \/>\n<link rel=\"canonical\" href=\"https:\/\/www.miomiorun.com\/de\/produkt\/newline-imotion-soft-shorts-damen\/\" \/>\n<meta property=\"og:locale\" content=\"de_DE\" \/>\n<meta property=\"og:type\" content=\"article\" \/>\n<meta property=\"og:title\" content=\"Imotion Soft Shorts damen - Shorts f\u00fcr Damen - MioMioRun\" \/>\n<meta property=\"og:description\" content=\"Die Newline Imotion Soft Shorts f\u00fcr Damen ist eine sehr leichte Shorts. Kommen Sie und entdecken Sie sie im Gesch\u00e4ft oder auf unserer Website\" \/>\n<meta property=\"og:url\" content=\"https:\/\/www.miomiorun.com\/de\/produkt\/newline-imotion-soft-shorts-damen\/\" \/>\n<meta property=\"og:site_name\" content=\"MioMioRun\" \/>\n<meta property=\"article:publisher\" content=\"https:\/\/www.facebook.com\/miomiorun\/\" \/>\n<meta property=\"article:modified_time\" content=\"2026-05-08T19:04:15+00:00\" \/>\n<meta property=\"og:image\" content=\"https:\/\/www.miomiorun.com\/app\/uploads\/2021\/07\/newline-Imotion-soft-shorts-70270-060.jpg\" \/>\n\t<meta property=\"og:image:width\" content=\"600\" \/>\n\t<meta property=\"og:image:height\" content=\"600\" \/>\n\t<meta property=\"og:image:type\" content=\"image\/jpeg\" \/>\n<meta name=\"twitter:card\" content=\"summary_large_image\" \/>\n<script type=\"application\/ld+json\" class=\"yoast-schema-graph\">{\"@context\":\"https:\/\/schema.org\",\"@graph\":[{\"@type\":\"WebPage\",\"@id\":\"https:\/\/www.miomiorun.com\/de\/produkt\/newline-imotion-soft-shorts-damen\/\",\"url\":\"https:\/\/www.miomiorun.com\/de\/produkt\/newline-imotion-soft-shorts-damen\/\",\"name\":\"Imotion Soft Shorts damen - Shorts f\u00fcr Damen - MioMioRun\",\"isPartOf\":{\"@id\":\"https:\/\/www.miomiorun.com\/de\/#website\"},\"primaryImageOfPage\":{\"@id\":\"https:\/\/www.miomiorun.com\/de\/produkt\/newline-imotion-soft-shorts-damen\/#primaryimage\"},\"image\":{\"@id\":\"https:\/\/www.miomiorun.com\/de\/produkt\/newline-imotion-soft-shorts-damen\/#primaryimage\"},\"thumbnailUrl\":\"https:\/\/www.miomiorun.com\/app\/uploads\/2021\/07\/newline-Imotion-soft-shorts-70270-060.jpg\",\"datePublished\":\"2021-07-24T09:43:03+00:00\",\"dateModified\":\"2026-05-08T19:04:15+00:00\",\"description\":\"Die Newline Imotion Soft Shorts f\u00fcr Damen ist eine sehr leichte Shorts. Kommen Sie und entdecken Sie sie im Gesch\u00e4ft oder auf unserer Website\",\"breadcrumb\":{\"@id\":\"https:\/\/www.miomiorun.com\/de\/produkt\/newline-imotion-soft-shorts-damen\/#breadcrumb\"},\"inLanguage\":\"de-DE\",\"potentialAction\":[{\"@type\":\"ReadAction\",\"target\":[\"https:\/\/www.miomiorun.com\/de\/produkt\/newline-imotion-soft-shorts-damen\/\"]}]},{\"@type\":\"ImageObject\",\"inLanguage\":\"de-DE\",\"@id\":\"https:\/\/www.miomiorun.com\/de\/produkt\/newline-imotion-soft-shorts-damen\/#primaryimage\",\"url\":\"https:\/\/www.miomiorun.com\/app\/uploads\/2021\/07\/newline-Imotion-soft-shorts-70270-060.jpg\",\"contentUrl\":\"https:\/\/www.miomiorun.com\/app\/uploads\/2021\/07\/newline-Imotion-soft-shorts-70270-060.jpg\",\"width\":600,\"height\":600,\"caption\":\"newline imotion soft short\"},{\"@type\":\"BreadcrumbList\",\"@id\":\"https:\/\/www.miomiorun.com\/de\/produkt\/newline-imotion-soft-shorts-damen\/#breadcrumb\",\"itemListElement\":[{\"@type\":\"ListItem\",\"position\":1,\"name\":\"Home\",\"item\":\"https:\/\/www.miomiorun.com\/de\/\"},{\"@type\":\"ListItem\",\"position\":2,\"name\":\"Shop\",\"item\":\"https:\/\/www.miomiorun.com\/shop\/\"},{\"@type\":\"ListItem\",\"position\":3,\"name\":\"Imotion Soft Shorts damen\"}]},{\"@type\":\"WebSite\",\"@id\":\"https:\/\/www.miomiorun.com\/de\/#website\",\"url\":\"https:\/\/www.miomiorun.com\/de\/\",\"name\":\"MioMioRun\",\"description\":\"100% Lauf- und Trailshop\",\"publisher\":{\"@id\":\"https:\/\/www.miomiorun.com\/de\/#organization\"},\"potentialAction\":[{\"@type\":\"SearchAction\",\"target\":{\"@type\":\"EntryPoint\",\"urlTemplate\":\"https:\/\/www.miomiorun.com\/de\/?s={search_term_string}\"},\"query-input\":{\"@type\":\"PropertyValueSpecification\",\"valueRequired\":true,\"valueName\":\"search_term_string\"}}],\"inLanguage\":\"de-DE\"},{\"@type\":\"Organization\",\"@id\":\"https:\/\/www.miomiorun.com\/de\/#organization\",\"name\":\"MioMio Run\",\"url\":\"https:\/\/www.miomiorun.com\/de\/\",\"logo\":{\"@type\":\"ImageObject\",\"inLanguage\":\"de-DE\",\"@id\":\"https:\/\/www.miomiorun.com\/de\/#\/schema\/logo\/image\/\",\"url\":\"https:\/\/www.miomiorun.com\/app\/uploads\/2019\/12\/logomio.png\",\"contentUrl\":\"https:\/\/www.miomiorun.com\/app\/uploads\/2019\/12\/logomio.png\",\"width\":115,\"height\":82,\"caption\":\"MioMio Run\"},\"image\":{\"@id\":\"https:\/\/www.miomiorun.com\/de\/#\/schema\/logo\/image\/\"},\"sameAs\":[\"https:\/\/www.facebook.com\/miomiorun\/\",\"https:\/\/www.instagram.com\/miomiorun\/\"]}]}<\/script>\n<!-- \/ Yoast SEO plugin. -->","yoast_head_json":{"title":"Imotion Soft Shorts damen - Shorts f\u00fcr Damen - MioMioRun","description":"Die Newline Imotion Soft Shorts f\u00fcr Damen ist eine sehr leichte Shorts. Kommen Sie und entdecken Sie sie im Gesch\u00e4ft oder auf unserer Website","robots":{"index":"index","follow":"follow","max-snippet":"max-snippet:-1","max-image-preview":"max-image-preview:large","max-video-preview":"max-video-preview:-1"},"canonical":"https:\/\/www.miomiorun.com\/de\/produkt\/newline-imotion-soft-shorts-damen\/","og_locale":"de_DE","og_type":"article","og_title":"Imotion Soft Shorts damen - Shorts f\u00fcr Damen - MioMioRun","og_description":"Die Newline Imotion Soft Shorts f\u00fcr Damen ist eine sehr leichte Shorts. Kommen Sie und entdecken Sie sie im Gesch\u00e4ft oder auf unserer Website","og_url":"https:\/\/www.miomiorun.com\/de\/produkt\/newline-imotion-soft-shorts-damen\/","og_site_name":"MioMioRun","article_publisher":"https:\/\/www.facebook.com\/miomiorun\/","article_modified_time":"2026-05-08T19:04:15+00:00","og_image":[{"width":600,"height":600,"url":"https:\/\/www.miomiorun.com\/app\/uploads\/2021\/07\/newline-Imotion-soft-shorts-70270-060.jpg","type":"image\/jpeg"}],"twitter_card":"summary_large_image","schema":{"@context":"https:\/\/schema.org","@graph":[{"@type":"WebPage","@id":"https:\/\/www.miomiorun.com\/de\/produkt\/newline-imotion-soft-shorts-damen\/","url":"https:\/\/www.miomiorun.com\/de\/produkt\/newline-imotion-soft-shorts-damen\/","name":"Imotion Soft Shorts damen - Shorts f\u00fcr Damen - MioMioRun","isPartOf":{"@id":"https:\/\/www.miomiorun.com\/de\/#website"},"primaryImageOfPage":{"@id":"https:\/\/www.miomiorun.com\/de\/produkt\/newline-imotion-soft-shorts-damen\/#primaryimage"},"image":{"@id":"https:\/\/www.miomiorun.com\/de\/produkt\/newline-imotion-soft-shorts-damen\/#primaryimage"},"thumbnailUrl":"https:\/\/www.miomiorun.com\/app\/uploads\/2021\/07\/newline-Imotion-soft-shorts-70270-060.jpg","datePublished":"2021-07-24T09:43:03+00:00","dateModified":"2026-05-08T19:04:15+00:00","description":"Die Newline Imotion Soft Shorts f\u00fcr Damen ist eine sehr leichte Shorts. Kommen Sie und entdecken Sie sie im Gesch\u00e4ft oder auf unserer Website","breadcrumb":{"@id":"https:\/\/www.miomiorun.com\/de\/produkt\/newline-imotion-soft-shorts-damen\/#breadcrumb"},"inLanguage":"de-DE","potentialAction":[{"@type":"ReadAction","target":["https:\/\/www.miomiorun.com\/de\/produkt\/newline-imotion-soft-shorts-damen\/"]}]},{"@type":"ImageObject","inLanguage":"de-DE","@id":"https:\/\/www.miomiorun.com\/de\/produkt\/newline-imotion-soft-shorts-damen\/#primaryimage","url":"https:\/\/www.miomiorun.com\/app\/uploads\/2021\/07\/newline-Imotion-soft-shorts-70270-060.jpg","contentUrl":"https:\/\/www.miomiorun.com\/app\/uploads\/2021\/07\/newline-Imotion-soft-shorts-70270-060.jpg","width":600,"height":600,"caption":"newline imotion soft short"},{"@type":"BreadcrumbList","@id":"https:\/\/www.miomiorun.com\/de\/produkt\/newline-imotion-soft-shorts-damen\/#breadcrumb","itemListElement":[{"@type":"ListItem","position":1,"name":"Home","item":"https:\/\/www.miomiorun.com\/de\/"},{"@type":"ListItem","position":2,"name":"Shop","item":"https:\/\/www.miomiorun.com\/shop\/"},{"@type":"ListItem","position":3,"name":"Imotion Soft Shorts damen"}]},{"@type":"WebSite","@id":"https:\/\/www.miomiorun.com\/de\/#website","url":"https:\/\/www.miomiorun.com\/de\/","name":"MioMioRun","description":"100% Lauf- und Trailshop","publisher":{"@id":"https:\/\/www.miomiorun.com\/de\/#organization"},"potentialAction":[{"@type":"SearchAction","target":{"@type":"EntryPoint","urlTemplate":"https:\/\/www.miomiorun.com\/de\/?s={search_term_string}"},"query-input":{"@type":"PropertyValueSpecification","valueRequired":true,"valueName":"search_term_string"}}],"inLanguage":"de-DE"},{"@type":"Organization","@id":"https:\/\/www.miomiorun.com\/de\/#organization","name":"MioMio Run","url":"https:\/\/www.miomiorun.com\/de\/","logo":{"@type":"ImageObject","inLanguage":"de-DE","@id":"https:\/\/www.miomiorun.com\/de\/#\/schema\/logo\/image\/","url":"https:\/\/www.miomiorun.com\/app\/uploads\/2019\/12\/logomio.png","contentUrl":"https:\/\/www.miomiorun.com\/app\/uploads\/2019\/12\/logomio.png","width":115,"height":82,"caption":"MioMio Run"},"image":{"@id":"https:\/\/www.miomiorun.com\/de\/#\/schema\/logo\/image\/"},"sameAs":["https:\/\/www.facebook.com\/miomiorun\/","https:\/\/www.instagram.com\/miomiorun\/"]}]}},"_links":{"self":[{"href":"https:\/\/www.miomiorun.com\/de\/wp-json\/wp\/v2\/product\/171026","targetHints":{"allow":["GET"]}}],"collection":[{"href":"https:\/\/www.miomiorun.com\/de\/wp-json\/wp\/v2\/product"}],"about":[{"href":"https:\/\/www.miomiorun.com\/de\/wp-json\/wp\/v2\/types\/product"}],"wp:featuredmedia":[{"embeddable":true,"href":"https:\/\/www.miomiorun.com\/de\/wp-json\/wp\/v2\/media\/56859"}],"wp:attachment":[{"href":"https:\/\/www.miomiorun.com\/de\/wp-json\/wp\/v2\/media?parent=171026"}],"wp:term":[{"taxonomy":"product_brand","embeddable":true,"href":"https:\/\/www.miomiorun.com\/de\/wp-json\/wp\/v2\/product_brand?post=171026"},{"taxonomy":"product_cat","embeddable":true,"href":"https:\/\/www.miomiorun.com\/de\/wp-json\/wp\/v2\/product_cat?post=171026"},{"taxonomy":"product_tag","embeddable":true,"href":"https:\/\/www.miomiorun.com\/de\/wp-json\/wp\/v2\/product_tag?post=171026"}],"curies":[{"name":"wp","href":"https:\/\/api.w.org\/{rel}","templated":true}]}}