{"id":171015,"date":"2021-07-31T10:29:23","date_gmt":"2021-07-31T08:29:23","guid":{"rendered":"https:\/\/miomiorun.com\/prodotto\/newline-iconic-power-knee-tights-donna\/"},"modified":"2025-02-21T11:35:58","modified_gmt":"2025-02-21T10:35:58","slug":"newline-iconic-power-knee-tights-damen","status":"publish","type":"product","link":"https:\/\/www.miomiorun.com\/de\/produkt\/newline-iconic-power-knee-tights-damen\/","title":{"rendered":"Iconic Power Knee Tights damen"},"content":{"rendered":"<p>Die Newline <strong>Iconic Power Knee Tights<\/strong> f\u00fcr Damen sind eng anliegend und aus leichtem und dehnbarem, muskelunterst\u00fctzendem Material gefertigt. Die Hose verf\u00fcgt \u00fcber ein Gewebe, das der anatomischen Kontur folgt, \u00fcber atmungsaktive Bereiche, die \u00fcbersch\u00fcssige W\u00e4rme ableiten, und eine Ges\u00e4\u00dftasche mit Rei\u00dfverschluss f\u00fcr maximale Funktionalit\u00e4t und optimalen Komfort.<\/p>\n<h3>Eigenschaften:<\/h3>\n<ul>\n<li>Flatlock-N\u00e4hte f\u00fcr eine sehr bequeme Passform.<\/li>\n<li>Ideal f\u00fcr Sommer und Fr\u00fchling.<\/li>\n<li>Material: 90% Polyamid \/ 10% Elastan<\/li>\n<li>Schwei\u00dfreduzierung.<\/li>\n<li>Muskelunterst\u00fctzendes Stretch-Material.<\/li>\n<li>Anatomisch geformte Eins\u00e4tze.<\/li>\n<li>Ges\u00e4\u00dftasche mit Rei\u00dfverschluss.<\/li>\n<li>Reflektierendes Logo.<\/li>\n<li>Flatlock-N\u00e4hte.<\/li>\n<\/ul>\n","protected":false},"excerpt":{"rendered":"<p>Die Newline Iconic Power Knee Tights f\u00fcr Damen sind eng anliegend und aus leichtem und dehnbarem, muskelunterst\u00fctzendem Material gefertigt. Die Hose verf\u00fcgt \u00fcber ein Gewebe, das der anatomischen Kontur folgt, \u00fcber atmungsaktive Bereiche, die \u00fcbersch\u00fcssige W\u00e4rme ableiten, und eine Ges\u00e4\u00dftasche mit Rei\u00dfverschluss f\u00fcr maximale Funktionalit\u00e4t und optimalen Komfort. Eigenschaften: Flatlock-N\u00e4hte f\u00fcr eine sehr bequeme Passform. &hellip; <a href=\"https:\/\/www.miomiorun.com\/de\/produkt\/newline-iconic-power-knee-tights-damen\/\">Continued<\/a><\/p>\n","protected":false},"featured_media":57315,"template":"","meta":{"_acf_changed":false,"inline_featured_image":false},"product_brand":[],"product_cat":[6495,6494,6539],"product_tag":[3385,6268],"class_list":{"0":"post-171015","1":"product","2":"type-product","3":"status-publish","4":"has-post-thumbnail","6":"product_cat-sale-damen-de","7":"product_cat-sale-damen-bekleidung-de","8":"product_cat-sale-damen-shorts-de","9":"product_tag-newline-de","10":"product_tag-newline-damen-de","11":"pa_attivita-gehen","12":"pa_attivita-running-de","13":"pa_colore-iconic-power-knee-tights-10437-063-de","14":"pa_marca-newline-de","15":"pa_sesso-damen","16":"pa_size-medium-de","18":"first","19":"instock","20":"sale","21":"taxable","22":"shipping-taxable","23":"purchasable","24":"product-type-variable","25":"wvs-archive-product-wrapper"},"acf":[],"yoast_head":"<!-- This site is optimized with the Yoast SEO plugin v26.8 - https:\/\/yoast.com\/product\/yoast-seo-wordpress\/ -->\n<title>Iconic Power Knee Tights damen - 3\/4 lange Hosen - MioMioRun<\/title>\n<meta name=\"description\" content=\"Die Newline Iconic Power Knee Tights f\u00fcr Damen sind eng anliegend und aus leichtem, elastischem, muskelunterst\u00fctzendem Material gefertigt.\" \/>\n<meta name=\"robots\" content=\"index, follow, max-snippet:-1, max-image-preview:large, max-video-preview:-1\" \/>\n<link rel=\"canonical\" href=\"https:\/\/www.miomiorun.com\/de\/produkt\/newline-iconic-power-knee-tights-damen\/\" \/>\n<meta property=\"og:locale\" content=\"de_DE\" \/>\n<meta property=\"og:type\" content=\"article\" \/>\n<meta property=\"og:title\" content=\"Iconic Power Knee Tights damen - 3\/4 lange Hosen - MioMioRun\" \/>\n<meta property=\"og:description\" content=\"Die Newline Iconic Power Knee Tights f\u00fcr Damen sind eng anliegend und aus leichtem, elastischem, muskelunterst\u00fctzendem Material gefertigt.\" \/>\n<meta property=\"og:url\" content=\"https:\/\/www.miomiorun.com\/de\/produkt\/newline-iconic-power-knee-tights-damen\/\" \/>\n<meta property=\"og:site_name\" content=\"MioMioRun\" \/>\n<meta property=\"article:publisher\" content=\"https:\/\/www.facebook.com\/miomiorun\/\" \/>\n<meta property=\"article:modified_time\" content=\"2025-02-21T10:35:58+00:00\" \/>\n<meta property=\"og:image\" content=\"https:\/\/www.miomiorun.com\/app\/uploads\/2021\/08\/newline-Iconic-Power-Knee-Tights-10437-063.jpg\" \/>\n\t<meta property=\"og:image:width\" content=\"600\" \/>\n\t<meta property=\"og:image:height\" content=\"600\" \/>\n\t<meta property=\"og:image:type\" content=\"image\/jpeg\" \/>\n<meta name=\"twitter:card\" content=\"summary_large_image\" \/>\n<script type=\"application\/ld+json\" class=\"yoast-schema-graph\">{\"@context\":\"https:\/\/schema.org\",\"@graph\":[{\"@type\":\"WebPage\",\"@id\":\"https:\/\/www.miomiorun.com\/de\/produkt\/newline-iconic-power-knee-tights-damen\/\",\"url\":\"https:\/\/www.miomiorun.com\/de\/produkt\/newline-iconic-power-knee-tights-damen\/\",\"name\":\"Iconic Power Knee Tights damen - 3\/4 lange Hosen - MioMioRun\",\"isPartOf\":{\"@id\":\"https:\/\/www.miomiorun.com\/de\/#website\"},\"primaryImageOfPage\":{\"@id\":\"https:\/\/www.miomiorun.com\/de\/produkt\/newline-iconic-power-knee-tights-damen\/#primaryimage\"},\"image\":{\"@id\":\"https:\/\/www.miomiorun.com\/de\/produkt\/newline-iconic-power-knee-tights-damen\/#primaryimage\"},\"thumbnailUrl\":\"https:\/\/www.miomiorun.com\/app\/uploads\/2021\/08\/newline-Iconic-Power-Knee-Tights-10437-063.jpg\",\"datePublished\":\"2021-07-31T08:29:23+00:00\",\"dateModified\":\"2025-02-21T10:35:58+00:00\",\"description\":\"Die Newline Iconic Power Knee Tights f\u00fcr Damen sind eng anliegend und aus leichtem, elastischem, muskelunterst\u00fctzendem Material gefertigt.\",\"breadcrumb\":{\"@id\":\"https:\/\/www.miomiorun.com\/de\/produkt\/newline-iconic-power-knee-tights-damen\/#breadcrumb\"},\"inLanguage\":\"de-DE\",\"potentialAction\":[{\"@type\":\"ReadAction\",\"target\":[\"https:\/\/www.miomiorun.com\/de\/produkt\/newline-iconic-power-knee-tights-damen\/\"]}]},{\"@type\":\"ImageObject\",\"inLanguage\":\"de-DE\",\"@id\":\"https:\/\/www.miomiorun.com\/de\/produkt\/newline-iconic-power-knee-tights-damen\/#primaryimage\",\"url\":\"https:\/\/www.miomiorun.com\/app\/uploads\/2021\/08\/newline-Iconic-Power-Knee-Tights-10437-063.jpg\",\"contentUrl\":\"https:\/\/www.miomiorun.com\/app\/uploads\/2021\/08\/newline-Iconic-Power-Knee-Tights-10437-063.jpg\",\"width\":600,\"height\":600,\"caption\":\"newline iconic power knee tights\"},{\"@type\":\"BreadcrumbList\",\"@id\":\"https:\/\/www.miomiorun.com\/de\/produkt\/newline-iconic-power-knee-tights-damen\/#breadcrumb\",\"itemListElement\":[{\"@type\":\"ListItem\",\"position\":1,\"name\":\"Home\",\"item\":\"https:\/\/www.miomiorun.com\/de\/\"},{\"@type\":\"ListItem\",\"position\":2,\"name\":\"Shop\",\"item\":\"https:\/\/www.miomiorun.com\/shop\/\"},{\"@type\":\"ListItem\",\"position\":3,\"name\":\"Iconic Power Knee Tights damen\"}]},{\"@type\":\"WebSite\",\"@id\":\"https:\/\/www.miomiorun.com\/de\/#website\",\"url\":\"https:\/\/www.miomiorun.com\/de\/\",\"name\":\"MioMioRun\",\"description\":\"100% Lauf- und Trailshop\",\"publisher\":{\"@id\":\"https:\/\/www.miomiorun.com\/de\/#organization\"},\"potentialAction\":[{\"@type\":\"SearchAction\",\"target\":{\"@type\":\"EntryPoint\",\"urlTemplate\":\"https:\/\/www.miomiorun.com\/de\/?s={search_term_string}\"},\"query-input\":{\"@type\":\"PropertyValueSpecification\",\"valueRequired\":true,\"valueName\":\"search_term_string\"}}],\"inLanguage\":\"de-DE\"},{\"@type\":\"Organization\",\"@id\":\"https:\/\/www.miomiorun.com\/de\/#organization\",\"name\":\"MioMio Run\",\"url\":\"https:\/\/www.miomiorun.com\/de\/\",\"logo\":{\"@type\":\"ImageObject\",\"inLanguage\":\"de-DE\",\"@id\":\"https:\/\/www.miomiorun.com\/de\/#\/schema\/logo\/image\/\",\"url\":\"https:\/\/www.miomiorun.com\/app\/uploads\/2019\/12\/logomio.png\",\"contentUrl\":\"https:\/\/www.miomiorun.com\/app\/uploads\/2019\/12\/logomio.png\",\"width\":115,\"height\":82,\"caption\":\"MioMio Run\"},\"image\":{\"@id\":\"https:\/\/www.miomiorun.com\/de\/#\/schema\/logo\/image\/\"},\"sameAs\":[\"https:\/\/www.facebook.com\/miomiorun\/\",\"https:\/\/www.instagram.com\/miomiorun\/\"]}]}<\/script>\n<!-- \/ Yoast SEO plugin. -->","yoast_head_json":{"title":"Iconic Power Knee Tights damen - 3\/4 lange Hosen - MioMioRun","description":"Die Newline Iconic Power Knee Tights f\u00fcr Damen sind eng anliegend und aus leichtem, elastischem, muskelunterst\u00fctzendem Material gefertigt.","robots":{"index":"index","follow":"follow","max-snippet":"max-snippet:-1","max-image-preview":"max-image-preview:large","max-video-preview":"max-video-preview:-1"},"canonical":"https:\/\/www.miomiorun.com\/de\/produkt\/newline-iconic-power-knee-tights-damen\/","og_locale":"de_DE","og_type":"article","og_title":"Iconic Power Knee Tights damen - 3\/4 lange Hosen - MioMioRun","og_description":"Die Newline Iconic Power Knee Tights f\u00fcr Damen sind eng anliegend und aus leichtem, elastischem, muskelunterst\u00fctzendem Material gefertigt.","og_url":"https:\/\/www.miomiorun.com\/de\/produkt\/newline-iconic-power-knee-tights-damen\/","og_site_name":"MioMioRun","article_publisher":"https:\/\/www.facebook.com\/miomiorun\/","article_modified_time":"2025-02-21T10:35:58+00:00","og_image":[{"width":600,"height":600,"url":"https:\/\/www.miomiorun.com\/app\/uploads\/2021\/08\/newline-Iconic-Power-Knee-Tights-10437-063.jpg","type":"image\/jpeg"}],"twitter_card":"summary_large_image","schema":{"@context":"https:\/\/schema.org","@graph":[{"@type":"WebPage","@id":"https:\/\/www.miomiorun.com\/de\/produkt\/newline-iconic-power-knee-tights-damen\/","url":"https:\/\/www.miomiorun.com\/de\/produkt\/newline-iconic-power-knee-tights-damen\/","name":"Iconic Power Knee Tights damen - 3\/4 lange Hosen - MioMioRun","isPartOf":{"@id":"https:\/\/www.miomiorun.com\/de\/#website"},"primaryImageOfPage":{"@id":"https:\/\/www.miomiorun.com\/de\/produkt\/newline-iconic-power-knee-tights-damen\/#primaryimage"},"image":{"@id":"https:\/\/www.miomiorun.com\/de\/produkt\/newline-iconic-power-knee-tights-damen\/#primaryimage"},"thumbnailUrl":"https:\/\/www.miomiorun.com\/app\/uploads\/2021\/08\/newline-Iconic-Power-Knee-Tights-10437-063.jpg","datePublished":"2021-07-31T08:29:23+00:00","dateModified":"2025-02-21T10:35:58+00:00","description":"Die Newline Iconic Power Knee Tights f\u00fcr Damen sind eng anliegend und aus leichtem, elastischem, muskelunterst\u00fctzendem Material gefertigt.","breadcrumb":{"@id":"https:\/\/www.miomiorun.com\/de\/produkt\/newline-iconic-power-knee-tights-damen\/#breadcrumb"},"inLanguage":"de-DE","potentialAction":[{"@type":"ReadAction","target":["https:\/\/www.miomiorun.com\/de\/produkt\/newline-iconic-power-knee-tights-damen\/"]}]},{"@type":"ImageObject","inLanguage":"de-DE","@id":"https:\/\/www.miomiorun.com\/de\/produkt\/newline-iconic-power-knee-tights-damen\/#primaryimage","url":"https:\/\/www.miomiorun.com\/app\/uploads\/2021\/08\/newline-Iconic-Power-Knee-Tights-10437-063.jpg","contentUrl":"https:\/\/www.miomiorun.com\/app\/uploads\/2021\/08\/newline-Iconic-Power-Knee-Tights-10437-063.jpg","width":600,"height":600,"caption":"newline iconic power knee tights"},{"@type":"BreadcrumbList","@id":"https:\/\/www.miomiorun.com\/de\/produkt\/newline-iconic-power-knee-tights-damen\/#breadcrumb","itemListElement":[{"@type":"ListItem","position":1,"name":"Home","item":"https:\/\/www.miomiorun.com\/de\/"},{"@type":"ListItem","position":2,"name":"Shop","item":"https:\/\/www.miomiorun.com\/shop\/"},{"@type":"ListItem","position":3,"name":"Iconic Power Knee Tights damen"}]},{"@type":"WebSite","@id":"https:\/\/www.miomiorun.com\/de\/#website","url":"https:\/\/www.miomiorun.com\/de\/","name":"MioMioRun","description":"100% Lauf- und Trailshop","publisher":{"@id":"https:\/\/www.miomiorun.com\/de\/#organization"},"potentialAction":[{"@type":"SearchAction","target":{"@type":"EntryPoint","urlTemplate":"https:\/\/www.miomiorun.com\/de\/?s={search_term_string}"},"query-input":{"@type":"PropertyValueSpecification","valueRequired":true,"valueName":"search_term_string"}}],"inLanguage":"de-DE"},{"@type":"Organization","@id":"https:\/\/www.miomiorun.com\/de\/#organization","name":"MioMio Run","url":"https:\/\/www.miomiorun.com\/de\/","logo":{"@type":"ImageObject","inLanguage":"de-DE","@id":"https:\/\/www.miomiorun.com\/de\/#\/schema\/logo\/image\/","url":"https:\/\/www.miomiorun.com\/app\/uploads\/2019\/12\/logomio.png","contentUrl":"https:\/\/www.miomiorun.com\/app\/uploads\/2019\/12\/logomio.png","width":115,"height":82,"caption":"MioMio Run"},"image":{"@id":"https:\/\/www.miomiorun.com\/de\/#\/schema\/logo\/image\/"},"sameAs":["https:\/\/www.facebook.com\/miomiorun\/","https:\/\/www.instagram.com\/miomiorun\/"]}]}},"_links":{"self":[{"href":"https:\/\/www.miomiorun.com\/de\/wp-json\/wp\/v2\/product\/171015","targetHints":{"allow":["GET"]}}],"collection":[{"href":"https:\/\/www.miomiorun.com\/de\/wp-json\/wp\/v2\/product"}],"about":[{"href":"https:\/\/www.miomiorun.com\/de\/wp-json\/wp\/v2\/types\/product"}],"wp:featuredmedia":[{"embeddable":true,"href":"https:\/\/www.miomiorun.com\/de\/wp-json\/wp\/v2\/media\/57315"}],"wp:attachment":[{"href":"https:\/\/www.miomiorun.com\/de\/wp-json\/wp\/v2\/media?parent=171015"}],"wp:term":[{"taxonomy":"product_brand","embeddable":true,"href":"https:\/\/www.miomiorun.com\/de\/wp-json\/wp\/v2\/product_brand?post=171015"},{"taxonomy":"product_cat","embeddable":true,"href":"https:\/\/www.miomiorun.com\/de\/wp-json\/wp\/v2\/product_cat?post=171015"},{"taxonomy":"product_tag","embeddable":true,"href":"https:\/\/www.miomiorun.com\/de\/wp-json\/wp\/v2\/product_tag?post=171015"}],"curies":[{"name":"wp","href":"https:\/\/api.w.org\/{rel}","templated":true}]}}