{"id":170940,"date":"2021-04-20T11:27:04","date_gmt":"2021-04-20T09:27:04","guid":{"rendered":"https:\/\/miomiorun.com\/prodotto\/lurbel-zeus-pro\/"},"modified":"2025-02-26T10:27:12","modified_gmt":"2025-02-26T09:27:12","slug":"lurbel-zeus-pro","status":"publish","type":"product","link":"https:\/\/www.miomiorun.com\/de\/produkt\/lurbel-zeus-pro\/","title":{"rendered":"Zeus Pro"},"content":{"rendered":"<div class=\"col-md-10\">\n<ul>\n<li>\n<div class=\"prod-listado container\">\n<div class=\"gral\">\n<div class=\"col-xs-10\">\n<p>Unisex-Kurzarm-T-Shirt, das speziell f\u00fcr leistungsstarke Bergl\u00e4ufer entwickelt wurde. Entwickelt mit der iDT Neo-Technologie, die sich durch ihre vielf\u00e4ltigen Eigenschaften auszeichnet: hohe thermoregulierende Leistung, schnelle Feuchtigkeitsaufnahme und -trocknung. Au\u00dferdem verhindert sie dank ihrer hohen antibakteriellen Wirkung das Auftreten von unangenehmen Ger\u00fcchen.<\/p>\n<p>Mit 8 cm langem Rei\u00dfverschluss. Ausgestattet mit zwei symmetrischen Seitentaschen und einer zentralen Ges\u00e4\u00dftasche mit zwei F\u00e4chern und Klettsicherheitsverschluss. Das Kleidungsst\u00fcck ist ohne Randn\u00e4hte und mit flachen N\u00e4hten konstruiert, um absoluten Komfort zu gew\u00e4hrleisten. Dank des bidirektionalen Websystems passt es sich jederzeit den nat\u00fcrlichen Bewegungen des L\u00e4ufers an. Second-Skin-Effekt dank des Slim-Fit-Musters, das jederzeit die gew\u00fcnschten Vorteile garantiert.Empfohlen: Running, Trail Running<\/p>\n<\/div>\n<\/div>\n<div class=\"comp\">\n<div class=\"col-md-10\">\n<p><strong>ZUSAMMENSETZUNG<\/strong>: 73% iDT Neo, 22% Polyamid ion, 5% Lycra<\/p>\n<\/div>\n<\/div>\n<div class=\"peso\">\n<div class=\"col-md-10\">\n<p><strong>GEWICHT<\/strong>: 169 g (Gewicht entspricht der Gr\u00f6\u00dfe M)<\/p>\n<\/div>\n<\/div>\n<p><img decoding=\"async\" src=\"https:\/\/www.lurbel.es\/images\/tecnologias2\/logos\/184x54_logoIDTneo.png\" alt=\"iDT Neo\" \/><\/p>\n<div class=\"col-md-10\">\n<p>Wenn es um den Komfort des Sportlers geht, ist das Feuchtigkeitsmanagement das A und O. Deshalb kombiniert die neue Version der iDT-Technologie jetzt karbonisiertes Bambusgarn mit einem Polyester mit Querschnitt. Dank seiner f\u00fcnf Kan\u00e4le erh\u00f6ht seine Struktur die Menge an Schwei\u00df, die nach au\u00dfen abgeleitet wird, und trocknet ihn schneller, so dass Ihr K\u00f6rper eine optimale Temperatur beh\u00e4lt. Schluss mit schwerer, nasser Kleidung und dem klebrigen Gef\u00fchl, Schwei\u00df auf der Haut zu tragen!<\/p>\n<p><strong>Optimierte Eigenschaften:<\/strong><\/p>\n<ul>\n<li>Ma\u00dfgeschneiderte Thermoregulierung: transportiert mehr Feuchtigkeit nach au\u00dfen und trocknet schneller.<\/li>\n<li>Doppelte Geruchsbarriere: Ionisierter Bambusfaden und Silbergewebe verhindern gemeinsam die Vermehrung geruchsverursachender Bakterien.<\/li>\n<li>Thermische Isolierung<\/li>\n<li>Schutzfaktor UPF 50+.<\/li>\n<\/ul>\n<p><strong>Jetzt machen auch die Details einen Unterschied:<\/strong><\/p>\n<ul>\n<li>Weicherer, nat\u00fcrlicherer Griff: Dank seiner Zickzack-Struktur l\u00e4sst es sich dank der speziellen 5-Kanal-Form leicht falten und dehnen (diese Eigenschaft wird als weichere, flauschigere Textur wahrgenommen).<\/li>\n<li>Lebendigere Farben: Die gr\u00f6\u00dfere Oberfl\u00e4che des neuen Polyestergarns erm\u00f6glicht eine bessere Absorption von Farbstoffen, wodurch die Farbe des Kleidungsst\u00fccks verst\u00e4rkt wird.<\/li>\n<li>B\u00fcgeleffekt: Unabh\u00e4ngig von Ihren Bewegungen erholt sich das iDT neo-Gewebe sanft von seiner Struktur, sobald Sie keinen Druck mehr aus\u00fcben.<\/li>\n<li><b>Die anspruchsvollen Feel Cool Kleidungsst\u00fccke sind f\u00fcr den Einsatz bei hohen Temperaturen konzipiert.<\/b>Ihre intelligente Ergonomie zeichnet sich durch Zonen erh\u00f6hter Atmungsaktivit\u00e4t an den Stellen aus, an denen man am meisten schwitzt, w\u00e4hrend die druckfreien Anpassungszonen und die flachen N\u00e4hte f\u00fcr grenzenlosen Sitz und Komfort sorgen. Bakterizide Eigenschaften, geruchsneutral und maximale Atmungsaktivit\u00e4t. Sehr spezifischer Einsatz bei Sportarten mit hohen Temperaturen.<img decoding=\"async\" class=\"iconoExigencia\" src=\"https:\/\/www.lurbel.es\/images\/exigencias\/icon-plusD.png\" \/> (High Density) Dichtere Struktur und gr\u00f6\u00dfere Dicke. Breiterer thermischer Einsatzbereich (k\u00e4ltere Bedingungen).\n<div class=\"main-tabs main\">\n<div class=\"mt-panes\">\n<div id=\"mt-pane4\" class=\"mt-pane col-xs-12\">\n<ul class=\"prop col-xs-12 nopadding\">\n<li class=\"prop col-xs-12 col-md-3\"><img decoding=\"async\" title=\"ADATTABILIT\u00c0\" src=\"https:\/\/www.lurbel.es\/images\/propiedades\/adaptabilidad.png\" alt=\"ADATTABILIT\u00c0\" \/><br \/>\n<h4>ADAPTABILITY<\/h4>\n<p>Passt sich der K\u00f6rperoberfl\u00e4che an.<\/li>\n<li class=\"prop col-xs-12 col-md-3\"><img decoding=\"async\" title=\"ALTE PRESTAZIONI\" src=\"https:\/\/www.lurbel.es\/images\/propiedades\/alto-rendimiento.png\" alt=\"ALTE PRESTAZIONI\" \/><br \/>\n<h4>HIGH PERFORMANCE<\/h4>\n<p>F\u00fcr Extremsituationen konzipiert.<\/li>\n<li class=\"prop col-xs-12 col-md-3\"><img decoding=\"async\" title=\"ANTI RUGHE\" src=\"https:\/\/www.lurbel.es\/images\/propiedades\/antiarrugas.png\" alt=\"ANTI RUGHE\" \/><br \/>\n<h4>ANTI-WRINKLES<\/h4>\n<p>Spezielles Gewebe, das Falten beim Falten verhindert.<\/li>\n<li class=\"prop col-xs-12 col-md-3\"><img decoding=\"async\" title=\"ANTIBATTERI\" src=\"https:\/\/www.lurbel.es\/images\/propiedades\/antibacterias.png\" alt=\"ANTIBATTERI\" \/><br \/>\n<h4>ANTIBACTERI<\/h4>\n<p>Verhindert das Eindringen oder die Entstehung von Mikroben.<\/li>\n<li class=\"prop col-xs-12 col-md-3\"><img decoding=\"async\" title=\"ERGONOMICO\" src=\"https:\/\/www.lurbel.es\/images\/propiedades\/ergonomico.png\" alt=\"ERGONOMICO\" \/><br \/>\n<h4>ERGONOMIC<\/h4>\n<p>Kopf mit differenzierter ergonomischer Struktur f\u00fcr den linken und rechten Fu\u00df.<\/li>\n<li class=\"prop col-xs-12 col-md-3\"><img decoding=\"async\" title=\"RINFORZATI\" src=\"https:\/\/www.lurbel.es\/images\/propiedades\/reforzado.png\" alt=\"RINFORZATI\" \/><br \/>\n<h4>VERST\u00c4RKT<\/h4>\n<p>Verst\u00e4rkungen in den Bereichen der gr\u00f6\u00dften Reibung, um mehr Komfort und Haltbarkeit des Kleidungsst\u00fccks zu bieten.<\/li>\n<li class=\"prop col-xs-12 col-md-3\"><img decoding=\"async\" title=\"SENZA PUNTI\" src=\"https:\/\/www.lurbel.es\/images\/propiedades\/sin-costuras.png\" alt=\"SENZA PUNTI\" \/><br \/>\n<h4>POINT-FREE<\/h4>\n<p>Punkt-zu-Punkt-Verschluss verhindert Reibung<\/li>\n<li class=\"prop col-xs-12 col-md-3\"><img decoding=\"async\" title=\"Tessuto bidirezionale\" src=\"https:\/\/www.lurbel.es\/images\/propiedades\/tejido%20bidireccional_2-01.png\" alt=\"Tessuto bidirezionale\" \/><br \/>\n<h4>BIDIRECTIONAL<\/h4>\n<p>FABRICZwei-Wege-Gewebestruktur, Bewegungsfreiheit.<\/li>\n<li class=\"prop col-xs-12 col-md-3\"><img decoding=\"async\" title=\"Traspirante\" src=\"https:\/\/www.lurbel.es\/images\/propiedades\/transpirable.png\" alt=\"Traspirante\" \/><br \/>\n<h4>LUFTF\u00dcHREND<\/h4>\n<p>Der Stoff \u00f6ffnet sich an bestimmten Stellen f\u00fcr eine bessere Bel\u00fcftung der Haut.<\/li>\n<li class=\"prop col-xs-12 col-md-3\"><img decoding=\"async\" title=\"UNISEX\" src=\"https:\/\/www.lurbel.es\/images\/propiedades\/unisex.png\" alt=\"UNISEX\" \/><br \/>\n<h4>UNISEX<\/h4>\n<p>&nbsp;<\/li>\n<li class=\"prop col-xs-12 col-md-3\"><img decoding=\"async\" title=\"Protezione UV UPF 50+\" src=\"https:\/\/www.lurbel.es\/images\/propiedades\/UPF+50_41X43-01-01.png\" alt=\"Protezione UV UPF 50+\" \/><br \/>\n<h4>UV-SCHUTZ UPF 50+<\/h4>\n<p>Sch\u00fctzen Sie Ihre Haut vor den Sonnenstrahlen<\/li>\n<p>.<\/ul>\n<\/div>\n<\/div>\n<\/div>\n<div class=\"prod-listado container\"><\/div>\n<\/li>\n<\/ul>\n<\/div>\n<\/div>\n<\/li>\n<\/ul>\n<\/div>\n","protected":false},"excerpt":{"rendered":"<p>Unisex-Kurzarm-T-Shirt, das speziell f\u00fcr leistungsstarke Bergl\u00e4ufer entwickelt wurde. Entwickelt mit der iDT Neo-Technologie, die sich durch ihre vielf\u00e4ltigen Eigenschaften auszeichnet: hohe thermoregulierende Leistung, schnelle Feuchtigkeitsaufnahme und -trocknung. Au\u00dferdem verhindert sie dank ihrer hohen antibakteriellen Wirkung das Auftreten von unangenehmen Ger\u00fcchen. Mit 8 cm langem Rei\u00dfverschluss. Ausgestattet mit zwei symmetrischen Seitentaschen und einer zentralen Ges\u00e4\u00dftasche mit &hellip; <a href=\"https:\/\/www.miomiorun.com\/de\/produkt\/lurbel-zeus-pro\/\">Continued<\/a><\/p>\n","protected":false},"featured_media":55261,"template":"","meta":{"_acf_changed":false,"inline_featured_image":false},"product_brand":[],"product_cat":[6528,6520,6494,6502],"product_tag":[6300,6299,6275],"class_list":{"0":"post-170940","1":"product","2":"type-product","3":"status-publish","4":"has-post-thumbnail","6":"product_cat-sale-bekleidung-herren-de","7":"product_cat-sale-t-shirt-herren-de","8":"product_cat-sale-damen-bekleidung-de","9":"product_cat-sale-t-shirt-damen-de","10":"product_tag-lurbel-de","11":"product_tag-lurbel-damen-de","12":"product_tag-lurbel-herren-de","13":"pa_attivita-running-de","14":"pa_attivita-trail-de","15":"pa_colore-zeus-pro-nero-rosso-de","16":"pa_marca-lurbel-de","17":"pa_sesso-damen","18":"pa_sesso-herren","19":"pa_size-extra-small-de","20":"pa_size-large-de","21":"pa_size-extra-large-de","23":"first","24":"instock","25":"sale","26":"taxable","27":"shipping-taxable","28":"purchasable","29":"product-type-variable","30":"wvs-archive-product-wrapper"},"acf":[],"yoast_head":"<!-- This site is optimized with the Yoast SEO plugin v26.8 - https:\/\/yoast.com\/product\/yoast-seo-wordpress\/ -->\n<title>Lurbel Zeus Pro - Lauf-T-Shirt - MioMioRun<\/title>\n<meta name=\"description\" content=\"Unisex-Kurzarm-T-Shirt speziell f\u00fcr leistungsstarke Bergl\u00e4ufer, entwickelt mit der iDT Neo-Technologie. Mehr Informationen auf unserer Website\" \/>\n<meta name=\"robots\" content=\"index, follow, max-snippet:-1, max-image-preview:large, max-video-preview:-1\" \/>\n<link rel=\"canonical\" href=\"https:\/\/www.miomiorun.com\/de\/produkt\/lurbel-zeus-pro\/\" \/>\n<meta property=\"og:locale\" content=\"de_DE\" \/>\n<meta property=\"og:type\" content=\"article\" \/>\n<meta property=\"og:title\" content=\"Lurbel Zeus Pro - Lauf-T-Shirt - MioMioRun\" \/>\n<meta property=\"og:description\" content=\"Unisex-Kurzarm-T-Shirt speziell f\u00fcr leistungsstarke Bergl\u00e4ufer, entwickelt mit der iDT Neo-Technologie. Mehr Informationen auf unserer Website\" \/>\n<meta property=\"og:url\" content=\"https:\/\/www.miomiorun.com\/de\/produkt\/lurbel-zeus-pro\/\" \/>\n<meta property=\"og:site_name\" content=\"MioMioRun\" \/>\n<meta property=\"article:publisher\" content=\"https:\/\/www.facebook.com\/miomiorun\/\" \/>\n<meta property=\"article:modified_time\" content=\"2025-02-26T09:27:12+00:00\" \/>\n<meta property=\"og:image\" content=\"https:\/\/www.miomiorun.com\/app\/uploads\/2021\/04\/lurbel-zeus-pro-00A2.815U.0005.jpg\" \/>\n\t<meta property=\"og:image:width\" content=\"600\" \/>\n\t<meta property=\"og:image:height\" content=\"600\" \/>\n\t<meta property=\"og:image:type\" content=\"image\/jpeg\" \/>\n<meta name=\"twitter:card\" content=\"summary_large_image\" \/>\n<meta name=\"twitter:label1\" content=\"Est. reading time\" \/>\n\t<meta name=\"twitter:data1\" content=\"3 minutes\" \/>\n<script type=\"application\/ld+json\" class=\"yoast-schema-graph\">{\"@context\":\"https:\/\/schema.org\",\"@graph\":[{\"@type\":\"WebPage\",\"@id\":\"https:\/\/www.miomiorun.com\/de\/produkt\/lurbel-zeus-pro\/\",\"url\":\"https:\/\/www.miomiorun.com\/de\/produkt\/lurbel-zeus-pro\/\",\"name\":\"Lurbel Zeus Pro - Lauf-T-Shirt - MioMioRun\",\"isPartOf\":{\"@id\":\"https:\/\/www.miomiorun.com\/de\/#website\"},\"primaryImageOfPage\":{\"@id\":\"https:\/\/www.miomiorun.com\/de\/produkt\/lurbel-zeus-pro\/#primaryimage\"},\"image\":{\"@id\":\"https:\/\/www.miomiorun.com\/de\/produkt\/lurbel-zeus-pro\/#primaryimage\"},\"thumbnailUrl\":\"https:\/\/www.miomiorun.com\/app\/uploads\/2021\/04\/lurbel-zeus-pro-00A2.815U.0005.jpg\",\"datePublished\":\"2021-04-20T09:27:04+00:00\",\"dateModified\":\"2025-02-26T09:27:12+00:00\",\"description\":\"Unisex-Kurzarm-T-Shirt speziell f\u00fcr leistungsstarke Bergl\u00e4ufer, entwickelt mit der iDT Neo-Technologie. Mehr Informationen auf unserer Website\",\"breadcrumb\":{\"@id\":\"https:\/\/www.miomiorun.com\/de\/produkt\/lurbel-zeus-pro\/#breadcrumb\"},\"inLanguage\":\"de-DE\",\"potentialAction\":[{\"@type\":\"ReadAction\",\"target\":[\"https:\/\/www.miomiorun.com\/de\/produkt\/lurbel-zeus-pro\/\"]}]},{\"@type\":\"ImageObject\",\"inLanguage\":\"de-DE\",\"@id\":\"https:\/\/www.miomiorun.com\/de\/produkt\/lurbel-zeus-pro\/#primaryimage\",\"url\":\"https:\/\/www.miomiorun.com\/app\/uploads\/2021\/04\/lurbel-zeus-pro-00A2.815U.0005.jpg\",\"contentUrl\":\"https:\/\/www.miomiorun.com\/app\/uploads\/2021\/04\/lurbel-zeus-pro-00A2.815U.0005.jpg\",\"width\":600,\"height\":600,\"caption\":\"lurbel zeus pro\"},{\"@type\":\"BreadcrumbList\",\"@id\":\"https:\/\/www.miomiorun.com\/de\/produkt\/lurbel-zeus-pro\/#breadcrumb\",\"itemListElement\":[{\"@type\":\"ListItem\",\"position\":1,\"name\":\"Home\",\"item\":\"https:\/\/www.miomiorun.com\/de\/\"},{\"@type\":\"ListItem\",\"position\":2,\"name\":\"Shop\",\"item\":\"https:\/\/www.miomiorun.com\/shop\/\"},{\"@type\":\"ListItem\",\"position\":3,\"name\":\"Zeus Pro\"}]},{\"@type\":\"WebSite\",\"@id\":\"https:\/\/www.miomiorun.com\/de\/#website\",\"url\":\"https:\/\/www.miomiorun.com\/de\/\",\"name\":\"MioMioRun\",\"description\":\"100% Lauf- und Trailshop\",\"publisher\":{\"@id\":\"https:\/\/www.miomiorun.com\/de\/#organization\"},\"potentialAction\":[{\"@type\":\"SearchAction\",\"target\":{\"@type\":\"EntryPoint\",\"urlTemplate\":\"https:\/\/www.miomiorun.com\/de\/?s={search_term_string}\"},\"query-input\":{\"@type\":\"PropertyValueSpecification\",\"valueRequired\":true,\"valueName\":\"search_term_string\"}}],\"inLanguage\":\"de-DE\"},{\"@type\":\"Organization\",\"@id\":\"https:\/\/www.miomiorun.com\/de\/#organization\",\"name\":\"MioMio Run\",\"url\":\"https:\/\/www.miomiorun.com\/de\/\",\"logo\":{\"@type\":\"ImageObject\",\"inLanguage\":\"de-DE\",\"@id\":\"https:\/\/www.miomiorun.com\/de\/#\/schema\/logo\/image\/\",\"url\":\"https:\/\/www.miomiorun.com\/app\/uploads\/2019\/12\/logomio.png\",\"contentUrl\":\"https:\/\/www.miomiorun.com\/app\/uploads\/2019\/12\/logomio.png\",\"width\":115,\"height\":82,\"caption\":\"MioMio Run\"},\"image\":{\"@id\":\"https:\/\/www.miomiorun.com\/de\/#\/schema\/logo\/image\/\"},\"sameAs\":[\"https:\/\/www.facebook.com\/miomiorun\/\",\"https:\/\/www.instagram.com\/miomiorun\/\"]}]}<\/script>\n<!-- \/ Yoast SEO plugin. -->","yoast_head_json":{"title":"Lurbel Zeus Pro - Lauf-T-Shirt - MioMioRun","description":"Unisex-Kurzarm-T-Shirt speziell f\u00fcr leistungsstarke Bergl\u00e4ufer, entwickelt mit der iDT Neo-Technologie. Mehr Informationen auf unserer Website","robots":{"index":"index","follow":"follow","max-snippet":"max-snippet:-1","max-image-preview":"max-image-preview:large","max-video-preview":"max-video-preview:-1"},"canonical":"https:\/\/www.miomiorun.com\/de\/produkt\/lurbel-zeus-pro\/","og_locale":"de_DE","og_type":"article","og_title":"Lurbel Zeus Pro - Lauf-T-Shirt - MioMioRun","og_description":"Unisex-Kurzarm-T-Shirt speziell f\u00fcr leistungsstarke Bergl\u00e4ufer, entwickelt mit der iDT Neo-Technologie. Mehr Informationen auf unserer Website","og_url":"https:\/\/www.miomiorun.com\/de\/produkt\/lurbel-zeus-pro\/","og_site_name":"MioMioRun","article_publisher":"https:\/\/www.facebook.com\/miomiorun\/","article_modified_time":"2025-02-26T09:27:12+00:00","og_image":[{"width":600,"height":600,"url":"https:\/\/www.miomiorun.com\/app\/uploads\/2021\/04\/lurbel-zeus-pro-00A2.815U.0005.jpg","type":"image\/jpeg"}],"twitter_card":"summary_large_image","twitter_misc":{"Est. reading time":"3 minutes"},"schema":{"@context":"https:\/\/schema.org","@graph":[{"@type":"WebPage","@id":"https:\/\/www.miomiorun.com\/de\/produkt\/lurbel-zeus-pro\/","url":"https:\/\/www.miomiorun.com\/de\/produkt\/lurbel-zeus-pro\/","name":"Lurbel Zeus Pro - Lauf-T-Shirt - MioMioRun","isPartOf":{"@id":"https:\/\/www.miomiorun.com\/de\/#website"},"primaryImageOfPage":{"@id":"https:\/\/www.miomiorun.com\/de\/produkt\/lurbel-zeus-pro\/#primaryimage"},"image":{"@id":"https:\/\/www.miomiorun.com\/de\/produkt\/lurbel-zeus-pro\/#primaryimage"},"thumbnailUrl":"https:\/\/www.miomiorun.com\/app\/uploads\/2021\/04\/lurbel-zeus-pro-00A2.815U.0005.jpg","datePublished":"2021-04-20T09:27:04+00:00","dateModified":"2025-02-26T09:27:12+00:00","description":"Unisex-Kurzarm-T-Shirt speziell f\u00fcr leistungsstarke Bergl\u00e4ufer, entwickelt mit der iDT Neo-Technologie. Mehr Informationen auf unserer Website","breadcrumb":{"@id":"https:\/\/www.miomiorun.com\/de\/produkt\/lurbel-zeus-pro\/#breadcrumb"},"inLanguage":"de-DE","potentialAction":[{"@type":"ReadAction","target":["https:\/\/www.miomiorun.com\/de\/produkt\/lurbel-zeus-pro\/"]}]},{"@type":"ImageObject","inLanguage":"de-DE","@id":"https:\/\/www.miomiorun.com\/de\/produkt\/lurbel-zeus-pro\/#primaryimage","url":"https:\/\/www.miomiorun.com\/app\/uploads\/2021\/04\/lurbel-zeus-pro-00A2.815U.0005.jpg","contentUrl":"https:\/\/www.miomiorun.com\/app\/uploads\/2021\/04\/lurbel-zeus-pro-00A2.815U.0005.jpg","width":600,"height":600,"caption":"lurbel zeus pro"},{"@type":"BreadcrumbList","@id":"https:\/\/www.miomiorun.com\/de\/produkt\/lurbel-zeus-pro\/#breadcrumb","itemListElement":[{"@type":"ListItem","position":1,"name":"Home","item":"https:\/\/www.miomiorun.com\/de\/"},{"@type":"ListItem","position":2,"name":"Shop","item":"https:\/\/www.miomiorun.com\/shop\/"},{"@type":"ListItem","position":3,"name":"Zeus Pro"}]},{"@type":"WebSite","@id":"https:\/\/www.miomiorun.com\/de\/#website","url":"https:\/\/www.miomiorun.com\/de\/","name":"MioMioRun","description":"100% Lauf- und Trailshop","publisher":{"@id":"https:\/\/www.miomiorun.com\/de\/#organization"},"potentialAction":[{"@type":"SearchAction","target":{"@type":"EntryPoint","urlTemplate":"https:\/\/www.miomiorun.com\/de\/?s={search_term_string}"},"query-input":{"@type":"PropertyValueSpecification","valueRequired":true,"valueName":"search_term_string"}}],"inLanguage":"de-DE"},{"@type":"Organization","@id":"https:\/\/www.miomiorun.com\/de\/#organization","name":"MioMio Run","url":"https:\/\/www.miomiorun.com\/de\/","logo":{"@type":"ImageObject","inLanguage":"de-DE","@id":"https:\/\/www.miomiorun.com\/de\/#\/schema\/logo\/image\/","url":"https:\/\/www.miomiorun.com\/app\/uploads\/2019\/12\/logomio.png","contentUrl":"https:\/\/www.miomiorun.com\/app\/uploads\/2019\/12\/logomio.png","width":115,"height":82,"caption":"MioMio Run"},"image":{"@id":"https:\/\/www.miomiorun.com\/de\/#\/schema\/logo\/image\/"},"sameAs":["https:\/\/www.facebook.com\/miomiorun\/","https:\/\/www.instagram.com\/miomiorun\/"]}]}},"_links":{"self":[{"href":"https:\/\/www.miomiorun.com\/de\/wp-json\/wp\/v2\/product\/170940","targetHints":{"allow":["GET"]}}],"collection":[{"href":"https:\/\/www.miomiorun.com\/de\/wp-json\/wp\/v2\/product"}],"about":[{"href":"https:\/\/www.miomiorun.com\/de\/wp-json\/wp\/v2\/types\/product"}],"wp:featuredmedia":[{"embeddable":true,"href":"https:\/\/www.miomiorun.com\/de\/wp-json\/wp\/v2\/media\/55261"}],"wp:attachment":[{"href":"https:\/\/www.miomiorun.com\/de\/wp-json\/wp\/v2\/media?parent=170940"}],"wp:term":[{"taxonomy":"product_brand","embeddable":true,"href":"https:\/\/www.miomiorun.com\/de\/wp-json\/wp\/v2\/product_brand?post=170940"},{"taxonomy":"product_cat","embeddable":true,"href":"https:\/\/www.miomiorun.com\/de\/wp-json\/wp\/v2\/product_cat?post=170940"},{"taxonomy":"product_tag","embeddable":true,"href":"https:\/\/www.miomiorun.com\/de\/wp-json\/wp\/v2\/product_tag?post=170940"}],"curies":[{"name":"wp","href":"https:\/\/api.w.org\/{rel}","templated":true}]}}