{"id":170934,"date":"2021-06-01T19:19:36","date_gmt":"2021-06-01T17:19:36","guid":{"rendered":"https:\/\/miomiorun.com\/prodotto\/compressport-trail-postural-ss-top-donna\/"},"modified":"2025-02-19T10:40:15","modified_gmt":"2025-02-19T09:40:15","slug":"compressport-trail-postural-ss-top-damen","status":"publish","type":"product","link":"https:\/\/www.miomiorun.com\/de\/produkt\/compressport-trail-postural-ss-top-damen\/","title":{"rendered":"Trail Postural SS Top damen"},"content":{"rendered":"<p>Das neue<strong> Trail Postural SS Top<\/strong> f\u00fcr Frauen ist auf Leistung ausgelegt.<\/p>\n<p>Die<strong> Ergo Fit Passform<\/strong> ist so konzipiert, dass sie wie eine zweite Haut sitzt. Die <strong>Spin Control<\/strong> Technologie hilft, die Schultern gerade und den Oberk\u00f6rper gut eingestellt zu halten. Das weiche, nahtlose <strong>Mikrofasergewebe<\/strong> sorgt daf\u00fcr, dass es an allen empfindlichen Stellen nicht zu Irritationen kommt und leitet den Schwei\u00df schnell ab.<\/p>\n<p>Optimierte <strong>Thermoregulation<\/strong> und <strong>W\u00e4rmeschutz<\/strong> halten Sie warm, wenn es kalt ist, und k\u00fchl, wenn es nicht kalt ist. Der h\u00f6here Kragen erh\u00f6ht den Komfort und den Schutz bei pl\u00f6tzlichen Wetterumschw\u00fcngen, w\u00e4hrend ein durchgehender Rei\u00dfverschluss f\u00fcr bessere Bel\u00fcftung ge\u00f6ffnet werden kann.<\/p>\n<p>Das neu gestaltete \u00c4rmeldesign gibt die Schulterpartie frei und erm\u00f6glicht weitreichende Bewegungen. Dank des umlaufenden <strong>Freebelt<\/strong> mit 4 F\u00e4chern k\u00f6nnen Sie Ihre Laufutensilien leicht transportieren.<\/p>\n<p>Sein dehnbarer Stoff erm\u00f6glicht eine modulare Kapazit\u00e4t und der Zugang ist dank der leicht zu greifenden Laschen sehr einfach: kein stundenlanges Suchen mehr nach deinen Energie-Gels! Der G\u00fcrtel h\u00e4lt die enthaltenen Objekte an Ort und Stelle und verhindert, dass sie zur\u00fcckspringen, wie von unseren Profis best\u00e4tigt, und verhindert, dass das Shirt beim Laufen hochrutscht. Der Stoff ist aus gef\u00e4rbten Fasern hergestellt, was zu einer besseren Haltbarkeit und weniger Transparenz f\u00fchrt.<\/p>\n<section class=\"product-additional-info pt-4 pb-4\">\n<div class=\"d-flex mt-5 pt-4 pb-md-4 pb-3 text-center box-additional-info align-items-center flex-wrap\">\n<div class=\"col-lg-3 col-md-6 col-12 data-sheet\">\n<h2>Nettogewicht des Produkts<\/h2>\n<p>107.00 g<\/p>\n<\/div>\n<div class=\"data-sheet col-lg-3 col-md-6 col-12 feature_1\">\n<h2>Zusammensetzungen<\/h2>\n<p>92%PA 8%EA<\/p>\n<\/div>\n<div class=\"col-lg-3 col-md-6 col-12 data-sheet\">\n<h2>Wasch- und Pflegeanleitung<\/h2>\n<p><img decoding=\"async\" class=\"img-fluid\" src=\"https:\/\/www.compressport.com\/img\/cms\/icons\/picto_wash.png\" \/><\/p>\n<\/div>\n<\/div>\n<\/section>\n<div><\/div>\n<h2>Technologien<\/h2>\n<div>\n<div id=\"techno_255\" class=\"col-lg-4 col-12 collapse show\" data-bck-image=\"https:\/\/www.compressport.com\/it\/img\/feature_values\/2_255.png\" data-parent=\"#feat_table_10\">\n<h3>Ergo-Passform<\/h3>\n<p>Perfekte Passform, maximale Effizienz und Komfort (kein Wundscheuern).<\/p>\n<div id=\"techno_266\" class=\"col-lg-4 col-12 collapse show\" data-bck-image=\"https:\/\/www.compressport.com\/it\/img\/feature_values\/2_266.png\" data-parent=\"#feat_table_10\">\n<h3>Nahtlos<\/h3>\n<p>Nahtlos und ohne Gummizug dr\u00fccken sie nicht auf die Wade (kein Tourniquet-Effekt) und entlasten den Kn\u00f6chel.<\/p>\n<div id=\"techno_295\" class=\"col-lg-4 col-12 collapse show\" data-bck-image=\"https:\/\/www.compressport.com\/it\/img\/feature_values\/2_295.png\" data-parent=\"#feat_table_10\">\n<h3>Spin-Kontrolle<\/h3>\n<p>Dieser leichte Kompressionsbereich ist direkt in den Stoff eingearbeitet, um eine korrekte K\u00f6rperpositionierung bei lang andauernder Anstrengung zu gew\u00e4hrleisten und die Schultern auszurichten. Dies erh\u00f6ht die Atemkapazit\u00e4t und verbessert die Sauerstoffversorgung w\u00e4hrend und nach der Anstrengung, was die Erholung erleichtert.<\/p>\n<div id=\"techno_309\" class=\"col-lg-4 col-12 collapse show\" data-bck-image=\"\" data-parent=\"#feat_table_10\">\n<h3>Ultraleicht<\/h3>\n<p>Speichert kein Wasser und bleibt unter allen Bedingungen leicht.<\/p>\n<div id=\"techno_322\" class=\"col-lg-4 col-12 collapse show\" data-bck-image=\"https:\/\/www.compressport.com\/it\/img\/feature_values\/2_322.png\" data-parent=\"#feat_table_10\">\n<h3>Auto-Block-Rei\u00dfverschluss<\/h3>\n<p>Der Rei\u00dfverschlussschutz verhindert jegliche Irritation. Das automatische Rei\u00dfverschlusssystem bewegt sich w\u00e4hrend des Laufs nicht und bleibt perfekt an seinem Platz.<\/p>\n<\/div>\n<\/div>\n<\/div>\n<\/div>\n<\/div>\n<\/div>\n<div><\/div>\n","protected":false},"excerpt":{"rendered":"<p>Das neue Trail Postural SS Top f\u00fcr Frauen ist auf Leistung ausgelegt. Die Ergo Fit Passform ist so konzipiert, dass sie wie eine zweite Haut sitzt. Die Spin Control Technologie hilft, die Schultern gerade und den Oberk\u00f6rper gut eingestellt zu halten. Das weiche, nahtlose Mikrofasergewebe sorgt daf\u00fcr, dass es an allen empfindlichen Stellen nicht zu &hellip; <a href=\"https:\/\/www.miomiorun.com\/de\/produkt\/compressport-trail-postural-ss-top-damen\/\">Continued<\/a><\/p>\n","protected":false},"featured_media":55919,"template":"","meta":{"_acf_changed":false,"inline_featured_image":false},"product_brand":[],"product_cat":[6494,6502],"product_tag":[3367,6215],"class_list":{"0":"post-170934","1":"product","2":"type-product","3":"status-publish","4":"has-post-thumbnail","6":"product_cat-sale-damen-bekleidung-de","7":"product_cat-sale-t-shirt-damen-de","8":"product_tag-compressport-de","9":"product_tag-compressport-damen-de","10":"pa_attivita-trail-de","11":"pa_marca-compressport-de","12":"pa_sesso-damen","13":"pa_size-extra-small-de","15":"first","16":"instock","17":"sale","18":"taxable","19":"shipping-taxable","20":"purchasable","21":"product-type-variable","22":"wvs-archive-product-wrapper"},"acf":[],"yoast_head":"<!-- This site is optimized with the Yoast SEO plugin v26.8 - https:\/\/yoast.com\/product\/yoast-seo-wordpress\/ -->\n<title>Compressport Trail Postural SS Top damen - Laufshirt - MioMioRun.com<\/title>\n<meta name=\"description\" content=\"Das neue Trail Postural SS Top f\u00fcr Frauen ist auf Leistung ausgelegt. Die Ergo Fit Passform ist so konzipiert, dass sie wie eine zweite Haut sitzt.\" \/>\n<meta name=\"robots\" content=\"index, follow, max-snippet:-1, max-image-preview:large, max-video-preview:-1\" \/>\n<link rel=\"canonical\" href=\"https:\/\/www.miomiorun.com\/de\/produkt\/compressport-trail-postural-ss-top-damen\/\" \/>\n<meta property=\"og:locale\" content=\"de_DE\" \/>\n<meta property=\"og:type\" content=\"article\" \/>\n<meta property=\"og:title\" content=\"Compressport Trail Postural SS Top damen - Laufshirt - MioMioRun.com\" \/>\n<meta property=\"og:description\" content=\"Das neue Trail Postural SS Top f\u00fcr Frauen ist auf Leistung ausgelegt. Die Ergo Fit Passform ist so konzipiert, dass sie wie eine zweite Haut sitzt.\" \/>\n<meta property=\"og:url\" content=\"https:\/\/www.miomiorun.com\/de\/produkt\/compressport-trail-postural-ss-top-damen\/\" \/>\n<meta property=\"og:site_name\" content=\"MioMioRun\" \/>\n<meta property=\"article:publisher\" content=\"https:\/\/www.facebook.com\/miomiorun\/\" \/>\n<meta property=\"article:modified_time\" content=\"2025-02-19T09:40:15+00:00\" \/>\n<meta property=\"og:image\" content=\"https:\/\/www.miomiorun.com\/app\/uploads\/2021\/06\/compressport-Trail-Postural-SS-Top-AW00089B-Garos.jpg\" \/>\n\t<meta property=\"og:image:width\" content=\"600\" \/>\n\t<meta property=\"og:image:height\" content=\"600\" \/>\n\t<meta property=\"og:image:type\" content=\"image\/jpeg\" \/>\n<meta name=\"twitter:card\" content=\"summary_large_image\" \/>\n<meta name=\"twitter:label1\" content=\"Est. reading time\" \/>\n\t<meta name=\"twitter:data1\" content=\"2 minutes\" \/>\n<script type=\"application\/ld+json\" class=\"yoast-schema-graph\">{\"@context\":\"https:\/\/schema.org\",\"@graph\":[{\"@type\":\"WebPage\",\"@id\":\"https:\/\/www.miomiorun.com\/de\/produkt\/compressport-trail-postural-ss-top-damen\/\",\"url\":\"https:\/\/www.miomiorun.com\/de\/produkt\/compressport-trail-postural-ss-top-damen\/\",\"name\":\"Compressport Trail Postural SS Top damen - Laufshirt - MioMioRun.com\",\"isPartOf\":{\"@id\":\"https:\/\/www.miomiorun.com\/de\/#website\"},\"primaryImageOfPage\":{\"@id\":\"https:\/\/www.miomiorun.com\/de\/produkt\/compressport-trail-postural-ss-top-damen\/#primaryimage\"},\"image\":{\"@id\":\"https:\/\/www.miomiorun.com\/de\/produkt\/compressport-trail-postural-ss-top-damen\/#primaryimage\"},\"thumbnailUrl\":\"https:\/\/www.miomiorun.com\/app\/uploads\/2021\/06\/compressport-Trail-Postural-SS-Top-AW00089B-Garos.jpg\",\"datePublished\":\"2021-06-01T17:19:36+00:00\",\"dateModified\":\"2025-02-19T09:40:15+00:00\",\"description\":\"Das neue Trail Postural SS Top f\u00fcr Frauen ist auf Leistung ausgelegt. Die Ergo Fit Passform ist so konzipiert, dass sie wie eine zweite Haut sitzt.\",\"breadcrumb\":{\"@id\":\"https:\/\/www.miomiorun.com\/de\/produkt\/compressport-trail-postural-ss-top-damen\/#breadcrumb\"},\"inLanguage\":\"de-DE\",\"potentialAction\":[{\"@type\":\"ReadAction\",\"target\":[\"https:\/\/www.miomiorun.com\/de\/produkt\/compressport-trail-postural-ss-top-damen\/\"]}]},{\"@type\":\"ImageObject\",\"inLanguage\":\"de-DE\",\"@id\":\"https:\/\/www.miomiorun.com\/de\/produkt\/compressport-trail-postural-ss-top-damen\/#primaryimage\",\"url\":\"https:\/\/www.miomiorun.com\/app\/uploads\/2021\/06\/compressport-Trail-Postural-SS-Top-AW00089B-Garos.jpg\",\"contentUrl\":\"https:\/\/www.miomiorun.com\/app\/uploads\/2021\/06\/compressport-Trail-Postural-SS-Top-AW00089B-Garos.jpg\",\"width\":600,\"height\":600,\"caption\":\"compressport trail postural ss top\"},{\"@type\":\"BreadcrumbList\",\"@id\":\"https:\/\/www.miomiorun.com\/de\/produkt\/compressport-trail-postural-ss-top-damen\/#breadcrumb\",\"itemListElement\":[{\"@type\":\"ListItem\",\"position\":1,\"name\":\"Home\",\"item\":\"https:\/\/www.miomiorun.com\/de\/\"},{\"@type\":\"ListItem\",\"position\":2,\"name\":\"Shop\",\"item\":\"https:\/\/www.miomiorun.com\/shop\/\"},{\"@type\":\"ListItem\",\"position\":3,\"name\":\"Trail Postural SS Top damen\"}]},{\"@type\":\"WebSite\",\"@id\":\"https:\/\/www.miomiorun.com\/de\/#website\",\"url\":\"https:\/\/www.miomiorun.com\/de\/\",\"name\":\"MioMioRun\",\"description\":\"100% Lauf- und Trailshop\",\"publisher\":{\"@id\":\"https:\/\/www.miomiorun.com\/de\/#organization\"},\"potentialAction\":[{\"@type\":\"SearchAction\",\"target\":{\"@type\":\"EntryPoint\",\"urlTemplate\":\"https:\/\/www.miomiorun.com\/de\/?s={search_term_string}\"},\"query-input\":{\"@type\":\"PropertyValueSpecification\",\"valueRequired\":true,\"valueName\":\"search_term_string\"}}],\"inLanguage\":\"de-DE\"},{\"@type\":\"Organization\",\"@id\":\"https:\/\/www.miomiorun.com\/de\/#organization\",\"name\":\"MioMio Run\",\"url\":\"https:\/\/www.miomiorun.com\/de\/\",\"logo\":{\"@type\":\"ImageObject\",\"inLanguage\":\"de-DE\",\"@id\":\"https:\/\/www.miomiorun.com\/de\/#\/schema\/logo\/image\/\",\"url\":\"https:\/\/www.miomiorun.com\/app\/uploads\/2019\/12\/logomio.png\",\"contentUrl\":\"https:\/\/www.miomiorun.com\/app\/uploads\/2019\/12\/logomio.png\",\"width\":115,\"height\":82,\"caption\":\"MioMio Run\"},\"image\":{\"@id\":\"https:\/\/www.miomiorun.com\/de\/#\/schema\/logo\/image\/\"},\"sameAs\":[\"https:\/\/www.facebook.com\/miomiorun\/\",\"https:\/\/www.instagram.com\/miomiorun\/\"]}]}<\/script>\n<!-- \/ Yoast SEO plugin. -->","yoast_head_json":{"title":"Compressport Trail Postural SS Top damen - Laufshirt - MioMioRun.com","description":"Das neue Trail Postural SS Top f\u00fcr Frauen ist auf Leistung ausgelegt. Die Ergo Fit Passform ist so konzipiert, dass sie wie eine zweite Haut sitzt.","robots":{"index":"index","follow":"follow","max-snippet":"max-snippet:-1","max-image-preview":"max-image-preview:large","max-video-preview":"max-video-preview:-1"},"canonical":"https:\/\/www.miomiorun.com\/de\/produkt\/compressport-trail-postural-ss-top-damen\/","og_locale":"de_DE","og_type":"article","og_title":"Compressport Trail Postural SS Top damen - Laufshirt - MioMioRun.com","og_description":"Das neue Trail Postural SS Top f\u00fcr Frauen ist auf Leistung ausgelegt. Die Ergo Fit Passform ist so konzipiert, dass sie wie eine zweite Haut sitzt.","og_url":"https:\/\/www.miomiorun.com\/de\/produkt\/compressport-trail-postural-ss-top-damen\/","og_site_name":"MioMioRun","article_publisher":"https:\/\/www.facebook.com\/miomiorun\/","article_modified_time":"2025-02-19T09:40:15+00:00","og_image":[{"width":600,"height":600,"url":"https:\/\/www.miomiorun.com\/app\/uploads\/2021\/06\/compressport-Trail-Postural-SS-Top-AW00089B-Garos.jpg","type":"image\/jpeg"}],"twitter_card":"summary_large_image","twitter_misc":{"Est. reading time":"2 minutes"},"schema":{"@context":"https:\/\/schema.org","@graph":[{"@type":"WebPage","@id":"https:\/\/www.miomiorun.com\/de\/produkt\/compressport-trail-postural-ss-top-damen\/","url":"https:\/\/www.miomiorun.com\/de\/produkt\/compressport-trail-postural-ss-top-damen\/","name":"Compressport Trail Postural SS Top damen - Laufshirt - MioMioRun.com","isPartOf":{"@id":"https:\/\/www.miomiorun.com\/de\/#website"},"primaryImageOfPage":{"@id":"https:\/\/www.miomiorun.com\/de\/produkt\/compressport-trail-postural-ss-top-damen\/#primaryimage"},"image":{"@id":"https:\/\/www.miomiorun.com\/de\/produkt\/compressport-trail-postural-ss-top-damen\/#primaryimage"},"thumbnailUrl":"https:\/\/www.miomiorun.com\/app\/uploads\/2021\/06\/compressport-Trail-Postural-SS-Top-AW00089B-Garos.jpg","datePublished":"2021-06-01T17:19:36+00:00","dateModified":"2025-02-19T09:40:15+00:00","description":"Das neue Trail Postural SS Top f\u00fcr Frauen ist auf Leistung ausgelegt. Die Ergo Fit Passform ist so konzipiert, dass sie wie eine zweite Haut sitzt.","breadcrumb":{"@id":"https:\/\/www.miomiorun.com\/de\/produkt\/compressport-trail-postural-ss-top-damen\/#breadcrumb"},"inLanguage":"de-DE","potentialAction":[{"@type":"ReadAction","target":["https:\/\/www.miomiorun.com\/de\/produkt\/compressport-trail-postural-ss-top-damen\/"]}]},{"@type":"ImageObject","inLanguage":"de-DE","@id":"https:\/\/www.miomiorun.com\/de\/produkt\/compressport-trail-postural-ss-top-damen\/#primaryimage","url":"https:\/\/www.miomiorun.com\/app\/uploads\/2021\/06\/compressport-Trail-Postural-SS-Top-AW00089B-Garos.jpg","contentUrl":"https:\/\/www.miomiorun.com\/app\/uploads\/2021\/06\/compressport-Trail-Postural-SS-Top-AW00089B-Garos.jpg","width":600,"height":600,"caption":"compressport trail postural ss top"},{"@type":"BreadcrumbList","@id":"https:\/\/www.miomiorun.com\/de\/produkt\/compressport-trail-postural-ss-top-damen\/#breadcrumb","itemListElement":[{"@type":"ListItem","position":1,"name":"Home","item":"https:\/\/www.miomiorun.com\/de\/"},{"@type":"ListItem","position":2,"name":"Shop","item":"https:\/\/www.miomiorun.com\/shop\/"},{"@type":"ListItem","position":3,"name":"Trail Postural SS Top damen"}]},{"@type":"WebSite","@id":"https:\/\/www.miomiorun.com\/de\/#website","url":"https:\/\/www.miomiorun.com\/de\/","name":"MioMioRun","description":"100% Lauf- und Trailshop","publisher":{"@id":"https:\/\/www.miomiorun.com\/de\/#organization"},"potentialAction":[{"@type":"SearchAction","target":{"@type":"EntryPoint","urlTemplate":"https:\/\/www.miomiorun.com\/de\/?s={search_term_string}"},"query-input":{"@type":"PropertyValueSpecification","valueRequired":true,"valueName":"search_term_string"}}],"inLanguage":"de-DE"},{"@type":"Organization","@id":"https:\/\/www.miomiorun.com\/de\/#organization","name":"MioMio Run","url":"https:\/\/www.miomiorun.com\/de\/","logo":{"@type":"ImageObject","inLanguage":"de-DE","@id":"https:\/\/www.miomiorun.com\/de\/#\/schema\/logo\/image\/","url":"https:\/\/www.miomiorun.com\/app\/uploads\/2019\/12\/logomio.png","contentUrl":"https:\/\/www.miomiorun.com\/app\/uploads\/2019\/12\/logomio.png","width":115,"height":82,"caption":"MioMio Run"},"image":{"@id":"https:\/\/www.miomiorun.com\/de\/#\/schema\/logo\/image\/"},"sameAs":["https:\/\/www.facebook.com\/miomiorun\/","https:\/\/www.instagram.com\/miomiorun\/"]}]}},"_links":{"self":[{"href":"https:\/\/www.miomiorun.com\/de\/wp-json\/wp\/v2\/product\/170934","targetHints":{"allow":["GET"]}}],"collection":[{"href":"https:\/\/www.miomiorun.com\/de\/wp-json\/wp\/v2\/product"}],"about":[{"href":"https:\/\/www.miomiorun.com\/de\/wp-json\/wp\/v2\/types\/product"}],"wp:featuredmedia":[{"embeddable":true,"href":"https:\/\/www.miomiorun.com\/de\/wp-json\/wp\/v2\/media\/55919"}],"wp:attachment":[{"href":"https:\/\/www.miomiorun.com\/de\/wp-json\/wp\/v2\/media?parent=170934"}],"wp:term":[{"taxonomy":"product_brand","embeddable":true,"href":"https:\/\/www.miomiorun.com\/de\/wp-json\/wp\/v2\/product_brand?post=170934"},{"taxonomy":"product_cat","embeddable":true,"href":"https:\/\/www.miomiorun.com\/de\/wp-json\/wp\/v2\/product_cat?post=170934"},{"taxonomy":"product_tag","embeddable":true,"href":"https:\/\/www.miomiorun.com\/de\/wp-json\/wp\/v2\/product_tag?post=170934"}],"curies":[{"name":"wp","href":"https:\/\/api.w.org\/{rel}","templated":true}]}}