{"id":170923,"date":"2020-03-24T09:43:20","date_gmt":"2020-03-24T08:43:20","guid":{"rendered":"https:\/\/miomiorun.com\/prodotto\/desigual-tank-top-donna\/"},"modified":"2025-02-18T12:11:29","modified_gmt":"2025-02-18T11:11:29","slug":"desigual-tank-top-damen","status":"publish","type":"product","link":"https:\/\/www.miomiorun.com\/de\/produkt\/desigual-tank-top-damen\/","title":{"rendered":"Tank Top damen"},"content":{"rendered":"<p>Das Desigual Lauftank-Top ist atmungsaktiv und dehnbar. Strategisch platzierte Netzeins\u00e4tze sorgen f\u00fcr Atmungsaktivit\u00e4t.<\/p>\n<p>Dieses Tank-Top ist Teil der Garden-Kollektion mit zarten Blumenprints.<\/p>\n<p>Einzelheiten:<\/p>\n<p>Breiter Halsausschnitt<\/p>\n<p>American-Cross-R\u00fccken f\u00fcr mehr Bewegungsfreiheit<\/p>\n<p>Ganzfl\u00e4chige Grafik<\/p>\n<p>Desigual-Logo auf der Brust<\/p>\n<p>Material: 88% Polyester, 12% Elastan<\/p>\n","protected":false},"excerpt":{"rendered":"<p>Das Desigual Lauftank-Top ist atmungsaktiv und dehnbar. Strategisch platzierte Netzeins\u00e4tze sorgen f\u00fcr Atmungsaktivit\u00e4t. Dieses Tank-Top ist Teil der Garden-Kollektion mit zarten Blumenprints. Einzelheiten: Breiter Halsausschnitt American-Cross-R\u00fccken f\u00fcr mehr Bewegungsfreiheit Ganzfl\u00e4chige Grafik Desigual-Logo auf der Brust Material: 88% Polyester, 12% Elastan<\/p>\n","protected":false},"featured_media":51308,"template":"","meta":{"_acf_changed":false,"inline_featured_image":false},"product_brand":[],"product_cat":[6495,6494,6499],"product_tag":[6240,6243],"class_list":{"0":"post-170923","1":"product","2":"type-product","3":"status-publish","4":"has-post-thumbnail","6":"product_cat-sale-damen-de","7":"product_cat-sale-damen-bekleidung-de","8":"product_cat-sale-tanktops-damen-de","9":"product_tag-desigual-de","10":"product_tag-desigual-damen-de","11":"pa_attivita-running-de","12":"pa_colore-desigual-tank-71t2sa7-de","13":"pa_marca-desigual-de","14":"pa_sesso-damen","15":"pa_size-medium-de","17":"first","18":"instock","19":"sale","20":"taxable","21":"shipping-taxable","22":"purchasable","23":"product-type-variable","24":"wvs-archive-product-wrapper"},"acf":[],"yoast_head":"<!-- This site is optimized with the Yoast SEO plugin v26.8 - https:\/\/yoast.com\/product\/yoast-seo-wordpress\/ -->\n<title>Desigual Tank Top damen - Lauftank-Top - MioMioRun<\/title>\n<meta name=\"description\" content=\"Das Desigual Lauftank-Top ist atmungsaktiv und dehnbar. Strategisch positionierte Mesh-Eins\u00e4tze erleichtern die Atmungsaktivit\u00e4t.\" \/>\n<meta name=\"robots\" content=\"index, follow, max-snippet:-1, max-image-preview:large, max-video-preview:-1\" \/>\n<link rel=\"canonical\" href=\"https:\/\/www.miomiorun.com\/de\/produkt\/desigual-tank-top-damen\/\" \/>\n<meta property=\"og:locale\" content=\"de_DE\" \/>\n<meta property=\"og:type\" content=\"article\" \/>\n<meta property=\"og:title\" content=\"Desigual Tank Top damen - Lauftank-Top - MioMioRun\" \/>\n<meta property=\"og:description\" content=\"Das Desigual Lauftank-Top ist atmungsaktiv und dehnbar. Strategisch positionierte Mesh-Eins\u00e4tze erleichtern die Atmungsaktivit\u00e4t.\" \/>\n<meta property=\"og:url\" content=\"https:\/\/www.miomiorun.com\/de\/produkt\/desigual-tank-top-damen\/\" \/>\n<meta property=\"og:site_name\" content=\"MioMioRun\" \/>\n<meta property=\"article:publisher\" content=\"https:\/\/www.facebook.com\/miomiorun\/\" \/>\n<meta property=\"article:modified_time\" content=\"2025-02-18T11:11:29+00:00\" \/>\n<meta property=\"og:image\" content=\"https:\/\/www.miomiorun.com\/app\/uploads\/2020\/03\/Desigual-Tank-71t2sa7.jpg\" \/>\n\t<meta property=\"og:image:width\" content=\"595\" \/>\n\t<meta property=\"og:image:height\" content=\"595\" \/>\n\t<meta property=\"og:image:type\" content=\"image\/jpeg\" \/>\n<meta name=\"twitter:card\" content=\"summary_large_image\" \/>\n<script type=\"application\/ld+json\" class=\"yoast-schema-graph\">{\"@context\":\"https:\/\/schema.org\",\"@graph\":[{\"@type\":\"WebPage\",\"@id\":\"https:\/\/www.miomiorun.com\/de\/produkt\/desigual-tank-top-damen\/\",\"url\":\"https:\/\/www.miomiorun.com\/de\/produkt\/desigual-tank-top-damen\/\",\"name\":\"Desigual Tank Top damen - Lauftank-Top - MioMioRun\",\"isPartOf\":{\"@id\":\"https:\/\/www.miomiorun.com\/de\/#website\"},\"primaryImageOfPage\":{\"@id\":\"https:\/\/www.miomiorun.com\/de\/produkt\/desigual-tank-top-damen\/#primaryimage\"},\"image\":{\"@id\":\"https:\/\/www.miomiorun.com\/de\/produkt\/desigual-tank-top-damen\/#primaryimage\"},\"thumbnailUrl\":\"https:\/\/www.miomiorun.com\/app\/uploads\/2020\/03\/Desigual-Tank-71t2sa7.jpg\",\"datePublished\":\"2020-03-24T08:43:20+00:00\",\"dateModified\":\"2025-02-18T11:11:29+00:00\",\"description\":\"Das Desigual Lauftank-Top ist atmungsaktiv und dehnbar. Strategisch positionierte Mesh-Eins\u00e4tze erleichtern die Atmungsaktivit\u00e4t.\",\"breadcrumb\":{\"@id\":\"https:\/\/www.miomiorun.com\/de\/produkt\/desigual-tank-top-damen\/#breadcrumb\"},\"inLanguage\":\"de-DE\",\"potentialAction\":[{\"@type\":\"ReadAction\",\"target\":[\"https:\/\/www.miomiorun.com\/de\/produkt\/desigual-tank-top-damen\/\"]}]},{\"@type\":\"ImageObject\",\"inLanguage\":\"de-DE\",\"@id\":\"https:\/\/www.miomiorun.com\/de\/produkt\/desigual-tank-top-damen\/#primaryimage\",\"url\":\"https:\/\/www.miomiorun.com\/app\/uploads\/2020\/03\/Desigual-Tank-71t2sa7.jpg\",\"contentUrl\":\"https:\/\/www.miomiorun.com\/app\/uploads\/2020\/03\/Desigual-Tank-71t2sa7.jpg\",\"width\":595,\"height\":595,\"caption\":\"Desigual-Tank-71t2sa7\"},{\"@type\":\"BreadcrumbList\",\"@id\":\"https:\/\/www.miomiorun.com\/de\/produkt\/desigual-tank-top-damen\/#breadcrumb\",\"itemListElement\":[{\"@type\":\"ListItem\",\"position\":1,\"name\":\"Home\",\"item\":\"https:\/\/www.miomiorun.com\/de\/\"},{\"@type\":\"ListItem\",\"position\":2,\"name\":\"Shop\",\"item\":\"https:\/\/www.miomiorun.com\/shop\/\"},{\"@type\":\"ListItem\",\"position\":3,\"name\":\"Tank Top damen\"}]},{\"@type\":\"WebSite\",\"@id\":\"https:\/\/www.miomiorun.com\/de\/#website\",\"url\":\"https:\/\/www.miomiorun.com\/de\/\",\"name\":\"MioMioRun\",\"description\":\"100% Lauf- und Trailshop\",\"publisher\":{\"@id\":\"https:\/\/www.miomiorun.com\/de\/#organization\"},\"potentialAction\":[{\"@type\":\"SearchAction\",\"target\":{\"@type\":\"EntryPoint\",\"urlTemplate\":\"https:\/\/www.miomiorun.com\/de\/?s={search_term_string}\"},\"query-input\":{\"@type\":\"PropertyValueSpecification\",\"valueRequired\":true,\"valueName\":\"search_term_string\"}}],\"inLanguage\":\"de-DE\"},{\"@type\":\"Organization\",\"@id\":\"https:\/\/www.miomiorun.com\/de\/#organization\",\"name\":\"MioMio Run\",\"url\":\"https:\/\/www.miomiorun.com\/de\/\",\"logo\":{\"@type\":\"ImageObject\",\"inLanguage\":\"de-DE\",\"@id\":\"https:\/\/www.miomiorun.com\/de\/#\/schema\/logo\/image\/\",\"url\":\"https:\/\/www.miomiorun.com\/app\/uploads\/2019\/12\/logomio.png\",\"contentUrl\":\"https:\/\/www.miomiorun.com\/app\/uploads\/2019\/12\/logomio.png\",\"width\":115,\"height\":82,\"caption\":\"MioMio Run\"},\"image\":{\"@id\":\"https:\/\/www.miomiorun.com\/de\/#\/schema\/logo\/image\/\"},\"sameAs\":[\"https:\/\/www.facebook.com\/miomiorun\/\",\"https:\/\/www.instagram.com\/miomiorun\/\"]}]}<\/script>\n<!-- \/ Yoast SEO plugin. -->","yoast_head_json":{"title":"Desigual Tank Top damen - Lauftank-Top - MioMioRun","description":"Das Desigual Lauftank-Top ist atmungsaktiv und dehnbar. Strategisch positionierte Mesh-Eins\u00e4tze erleichtern die Atmungsaktivit\u00e4t.","robots":{"index":"index","follow":"follow","max-snippet":"max-snippet:-1","max-image-preview":"max-image-preview:large","max-video-preview":"max-video-preview:-1"},"canonical":"https:\/\/www.miomiorun.com\/de\/produkt\/desigual-tank-top-damen\/","og_locale":"de_DE","og_type":"article","og_title":"Desigual Tank Top damen - Lauftank-Top - MioMioRun","og_description":"Das Desigual Lauftank-Top ist atmungsaktiv und dehnbar. Strategisch positionierte Mesh-Eins\u00e4tze erleichtern die Atmungsaktivit\u00e4t.","og_url":"https:\/\/www.miomiorun.com\/de\/produkt\/desigual-tank-top-damen\/","og_site_name":"MioMioRun","article_publisher":"https:\/\/www.facebook.com\/miomiorun\/","article_modified_time":"2025-02-18T11:11:29+00:00","og_image":[{"width":595,"height":595,"url":"https:\/\/www.miomiorun.com\/app\/uploads\/2020\/03\/Desigual-Tank-71t2sa7.jpg","type":"image\/jpeg"}],"twitter_card":"summary_large_image","schema":{"@context":"https:\/\/schema.org","@graph":[{"@type":"WebPage","@id":"https:\/\/www.miomiorun.com\/de\/produkt\/desigual-tank-top-damen\/","url":"https:\/\/www.miomiorun.com\/de\/produkt\/desigual-tank-top-damen\/","name":"Desigual Tank Top damen - Lauftank-Top - MioMioRun","isPartOf":{"@id":"https:\/\/www.miomiorun.com\/de\/#website"},"primaryImageOfPage":{"@id":"https:\/\/www.miomiorun.com\/de\/produkt\/desigual-tank-top-damen\/#primaryimage"},"image":{"@id":"https:\/\/www.miomiorun.com\/de\/produkt\/desigual-tank-top-damen\/#primaryimage"},"thumbnailUrl":"https:\/\/www.miomiorun.com\/app\/uploads\/2020\/03\/Desigual-Tank-71t2sa7.jpg","datePublished":"2020-03-24T08:43:20+00:00","dateModified":"2025-02-18T11:11:29+00:00","description":"Das Desigual Lauftank-Top ist atmungsaktiv und dehnbar. Strategisch positionierte Mesh-Eins\u00e4tze erleichtern die Atmungsaktivit\u00e4t.","breadcrumb":{"@id":"https:\/\/www.miomiorun.com\/de\/produkt\/desigual-tank-top-damen\/#breadcrumb"},"inLanguage":"de-DE","potentialAction":[{"@type":"ReadAction","target":["https:\/\/www.miomiorun.com\/de\/produkt\/desigual-tank-top-damen\/"]}]},{"@type":"ImageObject","inLanguage":"de-DE","@id":"https:\/\/www.miomiorun.com\/de\/produkt\/desigual-tank-top-damen\/#primaryimage","url":"https:\/\/www.miomiorun.com\/app\/uploads\/2020\/03\/Desigual-Tank-71t2sa7.jpg","contentUrl":"https:\/\/www.miomiorun.com\/app\/uploads\/2020\/03\/Desigual-Tank-71t2sa7.jpg","width":595,"height":595,"caption":"Desigual-Tank-71t2sa7"},{"@type":"BreadcrumbList","@id":"https:\/\/www.miomiorun.com\/de\/produkt\/desigual-tank-top-damen\/#breadcrumb","itemListElement":[{"@type":"ListItem","position":1,"name":"Home","item":"https:\/\/www.miomiorun.com\/de\/"},{"@type":"ListItem","position":2,"name":"Shop","item":"https:\/\/www.miomiorun.com\/shop\/"},{"@type":"ListItem","position":3,"name":"Tank Top damen"}]},{"@type":"WebSite","@id":"https:\/\/www.miomiorun.com\/de\/#website","url":"https:\/\/www.miomiorun.com\/de\/","name":"MioMioRun","description":"100% Lauf- und Trailshop","publisher":{"@id":"https:\/\/www.miomiorun.com\/de\/#organization"},"potentialAction":[{"@type":"SearchAction","target":{"@type":"EntryPoint","urlTemplate":"https:\/\/www.miomiorun.com\/de\/?s={search_term_string}"},"query-input":{"@type":"PropertyValueSpecification","valueRequired":true,"valueName":"search_term_string"}}],"inLanguage":"de-DE"},{"@type":"Organization","@id":"https:\/\/www.miomiorun.com\/de\/#organization","name":"MioMio Run","url":"https:\/\/www.miomiorun.com\/de\/","logo":{"@type":"ImageObject","inLanguage":"de-DE","@id":"https:\/\/www.miomiorun.com\/de\/#\/schema\/logo\/image\/","url":"https:\/\/www.miomiorun.com\/app\/uploads\/2019\/12\/logomio.png","contentUrl":"https:\/\/www.miomiorun.com\/app\/uploads\/2019\/12\/logomio.png","width":115,"height":82,"caption":"MioMio Run"},"image":{"@id":"https:\/\/www.miomiorun.com\/de\/#\/schema\/logo\/image\/"},"sameAs":["https:\/\/www.facebook.com\/miomiorun\/","https:\/\/www.instagram.com\/miomiorun\/"]}]}},"_links":{"self":[{"href":"https:\/\/www.miomiorun.com\/de\/wp-json\/wp\/v2\/product\/170923","targetHints":{"allow":["GET"]}}],"collection":[{"href":"https:\/\/www.miomiorun.com\/de\/wp-json\/wp\/v2\/product"}],"about":[{"href":"https:\/\/www.miomiorun.com\/de\/wp-json\/wp\/v2\/types\/product"}],"wp:featuredmedia":[{"embeddable":true,"href":"https:\/\/www.miomiorun.com\/de\/wp-json\/wp\/v2\/media\/51308"}],"wp:attachment":[{"href":"https:\/\/www.miomiorun.com\/de\/wp-json\/wp\/v2\/media?parent=170923"}],"wp:term":[{"taxonomy":"product_brand","embeddable":true,"href":"https:\/\/www.miomiorun.com\/de\/wp-json\/wp\/v2\/product_brand?post=170923"},{"taxonomy":"product_cat","embeddable":true,"href":"https:\/\/www.miomiorun.com\/de\/wp-json\/wp\/v2\/product_cat?post=170923"},{"taxonomy":"product_tag","embeddable":true,"href":"https:\/\/www.miomiorun.com\/de\/wp-json\/wp\/v2\/product_tag?post=170923"}],"curies":[{"name":"wp","href":"https:\/\/api.w.org\/{rel}","templated":true}]}}