{"id":170918,"date":"2020-12-09T16:40:49","date_gmt":"2020-12-09T15:40:49","guid":{"rendered":"https:\/\/miomiorun.com\/prodotto\/casall-deep-v-lasercut-donna\/"},"modified":"2025-02-18T12:09:00","modified_gmt":"2025-02-18T11:09:00","slug":"casall-deep-v-lasercut-damen","status":"publish","type":"product","link":"https:\/\/www.miomiorun.com\/de\/produkt\/casall-deep-v-lasercut-damen\/","title":{"rendered":"Deep V Lasercut damen"},"content":{"rendered":"<p>Dieses sch\u00f6ne Lauftank-Top mit seinem eleganten Design vermittelt ein leichtes und solides Gef\u00fchl.<\/p>\n<p>Der leichte Stoff und die entspannte Passform helfen dir, dich frei zu bewegen.<\/p>\n<p>Wenn Sie das Casall Deep V Lasercut brauchen, finden Sie es hier und zum besten Preis. traininn hat dieses und andere Fitnessprodukte, die Sie suchen, in bester Qualit\u00e4t. Lassen Sie sich diese Gelegenheit nicht entgehen und r\u00fcsten Sie sich aus, um Ihren Lieblingssport unter den bestm\u00f6glichen Bedingungen auszu\u00fcben. Mit unserer Auswahl an T-Shirt-Haltern finden Sie alles, was Sie brauchen, an einem Ort.<\/p>\n","protected":false},"excerpt":{"rendered":"<p>Dieses sch\u00f6ne Lauftank-Top mit seinem eleganten Design vermittelt ein leichtes und solides Gef\u00fchl. Der leichte Stoff und die entspannte Passform helfen dir, dich frei zu bewegen. Wenn Sie das Casall Deep V Lasercut brauchen, finden Sie es hier und zum besten Preis. traininn hat dieses und andere Fitnessprodukte, die Sie suchen, in bester Qualit\u00e4t. Lassen &hellip; <a href=\"https:\/\/www.miomiorun.com\/de\/produkt\/casall-deep-v-lasercut-damen\/\">Continued<\/a><\/p>\n","protected":false},"featured_media":53886,"template":"","meta":{"_acf_changed":false,"inline_featured_image":false},"product_brand":[],"product_cat":[6495,6494,6499],"product_tag":[3364,6209],"class_list":{"0":"post-170918","1":"product","2":"type-product","3":"status-publish","4":"has-post-thumbnail","6":"product_cat-sale-damen-de","7":"product_cat-sale-damen-bekleidung-de","8":"product_cat-sale-tanktops-damen-de","9":"product_tag-casall-de","10":"product_tag-casall-damen-de","11":"pa_attivita-gehen","12":"pa_attivita-running-de","13":"pa_colore-deep-v-lasercut-tank-white-de","14":"pa_marca-casall-de","15":"pa_sesso-damen","16":"pa_size-medium-de","18":"first","19":"instock","20":"sale","21":"taxable","22":"shipping-taxable","23":"purchasable","24":"product-type-variable","25":"wvs-archive-product-wrapper"},"acf":[],"yoast_head":"<!-- This site is optimized with the Yoast SEO plugin v26.8 - https:\/\/yoast.com\/product\/yoast-seo-wordpress\/ -->\n<title>Deep V Lasercut damen - Lauftank-Top - MioMioRun<\/title>\n<meta name=\"description\" content=\"Dieses sch\u00f6ne Lauftank-Top mit seinem eleganten Design bietet ein leichtes und solides Gef\u00fchl, leichtes Material und eine entspannte Passform, um sich frei zu bewegen.\" \/>\n<meta name=\"robots\" content=\"index, follow, max-snippet:-1, max-image-preview:large, max-video-preview:-1\" \/>\n<link rel=\"canonical\" href=\"https:\/\/www.miomiorun.com\/de\/produkt\/casall-deep-v-lasercut-damen\/\" \/>\n<meta property=\"og:locale\" content=\"de_DE\" \/>\n<meta property=\"og:type\" content=\"article\" \/>\n<meta property=\"og:title\" content=\"Deep V Lasercut damen - Lauftank-Top - MioMioRun\" \/>\n<meta property=\"og:description\" content=\"Dieses sch\u00f6ne Lauftank-Top mit seinem eleganten Design bietet ein leichtes und solides Gef\u00fchl, leichtes Material und eine entspannte Passform, um sich frei zu bewegen.\" \/>\n<meta property=\"og:url\" content=\"https:\/\/www.miomiorun.com\/de\/produkt\/casall-deep-v-lasercut-damen\/\" \/>\n<meta property=\"og:site_name\" content=\"MioMioRun\" \/>\n<meta property=\"article:publisher\" content=\"https:\/\/www.facebook.com\/miomiorun\/\" \/>\n<meta property=\"article:modified_time\" content=\"2025-02-18T11:09:00+00:00\" \/>\n<meta property=\"og:image\" content=\"https:\/\/www.miomiorun.com\/app\/uploads\/2020\/12\/casall-Deep-V-lasercut-tank-18232-001.jpg\" \/>\n\t<meta property=\"og:image:width\" content=\"600\" \/>\n\t<meta property=\"og:image:height\" content=\"600\" \/>\n\t<meta property=\"og:image:type\" content=\"image\/jpeg\" \/>\n<meta name=\"twitter:card\" content=\"summary_large_image\" \/>\n<script type=\"application\/ld+json\" class=\"yoast-schema-graph\">{\"@context\":\"https:\/\/schema.org\",\"@graph\":[{\"@type\":\"WebPage\",\"@id\":\"https:\/\/www.miomiorun.com\/de\/produkt\/casall-deep-v-lasercut-damen\/\",\"url\":\"https:\/\/www.miomiorun.com\/de\/produkt\/casall-deep-v-lasercut-damen\/\",\"name\":\"Deep V Lasercut damen - Lauftank-Top - MioMioRun\",\"isPartOf\":{\"@id\":\"https:\/\/www.miomiorun.com\/de\/#website\"},\"primaryImageOfPage\":{\"@id\":\"https:\/\/www.miomiorun.com\/de\/produkt\/casall-deep-v-lasercut-damen\/#primaryimage\"},\"image\":{\"@id\":\"https:\/\/www.miomiorun.com\/de\/produkt\/casall-deep-v-lasercut-damen\/#primaryimage\"},\"thumbnailUrl\":\"https:\/\/www.miomiorun.com\/app\/uploads\/2020\/12\/casall-Deep-V-lasercut-tank-18232-001.jpg\",\"datePublished\":\"2020-12-09T15:40:49+00:00\",\"dateModified\":\"2025-02-18T11:09:00+00:00\",\"description\":\"Dieses sch\u00f6ne Lauftank-Top mit seinem eleganten Design bietet ein leichtes und solides Gef\u00fchl, leichtes Material und eine entspannte Passform, um sich frei zu bewegen.\",\"breadcrumb\":{\"@id\":\"https:\/\/www.miomiorun.com\/de\/produkt\/casall-deep-v-lasercut-damen\/#breadcrumb\"},\"inLanguage\":\"de-DE\",\"potentialAction\":[{\"@type\":\"ReadAction\",\"target\":[\"https:\/\/www.miomiorun.com\/de\/produkt\/casall-deep-v-lasercut-damen\/\"]}]},{\"@type\":\"ImageObject\",\"inLanguage\":\"de-DE\",\"@id\":\"https:\/\/www.miomiorun.com\/de\/produkt\/casall-deep-v-lasercut-damen\/#primaryimage\",\"url\":\"https:\/\/www.miomiorun.com\/app\/uploads\/2020\/12\/casall-Deep-V-lasercut-tank-18232-001.jpg\",\"contentUrl\":\"https:\/\/www.miomiorun.com\/app\/uploads\/2020\/12\/casall-Deep-V-lasercut-tank-18232-001.jpg\",\"width\":600,\"height\":600,\"caption\":\"cassal deep v lasercut tank\"},{\"@type\":\"BreadcrumbList\",\"@id\":\"https:\/\/www.miomiorun.com\/de\/produkt\/casall-deep-v-lasercut-damen\/#breadcrumb\",\"itemListElement\":[{\"@type\":\"ListItem\",\"position\":1,\"name\":\"Home\",\"item\":\"https:\/\/www.miomiorun.com\/de\/\"},{\"@type\":\"ListItem\",\"position\":2,\"name\":\"Shop\",\"item\":\"https:\/\/www.miomiorun.com\/shop\/\"},{\"@type\":\"ListItem\",\"position\":3,\"name\":\"Deep V Lasercut damen\"}]},{\"@type\":\"WebSite\",\"@id\":\"https:\/\/www.miomiorun.com\/de\/#website\",\"url\":\"https:\/\/www.miomiorun.com\/de\/\",\"name\":\"MioMioRun\",\"description\":\"100% Lauf- und Trailshop\",\"publisher\":{\"@id\":\"https:\/\/www.miomiorun.com\/de\/#organization\"},\"potentialAction\":[{\"@type\":\"SearchAction\",\"target\":{\"@type\":\"EntryPoint\",\"urlTemplate\":\"https:\/\/www.miomiorun.com\/de\/?s={search_term_string}\"},\"query-input\":{\"@type\":\"PropertyValueSpecification\",\"valueRequired\":true,\"valueName\":\"search_term_string\"}}],\"inLanguage\":\"de-DE\"},{\"@type\":\"Organization\",\"@id\":\"https:\/\/www.miomiorun.com\/de\/#organization\",\"name\":\"MioMio Run\",\"url\":\"https:\/\/www.miomiorun.com\/de\/\",\"logo\":{\"@type\":\"ImageObject\",\"inLanguage\":\"de-DE\",\"@id\":\"https:\/\/www.miomiorun.com\/de\/#\/schema\/logo\/image\/\",\"url\":\"https:\/\/www.miomiorun.com\/app\/uploads\/2019\/12\/logomio.png\",\"contentUrl\":\"https:\/\/www.miomiorun.com\/app\/uploads\/2019\/12\/logomio.png\",\"width\":115,\"height\":82,\"caption\":\"MioMio Run\"},\"image\":{\"@id\":\"https:\/\/www.miomiorun.com\/de\/#\/schema\/logo\/image\/\"},\"sameAs\":[\"https:\/\/www.facebook.com\/miomiorun\/\",\"https:\/\/www.instagram.com\/miomiorun\/\"]}]}<\/script>\n<!-- \/ Yoast SEO plugin. -->","yoast_head_json":{"title":"Deep V Lasercut damen - Lauftank-Top - MioMioRun","description":"Dieses sch\u00f6ne Lauftank-Top mit seinem eleganten Design bietet ein leichtes und solides Gef\u00fchl, leichtes Material und eine entspannte Passform, um sich frei zu bewegen.","robots":{"index":"index","follow":"follow","max-snippet":"max-snippet:-1","max-image-preview":"max-image-preview:large","max-video-preview":"max-video-preview:-1"},"canonical":"https:\/\/www.miomiorun.com\/de\/produkt\/casall-deep-v-lasercut-damen\/","og_locale":"de_DE","og_type":"article","og_title":"Deep V Lasercut damen - Lauftank-Top - MioMioRun","og_description":"Dieses sch\u00f6ne Lauftank-Top mit seinem eleganten Design bietet ein leichtes und solides Gef\u00fchl, leichtes Material und eine entspannte Passform, um sich frei zu bewegen.","og_url":"https:\/\/www.miomiorun.com\/de\/produkt\/casall-deep-v-lasercut-damen\/","og_site_name":"MioMioRun","article_publisher":"https:\/\/www.facebook.com\/miomiorun\/","article_modified_time":"2025-02-18T11:09:00+00:00","og_image":[{"width":600,"height":600,"url":"https:\/\/www.miomiorun.com\/app\/uploads\/2020\/12\/casall-Deep-V-lasercut-tank-18232-001.jpg","type":"image\/jpeg"}],"twitter_card":"summary_large_image","schema":{"@context":"https:\/\/schema.org","@graph":[{"@type":"WebPage","@id":"https:\/\/www.miomiorun.com\/de\/produkt\/casall-deep-v-lasercut-damen\/","url":"https:\/\/www.miomiorun.com\/de\/produkt\/casall-deep-v-lasercut-damen\/","name":"Deep V Lasercut damen - Lauftank-Top - MioMioRun","isPartOf":{"@id":"https:\/\/www.miomiorun.com\/de\/#website"},"primaryImageOfPage":{"@id":"https:\/\/www.miomiorun.com\/de\/produkt\/casall-deep-v-lasercut-damen\/#primaryimage"},"image":{"@id":"https:\/\/www.miomiorun.com\/de\/produkt\/casall-deep-v-lasercut-damen\/#primaryimage"},"thumbnailUrl":"https:\/\/www.miomiorun.com\/app\/uploads\/2020\/12\/casall-Deep-V-lasercut-tank-18232-001.jpg","datePublished":"2020-12-09T15:40:49+00:00","dateModified":"2025-02-18T11:09:00+00:00","description":"Dieses sch\u00f6ne Lauftank-Top mit seinem eleganten Design bietet ein leichtes und solides Gef\u00fchl, leichtes Material und eine entspannte Passform, um sich frei zu bewegen.","breadcrumb":{"@id":"https:\/\/www.miomiorun.com\/de\/produkt\/casall-deep-v-lasercut-damen\/#breadcrumb"},"inLanguage":"de-DE","potentialAction":[{"@type":"ReadAction","target":["https:\/\/www.miomiorun.com\/de\/produkt\/casall-deep-v-lasercut-damen\/"]}]},{"@type":"ImageObject","inLanguage":"de-DE","@id":"https:\/\/www.miomiorun.com\/de\/produkt\/casall-deep-v-lasercut-damen\/#primaryimage","url":"https:\/\/www.miomiorun.com\/app\/uploads\/2020\/12\/casall-Deep-V-lasercut-tank-18232-001.jpg","contentUrl":"https:\/\/www.miomiorun.com\/app\/uploads\/2020\/12\/casall-Deep-V-lasercut-tank-18232-001.jpg","width":600,"height":600,"caption":"cassal deep v lasercut tank"},{"@type":"BreadcrumbList","@id":"https:\/\/www.miomiorun.com\/de\/produkt\/casall-deep-v-lasercut-damen\/#breadcrumb","itemListElement":[{"@type":"ListItem","position":1,"name":"Home","item":"https:\/\/www.miomiorun.com\/de\/"},{"@type":"ListItem","position":2,"name":"Shop","item":"https:\/\/www.miomiorun.com\/shop\/"},{"@type":"ListItem","position":3,"name":"Deep V Lasercut damen"}]},{"@type":"WebSite","@id":"https:\/\/www.miomiorun.com\/de\/#website","url":"https:\/\/www.miomiorun.com\/de\/","name":"MioMioRun","description":"100% Lauf- und Trailshop","publisher":{"@id":"https:\/\/www.miomiorun.com\/de\/#organization"},"potentialAction":[{"@type":"SearchAction","target":{"@type":"EntryPoint","urlTemplate":"https:\/\/www.miomiorun.com\/de\/?s={search_term_string}"},"query-input":{"@type":"PropertyValueSpecification","valueRequired":true,"valueName":"search_term_string"}}],"inLanguage":"de-DE"},{"@type":"Organization","@id":"https:\/\/www.miomiorun.com\/de\/#organization","name":"MioMio Run","url":"https:\/\/www.miomiorun.com\/de\/","logo":{"@type":"ImageObject","inLanguage":"de-DE","@id":"https:\/\/www.miomiorun.com\/de\/#\/schema\/logo\/image\/","url":"https:\/\/www.miomiorun.com\/app\/uploads\/2019\/12\/logomio.png","contentUrl":"https:\/\/www.miomiorun.com\/app\/uploads\/2019\/12\/logomio.png","width":115,"height":82,"caption":"MioMio Run"},"image":{"@id":"https:\/\/www.miomiorun.com\/de\/#\/schema\/logo\/image\/"},"sameAs":["https:\/\/www.facebook.com\/miomiorun\/","https:\/\/www.instagram.com\/miomiorun\/"]}]}},"_links":{"self":[{"href":"https:\/\/www.miomiorun.com\/de\/wp-json\/wp\/v2\/product\/170918","targetHints":{"allow":["GET"]}}],"collection":[{"href":"https:\/\/www.miomiorun.com\/de\/wp-json\/wp\/v2\/product"}],"about":[{"href":"https:\/\/www.miomiorun.com\/de\/wp-json\/wp\/v2\/types\/product"}],"wp:featuredmedia":[{"embeddable":true,"href":"https:\/\/www.miomiorun.com\/de\/wp-json\/wp\/v2\/media\/53886"}],"wp:attachment":[{"href":"https:\/\/www.miomiorun.com\/de\/wp-json\/wp\/v2\/media?parent=170918"}],"wp:term":[{"taxonomy":"product_brand","embeddable":true,"href":"https:\/\/www.miomiorun.com\/de\/wp-json\/wp\/v2\/product_brand?post=170918"},{"taxonomy":"product_cat","embeddable":true,"href":"https:\/\/www.miomiorun.com\/de\/wp-json\/wp\/v2\/product_cat?post=170918"},{"taxonomy":"product_tag","embeddable":true,"href":"https:\/\/www.miomiorun.com\/de\/wp-json\/wp\/v2\/product_tag?post=170918"}],"curies":[{"name":"wp","href":"https:\/\/api.w.org\/{rel}","templated":true}]}}