{"id":170911,"date":"2020-12-09T19:25:17","date_gmt":"2020-12-09T18:25:17","guid":{"rendered":"https:\/\/miomiorun.com\/prodotto\/casall-bio-cross-back-donna\/"},"modified":"2026-05-08T20:50:43","modified_gmt":"2026-05-08T18:50:43","slug":"casall-bio-cross-back-damen","status":"publish","type":"product","link":"https:\/\/www.miomiorun.com\/de\/produkt\/casall-bio-cross-back-damen\/","title":{"rendered":"Bio Cross Back damen"},"content":{"rendered":"<p>Dieses elegante Tank-Top besteht aus einem hochinnovativen Bio-Polyamid-Gewebe mit gekreuzten Tr\u00e4gern und Falten am R\u00fccken. Nachhaltiges Training, denn es ist WICHTIG!<\/p>\n<p>Umweltfreundliches Material mit angenehmer Haptik.<\/p>\n<p>Unser fantastisches Bio-Polyamid wird aus Rizinus\u00f6l anstelle von Erd\u00f6l hergestellt. Es ist von Natur aus antibakteriell, ben\u00f6tigt weniger Farbstoff beim F\u00e4rben und st\u00f6\u00dft bei der Produktion weniger CO2 aus als andere \u00e4hnliche Materialien. Au\u00dferdem hat es eine gute Feuchtigkeitsaufnahmekapazit\u00e4t und trocknet schnell. Der Stoff f\u00fchlt sich weich und angenehm luftig an. Eine umweltbewusste Wahl. 85 g\/m\u00b2. Hergestellt in Frankreich in einer fortschrittlichen und gut geschlossenen Anlage mit sehr hohen Umweltanforderungen<\/p>\n<p>Material: 100% organisches Polyamid 85 g \/ m2<\/p>\n<p>Waschen bei 40\u00b0C wird empfohlen. Funktionsmaterialien sollten nicht mit Weichsp\u00fcler gewaschen werden, da dieser die Elastizit\u00e4t und die F\u00e4higkeit, Feuchtigkeit zu transportieren, ver\u00e4ndert. Zu hohe Temperaturen, \u00fcberm\u00e4\u00dfiges Schleudern oder Trocknen im W\u00e4schetrockner k\u00f6nnen die Details der Kleidungsst\u00fccke besch\u00e4digen.<\/p>\n","protected":false},"excerpt":{"rendered":"<p>Dieses elegante Tank-Top besteht aus einem hochinnovativen Bio-Polyamid-Gewebe mit gekreuzten Tr\u00e4gern und Falten am R\u00fccken. Nachhaltiges Training, denn es ist WICHTIG! Umweltfreundliches Material mit angenehmer Haptik. Unser fantastisches Bio-Polyamid wird aus Rizinus\u00f6l anstelle von Erd\u00f6l hergestellt. Es ist von Natur aus antibakteriell, ben\u00f6tigt weniger Farbstoff beim F\u00e4rben und st\u00f6\u00dft bei der Produktion weniger CO2 aus &hellip; <a href=\"https:\/\/www.miomiorun.com\/de\/produkt\/casall-bio-cross-back-damen\/\">Continued<\/a><\/p>\n","protected":false},"featured_media":53890,"template":"","meta":{"_acf_changed":false,"inline_featured_image":false},"product_brand":[],"product_cat":[6495,6494,6499],"product_tag":[3364,6209],"class_list":{"0":"post-170911","1":"product","2":"type-product","3":"status-publish","4":"has-post-thumbnail","6":"product_cat-sale-damen-de","7":"product_cat-sale-damen-bekleidung-de","8":"product_cat-sale-tanktops-damen-de","9":"product_tag-casall-de","10":"product_tag-casall-damen-de","11":"pa_attivita-gehen","12":"pa_attivita-running-de","13":"pa_colore-bio-cross-back-blush-pink-de","14":"pa_colore-bio-cross-back-white-de","15":"pa_marca-casall-de","16":"pa_sesso-damen","17":"pa_size-extra-small-de","18":"pa_size-small-de","19":"pa_size-medium-de","21":"first","22":"instock","23":"sale","24":"taxable","25":"shipping-taxable","26":"purchasable","27":"product-type-variable","28":"wvs-archive-product-wrapper"},"acf":[],"yoast_head":"<!-- This site is optimized with the Yoast SEO plugin v26.8 - https:\/\/yoast.com\/product\/yoast-seo-wordpress\/ -->\n<title>Bio Cross Back damen - Lauftank-Top - MioMioRun<\/title>\n<meta name=\"description\" content=\"Dieses elegante Mieder ist aus einem hochinnovativen Bio-Polyamid-Gewebe mit gekreuzten Tr\u00e4gern und Falten im R\u00fccken gefertigt.\" \/>\n<meta name=\"robots\" content=\"index, follow, max-snippet:-1, max-image-preview:large, max-video-preview:-1\" \/>\n<link rel=\"canonical\" href=\"https:\/\/www.miomiorun.com\/de\/produkt\/casall-bio-cross-back-damen\/\" \/>\n<meta property=\"og:locale\" content=\"de_DE\" \/>\n<meta property=\"og:type\" content=\"article\" \/>\n<meta property=\"og:title\" content=\"Bio Cross Back damen - Lauftank-Top - MioMioRun\" \/>\n<meta property=\"og:description\" content=\"Dieses elegante Mieder ist aus einem hochinnovativen Bio-Polyamid-Gewebe mit gekreuzten Tr\u00e4gern und Falten im R\u00fccken gefertigt.\" \/>\n<meta property=\"og:url\" content=\"https:\/\/www.miomiorun.com\/de\/produkt\/casall-bio-cross-back-damen\/\" \/>\n<meta property=\"og:site_name\" content=\"MioMioRun\" \/>\n<meta property=\"article:publisher\" content=\"https:\/\/www.facebook.com\/miomiorun\/\" \/>\n<meta property=\"article:modified_time\" content=\"2026-05-08T18:50:43+00:00\" \/>\n<meta property=\"og:image\" content=\"https:\/\/www.miomiorun.com\/app\/uploads\/2020\/12\/casall-Bio-cross-back-blush-18135-313.jpg\" \/>\n\t<meta property=\"og:image:width\" content=\"600\" \/>\n\t<meta property=\"og:image:height\" content=\"600\" \/>\n\t<meta property=\"og:image:type\" content=\"image\/jpeg\" \/>\n<meta name=\"twitter:card\" content=\"summary_large_image\" \/>\n<meta name=\"twitter:label1\" content=\"Est. reading time\" \/>\n\t<meta name=\"twitter:data1\" content=\"1 minute\" \/>\n<script type=\"application\/ld+json\" class=\"yoast-schema-graph\">{\"@context\":\"https:\/\/schema.org\",\"@graph\":[{\"@type\":\"WebPage\",\"@id\":\"https:\/\/www.miomiorun.com\/de\/produkt\/casall-bio-cross-back-damen\/\",\"url\":\"https:\/\/www.miomiorun.com\/de\/produkt\/casall-bio-cross-back-damen\/\",\"name\":\"Bio Cross Back damen - Lauftank-Top - MioMioRun\",\"isPartOf\":{\"@id\":\"https:\/\/www.miomiorun.com\/de\/#website\"},\"primaryImageOfPage\":{\"@id\":\"https:\/\/www.miomiorun.com\/de\/produkt\/casall-bio-cross-back-damen\/#primaryimage\"},\"image\":{\"@id\":\"https:\/\/www.miomiorun.com\/de\/produkt\/casall-bio-cross-back-damen\/#primaryimage\"},\"thumbnailUrl\":\"https:\/\/www.miomiorun.com\/app\/uploads\/2020\/12\/casall-Bio-cross-back-blush-18135-313.jpg\",\"datePublished\":\"2020-12-09T18:25:17+00:00\",\"dateModified\":\"2026-05-08T18:50:43+00:00\",\"description\":\"Dieses elegante Mieder ist aus einem hochinnovativen Bio-Polyamid-Gewebe mit gekreuzten Tr\u00e4gern und Falten im R\u00fccken gefertigt.\",\"breadcrumb\":{\"@id\":\"https:\/\/www.miomiorun.com\/de\/produkt\/casall-bio-cross-back-damen\/#breadcrumb\"},\"inLanguage\":\"de-DE\",\"potentialAction\":[{\"@type\":\"ReadAction\",\"target\":[\"https:\/\/www.miomiorun.com\/de\/produkt\/casall-bio-cross-back-damen\/\"]}]},{\"@type\":\"ImageObject\",\"inLanguage\":\"de-DE\",\"@id\":\"https:\/\/www.miomiorun.com\/de\/produkt\/casall-bio-cross-back-damen\/#primaryimage\",\"url\":\"https:\/\/www.miomiorun.com\/app\/uploads\/2020\/12\/casall-Bio-cross-back-blush-18135-313.jpg\",\"contentUrl\":\"https:\/\/www.miomiorun.com\/app\/uploads\/2020\/12\/casall-Bio-cross-back-blush-18135-313.jpg\",\"width\":600,\"height\":600,\"caption\":\"cassall bio cross back blush\"},{\"@type\":\"BreadcrumbList\",\"@id\":\"https:\/\/www.miomiorun.com\/de\/produkt\/casall-bio-cross-back-damen\/#breadcrumb\",\"itemListElement\":[{\"@type\":\"ListItem\",\"position\":1,\"name\":\"Home\",\"item\":\"https:\/\/www.miomiorun.com\/de\/home-page\/\"},{\"@type\":\"ListItem\",\"position\":2,\"name\":\"Shop\",\"item\":\"https:\/\/www.miomiorun.com\/shop\/\"},{\"@type\":\"ListItem\",\"position\":3,\"name\":\"Bio Cross Back damen\"}]},{\"@type\":\"WebSite\",\"@id\":\"https:\/\/www.miomiorun.com\/de\/#website\",\"url\":\"https:\/\/www.miomiorun.com\/de\/\",\"name\":\"MioMioRun\",\"description\":\"100% Lauf- und Trailshop\",\"publisher\":{\"@id\":\"https:\/\/www.miomiorun.com\/de\/#organization\"},\"potentialAction\":[{\"@type\":\"SearchAction\",\"target\":{\"@type\":\"EntryPoint\",\"urlTemplate\":\"https:\/\/www.miomiorun.com\/de\/?s={search_term_string}\"},\"query-input\":{\"@type\":\"PropertyValueSpecification\",\"valueRequired\":true,\"valueName\":\"search_term_string\"}}],\"inLanguage\":\"de-DE\"},{\"@type\":\"Organization\",\"@id\":\"https:\/\/www.miomiorun.com\/de\/#organization\",\"name\":\"MioMio Run\",\"url\":\"https:\/\/www.miomiorun.com\/de\/\",\"logo\":{\"@type\":\"ImageObject\",\"inLanguage\":\"de-DE\",\"@id\":\"https:\/\/www.miomiorun.com\/de\/#\/schema\/logo\/image\/\",\"url\":\"https:\/\/www.miomiorun.com\/app\/uploads\/2019\/12\/logomio.png\",\"contentUrl\":\"https:\/\/www.miomiorun.com\/app\/uploads\/2019\/12\/logomio.png\",\"width\":115,\"height\":82,\"caption\":\"MioMio Run\"},\"image\":{\"@id\":\"https:\/\/www.miomiorun.com\/de\/#\/schema\/logo\/image\/\"},\"sameAs\":[\"https:\/\/www.facebook.com\/miomiorun\/\",\"https:\/\/www.instagram.com\/miomiorun\/\"]}]}<\/script>\n<!-- \/ Yoast SEO plugin. -->","yoast_head_json":{"title":"Bio Cross Back damen - Lauftank-Top - MioMioRun","description":"Dieses elegante Mieder ist aus einem hochinnovativen Bio-Polyamid-Gewebe mit gekreuzten Tr\u00e4gern und Falten im R\u00fccken gefertigt.","robots":{"index":"index","follow":"follow","max-snippet":"max-snippet:-1","max-image-preview":"max-image-preview:large","max-video-preview":"max-video-preview:-1"},"canonical":"https:\/\/www.miomiorun.com\/de\/produkt\/casall-bio-cross-back-damen\/","og_locale":"de_DE","og_type":"article","og_title":"Bio Cross Back damen - Lauftank-Top - MioMioRun","og_description":"Dieses elegante Mieder ist aus einem hochinnovativen Bio-Polyamid-Gewebe mit gekreuzten Tr\u00e4gern und Falten im R\u00fccken gefertigt.","og_url":"https:\/\/www.miomiorun.com\/de\/produkt\/casall-bio-cross-back-damen\/","og_site_name":"MioMioRun","article_publisher":"https:\/\/www.facebook.com\/miomiorun\/","article_modified_time":"2026-05-08T18:50:43+00:00","og_image":[{"width":600,"height":600,"url":"https:\/\/www.miomiorun.com\/app\/uploads\/2020\/12\/casall-Bio-cross-back-blush-18135-313.jpg","type":"image\/jpeg"}],"twitter_card":"summary_large_image","twitter_misc":{"Est. reading time":"1 minute"},"schema":{"@context":"https:\/\/schema.org","@graph":[{"@type":"WebPage","@id":"https:\/\/www.miomiorun.com\/de\/produkt\/casall-bio-cross-back-damen\/","url":"https:\/\/www.miomiorun.com\/de\/produkt\/casall-bio-cross-back-damen\/","name":"Bio Cross Back damen - Lauftank-Top - MioMioRun","isPartOf":{"@id":"https:\/\/www.miomiorun.com\/de\/#website"},"primaryImageOfPage":{"@id":"https:\/\/www.miomiorun.com\/de\/produkt\/casall-bio-cross-back-damen\/#primaryimage"},"image":{"@id":"https:\/\/www.miomiorun.com\/de\/produkt\/casall-bio-cross-back-damen\/#primaryimage"},"thumbnailUrl":"https:\/\/www.miomiorun.com\/app\/uploads\/2020\/12\/casall-Bio-cross-back-blush-18135-313.jpg","datePublished":"2020-12-09T18:25:17+00:00","dateModified":"2026-05-08T18:50:43+00:00","description":"Dieses elegante Mieder ist aus einem hochinnovativen Bio-Polyamid-Gewebe mit gekreuzten Tr\u00e4gern und Falten im R\u00fccken gefertigt.","breadcrumb":{"@id":"https:\/\/www.miomiorun.com\/de\/produkt\/casall-bio-cross-back-damen\/#breadcrumb"},"inLanguage":"de-DE","potentialAction":[{"@type":"ReadAction","target":["https:\/\/www.miomiorun.com\/de\/produkt\/casall-bio-cross-back-damen\/"]}]},{"@type":"ImageObject","inLanguage":"de-DE","@id":"https:\/\/www.miomiorun.com\/de\/produkt\/casall-bio-cross-back-damen\/#primaryimage","url":"https:\/\/www.miomiorun.com\/app\/uploads\/2020\/12\/casall-Bio-cross-back-blush-18135-313.jpg","contentUrl":"https:\/\/www.miomiorun.com\/app\/uploads\/2020\/12\/casall-Bio-cross-back-blush-18135-313.jpg","width":600,"height":600,"caption":"cassall bio cross back blush"},{"@type":"BreadcrumbList","@id":"https:\/\/www.miomiorun.com\/de\/produkt\/casall-bio-cross-back-damen\/#breadcrumb","itemListElement":[{"@type":"ListItem","position":1,"name":"Home","item":"https:\/\/www.miomiorun.com\/de\/home-page\/"},{"@type":"ListItem","position":2,"name":"Shop","item":"https:\/\/www.miomiorun.com\/shop\/"},{"@type":"ListItem","position":3,"name":"Bio Cross Back damen"}]},{"@type":"WebSite","@id":"https:\/\/www.miomiorun.com\/de\/#website","url":"https:\/\/www.miomiorun.com\/de\/","name":"MioMioRun","description":"100% Lauf- und Trailshop","publisher":{"@id":"https:\/\/www.miomiorun.com\/de\/#organization"},"potentialAction":[{"@type":"SearchAction","target":{"@type":"EntryPoint","urlTemplate":"https:\/\/www.miomiorun.com\/de\/?s={search_term_string}"},"query-input":{"@type":"PropertyValueSpecification","valueRequired":true,"valueName":"search_term_string"}}],"inLanguage":"de-DE"},{"@type":"Organization","@id":"https:\/\/www.miomiorun.com\/de\/#organization","name":"MioMio Run","url":"https:\/\/www.miomiorun.com\/de\/","logo":{"@type":"ImageObject","inLanguage":"de-DE","@id":"https:\/\/www.miomiorun.com\/de\/#\/schema\/logo\/image\/","url":"https:\/\/www.miomiorun.com\/app\/uploads\/2019\/12\/logomio.png","contentUrl":"https:\/\/www.miomiorun.com\/app\/uploads\/2019\/12\/logomio.png","width":115,"height":82,"caption":"MioMio Run"},"image":{"@id":"https:\/\/www.miomiorun.com\/de\/#\/schema\/logo\/image\/"},"sameAs":["https:\/\/www.facebook.com\/miomiorun\/","https:\/\/www.instagram.com\/miomiorun\/"]}]}},"_links":{"self":[{"href":"https:\/\/www.miomiorun.com\/de\/wp-json\/wp\/v2\/product\/170911","targetHints":{"allow":["GET"]}}],"collection":[{"href":"https:\/\/www.miomiorun.com\/de\/wp-json\/wp\/v2\/product"}],"about":[{"href":"https:\/\/www.miomiorun.com\/de\/wp-json\/wp\/v2\/types\/product"}],"wp:featuredmedia":[{"embeddable":true,"href":"https:\/\/www.miomiorun.com\/de\/wp-json\/wp\/v2\/media\/53890"}],"wp:attachment":[{"href":"https:\/\/www.miomiorun.com\/de\/wp-json\/wp\/v2\/media?parent=170911"}],"wp:term":[{"taxonomy":"product_brand","embeddable":true,"href":"https:\/\/www.miomiorun.com\/de\/wp-json\/wp\/v2\/product_brand?post=170911"},{"taxonomy":"product_cat","embeddable":true,"href":"https:\/\/www.miomiorun.com\/de\/wp-json\/wp\/v2\/product_cat?post=170911"},{"taxonomy":"product_tag","embeddable":true,"href":"https:\/\/www.miomiorun.com\/de\/wp-json\/wp\/v2\/product_tag?post=170911"}],"curies":[{"name":"wp","href":"https:\/\/api.w.org\/{rel}","templated":true}]}}