{"id":170884,"date":"2020-04-26T11:03:04","date_gmt":"2020-04-26T09:03:04","guid":{"rendered":"https:\/\/miomiorun.com\/prodotto\/casall-iconic-sports-bra-donna\/"},"modified":"2025-02-18T12:24:01","modified_gmt":"2025-02-18T11:24:01","slug":"casall-iconic-sports-bra-damen","status":"publish","type":"product","link":"https:\/\/www.miomiorun.com\/de\/produkt\/casall-iconic-sports-bra-damen\/","title":{"rendered":"Iconic Sports Bra damen"},"content":{"rendered":"<div class=\"single-product-description\">Der Iconic Bra ist ein Allround-BH, der sowohl f\u00fcr Aktivit\u00e4ten mit geringer als auch mit hoher Belastung verwendet werden kann. Er hat eine sehr solide, aber weiche Struktur, die eine sehr vielseitige Verwendung erm\u00f6glicht. Es ist in zwei Schichten aufgebaut: Die innere Schicht besteht aus Tactel Micro Aquator und erm\u00f6glicht es, Schwei\u00df sehr schnell nach au\u00dfen zu transportieren, w\u00e4hrend die \u00e4u\u00dfere Schicht aus Polyester besteht, die es erm\u00f6glicht, Schwei\u00df auszudehnen und schneller zu verdunsten. Alle Hautkontaktbereiche an Reibungspunkten haben extra weiche und super atmungsaktive Materialien.<\/div>\n","protected":false},"excerpt":{"rendered":"<p>Der Iconic Bra ist ein Allround-BH, der sowohl f\u00fcr Aktivit\u00e4ten mit geringer als auch mit hoher Belastung verwendet werden kann. Er hat eine sehr solide, aber weiche Struktur, die eine sehr vielseitige Verwendung erm\u00f6glicht. Es ist in zwei Schichten aufgebaut: Die innere Schicht besteht aus Tactel Micro Aquator und erm\u00f6glicht es, Schwei\u00df sehr schnell nach &hellip; <a href=\"https:\/\/www.miomiorun.com\/de\/produkt\/casall-iconic-sports-bra-damen\/\">Continued<\/a><\/p>\n","protected":false},"featured_media":51928,"template":"","meta":{"_acf_changed":false,"inline_featured_image":false},"product_brand":[],"product_cat":[6495,6494,6497],"product_tag":[3364,6209],"class_list":{"0":"post-170884","1":"product","2":"type-product","3":"status-publish","4":"has-post-thumbnail","6":"product_cat-sale-damen-de","7":"product_cat-sale-damen-bekleidung-de","8":"product_cat-sale-waesche-damen-de","9":"product_tag-casall-de","10":"product_tag-casall-damen-de","11":"pa_colore-iconic-sports-bra-a-b-249-de","12":"pa_colore-iconic-sports-bra-a-b-901-de","13":"pa_marca-casall-de","14":"pa_sesso-damen","15":"pa_size-extra-small-de","16":"pa_size-small-de","17":"pa_size-medium-de","19":"first","20":"instock","21":"sale","22":"taxable","23":"shipping-taxable","24":"purchasable","25":"product-type-variable","26":"wvs-archive-product-wrapper"},"acf":[],"yoast_head":"<!-- This site is optimized with the Yoast SEO plugin v26.8 - https:\/\/yoast.com\/product\/yoast-seo-wordpress\/ -->\n<title>Casall Iconic Sports Bra damen - Sport-BH - MioMioRun.com<\/title>\n<meta name=\"description\" content=\"Der Iconic Bra ist ein Allround-BH, der sowohl f\u00fcr Aktivit\u00e4ten mit geringer als auch mit hoher Belastung geeignet ist. Er hat eine sehr feste, aber weiche Struktur.\" \/>\n<meta name=\"robots\" content=\"index, follow, max-snippet:-1, max-image-preview:large, max-video-preview:-1\" \/>\n<link rel=\"canonical\" href=\"https:\/\/www.miomiorun.com\/de\/produkt\/casall-iconic-sports-bra-damen\/\" \/>\n<meta property=\"og:locale\" content=\"de_DE\" \/>\n<meta property=\"og:type\" content=\"article\" \/>\n<meta property=\"og:title\" content=\"Casall Iconic Sports Bra damen - Sport-BH - MioMioRun.com\" \/>\n<meta property=\"og:description\" content=\"Der Iconic Bra ist ein Allround-BH, der sowohl f\u00fcr Aktivit\u00e4ten mit geringer als auch mit hoher Belastung geeignet ist. Er hat eine sehr feste, aber weiche Struktur.\" \/>\n<meta property=\"og:url\" content=\"https:\/\/www.miomiorun.com\/de\/produkt\/casall-iconic-sports-bra-damen\/\" \/>\n<meta property=\"og:site_name\" content=\"MioMioRun\" \/>\n<meta property=\"article:publisher\" content=\"https:\/\/www.facebook.com\/miomiorun\/\" \/>\n<meta property=\"article:modified_time\" content=\"2025-02-18T11:24:01+00:00\" \/>\n<meta property=\"og:image\" content=\"https:\/\/www.miomiorun.com\/app\/uploads\/2020\/04\/Iconic-sports-bra-A-B-black-1620-300-AB901.jpg\" \/>\n\t<meta property=\"og:image:width\" content=\"600\" \/>\n\t<meta property=\"og:image:height\" content=\"600\" \/>\n\t<meta property=\"og:image:type\" content=\"image\/jpeg\" \/>\n<meta name=\"twitter:card\" content=\"summary_large_image\" \/>\n<script type=\"application\/ld+json\" class=\"yoast-schema-graph\">{\"@context\":\"https:\/\/schema.org\",\"@graph\":[{\"@type\":\"WebPage\",\"@id\":\"https:\/\/www.miomiorun.com\/de\/produkt\/casall-iconic-sports-bra-damen\/\",\"url\":\"https:\/\/www.miomiorun.com\/de\/produkt\/casall-iconic-sports-bra-damen\/\",\"name\":\"Casall Iconic Sports Bra damen - Sport-BH - MioMioRun.com\",\"isPartOf\":{\"@id\":\"https:\/\/www.miomiorun.com\/de\/#website\"},\"primaryImageOfPage\":{\"@id\":\"https:\/\/www.miomiorun.com\/de\/produkt\/casall-iconic-sports-bra-damen\/#primaryimage\"},\"image\":{\"@id\":\"https:\/\/www.miomiorun.com\/de\/produkt\/casall-iconic-sports-bra-damen\/#primaryimage\"},\"thumbnailUrl\":\"https:\/\/www.miomiorun.com\/app\/uploads\/2020\/04\/Iconic-sports-bra-A-B-black-1620-300-AB901.jpg\",\"datePublished\":\"2020-04-26T09:03:04+00:00\",\"dateModified\":\"2025-02-18T11:24:01+00:00\",\"description\":\"Der Iconic Bra ist ein Allround-BH, der sowohl f\u00fcr Aktivit\u00e4ten mit geringer als auch mit hoher Belastung geeignet ist. Er hat eine sehr feste, aber weiche Struktur.\",\"breadcrumb\":{\"@id\":\"https:\/\/www.miomiorun.com\/de\/produkt\/casall-iconic-sports-bra-damen\/#breadcrumb\"},\"inLanguage\":\"de-DE\",\"potentialAction\":[{\"@type\":\"ReadAction\",\"target\":[\"https:\/\/www.miomiorun.com\/de\/produkt\/casall-iconic-sports-bra-damen\/\"]}]},{\"@type\":\"ImageObject\",\"inLanguage\":\"de-DE\",\"@id\":\"https:\/\/www.miomiorun.com\/de\/produkt\/casall-iconic-sports-bra-damen\/#primaryimage\",\"url\":\"https:\/\/www.miomiorun.com\/app\/uploads\/2020\/04\/Iconic-sports-bra-A-B-black-1620-300-AB901.jpg\",\"contentUrl\":\"https:\/\/www.miomiorun.com\/app\/uploads\/2020\/04\/Iconic-sports-bra-A-B-black-1620-300-AB901.jpg\",\"width\":600,\"height\":600,\"caption\":\"Iconic-sports-bra-A-B-black-1620-300-AB901\"},{\"@type\":\"BreadcrumbList\",\"@id\":\"https:\/\/www.miomiorun.com\/de\/produkt\/casall-iconic-sports-bra-damen\/#breadcrumb\",\"itemListElement\":[{\"@type\":\"ListItem\",\"position\":1,\"name\":\"Home\",\"item\":\"https:\/\/www.miomiorun.com\/de\/\"},{\"@type\":\"ListItem\",\"position\":2,\"name\":\"Shop\",\"item\":\"https:\/\/www.miomiorun.com\/shop\/\"},{\"@type\":\"ListItem\",\"position\":3,\"name\":\"Iconic Sports Bra damen\"}]},{\"@type\":\"WebSite\",\"@id\":\"https:\/\/www.miomiorun.com\/de\/#website\",\"url\":\"https:\/\/www.miomiorun.com\/de\/\",\"name\":\"MioMioRun\",\"description\":\"100% Lauf- und Trailshop\",\"publisher\":{\"@id\":\"https:\/\/www.miomiorun.com\/de\/#organization\"},\"potentialAction\":[{\"@type\":\"SearchAction\",\"target\":{\"@type\":\"EntryPoint\",\"urlTemplate\":\"https:\/\/www.miomiorun.com\/de\/?s={search_term_string}\"},\"query-input\":{\"@type\":\"PropertyValueSpecification\",\"valueRequired\":true,\"valueName\":\"search_term_string\"}}],\"inLanguage\":\"de-DE\"},{\"@type\":\"Organization\",\"@id\":\"https:\/\/www.miomiorun.com\/de\/#organization\",\"name\":\"MioMio Run\",\"url\":\"https:\/\/www.miomiorun.com\/de\/\",\"logo\":{\"@type\":\"ImageObject\",\"inLanguage\":\"de-DE\",\"@id\":\"https:\/\/www.miomiorun.com\/de\/#\/schema\/logo\/image\/\",\"url\":\"https:\/\/www.miomiorun.com\/app\/uploads\/2019\/12\/logomio.png\",\"contentUrl\":\"https:\/\/www.miomiorun.com\/app\/uploads\/2019\/12\/logomio.png\",\"width\":115,\"height\":82,\"caption\":\"MioMio Run\"},\"image\":{\"@id\":\"https:\/\/www.miomiorun.com\/de\/#\/schema\/logo\/image\/\"},\"sameAs\":[\"https:\/\/www.facebook.com\/miomiorun\/\",\"https:\/\/www.instagram.com\/miomiorun\/\"]}]}<\/script>\n<!-- \/ Yoast SEO plugin. -->","yoast_head_json":{"title":"Casall Iconic Sports Bra damen - Sport-BH - MioMioRun.com","description":"Der Iconic Bra ist ein Allround-BH, der sowohl f\u00fcr Aktivit\u00e4ten mit geringer als auch mit hoher Belastung geeignet ist. Er hat eine sehr feste, aber weiche Struktur.","robots":{"index":"index","follow":"follow","max-snippet":"max-snippet:-1","max-image-preview":"max-image-preview:large","max-video-preview":"max-video-preview:-1"},"canonical":"https:\/\/www.miomiorun.com\/de\/produkt\/casall-iconic-sports-bra-damen\/","og_locale":"de_DE","og_type":"article","og_title":"Casall Iconic Sports Bra damen - Sport-BH - MioMioRun.com","og_description":"Der Iconic Bra ist ein Allround-BH, der sowohl f\u00fcr Aktivit\u00e4ten mit geringer als auch mit hoher Belastung geeignet ist. Er hat eine sehr feste, aber weiche Struktur.","og_url":"https:\/\/www.miomiorun.com\/de\/produkt\/casall-iconic-sports-bra-damen\/","og_site_name":"MioMioRun","article_publisher":"https:\/\/www.facebook.com\/miomiorun\/","article_modified_time":"2025-02-18T11:24:01+00:00","og_image":[{"width":600,"height":600,"url":"https:\/\/www.miomiorun.com\/app\/uploads\/2020\/04\/Iconic-sports-bra-A-B-black-1620-300-AB901.jpg","type":"image\/jpeg"}],"twitter_card":"summary_large_image","schema":{"@context":"https:\/\/schema.org","@graph":[{"@type":"WebPage","@id":"https:\/\/www.miomiorun.com\/de\/produkt\/casall-iconic-sports-bra-damen\/","url":"https:\/\/www.miomiorun.com\/de\/produkt\/casall-iconic-sports-bra-damen\/","name":"Casall Iconic Sports Bra damen - Sport-BH - MioMioRun.com","isPartOf":{"@id":"https:\/\/www.miomiorun.com\/de\/#website"},"primaryImageOfPage":{"@id":"https:\/\/www.miomiorun.com\/de\/produkt\/casall-iconic-sports-bra-damen\/#primaryimage"},"image":{"@id":"https:\/\/www.miomiorun.com\/de\/produkt\/casall-iconic-sports-bra-damen\/#primaryimage"},"thumbnailUrl":"https:\/\/www.miomiorun.com\/app\/uploads\/2020\/04\/Iconic-sports-bra-A-B-black-1620-300-AB901.jpg","datePublished":"2020-04-26T09:03:04+00:00","dateModified":"2025-02-18T11:24:01+00:00","description":"Der Iconic Bra ist ein Allround-BH, der sowohl f\u00fcr Aktivit\u00e4ten mit geringer als auch mit hoher Belastung geeignet ist. Er hat eine sehr feste, aber weiche Struktur.","breadcrumb":{"@id":"https:\/\/www.miomiorun.com\/de\/produkt\/casall-iconic-sports-bra-damen\/#breadcrumb"},"inLanguage":"de-DE","potentialAction":[{"@type":"ReadAction","target":["https:\/\/www.miomiorun.com\/de\/produkt\/casall-iconic-sports-bra-damen\/"]}]},{"@type":"ImageObject","inLanguage":"de-DE","@id":"https:\/\/www.miomiorun.com\/de\/produkt\/casall-iconic-sports-bra-damen\/#primaryimage","url":"https:\/\/www.miomiorun.com\/app\/uploads\/2020\/04\/Iconic-sports-bra-A-B-black-1620-300-AB901.jpg","contentUrl":"https:\/\/www.miomiorun.com\/app\/uploads\/2020\/04\/Iconic-sports-bra-A-B-black-1620-300-AB901.jpg","width":600,"height":600,"caption":"Iconic-sports-bra-A-B-black-1620-300-AB901"},{"@type":"BreadcrumbList","@id":"https:\/\/www.miomiorun.com\/de\/produkt\/casall-iconic-sports-bra-damen\/#breadcrumb","itemListElement":[{"@type":"ListItem","position":1,"name":"Home","item":"https:\/\/www.miomiorun.com\/de\/"},{"@type":"ListItem","position":2,"name":"Shop","item":"https:\/\/www.miomiorun.com\/shop\/"},{"@type":"ListItem","position":3,"name":"Iconic Sports Bra damen"}]},{"@type":"WebSite","@id":"https:\/\/www.miomiorun.com\/de\/#website","url":"https:\/\/www.miomiorun.com\/de\/","name":"MioMioRun","description":"100% Lauf- und Trailshop","publisher":{"@id":"https:\/\/www.miomiorun.com\/de\/#organization"},"potentialAction":[{"@type":"SearchAction","target":{"@type":"EntryPoint","urlTemplate":"https:\/\/www.miomiorun.com\/de\/?s={search_term_string}"},"query-input":{"@type":"PropertyValueSpecification","valueRequired":true,"valueName":"search_term_string"}}],"inLanguage":"de-DE"},{"@type":"Organization","@id":"https:\/\/www.miomiorun.com\/de\/#organization","name":"MioMio Run","url":"https:\/\/www.miomiorun.com\/de\/","logo":{"@type":"ImageObject","inLanguage":"de-DE","@id":"https:\/\/www.miomiorun.com\/de\/#\/schema\/logo\/image\/","url":"https:\/\/www.miomiorun.com\/app\/uploads\/2019\/12\/logomio.png","contentUrl":"https:\/\/www.miomiorun.com\/app\/uploads\/2019\/12\/logomio.png","width":115,"height":82,"caption":"MioMio Run"},"image":{"@id":"https:\/\/www.miomiorun.com\/de\/#\/schema\/logo\/image\/"},"sameAs":["https:\/\/www.facebook.com\/miomiorun\/","https:\/\/www.instagram.com\/miomiorun\/"]}]}},"_links":{"self":[{"href":"https:\/\/www.miomiorun.com\/de\/wp-json\/wp\/v2\/product\/170884","targetHints":{"allow":["GET"]}}],"collection":[{"href":"https:\/\/www.miomiorun.com\/de\/wp-json\/wp\/v2\/product"}],"about":[{"href":"https:\/\/www.miomiorun.com\/de\/wp-json\/wp\/v2\/types\/product"}],"wp:featuredmedia":[{"embeddable":true,"href":"https:\/\/www.miomiorun.com\/de\/wp-json\/wp\/v2\/media\/51928"}],"wp:attachment":[{"href":"https:\/\/www.miomiorun.com\/de\/wp-json\/wp\/v2\/media?parent=170884"}],"wp:term":[{"taxonomy":"product_brand","embeddable":true,"href":"https:\/\/www.miomiorun.com\/de\/wp-json\/wp\/v2\/product_brand?post=170884"},{"taxonomy":"product_cat","embeddable":true,"href":"https:\/\/www.miomiorun.com\/de\/wp-json\/wp\/v2\/product_cat?post=170884"},{"taxonomy":"product_tag","embeddable":true,"href":"https:\/\/www.miomiorun.com\/de\/wp-json\/wp\/v2\/product_tag?post=170884"}],"curies":[{"name":"wp","href":"https:\/\/api.w.org\/{rel}","templated":true}]}}