{"id":170877,"date":"2021-04-29T18:18:43","date_gmt":"2021-04-29T16:18:43","guid":{"rendered":"https:\/\/miomiorun.com\/prodotto\/brooks-dare-crossback-run-bra-donna\/"},"modified":"2025-02-18T12:20:16","modified_gmt":"2025-02-18T11:20:16","slug":"brooks-dare-crossback-run-bra-damen","status":"publish","type":"product","link":"https:\/\/www.miomiorun.com\/de\/produkt\/brooks-dare-crossback-run-bra-damen\/","title":{"rendered":"Dare crossback Run bra damen"},"content":{"rendered":"<div class=\"single-product-description\">\n<div class=\"single-product-description\">Ein Pullover-BH, der keine gekreuzten Tr\u00e4ger hat? Aber sicher doch. Dieser Crossback-Lauf-BH kombiniert einen schlichten, eleganten Stil mit der l\u00e4uferfreundlichen Unterst\u00fctzung integrierter, geformter Cups.<\/div>\n<div><\/div>\n<div>\n<table class=\"shoe__specs\">\n<tbody>\n<tr class=\"specs__row\">\n<td class=\"label label--bold\" tabindex=\"0\">Aufprall-Typ<\/td>\n<td tabindex=\"0\">\n<p class=\"small\">Hoher Aufprall<\/p>\n<\/td>\n<\/tr>\n<tr class=\"specs__row\">\n<td class=\"label label--bold\" tabindex=\"0\">Gewebe<\/td>\n<td tabindex=\"0\">\n<p class=\"small\">K\u00d6RPER: DriLayer. HorsePower Spacer 63% Nylon\/37% Spandex CUPS: DriLayer. 100% Polyester<\/p>\n<\/td>\n<\/tr>\n<tr class=\"specs__row\">\n<td class=\"label label--bold\" tabindex=\"0\">Verschluss Typ<\/td>\n<td tabindex=\"0\">\n<p class=\"small\">Pullover<\/p>\n<\/td>\n<\/tr>\n<\/tbody>\n<\/table>\n<\/div>\n<h2>Dare Run BHs von Brooks<\/h2>\n<p>Unsere neue BH-Kollektion ist die gr\u00f6\u00dfte Innovation in der Geschichte der Sport-BHs von Brooks. Wir haben uns selbst herausgefordert, einen besseren BH f\u00fcr das Laufen zu entwickeln, und wir haben es geschafft. Mit ihrem Komfort und ihrer au\u00dfergew\u00f6hnlichen Unterst\u00fctzung erm\u00f6glichen die Dare Run-BHs Frauen, ihre Grenzen auf jede erdenkliche Weise zu erweitern.<\/p>\n<h2>Schlankes Design<\/h2>\n<p>Dieser Sport-BH im Pullover-Stil l\u00e4sst sich dank seines \u00fcberkreuzten R\u00fcckenteils ganz einfach an- und ausziehen &#8211; ohne Rei\u00dfverschl\u00fcsse oder H\u00e4kchen.<\/p>\n<h2>Verstecktes unteres Band<\/h2>\n<p>Das untere Band ist vollst\u00e4ndig in den BH integriert und st\u00fctzt Sie dort, wo Sie es brauchen, ohne zu scheuern und mit maximalem Komfort.<\/p>\n<h2>Rahmenloses Design<\/h2>\n<p>Das DriLayer\u00ae HorsePower-Gewebe wirkt synergetisch mit den konturierten Cups und der frei geschnittenen Struktur f\u00fcr eine sichtbare Form und schlanke Silhouette.<\/p>\n<div class=\"benefits__section benefits__section--additional col-lg-12 col-md-6 col-sm-2\">\n<h2>Zus\u00e4tzliche Vorteile<\/h2>\n<h3>Verbesserte Bel\u00fcftung<\/h3>\n<p>Strategisch positioniertes, perforiertes Gewebe f\u00fcr bessere Bel\u00fcftung.<\/p>\n<\/div>\n<\/div>\n","protected":false},"excerpt":{"rendered":"<p>Ein Pullover-BH, der keine gekreuzten Tr\u00e4ger hat? Aber sicher doch. Dieser Crossback-Lauf-BH kombiniert einen schlichten, eleganten Stil mit der l\u00e4uferfreundlichen Unterst\u00fctzung integrierter, geformter Cups. Aufprall-Typ Hoher Aufprall Gewebe K\u00d6RPER: DriLayer. HorsePower Spacer 63% Nylon\/37% Spandex CUPS: DriLayer. 100% Polyester Verschluss Typ Pullover Dare Run BHs von Brooks Unsere neue BH-Kollektion ist die gr\u00f6\u00dfte Innovation in &hellip; <a href=\"https:\/\/www.miomiorun.com\/de\/produkt\/brooks-dare-crossback-run-bra-damen\/\">Continued<\/a><\/p>\n","protected":false},"featured_media":55497,"template":"","meta":{"_acf_changed":false,"inline_featured_image":false},"product_brand":[],"product_cat":[6495,6494,6497],"product_tag":[3362,6205],"class_list":{"0":"post-170877","1":"product","2":"type-product","3":"status-publish","4":"has-post-thumbnail","6":"product_cat-sale-damen-de","7":"product_cat-sale-damen-bekleidung-de","8":"product_cat-sale-waesche-damen-de","9":"product_tag-brooks-de","10":"product_tag-brooks-damen-de","11":"pa_attivita-fitness-de","12":"pa_attivita-gehen","13":"pa_attivita-running-de","14":"pa_colore-dare-crossback-run-bra-fluoro-pink-de","15":"pa_colore-dare-crossback-run-bra-magenta-heliotrope-de","16":"pa_marca-brooks-de","17":"pa_sesso-damen","18":"pa_size-32c-de","19":"pa_size-38a-de-2","21":"first","22":"instock","23":"sale","24":"taxable","25":"shipping-taxable","26":"purchasable","27":"product-type-variable","28":"wvs-archive-product-wrapper"},"acf":[],"yoast_head":"<!-- This site is optimized with the Yoast SEO plugin v26.8 - https:\/\/yoast.com\/product\/yoast-seo-wordpress\/ -->\n<title>Brooks Dare crossback Run bra damen - Sport-BH - MioMioRun<\/title>\n<meta name=\"description\" content=\"Dieser Crossback-Lauf-BH kombiniert einen schlichten Stil mit der lauffreundlichen Unterst\u00fctzung integrierter, gemoldeter Cups.\" \/>\n<meta name=\"robots\" content=\"index, follow, max-snippet:-1, max-image-preview:large, max-video-preview:-1\" \/>\n<link rel=\"canonical\" href=\"https:\/\/www.miomiorun.com\/de\/produkt\/brooks-dare-crossback-run-bra-damen\/\" \/>\n<meta property=\"og:locale\" content=\"de_DE\" \/>\n<meta property=\"og:type\" content=\"article\" \/>\n<meta property=\"og:title\" content=\"Brooks Dare crossback Run bra damen - Sport-BH - MioMioRun\" \/>\n<meta property=\"og:description\" content=\"Dieser Crossback-Lauf-BH kombiniert einen schlichten Stil mit der lauffreundlichen Unterst\u00fctzung integrierter, gemoldeter Cups.\" \/>\n<meta property=\"og:url\" content=\"https:\/\/www.miomiorun.com\/de\/produkt\/brooks-dare-crossback-run-bra-damen\/\" \/>\n<meta property=\"og:site_name\" content=\"MioMioRun\" \/>\n<meta property=\"article:publisher\" content=\"https:\/\/www.facebook.com\/miomiorun\/\" \/>\n<meta property=\"article:modified_time\" content=\"2025-02-18T11:20:16+00:00\" \/>\n<meta property=\"og:image\" content=\"https:\/\/www.miomiorun.com\/app\/uploads\/2021\/04\/brooks-Dare-crossback-Run-bra-350074-679.jpg\" \/>\n\t<meta property=\"og:image:width\" content=\"600\" \/>\n\t<meta property=\"og:image:height\" content=\"600\" \/>\n\t<meta property=\"og:image:type\" content=\"image\/jpeg\" \/>\n<meta name=\"twitter:card\" content=\"summary_large_image\" \/>\n<meta name=\"twitter:label1\" content=\"Est. reading time\" \/>\n\t<meta name=\"twitter:data1\" content=\"1 minute\" \/>\n<script type=\"application\/ld+json\" class=\"yoast-schema-graph\">{\"@context\":\"https:\/\/schema.org\",\"@graph\":[{\"@type\":\"WebPage\",\"@id\":\"https:\/\/www.miomiorun.com\/de\/produkt\/brooks-dare-crossback-run-bra-damen\/\",\"url\":\"https:\/\/www.miomiorun.com\/de\/produkt\/brooks-dare-crossback-run-bra-damen\/\",\"name\":\"Brooks Dare crossback Run bra damen - Sport-BH - MioMioRun\",\"isPartOf\":{\"@id\":\"https:\/\/www.miomiorun.com\/de\/#website\"},\"primaryImageOfPage\":{\"@id\":\"https:\/\/www.miomiorun.com\/de\/produkt\/brooks-dare-crossback-run-bra-damen\/#primaryimage\"},\"image\":{\"@id\":\"https:\/\/www.miomiorun.com\/de\/produkt\/brooks-dare-crossback-run-bra-damen\/#primaryimage\"},\"thumbnailUrl\":\"https:\/\/www.miomiorun.com\/app\/uploads\/2021\/04\/brooks-Dare-crossback-Run-bra-350074-679.jpg\",\"datePublished\":\"2021-04-29T16:18:43+00:00\",\"dateModified\":\"2025-02-18T11:20:16+00:00\",\"description\":\"Dieser Crossback-Lauf-BH kombiniert einen schlichten Stil mit der lauffreundlichen Unterst\u00fctzung integrierter, gemoldeter Cups.\",\"breadcrumb\":{\"@id\":\"https:\/\/www.miomiorun.com\/de\/produkt\/brooks-dare-crossback-run-bra-damen\/#breadcrumb\"},\"inLanguage\":\"de-DE\",\"potentialAction\":[{\"@type\":\"ReadAction\",\"target\":[\"https:\/\/www.miomiorun.com\/de\/produkt\/brooks-dare-crossback-run-bra-damen\/\"]}]},{\"@type\":\"ImageObject\",\"inLanguage\":\"de-DE\",\"@id\":\"https:\/\/www.miomiorun.com\/de\/produkt\/brooks-dare-crossback-run-bra-damen\/#primaryimage\",\"url\":\"https:\/\/www.miomiorun.com\/app\/uploads\/2021\/04\/brooks-Dare-crossback-Run-bra-350074-679.jpg\",\"contentUrl\":\"https:\/\/www.miomiorun.com\/app\/uploads\/2021\/04\/brooks-Dare-crossback-Run-bra-350074-679.jpg\",\"width\":600,\"height\":600,\"caption\":\"brooks dare crossback run bra donna\"},{\"@type\":\"BreadcrumbList\",\"@id\":\"https:\/\/www.miomiorun.com\/de\/produkt\/brooks-dare-crossback-run-bra-damen\/#breadcrumb\",\"itemListElement\":[{\"@type\":\"ListItem\",\"position\":1,\"name\":\"Home\",\"item\":\"https:\/\/www.miomiorun.com\/de\/\"},{\"@type\":\"ListItem\",\"position\":2,\"name\":\"Shop\",\"item\":\"https:\/\/www.miomiorun.com\/shop\/\"},{\"@type\":\"ListItem\",\"position\":3,\"name\":\"Dare crossback Run bra damen\"}]},{\"@type\":\"WebSite\",\"@id\":\"https:\/\/www.miomiorun.com\/de\/#website\",\"url\":\"https:\/\/www.miomiorun.com\/de\/\",\"name\":\"MioMioRun\",\"description\":\"100% Lauf- und Trailshop\",\"publisher\":{\"@id\":\"https:\/\/www.miomiorun.com\/de\/#organization\"},\"potentialAction\":[{\"@type\":\"SearchAction\",\"target\":{\"@type\":\"EntryPoint\",\"urlTemplate\":\"https:\/\/www.miomiorun.com\/de\/?s={search_term_string}\"},\"query-input\":{\"@type\":\"PropertyValueSpecification\",\"valueRequired\":true,\"valueName\":\"search_term_string\"}}],\"inLanguage\":\"de-DE\"},{\"@type\":\"Organization\",\"@id\":\"https:\/\/www.miomiorun.com\/de\/#organization\",\"name\":\"MioMio Run\",\"url\":\"https:\/\/www.miomiorun.com\/de\/\",\"logo\":{\"@type\":\"ImageObject\",\"inLanguage\":\"de-DE\",\"@id\":\"https:\/\/www.miomiorun.com\/de\/#\/schema\/logo\/image\/\",\"url\":\"https:\/\/www.miomiorun.com\/app\/uploads\/2019\/12\/logomio.png\",\"contentUrl\":\"https:\/\/www.miomiorun.com\/app\/uploads\/2019\/12\/logomio.png\",\"width\":115,\"height\":82,\"caption\":\"MioMio Run\"},\"image\":{\"@id\":\"https:\/\/www.miomiorun.com\/de\/#\/schema\/logo\/image\/\"},\"sameAs\":[\"https:\/\/www.facebook.com\/miomiorun\/\",\"https:\/\/www.instagram.com\/miomiorun\/\"]}]}<\/script>\n<!-- \/ Yoast SEO plugin. -->","yoast_head_json":{"title":"Brooks Dare crossback Run bra damen - Sport-BH - MioMioRun","description":"Dieser Crossback-Lauf-BH kombiniert einen schlichten Stil mit der lauffreundlichen Unterst\u00fctzung integrierter, gemoldeter Cups.","robots":{"index":"index","follow":"follow","max-snippet":"max-snippet:-1","max-image-preview":"max-image-preview:large","max-video-preview":"max-video-preview:-1"},"canonical":"https:\/\/www.miomiorun.com\/de\/produkt\/brooks-dare-crossback-run-bra-damen\/","og_locale":"de_DE","og_type":"article","og_title":"Brooks Dare crossback Run bra damen - Sport-BH - MioMioRun","og_description":"Dieser Crossback-Lauf-BH kombiniert einen schlichten Stil mit der lauffreundlichen Unterst\u00fctzung integrierter, gemoldeter Cups.","og_url":"https:\/\/www.miomiorun.com\/de\/produkt\/brooks-dare-crossback-run-bra-damen\/","og_site_name":"MioMioRun","article_publisher":"https:\/\/www.facebook.com\/miomiorun\/","article_modified_time":"2025-02-18T11:20:16+00:00","og_image":[{"width":600,"height":600,"url":"https:\/\/www.miomiorun.com\/app\/uploads\/2021\/04\/brooks-Dare-crossback-Run-bra-350074-679.jpg","type":"image\/jpeg"}],"twitter_card":"summary_large_image","twitter_misc":{"Est. reading time":"1 minute"},"schema":{"@context":"https:\/\/schema.org","@graph":[{"@type":"WebPage","@id":"https:\/\/www.miomiorun.com\/de\/produkt\/brooks-dare-crossback-run-bra-damen\/","url":"https:\/\/www.miomiorun.com\/de\/produkt\/brooks-dare-crossback-run-bra-damen\/","name":"Brooks Dare crossback Run bra damen - Sport-BH - MioMioRun","isPartOf":{"@id":"https:\/\/www.miomiorun.com\/de\/#website"},"primaryImageOfPage":{"@id":"https:\/\/www.miomiorun.com\/de\/produkt\/brooks-dare-crossback-run-bra-damen\/#primaryimage"},"image":{"@id":"https:\/\/www.miomiorun.com\/de\/produkt\/brooks-dare-crossback-run-bra-damen\/#primaryimage"},"thumbnailUrl":"https:\/\/www.miomiorun.com\/app\/uploads\/2021\/04\/brooks-Dare-crossback-Run-bra-350074-679.jpg","datePublished":"2021-04-29T16:18:43+00:00","dateModified":"2025-02-18T11:20:16+00:00","description":"Dieser Crossback-Lauf-BH kombiniert einen schlichten Stil mit der lauffreundlichen Unterst\u00fctzung integrierter, gemoldeter Cups.","breadcrumb":{"@id":"https:\/\/www.miomiorun.com\/de\/produkt\/brooks-dare-crossback-run-bra-damen\/#breadcrumb"},"inLanguage":"de-DE","potentialAction":[{"@type":"ReadAction","target":["https:\/\/www.miomiorun.com\/de\/produkt\/brooks-dare-crossback-run-bra-damen\/"]}]},{"@type":"ImageObject","inLanguage":"de-DE","@id":"https:\/\/www.miomiorun.com\/de\/produkt\/brooks-dare-crossback-run-bra-damen\/#primaryimage","url":"https:\/\/www.miomiorun.com\/app\/uploads\/2021\/04\/brooks-Dare-crossback-Run-bra-350074-679.jpg","contentUrl":"https:\/\/www.miomiorun.com\/app\/uploads\/2021\/04\/brooks-Dare-crossback-Run-bra-350074-679.jpg","width":600,"height":600,"caption":"brooks dare crossback run bra donna"},{"@type":"BreadcrumbList","@id":"https:\/\/www.miomiorun.com\/de\/produkt\/brooks-dare-crossback-run-bra-damen\/#breadcrumb","itemListElement":[{"@type":"ListItem","position":1,"name":"Home","item":"https:\/\/www.miomiorun.com\/de\/"},{"@type":"ListItem","position":2,"name":"Shop","item":"https:\/\/www.miomiorun.com\/shop\/"},{"@type":"ListItem","position":3,"name":"Dare crossback Run bra damen"}]},{"@type":"WebSite","@id":"https:\/\/www.miomiorun.com\/de\/#website","url":"https:\/\/www.miomiorun.com\/de\/","name":"MioMioRun","description":"100% Lauf- und Trailshop","publisher":{"@id":"https:\/\/www.miomiorun.com\/de\/#organization"},"potentialAction":[{"@type":"SearchAction","target":{"@type":"EntryPoint","urlTemplate":"https:\/\/www.miomiorun.com\/de\/?s={search_term_string}"},"query-input":{"@type":"PropertyValueSpecification","valueRequired":true,"valueName":"search_term_string"}}],"inLanguage":"de-DE"},{"@type":"Organization","@id":"https:\/\/www.miomiorun.com\/de\/#organization","name":"MioMio Run","url":"https:\/\/www.miomiorun.com\/de\/","logo":{"@type":"ImageObject","inLanguage":"de-DE","@id":"https:\/\/www.miomiorun.com\/de\/#\/schema\/logo\/image\/","url":"https:\/\/www.miomiorun.com\/app\/uploads\/2019\/12\/logomio.png","contentUrl":"https:\/\/www.miomiorun.com\/app\/uploads\/2019\/12\/logomio.png","width":115,"height":82,"caption":"MioMio Run"},"image":{"@id":"https:\/\/www.miomiorun.com\/de\/#\/schema\/logo\/image\/"},"sameAs":["https:\/\/www.facebook.com\/miomiorun\/","https:\/\/www.instagram.com\/miomiorun\/"]}]}},"_links":{"self":[{"href":"https:\/\/www.miomiorun.com\/de\/wp-json\/wp\/v2\/product\/170877","targetHints":{"allow":["GET"]}}],"collection":[{"href":"https:\/\/www.miomiorun.com\/de\/wp-json\/wp\/v2\/product"}],"about":[{"href":"https:\/\/www.miomiorun.com\/de\/wp-json\/wp\/v2\/types\/product"}],"wp:featuredmedia":[{"embeddable":true,"href":"https:\/\/www.miomiorun.com\/de\/wp-json\/wp\/v2\/media\/55497"}],"wp:attachment":[{"href":"https:\/\/www.miomiorun.com\/de\/wp-json\/wp\/v2\/media?parent=170877"}],"wp:term":[{"taxonomy":"product_brand","embeddable":true,"href":"https:\/\/www.miomiorun.com\/de\/wp-json\/wp\/v2\/product_brand?post=170877"},{"taxonomy":"product_cat","embeddable":true,"href":"https:\/\/www.miomiorun.com\/de\/wp-json\/wp\/v2\/product_cat?post=170877"},{"taxonomy":"product_tag","embeddable":true,"href":"https:\/\/www.miomiorun.com\/de\/wp-json\/wp\/v2\/product_tag?post=170877"}],"curies":[{"name":"wp","href":"https:\/\/api.w.org\/{rel}","templated":true}]}}