{"id":170799,"date":"2020-06-29T16:41:34","date_gmt":"2020-06-29T14:41:34","guid":{"rendered":"https:\/\/miomiorun.com\/prodotto\/salming-abisko-rain-jkt-donna\/"},"modified":"2026-05-08T20:39:23","modified_gmt":"2026-05-08T18:39:23","slug":"salming-abisko-rain-jkt-damen","status":"publish","type":"product","link":"https:\/\/www.miomiorun.com\/de\/produkt\/salming-abisko-rain-jkt-damen\/","title":{"rendered":"Abisko Rain Jkt damen"},"content":{"rendered":"<p>Die Abisko Regenjacke ist Salmings Laufjacke, die entwickelt wurde, um rauen und regnerischen Wetterbedingungen standzuhalten. Sie ist aus hochwertigem 3-Lagen-Gewebe der Marke Salming Aqua zero gefertigt. Dieses Kleidungsst\u00fcck hat hitzeversiegelte N\u00e4hte und wasserabweisende Rei\u00dfverschl\u00fcsse an den Vorder- und Seitentaschen. Sie ist so konzipiert, dass Sie beim Laufen trocken und komfortabel bleiben, mit Bel\u00fcftungs\u00f6ffnungen vorne, hinten und unter den Armen. Die Jacke hat viele funktionelle Details wie eine abnehmbare Kapuze, einen verstellbaren Saum und \u00c4rmelb\u00fcndchen, eine Silikongamasche am Saum, reflektierende Details und wasserabweisendes, winddichtes Material.<\/p>\n<p>Passform Regular\/tight Material 100% Polyester Taschen Geklebte Seitentasche mit internem Kopfh\u00f6rerausgang<\/p>\n<p>Rei\u00dfverschl\u00fcsse Wasserabweisende YKK-Rei\u00dfverschl\u00fcsse<\/p>\n","protected":false},"excerpt":{"rendered":"<p>Die Abisko Regenjacke ist Salmings Laufjacke, die entwickelt wurde, um rauen und regnerischen Wetterbedingungen standzuhalten. Sie ist aus hochwertigem 3-Lagen-Gewebe der Marke Salming Aqua zero gefertigt. Dieses Kleidungsst\u00fcck hat hitzeversiegelte N\u00e4hte und wasserabweisende Rei\u00dfverschl\u00fcsse an den Vorder- und Seitentaschen. Sie ist so konzipiert, dass Sie beim Laufen trocken und komfortabel bleiben, mit Bel\u00fcftungs\u00f6ffnungen vorne, hinten &hellip; <a href=\"https:\/\/www.miomiorun.com\/de\/produkt\/salming-abisko-rain-jkt-damen\/\">Continued<\/a><\/p>\n","protected":false},"featured_media":52404,"template":"","meta":{"_acf_changed":false,"inline_featured_image":false},"product_brand":[],"product_cat":[6495,6494,6498],"product_tag":[3388,6282],"class_list":{"0":"post-170799","1":"product","2":"type-product","3":"status-publish","4":"has-post-thumbnail","6":"product_cat-sale-damen-de","7":"product_cat-sale-damen-bekleidung-de","8":"product_cat-sale-damen-jacken-de","9":"product_tag-salming-de","10":"product_tag-salming-damen-de","11":"pa_attivita-gehen","12":"pa_attivita-running-de","13":"pa_marca-salming-de","14":"pa_sesso-damen","15":"pa_size-extra-small-de","16":"pa_size-small-de","18":"first","19":"instock","20":"sale","21":"taxable","22":"shipping-taxable","23":"purchasable","24":"product-type-variable","25":"wvs-archive-product-wrapper"},"acf":[],"yoast_head":"<!-- This site is optimized with the Yoast SEO plugin v26.8 - https:\/\/yoast.com\/product\/yoast-seo-wordpress\/ -->\n<title>Salming Abisko Rain Jkt damen - Laufjacke - MioMioRun.com<\/title>\n<meta name=\"description\" content=\"Die Abisko-Regenjacke aus hochwertigem 3-Lagen-Gewebe ist f\u00fcr raue und regnerische Wetterbedingungen ausgelegt. Entdecken Sie viel mehr auf unserer Website\" \/>\n<meta name=\"robots\" content=\"index, follow, max-snippet:-1, max-image-preview:large, max-video-preview:-1\" \/>\n<link rel=\"canonical\" href=\"https:\/\/www.miomiorun.com\/de\/produkt\/salming-abisko-rain-jkt-damen\/\" \/>\n<meta property=\"og:locale\" content=\"de_DE\" \/>\n<meta property=\"og:type\" content=\"article\" \/>\n<meta property=\"og:title\" content=\"Salming Abisko Rain Jkt damen - Laufjacke - MioMioRun.com\" \/>\n<meta property=\"og:description\" content=\"Die Abisko-Regenjacke aus hochwertigem 3-Lagen-Gewebe ist f\u00fcr raue und regnerische Wetterbedingungen ausgelegt. Entdecken Sie viel mehr auf unserer Website\" \/>\n<meta property=\"og:url\" content=\"https:\/\/www.miomiorun.com\/de\/produkt\/salming-abisko-rain-jkt-damen\/\" \/>\n<meta property=\"og:site_name\" content=\"MioMioRun\" \/>\n<meta property=\"article:publisher\" content=\"https:\/\/www.facebook.com\/miomiorun\/\" \/>\n<meta property=\"article:modified_time\" content=\"2026-05-08T18:39:23+00:00\" \/>\n<meta property=\"og:image\" content=\"https:\/\/www.miomiorun.com\/app\/uploads\/2020\/06\/salming-Abisko-Rain-Jacket-1277645-0101.jpg\" \/>\n\t<meta property=\"og:image:width\" content=\"600\" \/>\n\t<meta property=\"og:image:height\" content=\"600\" \/>\n\t<meta property=\"og:image:type\" content=\"image\/jpeg\" \/>\n<meta name=\"twitter:card\" content=\"summary_large_image\" \/>\n<meta name=\"twitter:label1\" content=\"Est. reading time\" \/>\n\t<meta name=\"twitter:data1\" content=\"1 minute\" \/>\n<script type=\"application\/ld+json\" class=\"yoast-schema-graph\">{\"@context\":\"https:\/\/schema.org\",\"@graph\":[{\"@type\":\"WebPage\",\"@id\":\"https:\/\/www.miomiorun.com\/de\/produkt\/salming-abisko-rain-jkt-damen\/\",\"url\":\"https:\/\/www.miomiorun.com\/de\/produkt\/salming-abisko-rain-jkt-damen\/\",\"name\":\"Salming Abisko Rain Jkt damen - Laufjacke - MioMioRun.com\",\"isPartOf\":{\"@id\":\"https:\/\/www.miomiorun.com\/de\/#website\"},\"primaryImageOfPage\":{\"@id\":\"https:\/\/www.miomiorun.com\/de\/produkt\/salming-abisko-rain-jkt-damen\/#primaryimage\"},\"image\":{\"@id\":\"https:\/\/www.miomiorun.com\/de\/produkt\/salming-abisko-rain-jkt-damen\/#primaryimage\"},\"thumbnailUrl\":\"https:\/\/www.miomiorun.com\/app\/uploads\/2020\/06\/salming-Abisko-Rain-Jacket-1277645-0101.jpg\",\"datePublished\":\"2020-06-29T14:41:34+00:00\",\"dateModified\":\"2026-05-08T18:39:23+00:00\",\"description\":\"Die Abisko-Regenjacke aus hochwertigem 3-Lagen-Gewebe ist f\u00fcr raue und regnerische Wetterbedingungen ausgelegt. Entdecken Sie viel mehr auf unserer Website\",\"breadcrumb\":{\"@id\":\"https:\/\/www.miomiorun.com\/de\/produkt\/salming-abisko-rain-jkt-damen\/#breadcrumb\"},\"inLanguage\":\"de-DE\",\"potentialAction\":[{\"@type\":\"ReadAction\",\"target\":[\"https:\/\/www.miomiorun.com\/de\/produkt\/salming-abisko-rain-jkt-damen\/\"]}]},{\"@type\":\"ImageObject\",\"inLanguage\":\"de-DE\",\"@id\":\"https:\/\/www.miomiorun.com\/de\/produkt\/salming-abisko-rain-jkt-damen\/#primaryimage\",\"url\":\"https:\/\/www.miomiorun.com\/app\/uploads\/2020\/06\/salming-Abisko-Rain-Jacket-1277645-0101.jpg\",\"contentUrl\":\"https:\/\/www.miomiorun.com\/app\/uploads\/2020\/06\/salming-Abisko-Rain-Jacket-1277645-0101.jpg\",\"width\":600,\"height\":600,\"caption\":\"salming-Abisko-Rain-Jacket-1277645-0101\"},{\"@type\":\"BreadcrumbList\",\"@id\":\"https:\/\/www.miomiorun.com\/de\/produkt\/salming-abisko-rain-jkt-damen\/#breadcrumb\",\"itemListElement\":[{\"@type\":\"ListItem\",\"position\":1,\"name\":\"Home\",\"item\":\"https:\/\/www.miomiorun.com\/de\/\"},{\"@type\":\"ListItem\",\"position\":2,\"name\":\"Shop\",\"item\":\"https:\/\/www.miomiorun.com\/shop\/\"},{\"@type\":\"ListItem\",\"position\":3,\"name\":\"Abisko Rain Jkt damen\"}]},{\"@type\":\"WebSite\",\"@id\":\"https:\/\/www.miomiorun.com\/de\/#website\",\"url\":\"https:\/\/www.miomiorun.com\/de\/\",\"name\":\"MioMioRun\",\"description\":\"100% Lauf- und Trailshop\",\"publisher\":{\"@id\":\"https:\/\/www.miomiorun.com\/de\/#organization\"},\"potentialAction\":[{\"@type\":\"SearchAction\",\"target\":{\"@type\":\"EntryPoint\",\"urlTemplate\":\"https:\/\/www.miomiorun.com\/de\/?s={search_term_string}\"},\"query-input\":{\"@type\":\"PropertyValueSpecification\",\"valueRequired\":true,\"valueName\":\"search_term_string\"}}],\"inLanguage\":\"de-DE\"},{\"@type\":\"Organization\",\"@id\":\"https:\/\/www.miomiorun.com\/de\/#organization\",\"name\":\"MioMio Run\",\"url\":\"https:\/\/www.miomiorun.com\/de\/\",\"logo\":{\"@type\":\"ImageObject\",\"inLanguage\":\"de-DE\",\"@id\":\"https:\/\/www.miomiorun.com\/de\/#\/schema\/logo\/image\/\",\"url\":\"https:\/\/www.miomiorun.com\/app\/uploads\/2019\/12\/logomio.png\",\"contentUrl\":\"https:\/\/www.miomiorun.com\/app\/uploads\/2019\/12\/logomio.png\",\"width\":115,\"height\":82,\"caption\":\"MioMio Run\"},\"image\":{\"@id\":\"https:\/\/www.miomiorun.com\/de\/#\/schema\/logo\/image\/\"},\"sameAs\":[\"https:\/\/www.facebook.com\/miomiorun\/\",\"https:\/\/www.instagram.com\/miomiorun\/\"]}]}<\/script>\n<!-- \/ Yoast SEO plugin. -->","yoast_head_json":{"title":"Salming Abisko Rain Jkt damen - Laufjacke - MioMioRun.com","description":"Die Abisko-Regenjacke aus hochwertigem 3-Lagen-Gewebe ist f\u00fcr raue und regnerische Wetterbedingungen ausgelegt. Entdecken Sie viel mehr auf unserer Website","robots":{"index":"index","follow":"follow","max-snippet":"max-snippet:-1","max-image-preview":"max-image-preview:large","max-video-preview":"max-video-preview:-1"},"canonical":"https:\/\/www.miomiorun.com\/de\/produkt\/salming-abisko-rain-jkt-damen\/","og_locale":"de_DE","og_type":"article","og_title":"Salming Abisko Rain Jkt damen - Laufjacke - MioMioRun.com","og_description":"Die Abisko-Regenjacke aus hochwertigem 3-Lagen-Gewebe ist f\u00fcr raue und regnerische Wetterbedingungen ausgelegt. Entdecken Sie viel mehr auf unserer Website","og_url":"https:\/\/www.miomiorun.com\/de\/produkt\/salming-abisko-rain-jkt-damen\/","og_site_name":"MioMioRun","article_publisher":"https:\/\/www.facebook.com\/miomiorun\/","article_modified_time":"2026-05-08T18:39:23+00:00","og_image":[{"width":600,"height":600,"url":"https:\/\/www.miomiorun.com\/app\/uploads\/2020\/06\/salming-Abisko-Rain-Jacket-1277645-0101.jpg","type":"image\/jpeg"}],"twitter_card":"summary_large_image","twitter_misc":{"Est. reading time":"1 minute"},"schema":{"@context":"https:\/\/schema.org","@graph":[{"@type":"WebPage","@id":"https:\/\/www.miomiorun.com\/de\/produkt\/salming-abisko-rain-jkt-damen\/","url":"https:\/\/www.miomiorun.com\/de\/produkt\/salming-abisko-rain-jkt-damen\/","name":"Salming Abisko Rain Jkt damen - Laufjacke - MioMioRun.com","isPartOf":{"@id":"https:\/\/www.miomiorun.com\/de\/#website"},"primaryImageOfPage":{"@id":"https:\/\/www.miomiorun.com\/de\/produkt\/salming-abisko-rain-jkt-damen\/#primaryimage"},"image":{"@id":"https:\/\/www.miomiorun.com\/de\/produkt\/salming-abisko-rain-jkt-damen\/#primaryimage"},"thumbnailUrl":"https:\/\/www.miomiorun.com\/app\/uploads\/2020\/06\/salming-Abisko-Rain-Jacket-1277645-0101.jpg","datePublished":"2020-06-29T14:41:34+00:00","dateModified":"2026-05-08T18:39:23+00:00","description":"Die Abisko-Regenjacke aus hochwertigem 3-Lagen-Gewebe ist f\u00fcr raue und regnerische Wetterbedingungen ausgelegt. Entdecken Sie viel mehr auf unserer Website","breadcrumb":{"@id":"https:\/\/www.miomiorun.com\/de\/produkt\/salming-abisko-rain-jkt-damen\/#breadcrumb"},"inLanguage":"de-DE","potentialAction":[{"@type":"ReadAction","target":["https:\/\/www.miomiorun.com\/de\/produkt\/salming-abisko-rain-jkt-damen\/"]}]},{"@type":"ImageObject","inLanguage":"de-DE","@id":"https:\/\/www.miomiorun.com\/de\/produkt\/salming-abisko-rain-jkt-damen\/#primaryimage","url":"https:\/\/www.miomiorun.com\/app\/uploads\/2020\/06\/salming-Abisko-Rain-Jacket-1277645-0101.jpg","contentUrl":"https:\/\/www.miomiorun.com\/app\/uploads\/2020\/06\/salming-Abisko-Rain-Jacket-1277645-0101.jpg","width":600,"height":600,"caption":"salming-Abisko-Rain-Jacket-1277645-0101"},{"@type":"BreadcrumbList","@id":"https:\/\/www.miomiorun.com\/de\/produkt\/salming-abisko-rain-jkt-damen\/#breadcrumb","itemListElement":[{"@type":"ListItem","position":1,"name":"Home","item":"https:\/\/www.miomiorun.com\/de\/"},{"@type":"ListItem","position":2,"name":"Shop","item":"https:\/\/www.miomiorun.com\/shop\/"},{"@type":"ListItem","position":3,"name":"Abisko Rain Jkt damen"}]},{"@type":"WebSite","@id":"https:\/\/www.miomiorun.com\/de\/#website","url":"https:\/\/www.miomiorun.com\/de\/","name":"MioMioRun","description":"100% Lauf- und Trailshop","publisher":{"@id":"https:\/\/www.miomiorun.com\/de\/#organization"},"potentialAction":[{"@type":"SearchAction","target":{"@type":"EntryPoint","urlTemplate":"https:\/\/www.miomiorun.com\/de\/?s={search_term_string}"},"query-input":{"@type":"PropertyValueSpecification","valueRequired":true,"valueName":"search_term_string"}}],"inLanguage":"de-DE"},{"@type":"Organization","@id":"https:\/\/www.miomiorun.com\/de\/#organization","name":"MioMio Run","url":"https:\/\/www.miomiorun.com\/de\/","logo":{"@type":"ImageObject","inLanguage":"de-DE","@id":"https:\/\/www.miomiorun.com\/de\/#\/schema\/logo\/image\/","url":"https:\/\/www.miomiorun.com\/app\/uploads\/2019\/12\/logomio.png","contentUrl":"https:\/\/www.miomiorun.com\/app\/uploads\/2019\/12\/logomio.png","width":115,"height":82,"caption":"MioMio Run"},"image":{"@id":"https:\/\/www.miomiorun.com\/de\/#\/schema\/logo\/image\/"},"sameAs":["https:\/\/www.facebook.com\/miomiorun\/","https:\/\/www.instagram.com\/miomiorun\/"]}]}},"_links":{"self":[{"href":"https:\/\/www.miomiorun.com\/de\/wp-json\/wp\/v2\/product\/170799","targetHints":{"allow":["GET"]}}],"collection":[{"href":"https:\/\/www.miomiorun.com\/de\/wp-json\/wp\/v2\/product"}],"about":[{"href":"https:\/\/www.miomiorun.com\/de\/wp-json\/wp\/v2\/types\/product"}],"wp:featuredmedia":[{"embeddable":true,"href":"https:\/\/www.miomiorun.com\/de\/wp-json\/wp\/v2\/media\/52404"}],"wp:attachment":[{"href":"https:\/\/www.miomiorun.com\/de\/wp-json\/wp\/v2\/media?parent=170799"}],"wp:term":[{"taxonomy":"product_brand","embeddable":true,"href":"https:\/\/www.miomiorun.com\/de\/wp-json\/wp\/v2\/product_brand?post=170799"},{"taxonomy":"product_cat","embeddable":true,"href":"https:\/\/www.miomiorun.com\/de\/wp-json\/wp\/v2\/product_cat?post=170799"},{"taxonomy":"product_tag","embeddable":true,"href":"https:\/\/www.miomiorun.com\/de\/wp-json\/wp\/v2\/product_tag?post=170799"}],"curies":[{"name":"wp","href":"https:\/\/api.w.org\/{rel}","templated":true}]}}