{"id":170764,"date":"2020-10-31T17:17:31","date_gmt":"2020-10-31T16:17:31","guid":{"rendered":"https:\/\/miomiorun.com\/prodotto\/montura-x-mira-jacket-donna\/"},"modified":"2025-02-14T11:55:50","modified_gmt":"2025-02-14T10:55:50","slug":"montura-x-mira-jacket-damen","status":"publish","type":"product","link":"https:\/\/www.miomiorun.com\/de\/produkt\/montura-x-mira-jacket-damen\/","title":{"rendered":"X-Mira Jacket damen"},"content":{"rendered":"<p>Giacca donna con cappuccio n tessuto misto nylon e poliestere Softshell DWR 4-way-stretch. Contrasto in tessuto nylon DWR stretch e parzialmente foderato in tessuto rete. Centro davanti con zip, tasche mani con zip, taschino interno con zip, cappuccio e fondo rifiniti con elastico. Applicazioni rifrangenti per maggior visibilit\u00e0. Capo ideale per sci alpinismo, running e varie attivit\u00e0 outdoor<\/p>\n<p class=\"product-weight\">Peso: 0.4 kg<\/p>\n<div class=\"product-attribute-season\"><img loading=\"lazy\" decoding=\"async\" class=\"\" src=\"https:\/\/sow.montura.it\/pers\/Media\/Image\/caratteristiche\/climate3.png\" alt=\"Caldo\/Freddo\" width=\"113\" height=\"119\" \/><\/div>\n<div class=\"product-attribute product-attribute-featured-materials\">\n<div class=\"attribute-label\">Tecnologia<\/div>\n<ul>\n<li>pro-meteo<\/li>\n<\/ul>\n<\/div>\n<div class=\"product-attribute product-attribute-passion\">\n<div class=\"attribute-label\">Attivit\u00e0<\/div>\n<ul>\n<li>Arrampicata &#8211; Alpinismo<\/li>\n<li>Running &#8211; Fitness<\/li>\n<li>Sci &#8211; Sci Alpinismo<\/li>\n<li>Trekking &#8211; Viaggio<\/li>\n<\/ul>\n<\/div>\n<div class=\"product-attribute product-attribute-passion\">\n<div id=\"materials\" class=\"data item content\" role=\"tabpanel\" data-role=\"content\" aria-labelledby=\"tab-label-materials\" aria-hidden=\"false\">\n<div class=\"product-materials-content\">\n<div class=\"texture-content primary-texture\">\n<div class=\"content\">\n<div class=\"texture-text\">\n<div class=\"laundry-sides-texture\"><\/div>\n<\/div>\n<\/div>\n<\/div>\n<\/div>\n<\/div>\n<\/div>\n","protected":false},"excerpt":{"rendered":"<p>Giacca donna con cappuccio n tessuto misto nylon e poliestere Softshell DWR 4-way-stretch. Contrasto in tessuto nylon DWR stretch e parzialmente foderato in tessuto rete. Centro davanti con zip, tasche mani con zip, taschino interno con zip, cappuccio e fondo rifiniti con elastico. Applicazioni rifrangenti per maggior visibilit\u00e0. Capo ideale per sci alpinismo, running e &hellip; <a href=\"https:\/\/www.miomiorun.com\/de\/produkt\/montura-x-mira-jacket-damen\/\">Continued<\/a><\/p>\n","protected":false},"featured_media":53530,"template":"","meta":{"_acf_changed":false,"inline_featured_image":false},"product_brand":[],"product_cat":[6495,6494,6498],"product_tag":[3379,6254],"class_list":{"0":"post-170764","1":"product","2":"type-product","3":"status-publish","4":"has-post-thumbnail","6":"product_cat-sale-damen-de","7":"product_cat-sale-damen-bekleidung-de","8":"product_cat-sale-damen-jacken-de","9":"product_tag-montura-de","10":"product_tag-montura-damen-de","11":"pa_attivita-gehen","12":"pa_attivita-running-de","13":"pa_attivita-trail-de","14":"pa_colore-x-mira-jacket-w-piombo-de","15":"pa_marca-montura-de","16":"pa_sesso-damen","17":"pa_size-extra-small-de","19":"first","20":"instock","21":"sale","22":"taxable","23":"shipping-taxable","24":"purchasable","25":"product-type-variable","26":"wvs-archive-product-wrapper"},"acf":[],"yoast_head":"<!-- This site is optimized with the Yoast SEO plugin v26.8 - https:\/\/yoast.com\/product\/yoast-seo-wordpress\/ -->\n<title>Montura X-Mira Jacket damen - Winterjacke - MioMioRun.com<\/title>\n<meta name=\"description\" content=\"Damenjacke mit Kapuze aus Nylon und Polyester Softshell DWR 4-Wege-Stretch-Material. Ideales Kleidungsst\u00fcck zum Skitourengehen, Laufen und f\u00fcr verschiedene Outdoor-Aktivit\u00e4ten\" \/>\n<meta name=\"robots\" content=\"index, follow, max-snippet:-1, max-image-preview:large, max-video-preview:-1\" \/>\n<link rel=\"canonical\" href=\"https:\/\/www.miomiorun.com\/de\/produkt\/montura-x-mira-jacket-damen\/\" \/>\n<meta property=\"og:locale\" content=\"de_DE\" \/>\n<meta property=\"og:type\" content=\"article\" \/>\n<meta property=\"og:title\" content=\"Montura X-Mira Jacket damen - Winterjacke - MioMioRun.com\" \/>\n<meta property=\"og:description\" content=\"Damenjacke mit Kapuze aus Nylon und Polyester Softshell DWR 4-Wege-Stretch-Material. Ideales Kleidungsst\u00fcck zum Skitourengehen, Laufen und f\u00fcr verschiedene Outdoor-Aktivit\u00e4ten\" \/>\n<meta property=\"og:url\" content=\"https:\/\/www.miomiorun.com\/de\/produkt\/montura-x-mira-jacket-damen\/\" \/>\n<meta property=\"og:site_name\" content=\"MioMioRun\" \/>\n<meta property=\"article:publisher\" content=\"https:\/\/www.facebook.com\/miomiorun\/\" \/>\n<meta property=\"article:modified_time\" content=\"2025-02-14T10:55:50+00:00\" \/>\n<meta property=\"og:image\" content=\"https:\/\/www.miomiorun.com\/app\/uploads\/2020\/10\/montura-x-mira-jacket-MJAW04W-93.jpg\" \/>\n\t<meta property=\"og:image:width\" content=\"600\" \/>\n\t<meta property=\"og:image:height\" content=\"600\" \/>\n\t<meta property=\"og:image:type\" content=\"image\/jpeg\" \/>\n<meta name=\"twitter:card\" content=\"summary_large_image\" \/>\n<script type=\"application\/ld+json\" class=\"yoast-schema-graph\">{\"@context\":\"https:\/\/schema.org\",\"@graph\":[{\"@type\":\"WebPage\",\"@id\":\"https:\/\/www.miomiorun.com\/de\/produkt\/montura-x-mira-jacket-damen\/\",\"url\":\"https:\/\/www.miomiorun.com\/de\/produkt\/montura-x-mira-jacket-damen\/\",\"name\":\"Montura X-Mira Jacket damen - Winterjacke - MioMioRun.com\",\"isPartOf\":{\"@id\":\"https:\/\/www.miomiorun.com\/de\/#website\"},\"primaryImageOfPage\":{\"@id\":\"https:\/\/www.miomiorun.com\/de\/produkt\/montura-x-mira-jacket-damen\/#primaryimage\"},\"image\":{\"@id\":\"https:\/\/www.miomiorun.com\/de\/produkt\/montura-x-mira-jacket-damen\/#primaryimage\"},\"thumbnailUrl\":\"https:\/\/www.miomiorun.com\/app\/uploads\/2020\/10\/montura-x-mira-jacket-MJAW04W-93.jpg\",\"datePublished\":\"2020-10-31T16:17:31+00:00\",\"dateModified\":\"2025-02-14T10:55:50+00:00\",\"description\":\"Damenjacke mit Kapuze aus Nylon und Polyester Softshell DWR 4-Wege-Stretch-Material. Ideales Kleidungsst\u00fcck zum Skitourengehen, Laufen und f\u00fcr verschiedene Outdoor-Aktivit\u00e4ten\",\"breadcrumb\":{\"@id\":\"https:\/\/www.miomiorun.com\/de\/produkt\/montura-x-mira-jacket-damen\/#breadcrumb\"},\"inLanguage\":\"de-DE\",\"potentialAction\":[{\"@type\":\"ReadAction\",\"target\":[\"https:\/\/www.miomiorun.com\/de\/produkt\/montura-x-mira-jacket-damen\/\"]}]},{\"@type\":\"ImageObject\",\"inLanguage\":\"de-DE\",\"@id\":\"https:\/\/www.miomiorun.com\/de\/produkt\/montura-x-mira-jacket-damen\/#primaryimage\",\"url\":\"https:\/\/www.miomiorun.com\/app\/uploads\/2020\/10\/montura-x-mira-jacket-MJAW04W-93.jpg\",\"contentUrl\":\"https:\/\/www.miomiorun.com\/app\/uploads\/2020\/10\/montura-x-mira-jacket-MJAW04W-93.jpg\",\"width\":600,\"height\":600,\"caption\":\"montura x mira jacket\"},{\"@type\":\"BreadcrumbList\",\"@id\":\"https:\/\/www.miomiorun.com\/de\/produkt\/montura-x-mira-jacket-damen\/#breadcrumb\",\"itemListElement\":[{\"@type\":\"ListItem\",\"position\":1,\"name\":\"Home\",\"item\":\"https:\/\/www.miomiorun.com\/de\/\"},{\"@type\":\"ListItem\",\"position\":2,\"name\":\"Shop\",\"item\":\"https:\/\/www.miomiorun.com\/shop\/\"},{\"@type\":\"ListItem\",\"position\":3,\"name\":\"X-Mira Jacket damen\"}]},{\"@type\":\"WebSite\",\"@id\":\"https:\/\/www.miomiorun.com\/de\/#website\",\"url\":\"https:\/\/www.miomiorun.com\/de\/\",\"name\":\"MioMioRun\",\"description\":\"100% Lauf- und Trailshop\",\"publisher\":{\"@id\":\"https:\/\/www.miomiorun.com\/de\/#organization\"},\"potentialAction\":[{\"@type\":\"SearchAction\",\"target\":{\"@type\":\"EntryPoint\",\"urlTemplate\":\"https:\/\/www.miomiorun.com\/de\/?s={search_term_string}\"},\"query-input\":{\"@type\":\"PropertyValueSpecification\",\"valueRequired\":true,\"valueName\":\"search_term_string\"}}],\"inLanguage\":\"de-DE\"},{\"@type\":\"Organization\",\"@id\":\"https:\/\/www.miomiorun.com\/de\/#organization\",\"name\":\"MioMio Run\",\"url\":\"https:\/\/www.miomiorun.com\/de\/\",\"logo\":{\"@type\":\"ImageObject\",\"inLanguage\":\"de-DE\",\"@id\":\"https:\/\/www.miomiorun.com\/de\/#\/schema\/logo\/image\/\",\"url\":\"https:\/\/www.miomiorun.com\/app\/uploads\/2019\/12\/logomio.png\",\"contentUrl\":\"https:\/\/www.miomiorun.com\/app\/uploads\/2019\/12\/logomio.png\",\"width\":115,\"height\":82,\"caption\":\"MioMio Run\"},\"image\":{\"@id\":\"https:\/\/www.miomiorun.com\/de\/#\/schema\/logo\/image\/\"},\"sameAs\":[\"https:\/\/www.facebook.com\/miomiorun\/\",\"https:\/\/www.instagram.com\/miomiorun\/\"]}]}<\/script>\n<!-- \/ Yoast SEO plugin. -->","yoast_head_json":{"title":"Montura X-Mira Jacket damen - Winterjacke - MioMioRun.com","description":"Damenjacke mit Kapuze aus Nylon und Polyester Softshell DWR 4-Wege-Stretch-Material. Ideales Kleidungsst\u00fcck zum Skitourengehen, Laufen und f\u00fcr verschiedene Outdoor-Aktivit\u00e4ten","robots":{"index":"index","follow":"follow","max-snippet":"max-snippet:-1","max-image-preview":"max-image-preview:large","max-video-preview":"max-video-preview:-1"},"canonical":"https:\/\/www.miomiorun.com\/de\/produkt\/montura-x-mira-jacket-damen\/","og_locale":"de_DE","og_type":"article","og_title":"Montura X-Mira Jacket damen - Winterjacke - MioMioRun.com","og_description":"Damenjacke mit Kapuze aus Nylon und Polyester Softshell DWR 4-Wege-Stretch-Material. Ideales Kleidungsst\u00fcck zum Skitourengehen, Laufen und f\u00fcr verschiedene Outdoor-Aktivit\u00e4ten","og_url":"https:\/\/www.miomiorun.com\/de\/produkt\/montura-x-mira-jacket-damen\/","og_site_name":"MioMioRun","article_publisher":"https:\/\/www.facebook.com\/miomiorun\/","article_modified_time":"2025-02-14T10:55:50+00:00","og_image":[{"width":600,"height":600,"url":"https:\/\/www.miomiorun.com\/app\/uploads\/2020\/10\/montura-x-mira-jacket-MJAW04W-93.jpg","type":"image\/jpeg"}],"twitter_card":"summary_large_image","schema":{"@context":"https:\/\/schema.org","@graph":[{"@type":"WebPage","@id":"https:\/\/www.miomiorun.com\/de\/produkt\/montura-x-mira-jacket-damen\/","url":"https:\/\/www.miomiorun.com\/de\/produkt\/montura-x-mira-jacket-damen\/","name":"Montura X-Mira Jacket damen - Winterjacke - MioMioRun.com","isPartOf":{"@id":"https:\/\/www.miomiorun.com\/de\/#website"},"primaryImageOfPage":{"@id":"https:\/\/www.miomiorun.com\/de\/produkt\/montura-x-mira-jacket-damen\/#primaryimage"},"image":{"@id":"https:\/\/www.miomiorun.com\/de\/produkt\/montura-x-mira-jacket-damen\/#primaryimage"},"thumbnailUrl":"https:\/\/www.miomiorun.com\/app\/uploads\/2020\/10\/montura-x-mira-jacket-MJAW04W-93.jpg","datePublished":"2020-10-31T16:17:31+00:00","dateModified":"2025-02-14T10:55:50+00:00","description":"Damenjacke mit Kapuze aus Nylon und Polyester Softshell DWR 4-Wege-Stretch-Material. Ideales Kleidungsst\u00fcck zum Skitourengehen, Laufen und f\u00fcr verschiedene Outdoor-Aktivit\u00e4ten","breadcrumb":{"@id":"https:\/\/www.miomiorun.com\/de\/produkt\/montura-x-mira-jacket-damen\/#breadcrumb"},"inLanguage":"de-DE","potentialAction":[{"@type":"ReadAction","target":["https:\/\/www.miomiorun.com\/de\/produkt\/montura-x-mira-jacket-damen\/"]}]},{"@type":"ImageObject","inLanguage":"de-DE","@id":"https:\/\/www.miomiorun.com\/de\/produkt\/montura-x-mira-jacket-damen\/#primaryimage","url":"https:\/\/www.miomiorun.com\/app\/uploads\/2020\/10\/montura-x-mira-jacket-MJAW04W-93.jpg","contentUrl":"https:\/\/www.miomiorun.com\/app\/uploads\/2020\/10\/montura-x-mira-jacket-MJAW04W-93.jpg","width":600,"height":600,"caption":"montura x mira jacket"},{"@type":"BreadcrumbList","@id":"https:\/\/www.miomiorun.com\/de\/produkt\/montura-x-mira-jacket-damen\/#breadcrumb","itemListElement":[{"@type":"ListItem","position":1,"name":"Home","item":"https:\/\/www.miomiorun.com\/de\/"},{"@type":"ListItem","position":2,"name":"Shop","item":"https:\/\/www.miomiorun.com\/shop\/"},{"@type":"ListItem","position":3,"name":"X-Mira Jacket damen"}]},{"@type":"WebSite","@id":"https:\/\/www.miomiorun.com\/de\/#website","url":"https:\/\/www.miomiorun.com\/de\/","name":"MioMioRun","description":"100% Lauf- und Trailshop","publisher":{"@id":"https:\/\/www.miomiorun.com\/de\/#organization"},"potentialAction":[{"@type":"SearchAction","target":{"@type":"EntryPoint","urlTemplate":"https:\/\/www.miomiorun.com\/de\/?s={search_term_string}"},"query-input":{"@type":"PropertyValueSpecification","valueRequired":true,"valueName":"search_term_string"}}],"inLanguage":"de-DE"},{"@type":"Organization","@id":"https:\/\/www.miomiorun.com\/de\/#organization","name":"MioMio Run","url":"https:\/\/www.miomiorun.com\/de\/","logo":{"@type":"ImageObject","inLanguage":"de-DE","@id":"https:\/\/www.miomiorun.com\/de\/#\/schema\/logo\/image\/","url":"https:\/\/www.miomiorun.com\/app\/uploads\/2019\/12\/logomio.png","contentUrl":"https:\/\/www.miomiorun.com\/app\/uploads\/2019\/12\/logomio.png","width":115,"height":82,"caption":"MioMio Run"},"image":{"@id":"https:\/\/www.miomiorun.com\/de\/#\/schema\/logo\/image\/"},"sameAs":["https:\/\/www.facebook.com\/miomiorun\/","https:\/\/www.instagram.com\/miomiorun\/"]}]}},"_links":{"self":[{"href":"https:\/\/www.miomiorun.com\/de\/wp-json\/wp\/v2\/product\/170764","targetHints":{"allow":["GET"]}}],"collection":[{"href":"https:\/\/www.miomiorun.com\/de\/wp-json\/wp\/v2\/product"}],"about":[{"href":"https:\/\/www.miomiorun.com\/de\/wp-json\/wp\/v2\/types\/product"}],"wp:featuredmedia":[{"embeddable":true,"href":"https:\/\/www.miomiorun.com\/de\/wp-json\/wp\/v2\/media\/53530"}],"wp:attachment":[{"href":"https:\/\/www.miomiorun.com\/de\/wp-json\/wp\/v2\/media?parent=170764"}],"wp:term":[{"taxonomy":"product_brand","embeddable":true,"href":"https:\/\/www.miomiorun.com\/de\/wp-json\/wp\/v2\/product_brand?post=170764"},{"taxonomy":"product_cat","embeddable":true,"href":"https:\/\/www.miomiorun.com\/de\/wp-json\/wp\/v2\/product_cat?post=170764"},{"taxonomy":"product_tag","embeddable":true,"href":"https:\/\/www.miomiorun.com\/de\/wp-json\/wp\/v2\/product_tag?post=170764"}],"curies":[{"name":"wp","href":"https:\/\/api.w.org\/{rel}","templated":true}]}}