{"id":170735,"date":"2021-07-17T10:04:17","date_gmt":"2021-07-17T08:04:17","guid":{"rendered":"https:\/\/miomiorun.com\/prodotto\/asics-lite-show-jkt-performance-donna\/"},"modified":"2025-02-19T10:41:02","modified_gmt":"2025-02-19T09:41:02","slug":"asics-lite-show-jkt-performance-damen","status":"publish","type":"product","link":"https:\/\/www.miomiorun.com\/de\/produkt\/asics-lite-show-jkt-performance-damen\/","title":{"rendered":"Lite Show Jkt Performance damen"},"content":{"rendered":"<div class=\"product-info-section-inner\">\n<p>Ob beim Training oder bei der Vorbereitung auf einen Nachtlauf, die ASICS<strong> LITE-Show<\/strong> Laufjacke f\u00fcr Damen ist praktisch und bequem und verf\u00fcgt \u00fcber eine 360\u00b0-Reflexionsfl\u00e4che am K\u00f6rper und strategisch platzierte Reflexionsdetails, die dich auch bei Dunkelheit gut sichtbar machen.<\/p>\n<p>Diese vielseitige Jacke, die sich leicht \u00fcber anderen Kleidungsst\u00fccken tragen l\u00e4sst, wenn es kalt wird, verf\u00fcgt \u00fcber einen durchgehenden Rei\u00dfverschluss f\u00fcr eine einfache Handhabung und zwei Fronttaschen f\u00fcr die sichere Aufbewahrung von Kleinigkeiten.<\/p>\n<p>Das besonders leichte Material sorgt f\u00fcr optimale Bel\u00fcftung und Komfort. Die Jacke mit normaler Passform schr\u00e4nkt die Bewegungsfreiheit nicht ein, sodass Sie Ihre Leistung verbessern k\u00f6nnen. Die LITE-Show-Jacke f\u00fcr Damen erledigt den Rest &#8211; Sie m\u00fcssen sich nur noch auf das Laufen konzentrieren.<\/p>\n<h3>Eigenschaften<\/h3>\n<ul>\n<li>Normale Passform.<\/li>\n<li>Wasserdicht.<\/li>\n<li>Winddicht.<\/li>\n<li>Leichtes Gewebe.<\/li>\n<li>Ideales Kleidungsst\u00fcck zum \u00dcberziehen.<\/li>\n<li>Flache Stretchb\u00fcndchen und Saumdetails.<\/li>\n<li>Sichere Fronttaschen.<\/li>\n<li>Reflektierende Elemente auf dem K\u00f6rper in 360\u00b0 LITE-Show abgebildet.<\/li>\n<li>Reflektierendes ASICS-Logo.<\/li>\n<li>S1-Technologie: Wind- und wasserdichte Eigenschaften erm\u00f6glichen es Ihnen, sich bei jedem Wetter zu bewegen.<\/li>\n<li>Material: 100 % Polyester.<\/li>\n<li>Gewicht: 56g<\/li>\n<\/ul>\n<p>&nbsp;<\/p>\n<\/div>\n","protected":false},"excerpt":{"rendered":"<p>Ob beim Training oder bei der Vorbereitung auf einen Nachtlauf, die ASICS LITE-Show Laufjacke f\u00fcr Damen ist praktisch und bequem und verf\u00fcgt \u00fcber eine 360\u00b0-Reflexionsfl\u00e4che am K\u00f6rper und strategisch platzierte Reflexionsdetails, die dich auch bei Dunkelheit gut sichtbar machen. Diese vielseitige Jacke, die sich leicht \u00fcber anderen Kleidungsst\u00fccken tragen l\u00e4sst, wenn es kalt wird, verf\u00fcgt &hellip; <a href=\"https:\/\/www.miomiorun.com\/de\/produkt\/asics-lite-show-jkt-performance-damen\/\">Continued<\/a><\/p>\n","protected":false},"featured_media":56775,"template":"","meta":{"_acf_changed":false,"inline_featured_image":false},"product_brand":[],"product_cat":[6495,6494,6498],"product_tag":[3404,6201],"class_list":{"0":"post-170735","1":"product","2":"type-product","3":"status-publish","4":"has-post-thumbnail","6":"product_cat-sale-damen-de","7":"product_cat-sale-damen-bekleidung-de","8":"product_cat-sale-damen-jacken-de","9":"product_tag-asics-de","10":"product_tag-asics-damen-de","11":"pa_attivita-gehen","12":"pa_attivita-running-de","13":"pa_marca-asics-de","14":"pa_sesso-damen","15":"pa_size-large-de","17":"first","18":"instock","19":"sale","20":"taxable","21":"shipping-taxable","22":"purchasable","23":"product-type-variable","24":"wvs-archive-product-wrapper"},"acf":[],"yoast_head":"<!-- This site is optimized with the Yoast SEO plugin v26.8 - https:\/\/yoast.com\/product\/yoast-seo-wordpress\/ -->\n<title>Asics Lite Show Jkt Performance damen - Laufjacke - MioMioRun<\/title>\n<meta name=\"description\" content=\"Tragen Sie dieses weiche, lang\u00e4rmelige Stretch-Lauftrikot f\u00fcr Frauen Asics Lite Show mit hohem Halsausschnitt und ASICS Lite-Show-Aufdruck.\" \/>\n<meta name=\"robots\" content=\"index, follow, max-snippet:-1, max-image-preview:large, max-video-preview:-1\" \/>\n<link rel=\"canonical\" href=\"https:\/\/www.miomiorun.com\/de\/produkt\/asics-lite-show-jkt-performance-damen\/\" \/>\n<meta property=\"og:locale\" content=\"de_DE\" \/>\n<meta property=\"og:type\" content=\"article\" \/>\n<meta property=\"og:title\" content=\"Asics Lite Show Jkt Performance damen - Laufjacke - MioMioRun\" \/>\n<meta property=\"og:description\" content=\"Tragen Sie dieses weiche, lang\u00e4rmelige Stretch-Lauftrikot f\u00fcr Frauen Asics Lite Show mit hohem Halsausschnitt und ASICS Lite-Show-Aufdruck.\" \/>\n<meta property=\"og:url\" content=\"https:\/\/www.miomiorun.com\/de\/produkt\/asics-lite-show-jkt-performance-damen\/\" \/>\n<meta property=\"og:site_name\" content=\"MioMioRun\" \/>\n<meta property=\"article:publisher\" content=\"https:\/\/www.facebook.com\/miomiorun\/\" \/>\n<meta property=\"article:modified_time\" content=\"2025-02-19T09:41:02+00:00\" \/>\n<meta property=\"og:image\" content=\"https:\/\/www.miomiorun.com\/app\/uploads\/2021\/07\/asics-Lite-show-jkt-performance-141225-0904.jpg\" \/>\n\t<meta property=\"og:image:width\" content=\"600\" \/>\n\t<meta property=\"og:image:height\" content=\"600\" \/>\n\t<meta property=\"og:image:type\" content=\"image\/jpeg\" \/>\n<meta name=\"twitter:card\" content=\"summary_large_image\" \/>\n<meta name=\"twitter:label1\" content=\"Est. reading time\" \/>\n\t<meta name=\"twitter:data1\" content=\"1 minute\" \/>\n<script type=\"application\/ld+json\" class=\"yoast-schema-graph\">{\"@context\":\"https:\/\/schema.org\",\"@graph\":[{\"@type\":\"WebPage\",\"@id\":\"https:\/\/www.miomiorun.com\/de\/produkt\/asics-lite-show-jkt-performance-damen\/\",\"url\":\"https:\/\/www.miomiorun.com\/de\/produkt\/asics-lite-show-jkt-performance-damen\/\",\"name\":\"Asics Lite Show Jkt Performance damen - Laufjacke - MioMioRun\",\"isPartOf\":{\"@id\":\"https:\/\/www.miomiorun.com\/de\/#website\"},\"primaryImageOfPage\":{\"@id\":\"https:\/\/www.miomiorun.com\/de\/produkt\/asics-lite-show-jkt-performance-damen\/#primaryimage\"},\"image\":{\"@id\":\"https:\/\/www.miomiorun.com\/de\/produkt\/asics-lite-show-jkt-performance-damen\/#primaryimage\"},\"thumbnailUrl\":\"https:\/\/www.miomiorun.com\/app\/uploads\/2021\/07\/asics-Lite-show-jkt-performance-141225-0904.jpg\",\"datePublished\":\"2021-07-17T08:04:17+00:00\",\"dateModified\":\"2025-02-19T09:41:02+00:00\",\"description\":\"Tragen Sie dieses weiche, lang\u00e4rmelige Stretch-Lauftrikot f\u00fcr Frauen Asics Lite Show mit hohem Halsausschnitt und ASICS Lite-Show-Aufdruck.\",\"breadcrumb\":{\"@id\":\"https:\/\/www.miomiorun.com\/de\/produkt\/asics-lite-show-jkt-performance-damen\/#breadcrumb\"},\"inLanguage\":\"de-DE\",\"potentialAction\":[{\"@type\":\"ReadAction\",\"target\":[\"https:\/\/www.miomiorun.com\/de\/produkt\/asics-lite-show-jkt-performance-damen\/\"]}]},{\"@type\":\"ImageObject\",\"inLanguage\":\"de-DE\",\"@id\":\"https:\/\/www.miomiorun.com\/de\/produkt\/asics-lite-show-jkt-performance-damen\/#primaryimage\",\"url\":\"https:\/\/www.miomiorun.com\/app\/uploads\/2021\/07\/asics-Lite-show-jkt-performance-141225-0904.jpg\",\"contentUrl\":\"https:\/\/www.miomiorun.com\/app\/uploads\/2021\/07\/asics-Lite-show-jkt-performance-141225-0904.jpg\",\"width\":600,\"height\":600,\"caption\":\"asics life show jkt performance\"},{\"@type\":\"BreadcrumbList\",\"@id\":\"https:\/\/www.miomiorun.com\/de\/produkt\/asics-lite-show-jkt-performance-damen\/#breadcrumb\",\"itemListElement\":[{\"@type\":\"ListItem\",\"position\":1,\"name\":\"Home\",\"item\":\"https:\/\/www.miomiorun.com\/de\/\"},{\"@type\":\"ListItem\",\"position\":2,\"name\":\"Shop\",\"item\":\"https:\/\/www.miomiorun.com\/shop\/\"},{\"@type\":\"ListItem\",\"position\":3,\"name\":\"Lite Show Jkt Performance damen\"}]},{\"@type\":\"WebSite\",\"@id\":\"https:\/\/www.miomiorun.com\/de\/#website\",\"url\":\"https:\/\/www.miomiorun.com\/de\/\",\"name\":\"MioMioRun\",\"description\":\"100% Lauf- und Trailshop\",\"publisher\":{\"@id\":\"https:\/\/www.miomiorun.com\/de\/#organization\"},\"potentialAction\":[{\"@type\":\"SearchAction\",\"target\":{\"@type\":\"EntryPoint\",\"urlTemplate\":\"https:\/\/www.miomiorun.com\/de\/?s={search_term_string}\"},\"query-input\":{\"@type\":\"PropertyValueSpecification\",\"valueRequired\":true,\"valueName\":\"search_term_string\"}}],\"inLanguage\":\"de-DE\"},{\"@type\":\"Organization\",\"@id\":\"https:\/\/www.miomiorun.com\/de\/#organization\",\"name\":\"MioMio Run\",\"url\":\"https:\/\/www.miomiorun.com\/de\/\",\"logo\":{\"@type\":\"ImageObject\",\"inLanguage\":\"de-DE\",\"@id\":\"https:\/\/www.miomiorun.com\/de\/#\/schema\/logo\/image\/\",\"url\":\"https:\/\/www.miomiorun.com\/app\/uploads\/2019\/12\/logomio.png\",\"contentUrl\":\"https:\/\/www.miomiorun.com\/app\/uploads\/2019\/12\/logomio.png\",\"width\":115,\"height\":82,\"caption\":\"MioMio Run\"},\"image\":{\"@id\":\"https:\/\/www.miomiorun.com\/de\/#\/schema\/logo\/image\/\"},\"sameAs\":[\"https:\/\/www.facebook.com\/miomiorun\/\",\"https:\/\/www.instagram.com\/miomiorun\/\"]}]}<\/script>\n<!-- \/ Yoast SEO plugin. -->","yoast_head_json":{"title":"Asics Lite Show Jkt Performance damen - Laufjacke - MioMioRun","description":"Tragen Sie dieses weiche, lang\u00e4rmelige Stretch-Lauftrikot f\u00fcr Frauen Asics Lite Show mit hohem Halsausschnitt und ASICS Lite-Show-Aufdruck.","robots":{"index":"index","follow":"follow","max-snippet":"max-snippet:-1","max-image-preview":"max-image-preview:large","max-video-preview":"max-video-preview:-1"},"canonical":"https:\/\/www.miomiorun.com\/de\/produkt\/asics-lite-show-jkt-performance-damen\/","og_locale":"de_DE","og_type":"article","og_title":"Asics Lite Show Jkt Performance damen - Laufjacke - MioMioRun","og_description":"Tragen Sie dieses weiche, lang\u00e4rmelige Stretch-Lauftrikot f\u00fcr Frauen Asics Lite Show mit hohem Halsausschnitt und ASICS Lite-Show-Aufdruck.","og_url":"https:\/\/www.miomiorun.com\/de\/produkt\/asics-lite-show-jkt-performance-damen\/","og_site_name":"MioMioRun","article_publisher":"https:\/\/www.facebook.com\/miomiorun\/","article_modified_time":"2025-02-19T09:41:02+00:00","og_image":[{"width":600,"height":600,"url":"https:\/\/www.miomiorun.com\/app\/uploads\/2021\/07\/asics-Lite-show-jkt-performance-141225-0904.jpg","type":"image\/jpeg"}],"twitter_card":"summary_large_image","twitter_misc":{"Est. reading time":"1 minute"},"schema":{"@context":"https:\/\/schema.org","@graph":[{"@type":"WebPage","@id":"https:\/\/www.miomiorun.com\/de\/produkt\/asics-lite-show-jkt-performance-damen\/","url":"https:\/\/www.miomiorun.com\/de\/produkt\/asics-lite-show-jkt-performance-damen\/","name":"Asics Lite Show Jkt Performance damen - Laufjacke - MioMioRun","isPartOf":{"@id":"https:\/\/www.miomiorun.com\/de\/#website"},"primaryImageOfPage":{"@id":"https:\/\/www.miomiorun.com\/de\/produkt\/asics-lite-show-jkt-performance-damen\/#primaryimage"},"image":{"@id":"https:\/\/www.miomiorun.com\/de\/produkt\/asics-lite-show-jkt-performance-damen\/#primaryimage"},"thumbnailUrl":"https:\/\/www.miomiorun.com\/app\/uploads\/2021\/07\/asics-Lite-show-jkt-performance-141225-0904.jpg","datePublished":"2021-07-17T08:04:17+00:00","dateModified":"2025-02-19T09:41:02+00:00","description":"Tragen Sie dieses weiche, lang\u00e4rmelige Stretch-Lauftrikot f\u00fcr Frauen Asics Lite Show mit hohem Halsausschnitt und ASICS Lite-Show-Aufdruck.","breadcrumb":{"@id":"https:\/\/www.miomiorun.com\/de\/produkt\/asics-lite-show-jkt-performance-damen\/#breadcrumb"},"inLanguage":"de-DE","potentialAction":[{"@type":"ReadAction","target":["https:\/\/www.miomiorun.com\/de\/produkt\/asics-lite-show-jkt-performance-damen\/"]}]},{"@type":"ImageObject","inLanguage":"de-DE","@id":"https:\/\/www.miomiorun.com\/de\/produkt\/asics-lite-show-jkt-performance-damen\/#primaryimage","url":"https:\/\/www.miomiorun.com\/app\/uploads\/2021\/07\/asics-Lite-show-jkt-performance-141225-0904.jpg","contentUrl":"https:\/\/www.miomiorun.com\/app\/uploads\/2021\/07\/asics-Lite-show-jkt-performance-141225-0904.jpg","width":600,"height":600,"caption":"asics life show jkt performance"},{"@type":"BreadcrumbList","@id":"https:\/\/www.miomiorun.com\/de\/produkt\/asics-lite-show-jkt-performance-damen\/#breadcrumb","itemListElement":[{"@type":"ListItem","position":1,"name":"Home","item":"https:\/\/www.miomiorun.com\/de\/"},{"@type":"ListItem","position":2,"name":"Shop","item":"https:\/\/www.miomiorun.com\/shop\/"},{"@type":"ListItem","position":3,"name":"Lite Show Jkt Performance damen"}]},{"@type":"WebSite","@id":"https:\/\/www.miomiorun.com\/de\/#website","url":"https:\/\/www.miomiorun.com\/de\/","name":"MioMioRun","description":"100% Lauf- und Trailshop","publisher":{"@id":"https:\/\/www.miomiorun.com\/de\/#organization"},"potentialAction":[{"@type":"SearchAction","target":{"@type":"EntryPoint","urlTemplate":"https:\/\/www.miomiorun.com\/de\/?s={search_term_string}"},"query-input":{"@type":"PropertyValueSpecification","valueRequired":true,"valueName":"search_term_string"}}],"inLanguage":"de-DE"},{"@type":"Organization","@id":"https:\/\/www.miomiorun.com\/de\/#organization","name":"MioMio Run","url":"https:\/\/www.miomiorun.com\/de\/","logo":{"@type":"ImageObject","inLanguage":"de-DE","@id":"https:\/\/www.miomiorun.com\/de\/#\/schema\/logo\/image\/","url":"https:\/\/www.miomiorun.com\/app\/uploads\/2019\/12\/logomio.png","contentUrl":"https:\/\/www.miomiorun.com\/app\/uploads\/2019\/12\/logomio.png","width":115,"height":82,"caption":"MioMio Run"},"image":{"@id":"https:\/\/www.miomiorun.com\/de\/#\/schema\/logo\/image\/"},"sameAs":["https:\/\/www.facebook.com\/miomiorun\/","https:\/\/www.instagram.com\/miomiorun\/"]}]}},"_links":{"self":[{"href":"https:\/\/www.miomiorun.com\/de\/wp-json\/wp\/v2\/product\/170735","targetHints":{"allow":["GET"]}}],"collection":[{"href":"https:\/\/www.miomiorun.com\/de\/wp-json\/wp\/v2\/product"}],"about":[{"href":"https:\/\/www.miomiorun.com\/de\/wp-json\/wp\/v2\/types\/product"}],"wp:featuredmedia":[{"embeddable":true,"href":"https:\/\/www.miomiorun.com\/de\/wp-json\/wp\/v2\/media\/56775"}],"wp:attachment":[{"href":"https:\/\/www.miomiorun.com\/de\/wp-json\/wp\/v2\/media?parent=170735"}],"wp:term":[{"taxonomy":"product_brand","embeddable":true,"href":"https:\/\/www.miomiorun.com\/de\/wp-json\/wp\/v2\/product_brand?post=170735"},{"taxonomy":"product_cat","embeddable":true,"href":"https:\/\/www.miomiorun.com\/de\/wp-json\/wp\/v2\/product_cat?post=170735"},{"taxonomy":"product_tag","embeddable":true,"href":"https:\/\/www.miomiorun.com\/de\/wp-json\/wp\/v2\/product_tag?post=170735"}],"curies":[{"name":"wp","href":"https:\/\/api.w.org\/{rel}","templated":true}]}}