{"id":170699,"date":"2021-10-12T16:23:57","date_gmt":"2021-10-12T14:23:57","guid":{"rendered":"https:\/\/miomiorun.com\/prodotto\/la-sportiva-hera-jkt-donna\/"},"modified":"2025-02-14T10:40:48","modified_gmt":"2025-02-14T09:40:48","slug":"la-sportiva-hera-jkt-damen","status":"publish","type":"product","link":"https:\/\/www.miomiorun.com\/de\/produkt\/la-sportiva-hera-jkt-damen\/","title":{"rendered":"Hera Jkt damen"},"content":{"rendered":"<p>Die Sportiva <strong>Hera Jkt<\/strong> Women&#8217;s ist eine zweite Schicht aus recyceltem Material und bietet die n\u00f6tige W\u00e4rme f\u00fcr Ausfl\u00fcge bei niedrigen Temperaturen. Dank des durchgehenden Rei\u00dfverschlusses sind Atmungsaktivit\u00e4t und vollst\u00e4ndige Bel\u00fcftung garantiert.<\/p>\n<h3>Technische Informationen:<\/h3>\n<p><img decoding=\"async\" class=\"img-responsive margin-bottom-sm\" src=\"https:\/\/www.lasportiva.com\/media\/techinfo_icons\/Breathability_75x75.png\" \/><\/p>\n<p>A<strong>tmungsaktivit\u00e4t:<\/strong> Hochgradig atmungsaktive Produkte f\u00fcr optimalen Klimakomfort.<\/p>\n<p><img decoding=\"async\" class=\"img-responsive margin-bottom-sm\" src=\"https:\/\/www.lasportiva.com\/media\/techinfo_icons\/Stretch_75x75.png\" \/><\/p>\n<p>E<strong>lastizit\u00e4t<\/strong>: Bequeme und reaktionsf\u00e4hige Kleidungsst\u00fccke, die maximale Bewegungsfreiheit garantieren.<\/p>\n<p><img loading=\"lazy\" decoding=\"async\" class=\"lazyloaded\" src=\"https:\/\/www.lasportiva.com\/media\/techinfo_icons\/slim-fit.png\" alt=\"La Sportiva\" width=\"75\" height=\"75\" data-src=\"https:\/\/www.lasportiva.com\/media\/techinfo_icons\/slim-fit.png\" \/><\/p>\n<p>Schmale Passform<strong>:<\/strong>S<strong>ehr<\/strong> enge Passform f\u00fcr maximale Leistung im Wettkampf.<\/p>\n<p><img decoding=\"async\" class=\"img-responsive margin-bottom-sm\" src=\"https:\/\/www.lasportiva.com\/media\/techinfo_icons\/Lightweight_75x75.png\" \/><\/p>\n<p>L<strong>eichtigkeit<\/strong>: Produkte, die das Gewicht auf ein Minimum reduzieren.<\/p>\n<p><img decoding=\"async\" class=\"img-responsive margin-bottom-sm\" src=\"https:\/\/www.lasportiva.com\/media\/techinfo_icons\/Insulation_75x75.png\" \/><\/p>\n<p>W<strong>\u00e4rmed\u00e4mmung:<\/strong> Produkte, die bei niedrigen Temperaturen verwendet werden k\u00f6nnen.<\/p>\n<p><img loading=\"lazy\" decoding=\"async\" src=\"https:\/\/www.lasportiva.com\/media\/icone_aggiornamenti\/125x75_TechstretchPRO.png\" alt=\"\" width=\"137\" height=\"82\" \/><\/p>\n<p>TechStretch\u2122 Storm ist ein umweltfreundliches Gewebe aus GRS-zertifiziertem Polyestergarn aus recycelten Fasern (Perpetual Branded), die aus der Wiederverwendung von Plastikflaschen gewonnen werden. Die antibakterielle Silberionenbehandlung, die hervorragende Atmungsaktivit\u00e4t und die abriebfesten Eigenschaften dank der Au\u00dfenbehandlung des Gewebes machen es \u00e4u\u00dferst vielseitig und f\u00fcr zahlreiche aktive Anwendungen geeignet. Hergestellt von Pontetorto\u00ae.<\/p>\n<p><img decoding=\"async\" class=\"img-responsive margin-bottom-sm\" src=\"https:\/\/www.lasportiva.com\/media\/techinfo_icons\/Pontetorto_00.png\" \/><\/p>\n<p>L<strong>aSpo EKS-Technologie von Pontetorto:<\/strong> Das Hauptmerkmal von EKS ist die F\u00e4higkeit, bei k\u00f6rperlicher Aktivit\u00e4t W\u00e4rme zu erzeugen, indem die latente W\u00e4rme des Schwei\u00dfes genutzt wird, die auf nat\u00fcrliche Weise beim \u00dcbergang vom fl\u00fcssigen zum gasf\u00f6rmigen Zustand freigesetzt wird.<\/p>\n<p><img loading=\"lazy\" decoding=\"async\" class=\"lazyloaded\" src=\"https:\/\/www.lasportiva.com\/media\/techinfo_icons\/polygiene.png\" alt=\"La Sportiva\" width=\"75\" height=\"75\" data-src=\"https:\/\/www.lasportiva.com\/media\/techinfo_icons\/polygiene.png\" \/><\/p>\n<p>Die antibakterielle und geruchshemmende Polygiene\u00ae-Technologie ist eine dauerhafte, effektive und nachhaltige Behandlung, die Silbersalze verwendet, um die Bildung von geruchsverursachenden Bakterien zu verhindern. Das Ergebnis? <strong>Sie k\u00f6nnen Ihre Kleidungsst\u00fccke l\u00e4nger tragen, ohne sie waschen zu m\u00fcssen.<\/strong><\/p>\n<p><img decoding=\"async\" class=\"img-responsive margin-bottom-sm\" src=\"https:\/\/www.lasportiva.com\/media\/techinfo_icons\/L2_75x75.png\" \/><\/p>\n<p>L<strong>2 &#8211; MID LAYER &amp; THERMAL LAYER<\/strong> Sorgt f\u00fcr zus\u00e4tzliche W\u00e4rmeisolierung und f\u00f6rdert die Transpiration durch hohe Atmungsaktivit\u00e4t.<\/p>\n<p><img loading=\"lazy\" decoding=\"async\" class=\"img-responsive margin-bottom-sm\" src=\"https:\/\/www.lasportiva.com\/media\/Recycled_FABRIC_INSULATION_Icona_75x75.png\" width=\"75\" height=\"75\" \/><\/p>\n<p>La Sportiva f\u00fchrt Fasern und Polsterungen ein, die aus der Wiederverwendung von recyceltem und zertifiziertem <strong>RePET<\/strong>\u00ae-Polyester gewonnen werden, das aus dem Recycling von ausgedienten Plastikflaschen stammt. Kleidungsst\u00fccke, die das Label &#8220;RECYCLED FABRIC &amp; INSULATION&#8221; tragen, garantieren dies:<\/p>\n<ul>\n<li>Alle petrochemischen Derivate wurden durch <strong>Fasern aus recyceltem Polyester<\/strong> ersetzt.<\/li>\n<li>Das Kleidungsst\u00fcck tr\u00e4gt dazu bei, <strong>die Auswirkungen auf den Planeten zu verringern<\/strong><\/li>\n<li>Langlebigkeit <strong>und Qualit\u00e4t<\/strong> im Laufe der Zeit<\/li>\n<li>Weniger <strong>CO2-Aussto\u00df (ca. 54 % weniger als bei der herk\u00f6mmlichen Faserproduktion)<\/strong> bei der Herstellung von recycelten Polyesterfasern<\/li>\n<\/ul>\n<p>&nbsp;<\/p>\n","protected":false},"excerpt":{"rendered":"<p>Die Sportiva Hera Jkt Women&#8217;s ist eine zweite Schicht aus recyceltem Material und bietet die n\u00f6tige W\u00e4rme f\u00fcr Ausfl\u00fcge bei niedrigen Temperaturen. Dank des durchgehenden Rei\u00dfverschlusses sind Atmungsaktivit\u00e4t und vollst\u00e4ndige Bel\u00fcftung garantiert. Technische Informationen: Atmungsaktivit\u00e4t: Hochgradig atmungsaktive Produkte f\u00fcr optimalen Klimakomfort. Elastizit\u00e4t: Bequeme und reaktionsf\u00e4hige Kleidungsst\u00fccke, die maximale Bewegungsfreiheit garantieren. Schmale Passform:Sehr enge Passform f\u00fcr &hellip; <a href=\"https:\/\/www.miomiorun.com\/de\/produkt\/la-sportiva-hera-jkt-damen\/\">Continued<\/a><\/p>\n","protected":false},"featured_media":58920,"template":"","meta":{"_acf_changed":false,"inline_featured_image":false},"product_brand":[],"product_cat":[6494,6498],"product_tag":[6248,6220],"class_list":{"0":"post-170699","1":"product","2":"type-product","3":"status-publish","4":"has-post-thumbnail","6":"product_cat-sale-damen-bekleidung-de","7":"product_cat-sale-damen-jacken-de","8":"product_tag-la-sportiva-de","9":"product_tag-la-sportiva-damen-de","10":"pa_attivita-gehen","11":"pa_attivita-outdoor-de","12":"pa_colore-hera-jkt-w-aquarelle-atlantic-de","13":"pa_marca-la-sportiva-de","14":"pa_sesso-damen","15":"pa_size-extra-small-de","16":"pa_size-small-de","17":"pa_size-medium-de","18":"pa_size-large-de","20":"first","21":"instock","22":"sale","23":"taxable","24":"shipping-taxable","25":"purchasable","26":"product-type-variable","27":"wvs-archive-product-wrapper"},"acf":[],"yoast_head":"<!-- This site is optimized with the Yoast SEO plugin v26.8 - https:\/\/yoast.com\/product\/yoast-seo-wordpress\/ -->\n<title>La Sportiva Hera Jkt damen - Laufjacke - MioMioRun.com<\/title>\n<meta name=\"description\" content=\"Die Sportiva Hera Jkt f\u00fcr Damen ist eine zweite Schicht aus recyceltem Material und bietet die erforderliche W\u00e4rmeisolierung beim Wandern.\" \/>\n<meta name=\"robots\" content=\"index, follow, max-snippet:-1, max-image-preview:large, max-video-preview:-1\" \/>\n<link rel=\"canonical\" href=\"https:\/\/www.miomiorun.com\/de\/produkt\/la-sportiva-hera-jkt-damen\/\" \/>\n<meta property=\"og:locale\" content=\"de_DE\" \/>\n<meta property=\"og:type\" content=\"article\" \/>\n<meta property=\"og:title\" content=\"La Sportiva Hera Jkt damen - Laufjacke - MioMioRun.com\" \/>\n<meta property=\"og:description\" content=\"Die Sportiva Hera Jkt f\u00fcr Damen ist eine zweite Schicht aus recyceltem Material und bietet die erforderliche W\u00e4rmeisolierung beim Wandern.\" \/>\n<meta property=\"og:url\" content=\"https:\/\/www.miomiorun.com\/de\/produkt\/la-sportiva-hera-jkt-damen\/\" \/>\n<meta property=\"og:site_name\" content=\"MioMioRun\" \/>\n<meta property=\"article:publisher\" content=\"https:\/\/www.facebook.com\/miomiorun\/\" \/>\n<meta property=\"article:modified_time\" content=\"2025-02-14T09:40:48+00:00\" \/>\n<meta property=\"og:image\" content=\"https:\/\/www.miomiorun.com\/app\/uploads\/2021\/10\/la-sportiva-Hera-JKT-M05631630.jpg\" \/>\n\t<meta property=\"og:image:width\" content=\"600\" \/>\n\t<meta property=\"og:image:height\" content=\"600\" \/>\n\t<meta property=\"og:image:type\" content=\"image\/jpeg\" \/>\n<meta name=\"twitter:card\" content=\"summary_large_image\" \/>\n<meta name=\"twitter:label1\" content=\"Est. reading time\" \/>\n\t<meta name=\"twitter:data1\" content=\"2 minutes\" \/>\n<script type=\"application\/ld+json\" class=\"yoast-schema-graph\">{\"@context\":\"https:\/\/schema.org\",\"@graph\":[{\"@type\":\"WebPage\",\"@id\":\"https:\/\/www.miomiorun.com\/de\/produkt\/la-sportiva-hera-jkt-damen\/\",\"url\":\"https:\/\/www.miomiorun.com\/de\/produkt\/la-sportiva-hera-jkt-damen\/\",\"name\":\"La Sportiva Hera Jkt damen - Laufjacke - MioMioRun.com\",\"isPartOf\":{\"@id\":\"https:\/\/www.miomiorun.com\/de\/#website\"},\"primaryImageOfPage\":{\"@id\":\"https:\/\/www.miomiorun.com\/de\/produkt\/la-sportiva-hera-jkt-damen\/#primaryimage\"},\"image\":{\"@id\":\"https:\/\/www.miomiorun.com\/de\/produkt\/la-sportiva-hera-jkt-damen\/#primaryimage\"},\"thumbnailUrl\":\"https:\/\/www.miomiorun.com\/app\/uploads\/2021\/10\/la-sportiva-Hera-JKT-M05631630.jpg\",\"datePublished\":\"2021-10-12T14:23:57+00:00\",\"dateModified\":\"2025-02-14T09:40:48+00:00\",\"description\":\"Die Sportiva Hera Jkt f\u00fcr Damen ist eine zweite Schicht aus recyceltem Material und bietet die erforderliche W\u00e4rmeisolierung beim Wandern.\",\"breadcrumb\":{\"@id\":\"https:\/\/www.miomiorun.com\/de\/produkt\/la-sportiva-hera-jkt-damen\/#breadcrumb\"},\"inLanguage\":\"de-DE\",\"potentialAction\":[{\"@type\":\"ReadAction\",\"target\":[\"https:\/\/www.miomiorun.com\/de\/produkt\/la-sportiva-hera-jkt-damen\/\"]}]},{\"@type\":\"ImageObject\",\"inLanguage\":\"de-DE\",\"@id\":\"https:\/\/www.miomiorun.com\/de\/produkt\/la-sportiva-hera-jkt-damen\/#primaryimage\",\"url\":\"https:\/\/www.miomiorun.com\/app\/uploads\/2021\/10\/la-sportiva-Hera-JKT-M05631630.jpg\",\"contentUrl\":\"https:\/\/www.miomiorun.com\/app\/uploads\/2021\/10\/la-sportiva-Hera-JKT-M05631630.jpg\",\"width\":600,\"height\":600,\"caption\":\"la sportiva hera jkt\"},{\"@type\":\"BreadcrumbList\",\"@id\":\"https:\/\/www.miomiorun.com\/de\/produkt\/la-sportiva-hera-jkt-damen\/#breadcrumb\",\"itemListElement\":[{\"@type\":\"ListItem\",\"position\":1,\"name\":\"Home\",\"item\":\"https:\/\/www.miomiorun.com\/de\/\"},{\"@type\":\"ListItem\",\"position\":2,\"name\":\"Shop\",\"item\":\"https:\/\/www.miomiorun.com\/shop\/\"},{\"@type\":\"ListItem\",\"position\":3,\"name\":\"Hera Jkt damen\"}]},{\"@type\":\"WebSite\",\"@id\":\"https:\/\/www.miomiorun.com\/de\/#website\",\"url\":\"https:\/\/www.miomiorun.com\/de\/\",\"name\":\"MioMioRun\",\"description\":\"100% Lauf- und Trailshop\",\"publisher\":{\"@id\":\"https:\/\/www.miomiorun.com\/de\/#organization\"},\"potentialAction\":[{\"@type\":\"SearchAction\",\"target\":{\"@type\":\"EntryPoint\",\"urlTemplate\":\"https:\/\/www.miomiorun.com\/de\/?s={search_term_string}\"},\"query-input\":{\"@type\":\"PropertyValueSpecification\",\"valueRequired\":true,\"valueName\":\"search_term_string\"}}],\"inLanguage\":\"de-DE\"},{\"@type\":\"Organization\",\"@id\":\"https:\/\/www.miomiorun.com\/de\/#organization\",\"name\":\"MioMio Run\",\"url\":\"https:\/\/www.miomiorun.com\/de\/\",\"logo\":{\"@type\":\"ImageObject\",\"inLanguage\":\"de-DE\",\"@id\":\"https:\/\/www.miomiorun.com\/de\/#\/schema\/logo\/image\/\",\"url\":\"https:\/\/www.miomiorun.com\/app\/uploads\/2019\/12\/logomio.png\",\"contentUrl\":\"https:\/\/www.miomiorun.com\/app\/uploads\/2019\/12\/logomio.png\",\"width\":115,\"height\":82,\"caption\":\"MioMio Run\"},\"image\":{\"@id\":\"https:\/\/www.miomiorun.com\/de\/#\/schema\/logo\/image\/\"},\"sameAs\":[\"https:\/\/www.facebook.com\/miomiorun\/\",\"https:\/\/www.instagram.com\/miomiorun\/\"]}]}<\/script>\n<!-- \/ Yoast SEO plugin. -->","yoast_head_json":{"title":"La Sportiva Hera Jkt damen - Laufjacke - MioMioRun.com","description":"Die Sportiva Hera Jkt f\u00fcr Damen ist eine zweite Schicht aus recyceltem Material und bietet die erforderliche W\u00e4rmeisolierung beim Wandern.","robots":{"index":"index","follow":"follow","max-snippet":"max-snippet:-1","max-image-preview":"max-image-preview:large","max-video-preview":"max-video-preview:-1"},"canonical":"https:\/\/www.miomiorun.com\/de\/produkt\/la-sportiva-hera-jkt-damen\/","og_locale":"de_DE","og_type":"article","og_title":"La Sportiva Hera Jkt damen - Laufjacke - MioMioRun.com","og_description":"Die Sportiva Hera Jkt f\u00fcr Damen ist eine zweite Schicht aus recyceltem Material und bietet die erforderliche W\u00e4rmeisolierung beim Wandern.","og_url":"https:\/\/www.miomiorun.com\/de\/produkt\/la-sportiva-hera-jkt-damen\/","og_site_name":"MioMioRun","article_publisher":"https:\/\/www.facebook.com\/miomiorun\/","article_modified_time":"2025-02-14T09:40:48+00:00","og_image":[{"width":600,"height":600,"url":"https:\/\/www.miomiorun.com\/app\/uploads\/2021\/10\/la-sportiva-Hera-JKT-M05631630.jpg","type":"image\/jpeg"}],"twitter_card":"summary_large_image","twitter_misc":{"Est. reading time":"2 minutes"},"schema":{"@context":"https:\/\/schema.org","@graph":[{"@type":"WebPage","@id":"https:\/\/www.miomiorun.com\/de\/produkt\/la-sportiva-hera-jkt-damen\/","url":"https:\/\/www.miomiorun.com\/de\/produkt\/la-sportiva-hera-jkt-damen\/","name":"La Sportiva Hera Jkt damen - Laufjacke - MioMioRun.com","isPartOf":{"@id":"https:\/\/www.miomiorun.com\/de\/#website"},"primaryImageOfPage":{"@id":"https:\/\/www.miomiorun.com\/de\/produkt\/la-sportiva-hera-jkt-damen\/#primaryimage"},"image":{"@id":"https:\/\/www.miomiorun.com\/de\/produkt\/la-sportiva-hera-jkt-damen\/#primaryimage"},"thumbnailUrl":"https:\/\/www.miomiorun.com\/app\/uploads\/2021\/10\/la-sportiva-Hera-JKT-M05631630.jpg","datePublished":"2021-10-12T14:23:57+00:00","dateModified":"2025-02-14T09:40:48+00:00","description":"Die Sportiva Hera Jkt f\u00fcr Damen ist eine zweite Schicht aus recyceltem Material und bietet die erforderliche W\u00e4rmeisolierung beim Wandern.","breadcrumb":{"@id":"https:\/\/www.miomiorun.com\/de\/produkt\/la-sportiva-hera-jkt-damen\/#breadcrumb"},"inLanguage":"de-DE","potentialAction":[{"@type":"ReadAction","target":["https:\/\/www.miomiorun.com\/de\/produkt\/la-sportiva-hera-jkt-damen\/"]}]},{"@type":"ImageObject","inLanguage":"de-DE","@id":"https:\/\/www.miomiorun.com\/de\/produkt\/la-sportiva-hera-jkt-damen\/#primaryimage","url":"https:\/\/www.miomiorun.com\/app\/uploads\/2021\/10\/la-sportiva-Hera-JKT-M05631630.jpg","contentUrl":"https:\/\/www.miomiorun.com\/app\/uploads\/2021\/10\/la-sportiva-Hera-JKT-M05631630.jpg","width":600,"height":600,"caption":"la sportiva hera jkt"},{"@type":"BreadcrumbList","@id":"https:\/\/www.miomiorun.com\/de\/produkt\/la-sportiva-hera-jkt-damen\/#breadcrumb","itemListElement":[{"@type":"ListItem","position":1,"name":"Home","item":"https:\/\/www.miomiorun.com\/de\/"},{"@type":"ListItem","position":2,"name":"Shop","item":"https:\/\/www.miomiorun.com\/shop\/"},{"@type":"ListItem","position":3,"name":"Hera Jkt damen"}]},{"@type":"WebSite","@id":"https:\/\/www.miomiorun.com\/de\/#website","url":"https:\/\/www.miomiorun.com\/de\/","name":"MioMioRun","description":"100% Lauf- und Trailshop","publisher":{"@id":"https:\/\/www.miomiorun.com\/de\/#organization"},"potentialAction":[{"@type":"SearchAction","target":{"@type":"EntryPoint","urlTemplate":"https:\/\/www.miomiorun.com\/de\/?s={search_term_string}"},"query-input":{"@type":"PropertyValueSpecification","valueRequired":true,"valueName":"search_term_string"}}],"inLanguage":"de-DE"},{"@type":"Organization","@id":"https:\/\/www.miomiorun.com\/de\/#organization","name":"MioMio Run","url":"https:\/\/www.miomiorun.com\/de\/","logo":{"@type":"ImageObject","inLanguage":"de-DE","@id":"https:\/\/www.miomiorun.com\/de\/#\/schema\/logo\/image\/","url":"https:\/\/www.miomiorun.com\/app\/uploads\/2019\/12\/logomio.png","contentUrl":"https:\/\/www.miomiorun.com\/app\/uploads\/2019\/12\/logomio.png","width":115,"height":82,"caption":"MioMio Run"},"image":{"@id":"https:\/\/www.miomiorun.com\/de\/#\/schema\/logo\/image\/"},"sameAs":["https:\/\/www.facebook.com\/miomiorun\/","https:\/\/www.instagram.com\/miomiorun\/"]}]}},"_links":{"self":[{"href":"https:\/\/www.miomiorun.com\/de\/wp-json\/wp\/v2\/product\/170699","targetHints":{"allow":["GET"]}}],"collection":[{"href":"https:\/\/www.miomiorun.com\/de\/wp-json\/wp\/v2\/product"}],"about":[{"href":"https:\/\/www.miomiorun.com\/de\/wp-json\/wp\/v2\/types\/product"}],"wp:featuredmedia":[{"embeddable":true,"href":"https:\/\/www.miomiorun.com\/de\/wp-json\/wp\/v2\/media\/58920"}],"wp:attachment":[{"href":"https:\/\/www.miomiorun.com\/de\/wp-json\/wp\/v2\/media?parent=170699"}],"wp:term":[{"taxonomy":"product_brand","embeddable":true,"href":"https:\/\/www.miomiorun.com\/de\/wp-json\/wp\/v2\/product_brand?post=170699"},{"taxonomy":"product_cat","embeddable":true,"href":"https:\/\/www.miomiorun.com\/de\/wp-json\/wp\/v2\/product_cat?post=170699"},{"taxonomy":"product_tag","embeddable":true,"href":"https:\/\/www.miomiorun.com\/de\/wp-json\/wp\/v2\/product_tag?post=170699"}],"curies":[{"name":"wp","href":"https:\/\/api.w.org\/{rel}","templated":true}]}}