{"id":170674,"date":"2021-11-04T10:16:46","date_gmt":"2021-11-04T09:16:46","guid":{"rendered":"https:\/\/miomiorun.com\/prodotto\/leki-mct-12-vario-carbon\/"},"modified":"2025-07-15T17:50:07","modified_gmt":"2025-07-15T15:50:07","slug":"leki-mct-12-vario-carbon","status":"publish","type":"product","link":"https:\/\/www.miomiorun.com\/de\/produkt\/leki-mct-12-vario-carbon\/","title":{"rendered":"MCT 12 Vario Carbon"},"content":{"rendered":"<p>Der MCT 12 Vario Carbon ist ein High-End-Cross-Trail-Stock. Der extrem leichte Carbon-Faltstock ist mit dem neuen Cross Shark Griff ausgestattet. Er bietet die Schnelligkeit des Shark-Systems und den Halt eines Trekkinggriffs mit ergonomischer Auflagefl\u00e4che. Das hoch atmungsaktive Mesh-Band mit optimierter Passform ist breiter und umschlie\u00dft die Hand sicher und pr\u00e4zise. Der offenporige Schaumstoffgriff mit Korkeffekt ist abgerundet und bietet dank seiner kurzen Verl\u00e4ngerung zus\u00e4tzliche Griffm\u00f6glichkeiten. Mit dem CLD Core Locking Device f\u00fcr intuitives Verschlie\u00dfen faltest du den MCT 12 Vario Carbon schnell zu einem 42 cm gro\u00dfen Rucksack zusammen. So kannst du die Trails und Pfade in Angriff nehmen. 4 Ihre Geschwindigkeit.<\/p>\n<div class=\"emotion-sorter\">\n<div id=\"\" class=\"emotion\">\n<div class=\"row\">\n<div class=\"col-sm-12 clickbox\">\n<div class=\"row\">\n<div class=\"col-sm-7 clickbox\">\n<div class=\"row\">\n<div class=\"col-sm-12 clickbox\">\n<div class=\"height-1\">\n<div class=\"neom-emotion-element only-text title\">\n<h3>Cross Shark<\/h3>\n<p>Cross Shark bietet die Geschwindigkeit des Shark-Systems und die Unterst\u00fctzung eines Trekkinggriffs.<\/p>\n<\/div>\n<\/div>\n<\/div>\n<\/div>\n<\/div>\n<\/div>\n<\/div>\n<\/div>\n<div class=\"row\">\n<div class=\"col-sm-12 clickbox\">\n<div class=\"row\">\n<div class=\"col-sm-7 clickbox\">\n<div class=\"row\">\n<div class=\"col-sm-12 clickbox\">\n<div class=\"height-1\">\n<div class=\"neom-emotion-element only-text title\">\n<h3>KERNVERRIEGELUNG (CLD)<\/h3>\n<ul>\n<li>Intuitiver Extraktionsmechanismus<\/li>\n<li>Schlanke Konstruktion mit geringem Gewicht<\/li>\n<li>System innen<\/li>\n<\/ul>\n<\/div>\n<\/div>\n<\/div>\n<\/div>\n<\/div>\n<\/div>\n<\/div>\n<\/div>\n<div class=\"row\">\n<div class=\"col-sm-12 clickbox\">\n<div class=\"row\">\n<div class=\"col-sm-7 clickbox\">\n<div class=\"row\">\n<div class=\"col-sm-12 clickbox\">\n<div class=\"height-1\">\n<div class=\"neom-emotion-element only-text title\">\n<h3>Rahmengurt Mesh<\/h3>\n<ul>\n<li>Trigger Shark atmungsaktives Mesh-Band<\/li>\n<li>Optimierte Passform<\/li>\n<li>Gro\u00dfe und breite Oberfl\u00e4che<\/li>\n<li>Einteilig &#8211; 360\u00b0 in der Hand<\/li>\n<\/ul>\n<\/div>\n<\/div>\n<\/div>\n<\/div>\n<\/div>\n<\/div>\n<\/div>\n<\/div>\n<div class=\"row\">\n<div class=\"col-sm-12 clickbox\">\n<div class=\"row\">\n<div class=\"col-sm-7 clickbox\">\n<div class=\"row\">\n<div class=\"col-sm-12 clickbox\">\n<div class=\"height-1\">\n<div class=\"neom-emotion-element only-text no-title\">\n<p>&nbsp;<\/p>\n<p>Sehr schnelle Einstellung und Befestigung. 30% kleiner, 25% leichter, 20% mehr Haltekraft.<\/p>\n<\/div>\n<\/div>\n<\/div>\n<\/div>\n<\/div>\n<\/div>\n<\/div>\n<\/div>\n<div class=\"row\">\n<div class=\"col-sm-12 clickbox\">\n<div class=\"row\">\n<div class=\"col-sm-7 clickbox\">\n<div class=\"row\">\n<div class=\"col-sm-12 clickbox\">\n<div class=\"height-1\">\n<div class=\"neom-emotion-element only-text title\">\n<h3>100% HM-Karbon<\/h3>\n<p>High-Modulus-Carbon f\u00fcr h\u00f6chste Anspr\u00fcche an Gewicht und Steifigkeit.<\/p>\n<\/div>\n<\/div>\n<\/div>\n<\/div>\n<\/div>\n<\/div>\n<\/div>\n<\/div>\n<div class=\"row\">\n<div class=\"col-sm-12 clickbox\">\n<div class=\"row\">\n<div class=\"col-sm-7 clickbox\">\n<div class=\"row\">\n<div class=\"col-sm-12 clickbox\">\n<div class=\"height-1\">\n<div class=\"neom-emotion-element only-text title\">\n<h3>Trailrunning-Spitze<\/h3>\n<ul>\n<li>Leichte Zehenkappe mit freier Ausrichtung<\/li>\n<li>Konkave Spitzenform gew\u00e4hrleistet Halt in jedem Winkel<\/li>\n<li>Optimierte Auswuchtung<\/li>\n<\/ul>\n<\/div>\n<\/div>\n<\/div>\n<\/div>\n<\/div>\n<\/div>\n<\/div>\n<\/div>\n<\/div>\n<\/div>\n<div class=\"emotion-sorter\">\n<div id=\"\" class=\"emotion\">\n<div class=\"row\">\n<div class=\"col-sm-12 clickbox\">\n<div class=\"row\">\n<div class=\"col-sm-7 clickbox\">\n<div class=\"row\">\n<div class=\"col-sm-12 clickbox\">\n<div class=\"height-1\">\n<div class=\"neom-emotion-element only-text title\">\n<div class=\"page-header ptm plm\">\n<h3>Eigenschaften<\/h3>\n<table class=\"table table-striped\">\n<tbody>\n<tr>\n<td class=\"light\">#<\/td>\n<td class=\"light\">4 Ihre Geschwindigkeit <small><\/small><\/td>\n<\/tr>\n<tr>\n<td class=\"dark\">Konstruktion<\/td>\n<td class=\"dark\"><small><\/small><br \/>\nCLD (Faltst\u00f6cke | CLD 65026801) Vario <small><\/small><\/td>\n<\/tr>\n<tr>\n<td class=\"light\">Handgriff<\/td>\n<td class=\"light\">Kreuz Hai (65026801) <small><\/small><\/td>\n<\/tr>\n<tr>\n<td class=\"dark\">Ring<\/td>\n<td class=\"dark\">Trigger Shark (Rahmenband Mesh) <small><\/small><\/td>\n<\/tr>\n<tr>\n<td class=\"light\">Segmente<\/td>\n<td class=\"light\">4 Abschnitte <small><\/small><\/td>\n<\/tr>\n<tr>\n<td class=\"dark\">Rohrdurchmesser<\/td>\n<td class=\"dark\">16|14|14 mm <small><\/small><\/td>\n<\/tr>\n<tr>\n<td class=\"light\">Material des Laufs<\/td>\n<td class=\"light\">100% Kohlenstoff (HM) <small><\/small><\/td>\n<\/tr>\n<tr>\n<td class=\"dark\">Startseite<\/td>\n<td class=\"dark\">100% Kohlenstoff (HM) <small><\/small><\/td>\n<\/tr>\n<tr>\n<td class=\"light\">Unterer Teil<\/td>\n<td class=\"light\">100% Kohlenstoff (HM) <small><\/small><\/td>\n<\/tr>\n<tr>\n<td class=\"dark\">Verstellsystem<\/td>\n<td class=\"dark\">Geschwindigkeitssperre 2 (65026801) <small><\/small><\/td>\n<\/tr>\n<tr>\n<td class=\"light\">Top<\/td>\n<td class=\"light\">Trail Running Spitze (65026801) <small><\/small><\/td>\n<\/tr>\n<tr>\n<td class=\"dark\">L\u00e4nge\/Gr\u00f6\u00dfe<\/td>\n<td class=\"dark\">110 &#8211; 130 cm <small>einstellbar <\/small><\/td>\n<\/tr>\n<tr>\n<td class=\"light\">Verstellbereich<\/td>\n<td class=\"light\">110 &#8211; 130 cm<\/td>\n<\/tr>\n<tr>\n<td class=\"dark\">Gewicht<\/td>\n<td class=\"dark testa\">200 g \/ St\u00fcck <small> <\/small><\/td>\n<\/tr>\n<tr>\n<td class=\"light\">Gesamtabmessungen<\/td>\n<td class=\"light\">42 cm<\/td>\n<\/tr>\n<\/tbody>\n<\/table>\n<\/div>\n<\/div>\n<\/div>\n<\/div>\n<\/div>\n<\/div>\n<\/div>\n<\/div>\n<\/div>\n<\/div>\n<\/div>\n","protected":false},"excerpt":{"rendered":"<p>Der MCT 12 Vario Carbon ist ein High-End-Cross-Trail-Stock. Der extrem leichte Carbon-Faltstock ist mit dem neuen Cross Shark Griff ausgestattet. Er bietet die Schnelligkeit des Shark-Systems und den Halt eines Trekkinggriffs mit ergonomischer Auflagefl\u00e4che. Das hoch atmungsaktive Mesh-Band mit optimierter Passform ist breiter und umschlie\u00dft die Hand sicher und pr\u00e4zise. Der offenporige Schaumstoffgriff mit Korkeffekt &hellip; <a href=\"https:\/\/www.miomiorun.com\/de\/produkt\/leki-mct-12-vario-carbon\/\">Continued<\/a><\/p>\n","protected":false},"featured_media":52342,"template":"","meta":{"_acf_changed":false,"inline_featured_image":false},"product_brand":[],"product_cat":[7090,7087],"product_tag":[6250],"class_list":{"0":"post-170674","1":"product","2":"type-product","3":"status-publish","4":"has-post-thumbnail","6":"product_cat-stocke-sale","7":"product_cat-zubehoer-sale","8":"product_tag-leki-de","9":"pa_attivita-outdoor-de","10":"pa_attivita-trail-de","11":"pa_colore-mct-12-vario-carbon-de","12":"pa_marca-leki-de","13":"pa_sesso-damen","14":"pa_sesso-herren","16":"first","17":"instock","18":"taxable","19":"shipping-taxable","20":"purchasable","21":"product-type-variable","22":"wvs-archive-product-wrapper"},"acf":[],"yoast_head":"<!-- This site is optimized with the Yoast SEO plugin v26.8 - https:\/\/yoast.com\/product\/yoast-seo-wordpress\/ -->\n<title>Leki MCT 12 Vario Carbon - Running Stick- MioMioRun.com<\/title>\n<meta name=\"description\" content=\"Der extrem leichte Carbon-Faltstock ist mit dem Cross Shark-Griff ausgestattet. Schnell und ergonomisch. Entdecken Sie viel mehr auf unserer Website\" \/>\n<meta name=\"robots\" content=\"index, follow, max-snippet:-1, max-image-preview:large, max-video-preview:-1\" \/>\n<link rel=\"canonical\" href=\"https:\/\/www.miomiorun.com\/de\/produkt\/leki-mct-12-vario-carbon\/\" \/>\n<meta property=\"og:locale\" content=\"de_DE\" \/>\n<meta property=\"og:type\" content=\"article\" \/>\n<meta property=\"og:title\" content=\"Leki MCT 12 Vario Carbon - Running Stick- MioMioRun.com\" \/>\n<meta property=\"og:description\" content=\"Der extrem leichte Carbon-Faltstock ist mit dem Cross Shark-Griff ausgestattet. Schnell und ergonomisch. Entdecken Sie viel mehr auf unserer Website\" \/>\n<meta property=\"og:url\" content=\"https:\/\/www.miomiorun.com\/de\/produkt\/leki-mct-12-vario-carbon\/\" \/>\n<meta property=\"og:site_name\" content=\"MioMioRun\" \/>\n<meta property=\"article:publisher\" content=\"https:\/\/www.facebook.com\/miomiorun\/\" \/>\n<meta property=\"article:modified_time\" content=\"2025-07-15T15:50:07+00:00\" \/>\n<meta property=\"og:image\" content=\"https:\/\/www.miomiorun.com\/app\/uploads\/2020\/06\/MCT-12-Vario-Carbon-65026801.jpg\" \/>\n\t<meta property=\"og:image:width\" content=\"600\" \/>\n\t<meta property=\"og:image:height\" content=\"600\" \/>\n\t<meta property=\"og:image:type\" content=\"image\/jpeg\" \/>\n<meta name=\"twitter:card\" content=\"summary_large_image\" \/>\n<meta name=\"twitter:label1\" content=\"Est. reading time\" \/>\n\t<meta name=\"twitter:data1\" content=\"1 minute\" \/>\n<script type=\"application\/ld+json\" class=\"yoast-schema-graph\">{\"@context\":\"https:\/\/schema.org\",\"@graph\":[{\"@type\":\"WebPage\",\"@id\":\"https:\/\/www.miomiorun.com\/de\/produkt\/leki-mct-12-vario-carbon\/\",\"url\":\"https:\/\/www.miomiorun.com\/de\/produkt\/leki-mct-12-vario-carbon\/\",\"name\":\"Leki MCT 12 Vario Carbon - Running Stick- MioMioRun.com\",\"isPartOf\":{\"@id\":\"https:\/\/www.miomiorun.com\/de\/#website\"},\"primaryImageOfPage\":{\"@id\":\"https:\/\/www.miomiorun.com\/de\/produkt\/leki-mct-12-vario-carbon\/#primaryimage\"},\"image\":{\"@id\":\"https:\/\/www.miomiorun.com\/de\/produkt\/leki-mct-12-vario-carbon\/#primaryimage\"},\"thumbnailUrl\":\"https:\/\/www.miomiorun.com\/app\/uploads\/2020\/06\/MCT-12-Vario-Carbon-65026801.jpg\",\"datePublished\":\"2021-11-04T09:16:46+00:00\",\"dateModified\":\"2025-07-15T15:50:07+00:00\",\"description\":\"Der extrem leichte Carbon-Faltstock ist mit dem Cross Shark-Griff ausgestattet. Schnell und ergonomisch. Entdecken Sie viel mehr auf unserer Website\",\"breadcrumb\":{\"@id\":\"https:\/\/www.miomiorun.com\/de\/produkt\/leki-mct-12-vario-carbon\/#breadcrumb\"},\"inLanguage\":\"de-DE\",\"potentialAction\":[{\"@type\":\"ReadAction\",\"target\":[\"https:\/\/www.miomiorun.com\/de\/produkt\/leki-mct-12-vario-carbon\/\"]}]},{\"@type\":\"ImageObject\",\"inLanguage\":\"de-DE\",\"@id\":\"https:\/\/www.miomiorun.com\/de\/produkt\/leki-mct-12-vario-carbon\/#primaryimage\",\"url\":\"https:\/\/www.miomiorun.com\/app\/uploads\/2020\/06\/MCT-12-Vario-Carbon-65026801.jpg\",\"contentUrl\":\"https:\/\/www.miomiorun.com\/app\/uploads\/2020\/06\/MCT-12-Vario-Carbon-65026801.jpg\",\"width\":600,\"height\":600,\"caption\":\"Il bastone pieghevole estremamente leggero in carbonio \u00e8 dotato del'impugnatura Cross Shark. La velocit\u00e0 del sistema Shark e il supporto di una da trekking\"},{\"@type\":\"BreadcrumbList\",\"@id\":\"https:\/\/www.miomiorun.com\/de\/produkt\/leki-mct-12-vario-carbon\/#breadcrumb\",\"itemListElement\":[{\"@type\":\"ListItem\",\"position\":1,\"name\":\"Home\",\"item\":\"https:\/\/www.miomiorun.com\/de\/\"},{\"@type\":\"ListItem\",\"position\":2,\"name\":\"Shop\",\"item\":\"https:\/\/www.miomiorun.com\/shop\/\"},{\"@type\":\"ListItem\",\"position\":3,\"name\":\"MCT 12 Vario Carbon\"}]},{\"@type\":\"WebSite\",\"@id\":\"https:\/\/www.miomiorun.com\/de\/#website\",\"url\":\"https:\/\/www.miomiorun.com\/de\/\",\"name\":\"MioMioRun\",\"description\":\"100% Lauf- und Trailshop\",\"publisher\":{\"@id\":\"https:\/\/www.miomiorun.com\/de\/#organization\"},\"potentialAction\":[{\"@type\":\"SearchAction\",\"target\":{\"@type\":\"EntryPoint\",\"urlTemplate\":\"https:\/\/www.miomiorun.com\/de\/?s={search_term_string}\"},\"query-input\":{\"@type\":\"PropertyValueSpecification\",\"valueRequired\":true,\"valueName\":\"search_term_string\"}}],\"inLanguage\":\"de-DE\"},{\"@type\":\"Organization\",\"@id\":\"https:\/\/www.miomiorun.com\/de\/#organization\",\"name\":\"MioMio Run\",\"url\":\"https:\/\/www.miomiorun.com\/de\/\",\"logo\":{\"@type\":\"ImageObject\",\"inLanguage\":\"de-DE\",\"@id\":\"https:\/\/www.miomiorun.com\/de\/#\/schema\/logo\/image\/\",\"url\":\"https:\/\/www.miomiorun.com\/app\/uploads\/2019\/12\/logomio.png\",\"contentUrl\":\"https:\/\/www.miomiorun.com\/app\/uploads\/2019\/12\/logomio.png\",\"width\":115,\"height\":82,\"caption\":\"MioMio Run\"},\"image\":{\"@id\":\"https:\/\/www.miomiorun.com\/de\/#\/schema\/logo\/image\/\"},\"sameAs\":[\"https:\/\/www.facebook.com\/miomiorun\/\",\"https:\/\/www.instagram.com\/miomiorun\/\"]}]}<\/script>\n<!-- \/ Yoast SEO plugin. -->","yoast_head_json":{"title":"Leki MCT 12 Vario Carbon - Running Stick- MioMioRun.com","description":"Der extrem leichte Carbon-Faltstock ist mit dem Cross Shark-Griff ausgestattet. Schnell und ergonomisch. Entdecken Sie viel mehr auf unserer Website","robots":{"index":"index","follow":"follow","max-snippet":"max-snippet:-1","max-image-preview":"max-image-preview:large","max-video-preview":"max-video-preview:-1"},"canonical":"https:\/\/www.miomiorun.com\/de\/produkt\/leki-mct-12-vario-carbon\/","og_locale":"de_DE","og_type":"article","og_title":"Leki MCT 12 Vario Carbon - Running Stick- MioMioRun.com","og_description":"Der extrem leichte Carbon-Faltstock ist mit dem Cross Shark-Griff ausgestattet. Schnell und ergonomisch. Entdecken Sie viel mehr auf unserer Website","og_url":"https:\/\/www.miomiorun.com\/de\/produkt\/leki-mct-12-vario-carbon\/","og_site_name":"MioMioRun","article_publisher":"https:\/\/www.facebook.com\/miomiorun\/","article_modified_time":"2025-07-15T15:50:07+00:00","og_image":[{"width":600,"height":600,"url":"https:\/\/www.miomiorun.com\/app\/uploads\/2020\/06\/MCT-12-Vario-Carbon-65026801.jpg","type":"image\/jpeg"}],"twitter_card":"summary_large_image","twitter_misc":{"Est. reading time":"1 minute"},"schema":{"@context":"https:\/\/schema.org","@graph":[{"@type":"WebPage","@id":"https:\/\/www.miomiorun.com\/de\/produkt\/leki-mct-12-vario-carbon\/","url":"https:\/\/www.miomiorun.com\/de\/produkt\/leki-mct-12-vario-carbon\/","name":"Leki MCT 12 Vario Carbon - Running Stick- MioMioRun.com","isPartOf":{"@id":"https:\/\/www.miomiorun.com\/de\/#website"},"primaryImageOfPage":{"@id":"https:\/\/www.miomiorun.com\/de\/produkt\/leki-mct-12-vario-carbon\/#primaryimage"},"image":{"@id":"https:\/\/www.miomiorun.com\/de\/produkt\/leki-mct-12-vario-carbon\/#primaryimage"},"thumbnailUrl":"https:\/\/www.miomiorun.com\/app\/uploads\/2020\/06\/MCT-12-Vario-Carbon-65026801.jpg","datePublished":"2021-11-04T09:16:46+00:00","dateModified":"2025-07-15T15:50:07+00:00","description":"Der extrem leichte Carbon-Faltstock ist mit dem Cross Shark-Griff ausgestattet. Schnell und ergonomisch. Entdecken Sie viel mehr auf unserer Website","breadcrumb":{"@id":"https:\/\/www.miomiorun.com\/de\/produkt\/leki-mct-12-vario-carbon\/#breadcrumb"},"inLanguage":"de-DE","potentialAction":[{"@type":"ReadAction","target":["https:\/\/www.miomiorun.com\/de\/produkt\/leki-mct-12-vario-carbon\/"]}]},{"@type":"ImageObject","inLanguage":"de-DE","@id":"https:\/\/www.miomiorun.com\/de\/produkt\/leki-mct-12-vario-carbon\/#primaryimage","url":"https:\/\/www.miomiorun.com\/app\/uploads\/2020\/06\/MCT-12-Vario-Carbon-65026801.jpg","contentUrl":"https:\/\/www.miomiorun.com\/app\/uploads\/2020\/06\/MCT-12-Vario-Carbon-65026801.jpg","width":600,"height":600,"caption":"Il bastone pieghevole estremamente leggero in carbonio \u00e8 dotato del'impugnatura Cross Shark. La velocit\u00e0 del sistema Shark e il supporto di una da trekking"},{"@type":"BreadcrumbList","@id":"https:\/\/www.miomiorun.com\/de\/produkt\/leki-mct-12-vario-carbon\/#breadcrumb","itemListElement":[{"@type":"ListItem","position":1,"name":"Home","item":"https:\/\/www.miomiorun.com\/de\/"},{"@type":"ListItem","position":2,"name":"Shop","item":"https:\/\/www.miomiorun.com\/shop\/"},{"@type":"ListItem","position":3,"name":"MCT 12 Vario Carbon"}]},{"@type":"WebSite","@id":"https:\/\/www.miomiorun.com\/de\/#website","url":"https:\/\/www.miomiorun.com\/de\/","name":"MioMioRun","description":"100% Lauf- und Trailshop","publisher":{"@id":"https:\/\/www.miomiorun.com\/de\/#organization"},"potentialAction":[{"@type":"SearchAction","target":{"@type":"EntryPoint","urlTemplate":"https:\/\/www.miomiorun.com\/de\/?s={search_term_string}"},"query-input":{"@type":"PropertyValueSpecification","valueRequired":true,"valueName":"search_term_string"}}],"inLanguage":"de-DE"},{"@type":"Organization","@id":"https:\/\/www.miomiorun.com\/de\/#organization","name":"MioMio Run","url":"https:\/\/www.miomiorun.com\/de\/","logo":{"@type":"ImageObject","inLanguage":"de-DE","@id":"https:\/\/www.miomiorun.com\/de\/#\/schema\/logo\/image\/","url":"https:\/\/www.miomiorun.com\/app\/uploads\/2019\/12\/logomio.png","contentUrl":"https:\/\/www.miomiorun.com\/app\/uploads\/2019\/12\/logomio.png","width":115,"height":82,"caption":"MioMio Run"},"image":{"@id":"https:\/\/www.miomiorun.com\/de\/#\/schema\/logo\/image\/"},"sameAs":["https:\/\/www.facebook.com\/miomiorun\/","https:\/\/www.instagram.com\/miomiorun\/"]}]}},"_links":{"self":[{"href":"https:\/\/www.miomiorun.com\/de\/wp-json\/wp\/v2\/product\/170674","targetHints":{"allow":["GET"]}}],"collection":[{"href":"https:\/\/www.miomiorun.com\/de\/wp-json\/wp\/v2\/product"}],"about":[{"href":"https:\/\/www.miomiorun.com\/de\/wp-json\/wp\/v2\/types\/product"}],"wp:featuredmedia":[{"embeddable":true,"href":"https:\/\/www.miomiorun.com\/de\/wp-json\/wp\/v2\/media\/52342"}],"wp:attachment":[{"href":"https:\/\/www.miomiorun.com\/de\/wp-json\/wp\/v2\/media?parent=170674"}],"wp:term":[{"taxonomy":"product_brand","embeddable":true,"href":"https:\/\/www.miomiorun.com\/de\/wp-json\/wp\/v2\/product_brand?post=170674"},{"taxonomy":"product_cat","embeddable":true,"href":"https:\/\/www.miomiorun.com\/de\/wp-json\/wp\/v2\/product_cat?post=170674"},{"taxonomy":"product_tag","embeddable":true,"href":"https:\/\/www.miomiorun.com\/de\/wp-json\/wp\/v2\/product_tag?post=170674"}],"curies":[{"name":"wp","href":"https:\/\/api.w.org\/{rel}","templated":true}]}}