{"id":170668,"date":"2024-05-24T18:10:18","date_gmt":"2024-05-24T16:10:18","guid":{"rendered":"https:\/\/miomiorun.com\/prodotto\/cavo-usb-da-tipo-a-a-tipo-c\/"},"modified":"2025-03-06T11:47:47","modified_gmt":"2025-03-06T10:47:47","slug":"usb-typ-a-auf-typ-c-kabel","status":"publish","type":"product","link":"https:\/\/www.miomiorun.com\/de\/produkt\/usb-typ-a-auf-typ-c-kabel\/","title":{"rendered":"USB Typ A auf Typ C Kabel"},"content":{"rendered":"<p>Schlie\u00dfen Sie das Kabel an den USB-A-Anschluss Ihres kompatiblen Ger\u00e4ts an, um es zu laden und Daten auf Ihren Computer zu \u00fcbertragen.<\/p>\n<p>Hinweis: Wenn ein Autoprodukt \u00fcber ein USB-Kabel an einen Computer angeschlossen wird, zeigt das Produkt m\u00f6glicherweise eine Meldung an, dass das angeschlossene Kabel das Ger\u00e4t nicht aufladen kann. Diese Meldung ist normal. Das Ger\u00e4t erh\u00e4lt zwar genug Strom vom Computer, um eingeschaltet zu bleiben und zu funktionieren, aber nicht genug, um den Akkustand zu erh\u00f6hen.<\/p>\n<p>KOMPATIBLE GER\u00c4TE<\/p>\n<p>&nbsp;<\/p>\n<h4>Alpha<sup class=\"registered-symbol\">\u00ae<\/sup> 300 K<\/h4>\n<h4>Alpha<sup class=\"registered-symbol\">\u00ae<\/sup> 300i K<\/h4>\n<h4>Alpha<sup class=\"registered-symbol\">\u00ae<\/sup> LTE<\/h4>\n<h4>Camper 1095<\/h4>\n<h4>Camper 795<\/h4>\n<h4>Camper 895<\/h4>\n<h4>CamperCam 795<\/h4>\n<h4>Collare per cani Alpha<sup class=\"registered-symbol\">\u00ae<\/sup> T 20 K<\/h4>\n<h4>Collare per cani Alpha<sup class=\"registered-symbol\">\u00ae<\/sup> TT 25 K<\/h4>\n<h4>Cronografo Xero<sup class=\"registered-symbol\">\u00ae<\/sup> C1 Pro<\/h4>\n<h4>Delta<sup class=\"registered-symbol\">\u00ae<\/sup> SE<\/h4>\n<h4>d\u0113zl<sup class=\"tm-symbol\">\u2122<\/sup> Headset 100<\/h4>\n<h4>d\u0113zl<sup class=\"tm-symbol\">\u2122<\/sup> Headset 200<\/h4>\n<h4>d\u0113zl<sup class=\"tm-symbol\">\u2122<\/sup> LGV1010<\/h4>\n<h4>d\u0113zl<sup class=\"tm-symbol\">\u2122<\/sup> LGV610<\/h4>\n<h4>d\u0113zl<sup class=\"tm-symbol\">\u2122<\/sup> LGV710<\/h4>\n<h4>d\u0113zl<sup class=\"tm-symbol\">\u2122<\/sup> LGV810<\/h4>\n<h4>d\u0113zlCam<sup class=\"tm-symbol\">\u2122<\/sup> LGV710<\/h4>\n<h4>Edge<sup class=\"registered-symbol\">\u00ae<\/sup> 1040<\/h4>\n<h4>Edge<sup class=\"registered-symbol\">\u00ae<\/sup> 1040 Solar<\/h4>\n<h4>Edge<sup class=\"registered-symbol\">\u00ae<\/sup> 540<\/h4>\n<h4>Edge<sup class=\"registered-symbol\">\u00ae<\/sup> 540 Solar<\/h4>\n<h4>Edge<sup class=\"registered-symbol\">\u00ae<\/sup> 840<\/h4>\n<h4>Edge<sup class=\"registered-symbol\">\u00ae<\/sup> 840 Solar<\/h4>\n<h4>eTrex<sup class=\"registered-symbol\">\u00ae<\/sup> SE<\/h4>\n<h4>eTrex<sup class=\"registered-symbol\">\u00ae<\/sup> Solar<\/h4>\n<h4>Garmin DriveCam<sup class=\"tm-symbol\">\u2122<\/sup> 76<\/h4>\n<h4>Garmin DriveSmart<sup class=\"tm-symbol\">\u2122<\/sup> 66<\/h4>\n<h4>Garmin DriveSmart<sup class=\"tm-symbol\">\u2122<\/sup> 76<\/h4>\n<h4>Garmin DriveSmart<sup class=\"tm-symbol\">\u2122<\/sup> 86<\/h4>\n<h4>GPSMAP<sup class=\"registered-symbol\">\u00ae<\/sup> 67<\/h4>\n<h4>GPSMAP<sup class=\"registered-symbol\">\u00ae<\/sup> 67i<\/h4>\n<h4>inReach<sup class=\"registered-symbol\">\u00ae<\/sup> Messenger<\/h4>\n<h4>inReach<sup class=\"registered-symbol\">\u00ae<\/sup> Mini 2<\/h4>\n<h4>inReach<sup class=\"registered-symbol\">\u00ae<\/sup> Mini 2 Marine Bundle<\/h4>\n<h4>Tread<sup class=\"registered-symbol\">\u00ae<\/sup> &#8211; Overland Edition<\/h4>\n<h4>Tread<sup class=\"registered-symbol\">\u00ae<\/sup> &#8211; SxS Edition<\/h4>\n<h4>Tread<sup class=\"registered-symbol\">\u00ae<\/sup> XL &#8211; Baja Chase Edition<\/h4>\n<h4>Tread<sup class=\"registered-symbol\">\u00ae<\/sup> XL &#8211; Baja Race Edition<\/h4>\n<h4>Tread<sup class=\"registered-symbol\">\u00ae<\/sup> XL &#8211; Overland Edition<\/h4>\n<h4>Varia<sup class=\"tm-symbol\">\u2122<\/sup> RCT715<\/h4>\n<h4>z\u016bmo<sup class=\"registered-symbol\">\u00ae<\/sup> XT2<\/h4>\n","protected":false},"excerpt":{"rendered":"<p>Schlie\u00dfen Sie das Kabel an den USB-A-Anschluss Ihres kompatiblen Ger\u00e4ts an, um es zu laden und Daten auf Ihren Computer zu \u00fcbertragen. Hinweis: Wenn ein Autoprodukt \u00fcber ein USB-Kabel an einen Computer angeschlossen wird, zeigt das Produkt m\u00f6glicherweise eine Meldung an, dass das angeschlossene Kabel das Ger\u00e4t nicht aufladen kann. Diese Meldung ist normal. Das &hellip; <a href=\"https:\/\/www.miomiorun.com\/de\/produkt\/usb-typ-a-auf-typ-c-kabel\/\">Continued<\/a><\/p>\n","protected":false},"featured_media":170656,"template":"","meta":{"_acf_changed":false,"inline_featured_image":false},"product_brand":[],"product_cat":[3344,3345],"product_tag":[3346],"class_list":{"0":"post-170668","1":"product","2":"type-product","3":"status-publish","4":"has-post-thumbnail","6":"product_cat-garmin-de","7":"product_cat-zubehoer-de-2","8":"product_tag-garmin-de","9":"pa_marca-garmin-de","10":"pa_sesso-damen","11":"pa_sesso-herren","13":"first","14":"outofstock","15":"sale","16":"taxable","17":"shipping-taxable","18":"purchasable","19":"product-type-simple"},"acf":[],"yoast_head":"<!-- This site is optimized with the Yoast SEO plugin v26.8 - https:\/\/yoast.com\/product\/yoast-seo-wordpress\/ -->\n<title>Garmin USB Typ A auf Typ C Kabel - Garmin-Zubeh\u00f6r - MioMioRun<\/title>\n<meta name=\"description\" content=\"Schlie\u00dfen Sie das Kabel an den USB-A-Anschluss Ihres kompatiblen Ger\u00e4ts an, um es aufzuladen und Daten auf Ihren Computer zu \u00fcbertragen.\" \/>\n<meta name=\"robots\" content=\"index, follow, max-snippet:-1, max-image-preview:large, max-video-preview:-1\" \/>\n<link rel=\"canonical\" href=\"https:\/\/www.miomiorun.com\/de\/produkt\/usb-typ-a-auf-typ-c-kabel\/\" \/>\n<meta property=\"og:locale\" content=\"de_DE\" \/>\n<meta property=\"og:type\" content=\"article\" \/>\n<meta property=\"og:title\" content=\"Garmin USB Typ A auf Typ C Kabel - Garmin-Zubeh\u00f6r - MioMioRun\" \/>\n<meta property=\"og:description\" content=\"Schlie\u00dfen Sie das Kabel an den USB-A-Anschluss Ihres kompatiblen Ger\u00e4ts an, um es aufzuladen und Daten auf Ihren Computer zu \u00fcbertragen.\" \/>\n<meta property=\"og:url\" content=\"https:\/\/www.miomiorun.com\/de\/produkt\/usb-typ-a-auf-typ-c-kabel\/\" \/>\n<meta property=\"og:site_name\" content=\"MioMioRun\" \/>\n<meta property=\"article:publisher\" content=\"https:\/\/www.facebook.com\/miomiorun\/\" \/>\n<meta property=\"article:modified_time\" content=\"2025-03-06T10:47:47+00:00\" \/>\n<meta property=\"og:image\" content=\"https:\/\/www.miomiorun.com\/app\/uploads\/2024\/05\/garmin-CAVO-USB-EDGE-010-13199-00.webp\" \/>\n\t<meta property=\"og:image:width\" content=\"600\" \/>\n\t<meta property=\"og:image:height\" content=\"600\" \/>\n\t<meta property=\"og:image:type\" content=\"image\/webp\" \/>\n<meta name=\"twitter:card\" content=\"summary_large_image\" \/>\n<meta name=\"twitter:label1\" content=\"Est. reading time\" \/>\n\t<meta name=\"twitter:data1\" content=\"1 minute\" \/>\n<script type=\"application\/ld+json\" class=\"yoast-schema-graph\">{\"@context\":\"https:\/\/schema.org\",\"@graph\":[{\"@type\":\"WebPage\",\"@id\":\"https:\/\/www.miomiorun.com\/de\/produkt\/usb-typ-a-auf-typ-c-kabel\/\",\"url\":\"https:\/\/www.miomiorun.com\/de\/produkt\/usb-typ-a-auf-typ-c-kabel\/\",\"name\":\"Garmin USB Typ A auf Typ C Kabel - Garmin-Zubeh\u00f6r - MioMioRun\",\"isPartOf\":{\"@id\":\"https:\/\/www.miomiorun.com\/de\/#website\"},\"primaryImageOfPage\":{\"@id\":\"https:\/\/www.miomiorun.com\/de\/produkt\/usb-typ-a-auf-typ-c-kabel\/#primaryimage\"},\"image\":{\"@id\":\"https:\/\/www.miomiorun.com\/de\/produkt\/usb-typ-a-auf-typ-c-kabel\/#primaryimage\"},\"thumbnailUrl\":\"https:\/\/www.miomiorun.com\/app\/uploads\/2024\/05\/garmin-CAVO-USB-EDGE-010-13199-00.webp\",\"datePublished\":\"2024-05-24T16:10:18+00:00\",\"dateModified\":\"2025-03-06T10:47:47+00:00\",\"description\":\"Schlie\u00dfen Sie das Kabel an den USB-A-Anschluss Ihres kompatiblen Ger\u00e4ts an, um es aufzuladen und Daten auf Ihren Computer zu \u00fcbertragen.\",\"breadcrumb\":{\"@id\":\"https:\/\/www.miomiorun.com\/de\/produkt\/usb-typ-a-auf-typ-c-kabel\/#breadcrumb\"},\"inLanguage\":\"de-DE\",\"potentialAction\":[{\"@type\":\"ReadAction\",\"target\":[\"https:\/\/www.miomiorun.com\/de\/produkt\/usb-typ-a-auf-typ-c-kabel\/\"]}]},{\"@type\":\"ImageObject\",\"inLanguage\":\"de-DE\",\"@id\":\"https:\/\/www.miomiorun.com\/de\/produkt\/usb-typ-a-auf-typ-c-kabel\/#primaryimage\",\"url\":\"https:\/\/www.miomiorun.com\/app\/uploads\/2024\/05\/garmin-CAVO-USB-EDGE-010-13199-00.webp\",\"contentUrl\":\"https:\/\/www.miomiorun.com\/app\/uploads\/2024\/05\/garmin-CAVO-USB-EDGE-010-13199-00.webp\",\"width\":600,\"height\":600,\"caption\":\"garmin CAVO USB EDGE 010-13199-00\"},{\"@type\":\"BreadcrumbList\",\"@id\":\"https:\/\/www.miomiorun.com\/de\/produkt\/usb-typ-a-auf-typ-c-kabel\/#breadcrumb\",\"itemListElement\":[{\"@type\":\"ListItem\",\"position\":1,\"name\":\"Home\",\"item\":\"https:\/\/www.miomiorun.com\/de\/\"},{\"@type\":\"ListItem\",\"position\":2,\"name\":\"Shop\",\"item\":\"https:\/\/www.miomiorun.com\/shop\/\"},{\"@type\":\"ListItem\",\"position\":3,\"name\":\"USB Typ A auf Typ C Kabel\"}]},{\"@type\":\"WebSite\",\"@id\":\"https:\/\/www.miomiorun.com\/de\/#website\",\"url\":\"https:\/\/www.miomiorun.com\/de\/\",\"name\":\"MioMioRun\",\"description\":\"100% Lauf- und Trailshop\",\"publisher\":{\"@id\":\"https:\/\/www.miomiorun.com\/de\/#organization\"},\"potentialAction\":[{\"@type\":\"SearchAction\",\"target\":{\"@type\":\"EntryPoint\",\"urlTemplate\":\"https:\/\/www.miomiorun.com\/de\/?s={search_term_string}\"},\"query-input\":{\"@type\":\"PropertyValueSpecification\",\"valueRequired\":true,\"valueName\":\"search_term_string\"}}],\"inLanguage\":\"de-DE\"},{\"@type\":\"Organization\",\"@id\":\"https:\/\/www.miomiorun.com\/de\/#organization\",\"name\":\"MioMio Run\",\"url\":\"https:\/\/www.miomiorun.com\/de\/\",\"logo\":{\"@type\":\"ImageObject\",\"inLanguage\":\"de-DE\",\"@id\":\"https:\/\/www.miomiorun.com\/de\/#\/schema\/logo\/image\/\",\"url\":\"https:\/\/www.miomiorun.com\/app\/uploads\/2019\/12\/logomio.png\",\"contentUrl\":\"https:\/\/www.miomiorun.com\/app\/uploads\/2019\/12\/logomio.png\",\"width\":115,\"height\":82,\"caption\":\"MioMio Run\"},\"image\":{\"@id\":\"https:\/\/www.miomiorun.com\/de\/#\/schema\/logo\/image\/\"},\"sameAs\":[\"https:\/\/www.facebook.com\/miomiorun\/\",\"https:\/\/www.instagram.com\/miomiorun\/\"]}]}<\/script>\n<!-- \/ Yoast SEO plugin. -->","yoast_head_json":{"title":"Garmin USB Typ A auf Typ C Kabel - Garmin-Zubeh\u00f6r - MioMioRun","description":"Schlie\u00dfen Sie das Kabel an den USB-A-Anschluss Ihres kompatiblen Ger\u00e4ts an, um es aufzuladen und Daten auf Ihren Computer zu \u00fcbertragen.","robots":{"index":"index","follow":"follow","max-snippet":"max-snippet:-1","max-image-preview":"max-image-preview:large","max-video-preview":"max-video-preview:-1"},"canonical":"https:\/\/www.miomiorun.com\/de\/produkt\/usb-typ-a-auf-typ-c-kabel\/","og_locale":"de_DE","og_type":"article","og_title":"Garmin USB Typ A auf Typ C Kabel - Garmin-Zubeh\u00f6r - MioMioRun","og_description":"Schlie\u00dfen Sie das Kabel an den USB-A-Anschluss Ihres kompatiblen Ger\u00e4ts an, um es aufzuladen und Daten auf Ihren Computer zu \u00fcbertragen.","og_url":"https:\/\/www.miomiorun.com\/de\/produkt\/usb-typ-a-auf-typ-c-kabel\/","og_site_name":"MioMioRun","article_publisher":"https:\/\/www.facebook.com\/miomiorun\/","article_modified_time":"2025-03-06T10:47:47+00:00","og_image":[{"width":600,"height":600,"url":"https:\/\/www.miomiorun.com\/app\/uploads\/2024\/05\/garmin-CAVO-USB-EDGE-010-13199-00.webp","type":"image\/webp"}],"twitter_card":"summary_large_image","twitter_misc":{"Est. reading time":"1 minute"},"schema":{"@context":"https:\/\/schema.org","@graph":[{"@type":"WebPage","@id":"https:\/\/www.miomiorun.com\/de\/produkt\/usb-typ-a-auf-typ-c-kabel\/","url":"https:\/\/www.miomiorun.com\/de\/produkt\/usb-typ-a-auf-typ-c-kabel\/","name":"Garmin USB Typ A auf Typ C Kabel - Garmin-Zubeh\u00f6r - MioMioRun","isPartOf":{"@id":"https:\/\/www.miomiorun.com\/de\/#website"},"primaryImageOfPage":{"@id":"https:\/\/www.miomiorun.com\/de\/produkt\/usb-typ-a-auf-typ-c-kabel\/#primaryimage"},"image":{"@id":"https:\/\/www.miomiorun.com\/de\/produkt\/usb-typ-a-auf-typ-c-kabel\/#primaryimage"},"thumbnailUrl":"https:\/\/www.miomiorun.com\/app\/uploads\/2024\/05\/garmin-CAVO-USB-EDGE-010-13199-00.webp","datePublished":"2024-05-24T16:10:18+00:00","dateModified":"2025-03-06T10:47:47+00:00","description":"Schlie\u00dfen Sie das Kabel an den USB-A-Anschluss Ihres kompatiblen Ger\u00e4ts an, um es aufzuladen und Daten auf Ihren Computer zu \u00fcbertragen.","breadcrumb":{"@id":"https:\/\/www.miomiorun.com\/de\/produkt\/usb-typ-a-auf-typ-c-kabel\/#breadcrumb"},"inLanguage":"de-DE","potentialAction":[{"@type":"ReadAction","target":["https:\/\/www.miomiorun.com\/de\/produkt\/usb-typ-a-auf-typ-c-kabel\/"]}]},{"@type":"ImageObject","inLanguage":"de-DE","@id":"https:\/\/www.miomiorun.com\/de\/produkt\/usb-typ-a-auf-typ-c-kabel\/#primaryimage","url":"https:\/\/www.miomiorun.com\/app\/uploads\/2024\/05\/garmin-CAVO-USB-EDGE-010-13199-00.webp","contentUrl":"https:\/\/www.miomiorun.com\/app\/uploads\/2024\/05\/garmin-CAVO-USB-EDGE-010-13199-00.webp","width":600,"height":600,"caption":"garmin CAVO USB EDGE 010-13199-00"},{"@type":"BreadcrumbList","@id":"https:\/\/www.miomiorun.com\/de\/produkt\/usb-typ-a-auf-typ-c-kabel\/#breadcrumb","itemListElement":[{"@type":"ListItem","position":1,"name":"Home","item":"https:\/\/www.miomiorun.com\/de\/"},{"@type":"ListItem","position":2,"name":"Shop","item":"https:\/\/www.miomiorun.com\/shop\/"},{"@type":"ListItem","position":3,"name":"USB Typ A auf Typ C Kabel"}]},{"@type":"WebSite","@id":"https:\/\/www.miomiorun.com\/de\/#website","url":"https:\/\/www.miomiorun.com\/de\/","name":"MioMioRun","description":"100% Lauf- und Trailshop","publisher":{"@id":"https:\/\/www.miomiorun.com\/de\/#organization"},"potentialAction":[{"@type":"SearchAction","target":{"@type":"EntryPoint","urlTemplate":"https:\/\/www.miomiorun.com\/de\/?s={search_term_string}"},"query-input":{"@type":"PropertyValueSpecification","valueRequired":true,"valueName":"search_term_string"}}],"inLanguage":"de-DE"},{"@type":"Organization","@id":"https:\/\/www.miomiorun.com\/de\/#organization","name":"MioMio Run","url":"https:\/\/www.miomiorun.com\/de\/","logo":{"@type":"ImageObject","inLanguage":"de-DE","@id":"https:\/\/www.miomiorun.com\/de\/#\/schema\/logo\/image\/","url":"https:\/\/www.miomiorun.com\/app\/uploads\/2019\/12\/logomio.png","contentUrl":"https:\/\/www.miomiorun.com\/app\/uploads\/2019\/12\/logomio.png","width":115,"height":82,"caption":"MioMio Run"},"image":{"@id":"https:\/\/www.miomiorun.com\/de\/#\/schema\/logo\/image\/"},"sameAs":["https:\/\/www.facebook.com\/miomiorun\/","https:\/\/www.instagram.com\/miomiorun\/"]}]}},"_links":{"self":[{"href":"https:\/\/www.miomiorun.com\/de\/wp-json\/wp\/v2\/product\/170668","targetHints":{"allow":["GET"]}}],"collection":[{"href":"https:\/\/www.miomiorun.com\/de\/wp-json\/wp\/v2\/product"}],"about":[{"href":"https:\/\/www.miomiorun.com\/de\/wp-json\/wp\/v2\/types\/product"}],"wp:featuredmedia":[{"embeddable":true,"href":"https:\/\/www.miomiorun.com\/de\/wp-json\/wp\/v2\/media\/170656"}],"wp:attachment":[{"href":"https:\/\/www.miomiorun.com\/de\/wp-json\/wp\/v2\/media?parent=170668"}],"wp:term":[{"taxonomy":"product_brand","embeddable":true,"href":"https:\/\/www.miomiorun.com\/de\/wp-json\/wp\/v2\/product_brand?post=170668"},{"taxonomy":"product_cat","embeddable":true,"href":"https:\/\/www.miomiorun.com\/de\/wp-json\/wp\/v2\/product_cat?post=170668"},{"taxonomy":"product_tag","embeddable":true,"href":"https:\/\/www.miomiorun.com\/de\/wp-json\/wp\/v2\/product_tag?post=170668"}],"curies":[{"name":"wp","href":"https:\/\/api.w.org\/{rel}","templated":true}]}}