{"id":170130,"date":"2024-05-16T14:11:15","date_gmt":"2024-05-16T12:11:15","guid":{"rendered":"https:\/\/miomiorun.com\/?post_type=product&#038;p=170130"},"modified":"2025-01-03T15:44:35","modified_gmt":"2025-01-03T14:44:35","slug":"double-gr","status":"publish","type":"product","link":"https:\/\/www.miomiorun.com\/de\/produkt\/double-gr\/","title":{"rendered":"Double Gr"},"content":{"rendered":"<p><div class=\"vc-row container\"><div class=\"vc-column\"><div class=\"vc-column-text\"><\/p>\n<div class=\"o-feature-callout__feature-copy\">\n<div class=\"o-feature-callout__feature-copy\">\n<div class=\"o-feature-callout__feature-copy\">\n<p>Die <strong>DOUBLE GR-Socke <\/strong> ist speziell f\u00fcr Wanderungen konzipiert.<\/p>\n<p>Sie besteht aus 2 Schichten, wobei die erste Schicht am Fu\u00df und die zweite Schicht am Schuh haftet.<\/p>\n<p><strong>Diese Produktionstechnik reduziert den W\u00e4rmestau und verringert das Risiko von Blasenbildung.<\/strong><\/p>\n<p>Es ist ultraleicht und hoch bel\u00fcftet und besteht aus der neuesten Generation von Mikrofasern, SENSIL AQUARIUS. Diese Mikrofaser hat hydrophobe Eigenschaften und eine Triple-T-Struktur, die eine schnelle Verdunstung von Schwei\u00df bei Ihren Ausfl\u00fcgen f\u00f6rdert.<\/p>\n<p><strong>Eigenschaften:<\/strong><\/p>\n<ul>\n<li>Die 360\u00b0-Fu\u00df- und Kn\u00f6chelunterst\u00fctzung und -stabilisierung st\u00fctzt den Kn\u00f6chel und stabilisiert den Fu\u00df im Schuh.<\/li>\n<li>Die DOUBLE GR verf\u00fcgt \u00fcber ein BEL\u00dcFTETES NETZ \u00fcber den gesamten oberen Teil der Socke, um den Schwei\u00df besser abzutransportieren.<\/li>\n<li>Ihr RAND ist nahtlos.<\/li>\n<li>Der FERSEN und die Zehen sind aus CORDURA gefertigt. Dies ist eine haltbare und atmungsaktive Faser, die f\u00fcr ihre Verschlei\u00dffestigkeit bekannt ist. Sie ist leicht zu reinigen und trocknet schnell.<\/li>\n<\/ul>\n<\/div>\n<\/div>\n<\/div>\n<p><\/div><\/div><\/div><div class=\"vc-row container\"><div class=\"vc-column\"><div class=\"vc-column-text\"><a href=\"https:\/\/miomiorun.com\/wp-content\/uploads\/2024\/05\/Double-GR-haute-caratteristiche.webp\"><img loading=\"lazy\" decoding=\"async\" class=\"aligncenter wp-image-170417 size-full\" src=\"https:\/\/miomiorun.com\/wp-content\/uploads\/2024\/05\/Double-GR-haute-caratteristiche.webp\" alt=\"\" width=\"600\" height=\"600\" srcset=\"https:\/\/www.miomiorun.com\/app\/uploads\/2024\/05\/Double-GR-haute-caratteristiche.webp 600w, https:\/\/www.miomiorun.com\/app\/uploads\/2024\/05\/Double-GR-haute-caratteristiche-300x300.webp 300w, https:\/\/www.miomiorun.com\/app\/uploads\/2024\/05\/Double-GR-haute-caratteristiche-100x100.webp 100w, https:\/\/www.miomiorun.com\/app\/uploads\/2024\/05\/Double-GR-haute-caratteristiche-150x150.webp 150w, https:\/\/www.miomiorun.com\/app\/uploads\/2024\/05\/Double-GR-haute-caratteristiche-400x400.webp 400w, https:\/\/www.miomiorun.com\/app\/uploads\/2024\/05\/Double-GR-haute-caratteristiche-85x85.webp 85w, https:\/\/www.miomiorun.com\/app\/uploads\/2024\/05\/Double-GR-haute-caratteristiche-50x50.webp 50w, https:\/\/www.miomiorun.com\/app\/uploads\/2024\/05\/Double-GR-haute-caratteristiche-32x32.webp 32w, https:\/\/www.miomiorun.com\/app\/uploads\/2024\/05\/Double-GR-haute-caratteristiche-480x480.webp 480w\" sizes=\"auto, (max-width: 600px) 100vw, 600px\" \/><\/a><\/div><\/div><div class=\"vc-column\"><div class=\"vc-column-text\"><\/p>\n<h3>Technologie:<\/h3>\n<div class=\"o-feature-callout__feature-copy\">\n<div class=\"o-feature-callout__feature-copy\">\n<div class=\"o-feature-callout__feature-copy\">\n<div class=\"col-sm-5 col-12\">\n<h3 class=\"title\">Doppelte Socke<\/h3>\n<p><strong>Technik<\/strong>: Socken, die aus 2 miteinander verbundenen Schichten bestehen. Die erste Lage haftet am Fu\u00df und die zweite Lage am Schuh.<\/p>\n<p><strong>Wirkung<\/strong>: Reduziert die \u00dcberhitzung.<\/p>\n<p><strong>Nutzen<\/strong>: Begrenzt das Risiko von Blasenbildung.<\/p>\n<h3><\/h3>\n<p class=\"title\">Umfassende Unterst\u00fctzung und Stabilisierung von Fu\u00df und Kn\u00f6chel<\/p>\n<p><strong>Technik: Rippenstrick im Bereich des Sprunggelenks.<\/strong><\/p>\n<p><strong>Wirkung: St\u00fctzt und stabilisiert den Kn\u00f6chel, ohne ihn zu belasten.<\/strong><\/p>\n<p><strong>Vorteil: Optimale Unterst\u00fctzung des Kn\u00f6chels beim Laufen.<\/strong><\/p>\n<h3><\/h3>\n<h3 class=\"title\">SENSIL AQUARIUS<\/h3>\n<p><strong>Technik<\/strong>: Mikrofaser mit hydrophoben Eigenschaften und einer dreilagigen Struktur.<\/p>\n<p><strong>Wirkung<\/strong>: Leitet effektiv den Schwei\u00df ab und trocknet schnell.<\/p>\n<p><strong>Vorteile<\/strong>: Thermischer Komfort in der Socke.<\/p>\n<p>&nbsp;<\/p>\n<h3 class=\"title\">SEAMLESS<\/h3>\n<p><strong>Technik<\/strong>: Nahtlose Konstruktion.<\/p>\n<p><strong>Wirkung<\/strong>: Reduziert \u00fcberhitzte Bereiche.<\/p>\n<p><strong>Vorteil<\/strong>: Optimaler Komfort.<\/p>\n<p>&nbsp;<\/p>\n<h3 class=\"title\">Ausgestrahltes Netz<\/h3>\n<p><strong>Technik<\/strong>: Leichtes, perforiertes Mesh auf der Oberseite des Fu\u00dfes.<\/p>\n<p><strong>Wirkung<\/strong>: Beschleunigt die W\u00e4rmeregulierung. Optimale Bel\u00fcftung.<\/p>\n<p><strong>Vorteile<\/strong>: Leitet den Schwei\u00df effektiv ab.<\/p>\n<p>&nbsp;<\/p>\n<h3 class=\"title\">Cordura<\/h3>\n<p><strong>Technik<\/strong>: Synthetische Faser in der Ferse und Spitze.<\/p>\n<p><strong>Wirkung<\/strong>: Widerstandsf\u00e4hig und atmungsaktiv.<\/p>\n<p><strong>Vorteile<\/strong>: Widersteht dem Verschlei\u00df, ist leicht zu waschen und trocknet schnell.<\/p>\n<\/div>\n<\/div>\n<\/div>\n<\/div>\n<p><\/div><\/div><\/div><\/p>\n","protected":false},"excerpt":{"rendered":"<ul>\n<li>Ideale Socke f\u00fcr das Tragen beim Wandern.<\/li>\n<li>\u00f9Hohe Socke.<\/li>\n<li>Abriebfest.<\/li>\n<\/ul>\n","protected":false},"featured_media":170413,"template":"","meta":{"_acf_changed":false,"inline_featured_image":false},"product_brand":[],"product_cat":[6540,6514,6401,6402],"product_tag":[15504,15510,15507],"class_list":{"0":"post-170130","1":"product","2":"type-product","3":"status-publish","4":"has-post-thumbnail","6":"product_cat-herrenbekleidung","7":"product_cat-socken","8":"product_cat-damenbekleidung","9":"product_cat-damensocken-de","10":"product_tag-bv-sport-de","11":"product_tag-bv-sport-damen","12":"product_tag-bv-sport-herren","13":"pa_attivita-gehen","14":"pa_attivita-outdoor-de","15":"pa_attivita-running-de","16":"pa_attivita-trail-de","17":"pa_colore-double-gr-haute-bleu-navy-de","18":"pa_colore-double-gr-haute-noir-de","19":"pa_marca-bv-sport-de","20":"pa_sesso-damen","21":"pa_sesso-herren","22":"pa_size-36-38-de","23":"pa_size-39-41-de","24":"pa_size-42-44-de","25":"pa_size-45-47-de","27":"first","28":"instock","29":"sale","30":"taxable","31":"shipping-taxable","32":"purchasable","33":"product-type-variable","34":"wvs-archive-product-wrapper"},"acf":[],"yoast_head":"<!-- This site is optimized with the Yoast SEO plugin v26.8 - https:\/\/yoast.com\/product\/yoast-seo-wordpress\/ -->\n<title>BvsportDouble Gr - Calzini Laufen - MioMioRun<\/title>\n<meta name=\"description\" content=\"Die DOUBLE GR MID-Socke wurde speziell f\u00fcr Wanderungen entwickelt. Sie besteht aus 2 Schichten, wobei die erste Schicht perfekt am Fu\u00df haftet.\" \/>\n<meta name=\"robots\" content=\"index, follow, max-snippet:-1, max-image-preview:large, max-video-preview:-1\" \/>\n<link rel=\"canonical\" href=\"https:\/\/www.miomiorun.com\/de\/produkt\/double-gr\/\" \/>\n<meta property=\"og:locale\" content=\"de_DE\" \/>\n<meta property=\"og:type\" content=\"article\" \/>\n<meta property=\"og:title\" content=\"BvsportDouble Gr - Calzini Laufen - MioMioRun\" \/>\n<meta property=\"og:description\" content=\"Die DOUBLE GR MID-Socke wurde speziell f\u00fcr Wanderungen entwickelt. Sie besteht aus 2 Schichten, wobei die erste Schicht perfekt am Fu\u00df haftet.\" \/>\n<meta property=\"og:url\" content=\"https:\/\/www.miomiorun.com\/de\/produkt\/double-gr\/\" \/>\n<meta property=\"og:site_name\" content=\"MioMioRun\" \/>\n<meta property=\"article:publisher\" content=\"https:\/\/www.facebook.com\/miomiorun\/\" \/>\n<meta property=\"article:modified_time\" content=\"2025-01-03T14:44:35+00:00\" \/>\n<meta property=\"og:image\" content=\"https:\/\/www.miomiorun.com\/app\/uploads\/2024\/05\/bv-sport-Double-GR-haute-bleu-navy-197-002.webp\" \/>\n\t<meta property=\"og:image:width\" content=\"600\" \/>\n\t<meta property=\"og:image:height\" content=\"600\" \/>\n\t<meta property=\"og:image:type\" content=\"image\/webp\" \/>\n<meta name=\"twitter:card\" content=\"summary_large_image\" \/>\n<meta name=\"twitter:label1\" content=\"Est. reading time\" \/>\n\t<meta name=\"twitter:data1\" content=\"1 minute\" \/>\n<script type=\"application\/ld+json\" class=\"yoast-schema-graph\">{\"@context\":\"https:\/\/schema.org\",\"@graph\":[{\"@type\":\"WebPage\",\"@id\":\"https:\/\/www.miomiorun.com\/de\/produkt\/double-gr\/\",\"url\":\"https:\/\/www.miomiorun.com\/de\/produkt\/double-gr\/\",\"name\":\"BvsportDouble Gr - Calzini Laufen - MioMioRun\",\"isPartOf\":{\"@id\":\"https:\/\/www.miomiorun.com\/de\/#website\"},\"primaryImageOfPage\":{\"@id\":\"https:\/\/www.miomiorun.com\/de\/produkt\/double-gr\/#primaryimage\"},\"image\":{\"@id\":\"https:\/\/www.miomiorun.com\/de\/produkt\/double-gr\/#primaryimage\"},\"thumbnailUrl\":\"https:\/\/www.miomiorun.com\/app\/uploads\/2024\/05\/bv-sport-Double-GR-haute-bleu-navy-197-002.webp\",\"datePublished\":\"2024-05-16T12:11:15+00:00\",\"dateModified\":\"2025-01-03T14:44:35+00:00\",\"description\":\"Die DOUBLE GR MID-Socke wurde speziell f\u00fcr Wanderungen entwickelt. Sie besteht aus 2 Schichten, wobei die erste Schicht perfekt am Fu\u00df haftet.\",\"breadcrumb\":{\"@id\":\"https:\/\/www.miomiorun.com\/de\/produkt\/double-gr\/#breadcrumb\"},\"inLanguage\":\"de-DE\",\"potentialAction\":[{\"@type\":\"ReadAction\",\"target\":[\"https:\/\/www.miomiorun.com\/de\/produkt\/double-gr\/\"]}]},{\"@type\":\"ImageObject\",\"inLanguage\":\"de-DE\",\"@id\":\"https:\/\/www.miomiorun.com\/de\/produkt\/double-gr\/#primaryimage\",\"url\":\"https:\/\/www.miomiorun.com\/app\/uploads\/2024\/05\/bv-sport-Double-GR-haute-bleu-navy-197-002.webp\",\"contentUrl\":\"https:\/\/www.miomiorun.com\/app\/uploads\/2024\/05\/bv-sport-Double-GR-haute-bleu-navy-197-002.webp\",\"width\":600,\"height\":600,\"caption\":\"bv sport Double GR haute bleu navy 197 002\"},{\"@type\":\"BreadcrumbList\",\"@id\":\"https:\/\/www.miomiorun.com\/de\/produkt\/double-gr\/#breadcrumb\",\"itemListElement\":[{\"@type\":\"ListItem\",\"position\":1,\"name\":\"Home\",\"item\":\"https:\/\/www.miomiorun.com\/de\/\"},{\"@type\":\"ListItem\",\"position\":2,\"name\":\"Shop\",\"item\":\"https:\/\/www.miomiorun.com\/shop\/\"},{\"@type\":\"ListItem\",\"position\":3,\"name\":\"Double Gr\"}]},{\"@type\":\"WebSite\",\"@id\":\"https:\/\/www.miomiorun.com\/de\/#website\",\"url\":\"https:\/\/www.miomiorun.com\/de\/\",\"name\":\"MioMioRun\",\"description\":\"100% Lauf- und Trailshop\",\"publisher\":{\"@id\":\"https:\/\/www.miomiorun.com\/de\/#organization\"},\"potentialAction\":[{\"@type\":\"SearchAction\",\"target\":{\"@type\":\"EntryPoint\",\"urlTemplate\":\"https:\/\/www.miomiorun.com\/de\/?s={search_term_string}\"},\"query-input\":{\"@type\":\"PropertyValueSpecification\",\"valueRequired\":true,\"valueName\":\"search_term_string\"}}],\"inLanguage\":\"de-DE\"},{\"@type\":\"Organization\",\"@id\":\"https:\/\/www.miomiorun.com\/de\/#organization\",\"name\":\"MioMio Run\",\"url\":\"https:\/\/www.miomiorun.com\/de\/\",\"logo\":{\"@type\":\"ImageObject\",\"inLanguage\":\"de-DE\",\"@id\":\"https:\/\/www.miomiorun.com\/de\/#\/schema\/logo\/image\/\",\"url\":\"https:\/\/www.miomiorun.com\/app\/uploads\/2019\/12\/logomio.png\",\"contentUrl\":\"https:\/\/www.miomiorun.com\/app\/uploads\/2019\/12\/logomio.png\",\"width\":115,\"height\":82,\"caption\":\"MioMio Run\"},\"image\":{\"@id\":\"https:\/\/www.miomiorun.com\/de\/#\/schema\/logo\/image\/\"},\"sameAs\":[\"https:\/\/www.facebook.com\/miomiorun\/\",\"https:\/\/www.instagram.com\/miomiorun\/\"]}]}<\/script>\n<!-- \/ Yoast SEO plugin. -->","yoast_head_json":{"title":"BvsportDouble Gr - Calzini Laufen - MioMioRun","description":"Die DOUBLE GR MID-Socke wurde speziell f\u00fcr Wanderungen entwickelt. Sie besteht aus 2 Schichten, wobei die erste Schicht perfekt am Fu\u00df haftet.","robots":{"index":"index","follow":"follow","max-snippet":"max-snippet:-1","max-image-preview":"max-image-preview:large","max-video-preview":"max-video-preview:-1"},"canonical":"https:\/\/www.miomiorun.com\/de\/produkt\/double-gr\/","og_locale":"de_DE","og_type":"article","og_title":"BvsportDouble Gr - Calzini Laufen - MioMioRun","og_description":"Die DOUBLE GR MID-Socke wurde speziell f\u00fcr Wanderungen entwickelt. Sie besteht aus 2 Schichten, wobei die erste Schicht perfekt am Fu\u00df haftet.","og_url":"https:\/\/www.miomiorun.com\/de\/produkt\/double-gr\/","og_site_name":"MioMioRun","article_publisher":"https:\/\/www.facebook.com\/miomiorun\/","article_modified_time":"2025-01-03T14:44:35+00:00","og_image":[{"width":600,"height":600,"url":"https:\/\/www.miomiorun.com\/app\/uploads\/2024\/05\/bv-sport-Double-GR-haute-bleu-navy-197-002.webp","type":"image\/webp"}],"twitter_card":"summary_large_image","twitter_misc":{"Est. reading time":"1 minute"},"schema":{"@context":"https:\/\/schema.org","@graph":[{"@type":"WebPage","@id":"https:\/\/www.miomiorun.com\/de\/produkt\/double-gr\/","url":"https:\/\/www.miomiorun.com\/de\/produkt\/double-gr\/","name":"BvsportDouble Gr - Calzini Laufen - MioMioRun","isPartOf":{"@id":"https:\/\/www.miomiorun.com\/de\/#website"},"primaryImageOfPage":{"@id":"https:\/\/www.miomiorun.com\/de\/produkt\/double-gr\/#primaryimage"},"image":{"@id":"https:\/\/www.miomiorun.com\/de\/produkt\/double-gr\/#primaryimage"},"thumbnailUrl":"https:\/\/www.miomiorun.com\/app\/uploads\/2024\/05\/bv-sport-Double-GR-haute-bleu-navy-197-002.webp","datePublished":"2024-05-16T12:11:15+00:00","dateModified":"2025-01-03T14:44:35+00:00","description":"Die DOUBLE GR MID-Socke wurde speziell f\u00fcr Wanderungen entwickelt. Sie besteht aus 2 Schichten, wobei die erste Schicht perfekt am Fu\u00df haftet.","breadcrumb":{"@id":"https:\/\/www.miomiorun.com\/de\/produkt\/double-gr\/#breadcrumb"},"inLanguage":"de-DE","potentialAction":[{"@type":"ReadAction","target":["https:\/\/www.miomiorun.com\/de\/produkt\/double-gr\/"]}]},{"@type":"ImageObject","inLanguage":"de-DE","@id":"https:\/\/www.miomiorun.com\/de\/produkt\/double-gr\/#primaryimage","url":"https:\/\/www.miomiorun.com\/app\/uploads\/2024\/05\/bv-sport-Double-GR-haute-bleu-navy-197-002.webp","contentUrl":"https:\/\/www.miomiorun.com\/app\/uploads\/2024\/05\/bv-sport-Double-GR-haute-bleu-navy-197-002.webp","width":600,"height":600,"caption":"bv sport Double GR haute bleu navy 197 002"},{"@type":"BreadcrumbList","@id":"https:\/\/www.miomiorun.com\/de\/produkt\/double-gr\/#breadcrumb","itemListElement":[{"@type":"ListItem","position":1,"name":"Home","item":"https:\/\/www.miomiorun.com\/de\/"},{"@type":"ListItem","position":2,"name":"Shop","item":"https:\/\/www.miomiorun.com\/shop\/"},{"@type":"ListItem","position":3,"name":"Double Gr"}]},{"@type":"WebSite","@id":"https:\/\/www.miomiorun.com\/de\/#website","url":"https:\/\/www.miomiorun.com\/de\/","name":"MioMioRun","description":"100% Lauf- und Trailshop","publisher":{"@id":"https:\/\/www.miomiorun.com\/de\/#organization"},"potentialAction":[{"@type":"SearchAction","target":{"@type":"EntryPoint","urlTemplate":"https:\/\/www.miomiorun.com\/de\/?s={search_term_string}"},"query-input":{"@type":"PropertyValueSpecification","valueRequired":true,"valueName":"search_term_string"}}],"inLanguage":"de-DE"},{"@type":"Organization","@id":"https:\/\/www.miomiorun.com\/de\/#organization","name":"MioMio Run","url":"https:\/\/www.miomiorun.com\/de\/","logo":{"@type":"ImageObject","inLanguage":"de-DE","@id":"https:\/\/www.miomiorun.com\/de\/#\/schema\/logo\/image\/","url":"https:\/\/www.miomiorun.com\/app\/uploads\/2019\/12\/logomio.png","contentUrl":"https:\/\/www.miomiorun.com\/app\/uploads\/2019\/12\/logomio.png","width":115,"height":82,"caption":"MioMio Run"},"image":{"@id":"https:\/\/www.miomiorun.com\/de\/#\/schema\/logo\/image\/"},"sameAs":["https:\/\/www.facebook.com\/miomiorun\/","https:\/\/www.instagram.com\/miomiorun\/"]}]}},"_links":{"self":[{"href":"https:\/\/www.miomiorun.com\/de\/wp-json\/wp\/v2\/product\/170130","targetHints":{"allow":["GET"]}}],"collection":[{"href":"https:\/\/www.miomiorun.com\/de\/wp-json\/wp\/v2\/product"}],"about":[{"href":"https:\/\/www.miomiorun.com\/de\/wp-json\/wp\/v2\/types\/product"}],"wp:featuredmedia":[{"embeddable":true,"href":"https:\/\/www.miomiorun.com\/de\/wp-json\/wp\/v2\/media\/170413"}],"wp:attachment":[{"href":"https:\/\/www.miomiorun.com\/de\/wp-json\/wp\/v2\/media?parent=170130"}],"wp:term":[{"taxonomy":"product_brand","embeddable":true,"href":"https:\/\/www.miomiorun.com\/de\/wp-json\/wp\/v2\/product_brand?post=170130"},{"taxonomy":"product_cat","embeddable":true,"href":"https:\/\/www.miomiorun.com\/de\/wp-json\/wp\/v2\/product_cat?post=170130"},{"taxonomy":"product_tag","embeddable":true,"href":"https:\/\/www.miomiorun.com\/de\/wp-json\/wp\/v2\/product_tag?post=170130"}],"curies":[{"name":"wp","href":"https:\/\/api.w.org\/{rel}","templated":true}]}}