{"id":169213,"date":"2024-05-10T15:43:50","date_gmt":"2024-05-10T13:43:50","guid":{"rendered":"https:\/\/miomiorun.com\/?post_type=product&#038;p=169213"},"modified":"2024-05-20T17:43:25","modified_gmt":"2024-05-20T15:43:25","slug":"t-shirt-laser-damen","status":"publish","type":"product","link":"https:\/\/www.miomiorun.com\/de\/produkt\/t-shirt-laser-damen\/","title":{"rendered":"T-Shirt Laser damen"},"content":{"rendered":"<div class=\"single-product-description\">\n<div class=\"single-product-description\">\n<p>Das Laser-T-Shirt verk\u00f6rpert das gesamte Know-how von Crazy im Bereich der Mustermacherei und unsere Erfahrung in der digitalen Drucktechnik. Ein innovatives Kleidungsst\u00fcck, das dekonstruiert wurde. Das Crazy-Modell hat ein Body-Mapping mit Laserl\u00f6chern erstellt, um den Bedarf an verschiedenen Bel\u00fcftungszonen zu decken. Die Grafiken wurden auf die Laserl\u00f6cher zugeschnitten, wodurch ein noch nie dagewesener Effekt erzielt wurde. Hergestellt aus leichter Mikrofaser mit geruchshemmender und schnell trocknender HEIQ-Behandlung. Lasergeschnittene und geklebte Saum- und \u00c4rmelabschl\u00fcsse.<\/p>\n<h3>Eigenschaften:<\/h3>\n<p>Schnelltrocknendes Mikrofasermaterial<br \/>\nLasergeschnittenes Body Mapping<br \/>\nFlatlock-N\u00e4hte in Kontrastfarbe<\/p>\n<\/div>\n<\/div>\n","protected":false},"excerpt":{"rendered":"<p>Das Laser-T-Shirt verk\u00f6rpert das gesamte Know-how von Crazy im Bereich der Mustermacherei und unsere Erfahrung in der digitalen Drucktechnik. Ein innovatives Kleidungsst\u00fcck, das dekonstruiert wurde. Das Crazy-Modell hat ein Body-Mapping mit Laserl\u00f6chern erstellt, um den Bedarf an verschiedenen Bel\u00fcftungszonen zu decken. Die Grafiken wurden auf die Laserl\u00f6cher zugeschnitten, wodurch ein noch nie dagewesener Effekt erzielt &hellip; <a href=\"https:\/\/www.miomiorun.com\/de\/produkt\/t-shirt-laser-damen\/\">Continued<\/a><\/p>\n","protected":false},"featured_media":169194,"template":"","meta":{"_acf_changed":false,"inline_featured_image":false},"product_brand":[],"product_cat":[6400,6401,6489],"product_tag":[3370,6237],"class_list":{"0":"post-169213","1":"product","2":"type-product","3":"status-publish","4":"has-post-thumbnail","6":"product_cat-damen","7":"product_cat-damenbekleidung","8":"product_cat-dament-shirt-de","9":"product_tag-crazy-idea-de","10":"product_tag-crazy-idea-damen-de","11":"pa_attivita-gehen","12":"pa_attivita-trail-de","13":"pa_colore-t-shirt-laser-w-mountain-flower-de","14":"pa_marca-crazy-idea-de","15":"pa_sesso-damen","16":"pa_size-extra-small-de","17":"pa_size-small-de","19":"first","20":"instock","21":"sale","22":"taxable","23":"shipping-taxable","24":"purchasable","25":"product-type-variable","26":"wvs-archive-product-wrapper"},"acf":[],"yoast_head":"<!-- This site is optimized with the Yoast SEO plugin v26.8 - https:\/\/yoast.com\/product\/yoast-seo-wordpress\/ -->\n<title>Crazy Idea T-Shirt Laser damen - lauf t-shirt- MioMioRun<\/title>\n<meta name=\"description\" content=\"Das Laser-T-Shirt verk\u00f6rpert unser gesamtes Know-how in der Mustermacherei und unsere Erfahrung in der Digitaldrucktechnik.\" \/>\n<meta name=\"robots\" content=\"index, follow, max-snippet:-1, max-image-preview:large, max-video-preview:-1\" \/>\n<link rel=\"canonical\" href=\"https:\/\/www.miomiorun.com\/de\/produkt\/t-shirt-laser-damen\/\" \/>\n<meta property=\"og:locale\" content=\"de_DE\" \/>\n<meta property=\"og:type\" content=\"article\" \/>\n<meta property=\"og:title\" content=\"Crazy Idea T-Shirt Laser damen - lauf t-shirt- MioMioRun\" \/>\n<meta property=\"og:description\" content=\"Das Laser-T-Shirt verk\u00f6rpert unser gesamtes Know-how in der Mustermacherei und unsere Erfahrung in der Digitaldrucktechnik.\" \/>\n<meta property=\"og:url\" content=\"https:\/\/www.miomiorun.com\/de\/produkt\/t-shirt-laser-damen\/\" \/>\n<meta property=\"og:site_name\" content=\"MioMioRun\" \/>\n<meta property=\"article:publisher\" content=\"https:\/\/www.facebook.com\/miomiorun\/\" \/>\n<meta property=\"article:modified_time\" content=\"2024-05-20T15:43:25+00:00\" \/>\n<meta property=\"og:image\" content=\"https:\/\/www.miomiorun.com\/app\/uploads\/2024\/05\/crazy-T-shirt-laser-W-mountain-flower-S24096142D-00X191.webp\" \/>\n\t<meta property=\"og:image:width\" content=\"600\" \/>\n\t<meta property=\"og:image:height\" content=\"600\" \/>\n\t<meta property=\"og:image:type\" content=\"image\/webp\" \/>\n<meta name=\"twitter:card\" content=\"summary_large_image\" \/>\n<script type=\"application\/ld+json\" class=\"yoast-schema-graph\">{\"@context\":\"https:\/\/schema.org\",\"@graph\":[{\"@type\":\"WebPage\",\"@id\":\"https:\/\/www.miomiorun.com\/de\/produkt\/t-shirt-laser-damen\/\",\"url\":\"https:\/\/www.miomiorun.com\/de\/produkt\/t-shirt-laser-damen\/\",\"name\":\"Crazy Idea T-Shirt Laser damen - lauf t-shirt- MioMioRun\",\"isPartOf\":{\"@id\":\"https:\/\/www.miomiorun.com\/de\/#website\"},\"primaryImageOfPage\":{\"@id\":\"https:\/\/www.miomiorun.com\/de\/produkt\/t-shirt-laser-damen\/#primaryimage\"},\"image\":{\"@id\":\"https:\/\/www.miomiorun.com\/de\/produkt\/t-shirt-laser-damen\/#primaryimage\"},\"thumbnailUrl\":\"https:\/\/www.miomiorun.com\/app\/uploads\/2024\/05\/crazy-T-shirt-laser-W-mountain-flower-S24096142D-00X191.webp\",\"datePublished\":\"2024-05-10T13:43:50+00:00\",\"dateModified\":\"2024-05-20T15:43:25+00:00\",\"description\":\"Das Laser-T-Shirt verk\u00f6rpert unser gesamtes Know-how in der Mustermacherei und unsere Erfahrung in der Digitaldrucktechnik.\",\"breadcrumb\":{\"@id\":\"https:\/\/www.miomiorun.com\/de\/produkt\/t-shirt-laser-damen\/#breadcrumb\"},\"inLanguage\":\"de-DE\",\"potentialAction\":[{\"@type\":\"ReadAction\",\"target\":[\"https:\/\/www.miomiorun.com\/de\/produkt\/t-shirt-laser-damen\/\"]}]},{\"@type\":\"ImageObject\",\"inLanguage\":\"de-DE\",\"@id\":\"https:\/\/www.miomiorun.com\/de\/produkt\/t-shirt-laser-damen\/#primaryimage\",\"url\":\"https:\/\/www.miomiorun.com\/app\/uploads\/2024\/05\/crazy-T-shirt-laser-W-mountain-flower-S24096142D-00X191.webp\",\"contentUrl\":\"https:\/\/www.miomiorun.com\/app\/uploads\/2024\/05\/crazy-T-shirt-laser-W-mountain-flower-S24096142D-00X191.webp\",\"width\":600,\"height\":600,\"caption\":\"crazy T-shirt laser W mountain flower S24096142D-00X191\"},{\"@type\":\"BreadcrumbList\",\"@id\":\"https:\/\/www.miomiorun.com\/de\/produkt\/t-shirt-laser-damen\/#breadcrumb\",\"itemListElement\":[{\"@type\":\"ListItem\",\"position\":1,\"name\":\"Home\",\"item\":\"https:\/\/www.miomiorun.com\/de\/\"},{\"@type\":\"ListItem\",\"position\":2,\"name\":\"Shop\",\"item\":\"https:\/\/www.miomiorun.com\/shop\/\"},{\"@type\":\"ListItem\",\"position\":3,\"name\":\"T-Shirt Laser damen\"}]},{\"@type\":\"WebSite\",\"@id\":\"https:\/\/www.miomiorun.com\/de\/#website\",\"url\":\"https:\/\/www.miomiorun.com\/de\/\",\"name\":\"MioMioRun\",\"description\":\"100% Lauf- und Trailshop\",\"publisher\":{\"@id\":\"https:\/\/www.miomiorun.com\/de\/#organization\"},\"potentialAction\":[{\"@type\":\"SearchAction\",\"target\":{\"@type\":\"EntryPoint\",\"urlTemplate\":\"https:\/\/www.miomiorun.com\/de\/?s={search_term_string}\"},\"query-input\":{\"@type\":\"PropertyValueSpecification\",\"valueRequired\":true,\"valueName\":\"search_term_string\"}}],\"inLanguage\":\"de-DE\"},{\"@type\":\"Organization\",\"@id\":\"https:\/\/www.miomiorun.com\/de\/#organization\",\"name\":\"MioMio Run\",\"url\":\"https:\/\/www.miomiorun.com\/de\/\",\"logo\":{\"@type\":\"ImageObject\",\"inLanguage\":\"de-DE\",\"@id\":\"https:\/\/www.miomiorun.com\/de\/#\/schema\/logo\/image\/\",\"url\":\"https:\/\/www.miomiorun.com\/app\/uploads\/2019\/12\/logomio.png\",\"contentUrl\":\"https:\/\/www.miomiorun.com\/app\/uploads\/2019\/12\/logomio.png\",\"width\":115,\"height\":82,\"caption\":\"MioMio Run\"},\"image\":{\"@id\":\"https:\/\/www.miomiorun.com\/de\/#\/schema\/logo\/image\/\"},\"sameAs\":[\"https:\/\/www.facebook.com\/miomiorun\/\",\"https:\/\/www.instagram.com\/miomiorun\/\"]}]}<\/script>\n<!-- \/ Yoast SEO plugin. -->","yoast_head_json":{"title":"Crazy Idea T-Shirt Laser damen - lauf t-shirt- MioMioRun","description":"Das Laser-T-Shirt verk\u00f6rpert unser gesamtes Know-how in der Mustermacherei und unsere Erfahrung in der Digitaldrucktechnik.","robots":{"index":"index","follow":"follow","max-snippet":"max-snippet:-1","max-image-preview":"max-image-preview:large","max-video-preview":"max-video-preview:-1"},"canonical":"https:\/\/www.miomiorun.com\/de\/produkt\/t-shirt-laser-damen\/","og_locale":"de_DE","og_type":"article","og_title":"Crazy Idea T-Shirt Laser damen - lauf t-shirt- MioMioRun","og_description":"Das Laser-T-Shirt verk\u00f6rpert unser gesamtes Know-how in der Mustermacherei und unsere Erfahrung in der Digitaldrucktechnik.","og_url":"https:\/\/www.miomiorun.com\/de\/produkt\/t-shirt-laser-damen\/","og_site_name":"MioMioRun","article_publisher":"https:\/\/www.facebook.com\/miomiorun\/","article_modified_time":"2024-05-20T15:43:25+00:00","og_image":[{"width":600,"height":600,"url":"https:\/\/www.miomiorun.com\/app\/uploads\/2024\/05\/crazy-T-shirt-laser-W-mountain-flower-S24096142D-00X191.webp","type":"image\/webp"}],"twitter_card":"summary_large_image","schema":{"@context":"https:\/\/schema.org","@graph":[{"@type":"WebPage","@id":"https:\/\/www.miomiorun.com\/de\/produkt\/t-shirt-laser-damen\/","url":"https:\/\/www.miomiorun.com\/de\/produkt\/t-shirt-laser-damen\/","name":"Crazy Idea T-Shirt Laser damen - lauf t-shirt- MioMioRun","isPartOf":{"@id":"https:\/\/www.miomiorun.com\/de\/#website"},"primaryImageOfPage":{"@id":"https:\/\/www.miomiorun.com\/de\/produkt\/t-shirt-laser-damen\/#primaryimage"},"image":{"@id":"https:\/\/www.miomiorun.com\/de\/produkt\/t-shirt-laser-damen\/#primaryimage"},"thumbnailUrl":"https:\/\/www.miomiorun.com\/app\/uploads\/2024\/05\/crazy-T-shirt-laser-W-mountain-flower-S24096142D-00X191.webp","datePublished":"2024-05-10T13:43:50+00:00","dateModified":"2024-05-20T15:43:25+00:00","description":"Das Laser-T-Shirt verk\u00f6rpert unser gesamtes Know-how in der Mustermacherei und unsere Erfahrung in der Digitaldrucktechnik.","breadcrumb":{"@id":"https:\/\/www.miomiorun.com\/de\/produkt\/t-shirt-laser-damen\/#breadcrumb"},"inLanguage":"de-DE","potentialAction":[{"@type":"ReadAction","target":["https:\/\/www.miomiorun.com\/de\/produkt\/t-shirt-laser-damen\/"]}]},{"@type":"ImageObject","inLanguage":"de-DE","@id":"https:\/\/www.miomiorun.com\/de\/produkt\/t-shirt-laser-damen\/#primaryimage","url":"https:\/\/www.miomiorun.com\/app\/uploads\/2024\/05\/crazy-T-shirt-laser-W-mountain-flower-S24096142D-00X191.webp","contentUrl":"https:\/\/www.miomiorun.com\/app\/uploads\/2024\/05\/crazy-T-shirt-laser-W-mountain-flower-S24096142D-00X191.webp","width":600,"height":600,"caption":"crazy T-shirt laser W mountain flower S24096142D-00X191"},{"@type":"BreadcrumbList","@id":"https:\/\/www.miomiorun.com\/de\/produkt\/t-shirt-laser-damen\/#breadcrumb","itemListElement":[{"@type":"ListItem","position":1,"name":"Home","item":"https:\/\/www.miomiorun.com\/de\/"},{"@type":"ListItem","position":2,"name":"Shop","item":"https:\/\/www.miomiorun.com\/shop\/"},{"@type":"ListItem","position":3,"name":"T-Shirt Laser damen"}]},{"@type":"WebSite","@id":"https:\/\/www.miomiorun.com\/de\/#website","url":"https:\/\/www.miomiorun.com\/de\/","name":"MioMioRun","description":"100% Lauf- und Trailshop","publisher":{"@id":"https:\/\/www.miomiorun.com\/de\/#organization"},"potentialAction":[{"@type":"SearchAction","target":{"@type":"EntryPoint","urlTemplate":"https:\/\/www.miomiorun.com\/de\/?s={search_term_string}"},"query-input":{"@type":"PropertyValueSpecification","valueRequired":true,"valueName":"search_term_string"}}],"inLanguage":"de-DE"},{"@type":"Organization","@id":"https:\/\/www.miomiorun.com\/de\/#organization","name":"MioMio Run","url":"https:\/\/www.miomiorun.com\/de\/","logo":{"@type":"ImageObject","inLanguage":"de-DE","@id":"https:\/\/www.miomiorun.com\/de\/#\/schema\/logo\/image\/","url":"https:\/\/www.miomiorun.com\/app\/uploads\/2019\/12\/logomio.png","contentUrl":"https:\/\/www.miomiorun.com\/app\/uploads\/2019\/12\/logomio.png","width":115,"height":82,"caption":"MioMio Run"},"image":{"@id":"https:\/\/www.miomiorun.com\/de\/#\/schema\/logo\/image\/"},"sameAs":["https:\/\/www.facebook.com\/miomiorun\/","https:\/\/www.instagram.com\/miomiorun\/"]}]}},"_links":{"self":[{"href":"https:\/\/www.miomiorun.com\/de\/wp-json\/wp\/v2\/product\/169213","targetHints":{"allow":["GET"]}}],"collection":[{"href":"https:\/\/www.miomiorun.com\/de\/wp-json\/wp\/v2\/product"}],"about":[{"href":"https:\/\/www.miomiorun.com\/de\/wp-json\/wp\/v2\/types\/product"}],"wp:featuredmedia":[{"embeddable":true,"href":"https:\/\/www.miomiorun.com\/de\/wp-json\/wp\/v2\/media\/169194"}],"wp:attachment":[{"href":"https:\/\/www.miomiorun.com\/de\/wp-json\/wp\/v2\/media?parent=169213"}],"wp:term":[{"taxonomy":"product_brand","embeddable":true,"href":"https:\/\/www.miomiorun.com\/de\/wp-json\/wp\/v2\/product_brand?post=169213"},{"taxonomy":"product_cat","embeddable":true,"href":"https:\/\/www.miomiorun.com\/de\/wp-json\/wp\/v2\/product_cat?post=169213"},{"taxonomy":"product_tag","embeddable":true,"href":"https:\/\/www.miomiorun.com\/de\/wp-json\/wp\/v2\/product_tag?post=169213"}],"curies":[{"name":"wp","href":"https:\/\/api.w.org\/{rel}","templated":true}]}}