{"id":167103,"date":"2024-04-23T13:16:51","date_gmt":"2024-04-23T11:16:51","guid":{"rendered":"https:\/\/miomiorun.com\/?post_type=product&#038;p=167103"},"modified":"2025-02-14T15:46:12","modified_gmt":"2025-02-14T14:46:12","slug":"neotrail-pro-fx-one-superlit","status":"publish","type":"product","link":"https:\/\/www.miomiorun.com\/de\/produkt\/neotrail-pro-fx-one-superlit\/","title":{"rendered":"Neotrail Pro Fx.One Superlite"},"content":{"rendered":"<p>Mit nur 120 g (120 cm) ist der <strong>Neotrail Pro FX.One Superlite<\/strong> der leichteste Stock, den LEKI je entwickelt hat.<\/p>\n<p>100% gewichtsoptimiert und perfekt f\u00fcr technisches Terrain. Der Spartan Grip basiert auf dem Feedback von Spitzensportlern und kombiniert Minimalismus und Vielseitigkeit.<\/p>\n<p>Er verf\u00fcgt \u00fcber ein ultraleichtes und schnell trocknendes <strong>D-Loop Mesh-Band<\/strong>, und das neue Schlaufenmaterial sorgt f\u00fcr maximale Atmungsaktivit\u00e4t und Trocknungsgeschwindigkeit. Mit Hilfe des Knopfes am Griff kann das Band in Sekundenschnelle verstellt werden, so dass w\u00e4hrend des Rennens keine Zeit verloren geht.<\/p>\n<p>Der leichte Schaumstoffgriff hat abgeflachte Seiten f\u00fcr eine noch bessere Handhabung w\u00e4hrend des Rennens. Der superleichte Stock mit einem schlanken Durchmesser von 14 mm ist dank hochwertigem Carbon auf minimales Gewicht optimiert.<\/p>\n<h3>PRODUKTHINWEIS<\/h3>\n<p>Das Produkt ist gewichtsoptimiert und f\u00fcr den Einsatz im Wettkampf konzipiert. Es erfordert eine besonders fachkundige und sorgf\u00e4ltige Anwendung und ist nicht als t\u00e4gliches Trainingsger\u00e4t gedacht.<\/p>\n<div class=\"col-7 col-lg-6 product-highlight-content-container\">\n<div class=\"product-highlight-headline\">\n<div style=\"width: 1280px;\" class=\"wp-video\"><video class=\"wp-video-shortcode\" id=\"video-167103-1\" width=\"1280\" height=\"720\" loop autoplay preload=\"metadata\" controls=\"controls\"><source type=\"video\/mp4\" src=\"https:\/\/www.miomiorun.com\/app\/uploads\/2024\/04\/65425891new.mp4?_=1\" \/><a href=\"https:\/\/www.miomiorun.com\/app\/uploads\/2024\/04\/65425891new.mp4\">https:\/\/www.miomiorun.com\/app\/uploads\/2024\/04\/65425891new.mp4<\/a><\/video><\/div>\n<p><strong>Grip-System<\/strong><\/p>\n<div class=\"col-7 col-lg-6 product-highlight-content-container\">\n<div class=\"product-highlight-headline\"><\/div>\n<\/div>\n<p><img loading=\"lazy\" decoding=\"async\" class=\"\" src=\"https:\/\/res.cloudinary.com\/leki-lenhart-gmbh\/iu\/c_fit,h_840,w_600\/f_auto\/q_auto\/media\/c8\/48\/eb\/1709634064\/poles_grips_pas%20system_Icon?_a=AAFIKBs\" width=\"153\" height=\"153\" data-src=\"https:\/\/res.cloudinary.com\/leki-lenhart-gmbh\/iu\/c_fit,h_840,w_600\/f_auto\/q_auto\/media\/c8\/48\/eb\/1709634064\/poles_grips_pas%20system_Icon?_a=AAFIKBs\" \/><\/p>\n<p class=\"product-headline\">PAS-System<\/p>\n<div class=\"col-7 col-lg-6 product-highlight-content-container\">\n<div class=\"product-highlight-headline\"><\/div>\n<div class=\"product-highlight-content\">\n<p>PAS-Griff mit \u00d6se ohne integriertes Handschuhsystem<\/p>\n<\/div>\n<\/div>\n<p>&nbsp;<\/p>\n<p>&nbsp;<\/p>\n<p><strong>Handgriff<\/strong><\/p>\n<p><img loading=\"lazy\" decoding=\"async\" class=\"\" src=\"https:\/\/res.cloudinary.com\/leki-lenhart-gmbh\/iu\/c_fit,h_840,w_600\/f_auto\/q_auto\/media\/ca\/a2\/92\/1709624866\/poles_grip_spartan_Icon?_a=AAFIKBs\" width=\"153\" height=\"153\" data-src=\"https:\/\/res.cloudinary.com\/leki-lenhart-gmbh\/iu\/c_fit,h_840,w_600\/f_auto\/q_auto\/media\/ca\/a2\/92\/1709624866\/poles_grip_spartan_Icon?_a=AAFIKBs\" \/><\/p>\n<p class=\"product-headline\">Spartan Ultra<\/p>\n<div class=\"col-7 col-lg-6 product-highlight-content-container\">\n<div class=\"product-highlight-headline\"><\/div>\n<div class=\"product-highlight-content\">\n<p>Extrem leichter Schaumstoffgriff. Perfekt f\u00fcr technisches Terrain, extreme Bedingungen und maximale Freiheit.<\/p>\n<\/div>\n<\/div>\n<p>&nbsp;<\/p>\n<p>&nbsp;<\/p>\n<p>&nbsp;<\/p>\n<p><strong>Riemen<\/strong><\/p>\n<p><img loading=\"lazy\" decoding=\"async\" class=\"\" src=\"https:\/\/res.cloudinary.com\/leki-lenhart-gmbh\/iu\/c_fit,h_1050,w_750\/f_auto\/q_auto\/media\/e1\/72\/f1\/1643896000\/Lock%20Security%20Strap_Icon?_a=AAAH2AI\" width=\"151\" height=\"151\" \/><\/p>\n<p class=\"product-headline\">Schloss-Sicherheitsgurt<\/p>\n<div class=\"col-7 col-lg-6 product-highlight-content-container\">\n<div class=\"product-highlight-headline\"><\/div>\n<div class=\"product-highlight-content\">\n<p>Verstellbarer Gurt mit Sicherheitsverschluss. Robust und atmungsaktiv, sorgt f\u00fcr maximalen Komfort.<\/p>\n<\/div>\n<\/div>\n<p>&nbsp;<\/p>\n<p>&nbsp;<\/p>\n<p><strong>Faltbares System<\/strong><\/p>\n<p>&nbsp;<\/p>\n<div class=\"col-7 col-lg-6 product-highlight-content-container\">\n<div class=\"product-highlight-headline\"><\/div>\n<div class=\"product-highlight-content\">\n<p><img loading=\"lazy\" decoding=\"async\" class=\"\" src=\"https:\/\/res.cloudinary.com\/leki-lenhart-gmbh\/iu\/c_fit,h_840,w_600\/f_auto\/q_auto\/media\/07\/b5\/dc\/1642579033\/PB_Icon?_a=AAAH2AI\" width=\"152\" height=\"152\" data-src=\"https:\/\/res.cloudinary.com\/leki-lenhart-gmbh\/iu\/c_fit,h_840,w_600\/f_auto\/q_auto\/media\/07\/b5\/dc\/1642579033\/PB_Icon?_a=AAAH2AI\" \/><\/p>\n<\/div>\n<\/div>\n<p class=\"product-headline\">Druckknopf<\/p>\n<div class=\"col-7 col-lg-6 product-highlight-content-container\">\n<div class=\"product-highlight-content\">\n<div class=\"col-7 col-lg-6 product-highlight-content-container\">\n<div class=\"product-highlight-headline\"><\/div>\n<div class=\"product-highlight-content\">\n<p>Das Push-Button-System erm\u00f6glicht das schnelle \u00d6ffnen und Schlie\u00dfen der Faltst\u00f6cke per Knopfdruck.<\/p>\n<\/div>\n<\/div>\n<\/div>\n<\/div>\n<p>&nbsp;<\/p>\n<p>&nbsp;<\/p>\n<p><strong>Material des Rohrs<\/strong><\/p>\n<p><img loading=\"lazy\" decoding=\"async\" class=\"\" src=\"https:\/\/res.cloudinary.com\/leki-lenhart-gmbh\/iu\/c_fit,h_1050,w_750\/f_auto\/q_auto\/media\/cb\/91\/d1\/1642586379\/Material_Icon?_a=AAAH2AI\" width=\"151\" height=\"151\" \/><\/p>\n<p class=\"product-headline\">Kohlenstoff<\/p>\n<div class=\"col-7 col-lg-6 product-highlight-content-container\">\n<div class=\"col-7 col-lg-6 product-highlight-content-container\">\n<div class=\"product-highlight-headline\"><\/div>\n<div class=\"product-highlight-content\">\n<p>HRC Carbon (H\u00f6chster Rennkohlenstoff) Max<\/p>\n<\/div>\n<\/div>\n<\/div>\n<p>&nbsp;<\/p>\n<p class=\"product-highlight-content\"><strong>Unterlegscheibe<\/strong><\/p>\n<div class=\"col-7 col-lg-6 product-highlight-content-container\">\n<p>&nbsp;<\/p>\n<\/div>\n<p><img loading=\"lazy\" decoding=\"async\" class=\"\" src=\"https:\/\/res.cloudinary.com\/leki-lenhart-gmbh\/iu\/c_fit,h_840,w_600\/f_auto\/q_auto\/media\/30\/f6\/c9\/1645612656\/Trail%20Running%20Teller_Icon?_a=AAAH2AI\" width=\"151\" height=\"151\" data-src=\"https:\/\/res.cloudinary.com\/leki-lenhart-gmbh\/iu\/c_fit,h_840,w_600\/f_auto\/q_auto\/media\/30\/f6\/c9\/1645612656\/Trail%20Running%20Teller_Icon?_a=AAAH2AI\" \/><\/p>\n<p class=\"product-headline\">Trail Running Unterlegscheibe<\/p>\n<div class=\"col-7 col-lg-6 product-highlight-content-container\">\n<div class=\"col-7 col-lg-6 product-highlight-content-container\">\n<div class=\"product-highlight-headline\">\n<div class=\"col-7 col-lg-6 product-highlight-content-container\">\n<div class=\"product-highlight-headline\"><\/div>\n<div class=\"product-highlight-content\">\n<p>Minimalistische leichte Platte.<\/p>\n<\/div>\n<\/div>\n<\/div>\n<\/div>\n<\/div>\n<p>&nbsp;<\/p>\n<p>&nbsp;<\/p>\n<p><strong>Spitze<\/strong><\/p>\n<p><img loading=\"lazy\" decoding=\"async\" class=\"\" src=\"https:\/\/res.cloudinary.com\/leki-lenhart-gmbh\/iu\/c_fit,h_840,w_600\/f_auto\/q_auto\/media\/20\/e1\/81\/1637918587\/Trail%20Tip_Icon?_a=AAAH2AI\" width=\"150\" height=\"150\" data-src=\"https:\/\/res.cloudinary.com\/leki-lenhart-gmbh\/iu\/c_fit,h_840,w_600\/f_auto\/q_auto\/media\/20\/e1\/81\/1637918587\/Trail%20Tip_Icon?_a=AAAH2AI\" \/><\/p>\n<p class=\"product-headline\">Trail-Spitze<\/p>\n<div class=\"col-7 col-lg-6 product-highlight-content-container\">\n<div class=\"product-highlight-headline\"><\/div>\n<div class=\"product-highlight-content\">\n<p>Einfache Zehen-Spitzen-Kombination f\u00fcr optimalen technischen Gang und maximalen Grip auf jedem Terrain.<\/p>\n<\/div>\n<\/div>\n<p>&nbsp;<\/p>\n<p>&nbsp;<\/p>\n<p>&nbsp;<\/p>\n<p class=\"headline-beta\">Alle Eigenschaften<\/p>\n<table class=\"table product-detail-properties-table\">\n<tbody>\n<tr class=\"properties-row\">\n<th class=\"properties-label\">Aktivit\u00e4t:<\/th>\n<td class=\"properties-value\">Trail Running<\/td>\n<\/tr>\n<tr class=\"properties-row\">\n<th class=\"properties-label\">Altersgruppe<\/th>\n<td class=\"properties-value\">Erwachsene<\/td>\n<\/tr>\n<tr class=\"properties-row\">\n<th class=\"properties-label\">Geschlecht:<\/th>\n<td class=\"properties-value\">Unisex<\/td>\n<\/tr>\n<tr class=\"properties-row\">\n<th class=\"properties-label\">Sizerun:<\/th>\n<td class=\"properties-value\">105 &#8211; 130 cm (5 cm Schritte)<\/td>\n<\/tr>\n<tr class=\"properties-row\">\n<th class=\"properties-label\">Konstruktion:<\/th>\n<td class=\"properties-value\">Feste L\u00e4nge | Zusammenklappbar<\/td>\n<\/tr>\n<tr class=\"properties-row\">\n<th class=\"properties-label\">Gr\u00f6\u00dfe der Packung<\/th>\n<td class=\"properties-value\">35 cm<\/td>\n<\/tr>\n<tr class=\"properties-row\">\n<th class=\"properties-label\">Gewicht:<\/th>\n<td class=\"properties-value\">117 g<\/td>\n<\/tr>\n<tr class=\"properties-row\">\n<th class=\"properties-label\">Segmente:<\/th>\n<td class=\"properties-value\">4<\/td>\n<\/tr>\n<tr class=\"properties-row\">\n<th class=\"properties-label\">Durchmesser:<\/th>\n<td class=\"properties-value\">14|12|12|12 mm<\/td>\n<\/tr>\n<tr class=\"properties-row\">\n<th class=\"properties-label\">Rohrgeometrie:<\/th>\n<td class=\"properties-value\">Ohne Profil<\/td>\n<\/tr>\n<tr class=\"properties-row\">\n<th class=\"properties-label\">Rohrform:<\/th>\n<td class=\"properties-value\">Zylindrisch<\/td>\n<\/tr>\n<tr class=\"properties-row\">\n<th class=\"properties-label\">Griffe:<\/th>\n<td class=\"properties-value\">Spartan Ultra<\/td>\n<\/tr>\n<tr class=\"properties-row\">\n<th class=\"properties-label\">Riemen:<\/th>\n<td class=\"properties-value\">Lock Security Strap<\/td>\n<\/tr>\n<tr class=\"properties-row\">\n<th class=\"properties-label\">Erweiterung des Griffs:<\/th>\n<td class=\"properties-value\">1K Schaumstoff<\/td>\n<\/tr>\n<tr class=\"properties-row\">\n<th class=\"properties-label\">Material Rohr<\/th>\n<td class=\"properties-value\">Kohlenstoff (HRC max)<\/td>\n<\/tr>\n<tr class=\"properties-row\">\n<th class=\"properties-label\">Oberer Teil des Rohrs:<\/th>\n<td class=\"properties-value\">Kohlenstoff<\/td>\n<\/tr>\n<tr class=\"properties-row\">\n<th class=\"properties-label\">Mittelteil des Rohrs (1):<\/th>\n<td class=\"properties-value\">Kohlenstoff<\/td>\n<\/tr>\n<tr class=\"properties-row\">\n<th class=\"properties-label\">Mittelteil des Rohrs (2):<\/th>\n<td class=\"properties-value\">Kohlenstoff<\/td>\n<\/tr>\n<tr class=\"properties-row\">\n<th class=\"properties-label\">Unterer Teil des Rohrs:<\/th>\n<td class=\"properties-value\">Carbon<\/td>\n<\/tr>\n<tr class=\"properties-row\">\n<th class=\"properties-label\">System zum Falten:<\/th>\n<td class=\"properties-value\">Druckknopf<\/td>\n<\/tr>\n<tr class=\"properties-row\">\n<th class=\"properties-label\">Waschmaschine:<\/th>\n<td class=\"properties-value\">Trail Running Teller<\/td>\n<\/tr>\n<tr class=\"properties-row\">\n<th class=\"properties-label\">Tipp:<\/th>\n<td class=\"properties-value\">Trail Running Spitze<\/td>\n<\/tr>\n<tr class=\"properties-row\">\n<th class=\"properties-label\">Gr\u00f6\u00dfe der Spitze:<\/th>\n<td class=\"properties-value\">Einheitsgr\u00f6\u00dfe<\/td>\n<\/tr>\n<\/tbody>\n<\/table>\n<\/div>\n<\/div>\n","protected":false},"excerpt":{"rendered":"<ul>\n<li>Ideale St\u00f6cke f\u00fcr den erfahrenen Athleten.<\/li>\n<li>F\u00fcr den Einsatz im Wettkampf.<\/li>\n<li>Lekis leichtestes Modell.<\/li>\n<\/ul>\n","protected":false},"featured_media":169805,"template":"","meta":{"_acf_changed":false,"inline_featured_image":false},"product_brand":[],"product_cat":[6342,6344],"product_tag":[6250],"class_list":{"0":"post-167103","1":"product","2":"type-product","3":"status-publish","4":"has-post-thumbnail","6":"product_cat-zubehoer","7":"product_cat-stocke-de","8":"product_tag-leki-de","9":"pa_attivita-gehen","10":"pa_attivita-outdoor-de","11":"pa_attivita-trail-de","12":"pa_colore-neotrail-pro-fx-one-sl-bright-red-violet","13":"pa_colore-neotrail-pro-fx-one-sl-naturalcarbon","14":"pa_marca-leki-de","15":"pa_misura-110-cm-de","16":"pa_misura-115-cm-de","17":"pa_misura-120-cm-de","18":"pa_misura-125-cm-de","19":"pa_misura-130-cm-de","20":"pa_sesso-damen","21":"pa_sesso-herren","23":"first","24":"instock","25":"sale","26":"taxable","27":"shipping-taxable","28":"purchasable","29":"product-type-variable","30":"wvs-archive-product-wrapper"},"acf":[],"yoast_head":"<!-- This site is optimized with the Yoast SEO plugin v26.8 - https:\/\/yoast.com\/product\/yoast-seo-wordpress\/ -->\n<title>Leki Neotrail Pro Fx.One Superlite - Laufst\u00f6cke - MioMioRun.com<\/title>\n<meta name=\"description\" content=\"Der Neotrail Pro FX.One Superlite ist mit nur 120 g (120 cm) der leichteste Stock, den LEKI je entwickelt hat. 100% gewichtsoptimiert\" \/>\n<meta name=\"robots\" content=\"index, follow, max-snippet:-1, max-image-preview:large, max-video-preview:-1\" \/>\n<link rel=\"canonical\" href=\"https:\/\/www.miomiorun.com\/de\/produkt\/neotrail-pro-fx-one-superlit\/\" \/>\n<meta property=\"og:locale\" content=\"de_DE\" \/>\n<meta property=\"og:type\" content=\"article\" \/>\n<meta property=\"og:title\" content=\"Leki Neotrail Pro Fx.One Superlite - Laufst\u00f6cke - MioMioRun.com\" \/>\n<meta property=\"og:description\" content=\"Der Neotrail Pro FX.One Superlite ist mit nur 120 g (120 cm) der leichteste Stock, den LEKI je entwickelt hat. 100% gewichtsoptimiert\" \/>\n<meta property=\"og:url\" content=\"https:\/\/www.miomiorun.com\/de\/produkt\/neotrail-pro-fx-one-superlit\/\" \/>\n<meta property=\"og:site_name\" content=\"MioMioRun\" \/>\n<meta property=\"article:publisher\" content=\"https:\/\/www.facebook.com\/miomiorun\/\" \/>\n<meta property=\"article:modified_time\" content=\"2025-02-14T14:46:12+00:00\" \/>\n<meta property=\"og:image\" content=\"https:\/\/www.miomiorun.com\/app\/uploads\/2024\/04\/leki-Neotrail-Pro-FX-One-Superlite-naturalcarbon-65425891.webp\" \/>\n\t<meta property=\"og:image:width\" content=\"600\" \/>\n\t<meta property=\"og:image:height\" content=\"600\" \/>\n\t<meta property=\"og:image:type\" content=\"image\/webp\" \/>\n<meta name=\"twitter:card\" content=\"summary_large_image\" \/>\n<meta name=\"twitter:label1\" content=\"Est. reading time\" \/>\n\t<meta name=\"twitter:data1\" content=\"2 minutes\" \/>\n<script type=\"application\/ld+json\" class=\"yoast-schema-graph\">{\"@context\":\"https:\/\/schema.org\",\"@graph\":[{\"@type\":\"WebPage\",\"@id\":\"https:\/\/www.miomiorun.com\/de\/produkt\/neotrail-pro-fx-one-superlit\/\",\"url\":\"https:\/\/www.miomiorun.com\/de\/produkt\/neotrail-pro-fx-one-superlit\/\",\"name\":\"Leki Neotrail Pro Fx.One Superlite - Laufst\u00f6cke - MioMioRun.com\",\"isPartOf\":{\"@id\":\"https:\/\/www.miomiorun.com\/de\/#website\"},\"primaryImageOfPage\":{\"@id\":\"https:\/\/www.miomiorun.com\/de\/produkt\/neotrail-pro-fx-one-superlit\/#primaryimage\"},\"image\":{\"@id\":\"https:\/\/www.miomiorun.com\/de\/produkt\/neotrail-pro-fx-one-superlit\/#primaryimage\"},\"thumbnailUrl\":\"https:\/\/www.miomiorun.com\/app\/uploads\/2024\/04\/leki-Neotrail-Pro-FX-One-Superlite-naturalcarbon-65425891.webp\",\"datePublished\":\"2024-04-23T11:16:51+00:00\",\"dateModified\":\"2025-02-14T14:46:12+00:00\",\"description\":\"Der Neotrail Pro FX.One Superlite ist mit nur 120 g (120 cm) der leichteste Stock, den LEKI je entwickelt hat. 100% gewichtsoptimiert\",\"breadcrumb\":{\"@id\":\"https:\/\/www.miomiorun.com\/de\/produkt\/neotrail-pro-fx-one-superlit\/#breadcrumb\"},\"inLanguage\":\"de-DE\",\"potentialAction\":[{\"@type\":\"ReadAction\",\"target\":[\"https:\/\/www.miomiorun.com\/de\/produkt\/neotrail-pro-fx-one-superlit\/\"]}]},{\"@type\":\"ImageObject\",\"inLanguage\":\"de-DE\",\"@id\":\"https:\/\/www.miomiorun.com\/de\/produkt\/neotrail-pro-fx-one-superlit\/#primaryimage\",\"url\":\"https:\/\/www.miomiorun.com\/app\/uploads\/2024\/04\/leki-Neotrail-Pro-FX-One-Superlite-naturalcarbon-65425891.webp\",\"contentUrl\":\"https:\/\/www.miomiorun.com\/app\/uploads\/2024\/04\/leki-Neotrail-Pro-FX-One-Superlite-naturalcarbon-65425891.webp\",\"width\":600,\"height\":600,\"caption\":\"leki Neotrail Pro FX One Superlite naturalcarbon 65425891\"},{\"@type\":\"BreadcrumbList\",\"@id\":\"https:\/\/www.miomiorun.com\/de\/produkt\/neotrail-pro-fx-one-superlit\/#breadcrumb\",\"itemListElement\":[{\"@type\":\"ListItem\",\"position\":1,\"name\":\"Home\",\"item\":\"https:\/\/www.miomiorun.com\/de\/\"},{\"@type\":\"ListItem\",\"position\":2,\"name\":\"Shop\",\"item\":\"https:\/\/www.miomiorun.com\/shop\/\"},{\"@type\":\"ListItem\",\"position\":3,\"name\":\"Neotrail Pro Fx.One Superlite\"}]},{\"@type\":\"WebSite\",\"@id\":\"https:\/\/www.miomiorun.com\/de\/#website\",\"url\":\"https:\/\/www.miomiorun.com\/de\/\",\"name\":\"MioMioRun\",\"description\":\"100% Lauf- und Trailshop\",\"publisher\":{\"@id\":\"https:\/\/www.miomiorun.com\/de\/#organization\"},\"potentialAction\":[{\"@type\":\"SearchAction\",\"target\":{\"@type\":\"EntryPoint\",\"urlTemplate\":\"https:\/\/www.miomiorun.com\/de\/?s={search_term_string}\"},\"query-input\":{\"@type\":\"PropertyValueSpecification\",\"valueRequired\":true,\"valueName\":\"search_term_string\"}}],\"inLanguage\":\"de-DE\"},{\"@type\":\"Organization\",\"@id\":\"https:\/\/www.miomiorun.com\/de\/#organization\",\"name\":\"MioMio Run\",\"url\":\"https:\/\/www.miomiorun.com\/de\/\",\"logo\":{\"@type\":\"ImageObject\",\"inLanguage\":\"de-DE\",\"@id\":\"https:\/\/www.miomiorun.com\/de\/#\/schema\/logo\/image\/\",\"url\":\"https:\/\/www.miomiorun.com\/app\/uploads\/2019\/12\/logomio.png\",\"contentUrl\":\"https:\/\/www.miomiorun.com\/app\/uploads\/2019\/12\/logomio.png\",\"width\":115,\"height\":82,\"caption\":\"MioMio Run\"},\"image\":{\"@id\":\"https:\/\/www.miomiorun.com\/de\/#\/schema\/logo\/image\/\"},\"sameAs\":[\"https:\/\/www.facebook.com\/miomiorun\/\",\"https:\/\/www.instagram.com\/miomiorun\/\"]}]}<\/script>\n<!-- \/ Yoast SEO plugin. -->","yoast_head_json":{"title":"Leki Neotrail Pro Fx.One Superlite - Laufst\u00f6cke - MioMioRun.com","description":"Der Neotrail Pro FX.One Superlite ist mit nur 120 g (120 cm) der leichteste Stock, den LEKI je entwickelt hat. 100% gewichtsoptimiert","robots":{"index":"index","follow":"follow","max-snippet":"max-snippet:-1","max-image-preview":"max-image-preview:large","max-video-preview":"max-video-preview:-1"},"canonical":"https:\/\/www.miomiorun.com\/de\/produkt\/neotrail-pro-fx-one-superlit\/","og_locale":"de_DE","og_type":"article","og_title":"Leki Neotrail Pro Fx.One Superlite - Laufst\u00f6cke - MioMioRun.com","og_description":"Der Neotrail Pro FX.One Superlite ist mit nur 120 g (120 cm) der leichteste Stock, den LEKI je entwickelt hat. 100% gewichtsoptimiert","og_url":"https:\/\/www.miomiorun.com\/de\/produkt\/neotrail-pro-fx-one-superlit\/","og_site_name":"MioMioRun","article_publisher":"https:\/\/www.facebook.com\/miomiorun\/","article_modified_time":"2025-02-14T14:46:12+00:00","og_image":[{"width":600,"height":600,"url":"https:\/\/www.miomiorun.com\/app\/uploads\/2024\/04\/leki-Neotrail-Pro-FX-One-Superlite-naturalcarbon-65425891.webp","type":"image\/webp"}],"twitter_card":"summary_large_image","twitter_misc":{"Est. reading time":"2 minutes"},"schema":{"@context":"https:\/\/schema.org","@graph":[{"@type":"WebPage","@id":"https:\/\/www.miomiorun.com\/de\/produkt\/neotrail-pro-fx-one-superlit\/","url":"https:\/\/www.miomiorun.com\/de\/produkt\/neotrail-pro-fx-one-superlit\/","name":"Leki Neotrail Pro Fx.One Superlite - Laufst\u00f6cke - MioMioRun.com","isPartOf":{"@id":"https:\/\/www.miomiorun.com\/de\/#website"},"primaryImageOfPage":{"@id":"https:\/\/www.miomiorun.com\/de\/produkt\/neotrail-pro-fx-one-superlit\/#primaryimage"},"image":{"@id":"https:\/\/www.miomiorun.com\/de\/produkt\/neotrail-pro-fx-one-superlit\/#primaryimage"},"thumbnailUrl":"https:\/\/www.miomiorun.com\/app\/uploads\/2024\/04\/leki-Neotrail-Pro-FX-One-Superlite-naturalcarbon-65425891.webp","datePublished":"2024-04-23T11:16:51+00:00","dateModified":"2025-02-14T14:46:12+00:00","description":"Der Neotrail Pro FX.One Superlite ist mit nur 120 g (120 cm) der leichteste Stock, den LEKI je entwickelt hat. 100% gewichtsoptimiert","breadcrumb":{"@id":"https:\/\/www.miomiorun.com\/de\/produkt\/neotrail-pro-fx-one-superlit\/#breadcrumb"},"inLanguage":"de-DE","potentialAction":[{"@type":"ReadAction","target":["https:\/\/www.miomiorun.com\/de\/produkt\/neotrail-pro-fx-one-superlit\/"]}]},{"@type":"ImageObject","inLanguage":"de-DE","@id":"https:\/\/www.miomiorun.com\/de\/produkt\/neotrail-pro-fx-one-superlit\/#primaryimage","url":"https:\/\/www.miomiorun.com\/app\/uploads\/2024\/04\/leki-Neotrail-Pro-FX-One-Superlite-naturalcarbon-65425891.webp","contentUrl":"https:\/\/www.miomiorun.com\/app\/uploads\/2024\/04\/leki-Neotrail-Pro-FX-One-Superlite-naturalcarbon-65425891.webp","width":600,"height":600,"caption":"leki Neotrail Pro FX One Superlite naturalcarbon 65425891"},{"@type":"BreadcrumbList","@id":"https:\/\/www.miomiorun.com\/de\/produkt\/neotrail-pro-fx-one-superlit\/#breadcrumb","itemListElement":[{"@type":"ListItem","position":1,"name":"Home","item":"https:\/\/www.miomiorun.com\/de\/"},{"@type":"ListItem","position":2,"name":"Shop","item":"https:\/\/www.miomiorun.com\/shop\/"},{"@type":"ListItem","position":3,"name":"Neotrail Pro Fx.One Superlite"}]},{"@type":"WebSite","@id":"https:\/\/www.miomiorun.com\/de\/#website","url":"https:\/\/www.miomiorun.com\/de\/","name":"MioMioRun","description":"100% Lauf- und Trailshop","publisher":{"@id":"https:\/\/www.miomiorun.com\/de\/#organization"},"potentialAction":[{"@type":"SearchAction","target":{"@type":"EntryPoint","urlTemplate":"https:\/\/www.miomiorun.com\/de\/?s={search_term_string}"},"query-input":{"@type":"PropertyValueSpecification","valueRequired":true,"valueName":"search_term_string"}}],"inLanguage":"de-DE"},{"@type":"Organization","@id":"https:\/\/www.miomiorun.com\/de\/#organization","name":"MioMio Run","url":"https:\/\/www.miomiorun.com\/de\/","logo":{"@type":"ImageObject","inLanguage":"de-DE","@id":"https:\/\/www.miomiorun.com\/de\/#\/schema\/logo\/image\/","url":"https:\/\/www.miomiorun.com\/app\/uploads\/2019\/12\/logomio.png","contentUrl":"https:\/\/www.miomiorun.com\/app\/uploads\/2019\/12\/logomio.png","width":115,"height":82,"caption":"MioMio Run"},"image":{"@id":"https:\/\/www.miomiorun.com\/de\/#\/schema\/logo\/image\/"},"sameAs":["https:\/\/www.facebook.com\/miomiorun\/","https:\/\/www.instagram.com\/miomiorun\/"]}]}},"_links":{"self":[{"href":"https:\/\/www.miomiorun.com\/de\/wp-json\/wp\/v2\/product\/167103","targetHints":{"allow":["GET"]}}],"collection":[{"href":"https:\/\/www.miomiorun.com\/de\/wp-json\/wp\/v2\/product"}],"about":[{"href":"https:\/\/www.miomiorun.com\/de\/wp-json\/wp\/v2\/types\/product"}],"wp:featuredmedia":[{"embeddable":true,"href":"https:\/\/www.miomiorun.com\/de\/wp-json\/wp\/v2\/media\/169805"}],"wp:attachment":[{"href":"https:\/\/www.miomiorun.com\/de\/wp-json\/wp\/v2\/media?parent=167103"}],"wp:term":[{"taxonomy":"product_brand","embeddable":true,"href":"https:\/\/www.miomiorun.com\/de\/wp-json\/wp\/v2\/product_brand?post=167103"},{"taxonomy":"product_cat","embeddable":true,"href":"https:\/\/www.miomiorun.com\/de\/wp-json\/wp\/v2\/product_cat?post=167103"},{"taxonomy":"product_tag","embeddable":true,"href":"https:\/\/www.miomiorun.com\/de\/wp-json\/wp\/v2\/product_tag?post=167103"}],"curies":[{"name":"wp","href":"https:\/\/api.w.org\/{rel}","templated":true}]}}