{"id":166735,"date":"2024-04-18T14:35:05","date_gmt":"2024-04-18T12:35:05","guid":{"rendered":"https:\/\/miomiorun.com\/?post_type=product&#038;p=166735"},"modified":"2024-05-07T15:40:03","modified_gmt":"2024-05-07T13:40:03","slug":"stretch-shape-bermuda-damen","status":"publish","type":"product","link":"https:\/\/www.miomiorun.com\/de\/produkt\/stretch-shape-bermuda-damen\/","title":{"rendered":"Stretch Shape bermuda damen"},"content":{"rendered":"<p>Women&#8217;s<strong> Stretch Shape Bermuda Shorts<\/strong>: wasserabweisend und atmungsaktiv, ideal f\u00fcr Ihre Sommerabenteuer.aus atmungsaktivem Nylon mit einer dauerhaften wasserabweisenden Behandlung, sind diese Shorts ideal f\u00fcr Trekking und Klettern im Sommer.<\/p>\n<p>Das leichte, schnell trocknende Material ist abrieb- und rei\u00dffest. Das 4-Wege-Stretch-Nylongewebe und der elastische Bund sorgen f\u00fcr maximale Bewegungsfreiheit und Komfort beim Bew\u00e4ltigen von steilen Anstiegen auf Wanderungen oder bei Zustiegen und dynamischen Passagen beim Klettern.<\/p>\n<p>In der offenen Seitentasche haben Sie schnellen Zugriff auf Ihre pers\u00f6nlichen Gegenst\u00e4nde, w\u00e4hrend die Rei\u00dfverschlusstaschen an den H\u00e4nden wichtige Accessoires sicher aufbewahren.<\/p>\n<p style=\"text-align: center;\"><strong>F\u00fcr Sommerabenteuer, die Flexibilit\u00e4t und Leichtigkeit erfordern, w\u00e4hlen Sie die Stretch Shape Bermuda Shorts f\u00fcr Damen.<\/strong><\/p>\n<p><strong>Merkmale:<\/strong><\/p>\n<ul>\n<li>Bermudashorts f\u00fcr Frauen<\/li>\n<li>4-Wege-Stretch DWR-Nylongewebe<\/li>\n<li>Elastischer Bund<\/li>\n<li>Rei\u00dfverschlusshandtaschen, offene Ges\u00e4\u00dftasche<\/li>\n<li>Ideales Kleidungsst\u00fcck zum Klettern, f\u00fcr verschiedene Outdoor-Aktivit\u00e4ten und f\u00fcr die Freizeit<\/li>\n<li>Gewicht: 120,0 g<\/li>\n<\/ul>\n<div class=\"content__image-wrapper tw-w-fit\">\n<div class=\"content__image tw-relative tw-w-[5rem]\"><img loading=\"lazy\" decoding=\"async\" class=\"tw-absolute tw-top-0 tw-left-0 tw-w-full tw-h-full\" src=\"https:\/\/www.montura.com\/cdn\/shop\/files\/004_Breathable_Black.svg?v=1709125473&amp;width=200\" srcset=\"\/\/www.montura.com\/cdn\/shop\/files\/004_Breathable_Black.svg?v=1709125473&amp;width=200 200w\" alt=\"\" width=\"103\" height=\"103\" \/><\/div>\n<div>\n<h3>Atmungsaktiv<\/h3>\n<p>Dank atmungsaktiver Stoffe unterst\u00fctzt dieses Kleidungsst\u00fcck die nat\u00fcrliche Transpiration der Haut und h\u00e4lt den K\u00f6rper stets bei einer optimalen Temperatur.<\/p>\n<\/div>\n<\/div>\n<p>&nbsp;<\/p>\n<div class=\"content__image-wrapper tw-w-fit\">\n<div class=\"content__image tw-relative tw-w-[5rem]\"><img loading=\"lazy\" decoding=\"async\" class=\"tw-absolute tw-top-0 tw-left-0 tw-w-full tw-h-full\" src=\"https:\/\/www.montura.com\/cdn\/shop\/files\/002_WaterResistantDWR_Black.svg?v=1709125500&amp;width=200\" srcset=\"\/\/www.montura.com\/cdn\/shop\/files\/002_WaterResistantDWR_Black.svg?v=1709125500&amp;width=200 200w\" alt=\"\" width=\"102\" height=\"102\" \/><\/div>\n<div>\n<h3 class=\"tw-text-s tw-pt-[1.2rem] tw-pb-[0.4rem] tw-font-medium\">Wasserabweisend (DWR)<\/h3>\n<p class=\"tw-text-greyish-brown tw-text-xs tw-pt-[0.4rem]\">Eine auf den Stoff aufgebrachte wasserabweisende Schicht bietet einen leichten Schutz vor Feuchtigkeit von au\u00dfen.<\/p>\n<\/div>\n<h3>Ideal f\u00fcr:<\/h3>\n<\/div>\n<p>&nbsp;<\/p>\n<div class=\"content__image-wrapper tw-w-fit\">\n<div class=\"content__image tw-relative tw-w-[5rem]\"><img loading=\"lazy\" decoding=\"async\" class=\"tw-absolute tw-top-0 tw-left-0 tw-w-full tw-h-full\" src=\"https:\/\/www.montura.com\/cdn\/shop\/files\/017_TrekkingHiking_Black.svg?v=1709126467&amp;width=200\" srcset=\"\/\/www.montura.com\/cdn\/shop\/files\/017_TrekkingHiking_Black.svg?v=1709126467&amp;width=200 200w\" alt=\"\" width=\"102\" height=\"102\" \/> \u00a0 <strong>TREKKING\/HIKING<\/strong><\/div>\n<\/div>\n<div><\/div>\n<div><\/div>\n<div>\n<div class=\"content__image-wrapper tw-w-fit\">\n<div class=\"content__image tw-relative tw-w-[5rem]\"><img loading=\"lazy\" decoding=\"async\" class=\"tw-absolute tw-top-0 tw-left-0 tw-w-full tw-h-full\" src=\"https:\/\/www.montura.com\/cdn\/shop\/files\/019_Climbing_Black.svg?v=1709126445&amp;width=200\" srcset=\"\/\/www.montura.com\/cdn\/shop\/files\/019_Climbing_Black.svg?v=1709126445&amp;width=200 200w\" alt=\"\" width=\"103\" height=\"136\" \/> \u00a0 <strong>KLETTERN<\/strong><\/div>\n<\/div>\n<\/div>\n","protected":false},"excerpt":{"rendered":"<ul>\n<li>Die Hose ist ideal f\u00fcr Wanderungen und Klettertouren im Sommer.<\/li>\n<li>Hergestellt aus atmungsaktivem Material, um Ihre Haut trotz k\u00f6rperlicher Anstrengung trocken zu halten.<\/li>\n<\/ul>\n","protected":false},"featured_media":167490,"template":"","meta":{"_acf_changed":false,"inline_featured_image":false},"product_brand":[],"product_cat":[6400,6401,6488],"product_tag":[3379,6254],"class_list":{"0":"post-166735","1":"product","2":"type-product","3":"status-publish","4":"has-post-thumbnail","6":"product_cat-damen","7":"product_cat-damenbekleidung","8":"product_cat-damenshorts-de","9":"product_tag-montura-de","10":"product_tag-montura-damen-de","11":"pa_attivita-gehen","12":"pa_attivita-outdoor-de","13":"pa_colore-stretch-shape-bermuda-w-black-de","14":"pa_colore-stretch-shape-bermuda-w-nero-care-blue-de","15":"pa_marca-montura-de","16":"pa_sesso-damen","17":"pa_size-small-de","18":"pa_size-medium-de","20":"first","21":"instock","22":"sale","23":"taxable","24":"shipping-taxable","25":"purchasable","26":"product-type-variable","27":"wvs-archive-product-wrapper"},"acf":[],"yoast_head":"<!-- This site is optimized with the Yoast SEO plugin v26.8 - https:\/\/yoast.com\/product\/yoast-seo-wordpress\/ -->\n<title>Montura Stretch Shape bermuda damen - Shorts f\u00fcr Frauen - MioMioRun<\/title>\n<meta name=\"description\" content=\"Bermuda Stretch Shape da donna: idrorepellenti e traspiranti, ideali per le tue avventure estive.Realizzati in nylon traspirante\" \/>\n<meta name=\"robots\" content=\"index, follow, max-snippet:-1, max-image-preview:large, max-video-preview:-1\" \/>\n<link rel=\"canonical\" href=\"https:\/\/www.miomiorun.com\/de\/produkt\/stretch-shape-bermuda-damen\/\" \/>\n<meta property=\"og:locale\" content=\"de_DE\" \/>\n<meta property=\"og:type\" content=\"article\" \/>\n<meta property=\"og:title\" content=\"Montura Stretch Shape bermuda damen - Shorts f\u00fcr Frauen - MioMioRun\" \/>\n<meta property=\"og:description\" content=\"Bermuda Stretch Shape da donna: idrorepellenti e traspiranti, ideali per le tue avventure estive.Realizzati in nylon traspirante\" \/>\n<meta property=\"og:url\" content=\"https:\/\/www.miomiorun.com\/de\/produkt\/stretch-shape-bermuda-damen\/\" \/>\n<meta property=\"og:site_name\" content=\"MioMioRun\" \/>\n<meta property=\"article:publisher\" content=\"https:\/\/www.facebook.com\/miomiorun\/\" \/>\n<meta property=\"article:modified_time\" content=\"2024-05-07T13:40:03+00:00\" \/>\n<meta property=\"og:image\" content=\"https:\/\/www.miomiorun.com\/app\/uploads\/2024\/04\/Montura-Stretch-shape-bermuda-W-nero-care-blue-MPBG14W-9028.webp\" \/>\n\t<meta property=\"og:image:width\" content=\"600\" \/>\n\t<meta property=\"og:image:height\" content=\"600\" \/>\n\t<meta property=\"og:image:type\" content=\"image\/webp\" \/>\n<meta name=\"twitter:card\" content=\"summary_large_image\" \/>\n<meta name=\"twitter:label1\" content=\"Est. reading time\" \/>\n\t<meta name=\"twitter:data1\" content=\"1 minute\" \/>\n<script type=\"application\/ld+json\" class=\"yoast-schema-graph\">{\"@context\":\"https:\/\/schema.org\",\"@graph\":[{\"@type\":\"WebPage\",\"@id\":\"https:\/\/www.miomiorun.com\/de\/produkt\/stretch-shape-bermuda-damen\/\",\"url\":\"https:\/\/www.miomiorun.com\/de\/produkt\/stretch-shape-bermuda-damen\/\",\"name\":\"Montura Stretch Shape bermuda damen - Shorts f\u00fcr Frauen - MioMioRun\",\"isPartOf\":{\"@id\":\"https:\/\/www.miomiorun.com\/de\/#website\"},\"primaryImageOfPage\":{\"@id\":\"https:\/\/www.miomiorun.com\/de\/produkt\/stretch-shape-bermuda-damen\/#primaryimage\"},\"image\":{\"@id\":\"https:\/\/www.miomiorun.com\/de\/produkt\/stretch-shape-bermuda-damen\/#primaryimage\"},\"thumbnailUrl\":\"https:\/\/www.miomiorun.com\/app\/uploads\/2024\/04\/Montura-Stretch-shape-bermuda-W-nero-care-blue-MPBG14W-9028.webp\",\"datePublished\":\"2024-04-18T12:35:05+00:00\",\"dateModified\":\"2024-05-07T13:40:03+00:00\",\"description\":\"Bermuda Stretch Shape da donna: idrorepellenti e traspiranti, ideali per le tue avventure estive.Realizzati in nylon traspirante\",\"breadcrumb\":{\"@id\":\"https:\/\/www.miomiorun.com\/de\/produkt\/stretch-shape-bermuda-damen\/#breadcrumb\"},\"inLanguage\":\"de-DE\",\"potentialAction\":[{\"@type\":\"ReadAction\",\"target\":[\"https:\/\/www.miomiorun.com\/de\/produkt\/stretch-shape-bermuda-damen\/\"]}]},{\"@type\":\"ImageObject\",\"inLanguage\":\"de-DE\",\"@id\":\"https:\/\/www.miomiorun.com\/de\/produkt\/stretch-shape-bermuda-damen\/#primaryimage\",\"url\":\"https:\/\/www.miomiorun.com\/app\/uploads\/2024\/04\/Montura-Stretch-shape-bermuda-W-nero-care-blue-MPBG14W-9028.webp\",\"contentUrl\":\"https:\/\/www.miomiorun.com\/app\/uploads\/2024\/04\/Montura-Stretch-shape-bermuda-W-nero-care-blue-MPBG14W-9028.webp\",\"width\":600,\"height\":600,\"caption\":\"Montura Stretch shape bermuda W nero care blue MPBG14W 9028\"},{\"@type\":\"BreadcrumbList\",\"@id\":\"https:\/\/www.miomiorun.com\/de\/produkt\/stretch-shape-bermuda-damen\/#breadcrumb\",\"itemListElement\":[{\"@type\":\"ListItem\",\"position\":1,\"name\":\"Home\",\"item\":\"https:\/\/www.miomiorun.com\/de\/\"},{\"@type\":\"ListItem\",\"position\":2,\"name\":\"Shop\",\"item\":\"https:\/\/www.miomiorun.com\/shop\/\"},{\"@type\":\"ListItem\",\"position\":3,\"name\":\"Stretch Shape bermuda damen\"}]},{\"@type\":\"WebSite\",\"@id\":\"https:\/\/www.miomiorun.com\/de\/#website\",\"url\":\"https:\/\/www.miomiorun.com\/de\/\",\"name\":\"MioMioRun\",\"description\":\"100% Lauf- und Trailshop\",\"publisher\":{\"@id\":\"https:\/\/www.miomiorun.com\/de\/#organization\"},\"potentialAction\":[{\"@type\":\"SearchAction\",\"target\":{\"@type\":\"EntryPoint\",\"urlTemplate\":\"https:\/\/www.miomiorun.com\/de\/?s={search_term_string}\"},\"query-input\":{\"@type\":\"PropertyValueSpecification\",\"valueRequired\":true,\"valueName\":\"search_term_string\"}}],\"inLanguage\":\"de-DE\"},{\"@type\":\"Organization\",\"@id\":\"https:\/\/www.miomiorun.com\/de\/#organization\",\"name\":\"MioMio Run\",\"url\":\"https:\/\/www.miomiorun.com\/de\/\",\"logo\":{\"@type\":\"ImageObject\",\"inLanguage\":\"de-DE\",\"@id\":\"https:\/\/www.miomiorun.com\/de\/#\/schema\/logo\/image\/\",\"url\":\"https:\/\/www.miomiorun.com\/app\/uploads\/2019\/12\/logomio.png\",\"contentUrl\":\"https:\/\/www.miomiorun.com\/app\/uploads\/2019\/12\/logomio.png\",\"width\":115,\"height\":82,\"caption\":\"MioMio Run\"},\"image\":{\"@id\":\"https:\/\/www.miomiorun.com\/de\/#\/schema\/logo\/image\/\"},\"sameAs\":[\"https:\/\/www.facebook.com\/miomiorun\/\",\"https:\/\/www.instagram.com\/miomiorun\/\"]}]}<\/script>\n<!-- \/ Yoast SEO plugin. -->","yoast_head_json":{"title":"Montura Stretch Shape bermuda damen - Shorts f\u00fcr Frauen - MioMioRun","description":"Bermuda Stretch Shape da donna: idrorepellenti e traspiranti, ideali per le tue avventure estive.Realizzati in nylon traspirante","robots":{"index":"index","follow":"follow","max-snippet":"max-snippet:-1","max-image-preview":"max-image-preview:large","max-video-preview":"max-video-preview:-1"},"canonical":"https:\/\/www.miomiorun.com\/de\/produkt\/stretch-shape-bermuda-damen\/","og_locale":"de_DE","og_type":"article","og_title":"Montura Stretch Shape bermuda damen - Shorts f\u00fcr Frauen - MioMioRun","og_description":"Bermuda Stretch Shape da donna: idrorepellenti e traspiranti, ideali per le tue avventure estive.Realizzati in nylon traspirante","og_url":"https:\/\/www.miomiorun.com\/de\/produkt\/stretch-shape-bermuda-damen\/","og_site_name":"MioMioRun","article_publisher":"https:\/\/www.facebook.com\/miomiorun\/","article_modified_time":"2024-05-07T13:40:03+00:00","og_image":[{"width":600,"height":600,"url":"https:\/\/www.miomiorun.com\/app\/uploads\/2024\/04\/Montura-Stretch-shape-bermuda-W-nero-care-blue-MPBG14W-9028.webp","type":"image\/webp"}],"twitter_card":"summary_large_image","twitter_misc":{"Est. reading time":"1 minute"},"schema":{"@context":"https:\/\/schema.org","@graph":[{"@type":"WebPage","@id":"https:\/\/www.miomiorun.com\/de\/produkt\/stretch-shape-bermuda-damen\/","url":"https:\/\/www.miomiorun.com\/de\/produkt\/stretch-shape-bermuda-damen\/","name":"Montura Stretch Shape bermuda damen - Shorts f\u00fcr Frauen - MioMioRun","isPartOf":{"@id":"https:\/\/www.miomiorun.com\/de\/#website"},"primaryImageOfPage":{"@id":"https:\/\/www.miomiorun.com\/de\/produkt\/stretch-shape-bermuda-damen\/#primaryimage"},"image":{"@id":"https:\/\/www.miomiorun.com\/de\/produkt\/stretch-shape-bermuda-damen\/#primaryimage"},"thumbnailUrl":"https:\/\/www.miomiorun.com\/app\/uploads\/2024\/04\/Montura-Stretch-shape-bermuda-W-nero-care-blue-MPBG14W-9028.webp","datePublished":"2024-04-18T12:35:05+00:00","dateModified":"2024-05-07T13:40:03+00:00","description":"Bermuda Stretch Shape da donna: idrorepellenti e traspiranti, ideali per le tue avventure estive.Realizzati in nylon traspirante","breadcrumb":{"@id":"https:\/\/www.miomiorun.com\/de\/produkt\/stretch-shape-bermuda-damen\/#breadcrumb"},"inLanguage":"de-DE","potentialAction":[{"@type":"ReadAction","target":["https:\/\/www.miomiorun.com\/de\/produkt\/stretch-shape-bermuda-damen\/"]}]},{"@type":"ImageObject","inLanguage":"de-DE","@id":"https:\/\/www.miomiorun.com\/de\/produkt\/stretch-shape-bermuda-damen\/#primaryimage","url":"https:\/\/www.miomiorun.com\/app\/uploads\/2024\/04\/Montura-Stretch-shape-bermuda-W-nero-care-blue-MPBG14W-9028.webp","contentUrl":"https:\/\/www.miomiorun.com\/app\/uploads\/2024\/04\/Montura-Stretch-shape-bermuda-W-nero-care-blue-MPBG14W-9028.webp","width":600,"height":600,"caption":"Montura Stretch shape bermuda W nero care blue MPBG14W 9028"},{"@type":"BreadcrumbList","@id":"https:\/\/www.miomiorun.com\/de\/produkt\/stretch-shape-bermuda-damen\/#breadcrumb","itemListElement":[{"@type":"ListItem","position":1,"name":"Home","item":"https:\/\/www.miomiorun.com\/de\/"},{"@type":"ListItem","position":2,"name":"Shop","item":"https:\/\/www.miomiorun.com\/shop\/"},{"@type":"ListItem","position":3,"name":"Stretch Shape bermuda damen"}]},{"@type":"WebSite","@id":"https:\/\/www.miomiorun.com\/de\/#website","url":"https:\/\/www.miomiorun.com\/de\/","name":"MioMioRun","description":"100% Lauf- und Trailshop","publisher":{"@id":"https:\/\/www.miomiorun.com\/de\/#organization"},"potentialAction":[{"@type":"SearchAction","target":{"@type":"EntryPoint","urlTemplate":"https:\/\/www.miomiorun.com\/de\/?s={search_term_string}"},"query-input":{"@type":"PropertyValueSpecification","valueRequired":true,"valueName":"search_term_string"}}],"inLanguage":"de-DE"},{"@type":"Organization","@id":"https:\/\/www.miomiorun.com\/de\/#organization","name":"MioMio Run","url":"https:\/\/www.miomiorun.com\/de\/","logo":{"@type":"ImageObject","inLanguage":"de-DE","@id":"https:\/\/www.miomiorun.com\/de\/#\/schema\/logo\/image\/","url":"https:\/\/www.miomiorun.com\/app\/uploads\/2019\/12\/logomio.png","contentUrl":"https:\/\/www.miomiorun.com\/app\/uploads\/2019\/12\/logomio.png","width":115,"height":82,"caption":"MioMio Run"},"image":{"@id":"https:\/\/www.miomiorun.com\/de\/#\/schema\/logo\/image\/"},"sameAs":["https:\/\/www.facebook.com\/miomiorun\/","https:\/\/www.instagram.com\/miomiorun\/"]}]}},"_links":{"self":[{"href":"https:\/\/www.miomiorun.com\/de\/wp-json\/wp\/v2\/product\/166735","targetHints":{"allow":["GET"]}}],"collection":[{"href":"https:\/\/www.miomiorun.com\/de\/wp-json\/wp\/v2\/product"}],"about":[{"href":"https:\/\/www.miomiorun.com\/de\/wp-json\/wp\/v2\/types\/product"}],"wp:featuredmedia":[{"embeddable":true,"href":"https:\/\/www.miomiorun.com\/de\/wp-json\/wp\/v2\/media\/167490"}],"wp:attachment":[{"href":"https:\/\/www.miomiorun.com\/de\/wp-json\/wp\/v2\/media?parent=166735"}],"wp:term":[{"taxonomy":"product_brand","embeddable":true,"href":"https:\/\/www.miomiorun.com\/de\/wp-json\/wp\/v2\/product_brand?post=166735"},{"taxonomy":"product_cat","embeddable":true,"href":"https:\/\/www.miomiorun.com\/de\/wp-json\/wp\/v2\/product_cat?post=166735"},{"taxonomy":"product_tag","embeddable":true,"href":"https:\/\/www.miomiorun.com\/de\/wp-json\/wp\/v2\/product_tag?post=166735"}],"curies":[{"name":"wp","href":"https:\/\/api.w.org\/{rel}","templated":true}]}}