{"id":166717,"date":"2024-04-18T14:17:42","date_gmt":"2024-04-18T12:17:42","guid":{"rendered":"https:\/\/miomiorun.com\/?post_type=product&#038;p=166717"},"modified":"2024-05-20T19:17:09","modified_gmt":"2024-05-20T17:17:09","slug":"mountain-trek-pants-herren","status":"publish","type":"product","link":"https:\/\/www.miomiorun.com\/de\/produkt\/mountain-trek-pants-herren\/","title":{"rendered":"Mountain Trek Pants herren"},"content":{"rendered":"<p>Men&#8217;s <strong>Mountain Trek<\/strong> Pants: Bequem und dehnbar, ideal zum Wandern. Dank des elastischen Bundes mit G\u00fcrtelschlaufen, die jederzeit f\u00fcr einen perfekten Sitz sorgen, k\u00f6nnen Sie mit dieser Hose jede Wanderung bequem bew\u00e4ltigen.<\/p>\n<p>An hei\u00dfen Tagen nimmt das atmungsaktive Material den Schwei\u00df auf, leitet ihn von der Haut weg und hilft Ihnen, Ihre K\u00f6rpertemperatur unter Kontrolle zu halten. Die beiden offenen Seitentaschen und die Ges\u00e4\u00dftasche mit Rei\u00dfverschluss bieten viel Platz, um Ihre Sachen sicher aufzubewahren.<\/p>\n<p><strong>Egal, ob Sie zu einer kurzen Wochenendwanderung oder einer l\u00e4ngeren Tour aufbrechen, die Mountain Trek-Hose f\u00fcr Herren ist immer einsatzbereit.<\/strong><\/p>\n<p>&nbsp;<\/p>\n<p>&nbsp;<\/p>\n<p><strong>Merkmale:<\/strong><\/p>\n<ul>\n<li>Lange Hose f\u00fcr M\u00e4nner<\/li>\n<li>Stretch-Nylon-Gewebe<\/li>\n<li>Bund mit Gummizug und Schlaufen, Knopf- und Rei\u00dfverschluss\u00f6ffnung<\/li>\n<li>Eingrifftaschen mit Rei\u00dfverschluss, Ges\u00e4\u00dftasche mit Rei\u00dfverschluss<\/li>\n<li>Ideales Kleidungsst\u00fcck f\u00fcr verschiedene Outdoor-Aktivit\u00e4ten und Freizeitbesch\u00e4ftigungen<\/li>\n<li>Gewicht: 240,0 g<\/li>\n<\/ul>\n<p>&nbsp;<\/p>\n<p>&nbsp;<\/p>\n<div class=\"content__image-wrapper tw-w-fit\">\n<div class=\"content__image tw-relative tw-w-[5rem]\"><img loading=\"lazy\" decoding=\"async\" class=\"tw-absolute tw-top-0 tw-left-0 tw-w-full tw-h-full\" src=\"https:\/\/www.montura.com\/cdn\/shop\/files\/004_Breathable_Black.svg?v=1709125473&amp;width=200\" srcset=\"\/\/www.montura.com\/cdn\/shop\/files\/004_Breathable_Black.svg?v=1709125473&amp;width=200 200w\" alt=\"\" width=\"102\" height=\"102\" \/> \u00a0\u00a0<strong>ATMUNGSF\u00c4HIG<\/strong>: Dank atmungsaktiver Stoffe unterst\u00fctzt dieses Kleidungsst\u00fcck die nat\u00fcrliche Transpiration der Haut, indem es den K\u00f6rper bei einer optimalen Temperatur h\u00e4lt.<\/div>\n<\/div>\n<div><\/div>\n<div><\/div>\n<div><\/div>\n<div><\/div>\n<div><\/div>\n<h3>Ideal f\u00fcr :<\/h3>\n<p>&nbsp;<\/p>\n<div class=\"content__image-wrapper tw-w-fit\">\n<div class=\"content__image tw-relative tw-w-[5rem]\"><img loading=\"lazy\" decoding=\"async\" class=\"tw-absolute tw-top-0 tw-left-0 tw-w-full tw-h-full\" src=\"https:\/\/www.montura.com\/cdn\/shop\/files\/017_TrekkingHiking_Black.svg?v=1709126467&amp;width=200\" srcset=\"\/\/www.montura.com\/cdn\/shop\/files\/017_TrekkingHiking_Black.svg?v=1709126467&amp;width=200 200w\" alt=\"\" width=\"102\" height=\"102\" \/> \u00a0 <strong>TREKKING \/ HIKING<\/strong><\/div>\n<\/div>\n","protected":false},"excerpt":{"rendered":"<ul>\n<li>Lange Sommerhose.<\/li>\n<li>Ideal f\u00fcr Outdoor-Aktivit\u00e4ten in den Bergen.<\/li>\n<\/ul>\n","protected":false},"featured_media":167468,"template":"","meta":{"_acf_changed":false,"inline_featured_image":false},"product_brand":[],"product_cat":[6540,6509],"product_tag":[3379,6270],"class_list":{"0":"post-166717","1":"product","2":"type-product","3":"status-publish","4":"has-post-thumbnail","6":"product_cat-herrenbekleidung","7":"product_cat-lange-hosen","8":"product_tag-montura-de","9":"product_tag-montura-herren-de","10":"pa_attivita-gehen","11":"pa_attivita-outdoor-de","12":"pa_colore-mountain-trek-pants-nero-de","13":"pa_marca-montura-de","14":"pa_sesso-herren","15":"pa_size-small-de","16":"pa_size-large-de","17":"pa_size-extra-large-de","19":"first","20":"instock","21":"sale","22":"taxable","23":"shipping-taxable","24":"purchasable","25":"product-type-variable","26":"wvs-archive-product-wrapper"},"acf":[],"yoast_head":"<!-- This site is optimized with the Yoast SEO plugin v26.8 - https:\/\/yoast.com\/product\/yoast-seo-wordpress\/ -->\n<title>Montura Mountain Trek Pants herren - Berghose - MioMioRun<\/title>\n<meta name=\"description\" content=\"Herren-Hose Mountain Trek: bequem und elastisch, ideal zum Wandern, dank des elastischen Bundes, der f\u00fcr eine perfekte Passform sorgt.\" \/>\n<meta name=\"robots\" content=\"index, follow, max-snippet:-1, max-image-preview:large, max-video-preview:-1\" \/>\n<link rel=\"canonical\" href=\"https:\/\/www.miomiorun.com\/de\/produkt\/mountain-trek-pants-herren\/\" \/>\n<meta property=\"og:locale\" content=\"de_DE\" \/>\n<meta property=\"og:type\" content=\"article\" \/>\n<meta property=\"og:title\" content=\"Montura Mountain Trek Pants herren - Berghose - MioMioRun\" \/>\n<meta property=\"og:description\" content=\"Herren-Hose Mountain Trek: bequem und elastisch, ideal zum Wandern, dank des elastischen Bundes, der f\u00fcr eine perfekte Passform sorgt.\" \/>\n<meta property=\"og:url\" content=\"https:\/\/www.miomiorun.com\/de\/produkt\/mountain-trek-pants-herren\/\" \/>\n<meta property=\"og:site_name\" content=\"MioMioRun\" \/>\n<meta property=\"article:publisher\" content=\"https:\/\/www.facebook.com\/miomiorun\/\" \/>\n<meta property=\"article:modified_time\" content=\"2024-05-20T17:17:09+00:00\" \/>\n<meta property=\"og:image\" content=\"https:\/\/www.miomiorun.com\/app\/uploads\/2024\/04\/Montura-Mountain-trek-pants-nero-MPLA64X-90.webp\" \/>\n\t<meta property=\"og:image:width\" content=\"600\" \/>\n\t<meta property=\"og:image:height\" content=\"600\" \/>\n\t<meta property=\"og:image:type\" content=\"image\/webp\" \/>\n<meta name=\"twitter:card\" content=\"summary_large_image\" \/>\n<meta name=\"twitter:label1\" content=\"Est. reading time\" \/>\n\t<meta name=\"twitter:data1\" content=\"2 minutes\" \/>\n<script type=\"application\/ld+json\" class=\"yoast-schema-graph\">{\"@context\":\"https:\/\/schema.org\",\"@graph\":[{\"@type\":\"WebPage\",\"@id\":\"https:\/\/www.miomiorun.com\/de\/produkt\/mountain-trek-pants-herren\/\",\"url\":\"https:\/\/www.miomiorun.com\/de\/produkt\/mountain-trek-pants-herren\/\",\"name\":\"Montura Mountain Trek Pants herren - Berghose - MioMioRun\",\"isPartOf\":{\"@id\":\"https:\/\/www.miomiorun.com\/de\/#website\"},\"primaryImageOfPage\":{\"@id\":\"https:\/\/www.miomiorun.com\/de\/produkt\/mountain-trek-pants-herren\/#primaryimage\"},\"image\":{\"@id\":\"https:\/\/www.miomiorun.com\/de\/produkt\/mountain-trek-pants-herren\/#primaryimage\"},\"thumbnailUrl\":\"https:\/\/www.miomiorun.com\/app\/uploads\/2024\/04\/Montura-Mountain-trek-pants-nero-MPLA64X-90.webp\",\"datePublished\":\"2024-04-18T12:17:42+00:00\",\"dateModified\":\"2024-05-20T17:17:09+00:00\",\"description\":\"Herren-Hose Mountain Trek: bequem und elastisch, ideal zum Wandern, dank des elastischen Bundes, der f\u00fcr eine perfekte Passform sorgt.\",\"breadcrumb\":{\"@id\":\"https:\/\/www.miomiorun.com\/de\/produkt\/mountain-trek-pants-herren\/#breadcrumb\"},\"inLanguage\":\"de-DE\",\"potentialAction\":[{\"@type\":\"ReadAction\",\"target\":[\"https:\/\/www.miomiorun.com\/de\/produkt\/mountain-trek-pants-herren\/\"]}]},{\"@type\":\"ImageObject\",\"inLanguage\":\"de-DE\",\"@id\":\"https:\/\/www.miomiorun.com\/de\/produkt\/mountain-trek-pants-herren\/#primaryimage\",\"url\":\"https:\/\/www.miomiorun.com\/app\/uploads\/2024\/04\/Montura-Mountain-trek-pants-nero-MPLA64X-90.webp\",\"contentUrl\":\"https:\/\/www.miomiorun.com\/app\/uploads\/2024\/04\/Montura-Mountain-trek-pants-nero-MPLA64X-90.webp\",\"width\":600,\"height\":600,\"caption\":\"Montura Mountain trek pants nero MPLA64X 90\"},{\"@type\":\"BreadcrumbList\",\"@id\":\"https:\/\/www.miomiorun.com\/de\/produkt\/mountain-trek-pants-herren\/#breadcrumb\",\"itemListElement\":[{\"@type\":\"ListItem\",\"position\":1,\"name\":\"Home\",\"item\":\"https:\/\/www.miomiorun.com\/de\/\"},{\"@type\":\"ListItem\",\"position\":2,\"name\":\"Shop\",\"item\":\"https:\/\/www.miomiorun.com\/shop\/\"},{\"@type\":\"ListItem\",\"position\":3,\"name\":\"Mountain Trek Pants herren\"}]},{\"@type\":\"WebSite\",\"@id\":\"https:\/\/www.miomiorun.com\/de\/#website\",\"url\":\"https:\/\/www.miomiorun.com\/de\/\",\"name\":\"MioMioRun\",\"description\":\"100% Lauf- und Trailshop\",\"publisher\":{\"@id\":\"https:\/\/www.miomiorun.com\/de\/#organization\"},\"potentialAction\":[{\"@type\":\"SearchAction\",\"target\":{\"@type\":\"EntryPoint\",\"urlTemplate\":\"https:\/\/www.miomiorun.com\/de\/?s={search_term_string}\"},\"query-input\":{\"@type\":\"PropertyValueSpecification\",\"valueRequired\":true,\"valueName\":\"search_term_string\"}}],\"inLanguage\":\"de-DE\"},{\"@type\":\"Organization\",\"@id\":\"https:\/\/www.miomiorun.com\/de\/#organization\",\"name\":\"MioMio Run\",\"url\":\"https:\/\/www.miomiorun.com\/de\/\",\"logo\":{\"@type\":\"ImageObject\",\"inLanguage\":\"de-DE\",\"@id\":\"https:\/\/www.miomiorun.com\/de\/#\/schema\/logo\/image\/\",\"url\":\"https:\/\/www.miomiorun.com\/app\/uploads\/2019\/12\/logomio.png\",\"contentUrl\":\"https:\/\/www.miomiorun.com\/app\/uploads\/2019\/12\/logomio.png\",\"width\":115,\"height\":82,\"caption\":\"MioMio Run\"},\"image\":{\"@id\":\"https:\/\/www.miomiorun.com\/de\/#\/schema\/logo\/image\/\"},\"sameAs\":[\"https:\/\/www.facebook.com\/miomiorun\/\",\"https:\/\/www.instagram.com\/miomiorun\/\"]}]}<\/script>\n<!-- \/ Yoast SEO plugin. -->","yoast_head_json":{"title":"Montura Mountain Trek Pants herren - Berghose - MioMioRun","description":"Herren-Hose Mountain Trek: bequem und elastisch, ideal zum Wandern, dank des elastischen Bundes, der f\u00fcr eine perfekte Passform sorgt.","robots":{"index":"index","follow":"follow","max-snippet":"max-snippet:-1","max-image-preview":"max-image-preview:large","max-video-preview":"max-video-preview:-1"},"canonical":"https:\/\/www.miomiorun.com\/de\/produkt\/mountain-trek-pants-herren\/","og_locale":"de_DE","og_type":"article","og_title":"Montura Mountain Trek Pants herren - Berghose - MioMioRun","og_description":"Herren-Hose Mountain Trek: bequem und elastisch, ideal zum Wandern, dank des elastischen Bundes, der f\u00fcr eine perfekte Passform sorgt.","og_url":"https:\/\/www.miomiorun.com\/de\/produkt\/mountain-trek-pants-herren\/","og_site_name":"MioMioRun","article_publisher":"https:\/\/www.facebook.com\/miomiorun\/","article_modified_time":"2024-05-20T17:17:09+00:00","og_image":[{"width":600,"height":600,"url":"https:\/\/www.miomiorun.com\/app\/uploads\/2024\/04\/Montura-Mountain-trek-pants-nero-MPLA64X-90.webp","type":"image\/webp"}],"twitter_card":"summary_large_image","twitter_misc":{"Est. reading time":"2 minutes"},"schema":{"@context":"https:\/\/schema.org","@graph":[{"@type":"WebPage","@id":"https:\/\/www.miomiorun.com\/de\/produkt\/mountain-trek-pants-herren\/","url":"https:\/\/www.miomiorun.com\/de\/produkt\/mountain-trek-pants-herren\/","name":"Montura Mountain Trek Pants herren - Berghose - MioMioRun","isPartOf":{"@id":"https:\/\/www.miomiorun.com\/de\/#website"},"primaryImageOfPage":{"@id":"https:\/\/www.miomiorun.com\/de\/produkt\/mountain-trek-pants-herren\/#primaryimage"},"image":{"@id":"https:\/\/www.miomiorun.com\/de\/produkt\/mountain-trek-pants-herren\/#primaryimage"},"thumbnailUrl":"https:\/\/www.miomiorun.com\/app\/uploads\/2024\/04\/Montura-Mountain-trek-pants-nero-MPLA64X-90.webp","datePublished":"2024-04-18T12:17:42+00:00","dateModified":"2024-05-20T17:17:09+00:00","description":"Herren-Hose Mountain Trek: bequem und elastisch, ideal zum Wandern, dank des elastischen Bundes, der f\u00fcr eine perfekte Passform sorgt.","breadcrumb":{"@id":"https:\/\/www.miomiorun.com\/de\/produkt\/mountain-trek-pants-herren\/#breadcrumb"},"inLanguage":"de-DE","potentialAction":[{"@type":"ReadAction","target":["https:\/\/www.miomiorun.com\/de\/produkt\/mountain-trek-pants-herren\/"]}]},{"@type":"ImageObject","inLanguage":"de-DE","@id":"https:\/\/www.miomiorun.com\/de\/produkt\/mountain-trek-pants-herren\/#primaryimage","url":"https:\/\/www.miomiorun.com\/app\/uploads\/2024\/04\/Montura-Mountain-trek-pants-nero-MPLA64X-90.webp","contentUrl":"https:\/\/www.miomiorun.com\/app\/uploads\/2024\/04\/Montura-Mountain-trek-pants-nero-MPLA64X-90.webp","width":600,"height":600,"caption":"Montura Mountain trek pants nero MPLA64X 90"},{"@type":"BreadcrumbList","@id":"https:\/\/www.miomiorun.com\/de\/produkt\/mountain-trek-pants-herren\/#breadcrumb","itemListElement":[{"@type":"ListItem","position":1,"name":"Home","item":"https:\/\/www.miomiorun.com\/de\/"},{"@type":"ListItem","position":2,"name":"Shop","item":"https:\/\/www.miomiorun.com\/shop\/"},{"@type":"ListItem","position":3,"name":"Mountain Trek Pants herren"}]},{"@type":"WebSite","@id":"https:\/\/www.miomiorun.com\/de\/#website","url":"https:\/\/www.miomiorun.com\/de\/","name":"MioMioRun","description":"100% Lauf- und Trailshop","publisher":{"@id":"https:\/\/www.miomiorun.com\/de\/#organization"},"potentialAction":[{"@type":"SearchAction","target":{"@type":"EntryPoint","urlTemplate":"https:\/\/www.miomiorun.com\/de\/?s={search_term_string}"},"query-input":{"@type":"PropertyValueSpecification","valueRequired":true,"valueName":"search_term_string"}}],"inLanguage":"de-DE"},{"@type":"Organization","@id":"https:\/\/www.miomiorun.com\/de\/#organization","name":"MioMio Run","url":"https:\/\/www.miomiorun.com\/de\/","logo":{"@type":"ImageObject","inLanguage":"de-DE","@id":"https:\/\/www.miomiorun.com\/de\/#\/schema\/logo\/image\/","url":"https:\/\/www.miomiorun.com\/app\/uploads\/2019\/12\/logomio.png","contentUrl":"https:\/\/www.miomiorun.com\/app\/uploads\/2019\/12\/logomio.png","width":115,"height":82,"caption":"MioMio Run"},"image":{"@id":"https:\/\/www.miomiorun.com\/de\/#\/schema\/logo\/image\/"},"sameAs":["https:\/\/www.facebook.com\/miomiorun\/","https:\/\/www.instagram.com\/miomiorun\/"]}]}},"_links":{"self":[{"href":"https:\/\/www.miomiorun.com\/de\/wp-json\/wp\/v2\/product\/166717","targetHints":{"allow":["GET"]}}],"collection":[{"href":"https:\/\/www.miomiorun.com\/de\/wp-json\/wp\/v2\/product"}],"about":[{"href":"https:\/\/www.miomiorun.com\/de\/wp-json\/wp\/v2\/types\/product"}],"wp:featuredmedia":[{"embeddable":true,"href":"https:\/\/www.miomiorun.com\/de\/wp-json\/wp\/v2\/media\/167468"}],"wp:attachment":[{"href":"https:\/\/www.miomiorun.com\/de\/wp-json\/wp\/v2\/media?parent=166717"}],"wp:term":[{"taxonomy":"product_brand","embeddable":true,"href":"https:\/\/www.miomiorun.com\/de\/wp-json\/wp\/v2\/product_brand?post=166717"},{"taxonomy":"product_cat","embeddable":true,"href":"https:\/\/www.miomiorun.com\/de\/wp-json\/wp\/v2\/product_cat?post=166717"},{"taxonomy":"product_tag","embeddable":true,"href":"https:\/\/www.miomiorun.com\/de\/wp-json\/wp\/v2\/product_tag?post=166717"}],"curies":[{"name":"wp","href":"https:\/\/api.w.org\/{rel}","templated":true}]}}