{"id":166704,"date":"2024-04-18T13:42:54","date_gmt":"2024-04-18T11:42:54","guid":{"rendered":"https:\/\/miomiorun.com\/?post_type=product&#038;p=166704"},"modified":"2024-05-20T19:26:14","modified_gmt":"2024-05-20T17:26:14","slug":"sptize-hybrid-jacket-damen","status":"publish","type":"product","link":"https:\/\/www.miomiorun.com\/de\/produkt\/sptize-hybrid-jacket-damen\/","title":{"rendered":"Sptize Hybrid Jacket damen"},"content":{"rendered":"<div class=\"product-attribute product-attribute-passion\">\n<p>Women&#8217;s <strong>Spitze Hybrid Jacket<\/strong>: warm und robust, ideal f\u00fcr den Bergsport. Die winddichte und atmungsaktive Kapuzenjacke aus 4-Wege-Stretch-Nylon bietet Ihnen maximale Bewegungsfreiheit beim Skifahren und Bergsport.<\/p>\n<p>Die<strong> DWR<\/strong>-Behandlung sch\u00fctzt Sie vor leichtem Regen, Staub und Schmutz. Das einlagige <strong>Cordura\u00ae<\/strong>-Obermaterial mit Pro-Meteo-Membran h\u00e4lt Abrieb stand, wenn Sie die Natur erkunden. Diese schnell trocknende, isolierende Jacke ist teilweise mit <strong>OCTA\u00ae<\/strong>-Technologie gef\u00fcttert und h\u00e4lt Sie warm, ohne Sie zu beschweren. Das kontrastierende Stretch-Fleece verleiht Ihren Abenteuern einen Hauch von Stil, und in den Hand- und Brusttaschen mit Rei\u00dfverschluss k\u00f6nnen Sie kleine Gegenst\u00e4nde wie Ihr Handy oder Snacks verstauen.<\/p>\n<p>&nbsp;<\/p>\n<p><strong>Die Spitze Hybrid Jacke f\u00fcr Damen ist ein vielseitiges Kleidungsst\u00fcck, das Sie das ganze Jahr \u00fcber tragen k\u00f6nnen, perfekt f\u00fcr Klettertouren bei kaltem Wetter und hochalpine Sommerwanderungen.<\/strong><\/p>\n<h3 class=\"product-attribute product-attribute-passion\">Eigenschaften:<\/h3>\n<ul>\n<li class=\"product-attribute product-attribute-passion\">Damen-Kapuzenjacke<\/li>\n<li class=\"product-attribute product-attribute-passion\">DWR-Stretch-Nylongewebe mit gepr\u00e4gter Doppelgewebe-Struktur, rei\u00df- und abriebfest<\/li>\n<li class=\"product-attribute product-attribute-passion\">Obere Passe und \u00c4rmel aus DWR Cordura\u00ae-Nylongewebe mit doppelter Ripstop-Struktur<\/li>\n<li class=\"product-attribute product-attribute-passion\">Kontrastierender Stretch-Fleece-Stoff<\/li>\n<li class=\"product-attribute product-attribute-passion\">Teilweise gef\u00fcttert mit 100% Polyester OCTA\u00ae-Gewebe<\/li>\n<li class=\"product-attribute product-attribute-passion\">Rei\u00dfverschluss in der Mitte der Vorderseite, Rei\u00dfverschlusstaschen an den H\u00e4nden, Brusttaschen mit Rei\u00dfverschluss<\/li>\n<li class=\"product-attribute product-attribute-passion\">Elastische Abschl\u00fcsse an \u00c4rmeln und Saum<\/li>\n<li class=\"product-attribute product-attribute-passion\">Daumenloch-B\u00fcndchen<\/li>\n<li class=\"product-attribute product-attribute-passion\">Ideales Kleidungsst\u00fcck zum Klettern und f\u00fcr verschiedene Outdoor-Aktivit\u00e4ten<\/li>\n<li class=\"product-attribute product-attribute-passion\">Gewicht: 280,0 g<br \/>\n&nbsp;<\/li>\n<\/ul>\n<p>&nbsp;<\/p>\n<div class=\"content__image-wrapper tw-w-fit\">\n<div class=\"content__image tw-relative tw-w-[5rem]\"><img loading=\"lazy\" decoding=\"async\" class=\"tw-absolute tw-top-0 tw-left-0 tw-w-full tw-h-full\" src=\"https:\/\/www.montura.com\/cdn\/shop\/files\/004_Breathable_Black.svg?v=1709125473&amp;width=200\" srcset=\"\/\/www.montura.com\/cdn\/shop\/files\/004_Breathable_Black.svg?v=1709125473&amp;width=200 200w\" alt=\"\" width=\"102\" height=\"102\" \/><strong><br \/>\n<\/strong>ATMUNGSF\u00c4HIG : Dank der atmungsaktiven Stoffe unterst\u00fctzt dieses Kleidungsst\u00fcck die nat\u00fcrliche Transpiration der Haut und h\u00e4lt den K\u00f6rper stets in optimaler Temperatur.<\/div>\n<\/div>\n<div><\/div>\n<div><\/div>\n<div><\/div>\n<div><\/div>\n<div><\/div>\n<div class=\"product-attribute product-attribute-passion\">\n<div class=\"product info detailed\">\n<div class=\"product data items\" role=\"tablist\">\n<div class=\"content__image-wrapper tw-w-fit\">\n<div class=\"content__image tw-relative tw-w-[5rem]\"><img loading=\"lazy\" decoding=\"async\" class=\"tw-absolute tw-top-0 tw-left-0 tw-w-full tw-h-full\" src=\"https:\/\/www.montura.com\/cdn\/shop\/files\/003_Windproof_Black.svg?v=1709125529&amp;width=200\" srcset=\"\/\/www.montura.com\/cdn\/shop\/files\/003_Windproof_Black.svg?v=1709125529&amp;width=200 200w\" alt=\"\" width=\"102\" height=\"102\" \/> \u00a0\u00a0WINDDICHT: Das Gewebe verhindert das Eindringen von Wind und verringert so die Gefahr des Ausk\u00fchlens.<\/div>\n<\/div>\n<\/div>\n<\/div>\n<\/div>\n<div><\/div>\n<div><\/div>\n<h3>Ideal f\u00fcr :<\/h3>\n<div class=\"content__image-wrapper tw-w-fit\">\n<div class=\"content__image tw-relative tw-w-[5rem]\"><\/div>\n<\/div>\n<div><\/div>\n<div><\/div>\n<div>\n<div class=\"content__image-wrapper tw-w-fit\">\n<div class=\"content__image tw-relative tw-w-[5rem]\"><img loading=\"lazy\" decoding=\"async\" class=\"tw-absolute tw-top-0 tw-left-0 tw-w-full tw-h-full\" src=\"https:\/\/www.montura.com\/cdn\/shop\/files\/019_Climbing_Black.svg?v=1709126445&amp;width=200\" srcset=\"\/\/www.montura.com\/cdn\/shop\/files\/019_Climbing_Black.svg?v=1709126445&amp;width=200 200w\" alt=\"\" width=\"102\" height=\"135\" \/>\u00a0\u00a0KLETTERN<\/div>\n<\/div>\n<\/div>\n<div><\/div>\n<div><\/div>\n<div><\/div>\n<div>\n<div class=\"content__image-wrapper tw-w-fit\">\n<div class=\"content__image tw-relative tw-w-[5rem]\">\n<div class=\"content__image-wrapper tw-w-fit\">\n<div class=\"content__image tw-relative tw-w-[5rem]\"><img loading=\"lazy\" decoding=\"async\" class=\"tw-absolute tw-top-0 tw-left-0 tw-w-full tw-h-full\" src=\"https:\/\/www.montura.com\/cdn\/shop\/files\/018_Mountaineering_Black.svg?v=1709126427&amp;width=200\" srcset=\"\/\/www.montura.com\/cdn\/shop\/files\/018_Mountaineering_Black.svg?v=1709126427&amp;width=200 200w\" alt=\"\" width=\"103\" height=\"103\" \/>ALPINISMUS<\/div>\n<\/div>\n<\/div>\n<\/div>\n<\/div>\n<div class=\"product info detailed\">\n<div class=\"product data items\" role=\"tablist\"><\/div>\n<\/div>\n<\/div>\n","protected":false},"excerpt":{"rendered":"<ul>\n<li>Vorderseite in der Mitte mit Rei\u00dfverschluss, offene Handtaschen<\/li>\n<li>Haube mit Verstellung<\/li>\n<li>Ideales Kleidungsst\u00fcck f\u00fcr Outdoor-Aktivit\u00e4ten, Fitness und Freizeit<\/li>\n<\/ul>\n","protected":false},"featured_media":167462,"template":"","meta":{"_acf_changed":false,"inline_featured_image":false},"product_brand":[],"product_cat":[6400,6401,6404],"product_tag":[3379,6254],"class_list":{"0":"post-166704","1":"product","2":"type-product","3":"status-publish","4":"has-post-thumbnail","6":"product_cat-damen","7":"product_cat-damenbekleidung","8":"product_cat-damenjacken","9":"product_tag-montura-de","10":"product_tag-montura-damen-de","11":"pa_attivita-gehen","12":"pa_attivita-outdoor-de","13":"pa_colore-sptize-hybrid-jacket-w-vinaccia-light-ro-de","14":"pa_marca-montura-de","15":"pa_sesso-damen","16":"pa_size-medium-de","17":"pa_size-large-de","19":"first","20":"instock","21":"sale","22":"taxable","23":"shipping-taxable","24":"purchasable","25":"product-type-variable","26":"wvs-archive-product-wrapper"},"acf":[],"yoast_head":"<!-- This site is optimized with the Yoast SEO plugin v26.8 - https:\/\/yoast.com\/product\/yoast-seo-wordpress\/ -->\n<title>Montura Sptize Hybrid Jacket damen - jacke - MioMioRun<\/title>\n<meta name=\"description\" content=\"Women&#039;s Spitze Hybrid Jacket: warm und robust, ideal f\u00fcr den Bergsport. Winddicht und atmungsaktiv mit 4-Wege-Stretch-Nylonkapuze.\" \/>\n<meta name=\"robots\" content=\"index, follow, max-snippet:-1, max-image-preview:large, max-video-preview:-1\" \/>\n<link rel=\"canonical\" href=\"https:\/\/www.miomiorun.com\/de\/produkt\/sptize-hybrid-jacket-damen\/\" \/>\n<meta property=\"og:locale\" content=\"de_DE\" \/>\n<meta property=\"og:type\" content=\"article\" \/>\n<meta property=\"og:title\" content=\"Montura Sptize Hybrid Jacket damen - jacke - MioMioRun\" \/>\n<meta property=\"og:description\" content=\"Women&#039;s Spitze Hybrid Jacket: warm und robust, ideal f\u00fcr den Bergsport. Winddicht und atmungsaktiv mit 4-Wege-Stretch-Nylonkapuze.\" \/>\n<meta property=\"og:url\" content=\"https:\/\/www.miomiorun.com\/de\/produkt\/sptize-hybrid-jacket-damen\/\" \/>\n<meta property=\"og:site_name\" content=\"MioMioRun\" \/>\n<meta property=\"article:publisher\" content=\"https:\/\/www.facebook.com\/miomiorun\/\" \/>\n<meta property=\"article:modified_time\" content=\"2024-05-20T17:26:14+00:00\" \/>\n<meta property=\"og:image\" content=\"https:\/\/www.miomiorun.com\/app\/uploads\/2024\/04\/Montura-Sptize-hybrid-jacket-W-vinaccia-light-ro-MJAF53W-1401.webp\" \/>\n\t<meta property=\"og:image:width\" content=\"600\" \/>\n\t<meta property=\"og:image:height\" content=\"600\" \/>\n\t<meta property=\"og:image:type\" content=\"image\/webp\" \/>\n<meta name=\"twitter:card\" content=\"summary_large_image\" \/>\n<meta name=\"twitter:label1\" content=\"Est. reading time\" \/>\n\t<meta name=\"twitter:data1\" content=\"1 minute\" \/>\n<script type=\"application\/ld+json\" class=\"yoast-schema-graph\">{\"@context\":\"https:\/\/schema.org\",\"@graph\":[{\"@type\":\"WebPage\",\"@id\":\"https:\/\/www.miomiorun.com\/de\/produkt\/sptize-hybrid-jacket-damen\/\",\"url\":\"https:\/\/www.miomiorun.com\/de\/produkt\/sptize-hybrid-jacket-damen\/\",\"name\":\"Montura Sptize Hybrid Jacket damen - jacke - MioMioRun\",\"isPartOf\":{\"@id\":\"https:\/\/www.miomiorun.com\/de\/#website\"},\"primaryImageOfPage\":{\"@id\":\"https:\/\/www.miomiorun.com\/de\/produkt\/sptize-hybrid-jacket-damen\/#primaryimage\"},\"image\":{\"@id\":\"https:\/\/www.miomiorun.com\/de\/produkt\/sptize-hybrid-jacket-damen\/#primaryimage\"},\"thumbnailUrl\":\"https:\/\/www.miomiorun.com\/app\/uploads\/2024\/04\/Montura-Sptize-hybrid-jacket-W-vinaccia-light-ro-MJAF53W-1401.webp\",\"datePublished\":\"2024-04-18T11:42:54+00:00\",\"dateModified\":\"2024-05-20T17:26:14+00:00\",\"description\":\"Women's Spitze Hybrid Jacket: warm und robust, ideal f\u00fcr den Bergsport. Winddicht und atmungsaktiv mit 4-Wege-Stretch-Nylonkapuze.\",\"breadcrumb\":{\"@id\":\"https:\/\/www.miomiorun.com\/de\/produkt\/sptize-hybrid-jacket-damen\/#breadcrumb\"},\"inLanguage\":\"de-DE\",\"potentialAction\":[{\"@type\":\"ReadAction\",\"target\":[\"https:\/\/www.miomiorun.com\/de\/produkt\/sptize-hybrid-jacket-damen\/\"]}]},{\"@type\":\"ImageObject\",\"inLanguage\":\"de-DE\",\"@id\":\"https:\/\/www.miomiorun.com\/de\/produkt\/sptize-hybrid-jacket-damen\/#primaryimage\",\"url\":\"https:\/\/www.miomiorun.com\/app\/uploads\/2024\/04\/Montura-Sptize-hybrid-jacket-W-vinaccia-light-ro-MJAF53W-1401.webp\",\"contentUrl\":\"https:\/\/www.miomiorun.com\/app\/uploads\/2024\/04\/Montura-Sptize-hybrid-jacket-W-vinaccia-light-ro-MJAF53W-1401.webp\",\"width\":600,\"height\":600,\"caption\":\"Montura Sptize hybrid jacket W vinaccia light ro MJAF53W 1401\"},{\"@type\":\"BreadcrumbList\",\"@id\":\"https:\/\/www.miomiorun.com\/de\/produkt\/sptize-hybrid-jacket-damen\/#breadcrumb\",\"itemListElement\":[{\"@type\":\"ListItem\",\"position\":1,\"name\":\"Home\",\"item\":\"https:\/\/www.miomiorun.com\/de\/\"},{\"@type\":\"ListItem\",\"position\":2,\"name\":\"Shop\",\"item\":\"https:\/\/www.miomiorun.com\/shop\/\"},{\"@type\":\"ListItem\",\"position\":3,\"name\":\"Sptize Hybrid Jacket damen\"}]},{\"@type\":\"WebSite\",\"@id\":\"https:\/\/www.miomiorun.com\/de\/#website\",\"url\":\"https:\/\/www.miomiorun.com\/de\/\",\"name\":\"MioMioRun\",\"description\":\"100% Lauf- und Trailshop\",\"publisher\":{\"@id\":\"https:\/\/www.miomiorun.com\/de\/#organization\"},\"potentialAction\":[{\"@type\":\"SearchAction\",\"target\":{\"@type\":\"EntryPoint\",\"urlTemplate\":\"https:\/\/www.miomiorun.com\/de\/?s={search_term_string}\"},\"query-input\":{\"@type\":\"PropertyValueSpecification\",\"valueRequired\":true,\"valueName\":\"search_term_string\"}}],\"inLanguage\":\"de-DE\"},{\"@type\":\"Organization\",\"@id\":\"https:\/\/www.miomiorun.com\/de\/#organization\",\"name\":\"MioMio Run\",\"url\":\"https:\/\/www.miomiorun.com\/de\/\",\"logo\":{\"@type\":\"ImageObject\",\"inLanguage\":\"de-DE\",\"@id\":\"https:\/\/www.miomiorun.com\/de\/#\/schema\/logo\/image\/\",\"url\":\"https:\/\/www.miomiorun.com\/app\/uploads\/2019\/12\/logomio.png\",\"contentUrl\":\"https:\/\/www.miomiorun.com\/app\/uploads\/2019\/12\/logomio.png\",\"width\":115,\"height\":82,\"caption\":\"MioMio Run\"},\"image\":{\"@id\":\"https:\/\/www.miomiorun.com\/de\/#\/schema\/logo\/image\/\"},\"sameAs\":[\"https:\/\/www.facebook.com\/miomiorun\/\",\"https:\/\/www.instagram.com\/miomiorun\/\"]}]}<\/script>\n<!-- \/ Yoast SEO plugin. -->","yoast_head_json":{"title":"Montura Sptize Hybrid Jacket damen - jacke - MioMioRun","description":"Women's Spitze Hybrid Jacket: warm und robust, ideal f\u00fcr den Bergsport. Winddicht und atmungsaktiv mit 4-Wege-Stretch-Nylonkapuze.","robots":{"index":"index","follow":"follow","max-snippet":"max-snippet:-1","max-image-preview":"max-image-preview:large","max-video-preview":"max-video-preview:-1"},"canonical":"https:\/\/www.miomiorun.com\/de\/produkt\/sptize-hybrid-jacket-damen\/","og_locale":"de_DE","og_type":"article","og_title":"Montura Sptize Hybrid Jacket damen - jacke - MioMioRun","og_description":"Women's Spitze Hybrid Jacket: warm und robust, ideal f\u00fcr den Bergsport. Winddicht und atmungsaktiv mit 4-Wege-Stretch-Nylonkapuze.","og_url":"https:\/\/www.miomiorun.com\/de\/produkt\/sptize-hybrid-jacket-damen\/","og_site_name":"MioMioRun","article_publisher":"https:\/\/www.facebook.com\/miomiorun\/","article_modified_time":"2024-05-20T17:26:14+00:00","og_image":[{"width":600,"height":600,"url":"https:\/\/www.miomiorun.com\/app\/uploads\/2024\/04\/Montura-Sptize-hybrid-jacket-W-vinaccia-light-ro-MJAF53W-1401.webp","type":"image\/webp"}],"twitter_card":"summary_large_image","twitter_misc":{"Est. reading time":"1 minute"},"schema":{"@context":"https:\/\/schema.org","@graph":[{"@type":"WebPage","@id":"https:\/\/www.miomiorun.com\/de\/produkt\/sptize-hybrid-jacket-damen\/","url":"https:\/\/www.miomiorun.com\/de\/produkt\/sptize-hybrid-jacket-damen\/","name":"Montura Sptize Hybrid Jacket damen - jacke - MioMioRun","isPartOf":{"@id":"https:\/\/www.miomiorun.com\/de\/#website"},"primaryImageOfPage":{"@id":"https:\/\/www.miomiorun.com\/de\/produkt\/sptize-hybrid-jacket-damen\/#primaryimage"},"image":{"@id":"https:\/\/www.miomiorun.com\/de\/produkt\/sptize-hybrid-jacket-damen\/#primaryimage"},"thumbnailUrl":"https:\/\/www.miomiorun.com\/app\/uploads\/2024\/04\/Montura-Sptize-hybrid-jacket-W-vinaccia-light-ro-MJAF53W-1401.webp","datePublished":"2024-04-18T11:42:54+00:00","dateModified":"2024-05-20T17:26:14+00:00","description":"Women's Spitze Hybrid Jacket: warm und robust, ideal f\u00fcr den Bergsport. Winddicht und atmungsaktiv mit 4-Wege-Stretch-Nylonkapuze.","breadcrumb":{"@id":"https:\/\/www.miomiorun.com\/de\/produkt\/sptize-hybrid-jacket-damen\/#breadcrumb"},"inLanguage":"de-DE","potentialAction":[{"@type":"ReadAction","target":["https:\/\/www.miomiorun.com\/de\/produkt\/sptize-hybrid-jacket-damen\/"]}]},{"@type":"ImageObject","inLanguage":"de-DE","@id":"https:\/\/www.miomiorun.com\/de\/produkt\/sptize-hybrid-jacket-damen\/#primaryimage","url":"https:\/\/www.miomiorun.com\/app\/uploads\/2024\/04\/Montura-Sptize-hybrid-jacket-W-vinaccia-light-ro-MJAF53W-1401.webp","contentUrl":"https:\/\/www.miomiorun.com\/app\/uploads\/2024\/04\/Montura-Sptize-hybrid-jacket-W-vinaccia-light-ro-MJAF53W-1401.webp","width":600,"height":600,"caption":"Montura Sptize hybrid jacket W vinaccia light ro MJAF53W 1401"},{"@type":"BreadcrumbList","@id":"https:\/\/www.miomiorun.com\/de\/produkt\/sptize-hybrid-jacket-damen\/#breadcrumb","itemListElement":[{"@type":"ListItem","position":1,"name":"Home","item":"https:\/\/www.miomiorun.com\/de\/"},{"@type":"ListItem","position":2,"name":"Shop","item":"https:\/\/www.miomiorun.com\/shop\/"},{"@type":"ListItem","position":3,"name":"Sptize Hybrid Jacket damen"}]},{"@type":"WebSite","@id":"https:\/\/www.miomiorun.com\/de\/#website","url":"https:\/\/www.miomiorun.com\/de\/","name":"MioMioRun","description":"100% Lauf- und Trailshop","publisher":{"@id":"https:\/\/www.miomiorun.com\/de\/#organization"},"potentialAction":[{"@type":"SearchAction","target":{"@type":"EntryPoint","urlTemplate":"https:\/\/www.miomiorun.com\/de\/?s={search_term_string}"},"query-input":{"@type":"PropertyValueSpecification","valueRequired":true,"valueName":"search_term_string"}}],"inLanguage":"de-DE"},{"@type":"Organization","@id":"https:\/\/www.miomiorun.com\/de\/#organization","name":"MioMio Run","url":"https:\/\/www.miomiorun.com\/de\/","logo":{"@type":"ImageObject","inLanguage":"de-DE","@id":"https:\/\/www.miomiorun.com\/de\/#\/schema\/logo\/image\/","url":"https:\/\/www.miomiorun.com\/app\/uploads\/2019\/12\/logomio.png","contentUrl":"https:\/\/www.miomiorun.com\/app\/uploads\/2019\/12\/logomio.png","width":115,"height":82,"caption":"MioMio Run"},"image":{"@id":"https:\/\/www.miomiorun.com\/de\/#\/schema\/logo\/image\/"},"sameAs":["https:\/\/www.facebook.com\/miomiorun\/","https:\/\/www.instagram.com\/miomiorun\/"]}]}},"_links":{"self":[{"href":"https:\/\/www.miomiorun.com\/de\/wp-json\/wp\/v2\/product\/166704","targetHints":{"allow":["GET"]}}],"collection":[{"href":"https:\/\/www.miomiorun.com\/de\/wp-json\/wp\/v2\/product"}],"about":[{"href":"https:\/\/www.miomiorun.com\/de\/wp-json\/wp\/v2\/types\/product"}],"wp:featuredmedia":[{"embeddable":true,"href":"https:\/\/www.miomiorun.com\/de\/wp-json\/wp\/v2\/media\/167462"}],"wp:attachment":[{"href":"https:\/\/www.miomiorun.com\/de\/wp-json\/wp\/v2\/media?parent=166704"}],"wp:term":[{"taxonomy":"product_brand","embeddable":true,"href":"https:\/\/www.miomiorun.com\/de\/wp-json\/wp\/v2\/product_brand?post=166704"},{"taxonomy":"product_cat","embeddable":true,"href":"https:\/\/www.miomiorun.com\/de\/wp-json\/wp\/v2\/product_cat?post=166704"},{"taxonomy":"product_tag","embeddable":true,"href":"https:\/\/www.miomiorun.com\/de\/wp-json\/wp\/v2\/product_tag?post=166704"}],"curies":[{"name":"wp","href":"https:\/\/api.w.org\/{rel}","templated":true}]}}