{"id":166658,"date":"2024-04-17T19:12:25","date_gmt":"2024-04-17T17:12:25","guid":{"rendered":"https:\/\/miomiorun.com\/?post_type=product&#038;p=166658"},"modified":"2025-02-14T15:52:25","modified_gmt":"2025-02-14T14:52:25","slug":"spitze-trikot-herren","status":"publish","type":"product","link":"https:\/\/www.miomiorun.com\/de\/produkt\/spitze-trikot-herren\/","title":{"rendered":"Spitze Trikot Herren"},"content":{"rendered":"<p>Das Fleece f\u00fcr M\u00e4nner: leicht, sch\u00fctzend und atmungsaktiv, ideal zum Klettern und Bergsteigen. 2-Wege-Stretch-Polyester-Fleece ist ideal f\u00fcr Tage, an denen Sie eine bequeme, atmungsaktive und dennoch leichte Schicht ben\u00f6tigen.<\/p>\n<p>Das Material bietet Schutz vor Sonnenstrahlen und ist mit einer DWR-Behandlung versehen, um Sie trocken zu halten, w\u00e4hrend kontrastierende Stretch-Nylon-Eins\u00e4tze f\u00fcr einen zus\u00e4tzlichen Hauch von Stil sorgen. Der durchgehende Rei\u00dfverschluss an der Vorderseite erm\u00f6glicht ein einfaches An- und Ausziehen in den Pausen oder wenn Sie auf Nummer sicher gehen wollen, w\u00e4hrend die Seitentaschen und die Brusttasche mit Rei\u00dfverschluss ideal f\u00fcr die sichere Aufbewahrung kleiner Gegenst\u00e4nde sind, wenn Sie unterwegs sind.<\/p>\n<p style=\"text-align: center;\"><strong>Mit dem Fleece f\u00fcr Herren Spitze k\u00f6nnen Sie Sommertage in gro\u00dfen H\u00f6hen sicher und bequem \u00fcberstehen.<\/strong><\/p>\n<p>&nbsp;<\/p>\n<p><strong>Eigenschaften:<\/strong><\/p>\n<ul class=\"tw-list-disc\">\n<li class=\"tw-text-xs\">Offenes Herrentrikot mit Kapuze<\/li>\n<li class=\"tw-text-xs\">Bi-Stretch-Polyester-Fleece-Gewebe mit hohem UV-Schutz<\/li>\n<li class=\"tw-text-xs\">Kontrastierender Einsatz aus DWR-Stretch-Nylongewebe<\/li>\n<li class=\"tw-text-xs\">Vollst\u00e4ndig zu \u00f6ffnender Mittelrei\u00dfverschluss, Hand- und Brusttaschen mit Rei\u00dfverschluss<\/li>\n<li class=\"tw-text-xs\">Elastisch verarbeitete Kapuze und Brustsaum<\/li>\n<li class=\"tw-text-xs\">Ideales Kleidungsst\u00fcck zum Klettern, Bergsteigen und f\u00fcr verschiedene Outdoor-Aktivit\u00e4ten<\/li>\n<li class=\"tw-text-xs\">Gewicht: 400,0 g<\/li>\n<\/ul>\n<p>&nbsp;<\/p>\n<p>&nbsp;<\/p>\n<div class=\"content__image-wrapper tw-w-fit\">\n<div class=\"content__image tw-relative tw-w-[5rem]\"><img loading=\"lazy\" decoding=\"async\" class=\"tw-absolute tw-top-0 tw-left-0 tw-w-full tw-h-full\" src=\"https:\/\/www.montura.com\/cdn\/shop\/files\/004_Breathable_Black.svg?v=1709125473&amp;width=200\" srcset=\"\/\/www.montura.com\/cdn\/shop\/files\/004_Breathable_Black.svg?v=1709125473&amp;width=200 200w\" alt=\"\" width=\"102\" height=\"102\" \/> <strong>ATMUNGSF\u00c4HIG: <\/strong>Dank atmungsaktiver Stoffe unterst\u00fctzt dieses Kleidungsst\u00fcck die nat\u00fcrliche Transpiration der Haut und h\u00e4lt den K\u00f6rper auf einer optimalen Temperatur.<\/div>\n<\/div>\n<div><\/div>\n<div><\/div>\n<div><strong>Ideal f\u00fcr:<\/strong><\/div>\n<div><\/div>\n<div><\/div>\n<div>\n<div class=\"content__image-wrapper tw-w-fit\">\n<div class=\"content__image tw-relative tw-w-[5rem]\"><img loading=\"lazy\" decoding=\"async\" class=\"tw-absolute tw-top-0 tw-left-0 tw-w-full tw-h-full\" src=\"https:\/\/www.montura.com\/cdn\/shop\/files\/017_TrekkingHiking_Black.svg?v=1709126467&amp;width=200\" srcset=\"\/\/www.montura.com\/cdn\/shop\/files\/017_TrekkingHiking_Black.svg?v=1709126467&amp;width=200 200w\" alt=\"\" width=\"102\" height=\"102\" \/> <strong>TREKKING \/ WANDERN<\/strong><\/div>\n<\/div>\n<\/div>\n<div><\/div>\n<div><\/div>\n<div><\/div>\n<div>\n<div class=\"content__image-wrapper tw-w-fit\">\n<div class=\"content__image tw-relative tw-w-[5rem]\"><\/div>\n<div>\n<div class=\"content__image-wrapper tw-w-fit\">\n<div class=\"content__image tw-relative tw-w-[5rem]\"><img loading=\"lazy\" decoding=\"async\" class=\"tw-absolute tw-top-0 tw-left-0 tw-w-full tw-h-full\" src=\"https:\/\/www.montura.com\/cdn\/shop\/files\/019_Climbing_Black.svg?v=1709126445&amp;width=200\" srcset=\"\/\/www.montura.com\/cdn\/shop\/files\/019_Climbing_Black.svg?v=1709126445&amp;width=200 200w\" alt=\"\" width=\"105\" height=\"139\" \/><strong>KLETTERN<\/strong><\/div>\n<\/div>\n<\/div>\n<\/div>\n<\/div>\n<div><\/div>\n<div><\/div>\n<div><\/div>\n<div>\n<div class=\"content__image-wrapper tw-w-fit\">\n<div class=\"content__image tw-relative tw-w-[5rem]\"><img loading=\"lazy\" decoding=\"async\" class=\"tw-absolute tw-top-0 tw-left-0 tw-w-full tw-h-full\" src=\"https:\/\/www.montura.com\/cdn\/shop\/files\/018_Mountaineering_Black.svg?v=1709126427&amp;width=200\" srcset=\"\/\/www.montura.com\/cdn\/shop\/files\/018_Mountaineering_Black.svg?v=1709126427&amp;width=200 200w\" alt=\"\" width=\"104\" height=\"104\" \/> <strong>BERGSTEIGEN<\/strong><\/div>\n<\/div>\n<\/div>\n","protected":false},"excerpt":{"rendered":"<ul>\n<li>Lang\u00e4rmeliges Trikot aus schnell trocknendem Fleecestoff.<\/li>\n<li>Ideal zum Tragen bei allen Outdoor-Aktivit\u00e4ten in den Bergen.<\/li>\n<\/ul>\n","protected":false},"featured_media":167374,"template":"","meta":{"_acf_changed":false,"inline_featured_image":false},"product_brand":[],"product_cat":[6515,6540,6541],"product_tag":[3379,6270],"class_list":{"0":"post-166658","1":"product","2":"type-product","3":"status-publish","4":"has-post-thumbnail","6":"product_cat-herren-de","7":"product_cat-herrenbekleidung","8":"product_cat-langarmshirt","9":"product_tag-montura-de","10":"product_tag-montura-herren-de","11":"pa_attivita-gehen","12":"pa_attivita-outdoor-de","13":"pa_colore-spitze-maglia-black-verde-salvia-de","14":"pa_colore-spitze-maglia-deep-blue-verde-lime-de","15":"pa_marca-montura-de","16":"pa_sesso-herren","17":"pa_size-medium-de","18":"pa_size-large-de","19":"pa_size-extra-large-de","21":"first","22":"instock","23":"sale","24":"taxable","25":"shipping-taxable","26":"purchasable","27":"product-type-variable","28":"wvs-archive-product-wrapper"},"acf":[],"yoast_head":"<!-- This site is optimized with the Yoast SEO plugin v26.8 - https:\/\/yoast.com\/product\/yoast-seo-wordpress\/ -->\n<title>Montura Spitze Trikot Herren - Laufshirt - MioMioRun.com<\/title>\n<meta name=\"description\" content=\"Men&#039;s Spitze Fleece: leicht, sch\u00fctzend und atmungsaktiv, ideal zum Klettern und Bergsteigen. Aus 2-Wege-Stretch-Polyester-Fleecegewebe\" \/>\n<meta name=\"robots\" content=\"index, follow, max-snippet:-1, max-image-preview:large, max-video-preview:-1\" \/>\n<link rel=\"canonical\" href=\"https:\/\/www.miomiorun.com\/de\/produkt\/spitze-trikot-herren\/\" \/>\n<meta property=\"og:locale\" content=\"de_DE\" \/>\n<meta property=\"og:type\" content=\"article\" \/>\n<meta property=\"og:title\" content=\"Montura Spitze Trikot Herren - Laufshirt - MioMioRun.com\" \/>\n<meta property=\"og:description\" content=\"Men&#039;s Spitze Fleece: leicht, sch\u00fctzend und atmungsaktiv, ideal zum Klettern und Bergsteigen. Aus 2-Wege-Stretch-Polyester-Fleecegewebe\" \/>\n<meta property=\"og:url\" content=\"https:\/\/www.miomiorun.com\/de\/produkt\/spitze-trikot-herren\/\" \/>\n<meta property=\"og:site_name\" content=\"MioMioRun\" \/>\n<meta property=\"article:publisher\" content=\"https:\/\/www.facebook.com\/miomiorun\/\" \/>\n<meta property=\"article:modified_time\" content=\"2025-02-14T14:52:25+00:00\" \/>\n<meta property=\"og:image\" content=\"https:\/\/www.miomiorun.com\/app\/uploads\/2024\/04\/Montura-Spitze-maglia-deep-blue-verde-lime-MMAP53X-8747.webp\" \/>\n\t<meta property=\"og:image:width\" content=\"600\" \/>\n\t<meta property=\"og:image:height\" content=\"600\" \/>\n\t<meta property=\"og:image:type\" content=\"image\/webp\" \/>\n<meta name=\"twitter:card\" content=\"summary_large_image\" \/>\n<meta name=\"twitter:label1\" content=\"Est. reading time\" \/>\n\t<meta name=\"twitter:data1\" content=\"1 minute\" \/>\n<script type=\"application\/ld+json\" class=\"yoast-schema-graph\">{\"@context\":\"https:\/\/schema.org\",\"@graph\":[{\"@type\":\"WebPage\",\"@id\":\"https:\/\/www.miomiorun.com\/de\/produkt\/spitze-trikot-herren\/\",\"url\":\"https:\/\/www.miomiorun.com\/de\/produkt\/spitze-trikot-herren\/\",\"name\":\"Montura Spitze Trikot Herren - Laufshirt - MioMioRun.com\",\"isPartOf\":{\"@id\":\"https:\/\/www.miomiorun.com\/de\/#website\"},\"primaryImageOfPage\":{\"@id\":\"https:\/\/www.miomiorun.com\/de\/produkt\/spitze-trikot-herren\/#primaryimage\"},\"image\":{\"@id\":\"https:\/\/www.miomiorun.com\/de\/produkt\/spitze-trikot-herren\/#primaryimage\"},\"thumbnailUrl\":\"https:\/\/www.miomiorun.com\/app\/uploads\/2024\/04\/Montura-Spitze-maglia-deep-blue-verde-lime-MMAP53X-8747.webp\",\"datePublished\":\"2024-04-17T17:12:25+00:00\",\"dateModified\":\"2025-02-14T14:52:25+00:00\",\"description\":\"Men's Spitze Fleece: leicht, sch\u00fctzend und atmungsaktiv, ideal zum Klettern und Bergsteigen. Aus 2-Wege-Stretch-Polyester-Fleecegewebe\",\"breadcrumb\":{\"@id\":\"https:\/\/www.miomiorun.com\/de\/produkt\/spitze-trikot-herren\/#breadcrumb\"},\"inLanguage\":\"de-DE\",\"potentialAction\":[{\"@type\":\"ReadAction\",\"target\":[\"https:\/\/www.miomiorun.com\/de\/produkt\/spitze-trikot-herren\/\"]}]},{\"@type\":\"ImageObject\",\"inLanguage\":\"de-DE\",\"@id\":\"https:\/\/www.miomiorun.com\/de\/produkt\/spitze-trikot-herren\/#primaryimage\",\"url\":\"https:\/\/www.miomiorun.com\/app\/uploads\/2024\/04\/Montura-Spitze-maglia-deep-blue-verde-lime-MMAP53X-8747.webp\",\"contentUrl\":\"https:\/\/www.miomiorun.com\/app\/uploads\/2024\/04\/Montura-Spitze-maglia-deep-blue-verde-lime-MMAP53X-8747.webp\",\"width\":600,\"height\":600,\"caption\":\"Montura Spitze maglia deep blue verde lime MMAP53X 8747\"},{\"@type\":\"BreadcrumbList\",\"@id\":\"https:\/\/www.miomiorun.com\/de\/produkt\/spitze-trikot-herren\/#breadcrumb\",\"itemListElement\":[{\"@type\":\"ListItem\",\"position\":1,\"name\":\"Home\",\"item\":\"https:\/\/www.miomiorun.com\/de\/\"},{\"@type\":\"ListItem\",\"position\":2,\"name\":\"Shop\",\"item\":\"https:\/\/www.miomiorun.com\/shop\/\"},{\"@type\":\"ListItem\",\"position\":3,\"name\":\"Spitze Trikot Herren\"}]},{\"@type\":\"WebSite\",\"@id\":\"https:\/\/www.miomiorun.com\/de\/#website\",\"url\":\"https:\/\/www.miomiorun.com\/de\/\",\"name\":\"MioMioRun\",\"description\":\"100% Lauf- und Trailshop\",\"publisher\":{\"@id\":\"https:\/\/www.miomiorun.com\/de\/#organization\"},\"potentialAction\":[{\"@type\":\"SearchAction\",\"target\":{\"@type\":\"EntryPoint\",\"urlTemplate\":\"https:\/\/www.miomiorun.com\/de\/?s={search_term_string}\"},\"query-input\":{\"@type\":\"PropertyValueSpecification\",\"valueRequired\":true,\"valueName\":\"search_term_string\"}}],\"inLanguage\":\"de-DE\"},{\"@type\":\"Organization\",\"@id\":\"https:\/\/www.miomiorun.com\/de\/#organization\",\"name\":\"MioMio Run\",\"url\":\"https:\/\/www.miomiorun.com\/de\/\",\"logo\":{\"@type\":\"ImageObject\",\"inLanguage\":\"de-DE\",\"@id\":\"https:\/\/www.miomiorun.com\/de\/#\/schema\/logo\/image\/\",\"url\":\"https:\/\/www.miomiorun.com\/app\/uploads\/2019\/12\/logomio.png\",\"contentUrl\":\"https:\/\/www.miomiorun.com\/app\/uploads\/2019\/12\/logomio.png\",\"width\":115,\"height\":82,\"caption\":\"MioMio Run\"},\"image\":{\"@id\":\"https:\/\/www.miomiorun.com\/de\/#\/schema\/logo\/image\/\"},\"sameAs\":[\"https:\/\/www.facebook.com\/miomiorun\/\",\"https:\/\/www.instagram.com\/miomiorun\/\"]}]}<\/script>\n<!-- \/ Yoast SEO plugin. -->","yoast_head_json":{"title":"Montura Spitze Trikot Herren - Laufshirt - MioMioRun.com","description":"Men's Spitze Fleece: leicht, sch\u00fctzend und atmungsaktiv, ideal zum Klettern und Bergsteigen. Aus 2-Wege-Stretch-Polyester-Fleecegewebe","robots":{"index":"index","follow":"follow","max-snippet":"max-snippet:-1","max-image-preview":"max-image-preview:large","max-video-preview":"max-video-preview:-1"},"canonical":"https:\/\/www.miomiorun.com\/de\/produkt\/spitze-trikot-herren\/","og_locale":"de_DE","og_type":"article","og_title":"Montura Spitze Trikot Herren - Laufshirt - MioMioRun.com","og_description":"Men's Spitze Fleece: leicht, sch\u00fctzend und atmungsaktiv, ideal zum Klettern und Bergsteigen. Aus 2-Wege-Stretch-Polyester-Fleecegewebe","og_url":"https:\/\/www.miomiorun.com\/de\/produkt\/spitze-trikot-herren\/","og_site_name":"MioMioRun","article_publisher":"https:\/\/www.facebook.com\/miomiorun\/","article_modified_time":"2025-02-14T14:52:25+00:00","og_image":[{"width":600,"height":600,"url":"https:\/\/www.miomiorun.com\/app\/uploads\/2024\/04\/Montura-Spitze-maglia-deep-blue-verde-lime-MMAP53X-8747.webp","type":"image\/webp"}],"twitter_card":"summary_large_image","twitter_misc":{"Est. reading time":"1 minute"},"schema":{"@context":"https:\/\/schema.org","@graph":[{"@type":"WebPage","@id":"https:\/\/www.miomiorun.com\/de\/produkt\/spitze-trikot-herren\/","url":"https:\/\/www.miomiorun.com\/de\/produkt\/spitze-trikot-herren\/","name":"Montura Spitze Trikot Herren - Laufshirt - MioMioRun.com","isPartOf":{"@id":"https:\/\/www.miomiorun.com\/de\/#website"},"primaryImageOfPage":{"@id":"https:\/\/www.miomiorun.com\/de\/produkt\/spitze-trikot-herren\/#primaryimage"},"image":{"@id":"https:\/\/www.miomiorun.com\/de\/produkt\/spitze-trikot-herren\/#primaryimage"},"thumbnailUrl":"https:\/\/www.miomiorun.com\/app\/uploads\/2024\/04\/Montura-Spitze-maglia-deep-blue-verde-lime-MMAP53X-8747.webp","datePublished":"2024-04-17T17:12:25+00:00","dateModified":"2025-02-14T14:52:25+00:00","description":"Men's Spitze Fleece: leicht, sch\u00fctzend und atmungsaktiv, ideal zum Klettern und Bergsteigen. Aus 2-Wege-Stretch-Polyester-Fleecegewebe","breadcrumb":{"@id":"https:\/\/www.miomiorun.com\/de\/produkt\/spitze-trikot-herren\/#breadcrumb"},"inLanguage":"de-DE","potentialAction":[{"@type":"ReadAction","target":["https:\/\/www.miomiorun.com\/de\/produkt\/spitze-trikot-herren\/"]}]},{"@type":"ImageObject","inLanguage":"de-DE","@id":"https:\/\/www.miomiorun.com\/de\/produkt\/spitze-trikot-herren\/#primaryimage","url":"https:\/\/www.miomiorun.com\/app\/uploads\/2024\/04\/Montura-Spitze-maglia-deep-blue-verde-lime-MMAP53X-8747.webp","contentUrl":"https:\/\/www.miomiorun.com\/app\/uploads\/2024\/04\/Montura-Spitze-maglia-deep-blue-verde-lime-MMAP53X-8747.webp","width":600,"height":600,"caption":"Montura Spitze maglia deep blue verde lime MMAP53X 8747"},{"@type":"BreadcrumbList","@id":"https:\/\/www.miomiorun.com\/de\/produkt\/spitze-trikot-herren\/#breadcrumb","itemListElement":[{"@type":"ListItem","position":1,"name":"Home","item":"https:\/\/www.miomiorun.com\/de\/"},{"@type":"ListItem","position":2,"name":"Shop","item":"https:\/\/www.miomiorun.com\/shop\/"},{"@type":"ListItem","position":3,"name":"Spitze Trikot Herren"}]},{"@type":"WebSite","@id":"https:\/\/www.miomiorun.com\/de\/#website","url":"https:\/\/www.miomiorun.com\/de\/","name":"MioMioRun","description":"100% Lauf- und Trailshop","publisher":{"@id":"https:\/\/www.miomiorun.com\/de\/#organization"},"potentialAction":[{"@type":"SearchAction","target":{"@type":"EntryPoint","urlTemplate":"https:\/\/www.miomiorun.com\/de\/?s={search_term_string}"},"query-input":{"@type":"PropertyValueSpecification","valueRequired":true,"valueName":"search_term_string"}}],"inLanguage":"de-DE"},{"@type":"Organization","@id":"https:\/\/www.miomiorun.com\/de\/#organization","name":"MioMio Run","url":"https:\/\/www.miomiorun.com\/de\/","logo":{"@type":"ImageObject","inLanguage":"de-DE","@id":"https:\/\/www.miomiorun.com\/de\/#\/schema\/logo\/image\/","url":"https:\/\/www.miomiorun.com\/app\/uploads\/2019\/12\/logomio.png","contentUrl":"https:\/\/www.miomiorun.com\/app\/uploads\/2019\/12\/logomio.png","width":115,"height":82,"caption":"MioMio Run"},"image":{"@id":"https:\/\/www.miomiorun.com\/de\/#\/schema\/logo\/image\/"},"sameAs":["https:\/\/www.facebook.com\/miomiorun\/","https:\/\/www.instagram.com\/miomiorun\/"]}]}},"_links":{"self":[{"href":"https:\/\/www.miomiorun.com\/de\/wp-json\/wp\/v2\/product\/166658","targetHints":{"allow":["GET"]}}],"collection":[{"href":"https:\/\/www.miomiorun.com\/de\/wp-json\/wp\/v2\/product"}],"about":[{"href":"https:\/\/www.miomiorun.com\/de\/wp-json\/wp\/v2\/types\/product"}],"wp:featuredmedia":[{"embeddable":true,"href":"https:\/\/www.miomiorun.com\/de\/wp-json\/wp\/v2\/media\/167374"}],"wp:attachment":[{"href":"https:\/\/www.miomiorun.com\/de\/wp-json\/wp\/v2\/media?parent=166658"}],"wp:term":[{"taxonomy":"product_brand","embeddable":true,"href":"https:\/\/www.miomiorun.com\/de\/wp-json\/wp\/v2\/product_brand?post=166658"},{"taxonomy":"product_cat","embeddable":true,"href":"https:\/\/www.miomiorun.com\/de\/wp-json\/wp\/v2\/product_cat?post=166658"},{"taxonomy":"product_tag","embeddable":true,"href":"https:\/\/www.miomiorun.com\/de\/wp-json\/wp\/v2\/product_tag?post=166658"}],"curies":[{"name":"wp","href":"https:\/\/api.w.org\/{rel}","templated":true}]}}