{"id":166606,"date":"2024-04-17T18:41:00","date_gmt":"2024-04-17T16:41:00","guid":{"rendered":"https:\/\/miomiorun.com\/?post_type=product&#038;p=166606"},"modified":"2026-04-06T20:50:10","modified_gmt":"2026-04-06T18:50:10","slug":"felce-2-shirt-herren","status":"publish","type":"product","link":"https:\/\/www.miomiorun.com\/de\/produkt\/felce-2-shirt-herren\/","title":{"rendered":"Felce 2 Shirt herren"},"content":{"rendered":"<p>Herrenhemd<strong> Fern 2<\/strong>: leicht und vielseitig, ideal f\u00fcr Trekkingtouren bei warmem Wetter.<\/p>\n<p>Dieses Kurzarmhemd aus ultraleichtem und atmungsaktivem Material, das Schwei\u00df absorbiert und von der Haut ableitet, bietet auch bei steigenden Temperaturen maximalen Komfort. Das 4-Wege-Stretch-Nylongewebe macht jede Bewegung mit, w\u00e4hrend das doppellagige Oberteil langlebig ist und einen Hauch von Stil verleiht.<\/p>\n<p>Ausgestattet mit einer Front\u00f6ffnung mit Kn\u00f6pfen, einer offenen Brusttasche und einem geformten Brustsaum, der sich dem K\u00f6rper anpasst.<\/p>\n<p style=\"text-align: center;\"><strong>Das Men&#8217;s Fern 2 ist ein Hemd mit unverwechselbarem Stil, das sowohl in den Bergen als auch in der Stadt eine gute Figur macht.<\/strong><\/p>\n<p>&nbsp;<\/p>\n<h3>Eigenschaften:<\/h3>\n<ul class=\"tw-list-disc\">\n<li class=\"tw-text-xs\">Kurzarmhemd f\u00fcr M\u00e4nner<\/li>\n<li class=\"tw-text-xs\">Superleichtes 4-Wege-Stretch-Nylongewebe<\/li>\n<li class=\"tw-text-xs\">Vordere Mitte mit Kn\u00f6pfen<\/li>\n<li class=\"tw-text-xs\">Offene Brusttasche<\/li>\n<li class=\"tw-text-xs\">Oberteil aus doppeltem Stoff f\u00fcr mehr Halt und maximalen Abschluss<\/li>\n<li class=\"tw-text-xs\">Geformte Unterseite<\/li>\n<li class=\"tw-text-xs\">Ideales Kleidungsst\u00fcck f\u00fcr verschiedene Outdoor-Aktivit\u00e4ten und Freizeitaktivit\u00e4ten<\/li>\n<\/ul>\n<p><strong>Gewicht<\/strong>: 140.0 g<\/p>\n<p>&nbsp;<\/p>\n<div class=\"content__image-wrapper tw-w-fit\">\n<div class=\"content__image tw-relative tw-w-[5rem]\"><img loading=\"lazy\" decoding=\"async\" class=\"tw-absolute tw-top-0 tw-left-0 tw-w-full tw-h-full\" src=\"https:\/\/www.montura.com\/cdn\/shop\/files\/004_Breathable_Black.svg?v=1709125473&amp;width=200\" srcset=\"\/\/www.montura.com\/cdn\/shop\/files\/004_Breathable_Black.svg?v=1709125473&amp;width=200 200w\" alt=\"\" width=\"103\" height=\"103\" \/> <strong>ATMUNGSF\u00c4HIG : <\/strong>Dank der atmungsaktiven Stoffe unterst\u00fctzt dieses Kleidungsst\u00fcck die nat\u00fcrliche Transpiration der Haut und h\u00e4lt den K\u00f6rper auf einer optimalen Temperatur.<\/div>\n<\/div>\n<div><\/div>\n<div><\/div>\n<h3>Ideal f\u00fcr:<\/h3>\n<div class=\"content__image-wrapper tw-w-fit\">\n<div><\/div>\n<div><\/div>\n<div class=\"content__image tw-relative tw-w-[5rem]\"><img loading=\"lazy\" decoding=\"async\" class=\"tw-absolute tw-top-0 tw-left-0 tw-w-full tw-h-full\" src=\"https:\/\/www.montura.com\/cdn\/shop\/files\/017_TrekkingHiking_Black.svg?v=1709126467&amp;width=200\" srcset=\"\/\/www.montura.com\/cdn\/shop\/files\/017_TrekkingHiking_Black.svg?v=1709126467&amp;width=200 200w\" alt=\"\" width=\"104\" height=\"104\" \/> <strong> TREKKING\/WANDERN<\/strong><\/div>\n<\/div>\n<div><\/div>\n<div><\/div>\n<div><\/div>\n<div><\/div>\n<div><\/div>\n<div>\n<div class=\"content__image-wrapper tw-w-fit\">\n<div class=\"content__image tw-relative tw-w-[5rem]\"><img loading=\"lazy\" decoding=\"async\" class=\"tw-absolute tw-top-0 tw-left-0 tw-w-full tw-h-full\" src=\"https:\/\/www.montura.com\/cdn\/shop\/files\/015_Everyday_Black.svg?v=1709126253&amp;width=200\" srcset=\"\/\/www.montura.com\/cdn\/shop\/files\/015_Everyday_Black.svg?v=1709126253&amp;width=200 200w\" alt=\"\" width=\"104\" height=\"104\" \/><strong> ALLT\u00c4GLICHES<\/strong><\/div>\n<\/div>\n<\/div>\n<div><\/div>\n<div><\/div>\n<div>\n<div class=\"content__image-wrapper tw-w-fit\">\n<div><\/div>\n<div class=\"content__image tw-relative tw-w-[5rem]\"><img loading=\"lazy\" decoding=\"async\" class=\"tw-absolute tw-top-0 tw-left-0 tw-w-full tw-h-full\" src=\"https:\/\/www.montura.com\/cdn\/shop\/files\/023_Sailing_Black.svg?v=1709126312&amp;width=200\" srcset=\"\/\/www.montura.com\/cdn\/shop\/files\/023_Sailing_Black.svg?v=1709126312&amp;width=200 200w\" alt=\"\" width=\"95\" height=\"104\" \/> <strong>SEGELN<\/strong><\/div>\n<\/div>\n<\/div>\n","protected":false},"excerpt":{"rendered":"<ul>\n<li>Leichtes, vielseitiges Hemd, ideal f\u00fcr warmes Wetter.<\/li>\n<li>Ideales Kleidungsst\u00fcck f\u00fcr verschiedene Outdoor-Aktivit\u00e4ten, Freizeit und Segeln.<\/li>\n<\/ul>\n","protected":false},"featured_media":167257,"template":"","meta":{"_acf_changed":false,"inline_featured_image":false},"product_brand":[],"product_cat":[6515,6540,6508],"product_tag":[3379,6270],"class_list":{"0":"post-166606","1":"product","2":"type-product","3":"status-publish","4":"has-post-thumbnail","6":"product_cat-herren-de","7":"product_cat-herrenbekleidung","8":"product_cat-herrent-shirt","9":"product_tag-montura-de","10":"product_tag-montura-herren-de","11":"pa_attivita-gehen","12":"pa_attivita-lifestyle-de","13":"pa_attivita-outdoor-de","14":"pa_colore-felce-2-shirt-deep-blue-de","15":"pa_marca-montura-de","16":"pa_sesso-herren","17":"pa_size-small-de","19":"first","20":"instock","21":"sale","22":"taxable","23":"shipping-taxable","24":"purchasable","25":"product-type-variable","26":"wvs-archive-product-wrapper"},"acf":[],"yoast_head":"<!-- This site is optimized with the Yoast SEO plugin v26.8 - https:\/\/yoast.com\/product\/yoast-seo-wordpress\/ -->\n<title>Montura Felce 2 Shirt herren - Laufshirt - MioMioRun.com<\/title>\n<meta name=\"description\" content=\"Herrenhemd Felce 2: leicht und vielseitig, ideal f\u00fcr Trekkingtouren bei warmem Wetter. Hergestellt aus ultraleichtem und atmungsaktivem Gewebe\" \/>\n<meta name=\"robots\" content=\"index, follow, max-snippet:-1, max-image-preview:large, max-video-preview:-1\" \/>\n<link rel=\"canonical\" href=\"https:\/\/www.miomiorun.com\/de\/produkt\/felce-2-shirt-herren\/\" \/>\n<meta property=\"og:locale\" content=\"de_DE\" \/>\n<meta property=\"og:type\" content=\"article\" \/>\n<meta property=\"og:title\" content=\"Montura Felce 2 Shirt herren - Laufshirt - MioMioRun.com\" \/>\n<meta property=\"og:description\" content=\"Herrenhemd Felce 2: leicht und vielseitig, ideal f\u00fcr Trekkingtouren bei warmem Wetter. Hergestellt aus ultraleichtem und atmungsaktivem Gewebe\" \/>\n<meta property=\"og:url\" content=\"https:\/\/www.miomiorun.com\/de\/produkt\/felce-2-shirt-herren\/\" \/>\n<meta property=\"og:site_name\" content=\"MioMioRun\" \/>\n<meta property=\"article:publisher\" content=\"https:\/\/www.facebook.com\/miomiorun\/\" \/>\n<meta property=\"article:modified_time\" content=\"2026-04-06T18:50:10+00:00\" \/>\n<meta property=\"og:image\" content=\"https:\/\/www.miomiorun.com\/app\/uploads\/2024\/04\/Montura-Felce-2-shirt-deep-blue-MQCG49X-87.webp\" \/>\n\t<meta property=\"og:image:width\" content=\"600\" \/>\n\t<meta property=\"og:image:height\" content=\"600\" \/>\n\t<meta property=\"og:image:type\" content=\"image\/webp\" \/>\n<meta name=\"twitter:card\" content=\"summary_large_image\" \/>\n<meta name=\"twitter:label1\" content=\"Est. reading time\" \/>\n\t<meta name=\"twitter:data1\" content=\"1 minute\" \/>\n<script type=\"application\/ld+json\" class=\"yoast-schema-graph\">{\"@context\":\"https:\/\/schema.org\",\"@graph\":[{\"@type\":\"WebPage\",\"@id\":\"https:\/\/www.miomiorun.com\/de\/produkt\/felce-2-shirt-herren\/\",\"url\":\"https:\/\/www.miomiorun.com\/de\/produkt\/felce-2-shirt-herren\/\",\"name\":\"Montura Felce 2 Shirt herren - Laufshirt - MioMioRun.com\",\"isPartOf\":{\"@id\":\"https:\/\/www.miomiorun.com\/de\/#website\"},\"primaryImageOfPage\":{\"@id\":\"https:\/\/www.miomiorun.com\/de\/produkt\/felce-2-shirt-herren\/#primaryimage\"},\"image\":{\"@id\":\"https:\/\/www.miomiorun.com\/de\/produkt\/felce-2-shirt-herren\/#primaryimage\"},\"thumbnailUrl\":\"https:\/\/www.miomiorun.com\/app\/uploads\/2024\/04\/Montura-Felce-2-shirt-deep-blue-MQCG49X-87.webp\",\"datePublished\":\"2024-04-17T16:41:00+00:00\",\"dateModified\":\"2026-04-06T18:50:10+00:00\",\"description\":\"Herrenhemd Felce 2: leicht und vielseitig, ideal f\u00fcr Trekkingtouren bei warmem Wetter. Hergestellt aus ultraleichtem und atmungsaktivem Gewebe\",\"breadcrumb\":{\"@id\":\"https:\/\/www.miomiorun.com\/de\/produkt\/felce-2-shirt-herren\/#breadcrumb\"},\"inLanguage\":\"de-DE\",\"potentialAction\":[{\"@type\":\"ReadAction\",\"target\":[\"https:\/\/www.miomiorun.com\/de\/produkt\/felce-2-shirt-herren\/\"]}]},{\"@type\":\"ImageObject\",\"inLanguage\":\"de-DE\",\"@id\":\"https:\/\/www.miomiorun.com\/de\/produkt\/felce-2-shirt-herren\/#primaryimage\",\"url\":\"https:\/\/www.miomiorun.com\/app\/uploads\/2024\/04\/Montura-Felce-2-shirt-deep-blue-MQCG49X-87.webp\",\"contentUrl\":\"https:\/\/www.miomiorun.com\/app\/uploads\/2024\/04\/Montura-Felce-2-shirt-deep-blue-MQCG49X-87.webp\",\"width\":600,\"height\":600,\"caption\":\"Montura Felce 2 shirt deep blue MQCG49X 87\"},{\"@type\":\"BreadcrumbList\",\"@id\":\"https:\/\/www.miomiorun.com\/de\/produkt\/felce-2-shirt-herren\/#breadcrumb\",\"itemListElement\":[{\"@type\":\"ListItem\",\"position\":1,\"name\":\"Home\",\"item\":\"https:\/\/www.miomiorun.com\/de\/\"},{\"@type\":\"ListItem\",\"position\":2,\"name\":\"Shop\",\"item\":\"https:\/\/www.miomiorun.com\/shop\/\"},{\"@type\":\"ListItem\",\"position\":3,\"name\":\"Felce 2 Shirt herren\"}]},{\"@type\":\"WebSite\",\"@id\":\"https:\/\/www.miomiorun.com\/de\/#website\",\"url\":\"https:\/\/www.miomiorun.com\/de\/\",\"name\":\"MioMioRun\",\"description\":\"100% Lauf- und Trailshop\",\"publisher\":{\"@id\":\"https:\/\/www.miomiorun.com\/de\/#organization\"},\"potentialAction\":[{\"@type\":\"SearchAction\",\"target\":{\"@type\":\"EntryPoint\",\"urlTemplate\":\"https:\/\/www.miomiorun.com\/de\/?s={search_term_string}\"},\"query-input\":{\"@type\":\"PropertyValueSpecification\",\"valueRequired\":true,\"valueName\":\"search_term_string\"}}],\"inLanguage\":\"de-DE\"},{\"@type\":\"Organization\",\"@id\":\"https:\/\/www.miomiorun.com\/de\/#organization\",\"name\":\"MioMio Run\",\"url\":\"https:\/\/www.miomiorun.com\/de\/\",\"logo\":{\"@type\":\"ImageObject\",\"inLanguage\":\"de-DE\",\"@id\":\"https:\/\/www.miomiorun.com\/de\/#\/schema\/logo\/image\/\",\"url\":\"https:\/\/www.miomiorun.com\/app\/uploads\/2019\/12\/logomio.png\",\"contentUrl\":\"https:\/\/www.miomiorun.com\/app\/uploads\/2019\/12\/logomio.png\",\"width\":115,\"height\":82,\"caption\":\"MioMio Run\"},\"image\":{\"@id\":\"https:\/\/www.miomiorun.com\/de\/#\/schema\/logo\/image\/\"},\"sameAs\":[\"https:\/\/www.facebook.com\/miomiorun\/\",\"https:\/\/www.instagram.com\/miomiorun\/\"]}]}<\/script>\n<!-- \/ Yoast SEO plugin. -->","yoast_head_json":{"title":"Montura Felce 2 Shirt herren - Laufshirt - MioMioRun.com","description":"Herrenhemd Felce 2: leicht und vielseitig, ideal f\u00fcr Trekkingtouren bei warmem Wetter. Hergestellt aus ultraleichtem und atmungsaktivem Gewebe","robots":{"index":"index","follow":"follow","max-snippet":"max-snippet:-1","max-image-preview":"max-image-preview:large","max-video-preview":"max-video-preview:-1"},"canonical":"https:\/\/www.miomiorun.com\/de\/produkt\/felce-2-shirt-herren\/","og_locale":"de_DE","og_type":"article","og_title":"Montura Felce 2 Shirt herren - Laufshirt - MioMioRun.com","og_description":"Herrenhemd Felce 2: leicht und vielseitig, ideal f\u00fcr Trekkingtouren bei warmem Wetter. Hergestellt aus ultraleichtem und atmungsaktivem Gewebe","og_url":"https:\/\/www.miomiorun.com\/de\/produkt\/felce-2-shirt-herren\/","og_site_name":"MioMioRun","article_publisher":"https:\/\/www.facebook.com\/miomiorun\/","article_modified_time":"2026-04-06T18:50:10+00:00","og_image":[{"width":600,"height":600,"url":"https:\/\/www.miomiorun.com\/app\/uploads\/2024\/04\/Montura-Felce-2-shirt-deep-blue-MQCG49X-87.webp","type":"image\/webp"}],"twitter_card":"summary_large_image","twitter_misc":{"Est. reading time":"1 minute"},"schema":{"@context":"https:\/\/schema.org","@graph":[{"@type":"WebPage","@id":"https:\/\/www.miomiorun.com\/de\/produkt\/felce-2-shirt-herren\/","url":"https:\/\/www.miomiorun.com\/de\/produkt\/felce-2-shirt-herren\/","name":"Montura Felce 2 Shirt herren - Laufshirt - MioMioRun.com","isPartOf":{"@id":"https:\/\/www.miomiorun.com\/de\/#website"},"primaryImageOfPage":{"@id":"https:\/\/www.miomiorun.com\/de\/produkt\/felce-2-shirt-herren\/#primaryimage"},"image":{"@id":"https:\/\/www.miomiorun.com\/de\/produkt\/felce-2-shirt-herren\/#primaryimage"},"thumbnailUrl":"https:\/\/www.miomiorun.com\/app\/uploads\/2024\/04\/Montura-Felce-2-shirt-deep-blue-MQCG49X-87.webp","datePublished":"2024-04-17T16:41:00+00:00","dateModified":"2026-04-06T18:50:10+00:00","description":"Herrenhemd Felce 2: leicht und vielseitig, ideal f\u00fcr Trekkingtouren bei warmem Wetter. Hergestellt aus ultraleichtem und atmungsaktivem Gewebe","breadcrumb":{"@id":"https:\/\/www.miomiorun.com\/de\/produkt\/felce-2-shirt-herren\/#breadcrumb"},"inLanguage":"de-DE","potentialAction":[{"@type":"ReadAction","target":["https:\/\/www.miomiorun.com\/de\/produkt\/felce-2-shirt-herren\/"]}]},{"@type":"ImageObject","inLanguage":"de-DE","@id":"https:\/\/www.miomiorun.com\/de\/produkt\/felce-2-shirt-herren\/#primaryimage","url":"https:\/\/www.miomiorun.com\/app\/uploads\/2024\/04\/Montura-Felce-2-shirt-deep-blue-MQCG49X-87.webp","contentUrl":"https:\/\/www.miomiorun.com\/app\/uploads\/2024\/04\/Montura-Felce-2-shirt-deep-blue-MQCG49X-87.webp","width":600,"height":600,"caption":"Montura Felce 2 shirt deep blue MQCG49X 87"},{"@type":"BreadcrumbList","@id":"https:\/\/www.miomiorun.com\/de\/produkt\/felce-2-shirt-herren\/#breadcrumb","itemListElement":[{"@type":"ListItem","position":1,"name":"Home","item":"https:\/\/www.miomiorun.com\/de\/"},{"@type":"ListItem","position":2,"name":"Shop","item":"https:\/\/www.miomiorun.com\/shop\/"},{"@type":"ListItem","position":3,"name":"Felce 2 Shirt herren"}]},{"@type":"WebSite","@id":"https:\/\/www.miomiorun.com\/de\/#website","url":"https:\/\/www.miomiorun.com\/de\/","name":"MioMioRun","description":"100% Lauf- und Trailshop","publisher":{"@id":"https:\/\/www.miomiorun.com\/de\/#organization"},"potentialAction":[{"@type":"SearchAction","target":{"@type":"EntryPoint","urlTemplate":"https:\/\/www.miomiorun.com\/de\/?s={search_term_string}"},"query-input":{"@type":"PropertyValueSpecification","valueRequired":true,"valueName":"search_term_string"}}],"inLanguage":"de-DE"},{"@type":"Organization","@id":"https:\/\/www.miomiorun.com\/de\/#organization","name":"MioMio Run","url":"https:\/\/www.miomiorun.com\/de\/","logo":{"@type":"ImageObject","inLanguage":"de-DE","@id":"https:\/\/www.miomiorun.com\/de\/#\/schema\/logo\/image\/","url":"https:\/\/www.miomiorun.com\/app\/uploads\/2019\/12\/logomio.png","contentUrl":"https:\/\/www.miomiorun.com\/app\/uploads\/2019\/12\/logomio.png","width":115,"height":82,"caption":"MioMio Run"},"image":{"@id":"https:\/\/www.miomiorun.com\/de\/#\/schema\/logo\/image\/"},"sameAs":["https:\/\/www.facebook.com\/miomiorun\/","https:\/\/www.instagram.com\/miomiorun\/"]}]}},"_links":{"self":[{"href":"https:\/\/www.miomiorun.com\/de\/wp-json\/wp\/v2\/product\/166606","targetHints":{"allow":["GET"]}}],"collection":[{"href":"https:\/\/www.miomiorun.com\/de\/wp-json\/wp\/v2\/product"}],"about":[{"href":"https:\/\/www.miomiorun.com\/de\/wp-json\/wp\/v2\/types\/product"}],"wp:featuredmedia":[{"embeddable":true,"href":"https:\/\/www.miomiorun.com\/de\/wp-json\/wp\/v2\/media\/167257"}],"wp:attachment":[{"href":"https:\/\/www.miomiorun.com\/de\/wp-json\/wp\/v2\/media?parent=166606"}],"wp:term":[{"taxonomy":"product_brand","embeddable":true,"href":"https:\/\/www.miomiorun.com\/de\/wp-json\/wp\/v2\/product_brand?post=166606"},{"taxonomy":"product_cat","embeddable":true,"href":"https:\/\/www.miomiorun.com\/de\/wp-json\/wp\/v2\/product_cat?post=166606"},{"taxonomy":"product_tag","embeddable":true,"href":"https:\/\/www.miomiorun.com\/de\/wp-json\/wp\/v2\/product_tag?post=166606"}],"curies":[{"name":"wp","href":"https:\/\/api.w.org\/{rel}","templated":true}]}}