{"id":166592,"date":"2024-04-17T18:08:19","date_gmt":"2024-04-17T16:08:19","guid":{"rendered":"https:\/\/miomiorun.com\/?post_type=product&#038;p=166592"},"modified":"2025-02-14T17:20:51","modified_gmt":"2025-02-14T16:20:51","slug":"domino-trekking-pants-damen","status":"publish","type":"product","link":"https:\/\/www.miomiorun.com\/de\/produkt\/domino-trekking-pants-damen\/","title":{"rendered":"Domino Trekking Pants damen"},"content":{"rendered":"<div class=\"product-attribute product-attribute-featured-materials\">\n<div class=\"product-attribute product-attribute-featured-materials\">\n<p><strong>Domino<\/strong> Damenhose: Atmungsaktivit\u00e4t und Bewegungsfreiheit beim Wandern.<\/p>\n<p>Dank des elastischen Bunds mit verstellbarem Kordelzug bleibt die Hose in jeder Situation sicher. Das leichte, atmungsaktive Material verhindert eine \u00dcberhitzung, auch wenn Sie stundenlang in der Sonne laufen. Verst\u00e4rkungen an den Knien sind extrem widerstandsf\u00e4hig gegen Risse und Sch\u00fcrfwunden und verhindern Abnutzung, wenn Sie mit Steinen in Ber\u00fchrung kommen, w\u00e4hrend das 2-Wege-Stretchmaterial Sie im Sommer k\u00fchl h\u00e4lt und Ihnen maximalen Komfort bietet.<\/p>\n<p>Ausgestattet mit Rei\u00dfverschlusstaschen auf der Vorderseite, in denen Sie wichtige Dinge wie Ihr Telefon oder Ihre Schl\u00fcssel sicher verstauen k\u00f6nnen.<\/p>\n<p style=\"text-align: center;\"><strong>Die Domino Damenhose ist bequem und strapazierf\u00e4hig: der ideale Begleiter f\u00fcr Ihre Sommerspazierg\u00e4nge. <\/strong><\/p>\n<p><strong>Eigenschaften:<\/strong><\/p>\n<ul class=\"tw-list-disc\">\n<li class=\"tw-text-xs\">Lange Hose f\u00fcr Frauen<\/li>\n<li class=\"tw-text-xs\">Stretch-Nylon-Gewebe<\/li>\n<li class=\"tw-text-xs\">Kniescheibe aus rei\u00df- und abriebfestem Stretch-Nylongewebe<\/li>\n<li class=\"tw-text-xs\">Elastischer Bund mit Kordelzug und Klappe<\/li>\n<li class=\"tw-text-xs\">Eingrifftaschen mit Rei\u00dfverschluss<\/li>\n<li class=\"tw-text-xs\">Boden mit Verstellung<\/li>\n<li class=\"tw-text-xs\">Ideales Kleidungsst\u00fcck f\u00fcr verschiedene Outdoor-Aktivit\u00e4ten<\/li>\n<li>Gewicht: 220,0 g<\/li>\n<\/ul>\n<\/div>\n<p>&nbsp;<\/p>\n<div class=\"product-attribute product-attribute-featured-materials\">\n<div id=\"materials\" class=\"data item content\" role=\"tabpanel\" aria-hidden=\"false\" aria-labelledby=\"tab-label-materials\" data-role=\"content\">\n<div class=\"product-materials-content\">\n<div class=\"texture-content secondary-texture\">\n<div class=\"content\">\n<div class=\"texture-text\">\n<div id=\"laundry\" class=\"data item content\" role=\"tabpanel\" aria-hidden=\"false\" aria-labelledby=\"tab-label-laundry\" data-role=\"content\">\n<div class=\"laundry-content\">\n<div class=\"laundry-sides-texture\">\n<div class=\"content__image-wrapper tw-w-fit\">\n<div><\/div>\n<div class=\"content__image tw-relative tw-w-[5rem]\"><img loading=\"lazy\" decoding=\"async\" class=\"tw-absolute tw-top-0 tw-left-0 tw-w-full tw-h-full\" src=\"https:\/\/www.montura.com\/cdn\/shop\/files\/004_Breathable_Black.svg?v=1709125473&amp;width=200\" srcset=\"\/\/www.montura.com\/cdn\/shop\/files\/004_Breathable_Black.svg?v=1709125473&amp;width=200 200w\" alt=\"\" width=\"101\" height=\"101\" \/><\/div>\n<div>\n<h3 class=\"tw-text-s tw-pt-[1.2rem] tw-pb-[0.4rem] tw-font-medium\">Atmungsaktiv<\/h3>\n<p>Dank der atmungsaktiven Stoffe unterst\u00fctzt dieses Kleidungsst\u00fcck die nat\u00fcrliche Transpiration der Haut und h\u00e4lt den K\u00f6rper stets in optimaler Temperatur.<\/p>\n<\/div>\n<h2>Ideal f\u00fcr:<\/h2>\n<div class=\"content__image-wrapper tw-w-fit\">\n<div class=\"content__image tw-relative tw-w-[5rem]\"><img loading=\"lazy\" decoding=\"async\" class=\"tw-absolute tw-top-0 tw-left-0 tw-w-full tw-h-full\" src=\"https:\/\/www.montura.com\/cdn\/shop\/files\/017_TrekkingHiking_Black.svg?v=1709126467&amp;width=200\" srcset=\"\/\/www.montura.com\/cdn\/shop\/files\/017_TrekkingHiking_Black.svg?v=1709126467&amp;width=200 200w\" alt=\"\" width=\"102\" height=\"102\" \/><\/div>\n<div class=\"content__image tw-relative tw-w-[5rem]\"><strong>Trekking \/ Wandern<\/strong><\/div>\n<\/div>\n<\/div>\n<\/div>\n<\/div>\n<\/div>\n<\/div>\n<\/div>\n<\/div>\n<\/div>\n<\/div>\n<\/div>\n<\/div>\n","protected":false},"excerpt":{"rendered":"<ul>\n<li>Perfekte Hose f\u00fcr Bergwanderungen im Sommer<\/li>\n<li>Atmungsaktives, leichtes Material, damit Sie nicht \u00fcberhitzen.<\/li>\n<\/ul>\n","protected":false},"featured_media":167248,"template":"","meta":{"_acf_changed":false,"inline_featured_image":false},"product_brand":[],"product_cat":[6400,6401,6487],"product_tag":[3379,6254],"class_list":{"0":"post-166592","1":"product","2":"type-product","3":"status-publish","4":"has-post-thumbnail","6":"product_cat-damen","7":"product_cat-damenbekleidung","8":"product_cat-damenhosen","9":"product_tag-montura-de","10":"product_tag-montura-damen-de","11":"pa_attivita-gehen","12":"pa_attivita-outdoor-de","13":"pa_colore-domino-trekking-pants-w-nero-care-blue-de","14":"pa_marca-montura-de","15":"pa_sesso-damen","16":"pa_size-medium-de","18":"first","19":"instock","20":"sale","21":"taxable","22":"shipping-taxable","23":"purchasable","24":"product-type-variable","25":"wvs-archive-product-wrapper"},"acf":[],"yoast_head":"<!-- This site is optimized with the Yoast SEO plugin v26.8 - https:\/\/yoast.com\/product\/yoast-seo-wordpress\/ -->\n<title>Montura Domino Trekking Pants damen - Lange Hosen - MioMioRun<\/title>\n<meta name=\"description\" content=\"Damen Ski Style 2 Pants ist eine lange Hose aus 4-Wege-Stretch DWR-Nylongewebe, teilweise gef\u00fcttert mit Jersey.\" \/>\n<meta name=\"robots\" content=\"index, follow, max-snippet:-1, max-image-preview:large, max-video-preview:-1\" \/>\n<link rel=\"canonical\" href=\"https:\/\/www.miomiorun.com\/de\/produkt\/domino-trekking-pants-damen\/\" \/>\n<meta property=\"og:locale\" content=\"de_DE\" \/>\n<meta property=\"og:type\" content=\"article\" \/>\n<meta property=\"og:title\" content=\"Montura Domino Trekking Pants damen - Lange Hosen - MioMioRun\" \/>\n<meta property=\"og:description\" content=\"Damen Ski Style 2 Pants ist eine lange Hose aus 4-Wege-Stretch DWR-Nylongewebe, teilweise gef\u00fcttert mit Jersey.\" \/>\n<meta property=\"og:url\" content=\"https:\/\/www.miomiorun.com\/de\/produkt\/domino-trekking-pants-damen\/\" \/>\n<meta property=\"og:site_name\" content=\"MioMioRun\" \/>\n<meta property=\"article:publisher\" content=\"https:\/\/www.facebook.com\/miomiorun\/\" \/>\n<meta property=\"article:modified_time\" content=\"2025-02-14T16:20:51+00:00\" \/>\n<meta property=\"og:image\" content=\"https:\/\/www.miomiorun.com\/app\/uploads\/2024\/04\/Montura-Domino-trekking-pants-W-nero-care-blue-MPLA62W-9028.webp\" \/>\n\t<meta property=\"og:image:width\" content=\"600\" \/>\n\t<meta property=\"og:image:height\" content=\"600\" \/>\n\t<meta property=\"og:image:type\" content=\"image\/webp\" \/>\n<meta name=\"twitter:card\" content=\"summary_large_image\" \/>\n<meta name=\"twitter:label1\" content=\"Est. reading time\" \/>\n\t<meta name=\"twitter:data1\" content=\"2 minutes\" \/>\n<script type=\"application\/ld+json\" class=\"yoast-schema-graph\">{\"@context\":\"https:\/\/schema.org\",\"@graph\":[{\"@type\":\"WebPage\",\"@id\":\"https:\/\/www.miomiorun.com\/de\/produkt\/domino-trekking-pants-damen\/\",\"url\":\"https:\/\/www.miomiorun.com\/de\/produkt\/domino-trekking-pants-damen\/\",\"name\":\"Montura Domino Trekking Pants damen - Lange Hosen - MioMioRun\",\"isPartOf\":{\"@id\":\"https:\/\/www.miomiorun.com\/de\/#website\"},\"primaryImageOfPage\":{\"@id\":\"https:\/\/www.miomiorun.com\/de\/produkt\/domino-trekking-pants-damen\/#primaryimage\"},\"image\":{\"@id\":\"https:\/\/www.miomiorun.com\/de\/produkt\/domino-trekking-pants-damen\/#primaryimage\"},\"thumbnailUrl\":\"https:\/\/www.miomiorun.com\/app\/uploads\/2024\/04\/Montura-Domino-trekking-pants-W-nero-care-blue-MPLA62W-9028.webp\",\"datePublished\":\"2024-04-17T16:08:19+00:00\",\"dateModified\":\"2025-02-14T16:20:51+00:00\",\"description\":\"Damen Ski Style 2 Pants ist eine lange Hose aus 4-Wege-Stretch DWR-Nylongewebe, teilweise gef\u00fcttert mit Jersey.\",\"breadcrumb\":{\"@id\":\"https:\/\/www.miomiorun.com\/de\/produkt\/domino-trekking-pants-damen\/#breadcrumb\"},\"inLanguage\":\"de-DE\",\"potentialAction\":[{\"@type\":\"ReadAction\",\"target\":[\"https:\/\/www.miomiorun.com\/de\/produkt\/domino-trekking-pants-damen\/\"]}]},{\"@type\":\"ImageObject\",\"inLanguage\":\"de-DE\",\"@id\":\"https:\/\/www.miomiorun.com\/de\/produkt\/domino-trekking-pants-damen\/#primaryimage\",\"url\":\"https:\/\/www.miomiorun.com\/app\/uploads\/2024\/04\/Montura-Domino-trekking-pants-W-nero-care-blue-MPLA62W-9028.webp\",\"contentUrl\":\"https:\/\/www.miomiorun.com\/app\/uploads\/2024\/04\/Montura-Domino-trekking-pants-W-nero-care-blue-MPLA62W-9028.webp\",\"width\":600,\"height\":600,\"caption\":\"Montura Domino trekking pants W nero care blue MPLA62W 9028\"},{\"@type\":\"BreadcrumbList\",\"@id\":\"https:\/\/www.miomiorun.com\/de\/produkt\/domino-trekking-pants-damen\/#breadcrumb\",\"itemListElement\":[{\"@type\":\"ListItem\",\"position\":1,\"name\":\"Home\",\"item\":\"https:\/\/www.miomiorun.com\/de\/\"},{\"@type\":\"ListItem\",\"position\":2,\"name\":\"Shop\",\"item\":\"https:\/\/www.miomiorun.com\/shop\/\"},{\"@type\":\"ListItem\",\"position\":3,\"name\":\"Domino Trekking Pants damen\"}]},{\"@type\":\"WebSite\",\"@id\":\"https:\/\/www.miomiorun.com\/de\/#website\",\"url\":\"https:\/\/www.miomiorun.com\/de\/\",\"name\":\"MioMioRun\",\"description\":\"100% Lauf- und Trailshop\",\"publisher\":{\"@id\":\"https:\/\/www.miomiorun.com\/de\/#organization\"},\"potentialAction\":[{\"@type\":\"SearchAction\",\"target\":{\"@type\":\"EntryPoint\",\"urlTemplate\":\"https:\/\/www.miomiorun.com\/de\/?s={search_term_string}\"},\"query-input\":{\"@type\":\"PropertyValueSpecification\",\"valueRequired\":true,\"valueName\":\"search_term_string\"}}],\"inLanguage\":\"de-DE\"},{\"@type\":\"Organization\",\"@id\":\"https:\/\/www.miomiorun.com\/de\/#organization\",\"name\":\"MioMio Run\",\"url\":\"https:\/\/www.miomiorun.com\/de\/\",\"logo\":{\"@type\":\"ImageObject\",\"inLanguage\":\"de-DE\",\"@id\":\"https:\/\/www.miomiorun.com\/de\/#\/schema\/logo\/image\/\",\"url\":\"https:\/\/www.miomiorun.com\/app\/uploads\/2019\/12\/logomio.png\",\"contentUrl\":\"https:\/\/www.miomiorun.com\/app\/uploads\/2019\/12\/logomio.png\",\"width\":115,\"height\":82,\"caption\":\"MioMio Run\"},\"image\":{\"@id\":\"https:\/\/www.miomiorun.com\/de\/#\/schema\/logo\/image\/\"},\"sameAs\":[\"https:\/\/www.facebook.com\/miomiorun\/\",\"https:\/\/www.instagram.com\/miomiorun\/\"]}]}<\/script>\n<!-- \/ Yoast SEO plugin. -->","yoast_head_json":{"title":"Montura Domino Trekking Pants damen - Lange Hosen - MioMioRun","description":"Damen Ski Style 2 Pants ist eine lange Hose aus 4-Wege-Stretch DWR-Nylongewebe, teilweise gef\u00fcttert mit Jersey.","robots":{"index":"index","follow":"follow","max-snippet":"max-snippet:-1","max-image-preview":"max-image-preview:large","max-video-preview":"max-video-preview:-1"},"canonical":"https:\/\/www.miomiorun.com\/de\/produkt\/domino-trekking-pants-damen\/","og_locale":"de_DE","og_type":"article","og_title":"Montura Domino Trekking Pants damen - Lange Hosen - MioMioRun","og_description":"Damen Ski Style 2 Pants ist eine lange Hose aus 4-Wege-Stretch DWR-Nylongewebe, teilweise gef\u00fcttert mit Jersey.","og_url":"https:\/\/www.miomiorun.com\/de\/produkt\/domino-trekking-pants-damen\/","og_site_name":"MioMioRun","article_publisher":"https:\/\/www.facebook.com\/miomiorun\/","article_modified_time":"2025-02-14T16:20:51+00:00","og_image":[{"width":600,"height":600,"url":"https:\/\/www.miomiorun.com\/app\/uploads\/2024\/04\/Montura-Domino-trekking-pants-W-nero-care-blue-MPLA62W-9028.webp","type":"image\/webp"}],"twitter_card":"summary_large_image","twitter_misc":{"Est. reading time":"2 minutes"},"schema":{"@context":"https:\/\/schema.org","@graph":[{"@type":"WebPage","@id":"https:\/\/www.miomiorun.com\/de\/produkt\/domino-trekking-pants-damen\/","url":"https:\/\/www.miomiorun.com\/de\/produkt\/domino-trekking-pants-damen\/","name":"Montura Domino Trekking Pants damen - Lange Hosen - MioMioRun","isPartOf":{"@id":"https:\/\/www.miomiorun.com\/de\/#website"},"primaryImageOfPage":{"@id":"https:\/\/www.miomiorun.com\/de\/produkt\/domino-trekking-pants-damen\/#primaryimage"},"image":{"@id":"https:\/\/www.miomiorun.com\/de\/produkt\/domino-trekking-pants-damen\/#primaryimage"},"thumbnailUrl":"https:\/\/www.miomiorun.com\/app\/uploads\/2024\/04\/Montura-Domino-trekking-pants-W-nero-care-blue-MPLA62W-9028.webp","datePublished":"2024-04-17T16:08:19+00:00","dateModified":"2025-02-14T16:20:51+00:00","description":"Damen Ski Style 2 Pants ist eine lange Hose aus 4-Wege-Stretch DWR-Nylongewebe, teilweise gef\u00fcttert mit Jersey.","breadcrumb":{"@id":"https:\/\/www.miomiorun.com\/de\/produkt\/domino-trekking-pants-damen\/#breadcrumb"},"inLanguage":"de-DE","potentialAction":[{"@type":"ReadAction","target":["https:\/\/www.miomiorun.com\/de\/produkt\/domino-trekking-pants-damen\/"]}]},{"@type":"ImageObject","inLanguage":"de-DE","@id":"https:\/\/www.miomiorun.com\/de\/produkt\/domino-trekking-pants-damen\/#primaryimage","url":"https:\/\/www.miomiorun.com\/app\/uploads\/2024\/04\/Montura-Domino-trekking-pants-W-nero-care-blue-MPLA62W-9028.webp","contentUrl":"https:\/\/www.miomiorun.com\/app\/uploads\/2024\/04\/Montura-Domino-trekking-pants-W-nero-care-blue-MPLA62W-9028.webp","width":600,"height":600,"caption":"Montura Domino trekking pants W nero care blue MPLA62W 9028"},{"@type":"BreadcrumbList","@id":"https:\/\/www.miomiorun.com\/de\/produkt\/domino-trekking-pants-damen\/#breadcrumb","itemListElement":[{"@type":"ListItem","position":1,"name":"Home","item":"https:\/\/www.miomiorun.com\/de\/"},{"@type":"ListItem","position":2,"name":"Shop","item":"https:\/\/www.miomiorun.com\/shop\/"},{"@type":"ListItem","position":3,"name":"Domino Trekking Pants damen"}]},{"@type":"WebSite","@id":"https:\/\/www.miomiorun.com\/de\/#website","url":"https:\/\/www.miomiorun.com\/de\/","name":"MioMioRun","description":"100% Lauf- und Trailshop","publisher":{"@id":"https:\/\/www.miomiorun.com\/de\/#organization"},"potentialAction":[{"@type":"SearchAction","target":{"@type":"EntryPoint","urlTemplate":"https:\/\/www.miomiorun.com\/de\/?s={search_term_string}"},"query-input":{"@type":"PropertyValueSpecification","valueRequired":true,"valueName":"search_term_string"}}],"inLanguage":"de-DE"},{"@type":"Organization","@id":"https:\/\/www.miomiorun.com\/de\/#organization","name":"MioMio Run","url":"https:\/\/www.miomiorun.com\/de\/","logo":{"@type":"ImageObject","inLanguage":"de-DE","@id":"https:\/\/www.miomiorun.com\/de\/#\/schema\/logo\/image\/","url":"https:\/\/www.miomiorun.com\/app\/uploads\/2019\/12\/logomio.png","contentUrl":"https:\/\/www.miomiorun.com\/app\/uploads\/2019\/12\/logomio.png","width":115,"height":82,"caption":"MioMio Run"},"image":{"@id":"https:\/\/www.miomiorun.com\/de\/#\/schema\/logo\/image\/"},"sameAs":["https:\/\/www.facebook.com\/miomiorun\/","https:\/\/www.instagram.com\/miomiorun\/"]}]}},"_links":{"self":[{"href":"https:\/\/www.miomiorun.com\/de\/wp-json\/wp\/v2\/product\/166592","targetHints":{"allow":["GET"]}}],"collection":[{"href":"https:\/\/www.miomiorun.com\/de\/wp-json\/wp\/v2\/product"}],"about":[{"href":"https:\/\/www.miomiorun.com\/de\/wp-json\/wp\/v2\/types\/product"}],"wp:featuredmedia":[{"embeddable":true,"href":"https:\/\/www.miomiorun.com\/de\/wp-json\/wp\/v2\/media\/167248"}],"wp:attachment":[{"href":"https:\/\/www.miomiorun.com\/de\/wp-json\/wp\/v2\/media?parent=166592"}],"wp:term":[{"taxonomy":"product_brand","embeddable":true,"href":"https:\/\/www.miomiorun.com\/de\/wp-json\/wp\/v2\/product_brand?post=166592"},{"taxonomy":"product_cat","embeddable":true,"href":"https:\/\/www.miomiorun.com\/de\/wp-json\/wp\/v2\/product_cat?post=166592"},{"taxonomy":"product_tag","embeddable":true,"href":"https:\/\/www.miomiorun.com\/de\/wp-json\/wp\/v2\/product_tag?post=166592"}],"curies":[{"name":"wp","href":"https:\/\/api.w.org\/{rel}","templated":true}]}}