{"id":166570,"date":"2024-04-17T17:34:27","date_gmt":"2024-04-17T15:34:27","guid":{"rendered":"https:\/\/miomiorun.com\/?post_type=product&#038;p=166570"},"modified":"2026-04-06T20:50:12","modified_gmt":"2026-04-06T18:50:12","slug":"timeless-jersey-damen","status":"publish","type":"product","link":"https:\/\/www.miomiorun.com\/de\/produkt\/timeless-jersey-damen\/","title":{"rendered":"Timeless Jersey damen"},"content":{"rendered":"<div class=\"product-attribute product-attribute-passion\">\n<div class=\"product-attribute product-attribute-passion\">\n<p><strong>Damen-Sweatshirt Timeless<\/strong>: Schutz, Leichtigkeit und Atmungsaktivit\u00e4t f\u00fcr das Klettern im Sommer bei maximalem Komfort.<\/p>\n<p>Dieses technische Kapuzenshirt aus hochverdichtetem Deltapeak\u2122-Recyclingmaterial ist atmungsaktiv, leicht und rei\u00dffest.<\/p>\n<p>Das Material bietet UV-Schutz und ist somit perfekt f\u00fcr lange Touren oder Bergsteigen in der Sonne. Der bequeme zentrale Rei\u00dfverschluss sorgt f\u00fcr Abk\u00fchlung, wenn die Temperatur steigt, w\u00e4hrend der elastische Brustsaum jederzeit f\u00fcr einen perfekten Sitz sorgt. Die seitlichen Eingrifftaschen sind bequem und vielseitig.<\/p>\n<p style=\"text-align: center;\"><strong>Mit dem Timeless-Sweatshirt f\u00fcr Frauen k\u00f6nnen Sie sicher und bequem klettern oder wandern.<\/strong><\/p>\n<h3><strong>Eigenschaften:<\/strong><\/h3>\n<ul class=\"tw-list-disc\">\n<li class=\"tw-text-xs\">Offenes Trikot f\u00fcr Frauen mit Kapuze<\/li>\n<li class=\"tw-text-xs\">Deltapeak\u2122-Gewebe mit hochverdichteter Struktur, hervorragenden schnelltrocknenden Eigenschaften und UV-Schutz<\/li>\n<li class=\"tw-text-xs\">Vorderseite in der Mitte mit Rei\u00dfverschluss, offene Handtaschen<\/li>\n<li class=\"tw-text-xs\">Saum mit elastischem Abschluss<\/li>\n<li class=\"tw-text-xs\">Ideales Kleidungsst\u00fcck zum Klettern und f\u00fcr verschiedene Outdoor-Aktivit\u00e4ten<\/li>\n<li>Gewicht:230.0 g<\/li>\n<\/ul>\n<div class=\"content__image-wrapper tw-w-fit\">\n<div><\/div>\n<div><\/div>\n<div><\/div>\n<div class=\"content__image tw-relative tw-w-[5rem]\"><img loading=\"lazy\" decoding=\"async\" class=\"tw-absolute tw-top-0 tw-left-0 tw-w-full tw-h-full\" src=\"https:\/\/www.montura.com\/cdn\/shop\/files\/004_Breathable_Black.svg?v=1709125473&amp;width=200\" srcset=\"\/\/www.montura.com\/cdn\/shop\/files\/004_Breathable_Black.svg?v=1709125473&amp;width=200 200w\" alt=\"\" width=\"103\" height=\"103\" \/><\/div>\n<div>\n<h3 class=\"tw-text-s tw-pt-[1.2rem] tw-pb-[0.4rem] tw-font-medium\">Atmungsaktiv<\/h3>\n<p>Dank der atmungsaktiven Stoffe unterst\u00fctzt dieses Kleidungsst\u00fcck die nat\u00fcrliche Transpiration der Haut und h\u00e4lt den K\u00f6rper stets in optimaler Temperatur.<\/p>\n<h3>Ideal f\u00fcr:<\/h3>\n<\/div>\n<p>&nbsp;<\/p>\n<div>\n<div class=\"content__image-wrapper tw-w-fit\">\n<div class=\"content__image tw-relative tw-w-[5rem]\"><img loading=\"lazy\" decoding=\"async\" class=\"tw-absolute tw-top-0 tw-left-0 tw-w-full tw-h-full\" src=\"https:\/\/www.montura.com\/cdn\/shop\/files\/015_Everyday_Black.svg?v=1709126253&amp;width=200\" srcset=\"\/\/www.montura.com\/cdn\/shop\/files\/015_Everyday_Black.svg?v=1709126253&amp;width=200 200w\" alt=\"\" width=\"93\" height=\"93\" \/><strong>Allt\u00e4gliches<\/strong><\/div>\n<\/div>\n<\/div>\n<\/div>\n<\/div>\n<div><\/div>\n<div><\/div>\n<div>\n<div class=\"content__image-wrapper tw-w-fit\">\n<div class=\"content__image tw-relative tw-w-[5rem]\"><img loading=\"lazy\" decoding=\"async\" class=\"tw-absolute tw-top-0 tw-left-0 tw-w-full tw-h-full\" src=\"https:\/\/www.montura.com\/cdn\/shop\/files\/019_Climbing_Black.svg?v=1709126445&amp;width=200\" srcset=\"\/\/www.montura.com\/cdn\/shop\/files\/019_Climbing_Black.svg?v=1709126445&amp;width=200 200w\" alt=\"\" width=\"72\" height=\"95\" \/> <strong>Klettern<\/strong><\/div>\n<\/div>\n<\/div>\n<\/div>\n","protected":false},"excerpt":{"rendered":"<ul>\n<li>Leichtes und atmungsaktives Sweatshirt<\/li>\n<li>Ideal f\u00fcr Outdoor-Aktivit\u00e4ten<\/li>\n<\/ul>\n","protected":false},"featured_media":265211,"template":"","meta":{"_acf_changed":false,"inline_featured_image":false},"product_brand":[],"product_cat":[6400,6401,6486],"product_tag":[3379,6254],"class_list":{"0":"post-166570","1":"product","2":"type-product","3":"status-publish","4":"has-post-thumbnail","6":"product_cat-damen","7":"product_cat-damenbekleidung","8":"product_cat-damenlangarmshirts","9":"product_tag-montura-de","10":"product_tag-montura-damen-de","11":"pa_attivita-fitness-de","12":"pa_attivita-gehen","13":"pa_attivita-lifestyle-de","14":"pa_attivita-outdoor-de","15":"pa_colore-timeless-maglia-w-care-blue-de","16":"pa_colore-timeless-maglia-w-verde-salvia-de","17":"pa_marca-montura-de","18":"pa_sesso-damen","19":"pa_size-medium-de","20":"pa_size-large-de","22":"first","23":"instock","24":"sale","25":"taxable","26":"shipping-taxable","27":"purchasable","28":"product-type-variable","29":"wvs-archive-product-wrapper"},"acf":[],"yoast_head":"<!-- This site is optimized with the Yoast SEO plugin v26.8 - https:\/\/yoast.com\/product\/yoast-seo-wordpress\/ -->\n<title>Montura Timeless Jersey damen - Winter-Trikot - MioMioRun<\/title>\n<meta name=\"description\" content=\"Damen-Sweatshirt Timeless: Schutz, Leichtigkeit und Atmungsaktivit\u00e4t f\u00fcr sommerliches Klettern mit maximalem Komfort, hergestellt aus recyceltem Deltapeak\" \/>\n<meta name=\"robots\" content=\"index, follow, max-snippet:-1, max-image-preview:large, max-video-preview:-1\" \/>\n<link rel=\"canonical\" href=\"https:\/\/www.miomiorun.com\/de\/produkt\/timeless-jersey-damen\/\" \/>\n<meta property=\"og:locale\" content=\"de_DE\" \/>\n<meta property=\"og:type\" content=\"article\" \/>\n<meta property=\"og:title\" content=\"Montura Timeless Jersey damen - Winter-Trikot - MioMioRun\" \/>\n<meta property=\"og:description\" content=\"Damen-Sweatshirt Timeless: Schutz, Leichtigkeit und Atmungsaktivit\u00e4t f\u00fcr sommerliches Klettern mit maximalem Komfort, hergestellt aus recyceltem Deltapeak\" \/>\n<meta property=\"og:url\" content=\"https:\/\/www.miomiorun.com\/de\/produkt\/timeless-jersey-damen\/\" \/>\n<meta property=\"og:site_name\" content=\"MioMioRun\" \/>\n<meta property=\"article:publisher\" content=\"https:\/\/www.facebook.com\/miomiorun\/\" \/>\n<meta property=\"article:modified_time\" content=\"2026-04-06T18:50:12+00:00\" \/>\n<meta property=\"og:image\" content=\"https:\/\/www.miomiorun.com\/app\/uploads\/2025\/03\/montura-TImeless-maglia-W-vinaccia-MMAP61W.14.webp\" \/>\n\t<meta property=\"og:image:width\" content=\"600\" \/>\n\t<meta property=\"og:image:height\" content=\"600\" \/>\n\t<meta property=\"og:image:type\" content=\"image\/webp\" \/>\n<meta name=\"twitter:card\" content=\"summary_large_image\" \/>\n<meta name=\"twitter:label1\" content=\"Est. reading time\" \/>\n\t<meta name=\"twitter:data1\" content=\"1 minute\" \/>\n<script type=\"application\/ld+json\" class=\"yoast-schema-graph\">{\"@context\":\"https:\/\/schema.org\",\"@graph\":[{\"@type\":\"WebPage\",\"@id\":\"https:\/\/www.miomiorun.com\/de\/produkt\/timeless-jersey-damen\/\",\"url\":\"https:\/\/www.miomiorun.com\/de\/produkt\/timeless-jersey-damen\/\",\"name\":\"Montura Timeless Jersey damen - Winter-Trikot - MioMioRun\",\"isPartOf\":{\"@id\":\"https:\/\/www.miomiorun.com\/de\/#website\"},\"primaryImageOfPage\":{\"@id\":\"https:\/\/www.miomiorun.com\/de\/produkt\/timeless-jersey-damen\/#primaryimage\"},\"image\":{\"@id\":\"https:\/\/www.miomiorun.com\/de\/produkt\/timeless-jersey-damen\/#primaryimage\"},\"thumbnailUrl\":\"https:\/\/www.miomiorun.com\/app\/uploads\/2025\/03\/montura-TImeless-maglia-W-vinaccia-MMAP61W.14.webp\",\"datePublished\":\"2024-04-17T15:34:27+00:00\",\"dateModified\":\"2026-04-06T18:50:12+00:00\",\"description\":\"Damen-Sweatshirt Timeless: Schutz, Leichtigkeit und Atmungsaktivit\u00e4t f\u00fcr sommerliches Klettern mit maximalem Komfort, hergestellt aus recyceltem Deltapeak\",\"breadcrumb\":{\"@id\":\"https:\/\/www.miomiorun.com\/de\/produkt\/timeless-jersey-damen\/#breadcrumb\"},\"inLanguage\":\"de-DE\",\"potentialAction\":[{\"@type\":\"ReadAction\",\"target\":[\"https:\/\/www.miomiorun.com\/de\/produkt\/timeless-jersey-damen\/\"]}]},{\"@type\":\"ImageObject\",\"inLanguage\":\"de-DE\",\"@id\":\"https:\/\/www.miomiorun.com\/de\/produkt\/timeless-jersey-damen\/#primaryimage\",\"url\":\"https:\/\/www.miomiorun.com\/app\/uploads\/2025\/03\/montura-TImeless-maglia-W-vinaccia-MMAP61W.14.webp\",\"contentUrl\":\"https:\/\/www.miomiorun.com\/app\/uploads\/2025\/03\/montura-TImeless-maglia-W-vinaccia-MMAP61W.14.webp\",\"width\":600,\"height\":600,\"caption\":\"montura TImeless maglia W vinaccia MMAP61W.14\"},{\"@type\":\"BreadcrumbList\",\"@id\":\"https:\/\/www.miomiorun.com\/de\/produkt\/timeless-jersey-damen\/#breadcrumb\",\"itemListElement\":[{\"@type\":\"ListItem\",\"position\":1,\"name\":\"Home\",\"item\":\"https:\/\/www.miomiorun.com\/de\/\"},{\"@type\":\"ListItem\",\"position\":2,\"name\":\"Shop\",\"item\":\"https:\/\/www.miomiorun.com\/shop\/\"},{\"@type\":\"ListItem\",\"position\":3,\"name\":\"Timeless Jersey damen\"}]},{\"@type\":\"WebSite\",\"@id\":\"https:\/\/www.miomiorun.com\/de\/#website\",\"url\":\"https:\/\/www.miomiorun.com\/de\/\",\"name\":\"MioMioRun\",\"description\":\"100% Lauf- und Trailshop\",\"publisher\":{\"@id\":\"https:\/\/www.miomiorun.com\/de\/#organization\"},\"potentialAction\":[{\"@type\":\"SearchAction\",\"target\":{\"@type\":\"EntryPoint\",\"urlTemplate\":\"https:\/\/www.miomiorun.com\/de\/?s={search_term_string}\"},\"query-input\":{\"@type\":\"PropertyValueSpecification\",\"valueRequired\":true,\"valueName\":\"search_term_string\"}}],\"inLanguage\":\"de-DE\"},{\"@type\":\"Organization\",\"@id\":\"https:\/\/www.miomiorun.com\/de\/#organization\",\"name\":\"MioMio Run\",\"url\":\"https:\/\/www.miomiorun.com\/de\/\",\"logo\":{\"@type\":\"ImageObject\",\"inLanguage\":\"de-DE\",\"@id\":\"https:\/\/www.miomiorun.com\/de\/#\/schema\/logo\/image\/\",\"url\":\"https:\/\/www.miomiorun.com\/app\/uploads\/2019\/12\/logomio.png\",\"contentUrl\":\"https:\/\/www.miomiorun.com\/app\/uploads\/2019\/12\/logomio.png\",\"width\":115,\"height\":82,\"caption\":\"MioMio Run\"},\"image\":{\"@id\":\"https:\/\/www.miomiorun.com\/de\/#\/schema\/logo\/image\/\"},\"sameAs\":[\"https:\/\/www.facebook.com\/miomiorun\/\",\"https:\/\/www.instagram.com\/miomiorun\/\"]}]}<\/script>\n<!-- \/ Yoast SEO plugin. -->","yoast_head_json":{"title":"Montura Timeless Jersey damen - Winter-Trikot - MioMioRun","description":"Damen-Sweatshirt Timeless: Schutz, Leichtigkeit und Atmungsaktivit\u00e4t f\u00fcr sommerliches Klettern mit maximalem Komfort, hergestellt aus recyceltem Deltapeak","robots":{"index":"index","follow":"follow","max-snippet":"max-snippet:-1","max-image-preview":"max-image-preview:large","max-video-preview":"max-video-preview:-1"},"canonical":"https:\/\/www.miomiorun.com\/de\/produkt\/timeless-jersey-damen\/","og_locale":"de_DE","og_type":"article","og_title":"Montura Timeless Jersey damen - Winter-Trikot - MioMioRun","og_description":"Damen-Sweatshirt Timeless: Schutz, Leichtigkeit und Atmungsaktivit\u00e4t f\u00fcr sommerliches Klettern mit maximalem Komfort, hergestellt aus recyceltem Deltapeak","og_url":"https:\/\/www.miomiorun.com\/de\/produkt\/timeless-jersey-damen\/","og_site_name":"MioMioRun","article_publisher":"https:\/\/www.facebook.com\/miomiorun\/","article_modified_time":"2026-04-06T18:50:12+00:00","og_image":[{"width":600,"height":600,"url":"https:\/\/www.miomiorun.com\/app\/uploads\/2025\/03\/montura-TImeless-maglia-W-vinaccia-MMAP61W.14.webp","type":"image\/webp"}],"twitter_card":"summary_large_image","twitter_misc":{"Est. reading time":"1 minute"},"schema":{"@context":"https:\/\/schema.org","@graph":[{"@type":"WebPage","@id":"https:\/\/www.miomiorun.com\/de\/produkt\/timeless-jersey-damen\/","url":"https:\/\/www.miomiorun.com\/de\/produkt\/timeless-jersey-damen\/","name":"Montura Timeless Jersey damen - Winter-Trikot - MioMioRun","isPartOf":{"@id":"https:\/\/www.miomiorun.com\/de\/#website"},"primaryImageOfPage":{"@id":"https:\/\/www.miomiorun.com\/de\/produkt\/timeless-jersey-damen\/#primaryimage"},"image":{"@id":"https:\/\/www.miomiorun.com\/de\/produkt\/timeless-jersey-damen\/#primaryimage"},"thumbnailUrl":"https:\/\/www.miomiorun.com\/app\/uploads\/2025\/03\/montura-TImeless-maglia-W-vinaccia-MMAP61W.14.webp","datePublished":"2024-04-17T15:34:27+00:00","dateModified":"2026-04-06T18:50:12+00:00","description":"Damen-Sweatshirt Timeless: Schutz, Leichtigkeit und Atmungsaktivit\u00e4t f\u00fcr sommerliches Klettern mit maximalem Komfort, hergestellt aus recyceltem Deltapeak","breadcrumb":{"@id":"https:\/\/www.miomiorun.com\/de\/produkt\/timeless-jersey-damen\/#breadcrumb"},"inLanguage":"de-DE","potentialAction":[{"@type":"ReadAction","target":["https:\/\/www.miomiorun.com\/de\/produkt\/timeless-jersey-damen\/"]}]},{"@type":"ImageObject","inLanguage":"de-DE","@id":"https:\/\/www.miomiorun.com\/de\/produkt\/timeless-jersey-damen\/#primaryimage","url":"https:\/\/www.miomiorun.com\/app\/uploads\/2025\/03\/montura-TImeless-maglia-W-vinaccia-MMAP61W.14.webp","contentUrl":"https:\/\/www.miomiorun.com\/app\/uploads\/2025\/03\/montura-TImeless-maglia-W-vinaccia-MMAP61W.14.webp","width":600,"height":600,"caption":"montura TImeless maglia W vinaccia MMAP61W.14"},{"@type":"BreadcrumbList","@id":"https:\/\/www.miomiorun.com\/de\/produkt\/timeless-jersey-damen\/#breadcrumb","itemListElement":[{"@type":"ListItem","position":1,"name":"Home","item":"https:\/\/www.miomiorun.com\/de\/"},{"@type":"ListItem","position":2,"name":"Shop","item":"https:\/\/www.miomiorun.com\/shop\/"},{"@type":"ListItem","position":3,"name":"Timeless Jersey damen"}]},{"@type":"WebSite","@id":"https:\/\/www.miomiorun.com\/de\/#website","url":"https:\/\/www.miomiorun.com\/de\/","name":"MioMioRun","description":"100% Lauf- und Trailshop","publisher":{"@id":"https:\/\/www.miomiorun.com\/de\/#organization"},"potentialAction":[{"@type":"SearchAction","target":{"@type":"EntryPoint","urlTemplate":"https:\/\/www.miomiorun.com\/de\/?s={search_term_string}"},"query-input":{"@type":"PropertyValueSpecification","valueRequired":true,"valueName":"search_term_string"}}],"inLanguage":"de-DE"},{"@type":"Organization","@id":"https:\/\/www.miomiorun.com\/de\/#organization","name":"MioMio Run","url":"https:\/\/www.miomiorun.com\/de\/","logo":{"@type":"ImageObject","inLanguage":"de-DE","@id":"https:\/\/www.miomiorun.com\/de\/#\/schema\/logo\/image\/","url":"https:\/\/www.miomiorun.com\/app\/uploads\/2019\/12\/logomio.png","contentUrl":"https:\/\/www.miomiorun.com\/app\/uploads\/2019\/12\/logomio.png","width":115,"height":82,"caption":"MioMio Run"},"image":{"@id":"https:\/\/www.miomiorun.com\/de\/#\/schema\/logo\/image\/"},"sameAs":["https:\/\/www.facebook.com\/miomiorun\/","https:\/\/www.instagram.com\/miomiorun\/"]}]}},"_links":{"self":[{"href":"https:\/\/www.miomiorun.com\/de\/wp-json\/wp\/v2\/product\/166570","targetHints":{"allow":["GET"]}}],"collection":[{"href":"https:\/\/www.miomiorun.com\/de\/wp-json\/wp\/v2\/product"}],"about":[{"href":"https:\/\/www.miomiorun.com\/de\/wp-json\/wp\/v2\/types\/product"}],"wp:featuredmedia":[{"embeddable":true,"href":"https:\/\/www.miomiorun.com\/de\/wp-json\/wp\/v2\/media\/265211"}],"wp:attachment":[{"href":"https:\/\/www.miomiorun.com\/de\/wp-json\/wp\/v2\/media?parent=166570"}],"wp:term":[{"taxonomy":"product_brand","embeddable":true,"href":"https:\/\/www.miomiorun.com\/de\/wp-json\/wp\/v2\/product_brand?post=166570"},{"taxonomy":"product_cat","embeddable":true,"href":"https:\/\/www.miomiorun.com\/de\/wp-json\/wp\/v2\/product_cat?post=166570"},{"taxonomy":"product_tag","embeddable":true,"href":"https:\/\/www.miomiorun.com\/de\/wp-json\/wp\/v2\/product_tag?post=166570"}],"curies":[{"name":"wp","href":"https:\/\/api.w.org\/{rel}","templated":true}]}}