{"id":166392,"date":"2024-04-16T15:18:07","date_gmt":"2024-04-16T13:18:07","guid":{"rendered":"https:\/\/miomiorun.com\/?post_type=product&#038;p=166392"},"modified":"2025-02-14T17:06:47","modified_gmt":"2025-02-14T16:06:47","slug":"adv-essence-capri-tights-2-damen","status":"publish","type":"product","link":"https:\/\/www.miomiorun.com\/de\/produkt\/adv-essence-capri-tights-2-damen\/","title":{"rendered":"Adv Essence Capri Tights 2 damen"},"content":{"rendered":"<p>Die <strong>ADV Essence Capri Tights 2<\/strong> f\u00fcr Damen ist eine hochfunktionelle 3\/4-lange Trainingsleggings aus weichem Jersey aus recyceltem Polyester und Elastan mit ausgezeichneter R\u00fcckstellkraft. Au\u00dferdem verf\u00fcgt die Tights \u00fcber einen breiten Bund mit verstellbarem Kordelzug f\u00fcr optimalen Sitz und Komfort bei intensiven Trainingseinheiten.<\/p>\n<p><strong>Eigenschaften:<\/strong><\/p>\n<ul>\n<li>Weicher Jerseystoff (pfirsichfarben) aus recyceltem Polyester und Elastan.<\/li>\n<li>Breiter Bund mit verstellbarem Kordelzug.<\/li>\n<li>Zwei gro\u00dfe Handy-Au\u00dfentaschen an den Beinen.<\/li>\n<li>Schl\u00fcsseltasche an der Innenseite der Taille.<\/li>\n<li>Mittlere Taille.<\/li>\n<\/ul>\n<p>&nbsp;<\/p>\n<p><strong>Feuchtigkeits-Transport<\/strong><\/p>\n<p>&nbsp;<\/p>\n<p><strong>Windschutz<\/strong><\/p>\n<p>&nbsp;<\/p>\n<p><strong>Material:<\/strong><\/p>\n<p class=\"css-8rgusf\">77% Polyester-recycelt 23% Elastan<\/p>\n<p class=\"css-8rgusf\"><strong>Maschinenw\u00e4sche bei 40 Grad.<\/strong><\/p>\n","protected":false},"excerpt":{"rendered":"<p>Die ADV Essence Capri Tights 2 f\u00fcr Damen ist eine hochfunktionelle 3\/4-lange Trainingsleggings aus weichem Jersey aus recyceltem Polyester und Elastan mit ausgezeichneter R\u00fcckstellkraft. Au\u00dferdem verf\u00fcgt die Tights \u00fcber einen breiten Bund mit verstellbarem Kordelzug f\u00fcr optimalen Sitz und Komfort bei intensiven Trainingseinheiten. Eigenschaften: Weicher Jerseystoff (pfirsichfarben) aus recyceltem Polyester und Elastan. Breiter Bund mit &hellip; <a href=\"https:\/\/www.miomiorun.com\/de\/produkt\/adv-essence-capri-tights-2-damen\/\">Continued<\/a><\/p>\n","protected":false},"featured_media":166505,"template":"","meta":{"_acf_changed":false,"inline_featured_image":false},"product_brand":[],"product_cat":[6400,6401,6488],"product_tag":[6304,6232],"class_list":{"0":"post-166392","1":"product","2":"type-product","3":"status-publish","4":"has-post-thumbnail","6":"product_cat-damen","7":"product_cat-damenbekleidung","8":"product_cat-damenshorts-de","9":"product_tag-craft-de","10":"product_tag-craft-damen-de","11":"pa_attivita-fitness-de","12":"pa_attivita-gehen","13":"pa_attivita-running-de","14":"pa_colore-adv-essence-capri-tights-2-w-black-de","15":"pa_marca-craft-de","16":"pa_sesso-damen","17":"pa_size-medium-de","18":"pa_size-large-de","20":"first","21":"instock","22":"sale","23":"taxable","24":"shipping-taxable","25":"purchasable","26":"product-type-variable","27":"wvs-archive-product-wrapper"},"acf":[],"yoast_head":"<!-- This site is optimized with the Yoast SEO plugin v26.8 - https:\/\/yoast.com\/product\/yoast-seo-wordpress\/ -->\n<title>Craft Adv Essence Capri Tights 2 damen -3\/4-lange Leggings - MioMioRun<\/title>\n<meta name=\"description\" content=\"Die ADV Essence Capri Tights 2 f\u00fcr Damen ist eine hochfunktionelle 3\/4-lange Trainingsleggings aus weichem, recyceltem Polyester-Jersey.\" \/>\n<meta name=\"robots\" content=\"index, follow, max-snippet:-1, max-image-preview:large, max-video-preview:-1\" \/>\n<link rel=\"canonical\" href=\"https:\/\/www.miomiorun.com\/de\/produkt\/adv-essence-capri-tights-2-damen\/\" \/>\n<meta property=\"og:locale\" content=\"de_DE\" \/>\n<meta property=\"og:type\" content=\"article\" \/>\n<meta property=\"og:title\" content=\"Craft Adv Essence Capri Tights 2 damen -3\/4-lange Leggings - MioMioRun\" \/>\n<meta property=\"og:description\" content=\"Die ADV Essence Capri Tights 2 f\u00fcr Damen ist eine hochfunktionelle 3\/4-lange Trainingsleggings aus weichem, recyceltem Polyester-Jersey.\" \/>\n<meta property=\"og:url\" content=\"https:\/\/www.miomiorun.com\/de\/produkt\/adv-essence-capri-tights-2-damen\/\" \/>\n<meta property=\"og:site_name\" content=\"MioMioRun\" \/>\n<meta property=\"article:publisher\" content=\"https:\/\/www.facebook.com\/miomiorun\/\" \/>\n<meta property=\"article:modified_time\" content=\"2025-02-14T16:06:47+00:00\" \/>\n<meta property=\"og:image\" content=\"https:\/\/www.miomiorun.com\/app\/uploads\/2024\/04\/craft-ADV-essence-capri-tights-2-W-black-1913209-999000.webp\" \/>\n\t<meta property=\"og:image:width\" content=\"600\" \/>\n\t<meta property=\"og:image:height\" content=\"600\" \/>\n\t<meta property=\"og:image:type\" content=\"image\/webp\" \/>\n<meta name=\"twitter:card\" content=\"summary_large_image\" \/>\n<meta name=\"twitter:label1\" content=\"Est. reading time\" \/>\n\t<meta name=\"twitter:data1\" content=\"2 minutes\" \/>\n<script type=\"application\/ld+json\" class=\"yoast-schema-graph\">{\"@context\":\"https:\/\/schema.org\",\"@graph\":[{\"@type\":\"WebPage\",\"@id\":\"https:\/\/www.miomiorun.com\/de\/produkt\/adv-essence-capri-tights-2-damen\/\",\"url\":\"https:\/\/www.miomiorun.com\/de\/produkt\/adv-essence-capri-tights-2-damen\/\",\"name\":\"Craft Adv Essence Capri Tights 2 damen -3\/4-lange Leggings - MioMioRun\",\"isPartOf\":{\"@id\":\"https:\/\/www.miomiorun.com\/de\/#website\"},\"primaryImageOfPage\":{\"@id\":\"https:\/\/www.miomiorun.com\/de\/produkt\/adv-essence-capri-tights-2-damen\/#primaryimage\"},\"image\":{\"@id\":\"https:\/\/www.miomiorun.com\/de\/produkt\/adv-essence-capri-tights-2-damen\/#primaryimage\"},\"thumbnailUrl\":\"https:\/\/www.miomiorun.com\/app\/uploads\/2024\/04\/craft-ADV-essence-capri-tights-2-W-black-1913209-999000.webp\",\"datePublished\":\"2024-04-16T13:18:07+00:00\",\"dateModified\":\"2025-02-14T16:06:47+00:00\",\"description\":\"Die ADV Essence Capri Tights 2 f\u00fcr Damen ist eine hochfunktionelle 3\/4-lange Trainingsleggings aus weichem, recyceltem Polyester-Jersey.\",\"breadcrumb\":{\"@id\":\"https:\/\/www.miomiorun.com\/de\/produkt\/adv-essence-capri-tights-2-damen\/#breadcrumb\"},\"inLanguage\":\"de-DE\",\"potentialAction\":[{\"@type\":\"ReadAction\",\"target\":[\"https:\/\/www.miomiorun.com\/de\/produkt\/adv-essence-capri-tights-2-damen\/\"]}]},{\"@type\":\"ImageObject\",\"inLanguage\":\"de-DE\",\"@id\":\"https:\/\/www.miomiorun.com\/de\/produkt\/adv-essence-capri-tights-2-damen\/#primaryimage\",\"url\":\"https:\/\/www.miomiorun.com\/app\/uploads\/2024\/04\/craft-ADV-essence-capri-tights-2-W-black-1913209-999000.webp\",\"contentUrl\":\"https:\/\/www.miomiorun.com\/app\/uploads\/2024\/04\/craft-ADV-essence-capri-tights-2-W-black-1913209-999000.webp\",\"width\":600,\"height\":600,\"caption\":\"craft ADV essence capri tights 2 W black 1913209-999000\"},{\"@type\":\"BreadcrumbList\",\"@id\":\"https:\/\/www.miomiorun.com\/de\/produkt\/adv-essence-capri-tights-2-damen\/#breadcrumb\",\"itemListElement\":[{\"@type\":\"ListItem\",\"position\":1,\"name\":\"Home\",\"item\":\"https:\/\/www.miomiorun.com\/de\/\"},{\"@type\":\"ListItem\",\"position\":2,\"name\":\"Shop\",\"item\":\"https:\/\/www.miomiorun.com\/shop\/\"},{\"@type\":\"ListItem\",\"position\":3,\"name\":\"Adv Essence Capri Tights 2 damen\"}]},{\"@type\":\"WebSite\",\"@id\":\"https:\/\/www.miomiorun.com\/de\/#website\",\"url\":\"https:\/\/www.miomiorun.com\/de\/\",\"name\":\"MioMioRun\",\"description\":\"100% Lauf- und Trailshop\",\"publisher\":{\"@id\":\"https:\/\/www.miomiorun.com\/de\/#organization\"},\"potentialAction\":[{\"@type\":\"SearchAction\",\"target\":{\"@type\":\"EntryPoint\",\"urlTemplate\":\"https:\/\/www.miomiorun.com\/de\/?s={search_term_string}\"},\"query-input\":{\"@type\":\"PropertyValueSpecification\",\"valueRequired\":true,\"valueName\":\"search_term_string\"}}],\"inLanguage\":\"de-DE\"},{\"@type\":\"Organization\",\"@id\":\"https:\/\/www.miomiorun.com\/de\/#organization\",\"name\":\"MioMio Run\",\"url\":\"https:\/\/www.miomiorun.com\/de\/\",\"logo\":{\"@type\":\"ImageObject\",\"inLanguage\":\"de-DE\",\"@id\":\"https:\/\/www.miomiorun.com\/de\/#\/schema\/logo\/image\/\",\"url\":\"https:\/\/www.miomiorun.com\/app\/uploads\/2019\/12\/logomio.png\",\"contentUrl\":\"https:\/\/www.miomiorun.com\/app\/uploads\/2019\/12\/logomio.png\",\"width\":115,\"height\":82,\"caption\":\"MioMio Run\"},\"image\":{\"@id\":\"https:\/\/www.miomiorun.com\/de\/#\/schema\/logo\/image\/\"},\"sameAs\":[\"https:\/\/www.facebook.com\/miomiorun\/\",\"https:\/\/www.instagram.com\/miomiorun\/\"]}]}<\/script>\n<!-- \/ Yoast SEO plugin. -->","yoast_head_json":{"title":"Craft Adv Essence Capri Tights 2 damen -3\/4-lange Leggings - MioMioRun","description":"Die ADV Essence Capri Tights 2 f\u00fcr Damen ist eine hochfunktionelle 3\/4-lange Trainingsleggings aus weichem, recyceltem Polyester-Jersey.","robots":{"index":"index","follow":"follow","max-snippet":"max-snippet:-1","max-image-preview":"max-image-preview:large","max-video-preview":"max-video-preview:-1"},"canonical":"https:\/\/www.miomiorun.com\/de\/produkt\/adv-essence-capri-tights-2-damen\/","og_locale":"de_DE","og_type":"article","og_title":"Craft Adv Essence Capri Tights 2 damen -3\/4-lange Leggings - MioMioRun","og_description":"Die ADV Essence Capri Tights 2 f\u00fcr Damen ist eine hochfunktionelle 3\/4-lange Trainingsleggings aus weichem, recyceltem Polyester-Jersey.","og_url":"https:\/\/www.miomiorun.com\/de\/produkt\/adv-essence-capri-tights-2-damen\/","og_site_name":"MioMioRun","article_publisher":"https:\/\/www.facebook.com\/miomiorun\/","article_modified_time":"2025-02-14T16:06:47+00:00","og_image":[{"width":600,"height":600,"url":"https:\/\/www.miomiorun.com\/app\/uploads\/2024\/04\/craft-ADV-essence-capri-tights-2-W-black-1913209-999000.webp","type":"image\/webp"}],"twitter_card":"summary_large_image","twitter_misc":{"Est. reading time":"2 minutes"},"schema":{"@context":"https:\/\/schema.org","@graph":[{"@type":"WebPage","@id":"https:\/\/www.miomiorun.com\/de\/produkt\/adv-essence-capri-tights-2-damen\/","url":"https:\/\/www.miomiorun.com\/de\/produkt\/adv-essence-capri-tights-2-damen\/","name":"Craft Adv Essence Capri Tights 2 damen -3\/4-lange Leggings - MioMioRun","isPartOf":{"@id":"https:\/\/www.miomiorun.com\/de\/#website"},"primaryImageOfPage":{"@id":"https:\/\/www.miomiorun.com\/de\/produkt\/adv-essence-capri-tights-2-damen\/#primaryimage"},"image":{"@id":"https:\/\/www.miomiorun.com\/de\/produkt\/adv-essence-capri-tights-2-damen\/#primaryimage"},"thumbnailUrl":"https:\/\/www.miomiorun.com\/app\/uploads\/2024\/04\/craft-ADV-essence-capri-tights-2-W-black-1913209-999000.webp","datePublished":"2024-04-16T13:18:07+00:00","dateModified":"2025-02-14T16:06:47+00:00","description":"Die ADV Essence Capri Tights 2 f\u00fcr Damen ist eine hochfunktionelle 3\/4-lange Trainingsleggings aus weichem, recyceltem Polyester-Jersey.","breadcrumb":{"@id":"https:\/\/www.miomiorun.com\/de\/produkt\/adv-essence-capri-tights-2-damen\/#breadcrumb"},"inLanguage":"de-DE","potentialAction":[{"@type":"ReadAction","target":["https:\/\/www.miomiorun.com\/de\/produkt\/adv-essence-capri-tights-2-damen\/"]}]},{"@type":"ImageObject","inLanguage":"de-DE","@id":"https:\/\/www.miomiorun.com\/de\/produkt\/adv-essence-capri-tights-2-damen\/#primaryimage","url":"https:\/\/www.miomiorun.com\/app\/uploads\/2024\/04\/craft-ADV-essence-capri-tights-2-W-black-1913209-999000.webp","contentUrl":"https:\/\/www.miomiorun.com\/app\/uploads\/2024\/04\/craft-ADV-essence-capri-tights-2-W-black-1913209-999000.webp","width":600,"height":600,"caption":"craft ADV essence capri tights 2 W black 1913209-999000"},{"@type":"BreadcrumbList","@id":"https:\/\/www.miomiorun.com\/de\/produkt\/adv-essence-capri-tights-2-damen\/#breadcrumb","itemListElement":[{"@type":"ListItem","position":1,"name":"Home","item":"https:\/\/www.miomiorun.com\/de\/"},{"@type":"ListItem","position":2,"name":"Shop","item":"https:\/\/www.miomiorun.com\/shop\/"},{"@type":"ListItem","position":3,"name":"Adv Essence Capri Tights 2 damen"}]},{"@type":"WebSite","@id":"https:\/\/www.miomiorun.com\/de\/#website","url":"https:\/\/www.miomiorun.com\/de\/","name":"MioMioRun","description":"100% Lauf- und Trailshop","publisher":{"@id":"https:\/\/www.miomiorun.com\/de\/#organization"},"potentialAction":[{"@type":"SearchAction","target":{"@type":"EntryPoint","urlTemplate":"https:\/\/www.miomiorun.com\/de\/?s={search_term_string}"},"query-input":{"@type":"PropertyValueSpecification","valueRequired":true,"valueName":"search_term_string"}}],"inLanguage":"de-DE"},{"@type":"Organization","@id":"https:\/\/www.miomiorun.com\/de\/#organization","name":"MioMio Run","url":"https:\/\/www.miomiorun.com\/de\/","logo":{"@type":"ImageObject","inLanguage":"de-DE","@id":"https:\/\/www.miomiorun.com\/de\/#\/schema\/logo\/image\/","url":"https:\/\/www.miomiorun.com\/app\/uploads\/2019\/12\/logomio.png","contentUrl":"https:\/\/www.miomiorun.com\/app\/uploads\/2019\/12\/logomio.png","width":115,"height":82,"caption":"MioMio Run"},"image":{"@id":"https:\/\/www.miomiorun.com\/de\/#\/schema\/logo\/image\/"},"sameAs":["https:\/\/www.facebook.com\/miomiorun\/","https:\/\/www.instagram.com\/miomiorun\/"]}]}},"_links":{"self":[{"href":"https:\/\/www.miomiorun.com\/de\/wp-json\/wp\/v2\/product\/166392","targetHints":{"allow":["GET"]}}],"collection":[{"href":"https:\/\/www.miomiorun.com\/de\/wp-json\/wp\/v2\/product"}],"about":[{"href":"https:\/\/www.miomiorun.com\/de\/wp-json\/wp\/v2\/types\/product"}],"wp:featuredmedia":[{"embeddable":true,"href":"https:\/\/www.miomiorun.com\/de\/wp-json\/wp\/v2\/media\/166505"}],"wp:attachment":[{"href":"https:\/\/www.miomiorun.com\/de\/wp-json\/wp\/v2\/media?parent=166392"}],"wp:term":[{"taxonomy":"product_brand","embeddable":true,"href":"https:\/\/www.miomiorun.com\/de\/wp-json\/wp\/v2\/product_brand?post=166392"},{"taxonomy":"product_cat","embeddable":true,"href":"https:\/\/www.miomiorun.com\/de\/wp-json\/wp\/v2\/product_cat?post=166392"},{"taxonomy":"product_tag","embeddable":true,"href":"https:\/\/www.miomiorun.com\/de\/wp-json\/wp\/v2\/product_tag?post=166392"}],"curies":[{"name":"wp","href":"https:\/\/api.w.org\/{rel}","templated":true}]}}