{"id":165716,"date":"2024-04-12T18:46:08","date_gmt":"2024-04-12T16:46:08","guid":{"rendered":"https:\/\/miomiorun.com\/?post_type=product&#038;p=165716"},"modified":"2025-04-11T19:45:54","modified_gmt":"2025-04-11T17:45:54","slug":"prodigio-damen","status":"publish","type":"product","link":"https:\/\/www.miomiorun.com\/de\/produkt\/prodigio-damen\/","title":{"rendered":"Prodigio damen"},"content":{"rendered":"<div class=\"vc-row container\"><div class=\"vc-column\"><div class=\"vc-column-text\">[port_content_box border_top_colour=&#8221;black&#8221; border_radius=&#8221;20&#8243; border_top_width=&#8221;3&#8243; align=&#8221;centre&#8221;]<\/p>\n<p><strong>Technische Daten<\/strong><\/p>\n<p>Kategorie: Strukturierte D\u00e4mpfung Versatz: 6 mm Gewicht: 270 g Ideal f\u00fcr: Traill\u00e4ufer, die einen Schuh mit hoher Leistung und Komfort suchen, auch auf langen und anspruchsvollen Strecken. Gewicht des Athleten: 50-70 kg Lauftempo: mittel (5-6 min\/km)<a href=\"https:\/\/miomiorun.com\/de\/leitfaden-fuer-technische-spezifikationen\/\">Spezifikation<\/a><\/p>\n<p>[\/port_content_box]<\/div><\/div><div class=\"vc-column\"><div class=\"vc-column-text\"><strong>Prodigio<\/strong>, der neue Damenschuh f\u00fcr die Welt des Trailrunning.<\/p>\n<p>Ein revolution\u00e4res Produkt von La Sportiva f\u00fcr die Ultra-Trail-Welt: Der neue <strong>XFLow\u2122-Schaumstoff<\/strong> wurde entwickelt, um maximale D\u00e4mpfung und Energier\u00fcckgabe zu garantieren &#8211; Kilometer f\u00fcr Kilometer.<\/p>\n<p>Jedes Detail wurde entwickelt, um die Bed\u00fcrfnisse der anspruchsvollsten Ultral\u00e4ufer zu erf\u00fcllen: die breite Zehenbox und das atmungsaktive Obermaterial sorgen f\u00fcr Komfort auch nach mehreren Stunden Laufen, die Wrapping System-Konstruktion und die perfekte Fersenergonomie sorgen f\u00fcr Stabilit\u00e4t und Schutz, w\u00e4hrend die Rocker-Geometrie einen fl\u00fcssigen und progressiven Schritt auf jedem Terrain betont.<\/p>\n<h3><b>Technologien:<\/b><\/h3>\n<p><a class=\"d-flex flex-column align-items-center text-center\"> <img loading=\"lazy\" decoding=\"async\" class=\"ls-is-cached lazyloaded\" src=\"https:\/\/www.lasportiva.com\/media\/techinfo_icons\/friction-red.png\" alt=\"La Sportiva\" width=\"75\" height=\"75\" data-src=\"https:\/\/www.lasportiva.com\/media\/techinfo_icons\/friction-red.png\" \/>\u00a0<\/a><\/p>\n<p>Die <strong>FriXion\u00ae-Mischungen von La Sportiva<\/strong> wurden mit dem Ziel entwickelt, Lauffl\u00e4chen mit unterschiedlichen Grip- und Strapazierf\u00e4higkeitsparametern zu schaffen, je nach Art der Nutzung und des Gel\u00e4ndes, auf dem die La Sportiva-Schuhe eingesetzt werden.<\/p>\n<p>&nbsp;<\/p>\n<p>&nbsp;<\/p>\n<p><a class=\"d-flex flex-column align-items-center text-center\"> <img loading=\"lazy\" decoding=\"async\" class=\"lazyloaded\" src=\"https:\/\/www.lasportiva.com\/media\/techinfo_icons\/o\/r\/ortholitehybridblu_75x75_1.png\" alt=\"La Sportiva\" width=\"75\" height=\"75\" data-src=\"https:\/\/www.lasportiva.com\/media\/techinfo_icons\/o\/r\/ortholitehybridblu_75x75_1.png\" \/> <\/a><\/p>\n<p>Die<strong> Modelle der Mountain Running\u00ae-Linie<\/strong> sind mit den exklusiven, umweltfreundlichen La Sportiva by<strong> OrthoLite\u00ae Hybrid-Einlegesohlen ausgestattet,<\/strong> die zu 20 % aus recycelten Materialien aus dem Produktionszyklus bestehen. Diese Einlegesohlen sind sowohl f\u00fcr den m\u00e4nnlichen als auch f\u00fcr den weiblichen Fu\u00df konzipiert und nehmen unterschiedliche Dicken und Materialien in Bezug auf das durchschnittliche Gewicht des Benutzers an.<\/p>\n<p>&nbsp;<\/p>\n<p>F<b>utter:<\/b> Abriebfestes, recyceltes Mesh Obermaterial<b>:<\/b> HT Light Mesh+ Wrapping Footcage<b>Laufsohle:<\/b> Bi-Compound FriXion\u00ae Red<\/p>\n<p>&nbsp;<\/p>\n<p><strong>Eigenschaften:<\/strong><\/p>\n<ul>\n<li>XFlow\u2122-Zwischensohle, superkritischer Schaumstoff mit superd\u00e4mpfender Wirkung und elastischer Energier\u00fcckgabe.<\/li>\n<li>Abrollen und Stabilit\u00e4t werden durch den Progressive Rocker und das breite Fu\u00dfbett erleichtert.<\/li>\n<li>Wrapping-System-Konstruktion, die den Fu\u00df gut umschlie\u00dft und festh\u00e4lt, so dass er nicht in den Schuh hineinrutschen kann.<\/li>\n<li>Atmungsaktives Mesh-Obermaterial f\u00fcr schnelles Trocknen und um den Fu\u00df vor \u00dcberhitzung zu sch\u00fctzen.<\/li>\n<\/ul>\n<p><\/div><\/div><\/div>\n","protected":false},"excerpt":{"rendered":"<ul>\n<li style=\"list-style-type: none;\">\n<ul>\n<li>Laufschuh f\u00fcr die Ultra-Trail-Welt.<\/li>\n<li>Ausgezeichnete D\u00e4mpfung.<\/li>\n<\/ul>\n<\/li>\n<\/ul>\n","protected":false},"featured_media":166112,"template":"","meta":{"_acf_changed":false,"inline_featured_image":false},"product_brand":[],"product_cat":[6501,6536],"product_tag":[6248,6220],"class_list":{"0":"post-165716","1":"product","2":"type-product","3":"status-publish","4":"has-post-thumbnail","6":"product_cat-sale-damen-schuhe-de","7":"product_cat-sale-damen-trail-de","8":"product_tag-la-sportiva-de","9":"product_tag-la-sportiva-damen-de","10":"pa_attivita-outdoor-de","11":"pa_attivita-trail-de","12":"pa_colore-prodigio-w-carbon-juniper-de","13":"pa_colore-prodigio-w-hibiscus-malibu-blue-de","14":"pa_colore-prodigio-w-mineral-carbon","15":"pa_colore-prodigio-w-savana-night-sky-de","16":"pa_colore-prodigio-w-stone-blue-moonlight-de","17":"pa_colore-prodigio-w-zest-moonlight-de","18":"pa_marca-la-sportiva-de","19":"pa_sesso-damen","20":"pa_size-37-de","21":"pa_size-37-5-de","22":"pa_size-38-de","23":"pa_size-38-5-de","24":"pa_size-39-de","25":"pa_size-39-5-de","26":"pa_size-40-de","27":"pa_size-40-5-de","28":"pa_size-41-de","29":"pa_size-41-5-de","30":"pa_size-42-de","32":"first","33":"instock","34":"sale","35":"taxable","36":"shipping-taxable","37":"purchasable","38":"product-type-variable","39":"wvs-archive-product-wrapper"},"acf":[],"yoast_head":"<!-- This site is optimized with the Yoast SEO plugin v26.8 - https:\/\/yoast.com\/product\/yoast-seo-wordpress\/ -->\n<title>La Sportiva Prodigio damen - Damen-Trailschuh - MioMioRun.com<\/title>\n<meta name=\"description\" content=\"Prodigio, der neue Damenschuh f\u00fcr die Welt des Trailrunning, ein revolution\u00e4res Produkt von La Sportiva f\u00fcr die Welt des Ultra Trail.\" \/>\n<meta name=\"robots\" content=\"index, follow, max-snippet:-1, max-image-preview:large, max-video-preview:-1\" \/>\n<link rel=\"canonical\" href=\"https:\/\/www.miomiorun.com\/de\/produkt\/prodigio-damen\/\" \/>\n<meta property=\"og:locale\" content=\"de_DE\" \/>\n<meta property=\"og:type\" content=\"article\" \/>\n<meta property=\"og:title\" content=\"La Sportiva Prodigio damen - Damen-Trailschuh - MioMioRun.com\" \/>\n<meta property=\"og:description\" content=\"Prodigio, der neue Damenschuh f\u00fcr die Welt des Trailrunning, ein revolution\u00e4res Produkt von La Sportiva f\u00fcr die Welt des Ultra Trail.\" \/>\n<meta property=\"og:url\" content=\"https:\/\/www.miomiorun.com\/de\/produkt\/prodigio-damen\/\" \/>\n<meta property=\"og:site_name\" content=\"MioMioRun\" \/>\n<meta property=\"article:publisher\" content=\"https:\/\/www.facebook.com\/miomiorun\/\" \/>\n<meta property=\"article:modified_time\" content=\"2025-04-11T17:45:54+00:00\" \/>\n<meta property=\"og:image\" content=\"https:\/\/www.miomiorun.com\/app\/uploads\/2024\/04\/La-Sportiva-Prodigio-W-hibiscus-malibu-blue-56R402602.webp\" \/>\n\t<meta property=\"og:image:width\" content=\"600\" \/>\n\t<meta property=\"og:image:height\" content=\"600\" \/>\n\t<meta property=\"og:image:type\" content=\"image\/webp\" \/>\n<meta name=\"twitter:card\" content=\"summary_large_image\" \/>\n<meta name=\"twitter:label1\" content=\"Est. reading time\" \/>\n\t<meta name=\"twitter:data1\" content=\"2 minutes\" \/>\n<script type=\"application\/ld+json\" class=\"yoast-schema-graph\">{\"@context\":\"https:\/\/schema.org\",\"@graph\":[{\"@type\":\"WebPage\",\"@id\":\"https:\/\/www.miomiorun.com\/de\/produkt\/prodigio-damen\/\",\"url\":\"https:\/\/www.miomiorun.com\/de\/produkt\/prodigio-damen\/\",\"name\":\"La Sportiva Prodigio damen - Damen-Trailschuh - MioMioRun.com\",\"isPartOf\":{\"@id\":\"https:\/\/www.miomiorun.com\/de\/#website\"},\"primaryImageOfPage\":{\"@id\":\"https:\/\/www.miomiorun.com\/de\/produkt\/prodigio-damen\/#primaryimage\"},\"image\":{\"@id\":\"https:\/\/www.miomiorun.com\/de\/produkt\/prodigio-damen\/#primaryimage\"},\"thumbnailUrl\":\"https:\/\/www.miomiorun.com\/app\/uploads\/2024\/04\/La-Sportiva-Prodigio-W-hibiscus-malibu-blue-56R402602.webp\",\"datePublished\":\"2024-04-12T16:46:08+00:00\",\"dateModified\":\"2025-04-11T17:45:54+00:00\",\"description\":\"Prodigio, der neue Damenschuh f\u00fcr die Welt des Trailrunning, ein revolution\u00e4res Produkt von La Sportiva f\u00fcr die Welt des Ultra Trail.\",\"breadcrumb\":{\"@id\":\"https:\/\/www.miomiorun.com\/de\/produkt\/prodigio-damen\/#breadcrumb\"},\"inLanguage\":\"de-DE\",\"potentialAction\":[{\"@type\":\"ReadAction\",\"target\":[\"https:\/\/www.miomiorun.com\/de\/produkt\/prodigio-damen\/\"]}]},{\"@type\":\"ImageObject\",\"inLanguage\":\"de-DE\",\"@id\":\"https:\/\/www.miomiorun.com\/de\/produkt\/prodigio-damen\/#primaryimage\",\"url\":\"https:\/\/www.miomiorun.com\/app\/uploads\/2024\/04\/La-Sportiva-Prodigio-W-hibiscus-malibu-blue-56R402602.webp\",\"contentUrl\":\"https:\/\/www.miomiorun.com\/app\/uploads\/2024\/04\/La-Sportiva-Prodigio-W-hibiscus-malibu-blue-56R402602.webp\",\"width\":600,\"height\":600,\"caption\":\"La Sportiva Prodigio W hibiscus malibu blue 56R402602\"},{\"@type\":\"BreadcrumbList\",\"@id\":\"https:\/\/www.miomiorun.com\/de\/produkt\/prodigio-damen\/#breadcrumb\",\"itemListElement\":[{\"@type\":\"ListItem\",\"position\":1,\"name\":\"Home\",\"item\":\"https:\/\/www.miomiorun.com\/de\/\"},{\"@type\":\"ListItem\",\"position\":2,\"name\":\"Shop\",\"item\":\"https:\/\/www.miomiorun.com\/shop\/\"},{\"@type\":\"ListItem\",\"position\":3,\"name\":\"Prodigio damen\"}]},{\"@type\":\"WebSite\",\"@id\":\"https:\/\/www.miomiorun.com\/de\/#website\",\"url\":\"https:\/\/www.miomiorun.com\/de\/\",\"name\":\"MioMioRun\",\"description\":\"100% Lauf- und Trailshop\",\"publisher\":{\"@id\":\"https:\/\/www.miomiorun.com\/de\/#organization\"},\"potentialAction\":[{\"@type\":\"SearchAction\",\"target\":{\"@type\":\"EntryPoint\",\"urlTemplate\":\"https:\/\/www.miomiorun.com\/de\/?s={search_term_string}\"},\"query-input\":{\"@type\":\"PropertyValueSpecification\",\"valueRequired\":true,\"valueName\":\"search_term_string\"}}],\"inLanguage\":\"de-DE\"},{\"@type\":\"Organization\",\"@id\":\"https:\/\/www.miomiorun.com\/de\/#organization\",\"name\":\"MioMio Run\",\"url\":\"https:\/\/www.miomiorun.com\/de\/\",\"logo\":{\"@type\":\"ImageObject\",\"inLanguage\":\"de-DE\",\"@id\":\"https:\/\/www.miomiorun.com\/de\/#\/schema\/logo\/image\/\",\"url\":\"https:\/\/www.miomiorun.com\/app\/uploads\/2019\/12\/logomio.png\",\"contentUrl\":\"https:\/\/www.miomiorun.com\/app\/uploads\/2019\/12\/logomio.png\",\"width\":115,\"height\":82,\"caption\":\"MioMio Run\"},\"image\":{\"@id\":\"https:\/\/www.miomiorun.com\/de\/#\/schema\/logo\/image\/\"},\"sameAs\":[\"https:\/\/www.facebook.com\/miomiorun\/\",\"https:\/\/www.instagram.com\/miomiorun\/\"]}]}<\/script>\n<!-- \/ Yoast SEO plugin. -->","yoast_head_json":{"title":"La Sportiva Prodigio damen - Damen-Trailschuh - MioMioRun.com","description":"Prodigio, der neue Damenschuh f\u00fcr die Welt des Trailrunning, ein revolution\u00e4res Produkt von La Sportiva f\u00fcr die Welt des Ultra Trail.","robots":{"index":"index","follow":"follow","max-snippet":"max-snippet:-1","max-image-preview":"max-image-preview:large","max-video-preview":"max-video-preview:-1"},"canonical":"https:\/\/www.miomiorun.com\/de\/produkt\/prodigio-damen\/","og_locale":"de_DE","og_type":"article","og_title":"La Sportiva Prodigio damen - Damen-Trailschuh - MioMioRun.com","og_description":"Prodigio, der neue Damenschuh f\u00fcr die Welt des Trailrunning, ein revolution\u00e4res Produkt von La Sportiva f\u00fcr die Welt des Ultra Trail.","og_url":"https:\/\/www.miomiorun.com\/de\/produkt\/prodigio-damen\/","og_site_name":"MioMioRun","article_publisher":"https:\/\/www.facebook.com\/miomiorun\/","article_modified_time":"2025-04-11T17:45:54+00:00","og_image":[{"width":600,"height":600,"url":"https:\/\/www.miomiorun.com\/app\/uploads\/2024\/04\/La-Sportiva-Prodigio-W-hibiscus-malibu-blue-56R402602.webp","type":"image\/webp"}],"twitter_card":"summary_large_image","twitter_misc":{"Est. reading time":"2 minutes"},"schema":{"@context":"https:\/\/schema.org","@graph":[{"@type":"WebPage","@id":"https:\/\/www.miomiorun.com\/de\/produkt\/prodigio-damen\/","url":"https:\/\/www.miomiorun.com\/de\/produkt\/prodigio-damen\/","name":"La Sportiva Prodigio damen - Damen-Trailschuh - MioMioRun.com","isPartOf":{"@id":"https:\/\/www.miomiorun.com\/de\/#website"},"primaryImageOfPage":{"@id":"https:\/\/www.miomiorun.com\/de\/produkt\/prodigio-damen\/#primaryimage"},"image":{"@id":"https:\/\/www.miomiorun.com\/de\/produkt\/prodigio-damen\/#primaryimage"},"thumbnailUrl":"https:\/\/www.miomiorun.com\/app\/uploads\/2024\/04\/La-Sportiva-Prodigio-W-hibiscus-malibu-blue-56R402602.webp","datePublished":"2024-04-12T16:46:08+00:00","dateModified":"2025-04-11T17:45:54+00:00","description":"Prodigio, der neue Damenschuh f\u00fcr die Welt des Trailrunning, ein revolution\u00e4res Produkt von La Sportiva f\u00fcr die Welt des Ultra Trail.","breadcrumb":{"@id":"https:\/\/www.miomiorun.com\/de\/produkt\/prodigio-damen\/#breadcrumb"},"inLanguage":"de-DE","potentialAction":[{"@type":"ReadAction","target":["https:\/\/www.miomiorun.com\/de\/produkt\/prodigio-damen\/"]}]},{"@type":"ImageObject","inLanguage":"de-DE","@id":"https:\/\/www.miomiorun.com\/de\/produkt\/prodigio-damen\/#primaryimage","url":"https:\/\/www.miomiorun.com\/app\/uploads\/2024\/04\/La-Sportiva-Prodigio-W-hibiscus-malibu-blue-56R402602.webp","contentUrl":"https:\/\/www.miomiorun.com\/app\/uploads\/2024\/04\/La-Sportiva-Prodigio-W-hibiscus-malibu-blue-56R402602.webp","width":600,"height":600,"caption":"La Sportiva Prodigio W hibiscus malibu blue 56R402602"},{"@type":"BreadcrumbList","@id":"https:\/\/www.miomiorun.com\/de\/produkt\/prodigio-damen\/#breadcrumb","itemListElement":[{"@type":"ListItem","position":1,"name":"Home","item":"https:\/\/www.miomiorun.com\/de\/"},{"@type":"ListItem","position":2,"name":"Shop","item":"https:\/\/www.miomiorun.com\/shop\/"},{"@type":"ListItem","position":3,"name":"Prodigio damen"}]},{"@type":"WebSite","@id":"https:\/\/www.miomiorun.com\/de\/#website","url":"https:\/\/www.miomiorun.com\/de\/","name":"MioMioRun","description":"100% Lauf- und Trailshop","publisher":{"@id":"https:\/\/www.miomiorun.com\/de\/#organization"},"potentialAction":[{"@type":"SearchAction","target":{"@type":"EntryPoint","urlTemplate":"https:\/\/www.miomiorun.com\/de\/?s={search_term_string}"},"query-input":{"@type":"PropertyValueSpecification","valueRequired":true,"valueName":"search_term_string"}}],"inLanguage":"de-DE"},{"@type":"Organization","@id":"https:\/\/www.miomiorun.com\/de\/#organization","name":"MioMio Run","url":"https:\/\/www.miomiorun.com\/de\/","logo":{"@type":"ImageObject","inLanguage":"de-DE","@id":"https:\/\/www.miomiorun.com\/de\/#\/schema\/logo\/image\/","url":"https:\/\/www.miomiorun.com\/app\/uploads\/2019\/12\/logomio.png","contentUrl":"https:\/\/www.miomiorun.com\/app\/uploads\/2019\/12\/logomio.png","width":115,"height":82,"caption":"MioMio Run"},"image":{"@id":"https:\/\/www.miomiorun.com\/de\/#\/schema\/logo\/image\/"},"sameAs":["https:\/\/www.facebook.com\/miomiorun\/","https:\/\/www.instagram.com\/miomiorun\/"]}]}},"_links":{"self":[{"href":"https:\/\/www.miomiorun.com\/de\/wp-json\/wp\/v2\/product\/165716","targetHints":{"allow":["GET"]}}],"collection":[{"href":"https:\/\/www.miomiorun.com\/de\/wp-json\/wp\/v2\/product"}],"about":[{"href":"https:\/\/www.miomiorun.com\/de\/wp-json\/wp\/v2\/types\/product"}],"wp:featuredmedia":[{"embeddable":true,"href":"https:\/\/www.miomiorun.com\/de\/wp-json\/wp\/v2\/media\/166112"}],"wp:attachment":[{"href":"https:\/\/www.miomiorun.com\/de\/wp-json\/wp\/v2\/media?parent=165716"}],"wp:term":[{"taxonomy":"product_brand","embeddable":true,"href":"https:\/\/www.miomiorun.com\/de\/wp-json\/wp\/v2\/product_brand?post=165716"},{"taxonomy":"product_cat","embeddable":true,"href":"https:\/\/www.miomiorun.com\/de\/wp-json\/wp\/v2\/product_cat?post=165716"},{"taxonomy":"product_tag","embeddable":true,"href":"https:\/\/www.miomiorun.com\/de\/wp-json\/wp\/v2\/product_tag?post=165716"}],"curies":[{"name":"wp","href":"https:\/\/api.w.org\/{rel}","templated":true}]}}